{"id":7381,"date":"2024-05-28T18:22:19","date_gmt":"2024-05-28T10:22:19","guid":{"rendered":"http:\/\/qingdaohf.com\/?post_type=product&#038;p=7381"},"modified":"2025-11-13T09:03:16","modified_gmt":"2025-11-13T01:03:16","slug":"concrete-wall-snap-ties","status":"publish","type":"product","link":"https:\/\/qingdaohf.com\/tr\/urun\/beton-duvar-citcitlari\/","title":{"rendered":"Beton Duvar \u00c7\u0131t\u00e7\u0131tlar\u0131"},"content":{"rendered":"<p>Beton Duvar \u00c7\u0131t\u00e7\u0131tlar\u0131, beton duvarlar\u0131n olu\u015fturulmas\u0131nda temel bile\u015fenlerdir ve d\u00f6kme ve yerle\u015ftirme i\u015flemi s\u0131ras\u0131nda gerekli destek ve stabiliteyi sa\u011flar. \u00c7\u0131t\u00e7\u0131tl\u0131 ba\u011flar\u0131m\u0131z g\u00fcvenilirlik ve kullan\u0131m kolayl\u0131\u011f\u0131 i\u00e7in tasarlanm\u0131\u015ft\u0131r ve in\u015faat projelerinizin verimli ve en y\u00fcksek standartlarda tamamlanmas\u0131n\u0131 sa\u011flar.<\/p>\n<h4>\u00dcr\u00fcn Varyasyonlar\u0131<\/h4>\n<p>Beton Duvar Ge\u00e7me Ba\u011flar\u0131m\u0131z uzunluklar\u0131na ve t\u00fcrlerine g\u00f6re kategorize edilir:<\/p>\n<p><strong>4-3\/4\u2033 K\u0131sa U\u00e7<\/strong><\/p>\n<p><strong>8-1\/4\u2033 Uzun U\u00e7<\/strong><\/p>\n<p>Ayr\u0131ca, iki konfig\u00fcrasyonda mevcutturlar:<\/p>\n<p><strong>Pullu \u00c7\u0131t\u00e7\u0131tl\u0131 Ba\u011flar<\/strong><\/p>\n<p>&nbsp;<\/p>\n<p><strong>Plastik Konili \u00c7\u0131t\u00e7\u0131tl\u0131 Ba\u011flar<\/strong><\/p>\n<p><img fetchpriority=\"high\" decoding=\"async\" class=\"alignnone size-full wp-image-1676\" src=\"http:\/\/qingdaohf.com\/wp-content\/uploads\/2023\/01\/snap-tie-4.webp\" alt=\"\u00e7\u0131t\u00e7\u0131tl\u0131 kravat\" width=\"800\" height=\"800\" srcset=\"https:\/\/qingdaohf.com\/wp-content\/uploads\/2023\/01\/snap-tie-4.webp 800w, https:\/\/qingdaohf.com\/wp-content\/uploads\/2023\/01\/snap-tie-4-500x500.webp 500w, https:\/\/qingdaohf.com\/wp-content\/uploads\/2023\/01\/snap-tie-4-100x100.webp 100w, https:\/\/qingdaohf.com\/wp-content\/uploads\/2023\/01\/snap-tie-4-300x300.webp 300w, https:\/\/qingdaohf.com\/wp-content\/uploads\/2023\/01\/snap-tie-4-150x150.webp 150w, https:\/\/qingdaohf.com\/wp-content\/uploads\/2023\/01\/snap-tie-4-768x768.webp 768w, https:\/\/qingdaohf.com\/wp-content\/uploads\/2023\/01\/snap-tie-4-600x600.webp 600w, https:\/\/qingdaohf.com\/wp-content\/uploads\/2023\/01\/snap-tie-4-50x50.webp 50w\" sizes=\"(max-width: 800px) 100vw, 800px\" \/><\/p>\n<h4>Temel \u00d6zellikler<\/h4>\n<p><strong>Dayan\u0131kl\u0131l\u0131k<\/strong>: Y\u00fcksek kaliteli \u00e7elikten \u00fcretilen \u00e7\u0131t\u00e7\u0131tl\u0131 ba\u011flar\u0131m\u0131z, beton duvarlar\u0131n\u0131z\u0131n b\u00fct\u00fcnl\u00fc\u011f\u00fcn\u00fc sa\u011flamak i\u00e7in \u00f6nemli bas\u0131nca dayanacak \u015fekilde tasarlanm\u0131\u015ft\u0131r.<\/p>\n<p><strong>\u00c7ok Y\u00f6nl\u00fcl\u00fck<\/strong>: \u00c7e\u015fitli duvar kal\u0131nl\u0131klar\u0131 ve yap\u0131 gereksinimleri i\u00e7in uygundur, kullan\u0131mda esneklik sunar.<\/p>\n<p><strong>Kullan\u0131m Kolayl\u0131\u011f\u0131<\/strong>: Ge\u00e7meli ba\u011f tasar\u0131m\u0131, kal\u0131p s\u00fcrecini basitle\u015ftirerek kurulumu ve s\u00f6k\u00fcm\u00fc daha h\u0131zl\u0131 ve verimli hale getirir.<\/p>\n<p><strong>G\u00fcvenli Uyum<\/strong>: Hem pul hem de plastik koni varyasyonlar\u0131 g\u00fcvenli bir uyum sa\u011flayarak beton s\u0131z\u0131nt\u0131s\u0131n\u0131 \u00f6nler ve p\u00fcr\u00fczs\u00fcz bir y\u00fczey sa\u011flar.<\/p>\n<h4>Detayl\u0131 A\u00e7\u0131klamalar<\/h4>\n<p><strong>4-3\/4\u2033 K\u0131sa U\u00e7lu \u00c7\u0131t\u00e7\u0131tl\u0131 Ba\u011flar<\/strong> Bu ba\u011flar daha k\u0131sa a\u00e7\u0131kl\u0131k gerektiren projeler i\u00e7in idealdir. K\u0131sa u\u00e7lu tasar\u0131m, s\u0131k\u0131, kompakt duvarlar olu\u015fturmak i\u00e7in m\u00fckemmeldir, tam oturmas\u0131n\u0131 sa\u011flar ve k\u00fcrleme i\u015flemi s\u0131ras\u0131nda hareket riskini en aza indirir.<\/p>\n<p><strong>8-1\/4\u2033 Uzun U\u00e7lu \u00c7\u0131t\u00e7\u0131tl\u0131 Ba\u011flar<\/strong> Daha b\u00fcy\u00fck projeler i\u00e7in tasarlanan uzun u\u00e7lu \u00e7\u0131t\u00e7\u0131tl\u0131 ba\u011flar, daha kal\u0131n duvarlar i\u00e7in daha uzun eri\u015fim ve destek sunar. Bu varyasyon, daha geni\u015f b\u00f6l\u00fcmlerde kal\u0131p stabilitesini korumak i\u00e7in gerekli uzunlu\u011fu sa\u011flayarak \u00f6nemli yap\u0131lar i\u00e7in m\u00fckemmeldir.<\/p>\n<p><strong>Pullu \u00c7\u0131t\u00e7\u0131tl\u0131 Ba\u011flar<\/strong> Pul konfig\u00fcrasyonu ekstra bir stabilite ve destek katman\u0131 ekleyerek \u00e7\u0131t\u00e7\u0131tl\u0131 ba\u011f\u0131n d\u00f6kme i\u015flemi s\u0131ras\u0131nda s\u0131k\u0131ca yerinde kalmas\u0131n\u0131 sa\u011flar. Bu se\u00e7enek \u00f6zellikle ek takviyenin gerekli oldu\u011fu y\u00fcksek bas\u0131n\u00e7l\u0131 ortamlarda kullan\u0131\u015fl\u0131d\u0131r.<\/p>\n<p><strong>Plastik Konili \u00c7\u0131t\u00e7\u0131tl\u0131 Ba\u011flar<\/strong> Plastik koni varyasyonu verimli ve yeniden kullan\u0131labilir bir se\u00e7enek sunarak beton prizini ald\u0131ktan sonra kolayca \u00e7\u0131kar\u0131lmas\u0131n\u0131 sa\u011flar. Koni, d\u00fczg\u00fcn, bitmi\u015f bir g\u00f6r\u00fcn\u00fcm olu\u015fturmaya yard\u0131mc\u0131 olarak ek bitirme i\u015fi ihtiyac\u0131n\u0131 azalt\u0131r.<\/p>\n<h4>Uygulamalar<\/h4>\n<p>Beton Duvar \u00c7\u0131t\u00e7\u0131tlar\u0131, a\u015fa\u011f\u0131dakiler de dahil olmak \u00fczere \u00e7e\u015fitli in\u015faat projelerinde kullan\u0131l\u0131r:<\/p>\n<p>Konut temelleri<\/p>\n<p>Ticari bina duvarlar\u0131<\/p>\n<p>\u0130stinat duvarlar\u0131<\/p>\n<p>Bodrumlar<\/p>\n<p>K\u00f6pr\u00fc in\u015faat\u0131<\/p>\n<p>Hassas ve sa\u011flam beton yap\u0131lar elde etmeyi ama\u00e7layan m\u00fcteahhitler ve in\u015faat\u00e7\u0131lar i\u00e7in vazge\u00e7ilmez bir ara\u00e7t\u0131r.<\/p>\n<h4>Avantajlar<\/h4>\n<p><strong>Zaman Verimlili\u011fi<\/strong>: H\u0131zl\u0131 tak\u0131l\u0131p \u00e7\u0131kar\u0131labilen \u00e7\u0131t\u00e7\u0131tl\u0131 ba\u011flarla in\u015faat s\u00fcrecinizi kolayla\u015ft\u0131r\u0131n, i\u015f\u00e7ilik maliyetlerini ve proje zaman \u00e7izelgelerini azalt\u0131n.<\/p>\n<p><strong>Uygun Maliyetli<\/strong>: Yeniden kullan\u0131labilir ve dayan\u0131kl\u0131 olan bu \u00e7\u0131t\u00e7\u0131tl\u0131 ba\u011flar, birden fazla proje i\u00e7in uygun maliyetli bir \u00e7\u00f6z\u00fcm sunar.<\/p>\n<p><strong>Y\u00fcksek Performans<\/strong>: Tutarl\u0131 destek ve g\u00fcvenilirlik sa\u011flayan \u00e7\u0131t\u00e7\u0131tl\u0131 ba\u011flar ile beton duvarlar\u0131n en y\u00fcksek kalitede olmas\u0131n\u0131 sa\u011flay\u0131n.<\/p>\n<h4>Kurulum K\u0131lavuzu<\/h4>\n<p><strong>Kal\u0131p Haz\u0131rlama<\/strong>: Kal\u0131b\u0131n\u0131z\u0131 proje \u00f6zelliklerine g\u00f6re kurun.<\/p>\n<p><strong>\u00c7\u0131t\u00e7\u0131tl\u0131 Ba\u011flar\u0131 Tak\u0131n<\/strong>: \u00c7\u0131t\u00e7\u0131tlar\u0131 kal\u0131p boyunca gerekli aral\u0131klarla yerle\u015ftirin.<\/p>\n<p><strong>G\u00fcvenli Ba\u011flar<\/strong>: Varyasyona ba\u011fl\u0131 olarak, ba\u011flar\u0131 pullarla veya plastik konilerle sabitleyin.<\/p>\n<p><strong>Beton D\u00f6kmek<\/strong>: Betonu dikkatlice d\u00f6k\u00fcn ve \u00e7\u0131t\u00e7\u0131tlar\u0131n etraf\u0131ndan e\u015fit \u015fekilde akmas\u0131n\u0131 sa\u011flay\u0131n.<\/p>\n<p><strong>Ayarlamaya \u0130zin Ver<\/strong>: Betonun proje y\u00f6nergelerine g\u00f6re k\u00fcrlenmesine izin verin.<\/p>\n<p><strong>Kal\u0131plar\u0131 S\u00f6kme<\/strong>: Beton sertle\u015ftikten sonra kal\u0131b\u0131 \u00e7\u0131kar\u0131n ve ba\u011flar\u0131n a\u00e7\u0131kta kalan u\u00e7lar\u0131n\u0131 kopar\u0131n.<\/p>\n<h4>Bak\u0131m ve Depolama<\/h4>\n<p><strong>Temizlik<\/strong>: Her kullan\u0131mdan sonra, beton kal\u0131nt\u0131lar\u0131n\u0131 gidermek i\u00e7in \u00e7\u0131t\u00e7\u0131tlar\u0131 temizleyin.<\/p>\n<p><strong>Tefti\u015f<\/strong>: \u00c7\u0131t\u00e7\u0131tl\u0131 ba\u011flar\u0131 herhangi bir a\u015f\u0131nma veya hasar belirtisi a\u00e7\u0131s\u0131ndan d\u00fczenli olarak inceleyin.<\/p>\n<p><strong>Depolama<\/strong>: Paslanmay\u0131 \u00f6nlemek ve kullan\u0131m \u00f6mr\u00fcn\u00fc uzatmak i\u00e7in kuru ve serin bir yerde saklay\u0131n.<\/p>\n<h4>Neden \u00c7\u0131t\u00e7\u0131tl\u0131 Ba\u011flar\u0131m\u0131z\u0131 Se\u00e7melisiniz?<\/h4>\n<p>Beton Duvar \u00c7\u0131t\u00e7\u0131t Ba\u011flar\u0131m\u0131z hassasiyetle tasarlanm\u0131\u015f ve en y\u00fcksek standartlarda \u00fcretilmi\u015ftir. Dayan\u0131kl\u0131l\u0131k, verimlilik ve performansa odaklanan \u00e7\u0131t\u00e7\u0131tl\u0131 ba\u011flar\u0131m\u0131z, profesyonel in\u015faat\u00e7\u0131lar ve y\u00fckleniciler i\u00e7in tercih edilen bir se\u00e7enektir. Bir sonraki in\u015faat projeniz i\u00e7in uzmanl\u0131\u011f\u0131m\u0131za ve kaliteye olan ba\u011fl\u0131l\u0131\u011f\u0131m\u0131za g\u00fcvenin.<\/p>","protected":false},"excerpt":{"rendered":"<p>Birinci s\u0131n\u0131f Beton Duvar \u00c7\u0131t\u00e7\u0131tl\u0131 Ba\u011flar\u0131m\u0131z ile beton duvarlar\u0131n\u0131z\u0131n g\u00fcc\u00fcn\u00fc ve sa\u011flaml\u0131\u011f\u0131n\u0131 art\u0131r\u0131n. 4-3\/4\u2033 k\u0131sa u\u00e7lu ve 8-1\/4\u2033 uzun u\u00e7lu \u00e7e\u015fitleri bulunan bu \u00e7\u0131t\u00e7\u0131tl\u0131 ba\u011flar iki konfig\u00fcrasyonda sunulur: pullu ve plastik konili, g\u00fcvenli ve verimli bir in\u015faat s\u00fcreci sa\u011flar.<\/p>","protected":false},"featured_media":2947,"comment_status":"open","ping_status":"closed","template":"","meta":{"site-sidebar-layout":"default","site-content-layout":"","ast-site-content-layout":"default","site-content-style":"default","site-sidebar-style":"default","ast-global-header-display":"","ast-banner-title-visibility":"","ast-main-header-display":"","ast-hfb-above-header-display":"","ast-hfb-below-header-display":"","ast-hfb-mobile-header-display":"","site-post-title":"","ast-breadcrumbs-content":"","ast-featured-img":"","footer-sml-layout":"","theme-transparent-header-meta":"default","adv-header-id-meta":"","stick-header-meta":"default","header-above-stick-meta":"","header-main-stick-meta":"","header-below-stick-meta":"","astra-migrate-meta-layouts":"set","ast-page-background-enabled":"default","ast-page-background-meta":{"desktop":{"background-color":"","background-image":"","background-repeat":"repeat","background-position":"center center","background-size":"auto","background-attachment":"scroll","background-type":"","background-media":"","overlay-type":"","overlay-color":"","overlay-opacity":"","overlay-gradient":""},"tablet":{"background-color":"","background-image":"","background-repeat":"repeat","background-position":"center center","background-size":"auto","background-attachment":"scroll","background-type":"","background-media":"","overlay-type":"","overlay-color":"","overlay-opacity":"","overlay-gradient":""},"mobile":{"background-color":"","background-image":"","background-repeat":"repeat","background-position":"center center","background-size":"auto","background-attachment":"scroll","background-type":"","background-media":"","overlay-type":"","overlay-color":"","overlay-opacity":"","overlay-gradient":""}},"ast-content-background-meta":{"desktop":{"background-color":"var(--ast-global-color-5)","background-image":"","background-repeat":"repeat","background-position":"center center","background-size":"auto","background-attachment":"scroll","background-type":"","background-media":"","overlay-type":"","overlay-color":"","overlay-opacity":"","overlay-gradient":""},"tablet":{"background-color":"var(--ast-global-color-5)","background-image":"","background-repeat":"repeat","background-position":"center center","background-size":"auto","background-attachment":"scroll","background-type":"","background-media":"","overlay-type":"","overlay-color":"","overlay-opacity":"","overlay-gradient":""},"mobile":{"background-color":"var(--ast-global-color-5)","background-image":"","background-repeat":"repeat","background-position":"center center","background-size":"auto","background-attachment":"scroll","background-type":"","background-media":"","overlay-type":"","overlay-color":"","overlay-opacity":"","overlay-gradient":""}}},"product_brand":[],"product_cat":[63],"product_tag":[],"class_list":{"0":"post-7381","1":"product","2":"type-product","3":"status-publish","4":"has-post-thumbnail","6":"product_cat-concrete-snap-tie","7":"desktop-align-left","8":"tablet-align-left","9":"mobile-align-left","10":"ast-product-gallery-layout-horizontal-slider","11":"ast-product-tabs-layout-horizontal","13":"first","14":"instock","15":"shipping-taxable","16":"purchasable","17":"product-type-simple"},"yoast_head":"<!-- This site is optimized with the Yoast SEO plugin v25.2 - https:\/\/yoast.com\/wordpress\/plugins\/seo\/ -->\n<title>Concrete Wall Snap Ties<\/title>\n<meta name=\"description\" content=\"Enhance the strength and stability of your concrete walls with our premium Concrete Wall Snap Ties. Available in 4-3\/4&quot; short end and 8-1\/4&quot; long end.\" \/>\n<meta name=\"robots\" content=\"index, follow, max-snippet:-1, max-image-preview:large, max-video-preview:-1\" \/>\n<link rel=\"canonical\" href=\"https:\/\/qingdaohf.com\/tr\/urun\/beton-duvar-citcitlari\/\" \/>\n<meta property=\"og:locale\" content=\"tr_TR\" \/>\n<meta property=\"og:type\" content=\"article\" \/>\n<meta property=\"og:title\" content=\"Concrete Wall Snap Ties\" \/>\n<meta property=\"og:description\" content=\"Enhance the strength and stability of your concrete walls with our premium Concrete Wall Snap Ties. Available in 4-3\/4&quot; short end and 8-1\/4&quot; long end.\" \/>\n<meta property=\"og:url\" content=\"https:\/\/qingdaohf.com\/tr\/urun\/beton-duvar-citcitlari\/\" \/>\n<meta property=\"og:site_name\" content=\"Concrete Form &amp; Rigging Hardware Supplier\" \/>\n<meta property=\"article:publisher\" content=\"https:\/\/www.facebook.com\/qingdaohf\" \/>\n<meta property=\"article:modified_time\" content=\"2025-11-13T01:03:16+00:00\" \/>\n<meta property=\"og:image\" content=\"https:\/\/qingdaohf.com\/wp-content\/uploads\/2023\/01\/snap-tie-8.jpg\" \/>\n\t<meta property=\"og:image:width\" content=\"1000\" \/>\n\t<meta property=\"og:image:height\" content=\"1000\" \/>\n\t<meta property=\"og:image:type\" content=\"image\/jpeg\" \/>\n<meta name=\"twitter:card\" content=\"summary_large_image\" \/>\n<meta name=\"twitter:label1\" content=\"Tahmini okuma s\u00fcresi\" \/>\n\t<meta name=\"twitter:data1\" content=\"4 dakika\" \/>\n<script type=\"application\/ld+json\" class=\"yoast-schema-graph\">{\"@context\":\"https:\/\/schema.org\",\"@graph\":[{\"@type\":\"WebPage\",\"@id\":\"https:\/\/qingdaohf.com\/product\/concrete-wall-snap-ties\/\",\"url\":\"https:\/\/qingdaohf.com\/product\/concrete-wall-snap-ties\/\",\"name\":\"Concrete Wall Snap Ties\",\"isPartOf\":{\"@id\":\"https:\/\/qingdaohf.com\/bg\/#website\"},\"primaryImageOfPage\":{\"@id\":\"https:\/\/qingdaohf.com\/product\/concrete-wall-snap-ties\/#primaryimage\"},\"image\":{\"@id\":\"https:\/\/qingdaohf.com\/product\/concrete-wall-snap-ties\/#primaryimage\"},\"thumbnailUrl\":\"https:\/\/qingdaohf.com\/wp-content\/uploads\/2023\/01\/snap-tie-8.jpg\",\"datePublished\":\"2024-05-28T10:22:19+00:00\",\"dateModified\":\"2025-11-13T01:03:16+00:00\",\"description\":\"Enhance the strength and stability of your concrete walls with our premium Concrete Wall Snap Ties. Available in 4-3\/4\\\" short end and 8-1\/4\\\" long end.\",\"breadcrumb\":{\"@id\":\"https:\/\/qingdaohf.com\/product\/concrete-wall-snap-ties\/#breadcrumb\"},\"inLanguage\":\"tr\",\"potentialAction\":[{\"@type\":\"ReadAction\",\"target\":[\"https:\/\/qingdaohf.com\/product\/concrete-wall-snap-ties\/\"]}]},{\"@type\":\"ImageObject\",\"inLanguage\":\"tr\",\"@id\":\"https:\/\/qingdaohf.com\/product\/concrete-wall-snap-ties\/#primaryimage\",\"url\":\"https:\/\/qingdaohf.com\/wp-content\/uploads\/2023\/01\/snap-tie-8.jpg\",\"contentUrl\":\"https:\/\/qingdaohf.com\/wp-content\/uploads\/2023\/01\/snap-tie-8.jpg\",\"width\":1000,\"height\":1000,\"caption\":\"concrete wall snap tie\"},{\"@type\":\"BreadcrumbList\",\"@id\":\"https:\/\/qingdaohf.com\/product\/concrete-wall-snap-ties\/#breadcrumb\",\"itemListElement\":[{\"@type\":\"ListItem\",\"position\":1,\"name\":\"Home\",\"item\":\"https:\/\/qingdaohf.com\/\"},{\"@type\":\"ListItem\",\"position\":2,\"name\":\"Concrete Forming Accessories and Rigging Hardware\",\"item\":\"https:\/\/qingdaohf.com\/bg\/?page_id=944\"},{\"@type\":\"ListItem\",\"position\":3,\"name\":\"Concrete Wall Snap Ties\"}]},{\"@type\":\"WebSite\",\"@id\":\"https:\/\/qingdaohf.com\/bg\/#website\",\"url\":\"https:\/\/qingdaohf.com\/bg\/\",\"name\":\"Concrete Form & Rigging Hardware Supplier\",\"description\":\"\",\"publisher\":{\"@id\":\"https:\/\/qingdaohf.com\/bg\/#organization\"},\"potentialAction\":[{\"@type\":\"SearchAction\",\"target\":{\"@type\":\"EntryPoint\",\"urlTemplate\":\"https:\/\/qingdaohf.com\/bg\/?s={search_term_string}\"},\"query-input\":{\"@type\":\"PropertyValueSpecification\",\"valueRequired\":true,\"valueName\":\"search_term_string\"}}],\"inLanguage\":\"tr\"},{\"@type\":\"Organization\",\"@id\":\"https:\/\/qingdaohf.com\/bg\/#organization\",\"name\":\"Qingdao H&F\",\"url\":\"https:\/\/qingdaohf.com\/bg\/\",\"logo\":{\"@type\":\"ImageObject\",\"inLanguage\":\"tr\",\"@id\":\"https:\/\/qingdaohf.com\/bg\/#\/schema\/logo\/image\/\",\"url\":\"https:\/\/qingdaohf.com\/wp-content\/uploads\/2022\/12\/cropped-HF-LOGO.png\",\"contentUrl\":\"https:\/\/qingdaohf.com\/wp-content\/uploads\/2022\/12\/cropped-HF-LOGO.png\",\"width\":391,\"height\":249,\"caption\":\"Qingdao H&F\"},\"image\":{\"@id\":\"https:\/\/qingdaohf.com\/bg\/#\/schema\/logo\/image\/\"},\"sameAs\":[\"https:\/\/www.facebook.com\/qingdaohf\"]}]}<\/script>\n<!-- \/ Yoast SEO plugin. -->","yoast_head_json":{"title":"Concrete Wall Snap Ties","description":"Enhance the strength and stability of your concrete walls with our premium Concrete Wall Snap Ties. Available in 4-3\/4\" short end and 8-1\/4\" long end.","robots":{"index":"index","follow":"follow","max-snippet":"max-snippet:-1","max-image-preview":"max-image-preview:large","max-video-preview":"max-video-preview:-1"},"canonical":"https:\/\/qingdaohf.com\/tr\/urun\/beton-duvar-citcitlari\/","og_locale":"tr_TR","og_type":"article","og_title":"Concrete Wall Snap Ties","og_description":"Enhance the strength and stability of your concrete walls with our premium Concrete Wall Snap Ties. Available in 4-3\/4\" short end and 8-1\/4\" long end.","og_url":"https:\/\/qingdaohf.com\/tr\/urun\/beton-duvar-citcitlari\/","og_site_name":"Concrete Form &amp; Rigging Hardware Supplier","article_publisher":"https:\/\/www.facebook.com\/qingdaohf","article_modified_time":"2025-11-13T01:03:16+00:00","og_image":[{"width":1000,"height":1000,"url":"https:\/\/qingdaohf.com\/wp-content\/uploads\/2023\/01\/snap-tie-8.jpg","type":"image\/jpeg"}],"twitter_card":"summary_large_image","twitter_misc":{"Tahmini okuma s\u00fcresi":"4 dakika"},"schema":{"@context":"https:\/\/schema.org","@graph":[{"@type":"WebPage","@id":"https:\/\/qingdaohf.com\/product\/concrete-wall-snap-ties\/","url":"https:\/\/qingdaohf.com\/product\/concrete-wall-snap-ties\/","name":"Concrete Wall Snap Ties","isPartOf":{"@id":"https:\/\/qingdaohf.com\/bg\/#website"},"primaryImageOfPage":{"@id":"https:\/\/qingdaohf.com\/product\/concrete-wall-snap-ties\/#primaryimage"},"image":{"@id":"https:\/\/qingdaohf.com\/product\/concrete-wall-snap-ties\/#primaryimage"},"thumbnailUrl":"https:\/\/qingdaohf.com\/wp-content\/uploads\/2023\/01\/snap-tie-8.jpg","datePublished":"2024-05-28T10:22:19+00:00","dateModified":"2025-11-13T01:03:16+00:00","description":"Enhance the strength and stability of your concrete walls with our premium Concrete Wall Snap Ties. Available in 4-3\/4\" short end and 8-1\/4\" long end.","breadcrumb":{"@id":"https:\/\/qingdaohf.com\/product\/concrete-wall-snap-ties\/#breadcrumb"},"inLanguage":"tr","potentialAction":[{"@type":"ReadAction","target":["https:\/\/qingdaohf.com\/product\/concrete-wall-snap-ties\/"]}]},{"@type":"ImageObject","inLanguage":"tr","@id":"https:\/\/qingdaohf.com\/product\/concrete-wall-snap-ties\/#primaryimage","url":"https:\/\/qingdaohf.com\/wp-content\/uploads\/2023\/01\/snap-tie-8.jpg","contentUrl":"https:\/\/qingdaohf.com\/wp-content\/uploads\/2023\/01\/snap-tie-8.jpg","width":1000,"height":1000,"caption":"concrete wall snap tie"},{"@type":"BreadcrumbList","@id":"https:\/\/qingdaohf.com\/product\/concrete-wall-snap-ties\/#breadcrumb","itemListElement":[{"@type":"ListItem","position":1,"name":"Home","item":"https:\/\/qingdaohf.com\/"},{"@type":"ListItem","position":2,"name":"Concrete Forming Accessories and Rigging Hardware","item":"https:\/\/qingdaohf.com\/bg\/?page_id=944"},{"@type":"ListItem","position":3,"name":"Concrete Wall Snap Ties"}]},{"@type":"WebSite","@id":"https:\/\/qingdaohf.com\/bg\/#website","url":"https:\/\/qingdaohf.com\/bg\/","name":"Concrete Form & Rigging Hardware Supplier","description":"","publisher":{"@id":"https:\/\/qingdaohf.com\/bg\/#organization"},"potentialAction":[{"@type":"SearchAction","target":{"@type":"EntryPoint","urlTemplate":"https:\/\/qingdaohf.com\/bg\/?s={search_term_string}"},"query-input":{"@type":"PropertyValueSpecification","valueRequired":true,"valueName":"search_term_string"}}],"inLanguage":"tr"},{"@type":"Organization","@id":"https:\/\/qingdaohf.com\/bg\/#organization","name":"Qingdao H&F","url":"https:\/\/qingdaohf.com\/bg\/","logo":{"@type":"ImageObject","inLanguage":"tr","@id":"https:\/\/qingdaohf.com\/bg\/#\/schema\/logo\/image\/","url":"https:\/\/qingdaohf.com\/wp-content\/uploads\/2022\/12\/cropped-HF-LOGO.png","contentUrl":"https:\/\/qingdaohf.com\/wp-content\/uploads\/2022\/12\/cropped-HF-LOGO.png","width":391,"height":249,"caption":"Qingdao H&F"},"image":{"@id":"https:\/\/qingdaohf.com\/bg\/#\/schema\/logo\/image\/"},"sameAs":["https:\/\/www.facebook.com\/qingdaohf"]}]}},"_links":{"self":[{"href":"https:\/\/qingdaohf.com\/tr\/wp-json\/wp\/v2\/product\/7381","targetHints":{"allow":["GET"]}}],"collection":[{"href":"https:\/\/qingdaohf.com\/tr\/wp-json\/wp\/v2\/product"}],"about":[{"href":"https:\/\/qingdaohf.com\/tr\/wp-json\/wp\/v2\/types\/product"}],"replies":[{"embeddable":true,"href":"https:\/\/qingdaohf.com\/tr\/wp-json\/wp\/v2\/comments?post=7381"}],"version-history":[{"count":6,"href":"https:\/\/qingdaohf.com\/tr\/wp-json\/wp\/v2\/product\/7381\/revisions"}],"predecessor-version":[{"id":10239,"href":"https:\/\/qingdaohf.com\/tr\/wp-json\/wp\/v2\/product\/7381\/revisions\/10239"}],"wp:featuredmedia":[{"embeddable":true,"href":"https:\/\/qingdaohf.com\/tr\/wp-json\/wp\/v2\/media\/2947"}],"wp:attachment":[{"href":"https:\/\/qingdaohf.com\/tr\/wp-json\/wp\/v2\/media?parent=7381"}],"wp:term":[{"taxonomy":"product_brand","embeddable":true,"href":"https:\/\/qingdaohf.com\/tr\/wp-json\/wp\/v2\/product_brand?post=7381"},{"taxonomy":"product_cat","embeddable":true,"href":"https:\/\/qingdaohf.com\/tr\/wp-json\/wp\/v2\/product_cat?post=7381"},{"taxonomy":"product_tag","embeddable":true,"href":"https:\/\/qingdaohf.com\/tr\/wp-json\/wp\/v2\/product_tag?post=7381"}],"curies":[{"name":"wp","href":"https:\/\/api.w.org\/{rel}","templated":true}]}}