{"id":7404,"date":"2024-05-30T17:46:04","date_gmt":"2024-05-30T09:46:04","guid":{"rendered":"http:\/\/qingdaohf.com\/?post_type=product&#038;p=7404"},"modified":"2025-11-13T09:03:15","modified_gmt":"2025-11-13T01:03:15","slug":"swivel-eye-bolt","status":"publish","type":"product","link":"https:\/\/qingdaohf.com\/tr\/urun\/doner-gozlu-civata\/","title":{"rendered":"D\u00f6ner G\u00f6zl\u00fc C\u0131vata"},"content":{"rendered":"<p>D\u00f6ner G\u00f6zl\u00fc C\u0131vata, \u00e7ok \u00e7e\u015fitli uygulamalarda \u00fcst\u00fcn g\u00fc\u00e7 ve esneklik sa\u011flamak i\u00e7in \u00f6zel olarak tasarlanm\u0131\u015f, kald\u0131rma ankraj sisteminin \u00f6nemli bir bile\u015fenidir. Bu \u00e7ok y\u00f6nl\u00fc donan\u0131m par\u00e7as\u0131, g\u00fcvenli ve verimli kald\u0131rma \u00e7\u00f6z\u00fcmlerinin \u00e7ok \u00f6nemli oldu\u011fu in\u015faat, imalat ve a\u011f\u0131r makine gibi sekt\u00f6rler i\u00e7in \u00e7ok \u00f6nemlidir. D\u00f6ner G\u00f6zl\u00fc C\u0131vatan\u0131n 360 derece d\u00f6nme \u00f6zelli\u011fine sahip benzersiz tasar\u0131m\u0131, optimum hizalama sa\u011flayarak ve y\u00fck kaymas\u0131 veya kazara ayr\u0131lma riskini azaltarak onu di\u011ferlerinden ay\u0131r\u0131r.<\/p>\n<div class=\"ast-oembed-container\" style=\"height: 100%;\"><iframe title=\"d\u00f6ner g\u00f6zl\u00fc c\u0131vata\" width=\"500\" height=\"375\" src=\"https:\/\/www.youtube.com\/embed\/BUaiE2mg8MQ?feature=oembed\" frameborder=\"0\" allow=\"accelerometer; autoplay; clipboard-write; encrypted-media; gyroscope; picture-in-picture; web-share\" referrerpolicy=\"strict-origin-when-cross-origin\" allowfullscreen><\/iframe><\/div>\n<h4>D\u00f6ner G\u00f6zl\u00fc C\u0131vatan\u0131n \u00d6zellikleri ve Faydalar\u0131<\/h4>\n<p>D\u00f6ner G\u00f6zl\u00fc C\u0131vata, en y\u00fcksek g\u00fcvenlik ve performans standartlar\u0131n\u0131 kar\u015f\u0131layacak \u015fekilde tasarlanm\u0131\u015ft\u0131r. Sa\u011flam yap\u0131s\u0131, uzun s\u00fcreli dayan\u0131kl\u0131l\u0131k ve a\u015f\u0131nma ve y\u0131pranmaya kar\u015f\u0131 diren\u00e7 sa\u011flayan y\u00fcksek kaliteli malzemelerden yap\u0131lm\u0131\u015ft\u0131r. 360 derece d\u00f6nme i\u015flevi tam d\u00f6nme hareketine olanak tan\u0131yarak kald\u0131rma cihaz\u0131n\u0131 yeniden konumland\u0131rmaya gerek kalmadan y\u00fcklerin farkl\u0131 a\u00e7\u0131lardan ta\u015f\u0131nmas\u0131n\u0131 kolayla\u015ft\u0131r\u0131r.<\/p>\n<p>Bu \u00f6zellik operasyonel verimlili\u011fi \u00f6nemli \u00f6l\u00e7\u00fcde art\u0131r\u0131r ve kald\u0131rma g\u00f6revlerinde gereken zaman ve \u00e7abay\u0131 azalt\u0131r. Ayr\u0131ca, D\u00f6ner G\u00f6zl\u00fc C\u0131vatan\u0131n tasar\u0131m\u0131 kald\u0131rma noktalar\u0131ndaki gerilimi ve zorlanmay\u0131 en aza indirerek hem c\u0131vatan\u0131n hem de birlikte kullan\u0131ld\u0131\u011f\u0131 ekipman\u0131n daha uzun \u00f6m\u00fcrl\u00fc olmas\u0131na katk\u0131da bulunur.<\/p>\n<p>D\u00f6ner G\u00f6zl\u00fc C\u0131vatan\u0131n \u00f6ne \u00e7\u0131kan avantajlar\u0131ndan biri, a\u011f\u0131r y\u00fckler alt\u0131nda g\u00fcvenli bir ba\u011flant\u0131 sa\u011flama yetene\u011fidir. C\u0131vata, a\u011f\u0131rl\u0131\u011f\u0131 e\u015fit bir \u015fekilde da\u011f\u0131tarak ar\u0131za riskini azaltacak ve kald\u0131rma i\u015flemleri s\u0131ras\u0131nda daha y\u00fcksek d\u00fczeyde g\u00fcvenlik sa\u011flayacak \u015fekilde tasarlanm\u0131\u015ft\u0131r. \u0130ster dikey kald\u0131rma ister a\u00e7\u0131l\u0131 kald\u0131rma senaryolar\u0131nda kullan\u0131ls\u0131n, D\u00f6ner G\u00f6zl\u00fc C\u0131vata tutarl\u0131 ve g\u00fcvenilir performans sa\u011flar.<\/p>\n<h4>D\u00f6ner G\u00f6zl\u00fc C\u0131vatan\u0131n \u00c7e\u015fitli Sekt\u00f6rlerdeki Uygulamalar\u0131<\/h4>\n<p>\u0130n\u015faat sekt\u00f6r\u00fcnde, D\u00f6ner G\u00f6zl\u00fc C\u0131vata a\u011f\u0131r yap\u0131sal bile\u015fenlerin kald\u0131r\u0131lmas\u0131 ve konumland\u0131r\u0131lmas\u0131 i\u00e7in vazge\u00e7ilmezdir. C\u0131vatan\u0131n 360 derece d\u00f6nebilme \u00f6zelli\u011fi, \u00e7al\u0131\u015fanlar\u0131n kiri\u015fler, kolonlar ve di\u011fer elemanlar\u0131 hassas bir \u015fekilde manevra etmesini sa\u011flayarak genel saha verimlili\u011fini ve g\u00fcvenli\u011fini art\u0131r\u0131r. C\u0131vatan\u0131n y\u00fcksek y\u00fck kapasitesi, onu b\u00fcy\u00fck ve a\u011f\u0131r malzemelerin ta\u015f\u0131nmas\u0131 i\u00e7in uygun hale getirerek ek kald\u0131rma ekipman\u0131 ihtiyac\u0131n\u0131 azalt\u0131r.<\/p>\n<p>\u0130malatta, D\u00f6ner G\u00f6zl\u00fc C\u0131vata makine par\u00e7alar\u0131n\u0131n montaj\u0131nda ve ta\u015f\u0131nmas\u0131nda yayg\u0131n olarak kullan\u0131l\u0131r. Esnekli\u011fi ve g\u00fcc\u00fc sayesinde motorlar\u0131n, makine bile\u015fenlerinin ve di\u011fer a\u011f\u0131r par\u00e7alar\u0131n kald\u0131r\u0131lmas\u0131 i\u00e7in idealdir. G\u00fcvenli ve ayarlanabilir bir kald\u0131rma noktas\u0131 sa\u011flayan D\u00f6ner G\u00f6zl\u00fc C\u0131vata, \u00fcretim s\u00fcre\u00e7lerini kolayla\u015ft\u0131rmaya yard\u0131mc\u0131 olur ve hassas ekipmanlar\u0131n hasar g\u00f6rme riskini azalt\u0131r.<\/p>\n<p>A\u011f\u0131r makine end\u00fcstrisi de D\u00f6ner G\u00f6zl\u00fc C\u0131vatalar\u0131n kullan\u0131m\u0131ndan faydalanmaktad\u0131r. Bu sekt\u00f6rde c\u0131vatalar t\u00fcrbinler, jenerat\u00f6rler ve end\u00fcstriyel makineler gibi devasa bile\u015fenleri kald\u0131rmak ve konumland\u0131rmak i\u00e7in kullan\u0131l\u0131r. C\u0131vatan\u0131n y\u00fck ko\u015fullar\u0131 alt\u0131nda d\u00f6nme ve hizalanma kabiliyeti, bu a\u011f\u0131r par\u00e7alar\u0131n g\u00fcvenli ve verimli bir \u015fekilde hareket ettirilebilmesini sa\u011flayarak ar\u0131za s\u00fcresini azalt\u0131r ve \u00fcretkenli\u011fi art\u0131r\u0131r.<\/p>\n<h4>Teknik \u00d6zellikler ve Kurulum Y\u00f6nergeleri<\/h4>\n<p>D\u00f6ner G\u00f6zl\u00fc C\u0131vata, farkl\u0131 kald\u0131rma gereksinimlerini kar\u015f\u0131lamak i\u00e7in \u00e7e\u015fitli boyutlarda ve y\u00fck kapasitelerinde gelir. Y\u00fck\u00fcn a\u011f\u0131rl\u0131\u011f\u0131na ve niteli\u011fine g\u00f6re uygun c\u0131vata boyutunu se\u00e7mek \u00e7ok \u00f6nemlidir. C\u0131vata, maksimum g\u00fcvenlik ve performans sa\u011flamak i\u00e7in \u00fcreticinin y\u00f6nergelerine g\u00f6re monte edilmelidir.<\/p>\n<p>D\u00f6ner G\u00f6zl\u00fc C\u0131vatan\u0131n montaj\u0131 basittir ancak dikkatli bir \u015fekilde yap\u0131lmal\u0131d\u0131r. \u0130lk olarak, c\u0131vatan\u0131n ve tak\u0131laca\u011f\u0131 y\u00fczeyin temiz ve kal\u0131nt\u0131lardan ar\u0131nd\u0131r\u0131lm\u0131\u015f oldu\u011fundan emin olun. C\u0131vatay\u0131 \u00f6nceden delinmi\u015f deli\u011fe yerle\u015ftirin ve uygun aletleri kullanarak g\u00fcvenli bir \u015fekilde s\u0131k\u0131n. Kullanmadan \u00f6nce c\u0131vatan\u0131n d\u00fczg\u00fcn hizaland\u0131\u011f\u0131n\u0131 ve serbest\u00e7e d\u00f6nebildi\u011fini kontrol etmek \u00f6nemlidir.<\/p>\n<p>S\u00fcrekli performans ve g\u00fcvenlik sa\u011flamak i\u00e7in D\u00f6ner G\u00f6zl\u00fc C\u0131vatan\u0131n d\u00fczenli bak\u0131m\u0131 gereklidir. Her kullan\u0131mdan \u00f6nce c\u0131vatay\u0131 herhangi bir a\u015f\u0131nma, korozyon veya hasar belirtisi a\u00e7\u0131s\u0131ndan inceleyin. Olas\u0131 kazalar\u0131 \u00f6nlemek i\u00e7in herhangi bir kusur bulunursa c\u0131vatay\u0131 de\u011fi\u015ftirin.<\/p>\n<p>Sonu\u00e7 olarak, D\u00f6ner G\u00f6zl\u00fc C\u0131vata, kald\u0131rma ankraj sistemlerinde kritik bir bile\u015fendir ve benzersiz g\u00fc\u00e7, esneklik ve g\u00fcvenlik sunar. 360 derece d\u00f6nebilme \u00f6zelli\u011fi ve sa\u011flam yap\u0131s\u0131, onu in\u015faattan imalata ve a\u011f\u0131r makinelere kadar \u00e7e\u015fitli sekt\u00f6rler i\u00e7in ideal bir se\u00e7im haline getirir. D\u00f6ner G\u00f6zl\u00fc C\u0131vatay\u0131 kald\u0131rma operasyonlar\u0131n\u0131za entegre ederek daha fazla verimlilik, g\u00fcvenlik ve g\u00fcvenilirlik elde edebilir, projelerinizin ba\u015far\u0131l\u0131 ve uzun \u00f6m\u00fcrl\u00fc olmas\u0131n\u0131 sa\u011flayabilirsiniz.<\/p>","protected":false},"excerpt":{"rendered":"<p>D\u00f6ner G\u00f6zl\u00fc C\u0131vata, a\u011f\u0131r hizmet uygulamalar\u0131 i\u00e7in tasarlanm\u0131\u015f birinci s\u0131n\u0131f bir kald\u0131rma ankraj\u0131 \u00e7\u00f6z\u00fcm\u00fcd\u00fcr. 360 derece d\u00f6nme \u00f6zelli\u011fiyle \u00e7e\u015fitli kald\u0131rma g\u00f6revlerinde optimum hizalama ve g\u00fcvenlik sa\u011flar. \u0130n\u015faat, imalat ve end\u00fcstriyel ortamlar i\u00e7in ideal olan bu y\u00fcksek mukavemetli c\u0131vata, g\u00fcvenilir ve \u00e7ok y\u00f6nl\u00fc performans sa\u011flar. D\u00f6ner G\u00f6zl\u00fc C\u0131vatan\u0131n \u00fcst\u00fcn dayan\u0131kl\u0131l\u0131\u011f\u0131 ve kullan\u0131m kolayl\u0131\u011f\u0131 ile kald\u0131rma i\u015flemlerinizi geli\u015ftirin.<\/p>","protected":false},"featured_media":7405,"comment_status":"open","ping_status":"closed","template":"","meta":{"site-sidebar-layout":"default","site-content-layout":"","ast-site-content-layout":"default","site-content-style":"default","site-sidebar-style":"default","ast-global-header-display":"","ast-banner-title-visibility":"","ast-main-header-display":"","ast-hfb-above-header-display":"","ast-hfb-below-header-display":"","ast-hfb-mobile-header-display":"","site-post-title":"","ast-breadcrumbs-content":"","ast-featured-img":"","footer-sml-layout":"","theme-transparent-header-meta":"default","adv-header-id-meta":"","stick-header-meta":"default","header-above-stick-meta":"","header-main-stick-meta":"","header-below-stick-meta":"","astra-migrate-meta-layouts":"set","ast-page-background-enabled":"default","ast-page-background-meta":{"desktop":{"background-color":"","background-image":"","background-repeat":"repeat","background-position":"center center","background-size":"auto","background-attachment":"scroll","background-type":"","background-media":"","overlay-type":"","overlay-color":"","overlay-opacity":"","overlay-gradient":""},"tablet":{"background-color":"","background-image":"","background-repeat":"repeat","background-position":"center center","background-size":"auto","background-attachment":"scroll","background-type":"","background-media":"","overlay-type":"","overlay-color":"","overlay-opacity":"","overlay-gradient":""},"mobile":{"background-color":"","background-image":"","background-repeat":"repeat","background-position":"center center","background-size":"auto","background-attachment":"scroll","background-type":"","background-media":"","overlay-type":"","overlay-color":"","overlay-opacity":"","overlay-gradient":""}},"ast-content-background-meta":{"desktop":{"background-color":"var(--ast-global-color-5)","background-image":"","background-repeat":"repeat","background-position":"center center","background-size":"auto","background-attachment":"scroll","background-type":"","background-media":"","overlay-type":"","overlay-color":"","overlay-opacity":"","overlay-gradient":""},"tablet":{"background-color":"var(--ast-global-color-5)","background-image":"","background-repeat":"repeat","background-position":"center center","background-size":"auto","background-attachment":"scroll","background-type":"","background-media":"","overlay-type":"","overlay-color":"","overlay-opacity":"","overlay-gradient":""},"mobile":{"background-color":"var(--ast-global-color-5)","background-image":"","background-repeat":"repeat","background-position":"center center","background-size":"auto","background-attachment":"scroll","background-type":"","background-media":"","overlay-type":"","overlay-color":"","overlay-opacity":"","overlay-gradient":""}}},"product_brand":[],"product_cat":[30],"product_tag":[],"class_list":{"0":"post-7404","1":"product","2":"type-product","3":"status-publish","4":"has-post-thumbnail","6":"product_cat-lifting-anchor","7":"desktop-align-left","8":"tablet-align-left","9":"mobile-align-left","10":"ast-product-gallery-layout-horizontal-slider","11":"ast-product-tabs-layout-horizontal","13":"first","14":"instock","15":"shipping-taxable","16":"purchasable","17":"product-type-simple"},"yoast_head":"<!-- This site is optimized with the Yoast SEO plugin v25.2 - https:\/\/yoast.com\/wordpress\/plugins\/seo\/ -->\n<title>Swivel Eye Bolt<\/title>\n<meta name=\"robots\" content=\"index, follow, max-snippet:-1, max-image-preview:large, max-video-preview:-1\" \/>\n<link rel=\"canonical\" href=\"https:\/\/qingdaohf.com\/tr\/urun\/doner-gozlu-civata\/\" \/>\n<meta property=\"og:locale\" content=\"tr_TR\" \/>\n<meta property=\"og:type\" content=\"article\" \/>\n<meta property=\"og:title\" content=\"Swivel Eye Bolt\" \/>\n<meta property=\"og:description\" content=\"The Swivel Eye Bolt is a premium lifting anchor solution designed for heavy-duty applications. With a 360-degree swivel feature, it ensures optimal alignment and safety in various lifting tasks. Ideal for construction, manufacturing, and industrial settings, this high-strength bolt provides reliable and versatile performance. Enhance your lifting operations with the Swivel Eye Bolt&#039;s superior durability and ease of use.\" \/>\n<meta property=\"og:url\" content=\"https:\/\/qingdaohf.com\/tr\/urun\/doner-gozlu-civata\/\" \/>\n<meta property=\"og:site_name\" content=\"Concrete Form &amp; Rigging Hardware Supplier\" \/>\n<meta property=\"article:publisher\" content=\"https:\/\/www.facebook.com\/qingdaohf\" \/>\n<meta property=\"article:modified_time\" content=\"2025-11-13T01:03:15+00:00\" \/>\n<meta property=\"og:image\" content=\"https:\/\/qingdaohf.com\/wp-content\/uploads\/2024\/05\/swivel-eye-bolt-1-5.webp\" \/>\n\t<meta property=\"og:image:width\" content=\"1222\" \/>\n\t<meta property=\"og:image:height\" content=\"1222\" \/>\n\t<meta property=\"og:image:type\" content=\"image\/webp\" \/>\n<meta name=\"twitter:card\" content=\"summary_large_image\" \/>\n<meta name=\"twitter:label1\" content=\"Tahmini okuma s\u00fcresi\" \/>\n\t<meta name=\"twitter:data1\" content=\"4 dakika\" \/>\n<script type=\"application\/ld+json\" class=\"yoast-schema-graph\">{\"@context\":\"https:\/\/schema.org\",\"@graph\":[{\"@type\":\"WebPage\",\"@id\":\"https:\/\/qingdaohf.com\/product\/swivel-eye-bolt\/\",\"url\":\"https:\/\/qingdaohf.com\/product\/swivel-eye-bolt\/\",\"name\":\"Swivel Eye Bolt\",\"isPartOf\":{\"@id\":\"https:\/\/qingdaohf.com\/bg\/#website\"},\"primaryImageOfPage\":{\"@id\":\"https:\/\/qingdaohf.com\/product\/swivel-eye-bolt\/#primaryimage\"},\"image\":{\"@id\":\"https:\/\/qingdaohf.com\/product\/swivel-eye-bolt\/#primaryimage\"},\"thumbnailUrl\":\"https:\/\/qingdaohf.com\/wp-content\/uploads\/2024\/05\/swivel-eye-bolt-1-5.webp\",\"datePublished\":\"2024-05-30T09:46:04+00:00\",\"dateModified\":\"2025-11-13T01:03:15+00:00\",\"breadcrumb\":{\"@id\":\"https:\/\/qingdaohf.com\/product\/swivel-eye-bolt\/#breadcrumb\"},\"inLanguage\":\"tr\",\"potentialAction\":[{\"@type\":\"ReadAction\",\"target\":[\"https:\/\/qingdaohf.com\/product\/swivel-eye-bolt\/\"]}]},{\"@type\":\"ImageObject\",\"inLanguage\":\"tr\",\"@id\":\"https:\/\/qingdaohf.com\/product\/swivel-eye-bolt\/#primaryimage\",\"url\":\"https:\/\/qingdaohf.com\/wp-content\/uploads\/2024\/05\/swivel-eye-bolt-1-5.webp\",\"contentUrl\":\"https:\/\/qingdaohf.com\/wp-content\/uploads\/2024\/05\/swivel-eye-bolt-1-5.webp\",\"width\":1222,\"height\":1222,\"caption\":\"swivel eye bolt\"},{\"@type\":\"BreadcrumbList\",\"@id\":\"https:\/\/qingdaohf.com\/product\/swivel-eye-bolt\/#breadcrumb\",\"itemListElement\":[{\"@type\":\"ListItem\",\"position\":1,\"name\":\"Home\",\"item\":\"https:\/\/qingdaohf.com\/\"},{\"@type\":\"ListItem\",\"position\":2,\"name\":\"Concrete Forming Accessories and Rigging Hardware\",\"item\":\"https:\/\/qingdaohf.com\/bg\/?page_id=944\"},{\"@type\":\"ListItem\",\"position\":3,\"name\":\"Swivel Eye Bolt\"}]},{\"@type\":\"WebSite\",\"@id\":\"https:\/\/qingdaohf.com\/bg\/#website\",\"url\":\"https:\/\/qingdaohf.com\/bg\/\",\"name\":\"Concrete Form & Rigging Hardware Supplier\",\"description\":\"\",\"publisher\":{\"@id\":\"https:\/\/qingdaohf.com\/bg\/#organization\"},\"potentialAction\":[{\"@type\":\"SearchAction\",\"target\":{\"@type\":\"EntryPoint\",\"urlTemplate\":\"https:\/\/qingdaohf.com\/bg\/?s={search_term_string}\"},\"query-input\":{\"@type\":\"PropertyValueSpecification\",\"valueRequired\":true,\"valueName\":\"search_term_string\"}}],\"inLanguage\":\"tr\"},{\"@type\":\"Organization\",\"@id\":\"https:\/\/qingdaohf.com\/bg\/#organization\",\"name\":\"Qingdao H&F\",\"url\":\"https:\/\/qingdaohf.com\/bg\/\",\"logo\":{\"@type\":\"ImageObject\",\"inLanguage\":\"tr\",\"@id\":\"https:\/\/qingdaohf.com\/bg\/#\/schema\/logo\/image\/\",\"url\":\"https:\/\/qingdaohf.com\/wp-content\/uploads\/2022\/12\/cropped-HF-LOGO.png\",\"contentUrl\":\"https:\/\/qingdaohf.com\/wp-content\/uploads\/2022\/12\/cropped-HF-LOGO.png\",\"width\":391,\"height\":249,\"caption\":\"Qingdao H&F\"},\"image\":{\"@id\":\"https:\/\/qingdaohf.com\/bg\/#\/schema\/logo\/image\/\"},\"sameAs\":[\"https:\/\/www.facebook.com\/qingdaohf\"]}]}<\/script>\n<!-- \/ Yoast SEO plugin. -->","yoast_head_json":{"title":"Swivel Eye Bolt","robots":{"index":"index","follow":"follow","max-snippet":"max-snippet:-1","max-image-preview":"max-image-preview:large","max-video-preview":"max-video-preview:-1"},"canonical":"https:\/\/qingdaohf.com\/tr\/urun\/doner-gozlu-civata\/","og_locale":"tr_TR","og_type":"article","og_title":"Swivel Eye Bolt","og_description":"The Swivel Eye Bolt is a premium lifting anchor solution designed for heavy-duty applications. With a 360-degree swivel feature, it ensures optimal alignment and safety in various lifting tasks. Ideal for construction, manufacturing, and industrial settings, this high-strength bolt provides reliable and versatile performance. Enhance your lifting operations with the Swivel Eye Bolt's superior durability and ease of use.","og_url":"https:\/\/qingdaohf.com\/tr\/urun\/doner-gozlu-civata\/","og_site_name":"Concrete Form &amp; Rigging Hardware Supplier","article_publisher":"https:\/\/www.facebook.com\/qingdaohf","article_modified_time":"2025-11-13T01:03:15+00:00","og_image":[{"width":1222,"height":1222,"url":"https:\/\/qingdaohf.com\/wp-content\/uploads\/2024\/05\/swivel-eye-bolt-1-5.webp","type":"image\/webp"}],"twitter_card":"summary_large_image","twitter_misc":{"Tahmini okuma s\u00fcresi":"4 dakika"},"schema":{"@context":"https:\/\/schema.org","@graph":[{"@type":"WebPage","@id":"https:\/\/qingdaohf.com\/product\/swivel-eye-bolt\/","url":"https:\/\/qingdaohf.com\/product\/swivel-eye-bolt\/","name":"Swivel Eye Bolt","isPartOf":{"@id":"https:\/\/qingdaohf.com\/bg\/#website"},"primaryImageOfPage":{"@id":"https:\/\/qingdaohf.com\/product\/swivel-eye-bolt\/#primaryimage"},"image":{"@id":"https:\/\/qingdaohf.com\/product\/swivel-eye-bolt\/#primaryimage"},"thumbnailUrl":"https:\/\/qingdaohf.com\/wp-content\/uploads\/2024\/05\/swivel-eye-bolt-1-5.webp","datePublished":"2024-05-30T09:46:04+00:00","dateModified":"2025-11-13T01:03:15+00:00","breadcrumb":{"@id":"https:\/\/qingdaohf.com\/product\/swivel-eye-bolt\/#breadcrumb"},"inLanguage":"tr","potentialAction":[{"@type":"ReadAction","target":["https:\/\/qingdaohf.com\/product\/swivel-eye-bolt\/"]}]},{"@type":"ImageObject","inLanguage":"tr","@id":"https:\/\/qingdaohf.com\/product\/swivel-eye-bolt\/#primaryimage","url":"https:\/\/qingdaohf.com\/wp-content\/uploads\/2024\/05\/swivel-eye-bolt-1-5.webp","contentUrl":"https:\/\/qingdaohf.com\/wp-content\/uploads\/2024\/05\/swivel-eye-bolt-1-5.webp","width":1222,"height":1222,"caption":"swivel eye bolt"},{"@type":"BreadcrumbList","@id":"https:\/\/qingdaohf.com\/product\/swivel-eye-bolt\/#breadcrumb","itemListElement":[{"@type":"ListItem","position":1,"name":"Home","item":"https:\/\/qingdaohf.com\/"},{"@type":"ListItem","position":2,"name":"Concrete Forming Accessories and Rigging Hardware","item":"https:\/\/qingdaohf.com\/bg\/?page_id=944"},{"@type":"ListItem","position":3,"name":"Swivel Eye Bolt"}]},{"@type":"WebSite","@id":"https:\/\/qingdaohf.com\/bg\/#website","url":"https:\/\/qingdaohf.com\/bg\/","name":"Concrete Form & Rigging Hardware Supplier","description":"","publisher":{"@id":"https:\/\/qingdaohf.com\/bg\/#organization"},"potentialAction":[{"@type":"SearchAction","target":{"@type":"EntryPoint","urlTemplate":"https:\/\/qingdaohf.com\/bg\/?s={search_term_string}"},"query-input":{"@type":"PropertyValueSpecification","valueRequired":true,"valueName":"search_term_string"}}],"inLanguage":"tr"},{"@type":"Organization","@id":"https:\/\/qingdaohf.com\/bg\/#organization","name":"Qingdao H&F","url":"https:\/\/qingdaohf.com\/bg\/","logo":{"@type":"ImageObject","inLanguage":"tr","@id":"https:\/\/qingdaohf.com\/bg\/#\/schema\/logo\/image\/","url":"https:\/\/qingdaohf.com\/wp-content\/uploads\/2022\/12\/cropped-HF-LOGO.png","contentUrl":"https:\/\/qingdaohf.com\/wp-content\/uploads\/2022\/12\/cropped-HF-LOGO.png","width":391,"height":249,"caption":"Qingdao H&F"},"image":{"@id":"https:\/\/qingdaohf.com\/bg\/#\/schema\/logo\/image\/"},"sameAs":["https:\/\/www.facebook.com\/qingdaohf"]}]}},"_links":{"self":[{"href":"https:\/\/qingdaohf.com\/tr\/wp-json\/wp\/v2\/product\/7404","targetHints":{"allow":["GET"]}}],"collection":[{"href":"https:\/\/qingdaohf.com\/tr\/wp-json\/wp\/v2\/product"}],"about":[{"href":"https:\/\/qingdaohf.com\/tr\/wp-json\/wp\/v2\/types\/product"}],"replies":[{"embeddable":true,"href":"https:\/\/qingdaohf.com\/tr\/wp-json\/wp\/v2\/comments?post=7404"}],"version-history":[{"count":2,"href":"https:\/\/qingdaohf.com\/tr\/wp-json\/wp\/v2\/product\/7404\/revisions"}],"predecessor-version":[{"id":7411,"href":"https:\/\/qingdaohf.com\/tr\/wp-json\/wp\/v2\/product\/7404\/revisions\/7411"}],"wp:featuredmedia":[{"embeddable":true,"href":"https:\/\/qingdaohf.com\/tr\/wp-json\/wp\/v2\/media\/7405"}],"wp:attachment":[{"href":"https:\/\/qingdaohf.com\/tr\/wp-json\/wp\/v2\/media?parent=7404"}],"wp:term":[{"taxonomy":"product_brand","embeddable":true,"href":"https:\/\/qingdaohf.com\/tr\/wp-json\/wp\/v2\/product_brand?post=7404"},{"taxonomy":"product_cat","embeddable":true,"href":"https:\/\/qingdaohf.com\/tr\/wp-json\/wp\/v2\/product_cat?post=7404"},{"taxonomy":"product_tag","embeddable":true,"href":"https:\/\/qingdaohf.com\/tr\/wp-json\/wp\/v2\/product_tag?post=7404"}],"curies":[{"name":"wp","href":"https:\/\/api.w.org\/{rel}","templated":true}]}}