{"id":7481,"date":"2024-06-19T15:02:52","date_gmt":"2024-06-19T07:02:52","guid":{"rendered":"http:\/\/qingdaohf.com\/?post_type=product&#038;p=7481"},"modified":"2025-11-13T09:03:15","modified_gmt":"2025-11-13T01:03:15","slug":"5-8x24-anchor-bolt","status":"publish","type":"product","link":"https:\/\/qingdaohf.com\/tr\/urun\/sb-ankraj-civatasi\/","title":{"rendered":"5\/8X24 Ankraj C\u0131vatas\u0131"},"content":{"rendered":"<p>Ankraj C\u0131vatas\u0131, yap\u0131lar\u0131 beton temellere sabitlemek i\u00e7in g\u00fcvenli ve g\u00fcvenilir bir \u00e7\u00f6z\u00fcm sa\u011flayan, in\u015faat sekt\u00f6r\u00fcnde \u00f6nemli bir bile\u015fendir. Bu c\u0131vatalar maksimum g\u00fc\u00e7 ve dayan\u0131kl\u0131l\u0131k sa\u011flamak i\u00e7in titizlikle tasarlanm\u0131\u015ft\u0131r ve bu da onlar\u0131 \u00e7ok \u00e7e\u015fitli in\u015faat uygulamalar\u0131 i\u00e7in ideal hale getirir. Ankraj C\u0131vatas\u0131, binalar\u0131n sa\u011flaml\u0131\u011f\u0131 ve b\u00fct\u00fcnl\u00fc\u011f\u00fcnde \u00e7ok \u00f6nemli bir rol oynar ve yap\u0131lar\u0131n \u00f6nemli stres ve y\u00fck alt\u0131nda bile sa\u011flam bir \u015fekilde yerinde kalmas\u0131n\u0131 sa\u011flar.<\/p>\n<p><strong>Temel C\u0131vatalar\u0131na Giri\u015f<\/strong><\/p>\n<p>Ankraj C\u0131vatas\u0131 gibi temel c\u0131vatalar\u0131 in\u015faat projelerinde kritik \u00f6neme sahiptir. Yap\u0131lar\u0131 beton temellere tutturmak i\u00e7in kullan\u0131l\u0131rlar ve \u00e7e\u015fitli kuvvetlere dayanmak i\u00e7in gerekli deste\u011fi sa\u011flarlar. Bu c\u0131vatalar konutlarda, ticari ve end\u00fcstriyel binalarda yayg\u0131n olarak kullan\u0131l\u0131r ve yap\u0131lar\u0131n sabit ve g\u00fcvenli kalmas\u0131n\u0131 sa\u011flar.<\/p>\n<p>Temel c\u0131vatalar\u0131n\u0131n birincil i\u015flevi, y\u00fckleri yap\u0131dan beton temele aktarmakt\u0131r. Bu, yap\u0131sal b\u00fct\u00fcnl\u00fc\u011f\u00fcn korunmas\u0131na yard\u0131mc\u0131 olur ve istenmeyen hareketleri veya kaymalar\u0131 \u00f6nler. Ankraj C\u0131vatalar\u0131 bu gereksinimleri kar\u015f\u0131layacak \u015fekilde tasarlanm\u0131\u015f olup benzersiz performans ve g\u00fcvenilirlik sunar.<\/p>\n<p><strong>\u0130n\u015faatta Ankraj C\u0131vatas\u0131n\u0131n Rol\u00fc<\/strong><\/p>\n<p>Ankraj C\u0131vatas\u0131, y\u00fcksek kaliteli malzemeleri ve hassas \u00fcretim s\u00fcreci sayesinde \u00f6ne \u00e7\u0131kar. Bu ankraj c\u0131vatas\u0131, a\u011f\u0131r y\u00fcklerin ve a\u015f\u0131r\u0131 ko\u015fullar\u0131n \u00fcstesinden gelebilmesini sa\u011flamak i\u00e7in \u00fcst\u00fcn g\u00fc\u00e7 sa\u011flayacak \u015fekilde tasarlanm\u0131\u015ft\u0131r. Ankraj C\u0131vatas\u0131, in\u015faat alan\u0131nda kolonlar\u0131n, kiri\u015flerin ve di\u011fer yap\u0131sal elemanlar\u0131n beton temele sabitlenmesi de dahil olmak \u00fczere \u00e7e\u015fitli uygulamalarda kullan\u0131l\u0131r.<\/p>\n<p>Ankraj C\u0131vatas\u0131n\u0131n en \u00f6nemli \u00f6zelliklerinden biri korozyon direncidir. Bu, c\u0131vatan\u0131n zorlu ortamlarda bile sa\u011flam ve i\u015flevsel kalmas\u0131n\u0131 sa\u011flar. Ankraj C\u0131vatas\u0131n\u0131n dayan\u0131kl\u0131l\u0131\u011f\u0131, s\u0131k s\u0131k de\u011fi\u015ftirme ihtiyac\u0131n\u0131 azaltarak in\u015faat projeleri i\u00e7in hem zamandan hem de maliyetten tasarruf sa\u011flar.<\/p>\n<p>G\u00fc\u00e7 ve dayan\u0131kl\u0131l\u0131\u011f\u0131n\u0131n yan\u0131 s\u0131ra Ankraj C\u0131vatas\u0131n\u0131n kurulumu da kolayd\u0131r. Tasar\u0131m, h\u0131zl\u0131 ve verimli kuruluma olanak tan\u0131yarak in\u015faat projelerinin gecikme olmadan devam edebilmesini sa\u011flar. Bu kurulum kolayl\u0131\u011f\u0131, Ankraj C\u0131vatas\u0131n\u0131 bir\u00e7ok in\u015faat profesyoneli i\u00e7in tercih edilen bir se\u00e7enek haline getirmektedir.<\/p>\n<p><strong>Ankraj C\u0131vatas\u0131 Uygulamalar\u0131<\/strong><\/p>\n<p>Ankraj C\u0131vatas\u0131n\u0131n \u00e7ok y\u00f6nl\u00fcl\u00fc\u011f\u00fc onu \u00e7ok \u00e7e\u015fitli uygulamalar i\u00e7in uygun hale getirir. Konut in\u015faatlar\u0131nda, bu c\u0131vatalar ev \u00e7er\u00e7evelerini ve di\u011fer yap\u0131sal bile\u015fenleri temele sabitlemek i\u00e7in kullan\u0131l\u0131r. Bu, yap\u0131n\u0131n sabit kalmas\u0131n\u0131 ve r\u00fczgar ve sismik aktivite gibi \u00e7e\u015fitli \u00e7evresel fakt\u00f6rlere dayanabilmesini sa\u011flar.<\/p>\n<p>Ticari in\u015faatlarda Ankraj C\u0131vatas\u0131, g\u00f6kdelenler ve k\u00f6pr\u00fcler gibi b\u00fcy\u00fck yap\u0131lar\u0131 temellerine sabitlemek i\u00e7in kullan\u0131l\u0131r. Bu c\u0131vatalar\u0131n g\u00fcc\u00fc ve g\u00fcvenilirli\u011fi, bu b\u00fcy\u00fck \u00f6l\u00e7ekli projelerin g\u00fcvenli\u011fini ve istikrar\u0131n\u0131 sa\u011flamada \u00e7ok \u00f6nemlidir. Ankraj C\u0131vatas\u0131n\u0131n a\u011f\u0131r y\u00fckleri ta\u015f\u0131yabilmesi, onu bu uygulamalarda \u00f6nemli bir bile\u015fen haline getirmektedir.<\/p>\n<p>End\u00fcstriyel in\u015faat projeleri de Ankraj C\u0131vatalar\u0131n\u0131n kullan\u0131m\u0131ndan faydalan\u0131r. Bu c\u0131vatalar makine ve ekipmanlar\u0131n beton temele sabitlenmesinde kullan\u0131l\u0131r ve \u00e7al\u0131\u015fma s\u0131ras\u0131nda sabit kalmalar\u0131n\u0131 sa\u011flar. Herhangi bir hareket \u00f6nemli g\u00fcvenlik tehlikelerine yol a\u00e7abilece\u011finden, bu \u00f6zellikle a\u011f\u0131r makinelerin kullan\u0131ld\u0131\u011f\u0131 end\u00fcstrilerde \u00f6nemlidir.<\/p>\n<p><strong>Ankraj C\u0131vatas\u0131 hakk\u0131nda sonu\u00e7<\/strong><\/p>\n<p>Ankraj C\u0131vatas\u0131, in\u015faat sekt\u00f6r\u00fcnde e\u015fsiz g\u00fc\u00e7, dayan\u0131kl\u0131l\u0131k ve g\u00fcvenilirlik sunan hayati bir bile\u015fendir. Yap\u0131lar\u0131n beton temellere sabitlenmesindeki rol\u00fc, \u00e7e\u015fitli in\u015faat projelerinin stabilitesini ve g\u00fcvenli\u011fini sa\u011flar. \u0130ster konut, ister ticari veya end\u00fcstriyel uygulamalarda olsun, Ankraj C\u0131vatas\u0131 g\u00fcvenilir bir \u00e7\u00f6z\u00fcm arayan in\u015faat profesyonelleri i\u00e7in tercih edilen bir se\u00e7imdir.<\/p>\n<p>Ankraj C\u0131vatas\u0131 gibi y\u00fcksek kaliteli temel c\u0131vatalar\u0131na yat\u0131r\u0131m yapmak, herhangi bir in\u015faat projesinin ba\u015far\u0131s\u0131 i\u00e7in \u00e7ok \u00f6nemlidir. Bu c\u0131vatalar gerekli destek ve stabiliteyi sa\u011flayarak yap\u0131lar\u0131n g\u00fcvenli ve emniyetli kalmas\u0131n\u0131 sa\u011flar. \u00dcst\u00fcn performans\u0131 ve montaj kolayl\u0131\u011f\u0131 ile Ankraj C\u0131vatas\u0131, in\u015faat ihtiya\u00e7lar\u0131n\u0131z i\u00e7in ideal se\u00e7imdir.<\/p>","protected":false},"excerpt":{"rendered":"<p>Ankraj C\u0131vatas\u0131, g\u00fcvenli ve sa\u011flam in\u015faat uygulamalar\u0131 i\u00e7in tasarlanm\u0131\u015f \u00fcst\u00fcn kaliteli bir temel c\u0131vatas\u0131d\u0131r. Y\u00fcksek kaliteli malzemelerden \u00fcretilen bu ankraj c\u0131vatas\u0131, \u00e7e\u015fitli in\u015faat ihtiya\u00e7lar\u0131 i\u00e7in m\u00fckemmel olan maksimum dayan\u0131kl\u0131l\u0131k ve g\u00fcvenilirlik sa\u011flar. Hem konut hem de ticari projeler i\u00e7in ideal olan Anchor Bolt, yap\u0131lar\u0131n beton temellere sabitlenmesinde \u00fcst\u00fcn performans sa\u011flar.<\/p>","protected":false},"featured_media":7485,"comment_status":"open","ping_status":"closed","template":"","meta":{"site-sidebar-layout":"default","site-content-layout":"","ast-site-content-layout":"default","site-content-style":"default","site-sidebar-style":"default","ast-global-header-display":"","ast-banner-title-visibility":"","ast-main-header-display":"","ast-hfb-above-header-display":"","ast-hfb-below-header-display":"","ast-hfb-mobile-header-display":"","site-post-title":"","ast-breadcrumbs-content":"","ast-featured-img":"","footer-sml-layout":"","theme-transparent-header-meta":"default","adv-header-id-meta":"","stick-header-meta":"default","header-above-stick-meta":"","header-main-stick-meta":"","header-below-stick-meta":"","astra-migrate-meta-layouts":"set","ast-page-background-enabled":"default","ast-page-background-meta":{"desktop":{"background-color":"","background-image":"","background-repeat":"repeat","background-position":"center center","background-size":"auto","background-attachment":"scroll","background-type":"","background-media":"","overlay-type":"","overlay-color":"","overlay-opacity":"","overlay-gradient":""},"tablet":{"background-color":"","background-image":"","background-repeat":"repeat","background-position":"center center","background-size":"auto","background-attachment":"scroll","background-type":"","background-media":"","overlay-type":"","overlay-color":"","overlay-opacity":"","overlay-gradient":""},"mobile":{"background-color":"","background-image":"","background-repeat":"repeat","background-position":"center center","background-size":"auto","background-attachment":"scroll","background-type":"","background-media":"","overlay-type":"","overlay-color":"","overlay-opacity":"","overlay-gradient":""}},"ast-content-background-meta":{"desktop":{"background-color":"var(--ast-global-color-5)","background-image":"","background-repeat":"repeat","background-position":"center center","background-size":"auto","background-attachment":"scroll","background-type":"","background-media":"","overlay-type":"","overlay-color":"","overlay-opacity":"","overlay-gradient":""},"tablet":{"background-color":"var(--ast-global-color-5)","background-image":"","background-repeat":"repeat","background-position":"center center","background-size":"auto","background-attachment":"scroll","background-type":"","background-media":"","overlay-type":"","overlay-color":"","overlay-opacity":"","overlay-gradient":""},"mobile":{"background-color":"var(--ast-global-color-5)","background-image":"","background-repeat":"repeat","background-position":"center center","background-size":"auto","background-attachment":"scroll","background-type":"","background-media":"","overlay-type":"","overlay-color":"","overlay-opacity":"","overlay-gradient":""}}},"product_brand":[],"product_cat":[50],"product_tag":[],"class_list":{"0":"post-7481","1":"product","2":"type-product","3":"status-publish","4":"has-post-thumbnail","6":"product_cat-concrete-form-accessories","7":"desktop-align-left","8":"tablet-align-left","9":"mobile-align-left","10":"ast-product-gallery-layout-horizontal-slider","11":"ast-product-tabs-layout-horizontal","13":"first","14":"instock","15":"shipping-taxable","16":"purchasable","17":"product-type-simple"},"yoast_head":"<!-- This site is optimized with the Yoast SEO plugin v25.2 - https:\/\/yoast.com\/wordpress\/plugins\/seo\/ -->\n<title>5\/8X24 Anchor Bolt<\/title>\n<meta name=\"description\" content=\"Anchor Bolt is a premium-quality foundation bolt designed for secure and robust construction applications\" \/>\n<meta name=\"robots\" content=\"index, follow, max-snippet:-1, max-image-preview:large, max-video-preview:-1\" \/>\n<link rel=\"canonical\" href=\"https:\/\/qingdaohf.com\/tr\/urun\/sb-ankraj-civatasi\/\" \/>\n<meta property=\"og:locale\" content=\"tr_TR\" \/>\n<meta property=\"og:type\" content=\"article\" \/>\n<meta property=\"og:title\" content=\"5\/8X24 Anchor Bolt\" \/>\n<meta property=\"og:description\" content=\"Anchor Bolt is a premium-quality foundation bolt designed for secure and robust construction applications\" \/>\n<meta property=\"og:url\" content=\"https:\/\/qingdaohf.com\/tr\/urun\/sb-ankraj-civatasi\/\" \/>\n<meta property=\"og:site_name\" content=\"Concrete Form &amp; Rigging Hardware Supplier\" \/>\n<meta property=\"article:publisher\" content=\"https:\/\/www.facebook.com\/qingdaohf\" \/>\n<meta property=\"article:modified_time\" content=\"2025-11-13T01:03:15+00:00\" \/>\n<meta property=\"og:image\" content=\"https:\/\/qingdaohf.com\/wp-content\/uploads\/2024\/06\/sb-anchor-bolt-10.webp\" \/>\n\t<meta property=\"og:image:width\" content=\"1000\" \/>\n\t<meta property=\"og:image:height\" content=\"1000\" \/>\n\t<meta property=\"og:image:type\" content=\"image\/webp\" \/>\n<meta name=\"twitter:card\" content=\"summary_large_image\" \/>\n<meta name=\"twitter:label1\" content=\"Tahmini okuma s\u00fcresi\" \/>\n\t<meta name=\"twitter:data1\" content=\"3 dakika\" \/>\n<script type=\"application\/ld+json\" class=\"yoast-schema-graph\">{\"@context\":\"https:\/\/schema.org\",\"@graph\":[{\"@type\":\"WebPage\",\"@id\":\"https:\/\/qingdaohf.com\/product\/5-8x24-anchor-bolt\/\",\"url\":\"https:\/\/qingdaohf.com\/product\/5-8x24-anchor-bolt\/\",\"name\":\"5\/8X24 Anchor Bolt\",\"isPartOf\":{\"@id\":\"https:\/\/qingdaohf.com\/bg\/#website\"},\"primaryImageOfPage\":{\"@id\":\"https:\/\/qingdaohf.com\/product\/5-8x24-anchor-bolt\/#primaryimage\"},\"image\":{\"@id\":\"https:\/\/qingdaohf.com\/product\/5-8x24-anchor-bolt\/#primaryimage\"},\"thumbnailUrl\":\"https:\/\/qingdaohf.com\/wp-content\/uploads\/2024\/06\/sb-anchor-bolt-10.webp\",\"datePublished\":\"2024-06-19T07:02:52+00:00\",\"dateModified\":\"2025-11-13T01:03:15+00:00\",\"description\":\"Anchor Bolt is a premium-quality foundation bolt designed for secure and robust construction applications\",\"breadcrumb\":{\"@id\":\"https:\/\/qingdaohf.com\/product\/5-8x24-anchor-bolt\/#breadcrumb\"},\"inLanguage\":\"tr\",\"potentialAction\":[{\"@type\":\"ReadAction\",\"target\":[\"https:\/\/qingdaohf.com\/product\/5-8x24-anchor-bolt\/\"]}]},{\"@type\":\"ImageObject\",\"inLanguage\":\"tr\",\"@id\":\"https:\/\/qingdaohf.com\/product\/5-8x24-anchor-bolt\/#primaryimage\",\"url\":\"https:\/\/qingdaohf.com\/wp-content\/uploads\/2024\/06\/sb-anchor-bolt-10.webp\",\"contentUrl\":\"https:\/\/qingdaohf.com\/wp-content\/uploads\/2024\/06\/sb-anchor-bolt-10.webp\",\"width\":1000,\"height\":1000,\"caption\":\"sb anchor bolt\"},{\"@type\":\"BreadcrumbList\",\"@id\":\"https:\/\/qingdaohf.com\/product\/5-8x24-anchor-bolt\/#breadcrumb\",\"itemListElement\":[{\"@type\":\"ListItem\",\"position\":1,\"name\":\"Home\",\"item\":\"https:\/\/qingdaohf.com\/\"},{\"@type\":\"ListItem\",\"position\":2,\"name\":\"Concrete Forming Accessories and Rigging Hardware\",\"item\":\"https:\/\/qingdaohf.com\/bg\/?page_id=944\"},{\"@type\":\"ListItem\",\"position\":3,\"name\":\"5\/8X24 Anchor Bolt\"}]},{\"@type\":\"WebSite\",\"@id\":\"https:\/\/qingdaohf.com\/bg\/#website\",\"url\":\"https:\/\/qingdaohf.com\/bg\/\",\"name\":\"Concrete Form & Rigging Hardware Supplier\",\"description\":\"\",\"publisher\":{\"@id\":\"https:\/\/qingdaohf.com\/bg\/#organization\"},\"potentialAction\":[{\"@type\":\"SearchAction\",\"target\":{\"@type\":\"EntryPoint\",\"urlTemplate\":\"https:\/\/qingdaohf.com\/bg\/?s={search_term_string}\"},\"query-input\":{\"@type\":\"PropertyValueSpecification\",\"valueRequired\":true,\"valueName\":\"search_term_string\"}}],\"inLanguage\":\"tr\"},{\"@type\":\"Organization\",\"@id\":\"https:\/\/qingdaohf.com\/bg\/#organization\",\"name\":\"Qingdao H&F\",\"url\":\"https:\/\/qingdaohf.com\/bg\/\",\"logo\":{\"@type\":\"ImageObject\",\"inLanguage\":\"tr\",\"@id\":\"https:\/\/qingdaohf.com\/bg\/#\/schema\/logo\/image\/\",\"url\":\"https:\/\/qingdaohf.com\/wp-content\/uploads\/2022\/12\/cropped-HF-LOGO.png\",\"contentUrl\":\"https:\/\/qingdaohf.com\/wp-content\/uploads\/2022\/12\/cropped-HF-LOGO.png\",\"width\":391,\"height\":249,\"caption\":\"Qingdao H&F\"},\"image\":{\"@id\":\"https:\/\/qingdaohf.com\/bg\/#\/schema\/logo\/image\/\"},\"sameAs\":[\"https:\/\/www.facebook.com\/qingdaohf\"]}]}<\/script>\n<!-- \/ Yoast SEO plugin. -->","yoast_head_json":{"title":"5\/8X24 Anchor Bolt","description":"Anchor Bolt is a premium-quality foundation bolt designed for secure and robust construction applications","robots":{"index":"index","follow":"follow","max-snippet":"max-snippet:-1","max-image-preview":"max-image-preview:large","max-video-preview":"max-video-preview:-1"},"canonical":"https:\/\/qingdaohf.com\/tr\/urun\/sb-ankraj-civatasi\/","og_locale":"tr_TR","og_type":"article","og_title":"5\/8X24 Anchor Bolt","og_description":"Anchor Bolt is a premium-quality foundation bolt designed for secure and robust construction applications","og_url":"https:\/\/qingdaohf.com\/tr\/urun\/sb-ankraj-civatasi\/","og_site_name":"Concrete Form &amp; Rigging Hardware Supplier","article_publisher":"https:\/\/www.facebook.com\/qingdaohf","article_modified_time":"2025-11-13T01:03:15+00:00","og_image":[{"width":1000,"height":1000,"url":"https:\/\/qingdaohf.com\/wp-content\/uploads\/2024\/06\/sb-anchor-bolt-10.webp","type":"image\/webp"}],"twitter_card":"summary_large_image","twitter_misc":{"Tahmini okuma s\u00fcresi":"3 dakika"},"schema":{"@context":"https:\/\/schema.org","@graph":[{"@type":"WebPage","@id":"https:\/\/qingdaohf.com\/product\/5-8x24-anchor-bolt\/","url":"https:\/\/qingdaohf.com\/product\/5-8x24-anchor-bolt\/","name":"5\/8X24 Anchor Bolt","isPartOf":{"@id":"https:\/\/qingdaohf.com\/bg\/#website"},"primaryImageOfPage":{"@id":"https:\/\/qingdaohf.com\/product\/5-8x24-anchor-bolt\/#primaryimage"},"image":{"@id":"https:\/\/qingdaohf.com\/product\/5-8x24-anchor-bolt\/#primaryimage"},"thumbnailUrl":"https:\/\/qingdaohf.com\/wp-content\/uploads\/2024\/06\/sb-anchor-bolt-10.webp","datePublished":"2024-06-19T07:02:52+00:00","dateModified":"2025-11-13T01:03:15+00:00","description":"Anchor Bolt is a premium-quality foundation bolt designed for secure and robust construction applications","breadcrumb":{"@id":"https:\/\/qingdaohf.com\/product\/5-8x24-anchor-bolt\/#breadcrumb"},"inLanguage":"tr","potentialAction":[{"@type":"ReadAction","target":["https:\/\/qingdaohf.com\/product\/5-8x24-anchor-bolt\/"]}]},{"@type":"ImageObject","inLanguage":"tr","@id":"https:\/\/qingdaohf.com\/product\/5-8x24-anchor-bolt\/#primaryimage","url":"https:\/\/qingdaohf.com\/wp-content\/uploads\/2024\/06\/sb-anchor-bolt-10.webp","contentUrl":"https:\/\/qingdaohf.com\/wp-content\/uploads\/2024\/06\/sb-anchor-bolt-10.webp","width":1000,"height":1000,"caption":"sb anchor bolt"},{"@type":"BreadcrumbList","@id":"https:\/\/qingdaohf.com\/product\/5-8x24-anchor-bolt\/#breadcrumb","itemListElement":[{"@type":"ListItem","position":1,"name":"Home","item":"https:\/\/qingdaohf.com\/"},{"@type":"ListItem","position":2,"name":"Concrete Forming Accessories and Rigging Hardware","item":"https:\/\/qingdaohf.com\/bg\/?page_id=944"},{"@type":"ListItem","position":3,"name":"5\/8X24 Anchor Bolt"}]},{"@type":"WebSite","@id":"https:\/\/qingdaohf.com\/bg\/#website","url":"https:\/\/qingdaohf.com\/bg\/","name":"Concrete Form & Rigging Hardware Supplier","description":"","publisher":{"@id":"https:\/\/qingdaohf.com\/bg\/#organization"},"potentialAction":[{"@type":"SearchAction","target":{"@type":"EntryPoint","urlTemplate":"https:\/\/qingdaohf.com\/bg\/?s={search_term_string}"},"query-input":{"@type":"PropertyValueSpecification","valueRequired":true,"valueName":"search_term_string"}}],"inLanguage":"tr"},{"@type":"Organization","@id":"https:\/\/qingdaohf.com\/bg\/#organization","name":"Qingdao H&F","url":"https:\/\/qingdaohf.com\/bg\/","logo":{"@type":"ImageObject","inLanguage":"tr","@id":"https:\/\/qingdaohf.com\/bg\/#\/schema\/logo\/image\/","url":"https:\/\/qingdaohf.com\/wp-content\/uploads\/2022\/12\/cropped-HF-LOGO.png","contentUrl":"https:\/\/qingdaohf.com\/wp-content\/uploads\/2022\/12\/cropped-HF-LOGO.png","width":391,"height":249,"caption":"Qingdao H&F"},"image":{"@id":"https:\/\/qingdaohf.com\/bg\/#\/schema\/logo\/image\/"},"sameAs":["https:\/\/www.facebook.com\/qingdaohf"]}]}},"_links":{"self":[{"href":"https:\/\/qingdaohf.com\/tr\/wp-json\/wp\/v2\/product\/7481","targetHints":{"allow":["GET"]}}],"collection":[{"href":"https:\/\/qingdaohf.com\/tr\/wp-json\/wp\/v2\/product"}],"about":[{"href":"https:\/\/qingdaohf.com\/tr\/wp-json\/wp\/v2\/types\/product"}],"replies":[{"embeddable":true,"href":"https:\/\/qingdaohf.com\/tr\/wp-json\/wp\/v2\/comments?post=7481"}],"version-history":[{"count":5,"href":"https:\/\/qingdaohf.com\/tr\/wp-json\/wp\/v2\/product\/7481\/revisions"}],"predecessor-version":[{"id":8975,"href":"https:\/\/qingdaohf.com\/tr\/wp-json\/wp\/v2\/product\/7481\/revisions\/8975"}],"wp:featuredmedia":[{"embeddable":true,"href":"https:\/\/qingdaohf.com\/tr\/wp-json\/wp\/v2\/media\/7485"}],"wp:attachment":[{"href":"https:\/\/qingdaohf.com\/tr\/wp-json\/wp\/v2\/media?parent=7481"}],"wp:term":[{"taxonomy":"product_brand","embeddable":true,"href":"https:\/\/qingdaohf.com\/tr\/wp-json\/wp\/v2\/product_brand?post=7481"},{"taxonomy":"product_cat","embeddable":true,"href":"https:\/\/qingdaohf.com\/tr\/wp-json\/wp\/v2\/product_cat?post=7481"},{"taxonomy":"product_tag","embeddable":true,"href":"https:\/\/qingdaohf.com\/tr\/wp-json\/wp\/v2\/product_tag?post=7481"}],"curies":[{"name":"wp","href":"https:\/\/api.w.org\/{rel}","templated":true}]}}