{"id":7512,"date":"2024-06-27T14:28:56","date_gmt":"2024-06-27T06:28:56","guid":{"rendered":"http:\/\/qingdaohf.com\/?post_type=product&#038;p=7512"},"modified":"2025-11-13T09:03:15","modified_gmt":"2025-11-13T01:03:15","slug":"l-bolts-for-concrete","status":"publish","type":"product","link":"https:\/\/qingdaohf.com\/tr\/urun\/beton-i\u0307ci\u0307n-l-ci\u0307vatalar\/","title":{"rendered":"Temel Ankraj C\u0131vatalar\u0131 Beton i\u00e7in L C\u0131vatalar"},"content":{"rendered":"<h3>Beton i\u00e7in L C\u0131vatalara Giri\u015f<\/h3>\n<p>L \u015feklindeki ankraj c\u0131vatalar\u0131 olarak da bilinen L c\u0131vatalar, in\u015faat sekt\u00f6r\u00fcn\u00fcn vazge\u00e7ilmez bile\u015fenleridir. Bu c\u0131vatalar, beton yap\u0131lar\u0131 sabitlemek i\u00e7in \u00f6zel olarak tasarlanm\u0131\u015ft\u0131r ve \u00e7e\u015fitli bina t\u00fcrleri ve altyap\u0131 projeleri i\u00e7in g\u00fcvenilir ve sa\u011flam bir temel sa\u011flar. L \u015fekilleri ola\u011fan\u00fcst\u00fc tutma g\u00fcc\u00fc sunarak a\u011f\u0131r y\u00fckleri sabitlemek ve yap\u0131sal b\u00fct\u00fcnl\u00fc\u011f\u00fc sa\u011flamak i\u00e7in ideal bir se\u00e7imdir.<\/p>\n<h3>\u0130n\u015faatta L C\u0131vatalar\u0131n \u00d6nemi<\/h3>\n<p>Herhangi bir in\u015faat projesinde, temel en kritik unsurdur. T\u00fcm yap\u0131y\u0131 destekler ve stabilitesini sa\u011flar. Beton i\u00e7in L c\u0131vatalar bu konuda \u00e7ok \u00f6nemli bir rol oynar. Beton temele g\u00f6m\u00fcl\u00fcrler ve di\u015fli u\u00e7lar\u0131 yap\u0131sal elemanlar\u0131 tutturmak i\u00e7in \u00e7\u0131k\u0131nt\u0131 yapar. Bu tasar\u0131m, \u00f6nemli stres ve y\u00fcke dayanabilecek g\u00fc\u00e7l\u00fc ve g\u00fcvenli bir ba\u011flant\u0131 sa\u011flar.<\/p>\n<p>L c\u0131vatalar konutlar, ticari yap\u0131lar, k\u00f6pr\u00fcler ve end\u00fcstriyel tesisler de dahil olmak \u00fczere \u00e7e\u015fitli uygulamalarda yayg\u0131n olarak kullan\u0131lmaktad\u0131r. Sabit bir ba\u011flant\u0131 noktas\u0131 sa\u011flama yetenekleri, bu yap\u0131lar\u0131n g\u00fcvenli\u011fini ve uzun \u00f6m\u00fcrl\u00fcl\u00fc\u011f\u00fcn\u00fc sa\u011flamak i\u00e7in onlar\u0131 gerekli k\u0131lar. \u0130n\u015faat profesyonelleri, L c\u0131vatalar\u0131 kullanarak projelerinin g\u00fcvenilirli\u011finden ve dayan\u0131kl\u0131l\u0131\u011f\u0131ndan emin olabilirler.<\/p>\n<h3>L C\u0131vata \u00c7e\u015fitleri ve Boyutlar\u0131<\/h3>\n<p>L c\u0131vatalar, farkl\u0131 in\u015faat projelerinin \u00e7e\u015fitli ihtiya\u00e7lar\u0131n\u0131 kar\u015f\u0131lamak i\u00e7in \u00e7e\u015fitli boyutlarda ve malzemelerde gelir. Beton i\u00e7in L c\u0131vatalar\u0131m\u0131z a\u015fa\u011f\u0131daki boyutlarda mevcuttur: 5\/8, 3\/8, 1\/2 ve 1\/4 in\u00e7. Her boyut, \u00e7e\u015fitli in\u015faat senaryolar\u0131nda optimum performans sa\u011flamak \u00fczere belirli y\u00fckleri ve uygulamalar\u0131 kald\u0131racak \u015fekilde tasarlanm\u0131\u015ft\u0131r.<\/p>\n<p>Ayr\u0131ca, L c\u0131vatalar\u0131 hem galvanizli hem de paslanmaz \u00e7elik se\u00e7enekleriyle sunuyoruz. Galvanizli L c\u0131vatalar, m\u00fckemmel korozyon direnci sa\u011flayan ve c\u0131vatalar\u0131n \u00f6mr\u00fcn\u00fc uzatan bir \u00e7inko tabakas\u0131 ile kaplanm\u0131\u015ft\u0131r. Bu da onlar\u0131 sert hava ko\u015fullar\u0131na maruz kald\u0131klar\u0131 d\u0131\u015f mekan ve a\u00e7\u0131k ortamlar i\u00e7in uygun hale getirir. \u00d6te yandan, paslanmaz \u00e7elik L c\u0131vatalar pas ve korozyona kar\u015f\u0131 \u00fcst\u00fcn g\u00fc\u00e7 ve diren\u00e7 sunarak en \u00fcst d\u00fczeyde dayan\u0131kl\u0131l\u0131k ve performans gerektiren projeler i\u00e7in idealdir.<\/p>\n<h3>\u0130n\u015faatta L C\u0131vata Uygulamalar\u0131<\/h3>\n<p>L c\u0131vatalar\u0131n \u00e7ok y\u00f6nl\u00fcl\u00fc\u011f\u00fc, onlar\u0131 in\u015faat sekt\u00f6r\u00fcnde \u00e7ok \u00e7e\u015fitli uygulamalar i\u00e7in uygun hale getirir. Genellikle beton temellerdeki yap\u0131sal kolonlar\u0131, kiri\u015fleri ve destekleri sabitlemek i\u00e7in kullan\u0131l\u0131rlar. Bu, yap\u0131sal elemanlar\u0131n s\u0131k\u0131ca sabitlenmesini sa\u011flayarak binan\u0131n b\u00fct\u00fcnl\u00fc\u011f\u00fcn\u00fc tehlikeye atabilecek herhangi bir hareketi veya yer de\u011fi\u015ftirmeyi \u00f6nler.<\/p>\n<p>Yap\u0131sal uygulamalara ek olarak, L c\u0131vatalar di\u011fer \u00e7e\u015fitli in\u015faat i\u015flerinde de kullan\u0131l\u0131r. \u00d6rne\u011fin, herhangi bir potansiyel tehlikeyi \u00f6nlemek i\u00e7in g\u00fcvenli bir ba\u011flant\u0131 noktas\u0131n\u0131n gerekli oldu\u011fu a\u011f\u0131r makine ve ekipmanlar\u0131n kurulumunda s\u0131kl\u0131kla kullan\u0131l\u0131rlar. L c\u0131vatalar, topra\u011f\u0131n uygulad\u0131\u011f\u0131 bas\u0131nca dayanmak i\u00e7in gerekli deste\u011fi sa\u011flad\u0131klar\u0131 istinat duvarlar\u0131n\u0131n yap\u0131m\u0131nda da kullan\u0131l\u0131r.<\/p>\n<p>Ayr\u0131ca, L bulonlar k\u00f6pr\u00fc ve t\u00fcnel gibi altyap\u0131 projelerinde yayg\u0131n olarak kullan\u0131lmaktad\u0131r. Bu projeler, yap\u0131lar\u0131n stabilitesini ve g\u00fcvenli\u011fini sa\u011flamak i\u00e7in sa\u011flam ve g\u00fcvenilir ankraj noktalar\u0131 gerektirir. M\u00fchendisler, L bulonlar\u0131 kullanarak bu b\u00fcy\u00fck \u00f6l\u00e7ekli yap\u0131larla ili\u015fkili dinamik y\u00fcklere ve gerilimlere dayanabilecek g\u00fc\u00e7l\u00fc ba\u011flant\u0131lar olu\u015fturabilirler.<\/p>\n<h3>L C\u0131vatalar\u0131n Montaj\u0131 ve Bak\u0131m\u0131<\/h3>\n<p>L c\u0131vatalar\u0131n do\u011fru montaj\u0131 ve bak\u0131m\u0131, performanslar\u0131n\u0131n ve uzun \u00f6m\u00fcrl\u00fc olmalar\u0131n\u0131n sa\u011flanmas\u0131 i\u00e7in \u00e7ok \u00f6nemlidir. Montaj s\u0131ras\u0131nda, c\u0131vatalar\u0131n do\u011fru \u015fekilde konumland\u0131r\u0131ld\u0131\u011f\u0131ndan ve betona g\u00fcvenli bir \u015fekilde g\u00f6m\u00fcld\u00fc\u011f\u00fcnden emin olmak \u00f6nemlidir. Bu, c\u0131vatalar\u0131n gerekli deste\u011fi sa\u011flad\u0131\u011f\u0131ndan emin olmak i\u00e7in hassas \u00f6l\u00e7\u00fcmler ve hizalama gerektirir.<\/p>\n<p>L c\u0131vatalar monte edildikten sonra, performanslar\u0131n\u0131n devaml\u0131l\u0131\u011f\u0131n\u0131 sa\u011flamak i\u00e7in d\u00fczenli bak\u0131m \u015fartt\u0131r. Bu, herhangi bir korozyon, a\u015f\u0131nma veya hasar belirtisi olup olmad\u0131\u011f\u0131n\u0131 kontrol etmek i\u00e7in periyodik incelemeleri i\u00e7erir. Galvanizli L c\u0131vatalar s\u00f6z konusu oldu\u011funda, etkili korozyon direnci sa\u011flamak i\u00e7in \u00e7inko kaplaman\u0131n bozulmadan kalmas\u0131n\u0131 sa\u011flamak \u00f6nemlidir. Paslanmaz \u00e7elik L c\u0131vatalarda, g\u00f6r\u00fcn\u00fcm ve i\u015flevselliklerini korumak i\u00e7in d\u00fczenli temizlik ve denetim gereklidir.<\/p>\n<h3>Sonu\u00e7<\/h3>\n<p>Beton i\u00e7in L c\u0131vatalar in\u015faat sekt\u00f6r\u00fcnde hayati bir bile\u015fendir ve \u00e7e\u015fitli uygulamalar i\u00e7in g\u00fcvenilir ve sa\u011flam ankraj \u00e7\u00f6z\u00fcmleri sa\u011flar. L \u015feklindeki tasar\u0131mlar\u0131 ola\u011fan\u00fcst\u00fc tutma g\u00fcc\u00fc sa\u011flayarak a\u011f\u0131r y\u00fcklerin sabitlenmesi ve yap\u0131lar\u0131n stabilitesinin sa\u011flanmas\u0131 i\u00e7in idealdir. Galvanizli ve paslanmaz \u00e7elik de dahil olmak \u00fczere \u00e7e\u015fitli boyut ve malzemelerde mevcut olan bu c\u0131vatalar, \u00e7ok \u00e7e\u015fitli in\u015faat projeleri i\u00e7in dayan\u0131kl\u0131l\u0131k ve korozyon direnci sunar.<\/p>\n<p>\u0130n\u015faat profesyonelleri, L bulonlar\u0131n \u00f6nemini anlayarak ve do\u011fru kurulum ve bak\u0131m uygulamalar\u0131n\u0131 takip ederek projelerinin g\u00fcvenli\u011fini, sa\u011flaml\u0131\u011f\u0131n\u0131 ve uzun \u00f6m\u00fcrl\u00fc olmas\u0131n\u0131 sa\u011flayabilir. \u0130ster konut binalar\u0131, ister ticari yap\u0131lar veya b\u00fcy\u00fck \u00f6l\u00e7ekli altyap\u0131 projeleri i\u00e7in olsun, beton i\u00e7in L bulonlar g\u00fcvenilir ve dayan\u0131kl\u0131 in\u015faat sonu\u00e7lar\u0131 elde etmek i\u00e7in \u00f6nemli bir ara\u00e7t\u0131r.<\/p>\n<div class=\"ast-oembed-container\" style=\"height: 100%;\"><iframe title=\"Temel C\u0131vatalar\u0131 J C\u0131vata\" width=\"500\" height=\"281\" src=\"https:\/\/www.youtube.com\/embed\/F2jfo40uEQM?feature=oembed\" frameborder=\"0\" allow=\"accelerometer; autoplay; clipboard-write; encrypted-media; gyroscope; picture-in-picture; web-share\" referrerpolicy=\"strict-origin-when-cross-origin\" allowfullscreen><\/iframe><\/div>","protected":false},"excerpt":{"rendered":"<p>Beton i\u00e7in y\u00fcksek kaliteli L c\u0131vatalar\u0131m\u0131z g\u00fcvenli temel ankraj\u0131 i\u00e7in gereklidir. 5\/8, 3\/8, 1\/2 ve 1\/4 boyutlar\u0131nda mevcut olan bu L \u015fekilli ankraj c\u0131vatalar\u0131 galvanizli ve paslanmaz \u00e7elik se\u00e7eneklerine sahiptir. \u00c7e\u015fitli in\u015faat projeleri i\u00e7in m\u00fckemmel olan bu c\u0131vatalar dayan\u0131kl\u0131l\u0131k ve stabilite sa\u011flar.<\/p>","protected":false},"featured_media":6996,"comment_status":"open","ping_status":"closed","template":"","meta":{"site-sidebar-layout":"default","site-content-layout":"","ast-site-content-layout":"default","site-content-style":"default","site-sidebar-style":"default","ast-global-header-display":"","ast-banner-title-visibility":"","ast-main-header-display":"","ast-hfb-above-header-display":"","ast-hfb-below-header-display":"","ast-hfb-mobile-header-display":"","site-post-title":"","ast-breadcrumbs-content":"","ast-featured-img":"","footer-sml-layout":"","theme-transparent-header-meta":"default","adv-header-id-meta":"","stick-header-meta":"default","header-above-stick-meta":"","header-main-stick-meta":"","header-below-stick-meta":"","astra-migrate-meta-layouts":"set","ast-page-background-enabled":"default","ast-page-background-meta":{"desktop":{"background-color":"","background-image":"","background-repeat":"repeat","background-position":"center center","background-size":"auto","background-attachment":"scroll","background-type":"","background-media":"","overlay-type":"","overlay-color":"","overlay-opacity":"","overlay-gradient":""},"tablet":{"background-color":"","background-image":"","background-repeat":"repeat","background-position":"center center","background-size":"auto","background-attachment":"scroll","background-type":"","background-media":"","overlay-type":"","overlay-color":"","overlay-opacity":"","overlay-gradient":""},"mobile":{"background-color":"","background-image":"","background-repeat":"repeat","background-position":"center center","background-size":"auto","background-attachment":"scroll","background-type":"","background-media":"","overlay-type":"","overlay-color":"","overlay-opacity":"","overlay-gradient":""}},"ast-content-background-meta":{"desktop":{"background-color":"var(--ast-global-color-5)","background-image":"","background-repeat":"repeat","background-position":"center center","background-size":"auto","background-attachment":"scroll","background-type":"","background-media":"","overlay-type":"","overlay-color":"","overlay-opacity":"","overlay-gradient":""},"tablet":{"background-color":"var(--ast-global-color-5)","background-image":"","background-repeat":"repeat","background-position":"center center","background-size":"auto","background-attachment":"scroll","background-type":"","background-media":"","overlay-type":"","overlay-color":"","overlay-opacity":"","overlay-gradient":""},"mobile":{"background-color":"var(--ast-global-color-5)","background-image":"","background-repeat":"repeat","background-position":"center center","background-size":"auto","background-attachment":"scroll","background-type":"","background-media":"","overlay-type":"","overlay-color":"","overlay-opacity":"","overlay-gradient":""}}},"product_brand":[],"product_cat":[28],"product_tag":[],"class_list":{"0":"post-7512","1":"product","2":"type-product","3":"status-publish","4":"has-post-thumbnail","6":"product_cat-concrete-forming","7":"desktop-align-left","8":"tablet-align-left","9":"mobile-align-left","10":"ast-product-gallery-layout-horizontal-slider","11":"ast-product-tabs-layout-horizontal","13":"first","14":"instock","15":"featured","16":"shipping-taxable","17":"purchasable","18":"product-type-simple"},"yoast_head":"<!-- This site is optimized with the Yoast SEO plugin v25.2 - https:\/\/yoast.com\/wordpress\/plugins\/seo\/ -->\n<title>Foundation Anchor Bolts L Bolts for Concrete<\/title>\n<meta name=\"description\" content=\"L bolts for concrete are essential for secure foundation anchoring. Available in 5\/8, 3\/8, 1\/2, and 1\/4 sizes.\" \/>\n<meta name=\"robots\" content=\"index, follow, max-snippet:-1, max-image-preview:large, max-video-preview:-1\" \/>\n<link rel=\"canonical\" href=\"https:\/\/qingdaohf.com\/tr\/urun\/beton-i\u0307ci\u0307n-l-ci\u0307vatalar\/\" \/>\n<meta property=\"og:locale\" content=\"tr_TR\" \/>\n<meta property=\"og:type\" content=\"article\" \/>\n<meta property=\"og:title\" content=\"Foundation Anchor Bolts L Bolts for Concrete\" \/>\n<meta property=\"og:description\" content=\"L bolts for concrete are essential for secure foundation anchoring. Available in 5\/8, 3\/8, 1\/2, and 1\/4 sizes.\" \/>\n<meta property=\"og:url\" content=\"https:\/\/qingdaohf.com\/tr\/urun\/beton-i\u0307ci\u0307n-l-ci\u0307vatalar\/\" \/>\n<meta property=\"og:site_name\" content=\"Concrete Form &amp; Rigging Hardware Supplier\" \/>\n<meta property=\"article:publisher\" content=\"https:\/\/www.facebook.com\/qingdaohf\" \/>\n<meta property=\"article:modified_time\" content=\"2025-11-13T01:03:15+00:00\" \/>\n<meta property=\"og:image\" content=\"https:\/\/qingdaohf.com\/wp-content\/uploads\/2024\/05\/J-bolt-2.jpg\" \/>\n\t<meta property=\"og:image:width\" content=\"1000\" \/>\n\t<meta property=\"og:image:height\" content=\"1000\" \/>\n\t<meta property=\"og:image:type\" content=\"image\/jpeg\" \/>\n<meta name=\"twitter:card\" content=\"summary_large_image\" \/>\n<meta name=\"twitter:label1\" content=\"Tahmini okuma s\u00fcresi\" \/>\n\t<meta name=\"twitter:data1\" content=\"4 dakika\" \/>\n<script type=\"application\/ld+json\" class=\"yoast-schema-graph\">{\"@context\":\"https:\/\/schema.org\",\"@graph\":[{\"@type\":\"WebPage\",\"@id\":\"https:\/\/qingdaohf.com\/product\/l-bolts-for-concrete\/\",\"url\":\"https:\/\/qingdaohf.com\/product\/l-bolts-for-concrete\/\",\"name\":\"Foundation Anchor Bolts L Bolts for Concrete\",\"isPartOf\":{\"@id\":\"https:\/\/qingdaohf.com\/bg\/#website\"},\"primaryImageOfPage\":{\"@id\":\"https:\/\/qingdaohf.com\/product\/l-bolts-for-concrete\/#primaryimage\"},\"image\":{\"@id\":\"https:\/\/qingdaohf.com\/product\/l-bolts-for-concrete\/#primaryimage\"},\"thumbnailUrl\":\"https:\/\/qingdaohf.com\/wp-content\/uploads\/2024\/05\/J-bolt-2.jpg\",\"datePublished\":\"2024-06-27T06:28:56+00:00\",\"dateModified\":\"2025-11-13T01:03:15+00:00\",\"description\":\"L bolts for concrete are essential for secure foundation anchoring. Available in 5\/8, 3\/8, 1\/2, and 1\/4 sizes.\",\"breadcrumb\":{\"@id\":\"https:\/\/qingdaohf.com\/product\/l-bolts-for-concrete\/#breadcrumb\"},\"inLanguage\":\"tr\",\"potentialAction\":[{\"@type\":\"ReadAction\",\"target\":[\"https:\/\/qingdaohf.com\/product\/l-bolts-for-concrete\/\"]}]},{\"@type\":\"ImageObject\",\"inLanguage\":\"tr\",\"@id\":\"https:\/\/qingdaohf.com\/product\/l-bolts-for-concrete\/#primaryimage\",\"url\":\"https:\/\/qingdaohf.com\/wp-content\/uploads\/2024\/05\/J-bolt-2.jpg\",\"contentUrl\":\"https:\/\/qingdaohf.com\/wp-content\/uploads\/2024\/05\/J-bolt-2.jpg\",\"width\":1000,\"height\":1000,\"caption\":\"l bolts for concrete\"},{\"@type\":\"BreadcrumbList\",\"@id\":\"https:\/\/qingdaohf.com\/product\/l-bolts-for-concrete\/#breadcrumb\",\"itemListElement\":[{\"@type\":\"ListItem\",\"position\":1,\"name\":\"Home\",\"item\":\"https:\/\/qingdaohf.com\/\"},{\"@type\":\"ListItem\",\"position\":2,\"name\":\"Concrete Forming Accessories and Rigging Hardware\",\"item\":\"https:\/\/qingdaohf.com\/bg\/?page_id=944\"},{\"@type\":\"ListItem\",\"position\":3,\"name\":\"Foundation Anchor Bolts L Bolts for Concrete\"}]},{\"@type\":\"WebSite\",\"@id\":\"https:\/\/qingdaohf.com\/bg\/#website\",\"url\":\"https:\/\/qingdaohf.com\/bg\/\",\"name\":\"Concrete Form & Rigging Hardware Supplier\",\"description\":\"\",\"publisher\":{\"@id\":\"https:\/\/qingdaohf.com\/bg\/#organization\"},\"potentialAction\":[{\"@type\":\"SearchAction\",\"target\":{\"@type\":\"EntryPoint\",\"urlTemplate\":\"https:\/\/qingdaohf.com\/bg\/?s={search_term_string}\"},\"query-input\":{\"@type\":\"PropertyValueSpecification\",\"valueRequired\":true,\"valueName\":\"search_term_string\"}}],\"inLanguage\":\"tr\"},{\"@type\":\"Organization\",\"@id\":\"https:\/\/qingdaohf.com\/bg\/#organization\",\"name\":\"Qingdao H&F\",\"url\":\"https:\/\/qingdaohf.com\/bg\/\",\"logo\":{\"@type\":\"ImageObject\",\"inLanguage\":\"tr\",\"@id\":\"https:\/\/qingdaohf.com\/bg\/#\/schema\/logo\/image\/\",\"url\":\"https:\/\/qingdaohf.com\/wp-content\/uploads\/2022\/12\/cropped-HF-LOGO.png\",\"contentUrl\":\"https:\/\/qingdaohf.com\/wp-content\/uploads\/2022\/12\/cropped-HF-LOGO.png\",\"width\":391,\"height\":249,\"caption\":\"Qingdao H&F\"},\"image\":{\"@id\":\"https:\/\/qingdaohf.com\/bg\/#\/schema\/logo\/image\/\"},\"sameAs\":[\"https:\/\/www.facebook.com\/qingdaohf\"]}]}<\/script>\n<!-- \/ Yoast SEO plugin. -->","yoast_head_json":{"title":"Foundation Anchor Bolts L Bolts for Concrete","description":"L bolts for concrete are essential for secure foundation anchoring. Available in 5\/8, 3\/8, 1\/2, and 1\/4 sizes.","robots":{"index":"index","follow":"follow","max-snippet":"max-snippet:-1","max-image-preview":"max-image-preview:large","max-video-preview":"max-video-preview:-1"},"canonical":"https:\/\/qingdaohf.com\/tr\/urun\/beton-i\u0307ci\u0307n-l-ci\u0307vatalar\/","og_locale":"tr_TR","og_type":"article","og_title":"Foundation Anchor Bolts L Bolts for Concrete","og_description":"L bolts for concrete are essential for secure foundation anchoring. Available in 5\/8, 3\/8, 1\/2, and 1\/4 sizes.","og_url":"https:\/\/qingdaohf.com\/tr\/urun\/beton-i\u0307ci\u0307n-l-ci\u0307vatalar\/","og_site_name":"Concrete Form &amp; Rigging Hardware Supplier","article_publisher":"https:\/\/www.facebook.com\/qingdaohf","article_modified_time":"2025-11-13T01:03:15+00:00","og_image":[{"width":1000,"height":1000,"url":"https:\/\/qingdaohf.com\/wp-content\/uploads\/2024\/05\/J-bolt-2.jpg","type":"image\/jpeg"}],"twitter_card":"summary_large_image","twitter_misc":{"Tahmini okuma s\u00fcresi":"4 dakika"},"schema":{"@context":"https:\/\/schema.org","@graph":[{"@type":"WebPage","@id":"https:\/\/qingdaohf.com\/product\/l-bolts-for-concrete\/","url":"https:\/\/qingdaohf.com\/product\/l-bolts-for-concrete\/","name":"Foundation Anchor Bolts L Bolts for Concrete","isPartOf":{"@id":"https:\/\/qingdaohf.com\/bg\/#website"},"primaryImageOfPage":{"@id":"https:\/\/qingdaohf.com\/product\/l-bolts-for-concrete\/#primaryimage"},"image":{"@id":"https:\/\/qingdaohf.com\/product\/l-bolts-for-concrete\/#primaryimage"},"thumbnailUrl":"https:\/\/qingdaohf.com\/wp-content\/uploads\/2024\/05\/J-bolt-2.jpg","datePublished":"2024-06-27T06:28:56+00:00","dateModified":"2025-11-13T01:03:15+00:00","description":"L bolts for concrete are essential for secure foundation anchoring. Available in 5\/8, 3\/8, 1\/2, and 1\/4 sizes.","breadcrumb":{"@id":"https:\/\/qingdaohf.com\/product\/l-bolts-for-concrete\/#breadcrumb"},"inLanguage":"tr","potentialAction":[{"@type":"ReadAction","target":["https:\/\/qingdaohf.com\/product\/l-bolts-for-concrete\/"]}]},{"@type":"ImageObject","inLanguage":"tr","@id":"https:\/\/qingdaohf.com\/product\/l-bolts-for-concrete\/#primaryimage","url":"https:\/\/qingdaohf.com\/wp-content\/uploads\/2024\/05\/J-bolt-2.jpg","contentUrl":"https:\/\/qingdaohf.com\/wp-content\/uploads\/2024\/05\/J-bolt-2.jpg","width":1000,"height":1000,"caption":"l bolts for concrete"},{"@type":"BreadcrumbList","@id":"https:\/\/qingdaohf.com\/product\/l-bolts-for-concrete\/#breadcrumb","itemListElement":[{"@type":"ListItem","position":1,"name":"Home","item":"https:\/\/qingdaohf.com\/"},{"@type":"ListItem","position":2,"name":"Concrete Forming Accessories and Rigging Hardware","item":"https:\/\/qingdaohf.com\/bg\/?page_id=944"},{"@type":"ListItem","position":3,"name":"Foundation Anchor Bolts L Bolts for Concrete"}]},{"@type":"WebSite","@id":"https:\/\/qingdaohf.com\/bg\/#website","url":"https:\/\/qingdaohf.com\/bg\/","name":"Concrete Form & Rigging Hardware Supplier","description":"","publisher":{"@id":"https:\/\/qingdaohf.com\/bg\/#organization"},"potentialAction":[{"@type":"SearchAction","target":{"@type":"EntryPoint","urlTemplate":"https:\/\/qingdaohf.com\/bg\/?s={search_term_string}"},"query-input":{"@type":"PropertyValueSpecification","valueRequired":true,"valueName":"search_term_string"}}],"inLanguage":"tr"},{"@type":"Organization","@id":"https:\/\/qingdaohf.com\/bg\/#organization","name":"Qingdao H&F","url":"https:\/\/qingdaohf.com\/bg\/","logo":{"@type":"ImageObject","inLanguage":"tr","@id":"https:\/\/qingdaohf.com\/bg\/#\/schema\/logo\/image\/","url":"https:\/\/qingdaohf.com\/wp-content\/uploads\/2022\/12\/cropped-HF-LOGO.png","contentUrl":"https:\/\/qingdaohf.com\/wp-content\/uploads\/2022\/12\/cropped-HF-LOGO.png","width":391,"height":249,"caption":"Qingdao H&F"},"image":{"@id":"https:\/\/qingdaohf.com\/bg\/#\/schema\/logo\/image\/"},"sameAs":["https:\/\/www.facebook.com\/qingdaohf"]}]}},"_links":{"self":[{"href":"https:\/\/qingdaohf.com\/tr\/wp-json\/wp\/v2\/product\/7512","targetHints":{"allow":["GET"]}}],"collection":[{"href":"https:\/\/qingdaohf.com\/tr\/wp-json\/wp\/v2\/product"}],"about":[{"href":"https:\/\/qingdaohf.com\/tr\/wp-json\/wp\/v2\/types\/product"}],"replies":[{"embeddable":true,"href":"https:\/\/qingdaohf.com\/tr\/wp-json\/wp\/v2\/comments?post=7512"}],"version-history":[{"count":3,"href":"https:\/\/qingdaohf.com\/tr\/wp-json\/wp\/v2\/product\/7512\/revisions"}],"predecessor-version":[{"id":7552,"href":"https:\/\/qingdaohf.com\/tr\/wp-json\/wp\/v2\/product\/7512\/revisions\/7552"}],"wp:featuredmedia":[{"embeddable":true,"href":"https:\/\/qingdaohf.com\/tr\/wp-json\/wp\/v2\/media\/6996"}],"wp:attachment":[{"href":"https:\/\/qingdaohf.com\/tr\/wp-json\/wp\/v2\/media?parent=7512"}],"wp:term":[{"taxonomy":"product_brand","embeddable":true,"href":"https:\/\/qingdaohf.com\/tr\/wp-json\/wp\/v2\/product_brand?post=7512"},{"taxonomy":"product_cat","embeddable":true,"href":"https:\/\/qingdaohf.com\/tr\/wp-json\/wp\/v2\/product_cat?post=7512"},{"taxonomy":"product_tag","embeddable":true,"href":"https:\/\/qingdaohf.com\/tr\/wp-json\/wp\/v2\/product_tag?post=7512"}],"curies":[{"name":"wp","href":"https:\/\/api.w.org\/{rel}","templated":true}]}}