{"id":7535,"date":"2024-06-28T14:33:31","date_gmt":"2024-06-28T06:33:31","guid":{"rendered":"http:\/\/qingdaohf.com\/?post_type=product&#038;p=7535"},"modified":"2025-11-13T09:03:14","modified_gmt":"2025-11-13T01:03:14","slug":"j-hook-tow-chain","status":"publish","type":"product","link":"https:\/\/qingdaohf.com\/tr\/urun\/j-kancali-cekme-zinciri\/","title":{"rendered":"J Kanca \u00c7ekme Zinciri"},"content":{"rendered":"<h3><strong>J Kanca \u00c7ekme Zinciri ile tan\u0131\u015f\u0131n<\/strong><\/h3>\n<p>J Kanca \u00c7ekme Zinciri, \u00e7ekme ve kurtarma end\u00fcstrisinde sa\u011flaml\u0131\u011f\u0131 ve \u00e7ok y\u00f6nl\u00fcl\u00fc\u011f\u00fc ile bilinen kritik bir bile\u015fendir. Y\u00fcksek mukavemetli \u00e7elikten \u00fcretilen bu zincir, en zorlu \u00e7ekme g\u00f6revlerinin \u00fcstesinden kolayl\u0131kla gelmek i\u00e7in tasarlanm\u0131\u015ft\u0131r. \u0130ster profesyonel bir \u00e7ekici operat\u00f6r\u00fc olun ister kendin yap merakl\u0131s\u0131, J Kanca \u00c7ekme Zinciri ara\u00e7lar\u0131n ve a\u011f\u0131r y\u00fcklerin g\u00fcvenli ve verimli bir \u015fekilde ta\u015f\u0131nmas\u0131n\u0131 sa\u011flamak i\u00e7in \u00f6nemli bir ara\u00e7t\u0131r.<\/p>\n<p><img fetchpriority=\"high\" decoding=\"async\" class=\"alignnone size-full wp-image-7518\" src=\"http:\/\/qingdaohf.com\/wp-content\/uploads\/2024\/06\/G70-TOW-CHAIN-3.webp\" alt=\"J kanca zinciri\" width=\"1000\" height=\"1000\" srcset=\"https:\/\/qingdaohf.com\/wp-content\/uploads\/2024\/06\/G70-TOW-CHAIN-3.webp 1000w, https:\/\/qingdaohf.com\/wp-content\/uploads\/2024\/06\/G70-TOW-CHAIN-3-300x300.webp 300w, https:\/\/qingdaohf.com\/wp-content\/uploads\/2024\/06\/G70-TOW-CHAIN-3-150x150.webp 150w, https:\/\/qingdaohf.com\/wp-content\/uploads\/2024\/06\/G70-TOW-CHAIN-3-768x768.webp 768w, https:\/\/qingdaohf.com\/wp-content\/uploads\/2024\/06\/G70-TOW-CHAIN-3-12x12.webp 12w, https:\/\/qingdaohf.com\/wp-content\/uploads\/2024\/06\/G70-TOW-CHAIN-3-500x500.webp 500w, https:\/\/qingdaohf.com\/wp-content\/uploads\/2024\/06\/G70-TOW-CHAIN-3-100x100.webp 100w\" sizes=\"(max-width: 1000px) 100vw, 1000px\" \/><\/p>\n<h3><strong>J Kanca \u00c7ekme Zinciri Uygulamalar\u0131<\/strong><\/h3>\n<p>J Kanca \u00c7ekme Zinciri \u00e7e\u015fitli uygulamalarda m\u00fckemmeldir. Genellikle sa\u011flaml\u0131\u011f\u0131 ve g\u00fcvenilirli\u011finin \u00e7ok \u00f6nemli oldu\u011fu ara\u00e7 kurtarma operasyonlar\u0131nda kullan\u0131l\u0131r. J Kanca tasar\u0131m\u0131, ara\u00e7 \u015fasilerine, akslara ve di\u011fer ba\u011flant\u0131 noktalar\u0131na g\u00fcvenli bir \u015fekilde ba\u011flanmas\u0131na olanak tan\u0131yarak y\u00fck\u00fcn ta\u015f\u0131ma s\u0131ras\u0131nda s\u0131k\u0131ca yerinde tutulmas\u0131n\u0131 sa\u011flar. Bu zincir ayn\u0131 zamanda r\u00f6morklardaki y\u00fckleri sabitlemek i\u00e7in de vazge\u00e7ilmezdir ve nakliye s\u0131ras\u0131nda ekstra bir g\u00fcvenlik katman\u0131 sa\u011flar.<\/p>\n<p>Ara\u00e7 kurtarman\u0131n yan\u0131 s\u0131ra, J Kanca \u00c7ekme Zinciri bir dizi a\u011f\u0131r hizmet uygulamas\u0131 i\u00e7in idealdir. \u0130n\u015faat profesyonelleri ekipman ve malzemeleri sabitlemek i\u00e7in kullan\u0131rken, \u00e7ift\u00e7iler ve \u00e7iftlik sahipleri a\u011f\u0131r nesneleri \u00e7ekmek ve sabitlemek i\u00e7in paha bi\u00e7ilmez buluyor. \u00c7ok y\u00f6nl\u00fcl\u00fc\u011f\u00fc, onu g\u00fc\u00e7l\u00fc ve g\u00fcvenilir zincirler gerektiren her t\u00fcrl\u00fc g\u00f6rev i\u00e7in ba\u015fvurulacak bir \u00e7\u00f6z\u00fcm haline getirir.<\/p>\n<h3><strong>\u00d6zellikler ve Avantajlar<\/strong><\/h3>\n<p>J Kanca \u00c7ekme Zincirinin \u00f6ne \u00e7\u0131kan \u00f6zelliklerinden biri dayan\u0131kl\u0131l\u0131\u011f\u0131d\u0131r. Y\u00fcksek kaliteli \u00e7elikten \u00fcretilen zincir, a\u015f\u0131r\u0131 strese ve a\u011f\u0131r y\u00fcklere b\u00fck\u00fclmeden veya k\u0131r\u0131lmadan dayanacak \u015fekilde tasarlanm\u0131\u015ft\u0131r. Zincir ayr\u0131ca korozyona dayan\u0131kl\u0131 bir kaplama ile i\u015flenerek zorlu ortamlarda bile uzun \u00f6m\u00fcrl\u00fc olmas\u0131 sa\u011flanm\u0131\u015ft\u0131r. Bu dayan\u0131kl\u0131l\u0131k uzun vadeli g\u00fcvenilirlik anlam\u0131na gelir ve J Kanca \u00c7ekme Zincirini hem profesyoneller hem de hobiciler i\u00e7in uygun maliyetli bir yat\u0131r\u0131m haline getirir.<\/p>\n<p>J Kancal\u0131 \u00c7ekme Zincirinin bir di\u011fer \u00f6nemli avantaj\u0131 da kullan\u0131m kolayl\u0131\u011f\u0131d\u0131r. J Kanca tasar\u0131m\u0131, \u00e7e\u015fitli ba\u011flant\u0131 noktalar\u0131na h\u0131zl\u0131 ve g\u00fcvenli bir \u015fekilde ba\u011flanmaya olanak tan\u0131yarak kurulum s\u00fcresini k\u0131salt\u0131r ve verimlili\u011fi art\u0131r\u0131r. Zincir, kullan\u0131c\u0131lar\u0131n \u00f6zel ihtiya\u00e7lar\u0131 i\u00e7in m\u00fckemmel uyumu se\u00e7melerine olanak tan\u0131yan \u00e7e\u015fitli uzunluklarda ve y\u00fck kapasitelerinde mevcuttur. Bu esneklik, J Kanca \u00c7ekme Zincirinin \u00e7ok \u00e7e\u015fitli \u00e7ekme ve sabitleme g\u00f6revlerinin \u00fcstesinden gelebilmesini sa\u011flar.<\/p>\n<h3><strong>Neden J Kanca \u00c7ekme Zincirini Se\u00e7melisiniz?<\/strong><\/h3>\n<p>\u00c7ekme ve y\u00fck sabitleme s\u00f6z konusu oldu\u011funda g\u00fcvenlik en \u00f6nemli \u00f6nceliktir ve J Kanca \u00c7ekme Zinciri bu konuda en iyisini sunar. Sa\u011flam yap\u0131s\u0131 ve g\u00fcvenli ba\u011flant\u0131 \u00f6zellikleri, y\u00fck\u00fcn\u00fcz\u00fcn g\u00fcvenle sabitlendi\u011fini bilerek i\u00e7inizin rahat olmas\u0131n\u0131 sa\u011flar. Zincirin y\u00fcksek y\u00fck kapasitesi, en a\u011f\u0131r ara\u00e7 ve ekipmanlar\u0131n bile \u00fcstesinden gelebilece\u011fi anlam\u0131na gelir ve bu da onu zorlu i\u015fler i\u00e7in g\u00fcvenilir bir se\u00e7im haline getirir.<\/p>\n<p>Ayr\u0131ca, J Kanca \u00c7ekme Zinciri \u00e7ok y\u00f6nl\u00fcl\u00fck g\u00f6z \u00f6n\u00fcnde bulundurularak tasarlanm\u0131\u015ft\u0131r. Farkl\u0131 uygulamalara uyum sa\u011flama yetene\u011fi, onu \u00e7e\u015fitli sekt\u00f6rlerde de\u011ferli bir ara\u00e7 haline getirir. \u0130ster ara\u00e7 kurtarma, in\u015faat, tar\u0131m veya genel a\u011f\u0131r hizmet i\u015fleriyle u\u011fra\u015f\u0131yor olun, J Kanca \u00c7ekme Zinciri ihtiyac\u0131n\u0131z olan performans\u0131 ve g\u00fcvenilirli\u011fi sunar.<\/p>\n<p>Sonu\u00e7 olarak, J Kanca \u00c7ekme Zinciri g\u00fc\u00e7l\u00fc, dayan\u0131kl\u0131 ve \u00e7ok y\u00f6nl\u00fc bir \u00e7ekme ve sabitleme \u00e7\u00f6z\u00fcm\u00fcne ihtiya\u00e7 duyan herkes i\u00e7in \u00fcst\u00fcn bir se\u00e7imdir. Y\u00fcksek kaliteli yap\u0131s\u0131, kullan\u0131m kolayl\u0131\u011f\u0131 ve geni\u015f uygulama yelpazesi onu hem profesyoneller hem de merakl\u0131lar i\u00e7in vazge\u00e7ilmez bir ara\u00e7 haline getirmektedir. Bug\u00fcn J Kanca \u00c7ekme Zincirine yat\u0131r\u0131m yap\u0131n ve \u00e7ekme ve sabitleme g\u00f6revlerinizin en \u00fcst d\u00fczeyde g\u00fcvenilirlik ve emniyetle yerine getirildi\u011fini bilmenin getirdi\u011fi i\u00e7 huzurunu ya\u015fay\u0131n.<\/p>","protected":false},"excerpt":{"rendered":"<p>J Kanca \u00c7ekme Zinciri, a\u011f\u0131r hizmet tipi \u00e7ekme uygulamalar\u0131 i\u00e7in tasarlanm\u0131\u015f dayan\u0131kl\u0131 ve \u00e7ok y\u00f6nl\u00fc bir ara\u00e7t\u0131r. Y\u00fcksek kaliteli \u00e7elikten \u00fcretilmi\u015ftir, ola\u011fan\u00fcst\u00fc g\u00fc\u00e7 ve g\u00fcvenilirlik sunar. Ara\u00e7lar\u0131n \u00e7ekilmesi, y\u00fcklerin sabitlenmesi ve daha fazlas\u0131 i\u00e7in ideal olan J Kanca \u00c7ekme Zinciri, g\u00fcvenlik ve verimlilik sa\u011flar. \u00c7e\u015fitli uzunluklarda ve kapasitelerde mevcut olup, \u00e7ok \u00e7e\u015fitli \u00e7ekme ihtiya\u00e7lar\u0131n\u0131 kar\u015f\u0131lar.<\/p>","protected":false},"featured_media":8183,"comment_status":"open","ping_status":"closed","template":"","meta":{"site-sidebar-layout":"default","site-content-layout":"","ast-site-content-layout":"default","site-content-style":"default","site-sidebar-style":"default","ast-global-header-display":"","ast-banner-title-visibility":"","ast-main-header-display":"","ast-hfb-above-header-display":"","ast-hfb-below-header-display":"","ast-hfb-mobile-header-display":"","site-post-title":"","ast-breadcrumbs-content":"","ast-featured-img":"","footer-sml-layout":"","theme-transparent-header-meta":"default","adv-header-id-meta":"","stick-header-meta":"default","header-above-stick-meta":"","header-main-stick-meta":"","header-below-stick-meta":"","astra-migrate-meta-layouts":"set","ast-page-background-enabled":"default","ast-page-background-meta":{"desktop":{"background-color":"","background-image":"","background-repeat":"repeat","background-position":"center center","background-size":"auto","background-attachment":"scroll","background-type":"","background-media":"","overlay-type":"","overlay-color":"","overlay-opacity":"","overlay-gradient":""},"tablet":{"background-color":"","background-image":"","background-repeat":"repeat","background-position":"center center","background-size":"auto","background-attachment":"scroll","background-type":"","background-media":"","overlay-type":"","overlay-color":"","overlay-opacity":"","overlay-gradient":""},"mobile":{"background-color":"","background-image":"","background-repeat":"repeat","background-position":"center center","background-size":"auto","background-attachment":"scroll","background-type":"","background-media":"","overlay-type":"","overlay-color":"","overlay-opacity":"","overlay-gradient":""}},"ast-content-background-meta":{"desktop":{"background-color":"var(--ast-global-color-5)","background-image":"","background-repeat":"repeat","background-position":"center center","background-size":"auto","background-attachment":"scroll","background-type":"","background-media":"","overlay-type":"","overlay-color":"","overlay-opacity":"","overlay-gradient":""},"tablet":{"background-color":"var(--ast-global-color-5)","background-image":"","background-repeat":"repeat","background-position":"center center","background-size":"auto","background-attachment":"scroll","background-type":"","background-media":"","overlay-type":"","overlay-color":"","overlay-opacity":"","overlay-gradient":""},"mobile":{"background-color":"var(--ast-global-color-5)","background-image":"","background-repeat":"repeat","background-position":"center center","background-size":"auto","background-attachment":"scroll","background-type":"","background-media":"","overlay-type":"","overlay-color":"","overlay-opacity":"","overlay-gradient":""}}},"product_brand":[],"product_cat":[51,38],"product_tag":[],"class_list":{"0":"post-7535","1":"product","2":"type-product","3":"status-publish","4":"has-post-thumbnail","6":"product_cat-riggging-hardware","7":"product_cat-chain","8":"desktop-align-left","9":"tablet-align-left","10":"mobile-align-left","11":"ast-product-gallery-layout-horizontal-slider","12":"ast-product-tabs-layout-horizontal","14":"first","15":"instock","16":"shipping-taxable","17":"purchasable","18":"product-type-simple"},"yoast_head":"<!-- This site is optimized with the Yoast SEO plugin v25.2 - https:\/\/yoast.com\/wordpress\/plugins\/seo\/ -->\n<title>J Hook Tow Chain<\/title>\n<meta name=\"description\" content=\"J Hook Tow Chain is a durable and versatile tool designed for heavy-duty towing applications. Constructed from high-quality steel, it offers exceptional strength and reliability.\" \/>\n<meta name=\"robots\" content=\"index, follow, max-snippet:-1, max-image-preview:large, max-video-preview:-1\" \/>\n<link rel=\"canonical\" href=\"https:\/\/qingdaohf.com\/tr\/urun\/j-kancali-cekme-zinciri\/\" \/>\n<meta property=\"og:locale\" content=\"tr_TR\" \/>\n<meta property=\"og:type\" content=\"article\" \/>\n<meta property=\"og:title\" content=\"J Hook Tow Chain\" \/>\n<meta property=\"og:description\" content=\"J Hook Tow Chain is a durable and versatile tool designed for heavy-duty towing applications. Constructed from high-quality steel, it offers exceptional strength and reliability.\" \/>\n<meta property=\"og:url\" content=\"https:\/\/qingdaohf.com\/tr\/urun\/j-kancali-cekme-zinciri\/\" \/>\n<meta property=\"og:site_name\" content=\"Concrete Form &amp; Rigging Hardware Supplier\" \/>\n<meta property=\"article:publisher\" content=\"https:\/\/www.facebook.com\/qingdaohf\" \/>\n<meta property=\"article:modified_time\" content=\"2025-11-13T01:03:14+00:00\" \/>\n<meta property=\"og:image\" content=\"https:\/\/qingdaohf.com\/wp-content\/uploads\/2024\/06\/J-hook-chain-5.webp\" \/>\n\t<meta property=\"og:image:width\" content=\"1000\" \/>\n\t<meta property=\"og:image:height\" content=\"1000\" \/>\n\t<meta property=\"og:image:type\" content=\"image\/webp\" \/>\n<meta name=\"twitter:card\" content=\"summary_large_image\" \/>\n<meta name=\"twitter:label1\" content=\"Tahmini okuma s\u00fcresi\" \/>\n\t<meta name=\"twitter:data1\" content=\"3 dakika\" \/>\n<script type=\"application\/ld+json\" class=\"yoast-schema-graph\">{\"@context\":\"https:\/\/schema.org\",\"@graph\":[{\"@type\":\"WebPage\",\"@id\":\"https:\/\/qingdaohf.com\/product\/j-hook-tow-chain\/\",\"url\":\"https:\/\/qingdaohf.com\/product\/j-hook-tow-chain\/\",\"name\":\"J Hook Tow Chain\",\"isPartOf\":{\"@id\":\"https:\/\/qingdaohf.com\/bg\/#website\"},\"primaryImageOfPage\":{\"@id\":\"https:\/\/qingdaohf.com\/product\/j-hook-tow-chain\/#primaryimage\"},\"image\":{\"@id\":\"https:\/\/qingdaohf.com\/product\/j-hook-tow-chain\/#primaryimage\"},\"thumbnailUrl\":\"https:\/\/qingdaohf.com\/wp-content\/uploads\/2024\/06\/J-hook-chain-5.webp\",\"datePublished\":\"2024-06-28T06:33:31+00:00\",\"dateModified\":\"2025-11-13T01:03:14+00:00\",\"description\":\"J Hook Tow Chain is a durable and versatile tool designed for heavy-duty towing applications. Constructed from high-quality steel, it offers exceptional strength and reliability.\",\"breadcrumb\":{\"@id\":\"https:\/\/qingdaohf.com\/product\/j-hook-tow-chain\/#breadcrumb\"},\"inLanguage\":\"tr\",\"potentialAction\":[{\"@type\":\"ReadAction\",\"target\":[\"https:\/\/qingdaohf.com\/product\/j-hook-tow-chain\/\"]}]},{\"@type\":\"ImageObject\",\"inLanguage\":\"tr\",\"@id\":\"https:\/\/qingdaohf.com\/product\/j-hook-tow-chain\/#primaryimage\",\"url\":\"https:\/\/qingdaohf.com\/wp-content\/uploads\/2024\/06\/J-hook-chain-5.webp\",\"contentUrl\":\"https:\/\/qingdaohf.com\/wp-content\/uploads\/2024\/06\/J-hook-chain-5.webp\",\"width\":1000,\"height\":1000,\"caption\":\"J hook chain\"},{\"@type\":\"BreadcrumbList\",\"@id\":\"https:\/\/qingdaohf.com\/product\/j-hook-tow-chain\/#breadcrumb\",\"itemListElement\":[{\"@type\":\"ListItem\",\"position\":1,\"name\":\"Home\",\"item\":\"https:\/\/qingdaohf.com\/\"},{\"@type\":\"ListItem\",\"position\":2,\"name\":\"Concrete Forming Accessories and Rigging Hardware\",\"item\":\"https:\/\/qingdaohf.com\/bg\/?page_id=944\"},{\"@type\":\"ListItem\",\"position\":3,\"name\":\"J Hook Tow Chain\"}]},{\"@type\":\"WebSite\",\"@id\":\"https:\/\/qingdaohf.com\/bg\/#website\",\"url\":\"https:\/\/qingdaohf.com\/bg\/\",\"name\":\"Concrete Form & Rigging Hardware Supplier\",\"description\":\"\",\"publisher\":{\"@id\":\"https:\/\/qingdaohf.com\/bg\/#organization\"},\"potentialAction\":[{\"@type\":\"SearchAction\",\"target\":{\"@type\":\"EntryPoint\",\"urlTemplate\":\"https:\/\/qingdaohf.com\/bg\/?s={search_term_string}\"},\"query-input\":{\"@type\":\"PropertyValueSpecification\",\"valueRequired\":true,\"valueName\":\"search_term_string\"}}],\"inLanguage\":\"tr\"},{\"@type\":\"Organization\",\"@id\":\"https:\/\/qingdaohf.com\/bg\/#organization\",\"name\":\"Qingdao H&F\",\"url\":\"https:\/\/qingdaohf.com\/bg\/\",\"logo\":{\"@type\":\"ImageObject\",\"inLanguage\":\"tr\",\"@id\":\"https:\/\/qingdaohf.com\/bg\/#\/schema\/logo\/image\/\",\"url\":\"https:\/\/qingdaohf.com\/wp-content\/uploads\/2022\/12\/cropped-HF-LOGO.png\",\"contentUrl\":\"https:\/\/qingdaohf.com\/wp-content\/uploads\/2022\/12\/cropped-HF-LOGO.png\",\"width\":391,\"height\":249,\"caption\":\"Qingdao H&F\"},\"image\":{\"@id\":\"https:\/\/qingdaohf.com\/bg\/#\/schema\/logo\/image\/\"},\"sameAs\":[\"https:\/\/www.facebook.com\/qingdaohf\"]}]}<\/script>\n<!-- \/ Yoast SEO plugin. -->","yoast_head_json":{"title":"J Hook Tow Chain","description":"J Hook Tow Chain is a durable and versatile tool designed for heavy-duty towing applications. Constructed from high-quality steel, it offers exceptional strength and reliability.","robots":{"index":"index","follow":"follow","max-snippet":"max-snippet:-1","max-image-preview":"max-image-preview:large","max-video-preview":"max-video-preview:-1"},"canonical":"https:\/\/qingdaohf.com\/tr\/urun\/j-kancali-cekme-zinciri\/","og_locale":"tr_TR","og_type":"article","og_title":"J Hook Tow Chain","og_description":"J Hook Tow Chain is a durable and versatile tool designed for heavy-duty towing applications. Constructed from high-quality steel, it offers exceptional strength and reliability.","og_url":"https:\/\/qingdaohf.com\/tr\/urun\/j-kancali-cekme-zinciri\/","og_site_name":"Concrete Form &amp; Rigging Hardware Supplier","article_publisher":"https:\/\/www.facebook.com\/qingdaohf","article_modified_time":"2025-11-13T01:03:14+00:00","og_image":[{"width":1000,"height":1000,"url":"https:\/\/qingdaohf.com\/wp-content\/uploads\/2024\/06\/J-hook-chain-5.webp","type":"image\/webp"}],"twitter_card":"summary_large_image","twitter_misc":{"Tahmini okuma s\u00fcresi":"3 dakika"},"schema":{"@context":"https:\/\/schema.org","@graph":[{"@type":"WebPage","@id":"https:\/\/qingdaohf.com\/product\/j-hook-tow-chain\/","url":"https:\/\/qingdaohf.com\/product\/j-hook-tow-chain\/","name":"J Hook Tow Chain","isPartOf":{"@id":"https:\/\/qingdaohf.com\/bg\/#website"},"primaryImageOfPage":{"@id":"https:\/\/qingdaohf.com\/product\/j-hook-tow-chain\/#primaryimage"},"image":{"@id":"https:\/\/qingdaohf.com\/product\/j-hook-tow-chain\/#primaryimage"},"thumbnailUrl":"https:\/\/qingdaohf.com\/wp-content\/uploads\/2024\/06\/J-hook-chain-5.webp","datePublished":"2024-06-28T06:33:31+00:00","dateModified":"2025-11-13T01:03:14+00:00","description":"J Hook Tow Chain is a durable and versatile tool designed for heavy-duty towing applications. Constructed from high-quality steel, it offers exceptional strength and reliability.","breadcrumb":{"@id":"https:\/\/qingdaohf.com\/product\/j-hook-tow-chain\/#breadcrumb"},"inLanguage":"tr","potentialAction":[{"@type":"ReadAction","target":["https:\/\/qingdaohf.com\/product\/j-hook-tow-chain\/"]}]},{"@type":"ImageObject","inLanguage":"tr","@id":"https:\/\/qingdaohf.com\/product\/j-hook-tow-chain\/#primaryimage","url":"https:\/\/qingdaohf.com\/wp-content\/uploads\/2024\/06\/J-hook-chain-5.webp","contentUrl":"https:\/\/qingdaohf.com\/wp-content\/uploads\/2024\/06\/J-hook-chain-5.webp","width":1000,"height":1000,"caption":"J hook chain"},{"@type":"BreadcrumbList","@id":"https:\/\/qingdaohf.com\/product\/j-hook-tow-chain\/#breadcrumb","itemListElement":[{"@type":"ListItem","position":1,"name":"Home","item":"https:\/\/qingdaohf.com\/"},{"@type":"ListItem","position":2,"name":"Concrete Forming Accessories and Rigging Hardware","item":"https:\/\/qingdaohf.com\/bg\/?page_id=944"},{"@type":"ListItem","position":3,"name":"J Hook Tow Chain"}]},{"@type":"WebSite","@id":"https:\/\/qingdaohf.com\/bg\/#website","url":"https:\/\/qingdaohf.com\/bg\/","name":"Concrete Form & Rigging Hardware Supplier","description":"","publisher":{"@id":"https:\/\/qingdaohf.com\/bg\/#organization"},"potentialAction":[{"@type":"SearchAction","target":{"@type":"EntryPoint","urlTemplate":"https:\/\/qingdaohf.com\/bg\/?s={search_term_string}"},"query-input":{"@type":"PropertyValueSpecification","valueRequired":true,"valueName":"search_term_string"}}],"inLanguage":"tr"},{"@type":"Organization","@id":"https:\/\/qingdaohf.com\/bg\/#organization","name":"Qingdao H&F","url":"https:\/\/qingdaohf.com\/bg\/","logo":{"@type":"ImageObject","inLanguage":"tr","@id":"https:\/\/qingdaohf.com\/bg\/#\/schema\/logo\/image\/","url":"https:\/\/qingdaohf.com\/wp-content\/uploads\/2022\/12\/cropped-HF-LOGO.png","contentUrl":"https:\/\/qingdaohf.com\/wp-content\/uploads\/2022\/12\/cropped-HF-LOGO.png","width":391,"height":249,"caption":"Qingdao H&F"},"image":{"@id":"https:\/\/qingdaohf.com\/bg\/#\/schema\/logo\/image\/"},"sameAs":["https:\/\/www.facebook.com\/qingdaohf"]}]}},"_links":{"self":[{"href":"https:\/\/qingdaohf.com\/tr\/wp-json\/wp\/v2\/product\/7535","targetHints":{"allow":["GET"]}}],"collection":[{"href":"https:\/\/qingdaohf.com\/tr\/wp-json\/wp\/v2\/product"}],"about":[{"href":"https:\/\/qingdaohf.com\/tr\/wp-json\/wp\/v2\/types\/product"}],"replies":[{"embeddable":true,"href":"https:\/\/qingdaohf.com\/tr\/wp-json\/wp\/v2\/comments?post=7535"}],"version-history":[{"count":3,"href":"https:\/\/qingdaohf.com\/tr\/wp-json\/wp\/v2\/product\/7535\/revisions"}],"predecessor-version":[{"id":7550,"href":"https:\/\/qingdaohf.com\/tr\/wp-json\/wp\/v2\/product\/7535\/revisions\/7550"}],"wp:featuredmedia":[{"embeddable":true,"href":"https:\/\/qingdaohf.com\/tr\/wp-json\/wp\/v2\/media\/8183"}],"wp:attachment":[{"href":"https:\/\/qingdaohf.com\/tr\/wp-json\/wp\/v2\/media?parent=7535"}],"wp:term":[{"taxonomy":"product_brand","embeddable":true,"href":"https:\/\/qingdaohf.com\/tr\/wp-json\/wp\/v2\/product_brand?post=7535"},{"taxonomy":"product_cat","embeddable":true,"href":"https:\/\/qingdaohf.com\/tr\/wp-json\/wp\/v2\/product_cat?post=7535"},{"taxonomy":"product_tag","embeddable":true,"href":"https:\/\/qingdaohf.com\/tr\/wp-json\/wp\/v2\/product_tag?post=7535"}],"curies":[{"name":"wp","href":"https:\/\/api.w.org\/{rel}","templated":true}]}}