{"id":7781,"date":"2024-09-12T10:21:48","date_gmt":"2024-09-12T02:21:48","guid":{"rendered":"http:\/\/qingdaohf.com\/?post_type=product&#038;p=7781"},"modified":"2025-11-13T09:03:14","modified_gmt":"2025-11-13T01:03:14","slug":"heavy-duty-stub-end-k2-b-thimble","status":"publish","type":"product","link":"https:\/\/qingdaohf.com\/tr\/urun\/agir-hizmet-tipi-saplama-ucu-k2-b-yuksuk\/","title":{"rendered":"A\u011f\u0131r Hizmet Tipi Saplama U\u00e7lu K2-B Y\u00fcks\u00fck"},"content":{"rendered":"<p>A\u011f\u0131r Hizmet Tipi Saplama U\u00e7lu K2-B Y\u00fcks\u00fck, a\u011f\u0131r hizmet ortamlar\u0131nda tel halat halkalar\u0131n\u0131 sabitlemek i\u00e7in ola\u011fan\u00fcst\u00fc performans ve g\u00fcvenilirlik sunar. \u0130ster y\u00fcksek gerilimli durumlar, ister end\u00fcstriyel kald\u0131rma veya denizcilik uygulamalar\u0131 ile u\u011fra\u015f\u0131yor olun, bu y\u00fcks\u00fck tel halatlar\u0131n\u0131z\u0131n b\u00fct\u00fcnl\u00fc\u011f\u00fcn\u00fc korurken zorlu ko\u015fullara dayanacak \u015fekilde tasarlanm\u0131\u015ft\u0131r. Sa\u011flam yap\u0131s\u0131 ve tasar\u0131m\u0131 sayesinde her kullan\u0131mda dayan\u0131kl\u0131l\u0131k ve koruma arayan profesyoneller i\u00e7in ideal bir \u00e7\u00f6z\u00fcmd\u00fcr.<\/p>\n<h4>End\u00fcstriyel Ortamlarda K2-B Y\u00fcks\u00fck Kullan\u0131m\u0131n\u0131n Faydalar\u0131<\/h4>\n<p>A\u011f\u0131r Hizmet Tipi Saplama U\u00e7lu K2-B Y\u00fcks\u00fc\u011f\u00fcn \u00f6ne \u00e7\u0131kan \u00f6zelliklerinden biri, a\u015f\u0131r\u0131 stres ve bas\u0131nca dayanma kabiliyetidir, bu da onu g\u00fcvenlik ve dayan\u0131kl\u0131l\u0131\u011f\u0131n \u00e7ok \u00f6nemli oldu\u011fu end\u00fcstriler i\u00e7in ideal hale getirir. \u0130n\u015faat, arma ve denizcilik uygulamalar\u0131nda tel halatlar s\u00fcrekli gerilime maruz kal\u0131r ve bu y\u00fcks\u00fck a\u015f\u0131nma ve y\u0131pranmaya kar\u015f\u0131 bir kalkan g\u00f6revi g\u00f6r\u00fcr. Saplama ucu tasar\u0131m\u0131, halat halkas\u0131n\u0131n stabilitesini art\u0131rarak a\u011f\u0131r y\u00fcklerle veya zorlu ortamlarda \u00e7al\u0131\u015f\u0131rken daha fazla g\u00fcvenlik sa\u011flar.<\/p>\n<p>K2-B y\u00fcks\u00fc\u011f\u00fcn \u00e7ok \u00e7e\u015fitli tel halat boyutlar\u0131yla uyumlu olmas\u0131, birden fazla sekt\u00f6rde \u00e7ok y\u00f6nl\u00fc kullan\u0131labilmesini sa\u011flar. Sa\u011flam yap\u0131s\u0131, s\u0131k s\u0131k de\u011fi\u015ftirmeden uzun s\u00fcreli kullan\u0131m sa\u011flayarak bak\u0131m maliyetlerini azaltmaya yard\u0131mc\u0131 olur. Halatlardaki a\u015f\u0131nma ve y\u0131pranmay\u0131 en aza indirerek tel halatlar\u0131n sa\u011flaml\u0131\u011f\u0131n\u0131 ve b\u00fct\u00fcnl\u00fc\u011f\u00fcn\u00fc korumaya yard\u0131mc\u0131 olan y\u00fcks\u00fck, profesyoneller i\u00e7in vazge\u00e7ilmez bir ara\u00e7t\u0131r.<\/p>\n<h4>A\u011f\u0131r Y\u00fckler i\u00e7in Neden Stub-End Tasar\u0131m\u0131n\u0131 Se\u00e7melisiniz?<\/h4>\n<p>K2-B y\u00fcks\u00fc\u011f\u00fcn saplama ucu tasar\u0131m\u0131, onu standart y\u00fcks\u00fcklerden ay\u0131ran \u00f6nemli bir \u00f6zelliktir. Bu tasar\u0131m, tel halat\u0131n ilmek olu\u015fturdu\u011fu noktaya ekstra takviye ekleyerek kayma riskini azalt\u0131r ve halat\u0131n \u00f6mr\u00fcn\u00fc uzat\u0131r. Y\u00fcksek gerilimli uygulamalarda, k\u00fc\u00e7\u00fck kaymalar bile tehlikeli durumlara yol a\u00e7abilir, bu nedenle g\u00fcvenilir bir y\u00fcks\u00fc\u011fe sahip olmak g\u00fcvenli\u011fi sa\u011flamak i\u00e7in \u00e7ok \u00f6nemlidir.<\/p>\n<p>A\u011f\u0131r Hizmet Tipi Saplama Ucu K2-B Y\u00fcks\u00fck ayr\u0131ca halat \u00fczerindeki b\u00fck\u00fclme stresini azalt\u0131r, bu da y\u00fcksek y\u00fckl\u00fc uygulamalarda kritik \u00f6neme sahiptir. Y\u00fcks\u00fc\u011f\u00fcn p\u00fcr\u00fczs\u00fcz i\u00e7 k\u0131sm\u0131, y\u00fck alt\u0131nda metal telle temas etti\u011finde yayg\u0131n bir sorun olan a\u015f\u0131nmay\u0131 \u00f6nler. Bu sadece halat\u0131n \u00f6mr\u00fcn\u00fc uzatmakla kalmaz, ayn\u0131 zamanda kald\u0131rma, \u00e7ekme veya di\u011fer end\u00fcstriyel kullan\u0131mlarda daha sorunsuz ve daha g\u00fcvenilir performans sa\u011flar.<\/p>\n<h4>A\u011f\u0131r Hizmet Tipi K2-B Y\u00fcks\u00fc\u011f\u00fcn Dayan\u0131kl\u0131l\u0131\u011f\u0131 ve Malzemeleri<\/h4>\n<p>Dayan\u0131kl\u0131l\u0131k s\u00f6z konusu oldu\u011funda, A\u011f\u0131r Hizmet Tipi Saplama U\u00e7lu K2-B Y\u00fcks\u00fck rakipsizdir. Y\u00fcksek kaliteli \u00e7elikten veya di\u011fer a\u011f\u0131r hizmet malzemelerinden imal edilen bu \u00fcr\u00fcn, korozyona ve hava ko\u015fullar\u0131na dayanacak \u015fekilde tasarlanm\u0131\u015ft\u0131r. Bu sayede d\u0131\u015f mekanlarda, \u00f6zellikle de tuzlu suya maruz kalman\u0131n standart ekipman\u0131n h\u0131zla bozulmas\u0131na yol a\u00e7abilece\u011fi deniz ortamlar\u0131nda kullan\u0131m i\u00e7in idealdir.<\/p>\n<p>Y\u00fcks\u00fc\u011f\u00fcn korozyona dayan\u0131kl\u0131 \u00f6zellikleri, zorlu ortamlara uzun s\u00fcre maruz kald\u0131ktan sonra bile yap\u0131sal b\u00fct\u00fcnl\u00fc\u011f\u00fcn\u00fc korumas\u0131n\u0131 sa\u011flar. Bu da onu uzun vadeli projeler ve s\u00fcrekli a\u011f\u0131r kald\u0131rma veya gerdirme uygulamalar\u0131 gerektiren sekt\u00f6rler i\u00e7in g\u00fcvenilir bir se\u00e7im haline getirir. Sa\u011flam yap\u0131s\u0131 sadece y\u00fcks\u00fc\u011f\u00fcn \u00f6mr\u00fcn\u00fc uzatmakla kalmaz, ayn\u0131 zamanda tel halat\u0131 s\u00fcrt\u00fcnme veya \u00e7evresel a\u015f\u0131nman\u0131n neden oldu\u011fu hasarlardan korur.<\/p>\n<h4>Sonu\u00e7: End\u00fcstriyel Uygulamalar i\u00e7in Temel Ara\u00e7<\/h4>\n<p>\u00d6zetle, A\u011f\u0131r Hizmet Tipi Saplama U\u00e7lu K2-B Y\u00fcks\u00fck, a\u011f\u0131r y\u00fckler, y\u00fcksek gerilimli uygulamalar veya dayan\u0131kl\u0131 tel halat korumas\u0131 ihtiyac\u0131 ile u\u011fra\u015fan t\u00fcm profesyoneller i\u00e7in \u00f6nemli bir ara\u00e7t\u0131r. Sa\u011flam tasar\u0131m\u0131, y\u00fcksek kaliteli malzemeleri ve zorlu ko\u015fullarla ba\u015fa \u00e7\u0131kma kabiliyeti, onu in\u015faattan denizcilik i\u015flerine kadar \u00e7e\u015fitli end\u00fcstriler i\u00e7in g\u00f6ze \u00e7arpan bir se\u00e7im haline getirir.<\/p>\n<p>K2-B y\u00fcks\u00fc\u011f\u00fc se\u00e7erek, tel halatlar\u0131n\u0131z\u0131n daha uzun s\u00fcre dayanmas\u0131n\u0131, daha iyi performans g\u00f6stermesini ve zorlu ortamlarda ihtiya\u00e7 duyulan g\u00fcvenlik seviyesini sa\u011flamas\u0131n\u0131 garanti edersiniz. Bunun gibi kaliteli \u00fcr\u00fcnlere yat\u0131r\u0131m yapmak size uzun vadede zaman ve para kazand\u0131rmakla kalmaz, ayn\u0131 zamanda her i\u015fte en y\u00fcksek performans standard\u0131n\u0131 garanti eder.<\/p>","protected":false},"excerpt":{"rendered":"<p>A\u011f\u0131r Hizmet Tipi Saplama U\u00e7lu K2-B Y\u00fcks\u00fck, tel halat ve kablo halkalar\u0131na \u00fcst\u00fcn takviye ve koruma sa\u011flamak i\u00e7in tasarlanm\u0131\u015ft\u0131r ve zorlu ko\u015fullarda maksimum dayan\u0131kl\u0131l\u0131k sa\u011flar. Bu y\u00fcks\u00fck y\u00fcksek kaliteli malzemelerden \u00fcretilmi\u015ftir ve a\u011f\u0131r hizmet tipi kullan\u0131m i\u00e7in tasarlanm\u0131\u015ft\u0131r, bu da onu end\u00fcstriyel uygulamalar i\u00e7in ideal hale getirir. Sap u\u00e7lu tasar\u0131m\u0131 g\u00fcvenli bir uyum sa\u011flayarak a\u015f\u0131nma ve y\u0131pranmay\u0131 azalt\u0131rken ekipman\u0131n\u0131z\u0131n \u00f6mr\u00fcn\u00fc uzat\u0131r.<\/p>","protected":false},"featured_media":7808,"comment_status":"open","ping_status":"closed","template":"","meta":{"site-sidebar-layout":"default","site-content-layout":"","ast-site-content-layout":"default","site-content-style":"default","site-sidebar-style":"default","ast-global-header-display":"","ast-banner-title-visibility":"","ast-main-header-display":"","ast-hfb-above-header-display":"","ast-hfb-below-header-display":"","ast-hfb-mobile-header-display":"","site-post-title":"","ast-breadcrumbs-content":"","ast-featured-img":"","footer-sml-layout":"","theme-transparent-header-meta":"default","adv-header-id-meta":"","stick-header-meta":"default","header-above-stick-meta":"","header-main-stick-meta":"","header-below-stick-meta":"","astra-migrate-meta-layouts":"set","ast-page-background-enabled":"default","ast-page-background-meta":{"desktop":{"background-color":"","background-image":"","background-repeat":"repeat","background-position":"center center","background-size":"auto","background-attachment":"scroll","background-type":"","background-media":"","overlay-type":"","overlay-color":"","overlay-opacity":"","overlay-gradient":""},"tablet":{"background-color":"","background-image":"","background-repeat":"repeat","background-position":"center center","background-size":"auto","background-attachment":"scroll","background-type":"","background-media":"","overlay-type":"","overlay-color":"","overlay-opacity":"","overlay-gradient":""},"mobile":{"background-color":"","background-image":"","background-repeat":"repeat","background-position":"center center","background-size":"auto","background-attachment":"scroll","background-type":"","background-media":"","overlay-type":"","overlay-color":"","overlay-opacity":"","overlay-gradient":""}},"ast-content-background-meta":{"desktop":{"background-color":"var(--ast-global-color-5)","background-image":"","background-repeat":"repeat","background-position":"center center","background-size":"auto","background-attachment":"scroll","background-type":"","background-media":"","overlay-type":"","overlay-color":"","overlay-opacity":"","overlay-gradient":""},"tablet":{"background-color":"var(--ast-global-color-5)","background-image":"","background-repeat":"repeat","background-position":"center center","background-size":"auto","background-attachment":"scroll","background-type":"","background-media":"","overlay-type":"","overlay-color":"","overlay-opacity":"","overlay-gradient":""},"mobile":{"background-color":"var(--ast-global-color-5)","background-image":"","background-repeat":"repeat","background-position":"center center","background-size":"auto","background-attachment":"scroll","background-type":"","background-media":"","overlay-type":"","overlay-color":"","overlay-opacity":"","overlay-gradient":""}}},"product_brand":[],"product_cat":[37],"product_tag":[],"class_list":{"0":"post-7781","1":"product","2":"type-product","3":"status-publish","4":"has-post-thumbnail","6":"product_cat-wire-rope","7":"desktop-align-left","8":"tablet-align-left","9":"mobile-align-left","10":"ast-product-gallery-layout-horizontal-slider","11":"ast-product-tabs-layout-horizontal","13":"first","14":"instock","15":"shipping-taxable","16":"purchasable","17":"product-type-simple"},"yoast_head":"<!-- This site is optimized with the Yoast SEO plugin v25.2 - https:\/\/yoast.com\/wordpress\/plugins\/seo\/ -->\n<title>Heavy Duty Stub-End K2-B Thimble<\/title>\n<meta name=\"robots\" content=\"index, follow, max-snippet:-1, max-image-preview:large, max-video-preview:-1\" \/>\n<link rel=\"canonical\" href=\"https:\/\/qingdaohf.com\/tr\/urun\/agir-hizmet-tipi-saplama-ucu-k2-b-yuksuk\/\" \/>\n<meta property=\"og:locale\" content=\"tr_TR\" \/>\n<meta property=\"og:type\" content=\"article\" \/>\n<meta property=\"og:title\" content=\"Heavy Duty Stub-End K2-B Thimble\" \/>\n<meta property=\"og:description\" content=\"The Heavy Duty Stub-End K2-B Thimble is designed to provide superior reinforcement and protection to wire rope and cable loops, ensuring maximum durability in demanding conditions. This thimble is crafted from high-quality materials and engineered for heavy-duty use, making it ideal for industrial applications. Its stub-end design allows for a secure fit, reducing wear and tear while extending the life of your equipment.\" \/>\n<meta property=\"og:url\" content=\"https:\/\/qingdaohf.com\/tr\/urun\/agir-hizmet-tipi-saplama-ucu-k2-b-yuksuk\/\" \/>\n<meta property=\"og:site_name\" content=\"Concrete Form &amp; Rigging Hardware Supplier\" \/>\n<meta property=\"article:publisher\" content=\"https:\/\/www.facebook.com\/qingdaohf\" \/>\n<meta property=\"article:modified_time\" content=\"2025-11-13T01:03:14+00:00\" \/>\n<meta property=\"og:image\" content=\"https:\/\/qingdaohf.com\/wp-content\/uploads\/2024\/09\/Heavy-Duty-Stub-End-K2-B-Thimble.jpg\" \/>\n\t<meta property=\"og:image:width\" content=\"1000\" \/>\n\t<meta property=\"og:image:height\" content=\"1000\" \/>\n\t<meta property=\"og:image:type\" content=\"image\/jpeg\" \/>\n<meta name=\"twitter:card\" content=\"summary_large_image\" \/>\n<meta name=\"twitter:label1\" content=\"Tahmini okuma s\u00fcresi\" \/>\n\t<meta name=\"twitter:data1\" content=\"3 dakika\" \/>\n<script type=\"application\/ld+json\" class=\"yoast-schema-graph\">{\"@context\":\"https:\/\/schema.org\",\"@graph\":[{\"@type\":\"WebPage\",\"@id\":\"https:\/\/qingdaohf.com\/product\/heavy-duty-stub-end-k2-b-thimble\/\",\"url\":\"https:\/\/qingdaohf.com\/product\/heavy-duty-stub-end-k2-b-thimble\/\",\"name\":\"Heavy Duty Stub-End K2-B Thimble\",\"isPartOf\":{\"@id\":\"https:\/\/qingdaohf.com\/bg\/#website\"},\"primaryImageOfPage\":{\"@id\":\"https:\/\/qingdaohf.com\/product\/heavy-duty-stub-end-k2-b-thimble\/#primaryimage\"},\"image\":{\"@id\":\"https:\/\/qingdaohf.com\/product\/heavy-duty-stub-end-k2-b-thimble\/#primaryimage\"},\"thumbnailUrl\":\"https:\/\/qingdaohf.com\/wp-content\/uploads\/2024\/09\/Heavy-Duty-Stub-End-K2-B-Thimble.jpg\",\"datePublished\":\"2024-09-12T02:21:48+00:00\",\"dateModified\":\"2025-11-13T01:03:14+00:00\",\"breadcrumb\":{\"@id\":\"https:\/\/qingdaohf.com\/product\/heavy-duty-stub-end-k2-b-thimble\/#breadcrumb\"},\"inLanguage\":\"tr\",\"potentialAction\":[{\"@type\":\"ReadAction\",\"target\":[\"https:\/\/qingdaohf.com\/product\/heavy-duty-stub-end-k2-b-thimble\/\"]}]},{\"@type\":\"ImageObject\",\"inLanguage\":\"tr\",\"@id\":\"https:\/\/qingdaohf.com\/product\/heavy-duty-stub-end-k2-b-thimble\/#primaryimage\",\"url\":\"https:\/\/qingdaohf.com\/wp-content\/uploads\/2024\/09\/Heavy-Duty-Stub-End-K2-B-Thimble.jpg\",\"contentUrl\":\"https:\/\/qingdaohf.com\/wp-content\/uploads\/2024\/09\/Heavy-Duty-Stub-End-K2-B-Thimble.jpg\",\"width\":1000,\"height\":1000,\"caption\":\"Heavy Duty Stub-End K2-B Thimble\"},{\"@type\":\"BreadcrumbList\",\"@id\":\"https:\/\/qingdaohf.com\/product\/heavy-duty-stub-end-k2-b-thimble\/#breadcrumb\",\"itemListElement\":[{\"@type\":\"ListItem\",\"position\":1,\"name\":\"Home\",\"item\":\"https:\/\/qingdaohf.com\/\"},{\"@type\":\"ListItem\",\"position\":2,\"name\":\"Concrete Forming Accessories and Rigging Hardware\",\"item\":\"https:\/\/qingdaohf.com\/bg\/?page_id=944\"},{\"@type\":\"ListItem\",\"position\":3,\"name\":\"Heavy Duty Stub-End K2-B Thimble\"}]},{\"@type\":\"WebSite\",\"@id\":\"https:\/\/qingdaohf.com\/bg\/#website\",\"url\":\"https:\/\/qingdaohf.com\/bg\/\",\"name\":\"Concrete Form & Rigging Hardware Supplier\",\"description\":\"\",\"publisher\":{\"@id\":\"https:\/\/qingdaohf.com\/bg\/#organization\"},\"potentialAction\":[{\"@type\":\"SearchAction\",\"target\":{\"@type\":\"EntryPoint\",\"urlTemplate\":\"https:\/\/qingdaohf.com\/bg\/?s={search_term_string}\"},\"query-input\":{\"@type\":\"PropertyValueSpecification\",\"valueRequired\":true,\"valueName\":\"search_term_string\"}}],\"inLanguage\":\"tr\"},{\"@type\":\"Organization\",\"@id\":\"https:\/\/qingdaohf.com\/bg\/#organization\",\"name\":\"Qingdao H&F\",\"url\":\"https:\/\/qingdaohf.com\/bg\/\",\"logo\":{\"@type\":\"ImageObject\",\"inLanguage\":\"tr\",\"@id\":\"https:\/\/qingdaohf.com\/bg\/#\/schema\/logo\/image\/\",\"url\":\"https:\/\/qingdaohf.com\/wp-content\/uploads\/2022\/12\/cropped-HF-LOGO.png\",\"contentUrl\":\"https:\/\/qingdaohf.com\/wp-content\/uploads\/2022\/12\/cropped-HF-LOGO.png\",\"width\":391,\"height\":249,\"caption\":\"Qingdao H&F\"},\"image\":{\"@id\":\"https:\/\/qingdaohf.com\/bg\/#\/schema\/logo\/image\/\"},\"sameAs\":[\"https:\/\/www.facebook.com\/qingdaohf\"]}]}<\/script>\n<!-- \/ Yoast SEO plugin. -->","yoast_head_json":{"title":"Heavy Duty Stub-End K2-B Thimble","robots":{"index":"index","follow":"follow","max-snippet":"max-snippet:-1","max-image-preview":"max-image-preview:large","max-video-preview":"max-video-preview:-1"},"canonical":"https:\/\/qingdaohf.com\/tr\/urun\/agir-hizmet-tipi-saplama-ucu-k2-b-yuksuk\/","og_locale":"tr_TR","og_type":"article","og_title":"Heavy Duty Stub-End K2-B Thimble","og_description":"The Heavy Duty Stub-End K2-B Thimble is designed to provide superior reinforcement and protection to wire rope and cable loops, ensuring maximum durability in demanding conditions. This thimble is crafted from high-quality materials and engineered for heavy-duty use, making it ideal for industrial applications. Its stub-end design allows for a secure fit, reducing wear and tear while extending the life of your equipment.","og_url":"https:\/\/qingdaohf.com\/tr\/urun\/agir-hizmet-tipi-saplama-ucu-k2-b-yuksuk\/","og_site_name":"Concrete Form &amp; Rigging Hardware Supplier","article_publisher":"https:\/\/www.facebook.com\/qingdaohf","article_modified_time":"2025-11-13T01:03:14+00:00","og_image":[{"width":1000,"height":1000,"url":"https:\/\/qingdaohf.com\/wp-content\/uploads\/2024\/09\/Heavy-Duty-Stub-End-K2-B-Thimble.jpg","type":"image\/jpeg"}],"twitter_card":"summary_large_image","twitter_misc":{"Tahmini okuma s\u00fcresi":"3 dakika"},"schema":{"@context":"https:\/\/schema.org","@graph":[{"@type":"WebPage","@id":"https:\/\/qingdaohf.com\/product\/heavy-duty-stub-end-k2-b-thimble\/","url":"https:\/\/qingdaohf.com\/product\/heavy-duty-stub-end-k2-b-thimble\/","name":"Heavy Duty Stub-End K2-B Thimble","isPartOf":{"@id":"https:\/\/qingdaohf.com\/bg\/#website"},"primaryImageOfPage":{"@id":"https:\/\/qingdaohf.com\/product\/heavy-duty-stub-end-k2-b-thimble\/#primaryimage"},"image":{"@id":"https:\/\/qingdaohf.com\/product\/heavy-duty-stub-end-k2-b-thimble\/#primaryimage"},"thumbnailUrl":"https:\/\/qingdaohf.com\/wp-content\/uploads\/2024\/09\/Heavy-Duty-Stub-End-K2-B-Thimble.jpg","datePublished":"2024-09-12T02:21:48+00:00","dateModified":"2025-11-13T01:03:14+00:00","breadcrumb":{"@id":"https:\/\/qingdaohf.com\/product\/heavy-duty-stub-end-k2-b-thimble\/#breadcrumb"},"inLanguage":"tr","potentialAction":[{"@type":"ReadAction","target":["https:\/\/qingdaohf.com\/product\/heavy-duty-stub-end-k2-b-thimble\/"]}]},{"@type":"ImageObject","inLanguage":"tr","@id":"https:\/\/qingdaohf.com\/product\/heavy-duty-stub-end-k2-b-thimble\/#primaryimage","url":"https:\/\/qingdaohf.com\/wp-content\/uploads\/2024\/09\/Heavy-Duty-Stub-End-K2-B-Thimble.jpg","contentUrl":"https:\/\/qingdaohf.com\/wp-content\/uploads\/2024\/09\/Heavy-Duty-Stub-End-K2-B-Thimble.jpg","width":1000,"height":1000,"caption":"Heavy Duty Stub-End K2-B Thimble"},{"@type":"BreadcrumbList","@id":"https:\/\/qingdaohf.com\/product\/heavy-duty-stub-end-k2-b-thimble\/#breadcrumb","itemListElement":[{"@type":"ListItem","position":1,"name":"Home","item":"https:\/\/qingdaohf.com\/"},{"@type":"ListItem","position":2,"name":"Concrete Forming Accessories and Rigging Hardware","item":"https:\/\/qingdaohf.com\/bg\/?page_id=944"},{"@type":"ListItem","position":3,"name":"Heavy Duty Stub-End K2-B Thimble"}]},{"@type":"WebSite","@id":"https:\/\/qingdaohf.com\/bg\/#website","url":"https:\/\/qingdaohf.com\/bg\/","name":"Concrete Form & Rigging Hardware Supplier","description":"","publisher":{"@id":"https:\/\/qingdaohf.com\/bg\/#organization"},"potentialAction":[{"@type":"SearchAction","target":{"@type":"EntryPoint","urlTemplate":"https:\/\/qingdaohf.com\/bg\/?s={search_term_string}"},"query-input":{"@type":"PropertyValueSpecification","valueRequired":true,"valueName":"search_term_string"}}],"inLanguage":"tr"},{"@type":"Organization","@id":"https:\/\/qingdaohf.com\/bg\/#organization","name":"Qingdao H&F","url":"https:\/\/qingdaohf.com\/bg\/","logo":{"@type":"ImageObject","inLanguage":"tr","@id":"https:\/\/qingdaohf.com\/bg\/#\/schema\/logo\/image\/","url":"https:\/\/qingdaohf.com\/wp-content\/uploads\/2022\/12\/cropped-HF-LOGO.png","contentUrl":"https:\/\/qingdaohf.com\/wp-content\/uploads\/2022\/12\/cropped-HF-LOGO.png","width":391,"height":249,"caption":"Qingdao H&F"},"image":{"@id":"https:\/\/qingdaohf.com\/bg\/#\/schema\/logo\/image\/"},"sameAs":["https:\/\/www.facebook.com\/qingdaohf"]}]}},"_links":{"self":[{"href":"https:\/\/qingdaohf.com\/tr\/wp-json\/wp\/v2\/product\/7781","targetHints":{"allow":["GET"]}}],"collection":[{"href":"https:\/\/qingdaohf.com\/tr\/wp-json\/wp\/v2\/product"}],"about":[{"href":"https:\/\/qingdaohf.com\/tr\/wp-json\/wp\/v2\/types\/product"}],"replies":[{"embeddable":true,"href":"https:\/\/qingdaohf.com\/tr\/wp-json\/wp\/v2\/comments?post=7781"}],"version-history":[{"count":1,"href":"https:\/\/qingdaohf.com\/tr\/wp-json\/wp\/v2\/product\/7781\/revisions"}],"predecessor-version":[{"id":7786,"href":"https:\/\/qingdaohf.com\/tr\/wp-json\/wp\/v2\/product\/7781\/revisions\/7786"}],"wp:featuredmedia":[{"embeddable":true,"href":"https:\/\/qingdaohf.com\/tr\/wp-json\/wp\/v2\/media\/7808"}],"wp:attachment":[{"href":"https:\/\/qingdaohf.com\/tr\/wp-json\/wp\/v2\/media?parent=7781"}],"wp:term":[{"taxonomy":"product_brand","embeddable":true,"href":"https:\/\/qingdaohf.com\/tr\/wp-json\/wp\/v2\/product_brand?post=7781"},{"taxonomy":"product_cat","embeddable":true,"href":"https:\/\/qingdaohf.com\/tr\/wp-json\/wp\/v2\/product_cat?post=7781"},{"taxonomy":"product_tag","embeddable":true,"href":"https:\/\/qingdaohf.com\/tr\/wp-json\/wp\/v2\/product_tag?post=7781"}],"curies":[{"name":"wp","href":"https:\/\/api.w.org\/{rel}","templated":true}]}}