{"id":7968,"date":"2024-09-30T14:05:29","date_gmt":"2024-09-30T06:05:29","guid":{"rendered":"http:\/\/qingdaohf.com\/?post_type=product&#038;p=7968"},"modified":"2025-11-13T09:03:13","modified_gmt":"2025-11-13T01:03:13","slug":"inside-corner","status":"publish","type":"product","link":"https:\/\/qingdaohf.com\/tr\/urun\/ic-kose\/","title":{"rendered":"\u0130\u00e7 K\u00f6\u015fe"},"content":{"rendered":"<p><img fetchpriority=\"high\" decoding=\"async\" class=\"alignnone size-full wp-image-3418\" src=\"http:\/\/qingdaohf.com\/wp-content\/uploads\/2023\/03\/47-2.jpg\" alt=\"\" width=\"1200\" height=\"176\" srcset=\"https:\/\/qingdaohf.com\/wp-content\/uploads\/2023\/03\/47-2.jpg 1200w, https:\/\/qingdaohf.com\/wp-content\/uploads\/2023\/03\/47-2-300x44.jpg 300w, https:\/\/qingdaohf.com\/wp-content\/uploads\/2023\/03\/47-2-1024x150.jpg 1024w, https:\/\/qingdaohf.com\/wp-content\/uploads\/2023\/03\/47-2-768x113.jpg 768w, https:\/\/qingdaohf.com\/wp-content\/uploads\/2023\/03\/47-2-1000x147.jpg 1000w\" sizes=\"(max-width: 1200px) 100vw, 1200px\" \/><\/p>\n<h3>\u0130n\u015faatta \u0130\u00e7 K\u00f6\u015felerin \u00d6nemi<\/h3>\n<p>\u0130n\u015faat s\u00f6z konusu oldu\u011funda her ayr\u0131nt\u0131 \u00f6nemlidir ve \u0130\u00e7 K\u00f6\u015fe hem i\u015flevselli\u011fin hem de esteti\u011fin sa\u011flanmas\u0131nda \u00e7ok \u00f6nemli bir rol oynar. Bu ayr\u0131lmaz bile\u015fen, genellikle zorlu alanlar olarak kabul edilen k\u00f6\u015felerin hak etti\u011fi ilgiyi g\u00f6rmesini sa\u011flarken modern bina uygulamalar\u0131n\u0131n taleplerini kar\u015f\u0131lamak i\u00e7in \u00fcretilmi\u015ftir.<\/p>\n<p>\u00d6z\u00fcnde \u0130\u00e7 K\u00f6\u015fe, kesi\u015fen iki duvar aras\u0131nda bir k\u00f6pr\u00fc g\u00f6revi g\u00f6rerek yaln\u0131zca destek sa\u011flamakla kalmaz, ayn\u0131 zamanda genel tasar\u0131m\u0131 y\u00fckselten cilal\u0131 bir g\u00f6r\u00fcn\u00fcm de sunar. E\u015fsiz yap\u0131s\u0131, y\u00fckleri e\u015fit olarak da\u011f\u0131tmas\u0131na olanak tan\u0131yarak ba\u011flad\u0131\u011f\u0131 duvarlar\u0131n dayan\u0131kl\u0131l\u0131\u011f\u0131n\u0131 art\u0131r\u0131r. Bu t\u00fcr bile\u015fenlerin \u00f6nemini anlamak, herhangi bir in\u015faat projesinde daha esnek ve g\u00f6rsel olarak \u00e7ekici sonu\u00e7lar elde edilmesini sa\u011flayabilir.<\/p>\n<h3>\u00c7ok Y\u00f6nl\u00fcl\u00fck ve Uyarlanabilirlik<\/h3>\n<p>Inside Corner'\u0131n en \u00f6nemli avantajlar\u0131ndan biri \u00e7ok y\u00f6nl\u00fcl\u00fc\u011f\u00fcd\u00fcr. \u0130ster konut ister ticari in\u015faat olsun, bu \u00fcr\u00fcn beton, ah\u015fap ve metal dahil olmak \u00fczere \u00e7e\u015fitli malzemelere uyacak \u015fekilde uyarlanabilir. Bu uyarlanabilirlik, onu kaliteden \u00f6d\u00fcn vermeden s\u00fcre\u00e7lerini kolayla\u015ft\u0131rmak isteyen m\u00fcteahhitler ve in\u015faat\u00e7\u0131lar i\u00e7in ideal bir se\u00e7im haline getirir.<\/p>\n<p>Montaj, Inside Corner'\u0131n parlad\u0131\u011f\u0131 bir di\u011fer kritik noktad\u0131r. Geleneksel k\u00f6\u015fe \u00e7\u00f6z\u00fcmleri genellikle yo\u011fun i\u015f\u00e7ilik ve zaman gerektirir, ancak bu \u00fcr\u00fcn s\u00fcreci \u00f6nemli \u00f6l\u00e7\u00fcde basitle\u015ftirir. Kolay entegrasyon i\u00e7in tasarlanan Inside Corner, daha h\u0131zl\u0131 montaja olanak tan\u0131yarak projelerin programa ba\u011fl\u0131 kalmas\u0131n\u0131 sa\u011flar. Ayr\u0131ca, sezgisel tasar\u0131m\u0131, in\u015faatta yayg\u0131n bir endi\u015fe olan kurulum s\u0131ras\u0131nda hata riskini en aza indirir.<\/p>\n<h3>Yap\u0131sal B\u00fct\u00fcnl\u00fc\u011f\u00fcn ve Esteti\u011fin Geli\u015ftirilmesi<\/h3>\n<p>G\u00fcvenlik a\u00e7\u0131s\u0131ndan bak\u0131ld\u0131\u011f\u0131nda, \u0130\u00e7 K\u00f6\u015fenin kullan\u0131lmas\u0131 bir yap\u0131n\u0131n genel stabilitesine katk\u0131da bulunabilir. K\u00f6\u015feler genellikle stres noktalar\u0131d\u0131r ve bu alanlar\u0131 g\u00fcvenilir bir \u00e7\u00f6z\u00fcmle g\u00fc\u00e7lendirmek uzun vadeli performans i\u00e7in \u00e7ok \u00f6nemlidir. Bu \u00fcr\u00fcn, stres y\u00fcklerini etkin bir \u015fekilde y\u00f6neterek \u00e7atlak ve di\u011fer yap\u0131sal sorunlar\u0131n olu\u015fma olas\u0131l\u0131\u011f\u0131n\u0131 azalt\u0131r ve bina sakinleri i\u00e7in daha g\u00fcvenli bir ortam sa\u011flar.<\/p>\n<p>Estetik a\u00e7\u0131dan \u0130\u00e7 K\u00f6\u015fe, bir alan\u0131n g\u00f6rsel \u00e7ekicili\u011fini art\u0131r\u0131r. \u00c7e\u015fitli mimari stilleri tamamlayabilen temiz, bitmi\u015f bir g\u00f6r\u00fcn\u00fcm sa\u011flar. Tasar\u0131m\u0131n i\u015flev kadar \u00f6nemli oldu\u011fu bir \u00e7a\u011fda, esteti\u011fe g\u00f6sterilen bu \u00f6zen g\u00f6z ard\u0131 edilemeyecek kadar \u00f6nemli bir avantajd\u0131r.<\/p>\n<p>Dahas\u0131, s\u00fcrd\u00fcr\u00fclebilirlik in\u015faat alan\u0131nda giderek artan bir endi\u015fe kayna\u011f\u0131d\u0131r ve Inside Corner da bu trendle uyumludur. Bir\u00e7ok \u00fcretici art\u0131k bu bile\u015fenleri \u00e7evre dostu malzemelerden \u00fcreterek in\u015faat sekt\u00f6r\u00fcn\u00fcn \u00e7evreyi tehlikeye atmadan ilerleyebilmesini sa\u011fl\u0131yor. \u0130n\u015faat\u00e7\u0131lar s\u00fcrd\u00fcr\u00fclebilir se\u00e7enekleri tercih ederek bir yandan daha sa\u011fl\u0131kl\u0131 bir gezegene katk\u0131da bulunurken bir yandan da istenen yap\u0131sal b\u00fct\u00fcnl\u00fc\u011f\u00fc elde edebilirler.<\/p>\n<h3>Maliyet Etkinli\u011fi ve Uzun Vadeli Faydalar<\/h3>\n<p>Maliyet etkinli\u011fi a\u00e7\u0131s\u0131ndan, Inside Corner ikna edici bir durum sunar. \u0130lk yat\u0131r\u0131m m\u00fctevaz\u0131 g\u00f6r\u00fcnse de, azalan i\u015f\u00e7ilik maliyetleri, daha az malzeme israf\u0131 ve daha az bak\u0131m sayesinde uzun vadede elde edilen tasarruflar, bu \u00fcr\u00fcn\u00fc her proje i\u00e7in ak\u0131ll\u0131ca bir se\u00e7im haline getirmektedir. Bu \u00fcr\u00fcn\u00fcn dayan\u0131kl\u0131l\u0131\u011f\u0131 ve verimlili\u011fi, zaman i\u00e7inde kendini amorti etti\u011fi anlam\u0131na gelir ve bu da onu hem in\u015faat\u00e7\u0131lar hem de y\u00fckleniciler i\u00e7in m\u00fckemmel bir yat\u0131r\u0131m haline getirir.<\/p>\n<p>Dikkate al\u0131nmas\u0131 gereken bir di\u011fer husus da Inside Corner \u00fcreticileri taraf\u0131ndan sa\u011flanan destektir. Bir\u00e7ok sayg\u0131n \u015firket, ayr\u0131nt\u0131l\u0131 kurulum k\u0131lavuzlar\u0131, teknik destek ve hatta ekipler i\u00e7in e\u011fitim de dahil olmak \u00fczere kapsaml\u0131 m\u00fc\u015fteri hizmetleri sunmaktad\u0131r. Bu t\u00fcr bir yard\u0131m, in\u015faatta yeni olanlar\u0131n bile bu \u00fcr\u00fcn\u00fc g\u00fcvenle entegre edebilmesini sa\u011flayarak cazibesini daha da art\u0131r\u0131r.<\/p>\n<h3>Sonu\u00e7: Bina Uygulamalar\u0131nda \u0130novasyonu Kucaklamak<\/h3>\n<p>Yap\u0131 malzemeleri d\u00fcnyas\u0131n\u0131n derinliklerine indik\u00e7e, \u0130\u00e7 K\u00f6\u015fenin sadece basit bir ba\u011flay\u0131c\u0131 de\u011fil, bir projenin ba\u015far\u0131s\u0131n\u0131 etkileyen hayati bir unsur oldu\u011fu ortaya \u00e7\u0131k\u0131yor. \u00c7ok y\u00f6nl\u00fc faydalar\u0131 yap\u0131sal b\u00fct\u00fcnl\u00fck ve estetik geli\u015ftirmeden s\u00fcrd\u00fcr\u00fclebilirlik ve maliyet tasarrufuna kadar uzanmaktad\u0131r. Bu \u00fcr\u00fcn modern in\u015faat\u0131n \u00f6z\u00fcn\u00fc kapsar: verimlilik, g\u00fcvenilirlik ve tasar\u0131m uyumu.<\/p>\n<p>Sonu\u00e7 olarak, \u0130\u00e7 K\u00f6\u015fe hafife al\u0131nmamas\u0131 gereken vazge\u00e7ilmez bir bile\u015fendir. K\u00f6\u015felerde hem sa\u011flaml\u0131k hem de g\u00fczellik elde edilmesindeki rol\u00fc g\u00f6z ard\u0131 edilemez. \u0130n\u015faat\u00e7\u0131lar ve y\u00fckleniciler bu \u00fcr\u00fcn\u00fc se\u00e7erek uzun vadeli faydalar sunan ve sonu\u00e7ta ba\u015far\u0131l\u0131 in\u015faat sonu\u00e7lar\u0131na yol a\u00e7an bir \u00e7\u00f6z\u00fcme yat\u0131r\u0131m yapt\u0131klar\u0131ndan emin olabilirler. \u0130ster k\u00fc\u00e7\u00fck bir tadilat ister b\u00fcy\u00fck \u00f6l\u00e7ekli bir proje \u00fczerinde \u00e7al\u0131\u015f\u0131yor olun, Inside Corner'\u0131 kullanmak i\u015finizi \u00f6nemli \u00f6l\u00e7\u00fcde geli\u015ftirebilir ve sadece i\u015flevsel de\u011fil ayn\u0131 zamanda g\u00f6rsel olarak da \u00e7arp\u0131c\u0131 alanlar yaratman\u0131za katk\u0131da bulunabilir.<\/p>\n<p>\u0130n\u015faat uygulamalar\u0131n\u0131zda Inside Corner'\u0131 benimsemek, kalite ve verimlili\u011fi art\u0131rmaya y\u00f6nelik bir ad\u0131md\u0131r. Dikkat \u00e7ekici \u00f6zellikleri ve faydalar\u0131 ile in\u015faat sekt\u00f6r\u00fcnde \u00f6nemli bir oyuncu olarak \u00f6ne \u00e7\u0131kmaktad\u0131r. De\u011ferini anlayarak ve projelere dahil ederek, k\u00f6\u015felerinizin sadece i\u015flevsel olmas\u0131n\u0131 de\u011fil, ayn\u0131 zamanda yap\u0131lar\u0131n\u0131z\u0131n g\u00fczelli\u011finin ve g\u00fcc\u00fcn\u00fcn ayr\u0131lmaz bir par\u00e7as\u0131 olmas\u0131n\u0131 sa\u011flayabilirsiniz.<\/p>","protected":false},"excerpt":{"rendered":"<p>\u0130\u00e7 K\u00f6\u015fe, k\u00f6\u015felerde yap\u0131sal b\u00fct\u00fcnl\u00fck ve estetik \u00e7ekicilik sa\u011flamak i\u00e7in tasarlanm\u0131\u015f, in\u015faatta \u00f6nemli bir bile\u015fendir. Dayan\u0131kl\u0131l\u0131k ve \u00e7ok y\u00f6nl\u00fcl\u00fck i\u00e7in tasarlanan bu \u00fcr\u00fcn, \u00e7e\u015fitli uygulamalar i\u00e7in uygundur ve mevcut yap\u0131larla sorunsuz entegrasyon sa\u011flar. Yenilik\u00e7i tasar\u0131m\u0131, genel stabiliteyi art\u0131r\u0131rken kolay kurulumu kolayla\u015ft\u0131r\u0131r, bu da onu herhangi bir bina projesine de\u011ferli bir katk\u0131 haline getirir.<\/p>","protected":false},"featured_media":7979,"comment_status":"open","ping_status":"closed","template":"","meta":{"site-sidebar-layout":"default","site-content-layout":"","ast-site-content-layout":"default","site-content-style":"default","site-sidebar-style":"default","ast-global-header-display":"","ast-banner-title-visibility":"","ast-main-header-display":"","ast-hfb-above-header-display":"","ast-hfb-below-header-display":"","ast-hfb-mobile-header-display":"","site-post-title":"","ast-breadcrumbs-content":"","ast-featured-img":"","footer-sml-layout":"","theme-transparent-header-meta":"default","adv-header-id-meta":"","stick-header-meta":"default","header-above-stick-meta":"","header-main-stick-meta":"","header-below-stick-meta":"","astra-migrate-meta-layouts":"set","ast-page-background-enabled":"default","ast-page-background-meta":{"desktop":{"background-color":"","background-image":"","background-repeat":"repeat","background-position":"center center","background-size":"auto","background-attachment":"scroll","background-type":"","background-media":"","overlay-type":"","overlay-color":"","overlay-opacity":"","overlay-gradient":""},"tablet":{"background-color":"","background-image":"","background-repeat":"repeat","background-position":"center center","background-size":"auto","background-attachment":"scroll","background-type":"","background-media":"","overlay-type":"","overlay-color":"","overlay-opacity":"","overlay-gradient":""},"mobile":{"background-color":"","background-image":"","background-repeat":"repeat","background-position":"center center","background-size":"auto","background-attachment":"scroll","background-type":"","background-media":"","overlay-type":"","overlay-color":"","overlay-opacity":"","overlay-gradient":""}},"ast-content-background-meta":{"desktop":{"background-color":"var(--ast-global-color-5)","background-image":"","background-repeat":"repeat","background-position":"center center","background-size":"auto","background-attachment":"scroll","background-type":"","background-media":"","overlay-type":"","overlay-color":"","overlay-opacity":"","overlay-gradient":""},"tablet":{"background-color":"var(--ast-global-color-5)","background-image":"","background-repeat":"repeat","background-position":"center center","background-size":"auto","background-attachment":"scroll","background-type":"","background-media":"","overlay-type":"","overlay-color":"","overlay-opacity":"","overlay-gradient":""},"mobile":{"background-color":"var(--ast-global-color-5)","background-image":"","background-repeat":"repeat","background-position":"center center","background-size":"auto","background-attachment":"scroll","background-type":"","background-media":"","overlay-type":"","overlay-color":"","overlay-opacity":"","overlay-gradient":""}}},"product_brand":[],"product_cat":[29],"product_tag":[],"class_list":{"0":"post-7968","1":"product","2":"type-product","3":"status-publish","4":"has-post-thumbnail","6":"product_cat-formwork-system","7":"desktop-align-left","8":"tablet-align-left","9":"mobile-align-left","10":"ast-product-gallery-layout-horizontal-slider","11":"ast-product-tabs-layout-horizontal","13":"first","14":"instock","15":"shipping-taxable","16":"purchasable","17":"product-type-simple"},"yoast_head":"<!-- This site is optimized with the Yoast SEO plugin v25.2 - https:\/\/yoast.com\/wordpress\/plugins\/seo\/ -->\n<title>Inside Corner<\/title>\n<meta name=\"robots\" content=\"index, follow, max-snippet:-1, max-image-preview:large, max-video-preview:-1\" \/>\n<link rel=\"canonical\" href=\"https:\/\/qingdaohf.com\/tr\/urun\/ic-kose\/\" \/>\n<meta property=\"og:locale\" content=\"tr_TR\" \/>\n<meta property=\"og:type\" content=\"article\" \/>\n<meta property=\"og:title\" content=\"Inside Corner\" \/>\n<meta property=\"og:description\" content=\"The Inside Corner is an essential component in construction, designed to provide structural integrity and aesthetic appeal in corners. Engineered for durability and versatility, this product is suitable for various applications, ensuring seamless integration with existing structures. Its innovative design facilitates easy installation while enhancing overall stability, making it a valuable addition to any building project.\" \/>\n<meta property=\"og:url\" content=\"https:\/\/qingdaohf.com\/tr\/urun\/ic-kose\/\" \/>\n<meta property=\"og:site_name\" content=\"Concrete Form &amp; Rigging Hardware Supplier\" \/>\n<meta property=\"article:publisher\" content=\"https:\/\/www.facebook.com\/qingdaohf\" \/>\n<meta property=\"article:modified_time\" content=\"2025-11-13T01:03:13+00:00\" \/>\n<meta property=\"og:image\" content=\"https:\/\/qingdaohf.com\/wp-content\/uploads\/2024\/09\/concrete-INSIDE-CORNER-1.webp\" \/>\n\t<meta property=\"og:image:width\" content=\"1000\" \/>\n\t<meta property=\"og:image:height\" content=\"1000\" \/>\n\t<meta property=\"og:image:type\" content=\"image\/webp\" \/>\n<meta name=\"twitter:card\" content=\"summary_large_image\" \/>\n<meta name=\"twitter:label1\" content=\"Tahmini okuma s\u00fcresi\" \/>\n\t<meta name=\"twitter:data1\" content=\"4 dakika\" \/>\n<script type=\"application\/ld+json\" class=\"yoast-schema-graph\">{\"@context\":\"https:\/\/schema.org\",\"@graph\":[{\"@type\":\"WebPage\",\"@id\":\"https:\/\/qingdaohf.com\/product\/inside-corner\/\",\"url\":\"https:\/\/qingdaohf.com\/product\/inside-corner\/\",\"name\":\"Inside Corner\",\"isPartOf\":{\"@id\":\"https:\/\/qingdaohf.com\/bg\/#website\"},\"primaryImageOfPage\":{\"@id\":\"https:\/\/qingdaohf.com\/product\/inside-corner\/#primaryimage\"},\"image\":{\"@id\":\"https:\/\/qingdaohf.com\/product\/inside-corner\/#primaryimage\"},\"thumbnailUrl\":\"https:\/\/qingdaohf.com\/wp-content\/uploads\/2024\/09\/concrete-INSIDE-CORNER-1.webp\",\"datePublished\":\"2024-09-30T06:05:29+00:00\",\"dateModified\":\"2025-11-13T01:03:13+00:00\",\"breadcrumb\":{\"@id\":\"https:\/\/qingdaohf.com\/product\/inside-corner\/#breadcrumb\"},\"inLanguage\":\"tr\",\"potentialAction\":[{\"@type\":\"ReadAction\",\"target\":[\"https:\/\/qingdaohf.com\/product\/inside-corner\/\"]}]},{\"@type\":\"ImageObject\",\"inLanguage\":\"tr\",\"@id\":\"https:\/\/qingdaohf.com\/product\/inside-corner\/#primaryimage\",\"url\":\"https:\/\/qingdaohf.com\/wp-content\/uploads\/2024\/09\/concrete-INSIDE-CORNER-1.webp\",\"contentUrl\":\"https:\/\/qingdaohf.com\/wp-content\/uploads\/2024\/09\/concrete-INSIDE-CORNER-1.webp\",\"width\":1000,\"height\":1000,\"caption\":\"INSIDE CORNER\"},{\"@type\":\"BreadcrumbList\",\"@id\":\"https:\/\/qingdaohf.com\/product\/inside-corner\/#breadcrumb\",\"itemListElement\":[{\"@type\":\"ListItem\",\"position\":1,\"name\":\"Home\",\"item\":\"https:\/\/qingdaohf.com\/\"},{\"@type\":\"ListItem\",\"position\":2,\"name\":\"Concrete Forming Accessories and Rigging Hardware\",\"item\":\"https:\/\/qingdaohf.com\/bg\/?page_id=944\"},{\"@type\":\"ListItem\",\"position\":3,\"name\":\"Inside Corner\"}]},{\"@type\":\"WebSite\",\"@id\":\"https:\/\/qingdaohf.com\/bg\/#website\",\"url\":\"https:\/\/qingdaohf.com\/bg\/\",\"name\":\"Concrete Form & Rigging Hardware Supplier\",\"description\":\"\",\"publisher\":{\"@id\":\"https:\/\/qingdaohf.com\/bg\/#organization\"},\"potentialAction\":[{\"@type\":\"SearchAction\",\"target\":{\"@type\":\"EntryPoint\",\"urlTemplate\":\"https:\/\/qingdaohf.com\/bg\/?s={search_term_string}\"},\"query-input\":{\"@type\":\"PropertyValueSpecification\",\"valueRequired\":true,\"valueName\":\"search_term_string\"}}],\"inLanguage\":\"tr\"},{\"@type\":\"Organization\",\"@id\":\"https:\/\/qingdaohf.com\/bg\/#organization\",\"name\":\"Qingdao H&F\",\"url\":\"https:\/\/qingdaohf.com\/bg\/\",\"logo\":{\"@type\":\"ImageObject\",\"inLanguage\":\"tr\",\"@id\":\"https:\/\/qingdaohf.com\/bg\/#\/schema\/logo\/image\/\",\"url\":\"https:\/\/qingdaohf.com\/wp-content\/uploads\/2022\/12\/cropped-HF-LOGO.png\",\"contentUrl\":\"https:\/\/qingdaohf.com\/wp-content\/uploads\/2022\/12\/cropped-HF-LOGO.png\",\"width\":391,\"height\":249,\"caption\":\"Qingdao H&F\"},\"image\":{\"@id\":\"https:\/\/qingdaohf.com\/bg\/#\/schema\/logo\/image\/\"},\"sameAs\":[\"https:\/\/www.facebook.com\/qingdaohf\"]}]}<\/script>\n<!-- \/ Yoast SEO plugin. -->","yoast_head_json":{"title":"Inside Corner","robots":{"index":"index","follow":"follow","max-snippet":"max-snippet:-1","max-image-preview":"max-image-preview:large","max-video-preview":"max-video-preview:-1"},"canonical":"https:\/\/qingdaohf.com\/tr\/urun\/ic-kose\/","og_locale":"tr_TR","og_type":"article","og_title":"Inside Corner","og_description":"The Inside Corner is an essential component in construction, designed to provide structural integrity and aesthetic appeal in corners. Engineered for durability and versatility, this product is suitable for various applications, ensuring seamless integration with existing structures. Its innovative design facilitates easy installation while enhancing overall stability, making it a valuable addition to any building project.","og_url":"https:\/\/qingdaohf.com\/tr\/urun\/ic-kose\/","og_site_name":"Concrete Form &amp; Rigging Hardware Supplier","article_publisher":"https:\/\/www.facebook.com\/qingdaohf","article_modified_time":"2025-11-13T01:03:13+00:00","og_image":[{"width":1000,"height":1000,"url":"https:\/\/qingdaohf.com\/wp-content\/uploads\/2024\/09\/concrete-INSIDE-CORNER-1.webp","type":"image\/webp"}],"twitter_card":"summary_large_image","twitter_misc":{"Tahmini okuma s\u00fcresi":"4 dakika"},"schema":{"@context":"https:\/\/schema.org","@graph":[{"@type":"WebPage","@id":"https:\/\/qingdaohf.com\/product\/inside-corner\/","url":"https:\/\/qingdaohf.com\/product\/inside-corner\/","name":"Inside Corner","isPartOf":{"@id":"https:\/\/qingdaohf.com\/bg\/#website"},"primaryImageOfPage":{"@id":"https:\/\/qingdaohf.com\/product\/inside-corner\/#primaryimage"},"image":{"@id":"https:\/\/qingdaohf.com\/product\/inside-corner\/#primaryimage"},"thumbnailUrl":"https:\/\/qingdaohf.com\/wp-content\/uploads\/2024\/09\/concrete-INSIDE-CORNER-1.webp","datePublished":"2024-09-30T06:05:29+00:00","dateModified":"2025-11-13T01:03:13+00:00","breadcrumb":{"@id":"https:\/\/qingdaohf.com\/product\/inside-corner\/#breadcrumb"},"inLanguage":"tr","potentialAction":[{"@type":"ReadAction","target":["https:\/\/qingdaohf.com\/product\/inside-corner\/"]}]},{"@type":"ImageObject","inLanguage":"tr","@id":"https:\/\/qingdaohf.com\/product\/inside-corner\/#primaryimage","url":"https:\/\/qingdaohf.com\/wp-content\/uploads\/2024\/09\/concrete-INSIDE-CORNER-1.webp","contentUrl":"https:\/\/qingdaohf.com\/wp-content\/uploads\/2024\/09\/concrete-INSIDE-CORNER-1.webp","width":1000,"height":1000,"caption":"INSIDE CORNER"},{"@type":"BreadcrumbList","@id":"https:\/\/qingdaohf.com\/product\/inside-corner\/#breadcrumb","itemListElement":[{"@type":"ListItem","position":1,"name":"Home","item":"https:\/\/qingdaohf.com\/"},{"@type":"ListItem","position":2,"name":"Concrete Forming Accessories and Rigging Hardware","item":"https:\/\/qingdaohf.com\/bg\/?page_id=944"},{"@type":"ListItem","position":3,"name":"Inside Corner"}]},{"@type":"WebSite","@id":"https:\/\/qingdaohf.com\/bg\/#website","url":"https:\/\/qingdaohf.com\/bg\/","name":"Concrete Form & Rigging Hardware Supplier","description":"","publisher":{"@id":"https:\/\/qingdaohf.com\/bg\/#organization"},"potentialAction":[{"@type":"SearchAction","target":{"@type":"EntryPoint","urlTemplate":"https:\/\/qingdaohf.com\/bg\/?s={search_term_string}"},"query-input":{"@type":"PropertyValueSpecification","valueRequired":true,"valueName":"search_term_string"}}],"inLanguage":"tr"},{"@type":"Organization","@id":"https:\/\/qingdaohf.com\/bg\/#organization","name":"Qingdao H&F","url":"https:\/\/qingdaohf.com\/bg\/","logo":{"@type":"ImageObject","inLanguage":"tr","@id":"https:\/\/qingdaohf.com\/bg\/#\/schema\/logo\/image\/","url":"https:\/\/qingdaohf.com\/wp-content\/uploads\/2022\/12\/cropped-HF-LOGO.png","contentUrl":"https:\/\/qingdaohf.com\/wp-content\/uploads\/2022\/12\/cropped-HF-LOGO.png","width":391,"height":249,"caption":"Qingdao H&F"},"image":{"@id":"https:\/\/qingdaohf.com\/bg\/#\/schema\/logo\/image\/"},"sameAs":["https:\/\/www.facebook.com\/qingdaohf"]}]}},"_links":{"self":[{"href":"https:\/\/qingdaohf.com\/tr\/wp-json\/wp\/v2\/product\/7968","targetHints":{"allow":["GET"]}}],"collection":[{"href":"https:\/\/qingdaohf.com\/tr\/wp-json\/wp\/v2\/product"}],"about":[{"href":"https:\/\/qingdaohf.com\/tr\/wp-json\/wp\/v2\/types\/product"}],"replies":[{"embeddable":true,"href":"https:\/\/qingdaohf.com\/tr\/wp-json\/wp\/v2\/comments?post=7968"}],"version-history":[{"count":2,"href":"https:\/\/qingdaohf.com\/tr\/wp-json\/wp\/v2\/product\/7968\/revisions"}],"predecessor-version":[{"id":7982,"href":"https:\/\/qingdaohf.com\/tr\/wp-json\/wp\/v2\/product\/7968\/revisions\/7982"}],"wp:featuredmedia":[{"embeddable":true,"href":"https:\/\/qingdaohf.com\/tr\/wp-json\/wp\/v2\/media\/7979"}],"wp:attachment":[{"href":"https:\/\/qingdaohf.com\/tr\/wp-json\/wp\/v2\/media?parent=7968"}],"wp:term":[{"taxonomy":"product_brand","embeddable":true,"href":"https:\/\/qingdaohf.com\/tr\/wp-json\/wp\/v2\/product_brand?post=7968"},{"taxonomy":"product_cat","embeddable":true,"href":"https:\/\/qingdaohf.com\/tr\/wp-json\/wp\/v2\/product_cat?post=7968"},{"taxonomy":"product_tag","embeddable":true,"href":"https:\/\/qingdaohf.com\/tr\/wp-json\/wp\/v2\/product_tag?post=7968"}],"curies":[{"name":"wp","href":"https:\/\/api.w.org\/{rel}","templated":true}]}}