{"id":7983,"date":"2024-09-30T14:34:11","date_gmt":"2024-09-30T06:34:11","guid":{"rendered":"http:\/\/qingdaohf.com\/?post_type=product&#038;p=7983"},"modified":"2025-11-13T09:03:13","modified_gmt":"2025-11-13T01:03:13","slug":"rebar-individual-high-chair","status":"publish","type":"product","link":"https:\/\/qingdaohf.com\/tr\/urun\/insaat-demiri-bireysel-mama-sandalyesi\/","title":{"rendered":"Rebar Bireysel Mama Sandalyesi"},"content":{"rendered":"<h3>Demirli Bireysel Y\u00fcksek Sandalyelerin \u00d6nemini Anlamak<\/h3>\n<p>Beton yap\u0131 alan\u0131nda, do\u011fru in\u015faat demiri yerle\u015ftirmenin \u00f6nemi abart\u0131lamaz. \u0130n\u015faat demiri veya takviye \u00e7ubu\u011fu, beton yap\u0131lar i\u00e7in bir omurga g\u00f6revi g\u00f6rerek g\u00fc\u00e7lerini ve dayan\u0131kl\u0131l\u0131klar\u0131n\u0131 art\u0131r\u0131r. Bununla birlikte, istenen yap\u0131sal b\u00fct\u00fcnl\u00fc\u011f\u00fc elde etmek i\u00e7in in\u015faat demirinin do\u011fru bir \u015fekilde konumland\u0131r\u0131lmas\u0131 \u00e7ok \u00f6nemlidir. \u0130n\u015faat Demiri Bireysel Y\u00fcksek Koltu\u011fu i\u015fte bu noktada devreye giriyor. \u0130n\u015faat demirini y\u00fckseltmek i\u00e7in \u00f6zel olarak tasarlanan bu \u00fcr\u00fcn, in\u015faat demirinin a\u011f\u0131rl\u0131\u011f\u0131n\u0131 desteklemekle kalmaz, ayn\u0131 zamanda beton d\u00f6kme i\u015flemi boyunca do\u011fru y\u00fckseklikte kalmas\u0131n\u0131 sa\u011flar.<\/p>\n<p>\u0130n\u015faat Demiri Bireysel Y\u00fcksek Koltu\u011fu, in\u015faat demirinin beton kar\u0131\u015f\u0131m\u0131 i\u00e7inde yeterince as\u0131l\u0131 kalmas\u0131n\u0131 sa\u011flayan optimum bir y\u00fckseklik sa\u011flamak \u00fczere tasarlanm\u0131\u015ft\u0131r. Bu y\u00fckseklik, korozyonu \u00f6nledi\u011fi ve in\u015faat demiri ile beton aras\u0131nda uygun yap\u0131\u015fmay\u0131 destekledi\u011fi i\u00e7in hayati \u00f6nem ta\u015f\u0131r. Ayr\u0131ca, tutarl\u0131 aral\u0131klar\u0131 koruyarak, y\u00fcksek sandalye yap\u0131 boyunca stresin e\u015fit da\u011f\u0131l\u0131m\u0131n\u0131 kolayla\u015ft\u0131r\u0131r ve y\u00fck ta\u015f\u0131ma kapasitesini \u00f6nemli \u00f6l\u00e7\u00fcde art\u0131r\u0131r.<\/p>\n<h3>Rebar Bireysel Mama Sandalyelerinin Temel \u00d6zellikleri ve Faydalar\u0131<\/h3>\n<p>Rebar Bireysel Mama Sandalyesinin \u00f6ne \u00e7\u0131kan \u00f6zelliklerinden biri de sa\u011flam yap\u0131s\u0131d\u0131r. Y\u00fcksek kaliteli malzemelerden \u00fcretilen bu sandalye, in\u015faat ortamlar\u0131n\u0131n zorluklar\u0131na dayanacak \u015fekilde tasarlanm\u0131\u015ft\u0131r. Dayan\u0131kl\u0131l\u0131\u011f\u0131, bask\u0131 alt\u0131nda b\u00fck\u00fclmemesini veya k\u0131r\u0131lmamas\u0131n\u0131 sa\u011flayarak in\u015faat\u0131n kritik a\u015famalar\u0131nda g\u00fcvenilir destek sa\u011flar.<\/p>\n<p>Ayr\u0131ca, \u0130n\u015faat Demiri Bireysel Y\u00fcksek Koltu\u011fu \u00e7ok y\u00f6nl\u00fcd\u00fcr. \u00c7e\u015fitli boyutlarda mevcut olup, farkl\u0131 in\u015faat demiri \u00e7aplar\u0131n\u0131 bar\u0131nd\u0131rarak \u00e7ok \u00e7e\u015fitli projeler i\u00e7in uygun hale getirir. Bu uyarlanabilirlik, \u00f6zellikle farkl\u0131 \u015fantiyelerde \u00e7al\u0131\u015fan m\u00fcteahhitler i\u00e7in faydal\u0131d\u0131r ve ayn\u0131 y\u00fcksek sandalyeyi birden fazla uygulama i\u00e7in kullanmalar\u0131na olanak tan\u0131r.<\/p>\n<p>Rebar Bireysel Mama Sandalyesi kullanman\u0131n bir di\u011fer \u00f6nemli avantaj\u0131 da kurulum kolayl\u0131\u011f\u0131d\u0131r. Basit bir kurulumla, in\u015faat ekipleri y\u00fcksek sandalyeleri a\u015f\u0131r\u0131 zaman veya \u00e7aba harcamadan verimli bir \u015fekilde konumland\u0131rabilir. Bu verimlilik, i\u015fg\u00fcc\u00fc tasarrufu anlam\u0131na gelir ve ekiplerin kaynaklar\u0131n\u0131 daha etkili bir \u015fekilde tahsis etmelerini sa\u011flar.<\/p>\n<p>Ayr\u0131ca, \u0130n\u015faat Demiri Bireysel Y\u00fcksek Koltu\u011fu'nun tasar\u0131m\u0131 i\u015f sahas\u0131nda g\u00fcvenli\u011fi te\u015fvik eder. \u0130n\u015faat demirinin do\u011fru \u015fekilde konumland\u0131r\u0131lmas\u0131n\u0131 ve sabitlenmesini sa\u011flayarak, yanl\u0131\u015f hizalanm\u0131\u015f in\u015faat demiriyle ilgili kaza riskini en aza indirir. G\u00fcvenli\u011fe bu \u015fekilde odaklan\u0131lmas\u0131 sadece \u00e7al\u0131\u015fanlar\u0131 korumakla kalmaz, ayn\u0131 zamanda in\u015faat projesinin genel kalitesini de art\u0131r\u0131r.<\/p>\n<h3>Ger\u00e7ek D\u00fcnya Senaryolar\u0131nda Uygulama<\/h3>\n<p>\u0130n\u015faat Demiri Bireysel Y\u00fcksek Koltu\u011funun de\u011ferini ger\u00e7ekten anlamak i\u00e7in, ger\u00e7ek d\u00fcnya senaryolar\u0131ndaki uygulamas\u0131n\u0131 g\u00f6z \u00f6n\u00fcnde bulundurmak \u00e7ok \u00f6nemlidir. \u00d6rne\u011fin, \u00e7ok katl\u0131 bir binan\u0131n in\u015fas\u0131nda, her kat\u0131n yap\u0131sal b\u00fct\u00fcnl\u00fc\u011f\u00fc b\u00fcy\u00fck \u00f6l\u00e7\u00fcde in\u015faat demirinin do\u011fru yerle\u015ftirilmesine ba\u011fl\u0131d\u0131r. Y\u00fckleniciler, \u0130n\u015faat Demiri Bireysel Y\u00fcksek Sandalyelerini kullanarak in\u015faat demirinin gerekli y\u00fckseklikte kalmas\u0131n\u0131 sa\u011flayabilir ve betonla g\u00fc\u00e7l\u00fc bir ba\u011f kurulmas\u0131n\u0131 kolayla\u015ft\u0131rabilir.<\/p>\n<p>Benzer \u015fekilde, k\u00f6pr\u00fcler ve otoyollar gibi altyap\u0131 projelerinde riskler daha da y\u00fcksektir. \u0130n\u015faat Demiri Bireysel Y\u00fcksek Koltu\u011fu, in\u015faat demirinin bu yap\u0131lar\u0131n ta\u015f\u0131yaca\u011f\u0131 muazzam y\u00fcklere dayanacak \u015fekilde do\u011fru konumland\u0131r\u0131lmas\u0131n\u0131 sa\u011flamada \u00e7ok \u00f6nemli bir rol oynar. Bu g\u00fcvenilirlik seviyesi, altyap\u0131n\u0131n uzun \u00f6m\u00fcrl\u00fcl\u00fc\u011f\u00fcn\u00fc ve g\u00fcvenli\u011fini do\u011frudan etkiledi\u011fi i\u00e7in \u00e7ok \u00f6nemlidir.<\/p>\n<p>Ayr\u0131ca, \u0130n\u015faat Demiri Bireysel Y\u00fcksek Sandalyesi konut, ticari ve end\u00fcstriyel projeler de dahil olmak \u00fczere \u00e7e\u015fitli uygulamalarda kullan\u0131labilir. \u0130ster d\u00f6\u015feme, ister kiri\u015f veya kolon takviyesi olsun, bu y\u00fcksek sandalye y\u00fcksek kaliteli sonu\u00e7lar elde etmek i\u00e7in paha bi\u00e7ilmez bir ara\u00e7 oldu\u011funu kan\u0131tlamaktad\u0131r.<\/p>\n<h3>Sonu\u00e7: \u0130n\u015faat Demiri ile Beton \u0130n\u015faat\u0131n\u0131n Gelece\u011fi Bireysel Y\u00fcksek Sandalyeler<\/h3>\n<p>Sonu\u00e7 olarak, \u0130n\u015faat Demiri Bireysel Y\u00fcksek Koltu\u011fu bir in\u015faat aksesuar\u0131ndan daha fazlas\u0131d\u0131r; beton projelerinin ba\u015far\u0131s\u0131n\u0131 sa\u011flamada kritik bir bile\u015fendir. \u0130n\u015faat demiri yerle\u015ftirme i\u00e7in optimum destek ve stabilite sa\u011flayarak yap\u0131lar\u0131n genel b\u00fct\u00fcnl\u00fc\u011f\u00fcn\u00fc geli\u015ftirir. Dayan\u0131kl\u0131l\u0131\u011f\u0131, \u00e7ok y\u00f6nl\u00fcl\u00fc\u011f\u00fc ve kullan\u0131m kolayl\u0131\u011f\u0131 onu kalite ve g\u00fcvenli\u011fe \u00f6ncelik veren in\u015faat profesyonelleri i\u00e7in vazge\u00e7ilmez bir ara\u00e7 haline getirir.<\/p>\n<p>\u0130n\u015faat sekt\u00f6r\u00fc geli\u015fmeye devam ettik\u00e7e, Rebar Individual High Chair gibi yenilik\u00e7i \u00e7\u00f6z\u00fcmlerin benimsenmesi, beton in\u015faat\u0131n\u0131n gelece\u011finin \u015fekillendirilmesinde \u015f\u00fcphesiz \u00e7ok \u00f6nemli bir rol oynayacakt\u0131r. Y\u00fckleniciler, y\u00fcksek kaliteli ekipmanlara yat\u0131r\u0131m yaparak projelerinin en y\u00fcksek g\u00fcvenlik ve performans standartlar\u0131n\u0131 kar\u015f\u0131lamas\u0131n\u0131 sa\u011flayabilirler.<\/p>\n<p>Sonu\u00e7 olarak, Rebar Bireysel Y\u00fcksek Sandalye, beton in\u015faat\u0131nda m\u00fckemmelli\u011fe olan ba\u011fl\u0131l\u0131\u011f\u0131 temsil eder ve ekiplere zamana meydan okuyan sa\u011flam yap\u0131lar in\u015fa etme g\u00fcc\u00fc verir. \u0130n\u015faat profesyonelleri bu \u00fcr\u00fcn\u00fc se\u00e7erek projelerini y\u00fckseltebilir ve her unsurun ba\u015far\u0131 i\u00e7in konumland\u0131r\u0131lmas\u0131n\u0131 sa\u011flayabilir.<\/p>","protected":false},"excerpt":{"rendered":"<p>\u0130n\u015faat Demiri Bireysel Y\u00fcksek Sandalyesi, beton yap\u0131lar\u0131n g\u00fc\u00e7lendirilmesi i\u00e7in \u00f6nemli bir ara\u00e7t\u0131r ve d\u00f6kme i\u015flemi s\u0131ras\u0131nda optimum destek ve stabilite sa\u011flar. Verimlilik i\u00e7in tasarlanan bu y\u00fcksek sandalye, in\u015faat demirinin hassas bir \u015fekilde y\u00fckseltilmesini sa\u011flayarak beton uygulamalar\u0131n\u0131n genel b\u00fct\u00fcnl\u00fc\u011f\u00fcn\u00fc art\u0131r\u0131r. Dayan\u0131kl\u0131 tasar\u0131m\u0131 ve kullan\u0131m kolayl\u0131\u011f\u0131, in\u015faat demiri yerle\u015ftirme i\u00e7in g\u00fcvenilir \u00e7\u00f6z\u00fcmler arayan in\u015faat profesyonelleri i\u00e7in paha bi\u00e7ilmez bir varl\u0131k haline getirir.<\/p>","protected":false},"featured_media":7984,"comment_status":"open","ping_status":"closed","template":"","meta":{"site-sidebar-layout":"default","site-content-layout":"","ast-site-content-layout":"default","site-content-style":"default","site-sidebar-style":"default","ast-global-header-display":"","ast-banner-title-visibility":"","ast-main-header-display":"","ast-hfb-above-header-display":"","ast-hfb-below-header-display":"","ast-hfb-mobile-header-display":"","site-post-title":"","ast-breadcrumbs-content":"","ast-featured-img":"","footer-sml-layout":"","theme-transparent-header-meta":"default","adv-header-id-meta":"","stick-header-meta":"default","header-above-stick-meta":"","header-main-stick-meta":"","header-below-stick-meta":"","astra-migrate-meta-layouts":"set","ast-page-background-enabled":"default","ast-page-background-meta":{"desktop":{"background-color":"","background-image":"","background-repeat":"repeat","background-position":"center center","background-size":"auto","background-attachment":"scroll","background-type":"","background-media":"","overlay-type":"","overlay-color":"","overlay-opacity":"","overlay-gradient":""},"tablet":{"background-color":"","background-image":"","background-repeat":"repeat","background-position":"center center","background-size":"auto","background-attachment":"scroll","background-type":"","background-media":"","overlay-type":"","overlay-color":"","overlay-opacity":"","overlay-gradient":""},"mobile":{"background-color":"","background-image":"","background-repeat":"repeat","background-position":"center center","background-size":"auto","background-attachment":"scroll","background-type":"","background-media":"","overlay-type":"","overlay-color":"","overlay-opacity":"","overlay-gradient":""}},"ast-content-background-meta":{"desktop":{"background-color":"var(--ast-global-color-5)","background-image":"","background-repeat":"repeat","background-position":"center center","background-size":"auto","background-attachment":"scroll","background-type":"","background-media":"","overlay-type":"","overlay-color":"","overlay-opacity":"","overlay-gradient":""},"tablet":{"background-color":"var(--ast-global-color-5)","background-image":"","background-repeat":"repeat","background-position":"center center","background-size":"auto","background-attachment":"scroll","background-type":"","background-media":"","overlay-type":"","overlay-color":"","overlay-opacity":"","overlay-gradient":""},"mobile":{"background-color":"var(--ast-global-color-5)","background-image":"","background-repeat":"repeat","background-position":"center center","background-size":"auto","background-attachment":"scroll","background-type":"","background-media":"","overlay-type":"","overlay-color":"","overlay-opacity":"","overlay-gradient":""}}},"product_brand":[],"product_cat":[35],"product_tag":[],"class_list":{"0":"post-7983","1":"product","2":"type-product","3":"status-publish","4":"has-post-thumbnail","6":"product_cat-concrete-rebar-support","7":"desktop-align-left","8":"tablet-align-left","9":"mobile-align-left","10":"ast-product-gallery-layout-horizontal-slider","11":"ast-product-tabs-layout-horizontal","13":"first","14":"instock","15":"shipping-taxable","16":"purchasable","17":"product-type-simple"},"yoast_head":"<!-- This site is optimized with the Yoast SEO plugin v25.2 - https:\/\/yoast.com\/wordpress\/plugins\/seo\/ -->\n<title>Rebar Individual High Chair<\/title>\n<meta name=\"robots\" content=\"index, follow, max-snippet:-1, max-image-preview:large, max-video-preview:-1\" \/>\n<link rel=\"canonical\" href=\"https:\/\/qingdaohf.com\/tr\/urun\/insaat-demiri-bireysel-mama-sandalyesi\/\" \/>\n<meta property=\"og:locale\" content=\"tr_TR\" \/>\n<meta property=\"og:type\" content=\"article\" \/>\n<meta property=\"og:title\" content=\"Rebar Individual High Chair\" \/>\n<meta property=\"og:description\" content=\"The Rebar Individual High Chair is an essential tool for reinforcing concrete structures, providing optimal support and stability during the pouring process. Engineered for efficiency, this high chair ensures precise elevation of rebar, enhancing the overall integrity of concrete applications. Its durable design and ease of use make it an invaluable asset for construction professionals seeking reliable solutions for rebar placement.\" \/>\n<meta property=\"og:url\" content=\"https:\/\/qingdaohf.com\/tr\/urun\/insaat-demiri-bireysel-mama-sandalyesi\/\" \/>\n<meta property=\"og:site_name\" content=\"Concrete Form &amp; Rigging Hardware Supplier\" \/>\n<meta property=\"article:publisher\" content=\"https:\/\/www.facebook.com\/qingdaohf\" \/>\n<meta property=\"article:modified_time\" content=\"2025-11-13T01:03:13+00:00\" \/>\n<meta property=\"og:image\" content=\"https:\/\/qingdaohf.com\/wp-content\/uploads\/2024\/09\/Individual-High-Chair-12.webp\" \/>\n\t<meta property=\"og:image:width\" content=\"1280\" \/>\n\t<meta property=\"og:image:height\" content=\"1280\" \/>\n\t<meta property=\"og:image:type\" content=\"image\/webp\" \/>\n<meta name=\"twitter:card\" content=\"summary_large_image\" \/>\n<meta name=\"twitter:label1\" content=\"Tahmini okuma s\u00fcresi\" \/>\n\t<meta name=\"twitter:data1\" content=\"4 dakika\" \/>\n<script type=\"application\/ld+json\" class=\"yoast-schema-graph\">{\"@context\":\"https:\/\/schema.org\",\"@graph\":[{\"@type\":\"WebPage\",\"@id\":\"https:\/\/qingdaohf.com\/product\/rebar-individual-high-chair\/\",\"url\":\"https:\/\/qingdaohf.com\/product\/rebar-individual-high-chair\/\",\"name\":\"Rebar Individual High Chair\",\"isPartOf\":{\"@id\":\"https:\/\/qingdaohf.com\/bg\/#website\"},\"primaryImageOfPage\":{\"@id\":\"https:\/\/qingdaohf.com\/product\/rebar-individual-high-chair\/#primaryimage\"},\"image\":{\"@id\":\"https:\/\/qingdaohf.com\/product\/rebar-individual-high-chair\/#primaryimage\"},\"thumbnailUrl\":\"https:\/\/qingdaohf.com\/wp-content\/uploads\/2024\/09\/Individual-High-Chair-12.webp\",\"datePublished\":\"2024-09-30T06:34:11+00:00\",\"dateModified\":\"2025-11-13T01:03:13+00:00\",\"breadcrumb\":{\"@id\":\"https:\/\/qingdaohf.com\/product\/rebar-individual-high-chair\/#breadcrumb\"},\"inLanguage\":\"tr\",\"potentialAction\":[{\"@type\":\"ReadAction\",\"target\":[\"https:\/\/qingdaohf.com\/product\/rebar-individual-high-chair\/\"]}]},{\"@type\":\"ImageObject\",\"inLanguage\":\"tr\",\"@id\":\"https:\/\/qingdaohf.com\/product\/rebar-individual-high-chair\/#primaryimage\",\"url\":\"https:\/\/qingdaohf.com\/wp-content\/uploads\/2024\/09\/Individual-High-Chair-12.webp\",\"contentUrl\":\"https:\/\/qingdaohf.com\/wp-content\/uploads\/2024\/09\/Individual-High-Chair-12.webp\",\"width\":1280,\"height\":1280,\"caption\":\"Rebar Individual High Chair\"},{\"@type\":\"BreadcrumbList\",\"@id\":\"https:\/\/qingdaohf.com\/product\/rebar-individual-high-chair\/#breadcrumb\",\"itemListElement\":[{\"@type\":\"ListItem\",\"position\":1,\"name\":\"Home\",\"item\":\"https:\/\/qingdaohf.com\/\"},{\"@type\":\"ListItem\",\"position\":2,\"name\":\"Concrete Forming Accessories and Rigging Hardware\",\"item\":\"https:\/\/qingdaohf.com\/bg\/?page_id=944\"},{\"@type\":\"ListItem\",\"position\":3,\"name\":\"Rebar Individual High Chair\"}]},{\"@type\":\"WebSite\",\"@id\":\"https:\/\/qingdaohf.com\/bg\/#website\",\"url\":\"https:\/\/qingdaohf.com\/bg\/\",\"name\":\"Concrete Form & Rigging Hardware Supplier\",\"description\":\"\",\"publisher\":{\"@id\":\"https:\/\/qingdaohf.com\/bg\/#organization\"},\"potentialAction\":[{\"@type\":\"SearchAction\",\"target\":{\"@type\":\"EntryPoint\",\"urlTemplate\":\"https:\/\/qingdaohf.com\/bg\/?s={search_term_string}\"},\"query-input\":{\"@type\":\"PropertyValueSpecification\",\"valueRequired\":true,\"valueName\":\"search_term_string\"}}],\"inLanguage\":\"tr\"},{\"@type\":\"Organization\",\"@id\":\"https:\/\/qingdaohf.com\/bg\/#organization\",\"name\":\"Qingdao H&F\",\"url\":\"https:\/\/qingdaohf.com\/bg\/\",\"logo\":{\"@type\":\"ImageObject\",\"inLanguage\":\"tr\",\"@id\":\"https:\/\/qingdaohf.com\/bg\/#\/schema\/logo\/image\/\",\"url\":\"https:\/\/qingdaohf.com\/wp-content\/uploads\/2022\/12\/cropped-HF-LOGO.png\",\"contentUrl\":\"https:\/\/qingdaohf.com\/wp-content\/uploads\/2022\/12\/cropped-HF-LOGO.png\",\"width\":391,\"height\":249,\"caption\":\"Qingdao H&F\"},\"image\":{\"@id\":\"https:\/\/qingdaohf.com\/bg\/#\/schema\/logo\/image\/\"},\"sameAs\":[\"https:\/\/www.facebook.com\/qingdaohf\"]}]}<\/script>\n<!-- \/ Yoast SEO plugin. -->","yoast_head_json":{"title":"Rebar Individual High Chair","robots":{"index":"index","follow":"follow","max-snippet":"max-snippet:-1","max-image-preview":"max-image-preview:large","max-video-preview":"max-video-preview:-1"},"canonical":"https:\/\/qingdaohf.com\/tr\/urun\/insaat-demiri-bireysel-mama-sandalyesi\/","og_locale":"tr_TR","og_type":"article","og_title":"Rebar Individual High Chair","og_description":"The Rebar Individual High Chair is an essential tool for reinforcing concrete structures, providing optimal support and stability during the pouring process. Engineered for efficiency, this high chair ensures precise elevation of rebar, enhancing the overall integrity of concrete applications. Its durable design and ease of use make it an invaluable asset for construction professionals seeking reliable solutions for rebar placement.","og_url":"https:\/\/qingdaohf.com\/tr\/urun\/insaat-demiri-bireysel-mama-sandalyesi\/","og_site_name":"Concrete Form &amp; Rigging Hardware Supplier","article_publisher":"https:\/\/www.facebook.com\/qingdaohf","article_modified_time":"2025-11-13T01:03:13+00:00","og_image":[{"width":1280,"height":1280,"url":"https:\/\/qingdaohf.com\/wp-content\/uploads\/2024\/09\/Individual-High-Chair-12.webp","type":"image\/webp"}],"twitter_card":"summary_large_image","twitter_misc":{"Tahmini okuma s\u00fcresi":"4 dakika"},"schema":{"@context":"https:\/\/schema.org","@graph":[{"@type":"WebPage","@id":"https:\/\/qingdaohf.com\/product\/rebar-individual-high-chair\/","url":"https:\/\/qingdaohf.com\/product\/rebar-individual-high-chair\/","name":"Rebar Individual High Chair","isPartOf":{"@id":"https:\/\/qingdaohf.com\/bg\/#website"},"primaryImageOfPage":{"@id":"https:\/\/qingdaohf.com\/product\/rebar-individual-high-chair\/#primaryimage"},"image":{"@id":"https:\/\/qingdaohf.com\/product\/rebar-individual-high-chair\/#primaryimage"},"thumbnailUrl":"https:\/\/qingdaohf.com\/wp-content\/uploads\/2024\/09\/Individual-High-Chair-12.webp","datePublished":"2024-09-30T06:34:11+00:00","dateModified":"2025-11-13T01:03:13+00:00","breadcrumb":{"@id":"https:\/\/qingdaohf.com\/product\/rebar-individual-high-chair\/#breadcrumb"},"inLanguage":"tr","potentialAction":[{"@type":"ReadAction","target":["https:\/\/qingdaohf.com\/product\/rebar-individual-high-chair\/"]}]},{"@type":"ImageObject","inLanguage":"tr","@id":"https:\/\/qingdaohf.com\/product\/rebar-individual-high-chair\/#primaryimage","url":"https:\/\/qingdaohf.com\/wp-content\/uploads\/2024\/09\/Individual-High-Chair-12.webp","contentUrl":"https:\/\/qingdaohf.com\/wp-content\/uploads\/2024\/09\/Individual-High-Chair-12.webp","width":1280,"height":1280,"caption":"Rebar Individual High Chair"},{"@type":"BreadcrumbList","@id":"https:\/\/qingdaohf.com\/product\/rebar-individual-high-chair\/#breadcrumb","itemListElement":[{"@type":"ListItem","position":1,"name":"Home","item":"https:\/\/qingdaohf.com\/"},{"@type":"ListItem","position":2,"name":"Concrete Forming Accessories and Rigging Hardware","item":"https:\/\/qingdaohf.com\/bg\/?page_id=944"},{"@type":"ListItem","position":3,"name":"Rebar Individual High Chair"}]},{"@type":"WebSite","@id":"https:\/\/qingdaohf.com\/bg\/#website","url":"https:\/\/qingdaohf.com\/bg\/","name":"Concrete Form & Rigging Hardware Supplier","description":"","publisher":{"@id":"https:\/\/qingdaohf.com\/bg\/#organization"},"potentialAction":[{"@type":"SearchAction","target":{"@type":"EntryPoint","urlTemplate":"https:\/\/qingdaohf.com\/bg\/?s={search_term_string}"},"query-input":{"@type":"PropertyValueSpecification","valueRequired":true,"valueName":"search_term_string"}}],"inLanguage":"tr"},{"@type":"Organization","@id":"https:\/\/qingdaohf.com\/bg\/#organization","name":"Qingdao H&F","url":"https:\/\/qingdaohf.com\/bg\/","logo":{"@type":"ImageObject","inLanguage":"tr","@id":"https:\/\/qingdaohf.com\/bg\/#\/schema\/logo\/image\/","url":"https:\/\/qingdaohf.com\/wp-content\/uploads\/2022\/12\/cropped-HF-LOGO.png","contentUrl":"https:\/\/qingdaohf.com\/wp-content\/uploads\/2022\/12\/cropped-HF-LOGO.png","width":391,"height":249,"caption":"Qingdao H&F"},"image":{"@id":"https:\/\/qingdaohf.com\/bg\/#\/schema\/logo\/image\/"},"sameAs":["https:\/\/www.facebook.com\/qingdaohf"]}]}},"_links":{"self":[{"href":"https:\/\/qingdaohf.com\/tr\/wp-json\/wp\/v2\/product\/7983","targetHints":{"allow":["GET"]}}],"collection":[{"href":"https:\/\/qingdaohf.com\/tr\/wp-json\/wp\/v2\/product"}],"about":[{"href":"https:\/\/qingdaohf.com\/tr\/wp-json\/wp\/v2\/types\/product"}],"replies":[{"embeddable":true,"href":"https:\/\/qingdaohf.com\/tr\/wp-json\/wp\/v2\/comments?post=7983"}],"version-history":[{"count":1,"href":"https:\/\/qingdaohf.com\/tr\/wp-json\/wp\/v2\/product\/7983\/revisions"}],"predecessor-version":[{"id":7994,"href":"https:\/\/qingdaohf.com\/tr\/wp-json\/wp\/v2\/product\/7983\/revisions\/7994"}],"wp:featuredmedia":[{"embeddable":true,"href":"https:\/\/qingdaohf.com\/tr\/wp-json\/wp\/v2\/media\/7984"}],"wp:attachment":[{"href":"https:\/\/qingdaohf.com\/tr\/wp-json\/wp\/v2\/media?parent=7983"}],"wp:term":[{"taxonomy":"product_brand","embeddable":true,"href":"https:\/\/qingdaohf.com\/tr\/wp-json\/wp\/v2\/product_brand?post=7983"},{"taxonomy":"product_cat","embeddable":true,"href":"https:\/\/qingdaohf.com\/tr\/wp-json\/wp\/v2\/product_cat?post=7983"},{"taxonomy":"product_tag","embeddable":true,"href":"https:\/\/qingdaohf.com\/tr\/wp-json\/wp\/v2\/product_tag?post=7983"}],"curies":[{"name":"wp","href":"https:\/\/api.w.org\/{rel}","templated":true}]}}