{"id":8109,"date":"2024-10-24T17:13:03","date_gmt":"2024-10-24T09:13:03","guid":{"rendered":"http:\/\/qingdaohf.com\/?post_type=product&#038;p=8109"},"modified":"2025-11-13T09:02:55","modified_gmt":"2025-11-13T01:02:55","slug":"6x19-wire-rope","status":"publish","type":"product","link":"https:\/\/qingdaohf.com\/tr\/urun\/6x19-tel-halat\/","title":{"rendered":"6\u00d719 Tel Halat"},"content":{"rendered":"<h3>6\u00d719 Tel Halat Yap\u0131s\u0131n\u0131 Anlamak<\/h3>\n<p>6\u00d719 tel halat, esneklik ve g\u00fc\u00e7 aras\u0131ndaki dengesi nedeniyle end\u00fcstriyel ve in\u015faat ortamlar\u0131nda sayg\u0131n bir se\u00e7enektir. Her birinde 19 tel bulunan 6 \u015feritten olu\u015fan bu halat, \u00e7e\u015fitli a\u011f\u0131r g\u00f6revler i\u00e7in g\u00fcvenilir performans sunar. 6\u00d719 tel halat\u0131n yap\u0131s\u0131, sa\u011flam ancak bir miktar esnek bir \u00fcr\u00fcn sa\u011flar, bu da g\u00fcc\u00fc korurken tekrarlanan b\u00fck\u00fclmeye dayanacak bir halat gerektiren uygulamalar i\u00e7in idealdir. Bu t\u00fcr tel halatlar, sa\u011flam tasar\u0131m\u0131 ve uyarlanabilir yap\u0131s\u0131 sayesinde kald\u0131rma, vin\u00e7le kald\u0131rma, denizcilik uygulamalar\u0131 ve daha bir\u00e7ok alanda s\u0131k\u00e7a kullan\u0131l\u0131r.<\/p>\n<p>6\u00d719 tel halat\u0131n y\u00fcksek karbonlu \u00e7elik yap\u0131s\u0131, \u00fcst\u00fcn mukavemet kazand\u0131rarak yap\u0131sal b\u00fct\u00fcnl\u00fc\u011f\u00fcnden \u00f6d\u00fcn vermeden \u00f6nemli y\u00fckleri ta\u015f\u0131mas\u0131na olanak tan\u0131r. Bu malzeme se\u00e7imi, a\u015f\u0131nma ve y\u0131pranmaya kar\u015f\u0131 ola\u011fan\u00fcst\u00fc diren\u00e7 sa\u011flayarak tel halat\u0131n denizcilik operasyonlar\u0131nda veya \u015fantiyelerde kar\u015f\u0131la\u015f\u0131lanlar gibi zorlu ortamlarla ba\u015fa \u00e7\u0131kabilmesini sa\u011flar. Ayr\u0131ca, 6\u00d719 tel halat\u0131n tasar\u0131m\u0131, kullan\u0131m s\u0131ras\u0131nda makine ve di\u011fer ekipmanlara verilen hasar\u0131 en aza indirmeye yard\u0131mc\u0131 olan p\u00fcr\u00fczs\u00fcz bir d\u0131\u015f y\u00fczey sa\u011flar.<\/p>\n<h3>6\u00d719 Tel Halat\u0131n Yayg\u0131n Boyutlar\u0131<\/h3>\n<p>Farkl\u0131 \u00e7aplar hem g\u00fcc\u00fc hem de esnekli\u011fi etkiledi\u011finden, belirli g\u00f6revler i\u00e7in uygun \u00fcr\u00fcn\u00fc se\u00e7erken tel halat boyutu \u00e7ok \u00f6nemli bir husustur. 6\u00d719 tel halat \u00e7e\u015fitli boyutlarda mevcuttur ve her boyut in\u015faat, nakliye veya denizcilik uygulamalar\u0131 gibi belirli kullan\u0131mlara g\u00f6re uyarlanm\u0131\u015ft\u0131r.<\/p>\n<p>Pop\u00fcler boyutlardan biri, kompakt \u00e7ap\u0131 ve esnekli\u011fi ile bilinen 1\/8 in\u00e7 6\u00d719 tel halatt\u0131r. Bu boyut, daha k\u00fc\u00e7\u00fck donan\u0131m projeleri veya hafif kald\u0131rma g\u00f6revleri gibi alan\u0131n s\u0131n\u0131rl\u0131 oldu\u011fu uygulamalar i\u00e7in \u00e7ok uygundur. Daha k\u00fc\u00e7\u00fck boyutuna ra\u011fmen, \u00f6nemli gerilme mukavemetini korur, bu da onu hassas odakl\u0131 i\u015fler i\u00e7in g\u00fcvenilir bir se\u00e7im haline getirir.<\/p>\n<p>Biraz daha a\u011f\u0131r g\u00f6revler i\u00e7in, 3\/16 in\u00e7 6\u00d719 tel halat, y\u00f6netilebilir bir esneklik seviyesini korurken daha fazla g\u00fc\u00e7 sunar. Bu boyut, k\u00fc\u00e7\u00fck ekipmanlar\u0131n kald\u0131r\u0131lmas\u0131 veya ta\u015f\u0131ma s\u0131ras\u0131nda y\u00fcklerin sabitlenmesi gibi y\u00fck ta\u015f\u0131ma kapasitesi ile kullan\u0131m kolayl\u0131\u011f\u0131 aras\u0131nda bir denge kurulmas\u0131 gereken senaryolarda s\u0131k\u00e7a kullan\u0131l\u0131r. Orta \u00e7ap\u0131, onu \u00e7e\u015fitli ortamlarda \u00e7ok y\u00f6nl\u00fc bir se\u00e7im haline getirir.<\/p>\n<p>1\/4 in\u00e7 6\u00d719 tel halat, daha zorlu uygulamalar i\u00e7in geli\u015fmi\u015f g\u00fc\u00e7 sunan, yayg\u0131n olarak se\u00e7ilen bir ba\u015fka boyuttur. Bu boyut genellikle vin\u00e7ler, vin\u00e7ler ve in\u015faat vin\u00e7leri gibi daha sa\u011flam deste\u011fe ihtiya\u00e7 duyulan end\u00fcstriyel ortamlarda bulunur. Daha b\u00fcy\u00fck bir \u00e7apa sahip olan 1\/4 in\u00e7 varyant\u0131 daha fazla y\u00fck ta\u015f\u0131ma kapasitesi sunar, ancak genel donan\u0131m g\u00f6revleri i\u00e7in yeterince esnek kal\u0131r.<\/p>\n<p>Daha da fazla g\u00fc\u00e7 i\u00e7in, daha a\u011f\u0131r y\u00fckler veya daha yo\u011fun kullan\u0131m i\u00e7eren uygulamalar i\u00e7in dayan\u0131kl\u0131l\u0131k sunan 5\/16 in\u00e7 6\u00d719 tel halat d\u00fc\u015f\u00fcn\u00fclebilir. Artan \u00e7ap\u0131, onu demirleme hatlar\u0131 veya \u00e7ekme gibi denizcilik ortamlar\u0131nda kullan\u0131m i\u00e7in ideal hale getirir. 5\/16 in\u00e7 boyutu, esneklikten \u00f6d\u00fcn vermeden zorlu ko\u015fullara dayanabilecek g\u00fcvenilir bir tel halat arayanlar i\u00e7in sa\u011flam bir se\u00e7enek sunar.<\/p>\n<h3>\u00c7ekirdek T\u00fcrlerini Ke\u015ffetmek: FC, IWS ve IWRC<\/h3>\n<p><img fetchpriority=\"high\" decoding=\"async\" class=\"alignnone size-full wp-image-8113\" src=\"http:\/\/qingdaohf.com\/wp-content\/uploads\/2024\/10\/6X19-wire-rope.webp\" alt=\"6X19\" width=\"1338\" height=\"412\" srcset=\"https:\/\/qingdaohf.com\/wp-content\/uploads\/2024\/10\/6X19-wire-rope.webp 1338w, https:\/\/qingdaohf.com\/wp-content\/uploads\/2024\/10\/6X19-wire-rope-300x92.webp 300w, https:\/\/qingdaohf.com\/wp-content\/uploads\/2024\/10\/6X19-wire-rope-1024x315.webp 1024w, https:\/\/qingdaohf.com\/wp-content\/uploads\/2024\/10\/6X19-wire-rope-768x236.webp 768w, https:\/\/qingdaohf.com\/wp-content\/uploads\/2024\/10\/6X19-wire-rope-18x6.webp 18w, https:\/\/qingdaohf.com\/wp-content\/uploads\/2024\/10\/6X19-wire-rope-1000x308.webp 1000w\" sizes=\"(max-width: 1338px) 100vw, 1338px\" \/><\/p>\n<p>6\u00d719 tel halat, her biri kullan\u0131m amac\u0131na ba\u011fl\u0131 olarak farkl\u0131 avantajlar sunan \u00fc\u00e7 \u00e7ekirdek varyasyonuna sahiptir. \u00c7ekirdek, d\u0131\u015f tellere destek sa\u011flad\u0131\u011f\u0131 ve halat\u0131n esnekli\u011fini ve g\u00fcc\u00fcn\u00fc etkiledi\u011fi i\u00e7in tel halat\u0131n \u00e7ok \u00f6nemli bir bile\u015fenidir. 6\u00d719 tel halat i\u00e7in mevcut olan \u00fc\u00e7 \u00e7ekirdek tipi Fiber \u00c7ekirdek (FC), Ba\u011f\u0131ms\u0131z Tel Demeti \u00c7ekirde\u011fi (IWS) ve Ba\u011f\u0131ms\u0131z Tel Halat \u00c7ekirde\u011fidir (IWRC).<\/p>\n<p>Fiber \u00c7ekirdek (FC) varyant\u0131, do\u011fal veya sentetik liflerden yap\u0131lm\u0131\u015f bir \u00e7ekirdek i\u00e7erir. Bu tasar\u0131m geli\u015fmi\u015f esneklik sa\u011flayarak FC se\u00e7ene\u011fini tel halat\u0131n s\u0131k s\u0131k b\u00fck\u00fclmesi ve hareket etmesi gereken uygulamalar i\u00e7in uygun hale getirir. Esnekli\u011fi, makara ve kasnaklardaki a\u015f\u0131nmay\u0131 azaltarak makine ve ekipmanlar\u0131n dahil oldu\u011fu senaryolarda tercih edilen bir se\u00e7im olmas\u0131n\u0131 sa\u011flar. Bununla birlikte, bu ilave esneklik, \u00e7elik \u00e7ekirdekli alternatiflere k\u0131yasla daha d\u00fc\u015f\u00fck mukavemet pahas\u0131na gelir, bu da FC \u00e7ekirde\u011finin daha hafif hizmet uygulamalar\u0131 i\u00e7in en uygun oldu\u011fu anlam\u0131na gelir.<\/p>\n<p>Ba\u011f\u0131ms\u0131z Tel Demeti \u00c7ekirde\u011fi (IWS), FC \u00e7ekirde\u011fin esnekli\u011fi ile IWRC'nin g\u00fcc\u00fc aras\u0131nda bir orta yol sunar. Bir IWS \u00f6z\u00fc, halat yap\u0131s\u0131na ek destek sa\u011flayarak hem dayan\u0131kl\u0131l\u0131\u011f\u0131n\u0131 hem de y\u00fck ta\u015f\u0131ma kapasitesini art\u0131ran ayr\u0131 bir tel dizisinden olu\u015fur. Bu \u00e7ekirdek t\u00fcr\u00fc, \u00f6zellikle k\u00fc\u00e7\u00fck ve orta \u00f6l\u00e7ekli vin\u00e7ler ve vin\u00e7ler gibi y\u00fcksek mukavemetin yan\u0131 s\u0131ra orta derecede esnekli\u011fin gerekli oldu\u011fu uygulamalarda avantajl\u0131d\u0131r. IWS \u00f6z\u00fcn dengesi, onu esneklikten \u00f6d\u00fcn vermeden g\u00fcvenilir performans arayanlar i\u00e7in \u00e7ok y\u00f6nl\u00fc bir se\u00e7enek haline getirir.<\/p>\n<p>Maksimum g\u00fc\u00e7 ve dayan\u0131kl\u0131l\u0131k i\u00e7in Ba\u011f\u0131ms\u0131z Tel Halat \u00c7ekirde\u011fi (IWRC) tercih edilen se\u00e7imdir. IWRC \u00f6z\u00fc, 6\u00d719 tel halat\u0131n genel mukavemetini ve yap\u0131sal b\u00fct\u00fcnl\u00fc\u011f\u00fcn\u00fc \u00f6nemli \u00f6l\u00e7\u00fcde art\u0131ran ayr\u0131 bir tel halattan yap\u0131lm\u0131\u015ft\u0131r. Bu \u00e7ekirdek tipi, b\u00fcy\u00fck in\u015faat vin\u00e7leri, end\u00fcstriyel vin\u00e7ler ve deniz donan\u0131mlar\u0131 gibi y\u00fcksek gerilme mukavemetinin kritik oldu\u011fu a\u011f\u0131r hizmet uygulamalar\u0131 i\u00e7in \u00e7ok uygundur. IWRC \u00f6z\u00fc, FC ve IWS se\u00e7eneklerine k\u0131yasla bir miktar esneklikten \u00f6d\u00fcn verirken, sa\u011flaml\u0131\u011f\u0131 tel halat\u0131n uzun s\u00fcreler boyunca zorlu ko\u015fullara ve a\u011f\u0131r y\u00fcklere dayanabilmesini sa\u011flar.<\/p>\n<h3>6\u00d719 \u00c7elik Halat\u0131n Uygulama Anlay\u0131\u015flar\u0131 ve Avantajlar\u0131<\/h3>\n<p>6\u00d719 tel halat\u0131n tasar\u0131m\u0131, \u00e7ok y\u00f6nl\u00fcl\u00fc\u011f\u00fc nedeniyle onu \u00e7e\u015fitli sekt\u00f6rlerde pop\u00fcler bir se\u00e7im haline getirmektedir. Dengeli yap\u0131s\u0131, gerilme mukavemeti ve esneklik aras\u0131nda etkili bir uzla\u015fma sunarak onu \u00e7ok say\u0131da g\u00f6reve uyarlanabilir hale getirir. \u0130n\u015faatta, bu t\u00fcr tel halat genellikle kald\u0131rma i\u015flemleri i\u00e7in kullan\u0131l\u0131r ve malzemeleri g\u00fcvenli ve verimli bir \u015fekilde ta\u015f\u0131mak i\u00e7in gerekli deste\u011fi sa\u011flar. Halat\u0131n p\u00fcr\u00fczs\u00fcz y\u00fczeyi a\u015f\u0131nmay\u0131 en aza indirerek kasnaklar ve vin\u00e7lerdeki a\u015f\u0131nmay\u0131 azalt\u0131r, bu da ekipman\u0131n \u00f6mr\u00fcn\u00fc uzat\u0131r.<\/p>\n<p>Deniz ortamlar\u0131nda, 6\u00d719 tel halat\u0131n a\u015f\u0131nmaya ve zorlu ko\u015fullara kar\u015f\u0131 direnci, onu demirleme, \u00e7ekme ve bal\u0131k\u00e7\u0131l\u0131k gibi uygulamalar i\u00e7in uygun hale getirir. Tuzlu suya maruz kalma ve de\u011fi\u015fken y\u00fcklerin stresine dayanma kabiliyeti, onu denizcilik kullan\u0131m\u0131 i\u00e7in g\u00fcvenilir bir bile\u015fen haline getirir. \u00d6zellikle IWRC \u00e7ekirde\u011fi, dayan\u0131kl\u0131l\u0131ktan \u00f6d\u00fcn vermeden zorlu g\u00f6revlerin \u00fcstesinden gelmek i\u00e7in gereken g\u00fcc\u00fc sa\u011flayarak denizcilik uygulamalar\u0131nda faydal\u0131 oldu\u011funu kan\u0131tlamaktad\u0131r.<\/p>\n<p>Ta\u015f\u0131mac\u0131l\u0131k ve lojistik de 6\u00d719 tel halat kullan\u0131m\u0131ndan faydalan\u0131r; bu halat kargoyu sabitlemek, kald\u0131rma ask\u0131lar\u0131 olu\u015fturmak veya y\u00fckleme ve bo\u015faltma sistemlerinin bir par\u00e7as\u0131 olarak i\u015flev g\u00f6rmek i\u00e7in kullan\u0131labilir. \u00c7e\u015fitli boyutlarda mevcut olmas\u0131, \u00f6zel ihtiya\u00e7lara g\u00f6re uyarlanmas\u0131na olanak tan\u0131yarak her benzersiz durum i\u00e7in do\u011fru g\u00fc\u00e7 ve esneklik dengesinin elde edilmesini sa\u011flar. 6\u00d719 tel halat\u0131n uyarlanabilirli\u011fi, bu alanlardaki hem rutin hem de zorlu g\u00f6revleri yerine getirebilmesini sa\u011flar.<\/p>\n<p>Sonu\u00e7 olarak, uygun boyutun yan\u0131 s\u0131ra \u00e7ekirdek tipi se\u00e7imi - FC, IWS veya IWRC - kullan\u0131c\u0131lar\u0131n 6\u00d719 tel halat se\u00e7imlerini kesin gereksinimlere uyacak \u015fekilde \u00f6zelle\u015ftirmelerini sa\u011flar. \u0130\u015fletmeler, her bir \u00e7ekirdek ve boyutun benzersiz \u00f6zelliklerini ve faydalar\u0131n\u0131 anlayarak operasyonlar\u0131n\u0131 optimize edebilir ve ekipmanlar\u0131n\u0131n g\u00fcvenli, verimli ve projelerinin taleplerini kar\u015f\u0131layabilecek kapasitede kalmas\u0131n\u0131 sa\u011flayabilir. Esneklik, g\u00fc\u00e7 ve dayan\u0131kl\u0131l\u0131k kar\u0131\u015f\u0131m\u0131yla 6\u00d719 tel halat, \u00e7e\u015fitli uygulamalarda g\u00fcvenilir performans sunarak tel halat alan\u0131nda bir k\u00f6\u015fe ta\u015f\u0131 olmaya devam etmektedir.<\/p>","protected":false},"excerpt":{"rendered":"<p>6\u00d719 tel halat, esneklik ve mukavemetin bir kar\u0131\u015f\u0131m\u0131n\u0131 sunan \u00e7ok y\u00f6nl\u00fc ve dayan\u0131kl\u0131 bir \u00e7elik tel halat t\u00fcr\u00fcd\u00fcr. Her biri 19 tel i\u00e7eren 6 \u015feritten olu\u015fur ve \u00e7e\u015fitli kald\u0131rma, arma ve kald\u0131rma uygulamalar\u0131 i\u00e7in uygun hale getirir. Genellikle 1\/8 in\u00e7, 3\/16 in\u00e7 ve 1\/4 in\u00e7 gibi boyutlarda mevcut olan 6\u00d719 tel halat, m\u00fckemmel gerilme mukavemeti ve a\u015f\u0131nmaya kar\u015f\u0131 diren\u00e7 sa\u011flayan y\u00fcksek karbonlu \u00e7elikten \u00fcretilmi\u015ftir. Farkl\u0131 ihtiya\u00e7lar\u0131 ve performans gereksinimlerini kar\u015f\u0131layan Fiber \u00c7ekirdek (FC), Ba\u011f\u0131ms\u0131z Tel Tel \u00c7ekirdek (IWS) ve Ba\u011f\u0131ms\u0131z Tel Halat \u00c7ekirde\u011fi (IWRC) gibi farkl\u0131 \u00e7ekirdek t\u00fcrlerine sahiptir.<\/p>","protected":false},"featured_media":8112,"comment_status":"open","ping_status":"closed","template":"","meta":{"site-sidebar-layout":"default","site-content-layout":"","ast-site-content-layout":"default","site-content-style":"default","site-sidebar-style":"default","ast-global-header-display":"","ast-banner-title-visibility":"","ast-main-header-display":"","ast-hfb-above-header-display":"","ast-hfb-below-header-display":"","ast-hfb-mobile-header-display":"","site-post-title":"","ast-breadcrumbs-content":"","ast-featured-img":"","footer-sml-layout":"","theme-transparent-header-meta":"default","adv-header-id-meta":"","stick-header-meta":"default","header-above-stick-meta":"","header-main-stick-meta":"","header-below-stick-meta":"","astra-migrate-meta-layouts":"set","ast-page-background-enabled":"default","ast-page-background-meta":{"desktop":{"background-color":"","background-image":"","background-repeat":"repeat","background-position":"center center","background-size":"auto","background-attachment":"scroll","background-type":"","background-media":"","overlay-type":"","overlay-color":"","overlay-opacity":"","overlay-gradient":""},"tablet":{"background-color":"","background-image":"","background-repeat":"repeat","background-position":"center center","background-size":"auto","background-attachment":"scroll","background-type":"","background-media":"","overlay-type":"","overlay-color":"","overlay-opacity":"","overlay-gradient":""},"mobile":{"background-color":"","background-image":"","background-repeat":"repeat","background-position":"center center","background-size":"auto","background-attachment":"scroll","background-type":"","background-media":"","overlay-type":"","overlay-color":"","overlay-opacity":"","overlay-gradient":""}},"ast-content-background-meta":{"desktop":{"background-color":"var(--ast-global-color-5)","background-image":"","background-repeat":"repeat","background-position":"center center","background-size":"auto","background-attachment":"scroll","background-type":"","background-media":"","overlay-type":"","overlay-color":"","overlay-opacity":"","overlay-gradient":""},"tablet":{"background-color":"var(--ast-global-color-5)","background-image":"","background-repeat":"repeat","background-position":"center center","background-size":"auto","background-attachment":"scroll","background-type":"","background-media":"","overlay-type":"","overlay-color":"","overlay-opacity":"","overlay-gradient":""},"mobile":{"background-color":"var(--ast-global-color-5)","background-image":"","background-repeat":"repeat","background-position":"center center","background-size":"auto","background-attachment":"scroll","background-type":"","background-media":"","overlay-type":"","overlay-color":"","overlay-opacity":"","overlay-gradient":""}}},"product_brand":[],"product_cat":[37],"product_tag":[89],"class_list":{"0":"post-8109","1":"product","2":"type-product","3":"status-publish","4":"has-post-thumbnail","6":"product_cat-wire-rope","7":"product_tag-wire-rope","8":"desktop-align-left","9":"tablet-align-left","10":"mobile-align-left","11":"ast-product-gallery-layout-horizontal-slider","12":"ast-product-gallery-with-no-image","13":"ast-product-tabs-layout-horizontal","15":"first","16":"instock","17":"shipping-taxable","18":"purchasable","19":"product-type-simple"},"yoast_head":"<!-- This site is optimized with the Yoast SEO plugin v25.2 - https:\/\/yoast.com\/wordpress\/plugins\/seo\/ -->\n<title>6x19 Wire Rope<\/title>\n<meta name=\"description\" content=\"6x19 wire rope is a versatile and durable type of steel wire rope, offering a blend of flexibility and strength.\" \/>\n<meta name=\"robots\" content=\"index, follow, max-snippet:-1, max-image-preview:large, max-video-preview:-1\" \/>\n<link rel=\"canonical\" href=\"https:\/\/qingdaohf.com\/tr\/urun\/6x19-tel-halat\/\" \/>\n<meta property=\"og:locale\" content=\"tr_TR\" \/>\n<meta property=\"og:type\" content=\"article\" \/>\n<meta property=\"og:title\" content=\"6x19 Wire Rope\" \/>\n<meta property=\"og:description\" content=\"6x19 wire rope is a versatile and durable type of steel wire rope, offering a blend of flexibility and strength.\" \/>\n<meta property=\"og:url\" content=\"https:\/\/qingdaohf.com\/tr\/urun\/6x19-tel-halat\/\" \/>\n<meta property=\"og:site_name\" content=\"Concrete Form &amp; Rigging Hardware Supplier\" \/>\n<meta property=\"article:publisher\" content=\"https:\/\/www.facebook.com\/qingdaohf\" \/>\n<meta property=\"article:modified_time\" content=\"2025-11-13T01:02:55+00:00\" \/>\n<meta property=\"og:image\" content=\"https:\/\/qingdaohf.com\/wp-content\/uploads\/2024\/10\/6x19wrc_2.webp\" \/>\n\t<meta property=\"og:image:width\" content=\"787\" \/>\n\t<meta property=\"og:image:height\" content=\"787\" \/>\n\t<meta property=\"og:image:type\" content=\"image\/webp\" \/>\n<meta name=\"twitter:card\" content=\"summary_large_image\" \/>\n<meta name=\"twitter:label1\" content=\"Tahmini okuma s\u00fcresi\" \/>\n\t<meta name=\"twitter:data1\" content=\"6 dakika\" \/>\n<script type=\"application\/ld+json\" class=\"yoast-schema-graph\">{\"@context\":\"https:\/\/schema.org\",\"@graph\":[{\"@type\":\"WebPage\",\"@id\":\"https:\/\/qingdaohf.com\/product\/6x19-wire-rope\/\",\"url\":\"https:\/\/qingdaohf.com\/product\/6x19-wire-rope\/\",\"name\":\"6x19 Wire Rope\",\"isPartOf\":{\"@id\":\"https:\/\/qingdaohf.com\/bg\/#website\"},\"primaryImageOfPage\":{\"@id\":\"https:\/\/qingdaohf.com\/product\/6x19-wire-rope\/#primaryimage\"},\"image\":{\"@id\":\"https:\/\/qingdaohf.com\/product\/6x19-wire-rope\/#primaryimage\"},\"thumbnailUrl\":\"https:\/\/qingdaohf.com\/wp-content\/uploads\/2024\/10\/6x19wrc_2.webp\",\"datePublished\":\"2024-10-24T09:13:03+00:00\",\"dateModified\":\"2025-11-13T01:02:55+00:00\",\"description\":\"6x19 wire rope is a versatile and durable type of steel wire rope, offering a blend of flexibility and strength.\",\"breadcrumb\":{\"@id\":\"https:\/\/qingdaohf.com\/product\/6x19-wire-rope\/#breadcrumb\"},\"inLanguage\":\"tr\",\"potentialAction\":[{\"@type\":\"ReadAction\",\"target\":[\"https:\/\/qingdaohf.com\/product\/6x19-wire-rope\/\"]}]},{\"@type\":\"ImageObject\",\"inLanguage\":\"tr\",\"@id\":\"https:\/\/qingdaohf.com\/product\/6x19-wire-rope\/#primaryimage\",\"url\":\"https:\/\/qingdaohf.com\/wp-content\/uploads\/2024\/10\/6x19wrc_2.webp\",\"contentUrl\":\"https:\/\/qingdaohf.com\/wp-content\/uploads\/2024\/10\/6x19wrc_2.webp\",\"width\":787,\"height\":787,\"caption\":\"6X19 wire rope\"},{\"@type\":\"BreadcrumbList\",\"@id\":\"https:\/\/qingdaohf.com\/product\/6x19-wire-rope\/#breadcrumb\",\"itemListElement\":[{\"@type\":\"ListItem\",\"position\":1,\"name\":\"Home\",\"item\":\"https:\/\/qingdaohf.com\/\"},{\"@type\":\"ListItem\",\"position\":2,\"name\":\"Concrete Forming Accessories and Rigging Hardware\",\"item\":\"https:\/\/qingdaohf.com\/bg\/?page_id=944\"},{\"@type\":\"ListItem\",\"position\":3,\"name\":\"6&#215;19 Wire Rope\"}]},{\"@type\":\"WebSite\",\"@id\":\"https:\/\/qingdaohf.com\/bg\/#website\",\"url\":\"https:\/\/qingdaohf.com\/bg\/\",\"name\":\"Concrete Form & Rigging Hardware Supplier\",\"description\":\"\",\"publisher\":{\"@id\":\"https:\/\/qingdaohf.com\/bg\/#organization\"},\"potentialAction\":[{\"@type\":\"SearchAction\",\"target\":{\"@type\":\"EntryPoint\",\"urlTemplate\":\"https:\/\/qingdaohf.com\/bg\/?s={search_term_string}\"},\"query-input\":{\"@type\":\"PropertyValueSpecification\",\"valueRequired\":true,\"valueName\":\"search_term_string\"}}],\"inLanguage\":\"tr\"},{\"@type\":\"Organization\",\"@id\":\"https:\/\/qingdaohf.com\/bg\/#organization\",\"name\":\"Qingdao H&F\",\"url\":\"https:\/\/qingdaohf.com\/bg\/\",\"logo\":{\"@type\":\"ImageObject\",\"inLanguage\":\"tr\",\"@id\":\"https:\/\/qingdaohf.com\/bg\/#\/schema\/logo\/image\/\",\"url\":\"https:\/\/qingdaohf.com\/wp-content\/uploads\/2022\/12\/cropped-HF-LOGO.png\",\"contentUrl\":\"https:\/\/qingdaohf.com\/wp-content\/uploads\/2022\/12\/cropped-HF-LOGO.png\",\"width\":391,\"height\":249,\"caption\":\"Qingdao H&F\"},\"image\":{\"@id\":\"https:\/\/qingdaohf.com\/bg\/#\/schema\/logo\/image\/\"},\"sameAs\":[\"https:\/\/www.facebook.com\/qingdaohf\"]}]}<\/script>\n<!-- \/ Yoast SEO plugin. -->","yoast_head_json":{"title":"6x19 Wire Rope","description":"6x19 wire rope is a versatile and durable type of steel wire rope, offering a blend of flexibility and strength.","robots":{"index":"index","follow":"follow","max-snippet":"max-snippet:-1","max-image-preview":"max-image-preview:large","max-video-preview":"max-video-preview:-1"},"canonical":"https:\/\/qingdaohf.com\/tr\/urun\/6x19-tel-halat\/","og_locale":"tr_TR","og_type":"article","og_title":"6x19 Wire Rope","og_description":"6x19 wire rope is a versatile and durable type of steel wire rope, offering a blend of flexibility and strength.","og_url":"https:\/\/qingdaohf.com\/tr\/urun\/6x19-tel-halat\/","og_site_name":"Concrete Form &amp; Rigging Hardware Supplier","article_publisher":"https:\/\/www.facebook.com\/qingdaohf","article_modified_time":"2025-11-13T01:02:55+00:00","og_image":[{"width":787,"height":787,"url":"https:\/\/qingdaohf.com\/wp-content\/uploads\/2024\/10\/6x19wrc_2.webp","type":"image\/webp"}],"twitter_card":"summary_large_image","twitter_misc":{"Tahmini okuma s\u00fcresi":"6 dakika"},"schema":{"@context":"https:\/\/schema.org","@graph":[{"@type":"WebPage","@id":"https:\/\/qingdaohf.com\/product\/6x19-wire-rope\/","url":"https:\/\/qingdaohf.com\/product\/6x19-wire-rope\/","name":"6x19 Wire Rope","isPartOf":{"@id":"https:\/\/qingdaohf.com\/bg\/#website"},"primaryImageOfPage":{"@id":"https:\/\/qingdaohf.com\/product\/6x19-wire-rope\/#primaryimage"},"image":{"@id":"https:\/\/qingdaohf.com\/product\/6x19-wire-rope\/#primaryimage"},"thumbnailUrl":"https:\/\/qingdaohf.com\/wp-content\/uploads\/2024\/10\/6x19wrc_2.webp","datePublished":"2024-10-24T09:13:03+00:00","dateModified":"2025-11-13T01:02:55+00:00","description":"6x19 wire rope is a versatile and durable type of steel wire rope, offering a blend of flexibility and strength.","breadcrumb":{"@id":"https:\/\/qingdaohf.com\/product\/6x19-wire-rope\/#breadcrumb"},"inLanguage":"tr","potentialAction":[{"@type":"ReadAction","target":["https:\/\/qingdaohf.com\/product\/6x19-wire-rope\/"]}]},{"@type":"ImageObject","inLanguage":"tr","@id":"https:\/\/qingdaohf.com\/product\/6x19-wire-rope\/#primaryimage","url":"https:\/\/qingdaohf.com\/wp-content\/uploads\/2024\/10\/6x19wrc_2.webp","contentUrl":"https:\/\/qingdaohf.com\/wp-content\/uploads\/2024\/10\/6x19wrc_2.webp","width":787,"height":787,"caption":"6X19 wire rope"},{"@type":"BreadcrumbList","@id":"https:\/\/qingdaohf.com\/product\/6x19-wire-rope\/#breadcrumb","itemListElement":[{"@type":"ListItem","position":1,"name":"Home","item":"https:\/\/qingdaohf.com\/"},{"@type":"ListItem","position":2,"name":"Concrete Forming Accessories and Rigging Hardware","item":"https:\/\/qingdaohf.com\/bg\/?page_id=944"},{"@type":"ListItem","position":3,"name":"6&#215;19 Wire Rope"}]},{"@type":"WebSite","@id":"https:\/\/qingdaohf.com\/bg\/#website","url":"https:\/\/qingdaohf.com\/bg\/","name":"Concrete Form & Rigging Hardware Supplier","description":"","publisher":{"@id":"https:\/\/qingdaohf.com\/bg\/#organization"},"potentialAction":[{"@type":"SearchAction","target":{"@type":"EntryPoint","urlTemplate":"https:\/\/qingdaohf.com\/bg\/?s={search_term_string}"},"query-input":{"@type":"PropertyValueSpecification","valueRequired":true,"valueName":"search_term_string"}}],"inLanguage":"tr"},{"@type":"Organization","@id":"https:\/\/qingdaohf.com\/bg\/#organization","name":"Qingdao H&F","url":"https:\/\/qingdaohf.com\/bg\/","logo":{"@type":"ImageObject","inLanguage":"tr","@id":"https:\/\/qingdaohf.com\/bg\/#\/schema\/logo\/image\/","url":"https:\/\/qingdaohf.com\/wp-content\/uploads\/2022\/12\/cropped-HF-LOGO.png","contentUrl":"https:\/\/qingdaohf.com\/wp-content\/uploads\/2022\/12\/cropped-HF-LOGO.png","width":391,"height":249,"caption":"Qingdao H&F"},"image":{"@id":"https:\/\/qingdaohf.com\/bg\/#\/schema\/logo\/image\/"},"sameAs":["https:\/\/www.facebook.com\/qingdaohf"]}]}},"_links":{"self":[{"href":"https:\/\/qingdaohf.com\/tr\/wp-json\/wp\/v2\/product\/8109","targetHints":{"allow":["GET"]}}],"collection":[{"href":"https:\/\/qingdaohf.com\/tr\/wp-json\/wp\/v2\/product"}],"about":[{"href":"https:\/\/qingdaohf.com\/tr\/wp-json\/wp\/v2\/types\/product"}],"replies":[{"embeddable":true,"href":"https:\/\/qingdaohf.com\/tr\/wp-json\/wp\/v2\/comments?post=8109"}],"version-history":[{"count":1,"href":"https:\/\/qingdaohf.com\/tr\/wp-json\/wp\/v2\/product\/8109\/revisions"}],"predecessor-version":[{"id":8114,"href":"https:\/\/qingdaohf.com\/tr\/wp-json\/wp\/v2\/product\/8109\/revisions\/8114"}],"wp:featuredmedia":[{"embeddable":true,"href":"https:\/\/qingdaohf.com\/tr\/wp-json\/wp\/v2\/media\/8112"}],"wp:attachment":[{"href":"https:\/\/qingdaohf.com\/tr\/wp-json\/wp\/v2\/media?parent=8109"}],"wp:term":[{"taxonomy":"product_brand","embeddable":true,"href":"https:\/\/qingdaohf.com\/tr\/wp-json\/wp\/v2\/product_brand?post=8109"},{"taxonomy":"product_cat","embeddable":true,"href":"https:\/\/qingdaohf.com\/tr\/wp-json\/wp\/v2\/product_cat?post=8109"},{"taxonomy":"product_tag","embeddable":true,"href":"https:\/\/qingdaohf.com\/tr\/wp-json\/wp\/v2\/product_tag?post=8109"}],"curies":[{"name":"wp","href":"https:\/\/api.w.org\/{rel}","templated":true}]}}