{"id":8119,"date":"2024-10-24T17:32:24","date_gmt":"2024-10-24T09:32:24","guid":{"rendered":"http:\/\/qingdaohf.com\/?post_type=product&#038;p=8119"},"modified":"2025-11-13T09:02:55","modified_gmt":"2025-11-13T01:02:55","slug":"6x36-wire-rope","status":"publish","type":"product","link":"https:\/\/qingdaohf.com\/tr\/urun\/6x36-tel-halat\/","title":{"rendered":"6\u00d736 Tel Halat"},"content":{"rendered":"<h3>6\u00d736 Tel Halat Yap\u0131s\u0131na Genel Bak\u0131\u015f<\/h3>\n<p>6\u00d736 tel halat, g\u00fc\u00e7, dayan\u0131kl\u0131l\u0131k ve esnekli\u011fi bir araya getiren benzersiz yap\u0131s\u0131yla tan\u0131n\u0131r. Bu halat, her biri 36 ayr\u0131 tel i\u00e7eren ve yo\u011fun ancak uyarlanabilir bir konfig\u00fcrasyon olu\u015fturan 6 tele sahiptir. Yap\u0131s\u0131, 6\u00d719 varyant\u0131 gibi di\u011fer baz\u0131 tel halatlara g\u00f6re esneklik ve g\u00fc\u00e7 aras\u0131nda daha iyi bir denge sunar. Tasar\u0131m, halat\u0131n yap\u0131sal b\u00fct\u00fcnl\u00fc\u011f\u00fcnden \u00f6d\u00fcn vermeden tekrarlanan b\u00fck\u00fclme ve hareketlerin \u00fcstesinden gelmesini sa\u011flayarak, g\u00fcvenilir kald\u0131rma, kald\u0131rma ve arma yetenekleri gerektiren end\u00fcstriler i\u00e7in tercih edilen bir se\u00e7im haline getirir.<\/p>\n<p>Y\u00fcksek karbonlu \u00e7elikten \u00fcretilen 6\u00d736 tel halat, temel g\u00fcc\u00fcn\u00fc korurken zorlu ko\u015fullara dayanacak \u015fekilde tasarlanm\u0131\u015ft\u0131r. Bu y\u00fcksek kaliteli malzeme halat\u0131n a\u015f\u0131nma, korozyon ve y\u0131pranmaya kar\u015f\u0131 direncini art\u0131rarak onu \u00e7e\u015fitli zorlu ortamlar i\u00e7in uygun hale getirir. \u00c7elik teller, e\u015fit y\u00fck da\u011f\u0131l\u0131m\u0131 sa\u011flamak i\u00e7in titizlikle d\u00fczenlenmi\u015ftir, bu da a\u011f\u0131r a\u011f\u0131rl\u0131klara ve zorlu \u00e7al\u0131\u015fma ko\u015fullar\u0131na dayanabilen bir tel halatla sonu\u00e7lan\u0131r.<\/p>\n<h3>6\u00d736 Tel Halat\u0131n Yayg\u0131n Boyutlar\u0131<\/h3>\n<p>Tel halat boyutunun se\u00e7imi, g\u00fcc\u00fcn\u00fc, esnekli\u011fini ve farkl\u0131 uygulamalar i\u00e7in uygunlu\u011funu do\u011frudan etkiler. 6\u00d736 tel halat, in\u015faattan denizcilik operasyonlar\u0131na kadar farkl\u0131 sekt\u00f6rlerin \u00f6zel ihtiya\u00e7lar\u0131n\u0131 kar\u015f\u0131lamak i\u00e7in hassas \u00f6zelle\u015ftirmeye olanak tan\u0131yan \u00e7e\u015fitli boyutlarda mevcuttur.<\/p>\n<p>3\/16 in\u00e7 6\u00d736 tel halat, esneklik ve g\u00fc\u00e7 aras\u0131nda iyi bir denge sunan \u00e7ok y\u00f6nl\u00fc bir se\u00e7enektir. Bu boyut genellikle k\u00fc\u00e7\u00fck \u00f6l\u00e7ekli donan\u0131mlar veya kontroll\u00fc kald\u0131rma g\u00f6revleri gibi alan k\u0131s\u0131tlamalar\u0131n\u0131n bir fakt\u00f6r oldu\u011fu daha hafif uygulamalarda kullan\u0131l\u0131r. Kompakt \u00e7ap\u0131, kolayca manevra yap\u0131lmas\u0131n\u0131 sa\u011flarken, orta dereceli y\u00fckler i\u00e7in g\u00fcvenilir bir gerilme mukavemeti seviyesi sa\u011flar.<\/p>\n<p>Daha sa\u011flam bir se\u00e7enek gerektiren uygulamalar i\u00e7in 1\/4 in\u00e7 6\u00d736 tel halat, \u00e7ok fazla esneklikten \u00f6d\u00fcn vermeden daha fazla g\u00fc\u00e7 sa\u011flar. Bu boyut, in\u015faat veya nakliye ortamlar\u0131nda y\u00fcklerin kald\u0131r\u0131lmas\u0131 ve sabitlenmesi gibi kullan\u0131mlar i\u00e7in s\u0131kl\u0131kla tercih edilir. Ayr\u0131ca, etkili \u00e7al\u0131\u015fma i\u00e7in g\u00fc\u00e7 ve kullan\u0131m kolayl\u0131\u011f\u0131n\u0131n bir kar\u0131\u015f\u0131m\u0131n\u0131n \u00e7ok \u00f6nemli oldu\u011fu vin\u00e7leme i\u015flemlerinde de iyi hizmet verebilir.<\/p>\n<p>5\/16 in\u00e7 6\u00d736 tel halat, daha yo\u011fun g\u00f6revler i\u00e7in geli\u015fmi\u015f y\u00fck ta\u015f\u0131ma \u00f6zellikleri sunan daha sa\u011flam bir se\u00e7imi temsil eder. Bu boyut, end\u00fcstriyel vin\u00e7ler, y\u00fck asans\u00f6rleri ve denizcilik donan\u0131m\u0131 gibi a\u011f\u0131r hizmet uygulamalar\u0131 i\u00e7in idealdir. Daha kal\u0131n \u00e7ap\u0131, daha fazla gerilim ve strese dayanmas\u0131n\u0131 sa\u011flayarak hem g\u00fc\u00e7 hem de dayan\u0131kl\u0131l\u0131\u011f\u0131n gerekli oldu\u011fu ortamlar i\u00e7in uygun hale getirir.<\/p>\n<p>Daha da fazla g\u00fcce ihtiya\u00e7 duyanlar i\u00e7in, 3\/8 in\u00e7 6\u00d736 tel halat zorlu projeler i\u00e7in \u00f6nemli destek sa\u011flayabilir. B\u00fcy\u00fck in\u015faat projeleri ve y\u00fcksek y\u00fck kapasitesinin gerekli oldu\u011fu end\u00fcstriyel kullan\u0131mlar i\u00e7in \u00e7ok uygundur. Daha kal\u0131n \u00e7ap\u0131na ra\u011fmen, 3\/8 in\u00e7 boyut, belirli b\u00fckme uygulamalar\u0131 i\u00e7in gereken esnekli\u011fi koruyarak dinamik ortamlarda bile etkili bir \u015fekilde \u00e7al\u0131\u015fmas\u0131n\u0131 sa\u011flar.<\/p>\n<h3>Damar Tipleri: 6\u00d736 \u00c7elik Halatta FC, IWS ve IWRC<\/h3>\n<p>Bir tel halat\u0131n \u00f6z\u00fc, esnekli\u011fini, g\u00fcc\u00fcn\u00fc ve \u00e7e\u015fitli uygulamalar i\u00e7in uygunlu\u011funu belirleyen hayati bir bile\u015fendir. 6\u00d736 tel halat \u00fc\u00e7 \u00e7ekirdek tipinde gelir: Fiber \u00c7ekirdek (FC), Ba\u011f\u0131ms\u0131z Tel Demeti \u00c7ekirde\u011fi (IWS) ve Ba\u011f\u0131ms\u0131z Tel Halat \u00c7ekirde\u011fi (IWRC), her biri farkl\u0131 kullan\u0131mlar i\u00e7in farkl\u0131 avantajlar sunar.<\/p>\n<p>Fiber \u00c7ekirdek (FC), 6\u00d736 tel halat i\u00e7in en esnek \u00e7ekirdek se\u00e7ene\u011fi olarak hizmet eder. Bu \u00e7ekirdek sentetik veya do\u011fal liflerden yap\u0131l\u0131r ve daha yumu\u015fak, daha esnek bir \u00e7ekirdek yap\u0131s\u0131 sa\u011flar. FC varyant\u0131, esnekli\u011fi hem halat hem de makine \u00fczerindeki a\u015f\u0131nmay\u0131 en aza indirdi\u011finden, tel halat\u0131n makaralar ve kasnaklar etraf\u0131nda s\u0131k s\u0131k dola\u015fmas\u0131 gereken senaryolarda \u00f6zellikle avantajl\u0131d\u0131r. Bununla birlikte, daha yumu\u015fak \u00e7ekirdek, \u00e7elik \u00e7ekirdekli se\u00e7eneklere k\u0131yasla biraz daha az g\u00fc\u00e7 sundu\u011fu anlam\u0131na gelir, bu da onu maksimum y\u00fck kapasitesi yerine esnekli\u011fe \u00f6ncelik veren daha hafif g\u00f6revler i\u00e7in daha uygun hale getirir.<\/p>\n<p>Ba\u011f\u0131ms\u0131z Tel Demeti \u00c7ekirde\u011fi (IWS) g\u00fc\u00e7 ve esneklik aras\u0131nda bir denge sunar. Bir IWS \u00f6z\u00fc, tel halat\u0131n dayan\u0131kl\u0131l\u0131\u011f\u0131n\u0131 ve gerilme mukavemetini art\u0131ran ek yap\u0131sal destek sa\u011flayan ayr\u0131 bir tel telden olu\u015fur. Bu \u00e7ekirdek tipi, k\u00fc\u00e7\u00fck vin\u00e7ler veya orta \u00f6l\u00e7ekli kald\u0131rma ekipmanlar\u0131 gibi orta derecede b\u00fck\u00fclme ve hareketin gerekli oldu\u011fu orta hizmet uygulamalar\u0131 i\u00e7in \u00e7ok uygundur. IWS \u00f6z\u00fc, halat\u0131n y\u00fck alt\u0131nda formunu korumas\u0131n\u0131 sa\u011flayarak \u00e7ok fazla esneklikten \u00f6d\u00fcn vermeden biraz daha sa\u011flaml\u0131k gerektiren g\u00f6revler i\u00e7in g\u00fcvenilir bir se\u00e7imdir.<\/p>\n<p>Maksimum g\u00fc\u00e7 arayanlar i\u00e7in Ba\u011f\u0131ms\u0131z \u00c7elik Halat \u00c7ekirde\u011fi (IWRC), \u00e7ekirdek t\u00fcrleri aras\u0131nda en y\u00fcksek dayan\u0131kl\u0131l\u0131k seviyesini sa\u011flar. IWRC, 6\u00d736 tel halat\u0131n genel mukavemetini art\u0131ran ayr\u0131 bir tel halattan yap\u0131lm\u0131\u015ft\u0131r ve a\u011f\u0131r hizmet uygulamalar\u0131 i\u00e7in idealdir. Bu \u00e7ekirdek tipi, b\u00fcy\u00fck \u00f6l\u00e7ekli in\u015faat vin\u00e7leri, end\u00fcstriyel vin\u00e7ler ve \u00e7ekme ve demirleme gibi denizcilik operasyonlar\u0131 gibi y\u00fcksek gerilme mukavemetinin kritik oldu\u011fu ortamlarda yayg\u0131n olarak kullan\u0131l\u0131r. IWRC \u00e7ekirdek FC veya IWS'ye g\u00f6re daha az esnek olsa da, a\u011f\u0131r y\u00fckleri ta\u015f\u0131ma ve stres alt\u0131nda deformasyona direnme kabiliyeti onu yo\u011fun \u00e7al\u0131\u015fma ko\u015fullar\u0131 i\u00e7in tercih edilen se\u00e7enek haline getirir.<\/p>\n<h3>6\u00d736 \u00c7elik Halat Uygulamalar\u0131 ve Avantajlar\u0131<\/h3>\n<p>6\u00d736 tel halat\u0131n benzersiz tasar\u0131m\u0131 ve \u00e7ok y\u00f6nl\u00fcl\u00fc\u011f\u00fc, onu geni\u015f bir end\u00fcstri yelpazesinde \u00f6nemli bir se\u00e7im haline getirmektedir. G\u00fc\u00e7 ve esnekli\u011fi birle\u015ftirme yetene\u011fi, tutarl\u0131 performans sa\u011flarken farkl\u0131 uygulamalara uyum sa\u011flayabilmesini sa\u011flar. Bu, onu hassasiyet ve dayan\u0131kl\u0131l\u0131\u011f\u0131n \u00f6nemli oldu\u011fu kald\u0131rma, kald\u0131rma ve arma gibi g\u00f6revler i\u00e7in olduk\u00e7a etkili bir ara\u00e7 haline getirir.<\/p>\n<p>\u0130n\u015faat sekt\u00f6r\u00fcnde, 6\u00d736 tel halat vin\u00e7ler, y\u00fck asans\u00f6rleri ve di\u011fer a\u011f\u0131r kald\u0131rma ekipmanlar\u0131n\u0131 i\u00e7eren operasyonlarda \u00e7ok \u00f6nemli bir rol oynar. Tasar\u0131m\u0131, kasnaklar ve kasnaklar \u00fczerinde sorunsuz \u00e7al\u0131\u015fmaya izin vererek a\u015f\u0131nmay\u0131 en aza indirir ve halat\u0131n \u00f6mr\u00fcn\u00fc uzat\u0131r. \u00c7e\u015fitli \u00e7ekirdek se\u00e7eneklerinin mevcut olmas\u0131, kullan\u0131c\u0131lar\u0131n her projenin \u00f6zel taleplerine uyacak ideal yap\u0131land\u0131rmay\u0131 se\u00e7ebilecekleri anlam\u0131na gelir; bu, ister FC \u00e7ekirdek ile esnekli\u011fe \u00f6ncelik vermek ister IWRC'nin g\u00fcc\u00fcn\u00fc tercih etmek anlam\u0131na gelsin.<\/p>\n<p>Denizcilik uygulamalar\u0131 da 6\u00d736 tel halat kullan\u0131m\u0131ndan \u00f6nemli \u00f6l\u00e7\u00fcde yararlan\u0131r. A\u015f\u0131nmaya kar\u015f\u0131 direnci ve zorlu ortamlara dayanma kabiliyeti, onu demirleme, \u00e7ekme ve bal\u0131k\u00e7\u0131l\u0131k operasyonlar\u0131 gibi denizcilik g\u00f6revleri i\u00e7in uygun hale getirir. \u00d6zellikle IWRC \u00f6z\u00fc, dalgal\u0131 denizlerde ve de\u011fi\u015fken ko\u015fullarda kar\u015f\u0131la\u015f\u0131lan dinamik y\u00fcklerin \u00fcstesinden gelme kapasitesi nedeniyle bu ortamlarda avantajl\u0131d\u0131r. Ayr\u0131ca, halat\u0131n y\u00fcksek karbonlu \u00e7elik yap\u0131s\u0131, tuzlu suya maruz kalman\u0131n a\u015f\u0131nd\u0131r\u0131c\u0131 etkilerine dayanabilmesini sa\u011flayarak denizcilik operasyonlar\u0131 i\u00e7in uzun s\u00fcreli g\u00fcvenilirlik sa\u011flar.<\/p>\n<p>Ta\u015f\u0131mac\u0131l\u0131k ve lojistik sekt\u00f6r\u00fcnde, 6\u00d736 tel halat y\u00fckleri sabitlemek, a\u011f\u0131r malzemeleri kald\u0131rmak ve \u00e7e\u015fitli kald\u0131rma mekanizmalar\u0131n\u0131 desteklemek i\u00e7in kullan\u0131l\u0131r. Dengeli tasar\u0131m\u0131, hem statik hem de dinamik y\u00fckleri ta\u015f\u0131yabilmesini sa\u011flar ve a\u015f\u0131r\u0131 zorlanma olmadan g\u00fcvenli ba\u011flant\u0131lar\u0131 s\u00fcrd\u00fcrmek i\u00e7in gereken g\u00fcc\u00fc sunar. Bu \u00e7ok y\u00f6nl\u00fcl\u00fck, gemilerdeki y\u00fcklerin emniyete al\u0131nmas\u0131ndan depolardaki mallar\u0131n y\u00fcklenmesi ve bo\u015falt\u0131lmas\u0131na yard\u0131mc\u0131 olmaya kadar bir dizi nakliye uygulamas\u0131nda kullan\u0131labilece\u011fi anlam\u0131na gelir.<\/p>\n<p>6\u00d736 tel halat i\u00e7in do\u011fru \u00f6z\u00fc ve boyutu se\u00e7mek, i\u015fletmelerin operasyonlar\u0131n\u0131 optimize etmelerine olanak tan\u0131yarak \u00f6zel ihtiya\u00e7lar\u0131 i\u00e7in ideal esneklik, g\u00fc\u00e7 ve dayan\u0131kl\u0131l\u0131k kar\u0131\u015f\u0131m\u0131n\u0131 elde etmelerini sa\u011flar. Kullan\u0131c\u0131lar, her bir \u00e7ekirdek t\u00fcr\u00fcn\u00fcn yeteneklerini ve farkl\u0131 boyutlar\u0131n etkilerini anlayarak, projelerinde g\u00fcvenli\u011fi ve verimlili\u011fi en \u00fcst d\u00fczeye \u00e7\u0131karan bilin\u00e7li kararlar verebilirler. Sa\u011flam tasar\u0131m\u0131 ve uyarlanabilir yap\u0131s\u0131 ile 6\u00d736 \u00e7elik halat, end\u00fcstriyel, denizcilik ve in\u015faat \u00e7al\u0131\u015fmalar\u0131nda g\u00fcvenilirlik ve performans arayanlar i\u00e7in tercih edilen bir se\u00e7im olmaya devam etmektedir.<\/p>","protected":false},"excerpt":{"rendered":"<p>6\u00d736 tel halat, her biri 36 tel i\u00e7eren 6 \u015feritten olu\u015fan y\u00fcksek mukavemetli, esnek bir \u00e7elik tel halatt\u0131r. Dayan\u0131kl\u0131l\u0131k ve esneklik aras\u0131ndaki dengesiyle bilinir, bu da onu kald\u0131rma, donan\u0131m ve denizcilik kullan\u0131m\u0131 gibi zorlu uygulamalar i\u00e7in uygun hale getirir. Genellikle 3\/16 in\u00e7, 1\/4 in\u00e7 ve 5\/16 in\u00e7 gibi boyutlarda mevcut olan 6\u00d736 tel halat tipik olarak y\u00fcksek karbonlu \u00e7elikten yap\u0131l\u0131r. Fiber \u00c7ekirdek (FC), Ba\u011f\u0131ms\u0131z Tel Halat \u00c7ekirde\u011fi (IWS) ve Ba\u011f\u0131ms\u0131z Tel Halat \u00c7ekirde\u011fi (IWRC) dahil olmak \u00fczere farkl\u0131 \u00e7ekirdek se\u00e7enekleriyle birlikte gelir ve \u00f6zel ihtiya\u00e7lara ba\u011fl\u0131 olarak \u00f6zel performans sa\u011flar.<\/p>","protected":false},"featured_media":8117,"comment_status":"open","ping_status":"closed","template":"","meta":{"site-sidebar-layout":"default","site-content-layout":"","ast-site-content-layout":"default","site-content-style":"default","site-sidebar-style":"default","ast-global-header-display":"","ast-banner-title-visibility":"","ast-main-header-display":"","ast-hfb-above-header-display":"","ast-hfb-below-header-display":"","ast-hfb-mobile-header-display":"","site-post-title":"","ast-breadcrumbs-content":"","ast-featured-img":"","footer-sml-layout":"","theme-transparent-header-meta":"default","adv-header-id-meta":"","stick-header-meta":"default","header-above-stick-meta":"","header-main-stick-meta":"","header-below-stick-meta":"","astra-migrate-meta-layouts":"set","ast-page-background-enabled":"default","ast-page-background-meta":{"desktop":{"background-color":"","background-image":"","background-repeat":"repeat","background-position":"center center","background-size":"auto","background-attachment":"scroll","background-type":"","background-media":"","overlay-type":"","overlay-color":"","overlay-opacity":"","overlay-gradient":""},"tablet":{"background-color":"","background-image":"","background-repeat":"repeat","background-position":"center center","background-size":"auto","background-attachment":"scroll","background-type":"","background-media":"","overlay-type":"","overlay-color":"","overlay-opacity":"","overlay-gradient":""},"mobile":{"background-color":"","background-image":"","background-repeat":"repeat","background-position":"center center","background-size":"auto","background-attachment":"scroll","background-type":"","background-media":"","overlay-type":"","overlay-color":"","overlay-opacity":"","overlay-gradient":""}},"ast-content-background-meta":{"desktop":{"background-color":"var(--ast-global-color-5)","background-image":"","background-repeat":"repeat","background-position":"center center","background-size":"auto","background-attachment":"scroll","background-type":"","background-media":"","overlay-type":"","overlay-color":"","overlay-opacity":"","overlay-gradient":""},"tablet":{"background-color":"var(--ast-global-color-5)","background-image":"","background-repeat":"repeat","background-position":"center center","background-size":"auto","background-attachment":"scroll","background-type":"","background-media":"","overlay-type":"","overlay-color":"","overlay-opacity":"","overlay-gradient":""},"mobile":{"background-color":"var(--ast-global-color-5)","background-image":"","background-repeat":"repeat","background-position":"center center","background-size":"auto","background-attachment":"scroll","background-type":"","background-media":"","overlay-type":"","overlay-color":"","overlay-opacity":"","overlay-gradient":""}}},"product_brand":[],"product_cat":[37],"product_tag":[89],"class_list":{"0":"post-8119","1":"product","2":"type-product","3":"status-publish","4":"has-post-thumbnail","6":"product_cat-wire-rope","7":"product_tag-wire-rope","8":"desktop-align-left","9":"tablet-align-left","10":"mobile-align-left","11":"ast-product-gallery-layout-horizontal-slider","12":"ast-product-tabs-layout-horizontal","14":"first","15":"instock","16":"shipping-taxable","17":"purchasable","18":"product-type-simple"},"yoast_head":"<!-- This site is optimized with the Yoast SEO plugin v25.2 - https:\/\/yoast.com\/wordpress\/plugins\/seo\/ -->\n<title>6x36 Wire Rope<\/title>\n<meta name=\"description\" content=\"The 6x36 wire rope is a high-strength, flexible steel wire rope consisting of 6 strands, each containing 36 wires.\" \/>\n<meta name=\"robots\" content=\"index, follow, max-snippet:-1, max-image-preview:large, max-video-preview:-1\" \/>\n<link rel=\"canonical\" href=\"https:\/\/qingdaohf.com\/tr\/urun\/6x36-tel-halat\/\" \/>\n<meta property=\"og:locale\" content=\"tr_TR\" \/>\n<meta property=\"og:type\" content=\"article\" \/>\n<meta property=\"og:title\" content=\"6x36 Wire Rope\" \/>\n<meta property=\"og:description\" content=\"The 6x36 wire rope is a high-strength, flexible steel wire rope consisting of 6 strands, each containing 36 wires.\" \/>\n<meta property=\"og:url\" content=\"https:\/\/qingdaohf.com\/tr\/urun\/6x36-tel-halat\/\" \/>\n<meta property=\"og:site_name\" content=\"Concrete Form &amp; Rigging Hardware Supplier\" \/>\n<meta property=\"article:publisher\" content=\"https:\/\/www.facebook.com\/qingdaohf\" \/>\n<meta property=\"article:modified_time\" content=\"2025-11-13T01:02:55+00:00\" \/>\n<meta property=\"og:image\" content=\"https:\/\/qingdaohf.com\/wp-content\/uploads\/2024\/10\/6x36-IWRC-Bright-Wire-Rope.webp\" \/>\n\t<meta property=\"og:image:width\" content=\"744\" \/>\n\t<meta property=\"og:image:height\" content=\"744\" \/>\n\t<meta property=\"og:image:type\" content=\"image\/webp\" \/>\n<meta name=\"twitter:card\" content=\"summary_large_image\" \/>\n<meta name=\"twitter:label1\" content=\"Tahmini okuma s\u00fcresi\" \/>\n\t<meta name=\"twitter:data1\" content=\"6 dakika\" \/>\n<script type=\"application\/ld+json\" class=\"yoast-schema-graph\">{\"@context\":\"https:\/\/schema.org\",\"@graph\":[{\"@type\":\"WebPage\",\"@id\":\"https:\/\/qingdaohf.com\/product\/6x36-wire-rope\/\",\"url\":\"https:\/\/qingdaohf.com\/product\/6x36-wire-rope\/\",\"name\":\"6x36 Wire Rope\",\"isPartOf\":{\"@id\":\"https:\/\/qingdaohf.com\/bg\/#website\"},\"primaryImageOfPage\":{\"@id\":\"https:\/\/qingdaohf.com\/product\/6x36-wire-rope\/#primaryimage\"},\"image\":{\"@id\":\"https:\/\/qingdaohf.com\/product\/6x36-wire-rope\/#primaryimage\"},\"thumbnailUrl\":\"https:\/\/qingdaohf.com\/wp-content\/uploads\/2024\/10\/6x36-IWRC-Bright-Wire-Rope.webp\",\"datePublished\":\"2024-10-24T09:32:24+00:00\",\"dateModified\":\"2025-11-13T01:02:55+00:00\",\"description\":\"The 6x36 wire rope is a high-strength, flexible steel wire rope consisting of 6 strands, each containing 36 wires.\",\"breadcrumb\":{\"@id\":\"https:\/\/qingdaohf.com\/product\/6x36-wire-rope\/#breadcrumb\"},\"inLanguage\":\"tr\",\"potentialAction\":[{\"@type\":\"ReadAction\",\"target\":[\"https:\/\/qingdaohf.com\/product\/6x36-wire-rope\/\"]}]},{\"@type\":\"ImageObject\",\"inLanguage\":\"tr\",\"@id\":\"https:\/\/qingdaohf.com\/product\/6x36-wire-rope\/#primaryimage\",\"url\":\"https:\/\/qingdaohf.com\/wp-content\/uploads\/2024\/10\/6x36-IWRC-Bright-Wire-Rope.webp\",\"contentUrl\":\"https:\/\/qingdaohf.com\/wp-content\/uploads\/2024\/10\/6x36-IWRC-Bright-Wire-Rope.webp\",\"width\":744,\"height\":744,\"caption\":\"6x36 IWRC Wire Rope\"},{\"@type\":\"BreadcrumbList\",\"@id\":\"https:\/\/qingdaohf.com\/product\/6x36-wire-rope\/#breadcrumb\",\"itemListElement\":[{\"@type\":\"ListItem\",\"position\":1,\"name\":\"Home\",\"item\":\"https:\/\/qingdaohf.com\/\"},{\"@type\":\"ListItem\",\"position\":2,\"name\":\"Concrete Forming Accessories and Rigging Hardware\",\"item\":\"https:\/\/qingdaohf.com\/bg\/?page_id=944\"},{\"@type\":\"ListItem\",\"position\":3,\"name\":\"6&#215;36 Wire Rope\"}]},{\"@type\":\"WebSite\",\"@id\":\"https:\/\/qingdaohf.com\/bg\/#website\",\"url\":\"https:\/\/qingdaohf.com\/bg\/\",\"name\":\"Concrete Form & Rigging Hardware Supplier\",\"description\":\"\",\"publisher\":{\"@id\":\"https:\/\/qingdaohf.com\/bg\/#organization\"},\"potentialAction\":[{\"@type\":\"SearchAction\",\"target\":{\"@type\":\"EntryPoint\",\"urlTemplate\":\"https:\/\/qingdaohf.com\/bg\/?s={search_term_string}\"},\"query-input\":{\"@type\":\"PropertyValueSpecification\",\"valueRequired\":true,\"valueName\":\"search_term_string\"}}],\"inLanguage\":\"tr\"},{\"@type\":\"Organization\",\"@id\":\"https:\/\/qingdaohf.com\/bg\/#organization\",\"name\":\"Qingdao H&F\",\"url\":\"https:\/\/qingdaohf.com\/bg\/\",\"logo\":{\"@type\":\"ImageObject\",\"inLanguage\":\"tr\",\"@id\":\"https:\/\/qingdaohf.com\/bg\/#\/schema\/logo\/image\/\",\"url\":\"https:\/\/qingdaohf.com\/wp-content\/uploads\/2022\/12\/cropped-HF-LOGO.png\",\"contentUrl\":\"https:\/\/qingdaohf.com\/wp-content\/uploads\/2022\/12\/cropped-HF-LOGO.png\",\"width\":391,\"height\":249,\"caption\":\"Qingdao H&F\"},\"image\":{\"@id\":\"https:\/\/qingdaohf.com\/bg\/#\/schema\/logo\/image\/\"},\"sameAs\":[\"https:\/\/www.facebook.com\/qingdaohf\"]}]}<\/script>\n<!-- \/ Yoast SEO plugin. -->","yoast_head_json":{"title":"6x36 Wire Rope","description":"The 6x36 wire rope is a high-strength, flexible steel wire rope consisting of 6 strands, each containing 36 wires.","robots":{"index":"index","follow":"follow","max-snippet":"max-snippet:-1","max-image-preview":"max-image-preview:large","max-video-preview":"max-video-preview:-1"},"canonical":"https:\/\/qingdaohf.com\/tr\/urun\/6x36-tel-halat\/","og_locale":"tr_TR","og_type":"article","og_title":"6x36 Wire Rope","og_description":"The 6x36 wire rope is a high-strength, flexible steel wire rope consisting of 6 strands, each containing 36 wires.","og_url":"https:\/\/qingdaohf.com\/tr\/urun\/6x36-tel-halat\/","og_site_name":"Concrete Form &amp; Rigging Hardware Supplier","article_publisher":"https:\/\/www.facebook.com\/qingdaohf","article_modified_time":"2025-11-13T01:02:55+00:00","og_image":[{"width":744,"height":744,"url":"https:\/\/qingdaohf.com\/wp-content\/uploads\/2024\/10\/6x36-IWRC-Bright-Wire-Rope.webp","type":"image\/webp"}],"twitter_card":"summary_large_image","twitter_misc":{"Tahmini okuma s\u00fcresi":"6 dakika"},"schema":{"@context":"https:\/\/schema.org","@graph":[{"@type":"WebPage","@id":"https:\/\/qingdaohf.com\/product\/6x36-wire-rope\/","url":"https:\/\/qingdaohf.com\/product\/6x36-wire-rope\/","name":"6x36 Wire Rope","isPartOf":{"@id":"https:\/\/qingdaohf.com\/bg\/#website"},"primaryImageOfPage":{"@id":"https:\/\/qingdaohf.com\/product\/6x36-wire-rope\/#primaryimage"},"image":{"@id":"https:\/\/qingdaohf.com\/product\/6x36-wire-rope\/#primaryimage"},"thumbnailUrl":"https:\/\/qingdaohf.com\/wp-content\/uploads\/2024\/10\/6x36-IWRC-Bright-Wire-Rope.webp","datePublished":"2024-10-24T09:32:24+00:00","dateModified":"2025-11-13T01:02:55+00:00","description":"The 6x36 wire rope is a high-strength, flexible steel wire rope consisting of 6 strands, each containing 36 wires.","breadcrumb":{"@id":"https:\/\/qingdaohf.com\/product\/6x36-wire-rope\/#breadcrumb"},"inLanguage":"tr","potentialAction":[{"@type":"ReadAction","target":["https:\/\/qingdaohf.com\/product\/6x36-wire-rope\/"]}]},{"@type":"ImageObject","inLanguage":"tr","@id":"https:\/\/qingdaohf.com\/product\/6x36-wire-rope\/#primaryimage","url":"https:\/\/qingdaohf.com\/wp-content\/uploads\/2024\/10\/6x36-IWRC-Bright-Wire-Rope.webp","contentUrl":"https:\/\/qingdaohf.com\/wp-content\/uploads\/2024\/10\/6x36-IWRC-Bright-Wire-Rope.webp","width":744,"height":744,"caption":"6x36 IWRC Wire Rope"},{"@type":"BreadcrumbList","@id":"https:\/\/qingdaohf.com\/product\/6x36-wire-rope\/#breadcrumb","itemListElement":[{"@type":"ListItem","position":1,"name":"Home","item":"https:\/\/qingdaohf.com\/"},{"@type":"ListItem","position":2,"name":"Concrete Forming Accessories and Rigging Hardware","item":"https:\/\/qingdaohf.com\/bg\/?page_id=944"},{"@type":"ListItem","position":3,"name":"6&#215;36 Wire Rope"}]},{"@type":"WebSite","@id":"https:\/\/qingdaohf.com\/bg\/#website","url":"https:\/\/qingdaohf.com\/bg\/","name":"Concrete Form & Rigging Hardware Supplier","description":"","publisher":{"@id":"https:\/\/qingdaohf.com\/bg\/#organization"},"potentialAction":[{"@type":"SearchAction","target":{"@type":"EntryPoint","urlTemplate":"https:\/\/qingdaohf.com\/bg\/?s={search_term_string}"},"query-input":{"@type":"PropertyValueSpecification","valueRequired":true,"valueName":"search_term_string"}}],"inLanguage":"tr"},{"@type":"Organization","@id":"https:\/\/qingdaohf.com\/bg\/#organization","name":"Qingdao H&F","url":"https:\/\/qingdaohf.com\/bg\/","logo":{"@type":"ImageObject","inLanguage":"tr","@id":"https:\/\/qingdaohf.com\/bg\/#\/schema\/logo\/image\/","url":"https:\/\/qingdaohf.com\/wp-content\/uploads\/2022\/12\/cropped-HF-LOGO.png","contentUrl":"https:\/\/qingdaohf.com\/wp-content\/uploads\/2022\/12\/cropped-HF-LOGO.png","width":391,"height":249,"caption":"Qingdao H&F"},"image":{"@id":"https:\/\/qingdaohf.com\/bg\/#\/schema\/logo\/image\/"},"sameAs":["https:\/\/www.facebook.com\/qingdaohf"]}]}},"_links":{"self":[{"href":"https:\/\/qingdaohf.com\/tr\/wp-json\/wp\/v2\/product\/8119","targetHints":{"allow":["GET"]}}],"collection":[{"href":"https:\/\/qingdaohf.com\/tr\/wp-json\/wp\/v2\/product"}],"about":[{"href":"https:\/\/qingdaohf.com\/tr\/wp-json\/wp\/v2\/types\/product"}],"replies":[{"embeddable":true,"href":"https:\/\/qingdaohf.com\/tr\/wp-json\/wp\/v2\/comments?post=8119"}],"version-history":[{"count":1,"href":"https:\/\/qingdaohf.com\/tr\/wp-json\/wp\/v2\/product\/8119\/revisions"}],"predecessor-version":[{"id":8120,"href":"https:\/\/qingdaohf.com\/tr\/wp-json\/wp\/v2\/product\/8119\/revisions\/8120"}],"wp:featuredmedia":[{"embeddable":true,"href":"https:\/\/qingdaohf.com\/tr\/wp-json\/wp\/v2\/media\/8117"}],"wp:attachment":[{"href":"https:\/\/qingdaohf.com\/tr\/wp-json\/wp\/v2\/media?parent=8119"}],"wp:term":[{"taxonomy":"product_brand","embeddable":true,"href":"https:\/\/qingdaohf.com\/tr\/wp-json\/wp\/v2\/product_brand?post=8119"},{"taxonomy":"product_cat","embeddable":true,"href":"https:\/\/qingdaohf.com\/tr\/wp-json\/wp\/v2\/product_cat?post=8119"},{"taxonomy":"product_tag","embeddable":true,"href":"https:\/\/qingdaohf.com\/tr\/wp-json\/wp\/v2\/product_tag?post=8119"}],"curies":[{"name":"wp","href":"https:\/\/api.w.org\/{rel}","templated":true}]}}