{"id":8125,"date":"2024-10-24T17:39:48","date_gmt":"2024-10-24T09:39:48","guid":{"rendered":"http:\/\/qingdaohf.com\/?post_type=product&#038;p=8125"},"modified":"2025-11-13T09:02:55","modified_gmt":"2025-11-13T01:02:55","slug":"6x37-wire-rope","status":"publish","type":"product","link":"https:\/\/qingdaohf.com\/tr\/urun\/6x37-tel-halat\/","title":{"rendered":"6\u00d737 Tel Halat"},"content":{"rendered":"<h3><strong>6X37 Tel Halat Nedir<\/strong><\/h3>\n<p>6X37 tel halat, \u00e7ok y\u00f6nl\u00fc ve yayg\u0131n olarak kullan\u0131lan bir tel halat t\u00fcr\u00fcd\u00fcr ve alt\u0131 telli yap\u0131s\u0131 ile karakterize edilir ve her bir tel 37 ayr\u0131 telden olu\u015fur. Bu bile\u015fim, 6X19 gibi di\u011fer t\u00fcrlere k\u0131yasla daha esnek bir tel halatla sonu\u00e7lan\u0131r ve b\u00fck\u00fclme ve esnekli\u011fin \u00f6nemli oldu\u011fu uygulamalar i\u00e7in idealdir. 6X37 tasar\u0131m\u0131, halat\u0131n kasnaklar \u00fczerinde tekrarlanan b\u00fck\u00fclmelere dayanmas\u0131n\u0131 sa\u011flayarak yorulma direncini art\u0131r\u0131r. G\u00fc\u00e7 ve esneklik kombinasyonu nedeniyle, 6X37 tel halat genellikle in\u015faat, nakliye ve madencilik gibi sekt\u00f6rlerde kullan\u0131l\u0131r.<\/p>\n<p>Halat tipik olarak g\u00fcc\u00fc ve dayan\u0131kl\u0131l\u0131\u011f\u0131 ile bilinen y\u00fcksek karbonlu \u00e7elikten yap\u0131l\u0131r. Baz\u0131 varyasyonlar uygulamaya ba\u011fl\u0131 olarak paslanmaz \u00e7elik veya galvanizli \u00e7elikten de \u00fcretilebilir. Paslanmaz \u00e7elik, \u00f6zellikle deniz ortamlar\u0131nda daha iyi korozyon direnci sunarken, galvanizli \u00e7elik daha uygun bir fiyat noktas\u0131nda orta d\u00fczeyde pas korumas\u0131 sa\u011flar.<\/p>\n<h3><strong>6X37 \u00c7elik Halatta Yayg\u0131n Boyutlar ve Damarlar<\/strong><\/h3>\n<p>\u00c7elik halat genellikle \u00e7ap\u0131na g\u00f6re \u00f6l\u00e7\u00fcl\u00fcr ve 6X37 tipi farkl\u0131 uygulamalara uygun \u00e7e\u015fitli boyutlarda mevcuttur. \u00d6rne\u011fin, daha hafif uygulamalarda 1\/16 in\u00e7 6X37 tel halat uygun olabilir. Bu boyut genellikle minimum y\u00fck ta\u015f\u0131man\u0131n gerekli oldu\u011fu ancak k\u00fc\u00e7\u00fck \u00f6l\u00e7ekli kald\u0131rma i\u015flemleri veya hafif kasnak sistemleri gibi esneklik ve a\u015f\u0131nmaya kar\u015f\u0131 direncin gerekli oldu\u011fu ortamlarda kullan\u0131l\u0131r. Boyut olarak yukar\u0131 \u00e7\u0131k\u0131ld\u0131\u011f\u0131nda, 3\/32 in\u00e7 6X37 halat genellikle esneklikten \u00f6d\u00fcn vermeden biraz daha fazla y\u00fck ta\u015f\u0131ma kapasitesi gerektiren ortamlarda bulunur. \u0130skele veya hafif arma i\u015flemlerinde kullan\u0131labilir.<\/p>\n<p>\u00c7ap artt\u0131k\u00e7a, tel halat\u0131n y\u00fck ta\u015f\u0131ma kapasitesi de artar. \u00d6rne\u011fin 1\/8 in\u00e7 6X37 tel halat, orta dereceli y\u00fckleri kald\u0131rabilir ve end\u00fcstriyel kald\u0131rma g\u00f6revlerinde, kald\u0131rma uygulamalar\u0131nda ve asans\u00f6r sistemlerinde s\u0131kl\u0131kla kullan\u0131l\u0131r. Daha a\u011f\u0131r hizmet uygulamalar\u0131 i\u00e7in, 5\/32 in\u00e7 6X37 halat, esnekli\u011fi korurken \u00f6nemli \u00f6l\u00e7\u00fcde g\u00fc\u00e7 sa\u011flar ve vin\u00e7lerde, vin\u00e7lerde veya tarama ekipmanlar\u0131nda kullan\u0131m i\u00e7in idealdir.<\/p>\n<p><img fetchpriority=\"high\" decoding=\"async\" class=\"alignnone size-full wp-image-8129\" src=\"http:\/\/qingdaohf.com\/wp-content\/uploads\/2024\/10\/6X37-wire-rope.webp\" alt=\"6X37 tel halat\" width=\"1338\" height=\"412\" srcset=\"https:\/\/qingdaohf.com\/wp-content\/uploads\/2024\/10\/6X37-wire-rope.webp 1338w, https:\/\/qingdaohf.com\/wp-content\/uploads\/2024\/10\/6X37-wire-rope-300x92.webp 300w, https:\/\/qingdaohf.com\/wp-content\/uploads\/2024\/10\/6X37-wire-rope-1024x315.webp 1024w, https:\/\/qingdaohf.com\/wp-content\/uploads\/2024\/10\/6X37-wire-rope-768x236.webp 768w, https:\/\/qingdaohf.com\/wp-content\/uploads\/2024\/10\/6X37-wire-rope-18x6.webp 18w, https:\/\/qingdaohf.com\/wp-content\/uploads\/2024\/10\/6X37-wire-rope-1000x308.webp 1000w\" sizes=\"(max-width: 1338px) 100vw, 1338px\" \/><\/p>\n<p>\u00c7ekirdekler s\u00f6z konusu oldu\u011funda, 6X37 tel halat tipik olarak \u00fc\u00e7 \u00e7ekirdek se\u00e7ene\u011fi ile mevcuttur:<\/p>\n<p><strong>Fiber \u00c7ekirdek (FC):<\/strong> Fiber \u00e7ekirdekli tel halatlar, halata ek esneklik sa\u011flayan do\u011fal veya sentetik lifler kullan\u0131r. Bu halatlar tel \u00e7ekirdekli olanlar kadar g\u00fc\u00e7l\u00fc olmamakla birlikte, daha hafif ve daha esnektir, bu da onlar\u0131 esnekli\u011fin g\u00fc\u00e7ten daha \u00f6ncelikli oldu\u011fu belirli uygulamalar i\u00e7in uygun hale getirir. Elyaf \u00e7ekirdek ayr\u0131ca s\u00fcrt\u00fcnmeyi ve a\u015f\u0131nmay\u0131 azaltarak halat\u0131n \u00f6mr\u00fcn\u00fc uzatan ya\u011flay\u0131c\u0131y\u0131 emmeye yard\u0131mc\u0131 olabilir.<\/p>\n<p><strong>Ba\u011f\u0131ms\u0131z Tel Halat \u00c7ekirde\u011fi (IWRC):<\/strong> Bu \u00e7ekirdek, ana halat\u0131n ortas\u0131ndan ge\u00e7en ayr\u0131 bir tel halattan olu\u015fur. IWRC g\u00fc\u00e7 katar ve halat\u0131n a\u011f\u0131r y\u00fckler alt\u0131nda ezilme ve deformasyona kar\u015f\u0131 direncini art\u0131r\u0131r. Ayr\u0131ca y\u00fcksek s\u0131cakl\u0131klara kar\u015f\u0131 daha iyi diren\u00e7 sa\u011flayarak IWRC 6X37 halatlar\u0131n\u0131 madencilik veya denizcilik arma operasyonlar\u0131 gibi zorlu end\u00fcstriyel ortamlar i\u00e7in tercih edilen se\u00e7enek haline getirir.<\/p>\n<p><strong>Tel \u00c7ekirdek (WSC):<\/strong> Bu konfig\u00fcrasyonda, \u00e7ekirdek olarak fiber veya ba\u011f\u0131ms\u0131z bir halat yerine bir tel \u015feridi kullan\u0131l\u0131r. WSC, fiber \u00e7ekirde\u011fin esnekli\u011fi ile IWRC'nin mukavemeti aras\u0131nda bir denge sa\u011flar. Genellikle tavan vin\u00e7leri veya a\u011f\u0131r hizmet tipi vin\u00e7ler gibi orta d\u00fczeyde esneklik ve g\u00fc\u00e7 gerektiren uygulamalarda kullan\u0131l\u0131r.<\/p>\n<h3><strong>Malzeme ve Mukavemet \u00d6zellikleri<\/strong><\/h3>\n<p>6X37 tel halat genellikle y\u00fcksek karbonlu \u00e7elikten imal edilir, bu da ona a\u011f\u0131r hizmet ortamlar\u0131nda performans g\u00f6stermesi i\u00e7in gereken g\u00fcc\u00fc verir. M\u00fckemmel gerilme mukavemeti ile bilinen karbon \u00e7eli\u011fi, halat\u0131n stres alt\u0131nda k\u0131r\u0131lmadan veya deforme olmadan a\u011f\u0131r y\u00fcklere dayanabilmesini sa\u011flar. Ayr\u0131ca, toklu\u011funu art\u0131rmak i\u00e7in \u0131s\u0131l i\u015flemden ge\u00e7irilir, bu da \u00f6zellikle a\u015f\u0131r\u0131 s\u0131cakl\u0131klar veya sert elementlere maruz kalma i\u00e7eren uygulamalar i\u00e7in \u00f6nemlidir.<\/p>\n<p>Korozyon direncinin en \u00f6nemli \u00f6ncelik oldu\u011fu durumlarda paslanmaz \u00e7elik 6X37 tel halatlar kullan\u0131labilir. Paslanmaz \u00e7elik \u00fcst\u00fcn pas ve korozyon direnci sunar, bu da onu tuzlu suya maruz kalman\u0131n di\u011fer malzemeleri bozabilece\u011fi denizcilik uygulamalar\u0131 i\u00e7in ideal hale getirir. \u00d6te yandan, galvanizli \u00e7elik 6X37 tel halat, paslanmaz \u00e7elikle ayn\u0131 seviyede korozyon direnci sunmasa da paslanmaya direnmeye yard\u0131mc\u0131 olan koruyucu bir \u00e7inko kaplama sa\u011flar. Bununla birlikte, galvanizli se\u00e7enekler daha uygun maliyetli olma e\u011filimindedir.<\/p>\n<p>6X37 tel halat\u0131n ay\u0131rt edici \u00f6zelliklerinden biri esnekli\u011fidir. Her bir teldeki daha y\u00fcksek tel say\u0131s\u0131 (37), halat\u0131n, tel ba\u015f\u0131na daha az tele sahip olan 6X19 tel halat gibi di\u011fer konfig\u00fcrasyonlara g\u00f6re daha kolay b\u00fck\u00fclmesini sa\u011flar. Bu esneklik, halat\u0131n s\u0131k s\u0131k b\u00fck\u00fclmeye maruz kalaca\u011f\u0131 veya kasnaklar veya kasnaklar \u00fczerinde hareket etmesi gereken uygulamalar i\u00e7in \u00e7ok uygundur. Tasar\u0131m, bu durumlarda yorgunlu\u011fu azaltmaya ve halat\u0131n \u00f6mr\u00fcn\u00fc uzatmaya yard\u0131mc\u0131 olur.<\/p>\n<h3><strong>6X37 \u00c7elik Halat Uygulamalar\u0131<\/strong><\/h3>\n<p>\u00c7ok y\u00f6nl\u00fcl\u00fc\u011f\u00fc nedeniyle, 6X37 tel halat \u00e7ok \u00e7e\u015fitli end\u00fcstrilerde ve uygulamalarda kullan\u0131l\u0131r. \u0130n\u015faatta, ekipman\u0131 kald\u0131rmak, iskeleyi desteklemek veya vin\u00e7 operasyonlar\u0131nda kullan\u0131labilir. Esnekli\u011fi ve a\u015f\u0131nmaya kar\u015f\u0131 direnci, halat\u0131n s\u0131k s\u0131k b\u00fck\u00fclece\u011fi ve gerilece\u011fi tekrarlayan kald\u0131rma g\u00f6revleri i\u00e7in idealdir. Ayr\u0131ca, gemilerdeki donan\u0131m\u0131n bir par\u00e7as\u0131 olarak veya ara\u00e7larda \u00e7ekme halat\u0131 olarak hizmet verdi\u011fi ta\u015f\u0131mac\u0131l\u0131k sekt\u00f6r\u00fcnde de kullan\u0131lmaktad\u0131r.<\/p>\n<p>Denizcilik end\u00fcstrisinde, 6X37 tel halat\u0131n paslanmaz \u00e7elik versiyonlar\u0131 s\u0131kl\u0131kla demirleme hatlar\u0131, arma ve korozyon direnci gerektiren di\u011fer uygulamalar i\u00e7in kullan\u0131l\u0131r. Halat\u0131n sert tuzlu su ortam\u0131na dayanma kabiliyeti, onu denizcilik uygulamalar\u0131 i\u00e7in m\u00fckemmel bir se\u00e7im haline getirir. Benzer \u015fekilde, kald\u0131rma ekipmanlar\u0131nda, \u00e7ekme halatlar\u0131nda ve a\u011f\u0131r y\u00fcklerin \u00e7ekilmesinde kullan\u0131ld\u0131\u011f\u0131 madencilik end\u00fcstrisinde de kullan\u0131m\u0131 yayg\u0131nd\u0131r. Y\u00fcksek karbonlu \u00e7elik yap\u0131s\u0131, bu t\u00fcr zorlu ortamlarda performans g\u00f6stermek i\u00e7in gerekli g\u00fcc\u00fc ve dayan\u0131kl\u0131l\u0131\u011f\u0131 sa\u011flar.<\/p>\n<p>6X37 tel halat i\u00e7in bir ba\u015fka yayg\u0131n uygulama da asans\u00f6rler ve kald\u0131rma sistemleridir. Halat\u0131n esnekli\u011fi, kasnaklar ve makaralar \u00fczerinde hareket ederken sorunsuz \u00e7al\u0131\u015fmas\u0131n\u0131 sa\u011flarken, g\u00fcc\u00fc hem asans\u00f6r kabininin hem de yolcular\u0131n a\u011f\u0131rl\u0131\u011f\u0131n\u0131 desteklemesine izin verir. Bu ba\u011flamda, y\u00fcksek stresli bir ortamda uzun s\u00fcreli kullan\u0131m i\u00e7in gereken g\u00fcc\u00fc ve dayan\u0131kl\u0131l\u0131\u011f\u0131 sa\u011flad\u0131\u011f\u0131 i\u00e7in genellikle bir IWRC \u00f6z\u00fc tercih edilir.<\/p>\n<h3><strong>Dayan\u0131kl\u0131l\u0131k ve Bak\u0131m<\/strong><\/h3>\n<p>6X37 tel halat, \u00f6zellikle tekrarlayan strese, b\u00fck\u00fclmeye ve elementlere maruz kalaca\u011f\u0131 ortamlarda dayan\u0131kl\u0131l\u0131k i\u00e7in tasarlanm\u0131\u015ft\u0131r. Bununla birlikte, t\u00fcm tel halatlar gibi, uzun \u00f6m\u00fcrl\u00fc olmas\u0131n\u0131 sa\u011flamak i\u00e7in d\u00fczenli bak\u0131m gerektirir. Uygun ya\u011flama, teller ve teller aras\u0131nda erken a\u015f\u0131nmaya yol a\u00e7abilecek i\u00e7 s\u00fcrt\u00fcnmeyi \u00f6nlemek i\u00e7in \u00e7ok \u00f6nemlidir. Fiber \u00f6zl\u00fc halatlar ya\u011flay\u0131c\u0131y\u0131 emme konusunda \u00f6zellikle becerikliyken, IWRC ve WSC \u00f6zleri harici ya\u011flay\u0131c\u0131lar\u0131n d\u00fczenli olarak uygulanmas\u0131ndan yararlan\u0131r.<\/p>\n<p>Tel halat\u0131n kopmu\u015f teller, korozyon veya d\u00fczle\u015fme gibi a\u015f\u0131nma belirtileri a\u00e7\u0131s\u0131ndan d\u00fczenli olarak incelenmesi, g\u00fcvenlik ve performans\u0131n korunmas\u0131 i\u00e7in \u00e7ok \u00f6nemlidir. Halat\u0131n esnekli\u011fi onu yorulmaya kar\u015f\u0131 diren\u00e7li hale getirir, ancak zamanla en dayan\u0131kl\u0131 tel halatlar bile bir miktar bozulma ya\u015fayacakt\u0131r. \u00dcreticinin inceleme ve de\u011fi\u015ftirme y\u00f6nergelerine uymak, halat\u0131n m\u00fcmk\u00fcn oldu\u011funca uzun s\u00fcre en iyi durumda kalmas\u0131n\u0131 sa\u011flamaya yard\u0131mc\u0131 olacakt\u0131r.<\/p>\n<h3><strong>Sonu\u00e7<\/strong><\/h3>\n<p>6X37 tel halat, esneklik, g\u00fc\u00e7 ve dayan\u0131kl\u0131l\u0131k kombinasyonu sayesinde \u00e7ok \u00e7e\u015fitli end\u00fcstriyel ve ticari uygulamalar i\u00e7in m\u00fckemmel bir se\u00e7imdir. 1\/16 in\u00e7, 3\/32 in\u00e7, 1\/8 in\u00e7 ve 5\/32 in\u00e7 gibi \u00e7e\u015fitli boyutlarda mevcut olup, farkl\u0131 operasyonlar\u0131n \u00f6zel ihtiya\u00e7lar\u0131na g\u00f6re uyarlanabilir. \u0130ster in\u015faatta, ister denizcilik ortamlar\u0131nda veya a\u011f\u0131r kald\u0131rma ekipmanlar\u0131nda kullan\u0131ls\u0131n, 6X37 tel halat i\u015fin g\u00fcvenli ve verimli bir \u015fekilde yap\u0131lmas\u0131 i\u00e7in gereken performans\u0131 ve g\u00fcvenilirli\u011fi sa\u011flar. Do\u011fru \u00e7ekirdek ve uygun bak\u0131m ile en zorlu ko\u015fullarda bile uzun \u00f6m\u00fcrl\u00fc hizmet sunabilir.<\/p>","protected":false},"excerpt":{"rendered":"<p>6X37 tel halat, \u00e7e\u015fitli end\u00fcstriyel ve ticari uygulamalarda yayg\u0131n olarak kullan\u0131lan esnek, \u00e7ok telli bir tel halatt\u0131r. Tipik olarak y\u00fcksek kaliteli karbon \u00e7eli\u011finden yap\u0131l\u0131r ve 1\/16 in\u00e7, 1\/8 in\u00e7 ve 5\/32 in\u00e7 gibi \u00e7e\u015fitli boyutlarda mevcuttur. Halat, m\u00fckemmel esneklik ve yorulma direnci sa\u011flayan tel ba\u015f\u0131na daha fazla say\u0131da tele sahiptir. Fiber \u00e7ekirdek (FC), ba\u011f\u0131ms\u0131z tel halat \u00e7ekirde\u011fi (IWRC) veya tel \u015ferit \u00e7ekirde\u011fi (WSC) gibi farkl\u0131 \u00e7ekirdek t\u00fcrleriyle birlikte gelir ve her biri kullan\u0131m amac\u0131na ba\u011fl\u0131 olarak benzersiz avantajlar sunar.<\/p>","protected":false},"featured_media":8126,"comment_status":"open","ping_status":"closed","template":"","meta":{"site-sidebar-layout":"default","site-content-layout":"","ast-site-content-layout":"default","site-content-style":"default","site-sidebar-style":"default","ast-global-header-display":"","ast-banner-title-visibility":"","ast-main-header-display":"","ast-hfb-above-header-display":"","ast-hfb-below-header-display":"","ast-hfb-mobile-header-display":"","site-post-title":"","ast-breadcrumbs-content":"","ast-featured-img":"","footer-sml-layout":"","theme-transparent-header-meta":"default","adv-header-id-meta":"","stick-header-meta":"default","header-above-stick-meta":"","header-main-stick-meta":"","header-below-stick-meta":"","astra-migrate-meta-layouts":"set","ast-page-background-enabled":"default","ast-page-background-meta":{"desktop":{"background-color":"","background-image":"","background-repeat":"repeat","background-position":"center center","background-size":"auto","background-attachment":"scroll","background-type":"","background-media":"","overlay-type":"","overlay-color":"","overlay-opacity":"","overlay-gradient":""},"tablet":{"background-color":"","background-image":"","background-repeat":"repeat","background-position":"center center","background-size":"auto","background-attachment":"scroll","background-type":"","background-media":"","overlay-type":"","overlay-color":"","overlay-opacity":"","overlay-gradient":""},"mobile":{"background-color":"","background-image":"","background-repeat":"repeat","background-position":"center center","background-size":"auto","background-attachment":"scroll","background-type":"","background-media":"","overlay-type":"","overlay-color":"","overlay-opacity":"","overlay-gradient":""}},"ast-content-background-meta":{"desktop":{"background-color":"var(--ast-global-color-5)","background-image":"","background-repeat":"repeat","background-position":"center center","background-size":"auto","background-attachment":"scroll","background-type":"","background-media":"","overlay-type":"","overlay-color":"","overlay-opacity":"","overlay-gradient":""},"tablet":{"background-color":"var(--ast-global-color-5)","background-image":"","background-repeat":"repeat","background-position":"center center","background-size":"auto","background-attachment":"scroll","background-type":"","background-media":"","overlay-type":"","overlay-color":"","overlay-opacity":"","overlay-gradient":""},"mobile":{"background-color":"var(--ast-global-color-5)","background-image":"","background-repeat":"repeat","background-position":"center center","background-size":"auto","background-attachment":"scroll","background-type":"","background-media":"","overlay-type":"","overlay-color":"","overlay-opacity":"","overlay-gradient":""}}},"product_brand":[],"product_cat":[37],"product_tag":[89],"class_list":{"0":"post-8125","1":"product","2":"type-product","3":"status-publish","4":"has-post-thumbnail","6":"product_cat-wire-rope","7":"product_tag-wire-rope","8":"desktop-align-left","9":"tablet-align-left","10":"mobile-align-left","11":"ast-product-gallery-layout-horizontal-slider","12":"ast-product-gallery-with-no-image","13":"ast-product-tabs-layout-horizontal","15":"first","16":"instock","17":"shipping-taxable","18":"purchasable","19":"product-type-simple"},"yoast_head":"<!-- This site is optimized with the Yoast SEO plugin v25.2 - https:\/\/yoast.com\/wordpress\/plugins\/seo\/ -->\n<title>6x37 Wire Rope<\/title>\n<meta name=\"description\" content=\"6X37 wire rope is a flexible, multi-strand wire rope commonly used in various industrial and commercial applications.\" \/>\n<meta name=\"robots\" content=\"index, follow, max-snippet:-1, max-image-preview:large, max-video-preview:-1\" \/>\n<link rel=\"canonical\" href=\"https:\/\/qingdaohf.com\/tr\/urun\/6x37-tel-halat\/\" \/>\n<meta property=\"og:locale\" content=\"tr_TR\" \/>\n<meta property=\"og:type\" content=\"article\" \/>\n<meta property=\"og:title\" content=\"6x37 Wire Rope\" \/>\n<meta property=\"og:description\" content=\"6X37 wire rope is a flexible, multi-strand wire rope commonly used in various industrial and commercial applications.\" \/>\n<meta property=\"og:url\" content=\"https:\/\/qingdaohf.com\/tr\/urun\/6x37-tel-halat\/\" \/>\n<meta property=\"og:site_name\" content=\"Concrete Form &amp; Rigging Hardware Supplier\" \/>\n<meta property=\"article:publisher\" content=\"https:\/\/www.facebook.com\/qingdaohf\" \/>\n<meta property=\"article:modified_time\" content=\"2025-11-13T01:02:55+00:00\" \/>\n<meta property=\"og:image\" content=\"https:\/\/qingdaohf.com\/wp-content\/uploads\/2024\/10\/6x37-FC-WIRE-ROPE.webp\" \/>\n\t<meta property=\"og:image:width\" content=\"744\" \/>\n\t<meta property=\"og:image:height\" content=\"744\" \/>\n\t<meta property=\"og:image:type\" content=\"image\/webp\" \/>\n<meta name=\"twitter:card\" content=\"summary_large_image\" \/>\n<meta name=\"twitter:label1\" content=\"Tahmini okuma s\u00fcresi\" \/>\n\t<meta name=\"twitter:data1\" content=\"6 dakika\" \/>\n<script type=\"application\/ld+json\" class=\"yoast-schema-graph\">{\"@context\":\"https:\/\/schema.org\",\"@graph\":[{\"@type\":\"WebPage\",\"@id\":\"https:\/\/qingdaohf.com\/product\/6x37-wire-rope\/\",\"url\":\"https:\/\/qingdaohf.com\/product\/6x37-wire-rope\/\",\"name\":\"6x37 Wire Rope\",\"isPartOf\":{\"@id\":\"https:\/\/qingdaohf.com\/bg\/#website\"},\"primaryImageOfPage\":{\"@id\":\"https:\/\/qingdaohf.com\/product\/6x37-wire-rope\/#primaryimage\"},\"image\":{\"@id\":\"https:\/\/qingdaohf.com\/product\/6x37-wire-rope\/#primaryimage\"},\"thumbnailUrl\":\"https:\/\/qingdaohf.com\/wp-content\/uploads\/2024\/10\/6x37-FC-WIRE-ROPE.webp\",\"datePublished\":\"2024-10-24T09:39:48+00:00\",\"dateModified\":\"2025-11-13T01:02:55+00:00\",\"description\":\"6X37 wire rope is a flexible, multi-strand wire rope commonly used in various industrial and commercial applications.\",\"breadcrumb\":{\"@id\":\"https:\/\/qingdaohf.com\/product\/6x37-wire-rope\/#breadcrumb\"},\"inLanguage\":\"tr\",\"potentialAction\":[{\"@type\":\"ReadAction\",\"target\":[\"https:\/\/qingdaohf.com\/product\/6x37-wire-rope\/\"]}]},{\"@type\":\"ImageObject\",\"inLanguage\":\"tr\",\"@id\":\"https:\/\/qingdaohf.com\/product\/6x37-wire-rope\/#primaryimage\",\"url\":\"https:\/\/qingdaohf.com\/wp-content\/uploads\/2024\/10\/6x37-FC-WIRE-ROPE.webp\",\"contentUrl\":\"https:\/\/qingdaohf.com\/wp-content\/uploads\/2024\/10\/6x37-FC-WIRE-ROPE.webp\",\"width\":744,\"height\":744,\"caption\":\"6x37 FC WIRE ROPE\"},{\"@type\":\"BreadcrumbList\",\"@id\":\"https:\/\/qingdaohf.com\/product\/6x37-wire-rope\/#breadcrumb\",\"itemListElement\":[{\"@type\":\"ListItem\",\"position\":1,\"name\":\"Home\",\"item\":\"https:\/\/qingdaohf.com\/\"},{\"@type\":\"ListItem\",\"position\":2,\"name\":\"Concrete Forming Accessories and Rigging Hardware\",\"item\":\"https:\/\/qingdaohf.com\/bg\/?page_id=944\"},{\"@type\":\"ListItem\",\"position\":3,\"name\":\"6&#215;37 Wire Rope\"}]},{\"@type\":\"WebSite\",\"@id\":\"https:\/\/qingdaohf.com\/bg\/#website\",\"url\":\"https:\/\/qingdaohf.com\/bg\/\",\"name\":\"Concrete Form & Rigging Hardware Supplier\",\"description\":\"\",\"publisher\":{\"@id\":\"https:\/\/qingdaohf.com\/bg\/#organization\"},\"potentialAction\":[{\"@type\":\"SearchAction\",\"target\":{\"@type\":\"EntryPoint\",\"urlTemplate\":\"https:\/\/qingdaohf.com\/bg\/?s={search_term_string}\"},\"query-input\":{\"@type\":\"PropertyValueSpecification\",\"valueRequired\":true,\"valueName\":\"search_term_string\"}}],\"inLanguage\":\"tr\"},{\"@type\":\"Organization\",\"@id\":\"https:\/\/qingdaohf.com\/bg\/#organization\",\"name\":\"Qingdao H&F\",\"url\":\"https:\/\/qingdaohf.com\/bg\/\",\"logo\":{\"@type\":\"ImageObject\",\"inLanguage\":\"tr\",\"@id\":\"https:\/\/qingdaohf.com\/bg\/#\/schema\/logo\/image\/\",\"url\":\"https:\/\/qingdaohf.com\/wp-content\/uploads\/2022\/12\/cropped-HF-LOGO.png\",\"contentUrl\":\"https:\/\/qingdaohf.com\/wp-content\/uploads\/2022\/12\/cropped-HF-LOGO.png\",\"width\":391,\"height\":249,\"caption\":\"Qingdao H&F\"},\"image\":{\"@id\":\"https:\/\/qingdaohf.com\/bg\/#\/schema\/logo\/image\/\"},\"sameAs\":[\"https:\/\/www.facebook.com\/qingdaohf\"]}]}<\/script>\n<!-- \/ Yoast SEO plugin. -->","yoast_head_json":{"title":"6x37 Wire Rope","description":"6X37 wire rope is a flexible, multi-strand wire rope commonly used in various industrial and commercial applications.","robots":{"index":"index","follow":"follow","max-snippet":"max-snippet:-1","max-image-preview":"max-image-preview:large","max-video-preview":"max-video-preview:-1"},"canonical":"https:\/\/qingdaohf.com\/tr\/urun\/6x37-tel-halat\/","og_locale":"tr_TR","og_type":"article","og_title":"6x37 Wire Rope","og_description":"6X37 wire rope is a flexible, multi-strand wire rope commonly used in various industrial and commercial applications.","og_url":"https:\/\/qingdaohf.com\/tr\/urun\/6x37-tel-halat\/","og_site_name":"Concrete Form &amp; Rigging Hardware Supplier","article_publisher":"https:\/\/www.facebook.com\/qingdaohf","article_modified_time":"2025-11-13T01:02:55+00:00","og_image":[{"width":744,"height":744,"url":"https:\/\/qingdaohf.com\/wp-content\/uploads\/2024\/10\/6x37-FC-WIRE-ROPE.webp","type":"image\/webp"}],"twitter_card":"summary_large_image","twitter_misc":{"Tahmini okuma s\u00fcresi":"6 dakika"},"schema":{"@context":"https:\/\/schema.org","@graph":[{"@type":"WebPage","@id":"https:\/\/qingdaohf.com\/product\/6x37-wire-rope\/","url":"https:\/\/qingdaohf.com\/product\/6x37-wire-rope\/","name":"6x37 Wire Rope","isPartOf":{"@id":"https:\/\/qingdaohf.com\/bg\/#website"},"primaryImageOfPage":{"@id":"https:\/\/qingdaohf.com\/product\/6x37-wire-rope\/#primaryimage"},"image":{"@id":"https:\/\/qingdaohf.com\/product\/6x37-wire-rope\/#primaryimage"},"thumbnailUrl":"https:\/\/qingdaohf.com\/wp-content\/uploads\/2024\/10\/6x37-FC-WIRE-ROPE.webp","datePublished":"2024-10-24T09:39:48+00:00","dateModified":"2025-11-13T01:02:55+00:00","description":"6X37 wire rope is a flexible, multi-strand wire rope commonly used in various industrial and commercial applications.","breadcrumb":{"@id":"https:\/\/qingdaohf.com\/product\/6x37-wire-rope\/#breadcrumb"},"inLanguage":"tr","potentialAction":[{"@type":"ReadAction","target":["https:\/\/qingdaohf.com\/product\/6x37-wire-rope\/"]}]},{"@type":"ImageObject","inLanguage":"tr","@id":"https:\/\/qingdaohf.com\/product\/6x37-wire-rope\/#primaryimage","url":"https:\/\/qingdaohf.com\/wp-content\/uploads\/2024\/10\/6x37-FC-WIRE-ROPE.webp","contentUrl":"https:\/\/qingdaohf.com\/wp-content\/uploads\/2024\/10\/6x37-FC-WIRE-ROPE.webp","width":744,"height":744,"caption":"6x37 FC WIRE ROPE"},{"@type":"BreadcrumbList","@id":"https:\/\/qingdaohf.com\/product\/6x37-wire-rope\/#breadcrumb","itemListElement":[{"@type":"ListItem","position":1,"name":"Home","item":"https:\/\/qingdaohf.com\/"},{"@type":"ListItem","position":2,"name":"Concrete Forming Accessories and Rigging Hardware","item":"https:\/\/qingdaohf.com\/bg\/?page_id=944"},{"@type":"ListItem","position":3,"name":"6&#215;37 Wire Rope"}]},{"@type":"WebSite","@id":"https:\/\/qingdaohf.com\/bg\/#website","url":"https:\/\/qingdaohf.com\/bg\/","name":"Concrete Form & Rigging Hardware Supplier","description":"","publisher":{"@id":"https:\/\/qingdaohf.com\/bg\/#organization"},"potentialAction":[{"@type":"SearchAction","target":{"@type":"EntryPoint","urlTemplate":"https:\/\/qingdaohf.com\/bg\/?s={search_term_string}"},"query-input":{"@type":"PropertyValueSpecification","valueRequired":true,"valueName":"search_term_string"}}],"inLanguage":"tr"},{"@type":"Organization","@id":"https:\/\/qingdaohf.com\/bg\/#organization","name":"Qingdao H&F","url":"https:\/\/qingdaohf.com\/bg\/","logo":{"@type":"ImageObject","inLanguage":"tr","@id":"https:\/\/qingdaohf.com\/bg\/#\/schema\/logo\/image\/","url":"https:\/\/qingdaohf.com\/wp-content\/uploads\/2022\/12\/cropped-HF-LOGO.png","contentUrl":"https:\/\/qingdaohf.com\/wp-content\/uploads\/2022\/12\/cropped-HF-LOGO.png","width":391,"height":249,"caption":"Qingdao H&F"},"image":{"@id":"https:\/\/qingdaohf.com\/bg\/#\/schema\/logo\/image\/"},"sameAs":["https:\/\/www.facebook.com\/qingdaohf"]}]}},"_links":{"self":[{"href":"https:\/\/qingdaohf.com\/tr\/wp-json\/wp\/v2\/product\/8125","targetHints":{"allow":["GET"]}}],"collection":[{"href":"https:\/\/qingdaohf.com\/tr\/wp-json\/wp\/v2\/product"}],"about":[{"href":"https:\/\/qingdaohf.com\/tr\/wp-json\/wp\/v2\/types\/product"}],"replies":[{"embeddable":true,"href":"https:\/\/qingdaohf.com\/tr\/wp-json\/wp\/v2\/comments?post=8125"}],"version-history":[{"count":4,"href":"https:\/\/qingdaohf.com\/tr\/wp-json\/wp\/v2\/product\/8125\/revisions"}],"predecessor-version":[{"id":8131,"href":"https:\/\/qingdaohf.com\/tr\/wp-json\/wp\/v2\/product\/8125\/revisions\/8131"}],"wp:featuredmedia":[{"embeddable":true,"href":"https:\/\/qingdaohf.com\/tr\/wp-json\/wp\/v2\/media\/8126"}],"wp:attachment":[{"href":"https:\/\/qingdaohf.com\/tr\/wp-json\/wp\/v2\/media?parent=8125"}],"wp:term":[{"taxonomy":"product_brand","embeddable":true,"href":"https:\/\/qingdaohf.com\/tr\/wp-json\/wp\/v2\/product_brand?post=8125"},{"taxonomy":"product_cat","embeddable":true,"href":"https:\/\/qingdaohf.com\/tr\/wp-json\/wp\/v2\/product_cat?post=8125"},{"taxonomy":"product_tag","embeddable":true,"href":"https:\/\/qingdaohf.com\/tr\/wp-json\/wp\/v2\/product_tag?post=8125"}],"curies":[{"name":"wp","href":"https:\/\/api.w.org\/{rel}","templated":true}]}}