{"id":8133,"date":"2024-10-24T17:58:44","date_gmt":"2024-10-24T09:58:44","guid":{"rendered":"http:\/\/qingdaohf.com\/?post_type=product&#038;p=8133"},"modified":"2025-11-13T09:02:55","modified_gmt":"2025-11-13T01:02:55","slug":"7x7-wire-rope","status":"publish","type":"product","link":"https:\/\/qingdaohf.com\/tr\/urun\/7x7-tel-halat\/","title":{"rendered":"7\u00d77 Tel Halat"},"content":{"rendered":"<h3><strong>7\u00d77 Tel Halat\u0131 Anlamak<\/strong><\/h3>\n<p>7\u00d77 tel halat, hem g\u00fc\u00e7 hem de esneklik sa\u011flayan dengeli yap\u0131s\u0131yla tan\u0131nan \u00e7ok y\u00f6nl\u00fc ve yayg\u0131n olarak kullan\u0131lan bir kablo t\u00fcr\u00fcd\u00fcr. Ad\u0131ndan da anla\u015f\u0131laca\u011f\u0131 gibi, 7\u00d77 tel halat yedi ayr\u0131 telden olu\u015fur ve her bir tel yedi tel i\u00e7erir. Bu konfig\u00fcrasyon orta esneklik sa\u011flar, bu da onu sert bir 1 \u00d7 19 halattan daha esnek, ancak daha esnek bir 7 \u00d7 19 halattan daha g\u00fc\u00e7l\u00fc hale getirir. Orta esnekli\u011fi, hem mukavemet hem de orta derecede b\u00fck\u00fclebilirli\u011fin gerekli oldu\u011fu uygulamalar i\u00e7in uygun olmas\u0131n\u0131 sa\u011flar.<\/p>\n<p>7\u00d77 tel halat\u0131n yap\u0131s\u0131, ama\u00e7lanan uygulamaya ba\u011fl\u0131 olarak genellikle y\u00fcksek karbonlu \u00e7elik veya paslanmaz \u00e7eli\u011fe dayan\u0131r. Y\u00fcksek karbonlu \u00e7elik tel halatlar \u00fcst\u00fcn gerilme mukavemeti sunarak a\u011f\u0131r end\u00fcstriyel g\u00f6revler i\u00e7in idealdir. \u00d6te yandan, paslanmaz \u00e7elik tel halatlar geli\u015fmi\u015f korozyon direnci sunar ve genellikle deniz ortamlar\u0131nda veya neme veya kimyasallara maruz kalman\u0131n beklendi\u011fi di\u011fer uygulamalarda kullan\u0131l\u0131r. \u0130ster end\u00fcstriyel ortamlarda ister mimari uygulamalarda kullan\u0131ls\u0131n, 7\u00d77 tel halat bir dizi ihtiyac\u0131 kar\u015f\u0131lamak i\u00e7in gerekli dayan\u0131kl\u0131l\u0131k ve esneklik dengesini sa\u011flar.<\/p>\n<h3><strong>7\u00d77 Tel Halat\u0131n Yayg\u0131n Boyutlar\u0131 ve Uygulamalar\u0131<\/strong><\/h3>\n<p>7\u00d77 tel halat\u0131n \u00e7ap\u0131, kullan\u0131m amac\u0131na ba\u011fl\u0131 olarak \u00f6nemli \u00f6l\u00e7\u00fcde de\u011fi\u015febilir ve farkl\u0131 ama\u00e7lara hizmet eden \u00e7e\u015fitli boyutlarda mevcuttur. Daha k\u00fc\u00e7\u00fck uygulamalarda, 1\/16 in\u00e7 7\u00d77 tel halat s\u0131kl\u0131kla kullan\u0131l\u0131r. Bu boyut genellikle i\u015f\u00e7ilik, hafif arma veya bile\u015fenleri sabitleme gibi g\u00f6revler i\u00e7in kullan\u0131l\u0131r. K\u00fc\u00e7\u00fck \u00e7ap\u0131 ve orta mukavemeti, hafif kablolar\u0131n y\u00fck ta\u015f\u0131ma ihtiya\u00e7lar\u0131n\u0131 kar\u015f\u0131lamak i\u00e7in yeterli oldu\u011fu projeler i\u00e7in pop\u00fcler bir se\u00e7im olmas\u0131n\u0131 sa\u011flar. \u0130nce profili nedeniyle, 1\/16 in\u00e7 7\u00d77 halat genellikle u\u00e7ak kontrol kablolar\u0131 veya ince arma sistemleri gibi hassas uygulamalarda kullan\u0131l\u0131r.<\/p>\n<p>Biraz daha y\u00fcksek y\u00fck ta\u015f\u0131ma kapasitesi gerektiren senaryolarda, 3\/32 in\u00e7 7\u00d77 tel halat yayg\u0131n olarak kullan\u0131l\u0131r. Bu boyut \u00f6zellikle korkuluk, \u00e7it veya zemin kaplamas\u0131 raylar\u0131n\u0131n montaj\u0131 gibi mimari kullan\u0131mlarda etkilidir. 3\/32 in\u00e7 boyutu, g\u00fc\u00e7 ve esneklik aras\u0131nda ideal bir denge kurarak esteti\u011fin ve dayan\u0131kl\u0131l\u0131\u011f\u0131n e\u015fit derecede \u00f6nemli oldu\u011fu d\u0131\u015f mekan projeleri i\u00e7in uygun hale getirir.<\/p>\n<p>Daha a\u011f\u0131r hizmet uygulamalar\u0131 i\u00e7in 1\/8 in\u00e7 7\u00d77 tel halat gerekebilir. Bu boyut, orta dereceli b\u00fck\u00fclme senaryolar\u0131nda kullan\u0131m i\u00e7in yeterli esnekli\u011fi korurken daha y\u00fcksek bir y\u00fck ta\u015f\u0131ma kapasitesi sunar. Genellikle hem mukavemetin hem de bir dereceye kadar esnekli\u011fin gerekli oldu\u011fu vin\u00e7, kald\u0131rma ve deniz donan\u0131m\u0131 gibi uygulamalarda kullan\u0131l\u0131r. 5\/32 in\u00e7 7\u00d77 tel halata ge\u00e7ildi\u011finde, bu boyut genellikle in\u015faat ve a\u011f\u0131r end\u00fcstriyel ortamlarda bulunur. Dayan\u0131kl\u0131l\u0131\u011f\u0131 ve y\u00fck kapasitesi onu \u00e7ekme, ba\u015f \u00fcst\u00fc kald\u0131rma ve yap\u0131sal g\u00fc\u00e7lendirme g\u00f6revleri i\u00e7in ideal hale getirir.<\/p>\n<h3><strong>7\u00d77 \u00c7elik Halatta Damar \u00c7e\u015fitleri<\/strong><\/h3>\n<p>Bir tel halat\u0131n \u00f6z\u00fc, telleri destekledi\u011fi ve gerilim alt\u0131nda halat\u0131n \u015feklini korumaya yard\u0131mc\u0131 oldu\u011fu i\u00e7in performans\u0131 a\u00e7\u0131s\u0131ndan \u00e7ok \u00f6nemlidir. 7\u00d77 tel halat tipik olarak iki tip \u00e7ekirdek ile mevcuttur:<\/p>\n<p><strong>Fiber \u00c7ekirdek (FC):<\/strong> Fiber \u00e7ekirdek, do\u011fal veya sentetik liflerden olu\u015fur. Bu t\u00fcr bir \u00e7ekirdek genellikle \u00e7elik bir \u00e7ekirdekten daha esnektir, bu da onu y\u00fcksek derecede b\u00fck\u00fclebilirlik gerektiren uygulamalar i\u00e7in uygun hale getirir. Fiber \u00f6zler daha hafiftir ve ya\u011flay\u0131c\u0131y\u0131 emebilir, bu da teller aras\u0131ndaki s\u00fcrt\u00fcnmeyi azaltmaya ve tel halat\u0131n \u00f6mr\u00fcn\u00fc uzatmaya yard\u0131mc\u0131 olur. Bununla birlikte, fiber \u00f6zler \u00e7elik \u00f6zlere g\u00f6re daha az mukavemet sunar ve nem veya y\u00fcksek s\u0131cakl\u0131klar gibi a\u015f\u0131r\u0131 zorlu ortamlarda bozulmaya e\u011filimli olabilir. Fiber \u00e7ekirdekli 7\u00d77 tel halatlar genellikle hafif donan\u0131m veya makara sistemleri gibi esnekli\u011fin mukavemetten daha \u00f6nemli oldu\u011fu uygulamalarda kullan\u0131l\u0131r.<\/p>\n<p><strong>Ba\u011f\u0131ms\u0131z Tel Halat \u00c7ekirde\u011fi (IWRC):<\/strong> Ba\u011f\u0131ms\u0131z bir tel halat \u00e7ekirde\u011fi, ana tel halat\u0131n \u00e7ekirde\u011fi olarak hizmet veren k\u00fc\u00e7\u00fck bir tel halatt\u0131r. Bu yap\u0131, t\u00fcm kablonun g\u00fcc\u00fcn\u00fc, dayan\u0131kl\u0131l\u0131\u011f\u0131n\u0131 ve ezilmeye kar\u015f\u0131 direncini art\u0131r\u0131r. IWRC damarlar\u0131 y\u00fcksek s\u0131cakl\u0131klara kar\u015f\u0131 \u00fcst\u00fcn diren\u00e7 sa\u011flar ve fiber damarlara k\u0131yasla daha y\u00fcksek y\u00fck ta\u015f\u0131ma kapasitelerini destekler. \u0130n\u015faat, deniz donan\u0131m\u0131 veya ba\u015f \u00fcst\u00fc kald\u0131rma gibi end\u00fcstriyel uygulamalarda, IWRC 7\u00d77 tel halatlar, geli\u015fmi\u015f mukavemetleri ve a\u015f\u0131nmaya kar\u015f\u0131 diren\u00e7leri nedeniyle s\u0131kl\u0131kla tercih edilir. \u00c7elik \u00e7ekirdek ayr\u0131ca halat\u0131n a\u011f\u0131r y\u00fckler alt\u0131nda \u015feklini korumas\u0131n\u0131 sa\u011flayarak y\u00fcksek stres ko\u015fullar\u0131nda bile etkili bir performans g\u00f6stermesini sa\u011flar.<\/p>\n<h3><strong>Malzeme ve Performans \u00d6zellikleri<\/strong><\/h3>\n<p>7\u00d77 tel halat genellikle y\u00fcksek karbonlu \u00e7elikten veya paslanmaz \u00e7elikten imal edilir ve her malzeme uygulamaya ba\u011fl\u0131 olarak kendi avantajlar\u0131n\u0131 sunar. Y\u00fcksek karbonlu \u00e7elik tel halat, gerilme mukavemeti ve dayan\u0131kl\u0131l\u0131\u011f\u0131 ile bilinir. Bu t\u00fcr halatlar, y\u00fck ta\u015f\u0131ma kapasitesinin gerekli oldu\u011fu a\u011f\u0131r g\u00f6revler i\u00e7in \u00e7ok uygundur. Y\u00fcksek karbonlu \u00e7elik 7\u00d77 tel halatlar tipik olarak mukavemet ve a\u015f\u0131nmaya kar\u015f\u0131 direncin kritik oldu\u011fu in\u015faat, madencilik veya a\u011f\u0131r imalat gibi sekt\u00f6rlerde kullan\u0131l\u0131r.<\/p>\n<p>Buna kar\u015f\u0131n paslanmaz \u00e7elik tel halatlar m\u00fckemmel korozyon direnci sa\u011flayarak neme, kimyasallara veya tuzlu suya maruz kalman\u0131n s\u00f6z konusu oldu\u011fu ortamlar i\u00e7in idealdir. Paslanmaz \u00e7elik 7\u00d77 tel halatlar genellikle deniz ortamlar\u0131nda demirleme hatlar\u0131, arma ve \u00e7e\u015fitli tekne uygulamalar\u0131 i\u00e7in kullan\u0131l\u0131r. Paslanmaz \u00e7eli\u011fin pas ve korozyona dayanma kabiliyeti, halat\u0131n zorlu \u00e7evre ko\u015fullar\u0131na uzun s\u00fcre maruz kald\u0131ktan sonra bile g\u00fcvenilir bir \u015fekilde \u00e7al\u0131\u015fabilmesini sa\u011flar. Ayr\u0131ca, estetik \u00e7ekicili\u011finin dayan\u0131kl\u0131l\u0131\u011f\u0131yla birle\u015fti\u011fi mimari uygulamalarda da s\u0131kl\u0131kla kullan\u0131l\u0131r ve korkuluklar, kablo raylar\u0131 ve di\u011fer d\u0131\u015f mekan yap\u0131sal elemanlar\u0131 i\u00e7in m\u00fckemmel bir se\u00e7imdir.<\/p>\n<p>7\u00d77 tel halat\u0131n en \u00f6nemli avantajlar\u0131ndan biri g\u00fc\u00e7 ve esneklik dengesidir. Her biri yedi tel i\u00e7eren yedi telin yap\u0131s\u0131, orta derecede esneklik sa\u011flayarak halat\u0131 bir dereceye kadar b\u00fck\u00fclmenin gerekli oldu\u011fu uygulamalarda kullan\u0131ma uygun hale getirir. Bununla birlikte, 7\u00d77 tasar\u0131m\u0131 halat\u0131n \u00f6nemli y\u00fckleri ta\u015f\u0131yabilmesini de sa\u011flad\u0131\u011f\u0131ndan, bu esneklik g\u00fc\u00e7ten \u00f6d\u00fcn vermez. Bu \u00f6zellik kombinasyonu, 7\u00d77 tel halat\u0131 \u00e7ok \u00e7e\u015fitli end\u00fcstriler ve uygulamalar i\u00e7in \u00e7ok y\u00f6nl\u00fc bir se\u00e7im haline getirir.<\/p>\n<h3><strong>Uygulamalar ve Dayan\u0131kl\u0131l\u0131k<\/strong><\/h3>\n<p>7\u00d77 tel halat, \u00e7ok y\u00f6nl\u00fcl\u00fc\u011f\u00fc ve uyarlanabilirli\u011fi nedeniyle \u00e7ok \u00e7e\u015fitli end\u00fcstrilerde kullan\u0131lmaktad\u0131r. Havac\u0131l\u0131k end\u00fcstrisinde, 7\u00d77 tel halat genellikle kontrol kablolar\u0131nda kullan\u0131l\u0131r ve u\u00e7ak bile\u015fenleri i\u00e7in gerekli esnekli\u011fi ve g\u00fcc\u00fc sa\u011flar. Yap\u0131s\u0131, kontrol kablolar\u0131n\u0131n \u00e7al\u0131\u015fmas\u0131n\u0131n do\u011fas\u0131nda olan tekrarlanan b\u00fck\u00fclme ve gerilmeye dayanmas\u0131na izin verirken, g\u00fcc\u00fc, ilgili y\u00fcksek gerilim kuvvetlerine dayanabilmesini sa\u011flar.<\/p>\n<p>Mimari sekt\u00f6rde 7\u00d77 tel halat genellikle kablo raylar\u0131, \u00e7itler ve korkuluklar gibi gergi yap\u0131lar\u0131nda kullan\u0131l\u0131r. Orta esnekli\u011fi kolay kurulum sa\u011flarken, mukavemeti zaman i\u00e7inde yap\u0131n\u0131n a\u011f\u0131rl\u0131\u011f\u0131n\u0131 destekleyebilmesini sa\u011flar. Paslanmaz \u00e7elik 7\u00d77 tel halatlar, korozyona ve paslanmaya kar\u015f\u0131 diren\u00e7leri nedeniyle bu uygulamalar i\u00e7in s\u0131kl\u0131kla se\u00e7ilir ve yap\u0131lar\u0131n uzun s\u00fcre elementlere maruz kald\u0131ktan sonra bile estetik olarak \u00e7ekici ve i\u015flevsel kalmas\u0131n\u0131 sa\u011flar.<\/p>\n<p>End\u00fcstriyel ortamlarda, 7\u00d77 tel halat kald\u0131rma, kald\u0131rma ve vin\u00e7le \u00e7ekme gibi g\u00f6revler i\u00e7in kullan\u0131l\u0131r. Dayan\u0131kl\u0131l\u0131\u011f\u0131 ve orta derecede esnekli\u011fi, halat\u0131n kasnaklar veya kasnaklar \u00fczerinde hasar g\u00f6rmeden veya deforme olmadan hareket etmesi gereken tekrarlayan kald\u0131rma g\u00f6revleri i\u00e7in idealdir. Denizcilik end\u00fcstrisinde, 7\u00d77 tel halat\u0131n paslanmaz \u00e7elik versiyonlar\u0131 arma, demirleme hatlar\u0131 ve korozyon direncinin gerekli oldu\u011fu di\u011fer uygulamalar i\u00e7in kullan\u0131l\u0131r. G\u00fc\u00e7 ve esneklik kombinasyonu, halat\u0131n zaman i\u00e7inde yap\u0131sal b\u00fct\u00fcnl\u00fc\u011f\u00fcn\u00fc korurken denizcilik g\u00f6revleriyle ili\u015fkili a\u011f\u0131r y\u00fckleri kald\u0131rabilmesini sa\u011flar.<\/p>\n<p>7\u00d77 tel halat\u0131n uzun s\u00fcreli dayan\u0131kl\u0131l\u0131\u011f\u0131n\u0131 sa\u011flamak i\u00e7in uygun bak\u0131m \u015fartt\u0131r. Ya\u011flama, teller ve teller aras\u0131ndaki s\u00fcrt\u00fcnmeyi azaltmaya yard\u0131mc\u0131 olarak i\u00e7 a\u015f\u0131nmay\u0131 \u00f6nledi\u011finden kritik \u00f6neme sahiptir. Halat\u0131n iyi durumda kalmas\u0131n\u0131 sa\u011flamak i\u00e7in a\u015f\u0131nma, korozyon veya hasar belirtileri i\u00e7in d\u00fczenli kontroller gereklidir. \u00dcreticinin ya\u011flama ve de\u011fi\u015ftirme y\u00f6nergelerine uymak, tel halat\u0131n \u00f6mr\u00fcn\u00fc en \u00fcst d\u00fczeye \u00e7\u0131karmaya yard\u0131mc\u0131 olacak ve y\u0131llarca g\u00fcvenilir bir \u015fekilde \u00e7al\u0131\u015fmas\u0131n\u0131 sa\u011flayacakt\u0131r.<\/p>\n<h3><strong>Sonu\u00e7<\/strong><\/h3>\n<p>7\u00d77 tel halat, \u00e7ok \u00e7e\u015fitli uygulamalar i\u00e7in sa\u011flam ve \u00e7ok y\u00f6nl\u00fc bir \u00e7\u00f6z\u00fcmd\u00fcr, g\u00fc\u00e7 ve esnekli\u011fin dengeli bir kombinasyonunu sunar. 1\/16 in\u00e7, 3\/32 in\u00e7, 1\/8 in\u00e7 ve 5\/32 in\u00e7 gibi boyutlarda mevcut olup, farkl\u0131 end\u00fcstrilerin \u00f6zel ihtiya\u00e7lar\u0131n\u0131 kar\u015f\u0131layacak \u015fekilde uyarlanabilir. \u0130ster havac\u0131l\u0131k, denizcilik, in\u015faat veya mimari projelerde kullan\u0131ls\u0131n, 7\u00d77 tel halat zorlu ortamlar i\u00e7in gereken dayan\u0131kl\u0131l\u0131\u011f\u0131 ve performans\u0131 sa\u011flar. Do\u011fru \u00e7ekirdek ve malzeme ile bu tel halat, en zorlu ko\u015fullarda bile g\u00fcvenilir hizmet sunarak bir\u00e7ok sekt\u00f6rde temel bir \u00fcr\u00fcn olarak kalmas\u0131n\u0131 sa\u011flar.<\/p>","protected":false},"excerpt":{"rendered":"<p>7\u00d77 tel halat, her biri yedi tel i\u00e7eren yedi telden olu\u015fan orta esneklikte, \u00e7ok telli bir kablodur. Genellikle y\u00fcksek karbonlu \u00e7elikten veya paslanmaz \u00e7elikten yap\u0131l\u0131r, g\u00fc\u00e7 ve esneklik dengesi sunar, bu da onu \u00e7ok \u00e7e\u015fitli uygulamalar i\u00e7in uygun hale getirir. 1\/16 in\u00e7, 3\/32 in\u00e7 ve 1\/8 in\u00e7 gibi boyutlarda mevcut olan bu tel halat, u\u00e7ak kontrol kablolar\u0131nda, donan\u0131mlarda ve mimari ama\u00e7larla kullan\u0131m i\u00e7in idealdir. \u00d6zel gereksinimlere ba\u011fl\u0131 olarak tipik olarak fiber \u00e7ekirdeklere veya ba\u011f\u0131ms\u0131z tel halat \u00e7ekirdeklerine sahiptir.<\/p>","protected":false},"featured_media":8134,"comment_status":"open","ping_status":"closed","template":"","meta":{"site-sidebar-layout":"default","site-content-layout":"","ast-site-content-layout":"default","site-content-style":"default","site-sidebar-style":"default","ast-global-header-display":"","ast-banner-title-visibility":"","ast-main-header-display":"","ast-hfb-above-header-display":"","ast-hfb-below-header-display":"","ast-hfb-mobile-header-display":"","site-post-title":"","ast-breadcrumbs-content":"","ast-featured-img":"","footer-sml-layout":"","theme-transparent-header-meta":"default","adv-header-id-meta":"","stick-header-meta":"default","header-above-stick-meta":"","header-main-stick-meta":"","header-below-stick-meta":"","astra-migrate-meta-layouts":"set","ast-page-background-enabled":"default","ast-page-background-meta":{"desktop":{"background-color":"","background-image":"","background-repeat":"repeat","background-position":"center center","background-size":"auto","background-attachment":"scroll","background-type":"","background-media":"","overlay-type":"","overlay-color":"","overlay-opacity":"","overlay-gradient":""},"tablet":{"background-color":"","background-image":"","background-repeat":"repeat","background-position":"center center","background-size":"auto","background-attachment":"scroll","background-type":"","background-media":"","overlay-type":"","overlay-color":"","overlay-opacity":"","overlay-gradient":""},"mobile":{"background-color":"","background-image":"","background-repeat":"repeat","background-position":"center center","background-size":"auto","background-attachment":"scroll","background-type":"","background-media":"","overlay-type":"","overlay-color":"","overlay-opacity":"","overlay-gradient":""}},"ast-content-background-meta":{"desktop":{"background-color":"var(--ast-global-color-5)","background-image":"","background-repeat":"repeat","background-position":"center center","background-size":"auto","background-attachment":"scroll","background-type":"","background-media":"","overlay-type":"","overlay-color":"","overlay-opacity":"","overlay-gradient":""},"tablet":{"background-color":"var(--ast-global-color-5)","background-image":"","background-repeat":"repeat","background-position":"center center","background-size":"auto","background-attachment":"scroll","background-type":"","background-media":"","overlay-type":"","overlay-color":"","overlay-opacity":"","overlay-gradient":""},"mobile":{"background-color":"var(--ast-global-color-5)","background-image":"","background-repeat":"repeat","background-position":"center center","background-size":"auto","background-attachment":"scroll","background-type":"","background-media":"","overlay-type":"","overlay-color":"","overlay-opacity":"","overlay-gradient":""}}},"product_brand":[],"product_cat":[37],"product_tag":[89],"class_list":{"0":"post-8133","1":"product","2":"type-product","3":"status-publish","4":"has-post-thumbnail","6":"product_cat-wire-rope","7":"product_tag-wire-rope","8":"desktop-align-left","9":"tablet-align-left","10":"mobile-align-left","11":"ast-product-gallery-layout-horizontal-slider","12":"ast-product-gallery-with-no-image","13":"ast-product-tabs-layout-horizontal","15":"first","16":"instock","17":"shipping-taxable","18":"purchasable","19":"product-type-simple"},"yoast_head":"<!-- This site is optimized with the Yoast SEO plugin v25.2 - https:\/\/yoast.com\/wordpress\/plugins\/seo\/ -->\n<title>7x7 Wire Rope<\/title>\n<meta name=\"description\" content=\"7x7 wire rope is a medium-flexibility, multi-strand cable composed of seven strands, each containing seven wires.\" \/>\n<meta name=\"robots\" content=\"index, follow, max-snippet:-1, max-image-preview:large, max-video-preview:-1\" \/>\n<link rel=\"canonical\" href=\"https:\/\/qingdaohf.com\/tr\/urun\/7x7-tel-halat\/\" \/>\n<meta property=\"og:locale\" content=\"tr_TR\" \/>\n<meta property=\"og:type\" content=\"article\" \/>\n<meta property=\"og:title\" content=\"7x7 Wire Rope\" \/>\n<meta property=\"og:description\" content=\"7x7 wire rope is a medium-flexibility, multi-strand cable composed of seven strands, each containing seven wires.\" \/>\n<meta property=\"og:url\" content=\"https:\/\/qingdaohf.com\/tr\/urun\/7x7-tel-halat\/\" \/>\n<meta property=\"og:site_name\" content=\"Concrete Form &amp; Rigging Hardware Supplier\" \/>\n<meta property=\"article:publisher\" content=\"https:\/\/www.facebook.com\/qingdaohf\" \/>\n<meta property=\"article:modified_time\" content=\"2025-11-13T01:02:55+00:00\" \/>\n<meta property=\"og:image\" content=\"https:\/\/qingdaohf.com\/wp-content\/uploads\/2024\/10\/7x7-wire-rope.webp\" \/>\n\t<meta property=\"og:image:width\" content=\"787\" \/>\n\t<meta property=\"og:image:height\" content=\"787\" \/>\n\t<meta property=\"og:image:type\" content=\"image\/webp\" \/>\n<meta name=\"twitter:card\" content=\"summary_large_image\" \/>\n<meta name=\"twitter:label1\" content=\"Tahmini okuma s\u00fcresi\" \/>\n\t<meta name=\"twitter:data1\" content=\"7 dakika\" \/>\n<script type=\"application\/ld+json\" class=\"yoast-schema-graph\">{\"@context\":\"https:\/\/schema.org\",\"@graph\":[{\"@type\":\"WebPage\",\"@id\":\"https:\/\/qingdaohf.com\/product\/7x7-wire-rope\/\",\"url\":\"https:\/\/qingdaohf.com\/product\/7x7-wire-rope\/\",\"name\":\"7x7 Wire Rope\",\"isPartOf\":{\"@id\":\"https:\/\/qingdaohf.com\/bg\/#website\"},\"primaryImageOfPage\":{\"@id\":\"https:\/\/qingdaohf.com\/product\/7x7-wire-rope\/#primaryimage\"},\"image\":{\"@id\":\"https:\/\/qingdaohf.com\/product\/7x7-wire-rope\/#primaryimage\"},\"thumbnailUrl\":\"https:\/\/qingdaohf.com\/wp-content\/uploads\/2024\/10\/7x7-wire-rope.webp\",\"datePublished\":\"2024-10-24T09:58:44+00:00\",\"dateModified\":\"2025-11-13T01:02:55+00:00\",\"description\":\"7x7 wire rope is a medium-flexibility, multi-strand cable composed of seven strands, each containing seven wires.\",\"breadcrumb\":{\"@id\":\"https:\/\/qingdaohf.com\/product\/7x7-wire-rope\/#breadcrumb\"},\"inLanguage\":\"tr\",\"potentialAction\":[{\"@type\":\"ReadAction\",\"target\":[\"https:\/\/qingdaohf.com\/product\/7x7-wire-rope\/\"]}]},{\"@type\":\"ImageObject\",\"inLanguage\":\"tr\",\"@id\":\"https:\/\/qingdaohf.com\/product\/7x7-wire-rope\/#primaryimage\",\"url\":\"https:\/\/qingdaohf.com\/wp-content\/uploads\/2024\/10\/7x7-wire-rope.webp\",\"contentUrl\":\"https:\/\/qingdaohf.com\/wp-content\/uploads\/2024\/10\/7x7-wire-rope.webp\",\"width\":787,\"height\":787,\"caption\":\"7x7 wire rope\"},{\"@type\":\"BreadcrumbList\",\"@id\":\"https:\/\/qingdaohf.com\/product\/7x7-wire-rope\/#breadcrumb\",\"itemListElement\":[{\"@type\":\"ListItem\",\"position\":1,\"name\":\"Home\",\"item\":\"https:\/\/qingdaohf.com\/\"},{\"@type\":\"ListItem\",\"position\":2,\"name\":\"Concrete Forming Accessories and Rigging Hardware\",\"item\":\"https:\/\/qingdaohf.com\/bg\/?page_id=944\"},{\"@type\":\"ListItem\",\"position\":3,\"name\":\"7&#215;7 Wire Rope\"}]},{\"@type\":\"WebSite\",\"@id\":\"https:\/\/qingdaohf.com\/bg\/#website\",\"url\":\"https:\/\/qingdaohf.com\/bg\/\",\"name\":\"Concrete Form & Rigging Hardware Supplier\",\"description\":\"\",\"publisher\":{\"@id\":\"https:\/\/qingdaohf.com\/bg\/#organization\"},\"potentialAction\":[{\"@type\":\"SearchAction\",\"target\":{\"@type\":\"EntryPoint\",\"urlTemplate\":\"https:\/\/qingdaohf.com\/bg\/?s={search_term_string}\"},\"query-input\":{\"@type\":\"PropertyValueSpecification\",\"valueRequired\":true,\"valueName\":\"search_term_string\"}}],\"inLanguage\":\"tr\"},{\"@type\":\"Organization\",\"@id\":\"https:\/\/qingdaohf.com\/bg\/#organization\",\"name\":\"Qingdao H&F\",\"url\":\"https:\/\/qingdaohf.com\/bg\/\",\"logo\":{\"@type\":\"ImageObject\",\"inLanguage\":\"tr\",\"@id\":\"https:\/\/qingdaohf.com\/bg\/#\/schema\/logo\/image\/\",\"url\":\"https:\/\/qingdaohf.com\/wp-content\/uploads\/2022\/12\/cropped-HF-LOGO.png\",\"contentUrl\":\"https:\/\/qingdaohf.com\/wp-content\/uploads\/2022\/12\/cropped-HF-LOGO.png\",\"width\":391,\"height\":249,\"caption\":\"Qingdao H&F\"},\"image\":{\"@id\":\"https:\/\/qingdaohf.com\/bg\/#\/schema\/logo\/image\/\"},\"sameAs\":[\"https:\/\/www.facebook.com\/qingdaohf\"]}]}<\/script>\n<!-- \/ Yoast SEO plugin. -->","yoast_head_json":{"title":"7x7 Wire Rope","description":"7x7 wire rope is a medium-flexibility, multi-strand cable composed of seven strands, each containing seven wires.","robots":{"index":"index","follow":"follow","max-snippet":"max-snippet:-1","max-image-preview":"max-image-preview:large","max-video-preview":"max-video-preview:-1"},"canonical":"https:\/\/qingdaohf.com\/tr\/urun\/7x7-tel-halat\/","og_locale":"tr_TR","og_type":"article","og_title":"7x7 Wire Rope","og_description":"7x7 wire rope is a medium-flexibility, multi-strand cable composed of seven strands, each containing seven wires.","og_url":"https:\/\/qingdaohf.com\/tr\/urun\/7x7-tel-halat\/","og_site_name":"Concrete Form &amp; Rigging Hardware Supplier","article_publisher":"https:\/\/www.facebook.com\/qingdaohf","article_modified_time":"2025-11-13T01:02:55+00:00","og_image":[{"width":787,"height":787,"url":"https:\/\/qingdaohf.com\/wp-content\/uploads\/2024\/10\/7x7-wire-rope.webp","type":"image\/webp"}],"twitter_card":"summary_large_image","twitter_misc":{"Tahmini okuma s\u00fcresi":"7 dakika"},"schema":{"@context":"https:\/\/schema.org","@graph":[{"@type":"WebPage","@id":"https:\/\/qingdaohf.com\/product\/7x7-wire-rope\/","url":"https:\/\/qingdaohf.com\/product\/7x7-wire-rope\/","name":"7x7 Wire Rope","isPartOf":{"@id":"https:\/\/qingdaohf.com\/bg\/#website"},"primaryImageOfPage":{"@id":"https:\/\/qingdaohf.com\/product\/7x7-wire-rope\/#primaryimage"},"image":{"@id":"https:\/\/qingdaohf.com\/product\/7x7-wire-rope\/#primaryimage"},"thumbnailUrl":"https:\/\/qingdaohf.com\/wp-content\/uploads\/2024\/10\/7x7-wire-rope.webp","datePublished":"2024-10-24T09:58:44+00:00","dateModified":"2025-11-13T01:02:55+00:00","description":"7x7 wire rope is a medium-flexibility, multi-strand cable composed of seven strands, each containing seven wires.","breadcrumb":{"@id":"https:\/\/qingdaohf.com\/product\/7x7-wire-rope\/#breadcrumb"},"inLanguage":"tr","potentialAction":[{"@type":"ReadAction","target":["https:\/\/qingdaohf.com\/product\/7x7-wire-rope\/"]}]},{"@type":"ImageObject","inLanguage":"tr","@id":"https:\/\/qingdaohf.com\/product\/7x7-wire-rope\/#primaryimage","url":"https:\/\/qingdaohf.com\/wp-content\/uploads\/2024\/10\/7x7-wire-rope.webp","contentUrl":"https:\/\/qingdaohf.com\/wp-content\/uploads\/2024\/10\/7x7-wire-rope.webp","width":787,"height":787,"caption":"7x7 wire rope"},{"@type":"BreadcrumbList","@id":"https:\/\/qingdaohf.com\/product\/7x7-wire-rope\/#breadcrumb","itemListElement":[{"@type":"ListItem","position":1,"name":"Home","item":"https:\/\/qingdaohf.com\/"},{"@type":"ListItem","position":2,"name":"Concrete Forming Accessories and Rigging Hardware","item":"https:\/\/qingdaohf.com\/bg\/?page_id=944"},{"@type":"ListItem","position":3,"name":"7&#215;7 Wire Rope"}]},{"@type":"WebSite","@id":"https:\/\/qingdaohf.com\/bg\/#website","url":"https:\/\/qingdaohf.com\/bg\/","name":"Concrete Form & Rigging Hardware Supplier","description":"","publisher":{"@id":"https:\/\/qingdaohf.com\/bg\/#organization"},"potentialAction":[{"@type":"SearchAction","target":{"@type":"EntryPoint","urlTemplate":"https:\/\/qingdaohf.com\/bg\/?s={search_term_string}"},"query-input":{"@type":"PropertyValueSpecification","valueRequired":true,"valueName":"search_term_string"}}],"inLanguage":"tr"},{"@type":"Organization","@id":"https:\/\/qingdaohf.com\/bg\/#organization","name":"Qingdao H&F","url":"https:\/\/qingdaohf.com\/bg\/","logo":{"@type":"ImageObject","inLanguage":"tr","@id":"https:\/\/qingdaohf.com\/bg\/#\/schema\/logo\/image\/","url":"https:\/\/qingdaohf.com\/wp-content\/uploads\/2022\/12\/cropped-HF-LOGO.png","contentUrl":"https:\/\/qingdaohf.com\/wp-content\/uploads\/2022\/12\/cropped-HF-LOGO.png","width":391,"height":249,"caption":"Qingdao H&F"},"image":{"@id":"https:\/\/qingdaohf.com\/bg\/#\/schema\/logo\/image\/"},"sameAs":["https:\/\/www.facebook.com\/qingdaohf"]}]}},"_links":{"self":[{"href":"https:\/\/qingdaohf.com\/tr\/wp-json\/wp\/v2\/product\/8133","targetHints":{"allow":["GET"]}}],"collection":[{"href":"https:\/\/qingdaohf.com\/tr\/wp-json\/wp\/v2\/product"}],"about":[{"href":"https:\/\/qingdaohf.com\/tr\/wp-json\/wp\/v2\/types\/product"}],"replies":[{"embeddable":true,"href":"https:\/\/qingdaohf.com\/tr\/wp-json\/wp\/v2\/comments?post=8133"}],"version-history":[{"count":1,"href":"https:\/\/qingdaohf.com\/tr\/wp-json\/wp\/v2\/product\/8133\/revisions"}],"predecessor-version":[{"id":8135,"href":"https:\/\/qingdaohf.com\/tr\/wp-json\/wp\/v2\/product\/8133\/revisions\/8135"}],"wp:featuredmedia":[{"embeddable":true,"href":"https:\/\/qingdaohf.com\/tr\/wp-json\/wp\/v2\/media\/8134"}],"wp:attachment":[{"href":"https:\/\/qingdaohf.com\/tr\/wp-json\/wp\/v2\/media?parent=8133"}],"wp:term":[{"taxonomy":"product_brand","embeddable":true,"href":"https:\/\/qingdaohf.com\/tr\/wp-json\/wp\/v2\/product_brand?post=8133"},{"taxonomy":"product_cat","embeddable":true,"href":"https:\/\/qingdaohf.com\/tr\/wp-json\/wp\/v2\/product_cat?post=8133"},{"taxonomy":"product_tag","embeddable":true,"href":"https:\/\/qingdaohf.com\/tr\/wp-json\/wp\/v2\/product_tag?post=8133"}],"curies":[{"name":"wp","href":"https:\/\/api.w.org\/{rel}","templated":true}]}}