{"id":8136,"date":"2024-10-24T18:02:50","date_gmt":"2024-10-24T10:02:50","guid":{"rendered":"http:\/\/qingdaohf.com\/?post_type=product&#038;p=8136"},"modified":"2025-11-13T09:02:54","modified_gmt":"2025-11-13T01:02:54","slug":"7x19-wire-rope","status":"publish","type":"product","link":"https:\/\/qingdaohf.com\/tr\/urun\/7x19-tel-halat\/","title":{"rendered":"7\u00d719 Tel Halat"},"content":{"rendered":"<div class=\"flex max-w-full flex-col flex-grow\">\n<div class=\"min-h-8 text-message flex w-full flex-col items-end gap-2 whitespace-normal break-words [.text-message+&amp;]:mt-5\" dir=\"auto\" data-message-author-role=\"assistant\" data-message-id=\"433aa721-79fe-4c11-be83-ec5599ef1987\" data-message-model-slug=\"gpt-4o\">\n<div class=\"flex w-full flex-col gap-1 empty:hidden first:pt-[3px]\">\n<div class=\"markdown prose w-full break-words dark:prose-invert light\">\n<h3>7\u00d719 Tel Halat Nedir?<\/h3>\n<p>7\u00d719 tel halat, her biri 19 ayr\u0131 tel i\u00e7eren yedi tel demetinden olu\u015fan olduk\u00e7a esnek ve dayan\u0131kl\u0131 bir kablodur. Bu tasar\u0131m, halata benzersiz bir g\u00fc\u00e7 ve esneklik kombinasyonu kazand\u0131rarak onu deniz ortamlar\u0131ndan end\u00fcstriyel makinelere kadar \u00e7ok say\u0131da uygulamada pop\u00fcler bir se\u00e7im haline getirir. Bu tellerin konfig\u00fcrasyonu, halat\u0131n bas\u0131n\u00e7 alt\u0131nda yap\u0131sal b\u00fct\u00fcnl\u00fc\u011f\u00fcn\u00fc korurken \u00f6nemli y\u00fckleri ta\u015f\u0131ma kapasitesine sahip olmas\u0131n\u0131 sa\u011flar.<\/p>\n<p>Tel halat\u0131n \u00e7ok y\u00f6nl\u00fcl\u00fc\u011f\u00fc, \u00f6zellikle kablolar\u0131n s\u0131k s\u0131k hareket etmesi veya b\u00fck\u00fclmesi gereken end\u00fcstrilerde en \u00e7ekici \u00f6zelliklerinden biridir. 1\u00d719 tel halat gibi daha sert tasar\u0131mlar\u0131n aksine, 7\u00d719 konfig\u00fcrasyonu gerilme mukavemetinden \u00f6d\u00fcn vermeden \u00fcst\u00fcn esneklik sa\u011flar. Tipik olarak paslanmaz \u00e7elik veya galvanizli \u00e7elik gibi y\u00fcksek kaliteli malzemelerden \u00fcretilen 7\u00d719 tel halat, korozyona kar\u015f\u0131 dayan\u0131kl\u0131 olacak \u015fekilde tasarlanm\u0131\u015ft\u0131r ve bu sayede hem i\u00e7 hem de d\u0131\u015f mekan uygulamalar\u0131 i\u00e7in uygundur. \u0130ster vin\u00e7lerde, ister vin\u00e7lerde veya u\u00e7ak kontrol kablolar\u0131nda kullan\u0131l\u0131yor olsun, 7\u00d719 tel halat esneklik ve dayan\u0131kl\u0131l\u0131\u011f\u0131n \u00e7ok \u00f6nemli oldu\u011fu ortamlarda m\u00fckemmeldir.<\/p>\n<h3>Malzeme ve Yap\u0131<\/h3>\n<p>7\u00d719 tel halat tipik olarak iki ana malzemede mevcuttur: paslanmaz \u00e7elik ve galvanizli \u00e7elik. Paslanmaz \u00e7elik tel halat, \u00f6zellikle neme, kimyasallara veya tuzlu suya maruz kalan ortamlarda y\u00fcksek korozyon direnci gerektiren uygulamalar i\u00e7in tercih edilir. Bu, pas ve korozyonun daha az dayan\u0131kl\u0131 malzemeleri h\u0131zla bozabilece\u011fi denizcilik end\u00fcstrileri i\u00e7in pop\u00fcler bir se\u00e7imdir. \u00d6te yandan galvanizli \u00e7elik tel halat, zorlu \u00e7evre ko\u015fullar\u0131na maruz kalmayan uygulamalar i\u00e7in maliyet verimlili\u011fini korurken korozyon direnci sa\u011flayan bir \u00e7inko tabakas\u0131 ile kaplanm\u0131\u015ft\u0131r.<\/p>\n<p>7\u00d719 tel halat\u0131n yap\u0131sal tasar\u0131m\u0131, her biri 19 telden olu\u015fan yedi \u015feritten olu\u015fur. Bu olu\u015fum, halat\u0131n esnekli\u011fini g\u00fcc\u00fcnden \u00f6d\u00fcn vermeden art\u0131r\u0131r. Tek telin s\u0131n\u0131rl\u0131 hareket esnekli\u011fine sahip oldu\u011fu 1\u00d719 gibi bir yap\u0131yla kar\u015f\u0131la\u015ft\u0131r\u0131ld\u0131\u011f\u0131nda, 7\u00d719 daha fazla esneklik sunarak halat\u0131n kasnaklar etraf\u0131nda b\u00fck\u00fclmesi veya kavisli y\u00fczeylerden ge\u00e7mesi gereken senaryolar i\u00e7in idealdir. 7\u00d719 tel halat\u0131n esnekli\u011fi, halat\u0131n b\u00fck\u00fclme veya yorulma hasar\u0131na u\u011frama olas\u0131l\u0131\u011f\u0131n\u0131 da azaltarak dinamik uygulamalarda daha uzun hizmet \u00f6mr\u00fc sa\u011flar.<\/p>\n<p>D\u0131\u015f yap\u0131s\u0131na ek olarak, tel halat\u0131n \u00e7ekirde\u011fi de performans\u0131nda hayati bir rol oynar. 7\u00d719 tel halat iki \u00e7ekirdek tipiyle mevcuttur: fiber \u00e7ekirdekler (FC) ve ba\u011f\u0131ms\u0131z tel halat \u00e7ekirdekleri (IWRC). Genellikle sentetik veya do\u011fal liflerden yap\u0131lan bir fiber \u00e7ekirdek, esnekli\u011fi art\u0131rarak halat\u0131 daha esnek ancak biraz daha zay\u0131f hale getirir. Tipik olarak k\u00fc\u00e7\u00fck \u00e7apl\u0131 bir \u00e7elik tel halat olan IWRC, \u00fcst\u00fcn g\u00fc\u00e7 ve ezilmeye kar\u015f\u0131 diren\u00e7 sunar, bu da onu daha a\u011f\u0131r y\u00fck uygulamalar\u0131 i\u00e7in daha uygun hale getirir. Fiber \u00e7ekirdek ve IWRC aras\u0131nda se\u00e7im yapmak \u00f6zel uygulamaya ba\u011fl\u0131d\u0131r, IWRC end\u00fcstriyel kullan\u0131m i\u00e7in tercih edilen se\u00e7enektir ve fiber \u00e7ekirdekler y\u00fck ta\u015f\u0131ma mukavemeti \u00fczerinde geli\u015fmi\u015f esneklik gerektiren durumlarda daha yayg\u0131nd\u0131r.<\/p>\n<h3>Yayg\u0131n Boyutlar ve Uygulamalar<\/h3>\n<p>7\u00d719 tel halat, farkl\u0131 uygulamalara uyacak \u015fekilde \u00e7e\u015fitli boyutlarda mevcuttur. En yayg\u0131n boyutlardan baz\u0131lar\u0131 \u015funlard\u0131r:<\/p>\n<p><strong>1\/16 in\u00e7 7\u00d719 tel halat:<\/strong> Bu boyut genellikle hafif g\u00f6revler i\u00e7in kullan\u0131l\u0131r. K\u00fc\u00e7\u00fck \u00e7ap\u0131, kontrol kablolar\u0131, bisiklet kablolar\u0131 ve hatta ince kontrol ve esnekli\u011fin gerekli oldu\u011fu baz\u0131 u\u00e7ak operasyonlar\u0131 gibi hassas i\u015fler i\u00e7in idealdir. K\u00fc\u00e7\u00fck boyutuna ra\u011fmen 1\/16 in\u00e7 7\u00d719 tel halat, \u00e7ok telli yap\u0131s\u0131 sayesinde etkileyici gerilme mukavemetini korur ve hem incelik hem de dayan\u0131kl\u0131l\u0131k gerektiren g\u00f6revlerde g\u00fcvenilirlik sa\u011flar.<\/p>\n<p><strong>3\/32 in\u00e7 7\u00d719 tel halat:<\/strong> Bu biraz daha b\u00fcy\u00fck boyut, esneklik ve g\u00fc\u00e7 aras\u0131nda bir dengenin gerekli oldu\u011fu uygulamalar i\u00e7in uygundur. Genellikle korkuluklar ve bariyerler gibi mimari uygulamalarda ve denizcilik ortamlar\u0131ndaki hafif arma g\u00f6revlerinde kullan\u0131l\u0131r. 3\/32 in\u00e7 tel halat\u0131n ilave kal\u0131nl\u0131\u011f\u0131, daha k\u00fc\u00e7\u00fck \u00e7aplara g\u00f6re daha esnek olmas\u0131n\u0131 sa\u011flar, ancak yine de kasnaklar ve benzer mekanizmalar i\u00e7in m\u00fckemmel esneklik sunar.<\/p>\n<p><strong>1\/8 in\u00e7 7\u00d719 tel halat:<\/strong> Olduk\u00e7a \u00e7ok y\u00f6nl\u00fc bir boyut olan 1\/8 in\u00e7 tel halat, genel end\u00fcstriyel ve denizcilik uygulamalar\u0131nda yayg\u0131n olarak bulunur. Orta dereceli kald\u0131rma g\u00f6revleri i\u00e7in yeterince sa\u011flamd\u0131r ve vin\u00e7lerde, gergi tellerinde ve hatta asma k\u00f6pr\u00fclerde ve yap\u0131larda iyi \u00e7al\u0131\u015f\u0131r. \u00d6zellikle paslanmaz \u00e7elikten yap\u0131ld\u0131\u011f\u0131nda korozyona direnme kabiliyeti, elementlere maruz kalman\u0131n endi\u015fe verici oldu\u011fu ortamlarda tercih edilen bir se\u00e7enek olmas\u0131n\u0131 sa\u011flar.<\/p>\n<p><strong>5\/32 in\u00e7 7\u00d719 tel halat:<\/strong> Bu boyut, esnekli\u011fi korurken daha da fazla g\u00fc\u00e7 sunar ve a\u011f\u0131r i\u015fler i\u00e7in idealdir. B\u00fcy\u00fck y\u00fcklerin kald\u0131r\u0131lmas\u0131 veya ta\u015f\u0131nmas\u0131 gereken in\u015faat, asans\u00f6r ve vin\u00e7lerde s\u0131kl\u0131kla kullan\u0131l\u0131r. Daha b\u00fcy\u00fck \u00e7ap, 5\/32 in\u00e7 tel halat\u0131n deforme olmadan veya erken y\u0131pranmadan \u00f6nemli gerilimi kald\u0131rabilmesini sa\u011flar, bu da y\u00fcksek y\u00fck durumlar\u0131nda g\u00fcvenlik i\u00e7in \u00e7ok \u00f6nemlidir.<\/p>\n<p>Uygun 7\u00d719 tel halat boyutunun se\u00e7imi b\u00fcy\u00fck \u00f6l\u00e7\u00fcde \u00f6zel y\u00fck gereksinimlerine ve uygulaman\u0131n \u00e7evresel ko\u015fullar\u0131na ba\u011fl\u0131d\u0131r. 1\/16 in\u00e7 veya 3\/32 in\u00e7 gibi daha k\u00fc\u00e7\u00fck boyutlar hassas g\u00f6revlerde \u00fcst\u00fcnl\u00fck sa\u011flarken, 1\/8 in\u00e7 ve 5\/32 in\u00e7 gibi daha b\u00fcy\u00fck boyutlar hem esneklik hem de g\u00fc\u00e7 gerektiren a\u011f\u0131r hizmet operasyonlar\u0131 i\u00e7in daha uygundur.<\/p>\n<h3>Kullan\u0131mda \u00c7ok Y\u00f6nl\u00fcl\u00fck<\/h3>\n<p>7\u00d719 tel halat\u0131n en \u00f6nemli avantajlar\u0131ndan biri, geni\u015f bir end\u00fcstri yelpazesine uyarlanabilir olmas\u0131d\u0131r. Halat\u0131n g\u00fc\u00e7 ve esneklik kombinasyonu, onu havac\u0131l\u0131k, in\u015faat, denizcilik ve mimari gibi sekt\u00f6rlerde vazge\u00e7ilmez k\u0131lmaktad\u0131r.<\/p>\n<p>Havac\u0131l\u0131kta, 7\u00d719 tel halat genellikle kontrol kablolar\u0131nda ve u\u00e7ak donan\u0131m sistemlerinde kullan\u0131l\u0131r. \u00dcst\u00fcn esnekli\u011fi, b\u00fck\u00fclme veya hasar riski olmadan makaralardan ve k\u00f6\u015felerden sorunsuz bir \u015fekilde b\u00fck\u00fclmesini ve hareket etmesini sa\u011flar. Malzemenin dayan\u0131kl\u0131l\u0131\u011f\u0131, y\u00fcksek h\u0131zl\u0131 u\u00e7u\u015f, titre\u015fimler ve s\u0131cakl\u0131k de\u011fi\u015fikliklerinin getirdi\u011fi stres ve gerilmelere dayanabilmesini sa\u011flar.<\/p>\n<p>Denizcilik end\u00fcstrisinde, paslanmaz \u00e7elik 7\u00d719 tel halat arma, demirleme ve kald\u0131rma i\u015flemleri i\u00e7in tercih edilen malzemedir. Halat\u0131n korozyon direnci, a\u011f\u0131r y\u00fckleri ta\u015f\u0131ma kabiliyeti ile birle\u015fti\u011finde, onu zorlu tuzlu su ortamlar\u0131nda kullan\u0131m i\u00e7in m\u00fckemmel hale getirir. 7\u00d719 tasar\u0131m\u0131n\u0131n esnekli\u011fi, makaralar ve di\u011fer ekipmanlar \u00fczerindeki a\u015f\u0131nma ve y\u0131pranmay\u0131 da azalt\u0131r, bu da \u00f6zellikle ekipman\u0131n s\u00fcrekli kullan\u0131ld\u0131\u011f\u0131 ortamlarda faydal\u0131d\u0131r.<\/p>\n<p>\u0130n\u015faatta, 7\u00d719 tel halat a\u011f\u0131r malzemelerin kald\u0131r\u0131lmas\u0131 ve donat\u0131lmas\u0131 i\u00e7in kullan\u0131l\u0131r. Deformasyona u\u011framadan b\u00fcy\u00fck y\u00fcklere dayanabilmesi onu vin\u00e7ler, asans\u00f6rler ve di\u011fer in\u015faat makinelerinde \u00f6nemli bir bile\u015fen haline getirir. Tel halat\u0131n esnekli\u011fi, ekipman i\u00e7inde sorunsuz bir \u015fekilde hareket edebilmesini sa\u011flayarak hem halat\u0131n hem de etkile\u015fimde bulundu\u011fu makinelerin a\u015f\u0131nmas\u0131n\u0131 azalt\u0131r.<\/p>\n<p>Son olarak, mimari uygulamalarda, 7\u00d719 tel halat\u0131n estetik ve i\u015flevsel \u00f6zellikleri olduk\u00e7a de\u011ferlidir. Genellikle kablo korkuluk sistemlerinde, gergi yap\u0131lar\u0131nda ve asma k\u00f6pr\u00fclerde kullan\u0131l\u0131r; burada temiz, modern g\u00f6r\u00fcn\u00fcm\u00fc ve mukavemeti onu ideal bir malzeme haline getirir. \u00d6zellikle paslanmaz \u00e7elik 7\u00d719 tel halat, yap\u0131lar\u0131 g\u00fcvenli bir \u015fekilde desteklemek i\u00e7in gerekli gerilme mukavemetini sa\u011flarken \u015f\u0131k, paslanmayan bir g\u00f6r\u00fcn\u00fcm sa\u011flama kabiliyeti nedeniyle \u00f6d\u00fcllendirilir.<\/p>\n<h3>Sonu\u00e7<\/h3>\n<p>7\u00d719 tel halat, m\u00fchendislikte \u00e7ok y\u00f6nl\u00fcl\u00fc\u011f\u00fcn ola\u011fan\u00fcst\u00fc bir \u00f6rne\u011fidir. Her biri 19 tel i\u00e7eren yedi telden olu\u015fan benzersiz konfig\u00fcrasyonu, g\u00fc\u00e7, esneklik ve dayan\u0131kl\u0131l\u0131\u011f\u0131 di\u011fer birka\u00e7 malzemenin e\u015fle\u015febilece\u011fi \u015fekilde birle\u015ftirmesine olanak tan\u0131r. 1\/16 in\u00e7, 3\/32 in\u00e7, 1\/8 in\u00e7 ve 5\/32 in\u00e7 dahil olmak \u00fczere \u00e7e\u015fitli boyutlarda mevcut olan tel halat, bir\u00e7ok sekt\u00f6rde hafif ve a\u011f\u0131r hizmet uygulamalar\u0131 i\u00e7in bir dizi \u00e7\u00f6z\u00fcm sunar. \u0130ster denizcilik ortamlar\u0131nda, ister end\u00fcstriyel makinelerde veya mimari projelerde kullan\u0131ls\u0131n, 7\u00d719 tel halat, zorlu operasyonel gereksinimleri kar\u015f\u0131lamak i\u00e7in gereken performans\u0131 tutarl\u0131 bir \u015fekilde sunar.<\/p>\n<\/div>\n<\/div>\n<\/div>\n<\/div>","protected":false},"excerpt":{"rendered":"<p>7\u00d719 tel halat, genellikle g\u00fc\u00e7 ve dayan\u0131kl\u0131l\u0131k gerektiren end\u00fcstrilerde kullan\u0131lan \u00e7ok y\u00f6nl\u00fc, esnek bir kablodur. Her biri 19 ayr\u0131 tel i\u00e7eren yedi telden olu\u015fan bu halat, di\u011fer tel halat yap\u0131lar\u0131na k\u0131yasla m\u00fckemmel esneklik sunar. Tipik olarak y\u00fcksek dereceli paslanmaz veya galvanizli \u00e7elikten yap\u0131l\u0131r ve 1\/16 in\u00e7, 3\/32 in\u00e7 ve 5\/32 in\u00e7 gibi \u00e7e\u015fitli boyutlarda gelir. \u00c7ekirdekler, y\u00fck mukavemeti, esneklik ve \u00e7evre ko\u015fullar\u0131 i\u00e7in \u00f6zel gereksinimlere ba\u011fl\u0131 olarak \u00e7elik veya fiberden yap\u0131labilir.<\/p>","protected":false},"featured_media":8137,"comment_status":"open","ping_status":"closed","template":"","meta":{"site-sidebar-layout":"default","site-content-layout":"","ast-site-content-layout":"default","site-content-style":"default","site-sidebar-style":"default","ast-global-header-display":"","ast-banner-title-visibility":"","ast-main-header-display":"","ast-hfb-above-header-display":"","ast-hfb-below-header-display":"","ast-hfb-mobile-header-display":"","site-post-title":"","ast-breadcrumbs-content":"","ast-featured-img":"","footer-sml-layout":"","theme-transparent-header-meta":"default","adv-header-id-meta":"","stick-header-meta":"default","header-above-stick-meta":"","header-main-stick-meta":"","header-below-stick-meta":"","astra-migrate-meta-layouts":"set","ast-page-background-enabled":"default","ast-page-background-meta":{"desktop":{"background-color":"","background-image":"","background-repeat":"repeat","background-position":"center center","background-size":"auto","background-attachment":"scroll","background-type":"","background-media":"","overlay-type":"","overlay-color":"","overlay-opacity":"","overlay-gradient":""},"tablet":{"background-color":"","background-image":"","background-repeat":"repeat","background-position":"center center","background-size":"auto","background-attachment":"scroll","background-type":"","background-media":"","overlay-type":"","overlay-color":"","overlay-opacity":"","overlay-gradient":""},"mobile":{"background-color":"","background-image":"","background-repeat":"repeat","background-position":"center center","background-size":"auto","background-attachment":"scroll","background-type":"","background-media":"","overlay-type":"","overlay-color":"","overlay-opacity":"","overlay-gradient":""}},"ast-content-background-meta":{"desktop":{"background-color":"var(--ast-global-color-5)","background-image":"","background-repeat":"repeat","background-position":"center center","background-size":"auto","background-attachment":"scroll","background-type":"","background-media":"","overlay-type":"","overlay-color":"","overlay-opacity":"","overlay-gradient":""},"tablet":{"background-color":"var(--ast-global-color-5)","background-image":"","background-repeat":"repeat","background-position":"center center","background-size":"auto","background-attachment":"scroll","background-type":"","background-media":"","overlay-type":"","overlay-color":"","overlay-opacity":"","overlay-gradient":""},"mobile":{"background-color":"var(--ast-global-color-5)","background-image":"","background-repeat":"repeat","background-position":"center center","background-size":"auto","background-attachment":"scroll","background-type":"","background-media":"","overlay-type":"","overlay-color":"","overlay-opacity":"","overlay-gradient":""}}},"product_brand":[],"product_cat":[37],"product_tag":[89],"class_list":{"0":"post-8136","1":"product","2":"type-product","3":"status-publish","4":"has-post-thumbnail","6":"product_cat-wire-rope","7":"product_tag-wire-rope","8":"desktop-align-left","9":"tablet-align-left","10":"mobile-align-left","11":"ast-product-gallery-layout-horizontal-slider","12":"ast-product-gallery-with-no-image","13":"ast-product-tabs-layout-horizontal","15":"first","16":"instock","17":"shipping-taxable","18":"purchasable","19":"product-type-simple"},"yoast_head":"<!-- This site is optimized with the Yoast SEO plugin v25.2 - https:\/\/yoast.com\/wordpress\/plugins\/seo\/ -->\n<title>7x19 Wire Rope<\/title>\n<meta name=\"robots\" content=\"index, follow, max-snippet:-1, max-image-preview:large, max-video-preview:-1\" \/>\n<link rel=\"canonical\" href=\"https:\/\/qingdaohf.com\/tr\/urun\/7x19-tel-halat\/\" \/>\n<meta property=\"og:locale\" content=\"tr_TR\" \/>\n<meta property=\"og:type\" content=\"article\" \/>\n<meta property=\"og:title\" content=\"7x19 Wire Rope\" \/>\n<meta property=\"og:description\" content=\"7x19 wire rope is a versatile, flexible cable often used in industries requiring strength and durability. Constructed with seven strands, each containing 19 individual wires, this rope offers excellent flexibility compared to other wire rope constructions. It is typically made from high-grade stainless or galvanized steel and comes in various sizes, such as 1\/16 inch, 3\/32 inch, and 5\/32 inch. The cores can be made from steel or fiber, depending on the specific requirements for load strength, flexibility, and environmental conditions.\" \/>\n<meta property=\"og:url\" content=\"https:\/\/qingdaohf.com\/tr\/urun\/7x19-tel-halat\/\" \/>\n<meta property=\"og:site_name\" content=\"Concrete Form &amp; Rigging Hardware Supplier\" \/>\n<meta property=\"article:publisher\" content=\"https:\/\/www.facebook.com\/qingdaohf\" \/>\n<meta property=\"article:modified_time\" content=\"2025-11-13T01:02:54+00:00\" \/>\n<meta property=\"og:image\" content=\"https:\/\/qingdaohf.com\/wp-content\/uploads\/2024\/10\/7x19.webp\" \/>\n\t<meta property=\"og:image:width\" content=\"787\" \/>\n\t<meta property=\"og:image:height\" content=\"787\" \/>\n\t<meta property=\"og:image:type\" content=\"image\/webp\" \/>\n<meta name=\"twitter:card\" content=\"summary_large_image\" \/>\n<meta name=\"twitter:label1\" content=\"Tahmini okuma s\u00fcresi\" \/>\n\t<meta name=\"twitter:data1\" content=\"6 dakika\" \/>\n<script type=\"application\/ld+json\" class=\"yoast-schema-graph\">{\"@context\":\"https:\/\/schema.org\",\"@graph\":[{\"@type\":\"WebPage\",\"@id\":\"https:\/\/qingdaohf.com\/product\/7x19-wire-rope\/\",\"url\":\"https:\/\/qingdaohf.com\/product\/7x19-wire-rope\/\",\"name\":\"7x19 Wire Rope\",\"isPartOf\":{\"@id\":\"https:\/\/qingdaohf.com\/bg\/#website\"},\"primaryImageOfPage\":{\"@id\":\"https:\/\/qingdaohf.com\/product\/7x19-wire-rope\/#primaryimage\"},\"image\":{\"@id\":\"https:\/\/qingdaohf.com\/product\/7x19-wire-rope\/#primaryimage\"},\"thumbnailUrl\":\"https:\/\/qingdaohf.com\/wp-content\/uploads\/2024\/10\/7x19.webp\",\"datePublished\":\"2024-10-24T10:02:50+00:00\",\"dateModified\":\"2025-11-13T01:02:54+00:00\",\"breadcrumb\":{\"@id\":\"https:\/\/qingdaohf.com\/product\/7x19-wire-rope\/#breadcrumb\"},\"inLanguage\":\"tr\",\"potentialAction\":[{\"@type\":\"ReadAction\",\"target\":[\"https:\/\/qingdaohf.com\/product\/7x19-wire-rope\/\"]}]},{\"@type\":\"ImageObject\",\"inLanguage\":\"tr\",\"@id\":\"https:\/\/qingdaohf.com\/product\/7x19-wire-rope\/#primaryimage\",\"url\":\"https:\/\/qingdaohf.com\/wp-content\/uploads\/2024\/10\/7x19.webp\",\"contentUrl\":\"https:\/\/qingdaohf.com\/wp-content\/uploads\/2024\/10\/7x19.webp\",\"width\":787,\"height\":787,\"caption\":\"7x19 wire rope\"},{\"@type\":\"BreadcrumbList\",\"@id\":\"https:\/\/qingdaohf.com\/product\/7x19-wire-rope\/#breadcrumb\",\"itemListElement\":[{\"@type\":\"ListItem\",\"position\":1,\"name\":\"Home\",\"item\":\"https:\/\/qingdaohf.com\/\"},{\"@type\":\"ListItem\",\"position\":2,\"name\":\"Concrete Forming Accessories and Rigging Hardware\",\"item\":\"https:\/\/qingdaohf.com\/bg\/?page_id=944\"},{\"@type\":\"ListItem\",\"position\":3,\"name\":\"7&#215;19 Wire Rope\"}]},{\"@type\":\"WebSite\",\"@id\":\"https:\/\/qingdaohf.com\/bg\/#website\",\"url\":\"https:\/\/qingdaohf.com\/bg\/\",\"name\":\"Concrete Form & Rigging Hardware Supplier\",\"description\":\"\",\"publisher\":{\"@id\":\"https:\/\/qingdaohf.com\/bg\/#organization\"},\"potentialAction\":[{\"@type\":\"SearchAction\",\"target\":{\"@type\":\"EntryPoint\",\"urlTemplate\":\"https:\/\/qingdaohf.com\/bg\/?s={search_term_string}\"},\"query-input\":{\"@type\":\"PropertyValueSpecification\",\"valueRequired\":true,\"valueName\":\"search_term_string\"}}],\"inLanguage\":\"tr\"},{\"@type\":\"Organization\",\"@id\":\"https:\/\/qingdaohf.com\/bg\/#organization\",\"name\":\"Qingdao H&F\",\"url\":\"https:\/\/qingdaohf.com\/bg\/\",\"logo\":{\"@type\":\"ImageObject\",\"inLanguage\":\"tr\",\"@id\":\"https:\/\/qingdaohf.com\/bg\/#\/schema\/logo\/image\/\",\"url\":\"https:\/\/qingdaohf.com\/wp-content\/uploads\/2022\/12\/cropped-HF-LOGO.png\",\"contentUrl\":\"https:\/\/qingdaohf.com\/wp-content\/uploads\/2022\/12\/cropped-HF-LOGO.png\",\"width\":391,\"height\":249,\"caption\":\"Qingdao H&F\"},\"image\":{\"@id\":\"https:\/\/qingdaohf.com\/bg\/#\/schema\/logo\/image\/\"},\"sameAs\":[\"https:\/\/www.facebook.com\/qingdaohf\"]}]}<\/script>\n<!-- \/ Yoast SEO plugin. -->","yoast_head_json":{"title":"7x19 Wire Rope","robots":{"index":"index","follow":"follow","max-snippet":"max-snippet:-1","max-image-preview":"max-image-preview:large","max-video-preview":"max-video-preview:-1"},"canonical":"https:\/\/qingdaohf.com\/tr\/urun\/7x19-tel-halat\/","og_locale":"tr_TR","og_type":"article","og_title":"7x19 Wire Rope","og_description":"7x19 wire rope is a versatile, flexible cable often used in industries requiring strength and durability. Constructed with seven strands, each containing 19 individual wires, this rope offers excellent flexibility compared to other wire rope constructions. It is typically made from high-grade stainless or galvanized steel and comes in various sizes, such as 1\/16 inch, 3\/32 inch, and 5\/32 inch. The cores can be made from steel or fiber, depending on the specific requirements for load strength, flexibility, and environmental conditions.","og_url":"https:\/\/qingdaohf.com\/tr\/urun\/7x19-tel-halat\/","og_site_name":"Concrete Form &amp; Rigging Hardware Supplier","article_publisher":"https:\/\/www.facebook.com\/qingdaohf","article_modified_time":"2025-11-13T01:02:54+00:00","og_image":[{"width":787,"height":787,"url":"https:\/\/qingdaohf.com\/wp-content\/uploads\/2024\/10\/7x19.webp","type":"image\/webp"}],"twitter_card":"summary_large_image","twitter_misc":{"Tahmini okuma s\u00fcresi":"6 dakika"},"schema":{"@context":"https:\/\/schema.org","@graph":[{"@type":"WebPage","@id":"https:\/\/qingdaohf.com\/product\/7x19-wire-rope\/","url":"https:\/\/qingdaohf.com\/product\/7x19-wire-rope\/","name":"7x19 Wire Rope","isPartOf":{"@id":"https:\/\/qingdaohf.com\/bg\/#website"},"primaryImageOfPage":{"@id":"https:\/\/qingdaohf.com\/product\/7x19-wire-rope\/#primaryimage"},"image":{"@id":"https:\/\/qingdaohf.com\/product\/7x19-wire-rope\/#primaryimage"},"thumbnailUrl":"https:\/\/qingdaohf.com\/wp-content\/uploads\/2024\/10\/7x19.webp","datePublished":"2024-10-24T10:02:50+00:00","dateModified":"2025-11-13T01:02:54+00:00","breadcrumb":{"@id":"https:\/\/qingdaohf.com\/product\/7x19-wire-rope\/#breadcrumb"},"inLanguage":"tr","potentialAction":[{"@type":"ReadAction","target":["https:\/\/qingdaohf.com\/product\/7x19-wire-rope\/"]}]},{"@type":"ImageObject","inLanguage":"tr","@id":"https:\/\/qingdaohf.com\/product\/7x19-wire-rope\/#primaryimage","url":"https:\/\/qingdaohf.com\/wp-content\/uploads\/2024\/10\/7x19.webp","contentUrl":"https:\/\/qingdaohf.com\/wp-content\/uploads\/2024\/10\/7x19.webp","width":787,"height":787,"caption":"7x19 wire rope"},{"@type":"BreadcrumbList","@id":"https:\/\/qingdaohf.com\/product\/7x19-wire-rope\/#breadcrumb","itemListElement":[{"@type":"ListItem","position":1,"name":"Home","item":"https:\/\/qingdaohf.com\/"},{"@type":"ListItem","position":2,"name":"Concrete Forming Accessories and Rigging Hardware","item":"https:\/\/qingdaohf.com\/bg\/?page_id=944"},{"@type":"ListItem","position":3,"name":"7&#215;19 Wire Rope"}]},{"@type":"WebSite","@id":"https:\/\/qingdaohf.com\/bg\/#website","url":"https:\/\/qingdaohf.com\/bg\/","name":"Concrete Form & Rigging Hardware Supplier","description":"","publisher":{"@id":"https:\/\/qingdaohf.com\/bg\/#organization"},"potentialAction":[{"@type":"SearchAction","target":{"@type":"EntryPoint","urlTemplate":"https:\/\/qingdaohf.com\/bg\/?s={search_term_string}"},"query-input":{"@type":"PropertyValueSpecification","valueRequired":true,"valueName":"search_term_string"}}],"inLanguage":"tr"},{"@type":"Organization","@id":"https:\/\/qingdaohf.com\/bg\/#organization","name":"Qingdao H&F","url":"https:\/\/qingdaohf.com\/bg\/","logo":{"@type":"ImageObject","inLanguage":"tr","@id":"https:\/\/qingdaohf.com\/bg\/#\/schema\/logo\/image\/","url":"https:\/\/qingdaohf.com\/wp-content\/uploads\/2022\/12\/cropped-HF-LOGO.png","contentUrl":"https:\/\/qingdaohf.com\/wp-content\/uploads\/2022\/12\/cropped-HF-LOGO.png","width":391,"height":249,"caption":"Qingdao H&F"},"image":{"@id":"https:\/\/qingdaohf.com\/bg\/#\/schema\/logo\/image\/"},"sameAs":["https:\/\/www.facebook.com\/qingdaohf"]}]}},"_links":{"self":[{"href":"https:\/\/qingdaohf.com\/tr\/wp-json\/wp\/v2\/product\/8136","targetHints":{"allow":["GET"]}}],"collection":[{"href":"https:\/\/qingdaohf.com\/tr\/wp-json\/wp\/v2\/product"}],"about":[{"href":"https:\/\/qingdaohf.com\/tr\/wp-json\/wp\/v2\/types\/product"}],"replies":[{"embeddable":true,"href":"https:\/\/qingdaohf.com\/tr\/wp-json\/wp\/v2\/comments?post=8136"}],"version-history":[{"count":1,"href":"https:\/\/qingdaohf.com\/tr\/wp-json\/wp\/v2\/product\/8136\/revisions"}],"predecessor-version":[{"id":8138,"href":"https:\/\/qingdaohf.com\/tr\/wp-json\/wp\/v2\/product\/8136\/revisions\/8138"}],"wp:featuredmedia":[{"embeddable":true,"href":"https:\/\/qingdaohf.com\/tr\/wp-json\/wp\/v2\/media\/8137"}],"wp:attachment":[{"href":"https:\/\/qingdaohf.com\/tr\/wp-json\/wp\/v2\/media?parent=8136"}],"wp:term":[{"taxonomy":"product_brand","embeddable":true,"href":"https:\/\/qingdaohf.com\/tr\/wp-json\/wp\/v2\/product_brand?post=8136"},{"taxonomy":"product_cat","embeddable":true,"href":"https:\/\/qingdaohf.com\/tr\/wp-json\/wp\/v2\/product_cat?post=8136"},{"taxonomy":"product_tag","embeddable":true,"href":"https:\/\/qingdaohf.com\/tr\/wp-json\/wp\/v2\/product_tag?post=8136"}],"curies":[{"name":"wp","href":"https:\/\/api.w.org\/{rel}","templated":true}]}}