{"id":8178,"date":"2024-10-29T16:45:43","date_gmt":"2024-10-29T08:45:43","guid":{"rendered":"http:\/\/qingdaohf.com\/?post_type=product&#038;p=8178"},"modified":"2025-11-13T09:02:54","modified_gmt":"2025-11-13T01:02:54","slug":"studless-anchor-chain","status":"publish","type":"product","link":"https:\/\/qingdaohf.com\/tr\/urun\/civisiz-capa-zinciri\/","title":{"rendered":"\u00c7ivisiz \u00c7apa Zinciri"},"content":{"rendered":"<h3>Saplamas\u0131z \u00c7apa Zincirlerinin Temel Nitelikleri: G\u00fc\u00e7 ve Dayan\u0131kl\u0131l\u0131k i\u00e7in \u00dcretilmi\u015ftir<\/h3>\n<p><img fetchpriority=\"high\" decoding=\"async\" class=\"alignnone size-full wp-image-8169\" src=\"http:\/\/qingdaohf.com\/wp-content\/uploads\/2024\/10\/studless-anchor-chain_2.webp\" alt=\"\u00e7ivisiz \u00e7apa zinciri\" width=\"831\" height=\"1087\" srcset=\"https:\/\/qingdaohf.com\/wp-content\/uploads\/2024\/10\/studless-anchor-chain_2.webp 831w, https:\/\/qingdaohf.com\/wp-content\/uploads\/2024\/10\/studless-anchor-chain_2-229x300.webp 229w, https:\/\/qingdaohf.com\/wp-content\/uploads\/2024\/10\/studless-anchor-chain_2-783x1024.webp 783w, https:\/\/qingdaohf.com\/wp-content\/uploads\/2024\/10\/studless-anchor-chain_2-768x1005.webp 768w, https:\/\/qingdaohf.com\/wp-content\/uploads\/2024\/10\/studless-anchor-chain_2-9x12.webp 9w\" sizes=\"(max-width: 831px) 100vw, 831px\" \/><\/p>\n<p>Saplamas\u0131z \u00e7apa zincirleri, gemilerin \u00e7e\u015fitli ortamlarda sabitlenmesinde kritik rol oynad\u0131klar\u0131 denizcilik end\u00fcstrisinin ayr\u0131lmaz bir par\u00e7as\u0131d\u0131r. Tasar\u0131mlar\u0131 dayan\u0131kl\u0131l\u0131k ve i\u015flevselli\u011fi \u00f6n planda tutarak y\u00fcksek denizlerde demirlemenin zorlu taleplerine dayanabilmelerini sa\u011flar. \u00c7ivisiz zincirler, \u00e7ivili benzerlerinden farkl\u0131 olarak, i\u00e7 \u00e7ivileri olmayan zincir baklalar\u0131na sahiptir, bu da onlar\u0131 daha hafif ve genellikle daha esnek hale getirir. Bu \u00f6zellik, \u00f6zellikle daha az a\u011f\u0131rl\u0131k ve daha fazla esnekli\u011fin istendi\u011fi uygulamalar i\u00e7in de\u011ferlidir. Daha hafif yap\u0131lar\u0131na ra\u011fmen, bu zincirler hala son derece g\u00fc\u00e7l\u00fcd\u00fcr, her bir bakla deniz demirlemesine \u00f6zg\u00fc b\u00fcy\u00fck y\u00fcklere ve y\u00fcksek gerilim kuvvetlerine dayanacak \u015fekilde \u00fcretilmi\u015ftir.<\/p>\n<p>\u00c7ivisiz zincirlerin \u00e7ok y\u00f6nl\u00fcl\u00fc\u011f\u00fc, onlar\u0131 k\u00fc\u00e7\u00fck tekne demirlemeden a\u011f\u0131r end\u00fcstriyel uygulamalara kadar \u00e7e\u015fitli denizcilik kullan\u0131mlar\u0131 i\u00e7in uygun hale getirir. Bu zincirler uluslararas\u0131 standartlar\u0131 kar\u015f\u0131lamak \u00fczere titizlikle test edilir, \u00e7\u00fcnk\u00fc g\u00fcvenilirlikleri hem gemilerin hem de m\u00fcrettebat\u0131n g\u00fcvenli\u011fini sa\u011flamada \u00e7ok \u00f6nemlidir. Yap\u0131lar\u0131 nedeniyle, tuzlu su ve di\u011fer zorlu ortamlarda gerekli olan korozyon ve a\u015f\u0131nmaya kar\u015f\u0131 etkileyici derecede diren\u00e7 de sunarlar. Tek tip yap\u0131lar\u0131 zay\u0131f noktalar\u0131 en aza indirdi\u011finden, tasar\u0131m zincir tak\u0131lma vakalar\u0131n\u0131 daha da azalt\u0131r. Bu kalite, y\u00fcksek stresli durumlarda dayan\u0131kl\u0131l\u0131k ve g\u00fcvenilirlik arayan gemi m\u00fchendisleri ve gemi operat\u00f6rleri aras\u0131nda \u00e7ivisiz zincirlerin giderek daha fazla tercih edilmesine yol a\u00e7m\u0131\u015ft\u0131r.<\/p>\n<h3>Qingdao H&amp;F'den Saplamas\u0131z \u00c7apa Zincirleri Se\u00e7menin Avantajlar\u0131<\/h3>\n<p>Qingdao H&amp;F olarak, m\u00fc\u015fterilerimize g\u00fcvenlik, g\u00fc\u00e7 ve dayan\u0131kl\u0131l\u0131k a\u00e7\u0131s\u0131ndan kat\u0131 standartlar\u0131 kar\u015f\u0131layan y\u00fcksek kaliteli \u00e7ivisiz ankraj zincirleri sunmay\u0131 taahh\u00fct ediyoruz. Zincirlerimiz, \u00e7e\u015fitli ko\u015fullarda optimum performans g\u00f6stermelerini sa\u011flamak i\u00e7in s\u0131k\u0131 kalite testlerinden ge\u00e7irilir. Bu s\u00fcre\u00e7, her bir zincirin kullan\u0131m s\u0131ras\u0131nda beklenen maksimum gerilimi kald\u0131rabilece\u011fini do\u011frulamak i\u00e7in gerekli olan kan\u0131t y\u00fck\u00fc testini i\u00e7erir. Al\u0131c\u0131lar, \u00f6zellikle zorlu demirleme durumlar\u0131nda zincirin g\u00fcvenilirli\u011fini do\u011frudan etkiledi\u011fi i\u00e7in kan\u0131t y\u00fck\u00fc konusunda giderek daha fazla endi\u015fe duymaktad\u0131r.<\/p>\n<p>Qingdao H&amp;F'yi di\u011ferlerinden ay\u0131ran \u015fey, m\u00fc\u015fteri memnuniyeti ve g\u00fcvenilirli\u011fe olan ba\u011fl\u0131l\u0131\u011f\u0131m\u0131zd\u0131r. B2B ticaret sekt\u00f6r\u00fcnde 20 y\u0131l\u0131 a\u015fk\u0131n uzmanl\u0131\u011fa sahip olan ekibimiz, her m\u00fc\u015fterinin kendine \u00f6zg\u00fc ihtiya\u00e7lar\u0131na g\u00f6re uyarlanm\u0131\u015f bire bir m\u00fc\u015fteri hizmeti sunmaktad\u0131r. Deneyimli profesyonellerimiz, sat\u0131n alma s\u00fcrecinin her ad\u0131m\u0131nda m\u00fc\u015fterilere rehberlik ederek projelerinin gereksinimlerine uygun ideal zincir \u00f6zelliklerini bulmalar\u0131n\u0131 sa\u011flar. Bu sekt\u00f6rde h\u0131zl\u0131 teslimat\u0131n \u00e7ok \u00f6nemli oldu\u011funu biliyoruz, bu nedenle m\u00fc\u015fterilerimizin zamanlama ihtiya\u00e7lar\u0131n\u0131 \u00f6d\u00fcn vermeden kar\u015f\u0131lamak i\u00e7in zaman\u0131nda lojisti\u011fi vurguluyoruz.<\/p>\n<p>G\u00fc\u00e7l\u00fc teslimat kabiliyetlerimize ek olarak, \u00fcr\u00fcnlerimiz kapsaml\u0131 kalite kontrol raporlar\u0131yla desteklenmektedir. Bu raporlar \u015feffafl\u0131k ve g\u00fcvence sa\u011flayarak m\u00fc\u015fterilerin bilin\u00e7li sat\u0131n alma kararlar\u0131 vermesine yard\u0131mc\u0131 olur. Denetim s\u00fcreci malzeme bile\u015fimi, gerilme mukavemeti ve korozyon direnci gibi fakt\u00f6rleri de\u011ferlendirir ve bunlar\u0131n t\u00fcm\u00fc zincirin kullan\u0131m \u00f6mr\u00fcn\u00fc ve performans\u0131n\u0131 etkiler. M\u00fc\u015fterilerimize ayr\u0131nt\u0131l\u0131 denetim raporlar\u0131 sunarak, titiz standartlar\u0131n\u0131 kar\u015f\u0131layan \u00fcr\u00fcnlere g\u00fcvenle yat\u0131r\u0131m yapmalar\u0131n\u0131 sa\u011fl\u0131yoruz.<\/p>\n<h3>Do\u011fru Teknik \u00d6zellikleri Se\u00e7mek: Zincir \u00c7ap\u0131 ve Prova Y\u00fck\u00fc Neden \u00d6nemlidir?<\/h3>\n<p>\u00c7ivisiz ankraj zincirlerinin se\u00e7iminde iki \u00f6zellik \u00f6zellikle \u00f6nemlidir: \u00e7ap ve kan\u0131t y\u00fck\u00fc. Her bir zincir baklas\u0131n\u0131n in\u00e7 cinsinden \u00f6l\u00e7\u00fclen \u00e7ap\u0131 hem zincirin a\u011f\u0131rl\u0131\u011f\u0131n\u0131 hem de y\u00fck ta\u015f\u0131ma kapasitesini etkiler. Do\u011fru \u00e7ap\u0131n se\u00e7ilmesi, zincirin demirleme uygulamalar\u0131ndaki performans\u0131n\u0131 do\u011frudan etkiledi\u011fi i\u00e7in \u00e7ok \u00f6nemlidir. \u00d6rne\u011fin, 1\/2 in\u00e7lik bir \u00e7ap hafif gemiler i\u00e7in uygun olabilirken, a\u011f\u0131r end\u00fcstriyel uygulamalar 3\/4 in\u00e7 veya daha b\u00fcy\u00fck \u00e7apl\u0131 zincirler gerektirebilir.<\/p>\n<p>Prova y\u00fck\u00fc, zincirin kal\u0131c\u0131 deformasyon olmadan dayanabilece\u011fi maksimum y\u00fck\u00fc temsil eden bir di\u011fer kritik fakt\u00f6rd\u00fcr. Bu metrik, zincirin ger\u00e7ek d\u00fcnya ko\u015fullar\u0131nda a\u011f\u0131r y\u00fckleri ta\u015f\u0131ma kapasitesinin net bir \u00f6l\u00e7\u00fcs\u00fcn\u00fc sundu\u011fundan m\u00fc\u015fteriler i\u00e7in \u00e7ok \u00f6nemlidir. Qingdao H&amp;F'de, end\u00fcstri standard\u0131 kan\u0131t y\u00fcklerini a\u015facak \u015fekilde test edilmi\u015f zincirler sunarak m\u00fc\u015fterilerimize performanslar\u0131 konusunda daha fazla g\u00fcven veriyoruz. Prova y\u00fck\u00fc testi ayn\u0131 zamanda bir zincirin g\u00fcvenli\u011finin de de\u011ferli bir \u00f6l\u00e7\u00fct\u00fcd\u00fcr, \u00e7\u00fcnk\u00fc zincirin ani, yo\u011fun zorlanma alt\u0131nda bile b\u00fct\u00fcnl\u00fc\u011f\u00fcn\u00fc korumas\u0131n\u0131 sa\u011flar.<\/p>\n<p>Al\u0131c\u0131lar, uygun \u00e7apa ve kan\u0131t y\u00fck\u00fcne sahip \u00e7ivisiz bir \u00e7apa zinciri se\u00e7erek, \u00f6zel demirleme ihtiya\u00e7lar\u0131 i\u00e7in optimum performans sa\u011flayabilirler. Qingdao H&amp;F'deki ekibimiz, her m\u00fc\u015fterinin operasyonel gereksinimlerine uygun \u00fcr\u00fcnler \u00f6nermek i\u00e7in end\u00fcstri standartlar\u0131 ve malzeme \u00f6zellikleri hakk\u0131ndaki derinlemesine bilgimizden yararlanarak m\u00fc\u015fterilere ideal \u00f6zellikleri se\u00e7me konusunda rehberlik edecek donan\u0131ma sahiptir.<\/p>\n<h3>Kendini Kan\u0131tlam\u0131\u015f Bir Orta\u011fa G\u00fcvenin: Qingdao H&amp;F Neden Tercih Edilen Se\u00e7imdir?<\/h3>\n<p>\u00c7ivisiz \u00e7apa zincirleri arayanlar i\u00e7in g\u00fcvenilirlik ve tedarik\u00e7i deneyimi \u00e7ok \u00f6nemlidir. B2B sekt\u00f6r\u00fcnde yirmi y\u0131ll\u0131k deneyime sahip olan Qingdao H&amp;F, denizcilik ve end\u00fcstriyel m\u00fc\u015fterilerin karma\u015f\u0131k ihtiya\u00e7lar\u0131n\u0131 anl\u0131yor. \u00d6zel bire bir m\u00fc\u015fteri hizmetlerimiz, her m\u00fc\u015fterinin ki\u015fiselle\u015ftirilmi\u015f destek ald\u0131\u011f\u0131 ve demirleme ve ankraj gereksinimleri i\u00e7in en iyi \u00e7\u00f6z\u00fcmleri bulmalar\u0131na yard\u0131mc\u0131 oldu\u011fu anlam\u0131na gelir. Ayr\u0131ca, titiz test protokollerimiz, her \u00fcr\u00fcn\u00fcn kalite ve dayan\u0131kl\u0131l\u0131k a\u00e7\u0131s\u0131ndan end\u00fcstri standartlar\u0131n\u0131 kar\u015f\u0131lamas\u0131n\u0131 veya a\u015fmas\u0131n\u0131 sa\u011flar.<\/p>\n<p>Kaliteye olan ba\u011fl\u0131l\u0131k sat\u0131\u015fla bitmez. Qingdao H&amp;F, sat\u0131\u015f sonras\u0131 destek ve m\u00fc\u015fteri sorular\u0131na h\u0131zl\u0131 yan\u0131tlar sunarak m\u00fc\u015fterilerimizin deneyimini daha da geli\u015ftirmektedir. M\u00fc\u015fterilerimizin g\u00fcvenebilece\u011fi y\u00fcksek kaliteli \u00e7ivisiz ankraj zincirleri i\u00e7in g\u00fcvenilir bir kaynak sa\u011flayarak uzun vadeli ili\u015fkiler kurma becerimizle gurur duyuyoruz. \u015eeffaf kalite denetim s\u00fcrecimiz ve h\u0131zl\u0131 teslimata olan ba\u011fl\u0131l\u0131\u011f\u0131m\u0131z sayesinde sekt\u00f6rde m\u00fckemmellik konusunda bir itibar kazand\u0131k.<\/p>\n<p>M\u00fc\u015fteriler Qingdao H&amp;F'yi se\u00e7erken yaln\u0131zca \u00fcst\u00fcn \u00fcr\u00fcn kalitesinden de\u011fil, ayn\u0131 zamanda kapsaml\u0131 denetim raporlar\u0131m\u0131z ve uzman rehberli\u011fimizle gelen g\u00fcvenceden de yararlan\u0131rlar. Gelece\u011fe bakarken, odak noktam\u0131z hem performans hem de g\u00f6n\u00fcl rahatl\u0131\u011f\u0131 sa\u011flayan y\u00fcksek kaliteli \u00e7ivisiz ankraj zincirleri sa\u011flayarak m\u00fc\u015fterilerin ba\u015far\u0131ya ula\u015fmas\u0131na yard\u0131mc\u0131 olmaya devam ediyor.<\/p>","protected":false},"excerpt":{"rendered":"<p>\u00c7ivisiz \u00e7apa zincirleri, sa\u011flam yap\u0131lar\u0131 ve zorlu deniz ko\u015fullar\u0131nda a\u015f\u0131nmaya kar\u015f\u0131 diren\u00e7leriyle bilinen, a\u011f\u0131r hizmet tipi demirleme ve demirleme i\u00e7in g\u00fcvenilir bir se\u00e7imdir. Al\u0131c\u0131lar genellikle dayan\u0131kl\u0131l\u0131k, kan\u0131t y\u00fck\u00fc ve zincirin zaman i\u00e7inde y\u00fcksek stres ko\u015fullar\u0131na dayanma yetene\u011fi gibi fakt\u00f6rlere odaklan\u0131r. Qingdao H&amp;F, 20 y\u0131ll\u0131k uzmanl\u0131\u011fa sahip bir B2B ticaret \u015firketi olarak rekabet\u00e7i fiyatlar, h\u0131zl\u0131 teslimat d\u00f6ng\u00fcs\u00fc ve kapsaml\u0131 kalite kontrol raporlar\u0131 sunmaktan gurur duymaktad\u0131r. Bire bir m\u00fc\u015fteri hizmetlerimiz, \u00f6zel bir sat\u0131n alma deneyimi sa\u011flar ve bizi titiz end\u00fcstri standartlar\u0131n\u0131 kar\u015f\u0131layan y\u00fcksek kaliteli \u00e7ivisiz ankraj zincirleri tedarikinde g\u00fcvenilir bir ortak haline getirir.<\/p>","protected":false},"featured_media":8171,"comment_status":"open","ping_status":"closed","template":"","meta":{"site-sidebar-layout":"default","site-content-layout":"","ast-site-content-layout":"default","site-content-style":"default","site-sidebar-style":"default","ast-global-header-display":"","ast-banner-title-visibility":"","ast-main-header-display":"","ast-hfb-above-header-display":"","ast-hfb-below-header-display":"","ast-hfb-mobile-header-display":"","site-post-title":"","ast-breadcrumbs-content":"","ast-featured-img":"","footer-sml-layout":"","theme-transparent-header-meta":"default","adv-header-id-meta":"","stick-header-meta":"default","header-above-stick-meta":"","header-main-stick-meta":"","header-below-stick-meta":"","astra-migrate-meta-layouts":"set","ast-page-background-enabled":"default","ast-page-background-meta":{"desktop":{"background-color":"","background-image":"","background-repeat":"repeat","background-position":"center center","background-size":"auto","background-attachment":"scroll","background-type":"","background-media":"","overlay-type":"","overlay-color":"","overlay-opacity":"","overlay-gradient":""},"tablet":{"background-color":"","background-image":"","background-repeat":"repeat","background-position":"center center","background-size":"auto","background-attachment":"scroll","background-type":"","background-media":"","overlay-type":"","overlay-color":"","overlay-opacity":"","overlay-gradient":""},"mobile":{"background-color":"","background-image":"","background-repeat":"repeat","background-position":"center center","background-size":"auto","background-attachment":"scroll","background-type":"","background-media":"","overlay-type":"","overlay-color":"","overlay-opacity":"","overlay-gradient":""}},"ast-content-background-meta":{"desktop":{"background-color":"var(--ast-global-color-5)","background-image":"","background-repeat":"repeat","background-position":"center center","background-size":"auto","background-attachment":"scroll","background-type":"","background-media":"","overlay-type":"","overlay-color":"","overlay-opacity":"","overlay-gradient":""},"tablet":{"background-color":"var(--ast-global-color-5)","background-image":"","background-repeat":"repeat","background-position":"center center","background-size":"auto","background-attachment":"scroll","background-type":"","background-media":"","overlay-type":"","overlay-color":"","overlay-opacity":"","overlay-gradient":""},"mobile":{"background-color":"var(--ast-global-color-5)","background-image":"","background-repeat":"repeat","background-position":"center center","background-size":"auto","background-attachment":"scroll","background-type":"","background-media":"","overlay-type":"","overlay-color":"","overlay-opacity":"","overlay-gradient":""}}},"product_brand":[],"product_cat":[38],"product_tag":[],"class_list":{"0":"post-8178","1":"product","2":"type-product","3":"status-publish","4":"has-post-thumbnail","6":"product_cat-chain","7":"desktop-align-left","8":"tablet-align-left","9":"mobile-align-left","10":"ast-product-gallery-layout-horizontal-slider","11":"ast-product-tabs-layout-horizontal","13":"first","14":"instock","15":"shipping-taxable","16":"purchasable","17":"product-type-simple"},"yoast_head":"<!-- This site is optimized with the Yoast SEO plugin v25.2 - https:\/\/yoast.com\/wordpress\/plugins\/seo\/ -->\n<title>Studless Anchor Chain<\/title>\n<meta name=\"description\" content=\"Studless anchor chains are a dependable choice for heavy-duty mooring and anchoring, known for their robust structure and resistance to wear in demanding marine conditions.\" \/>\n<meta name=\"robots\" content=\"index, follow, max-snippet:-1, max-image-preview:large, max-video-preview:-1\" \/>\n<link rel=\"canonical\" href=\"https:\/\/qingdaohf.com\/tr\/urun\/civisiz-capa-zinciri\/\" \/>\n<meta property=\"og:locale\" content=\"tr_TR\" \/>\n<meta property=\"og:type\" content=\"article\" \/>\n<meta property=\"og:title\" content=\"Studless Anchor Chain\" \/>\n<meta property=\"og:description\" content=\"Studless anchor chains are a dependable choice for heavy-duty mooring and anchoring, known for their robust structure and resistance to wear in demanding marine conditions.\" \/>\n<meta property=\"og:url\" content=\"https:\/\/qingdaohf.com\/tr\/urun\/civisiz-capa-zinciri\/\" \/>\n<meta property=\"og:site_name\" content=\"Concrete Form &amp; Rigging Hardware Supplier\" \/>\n<meta property=\"article:publisher\" content=\"https:\/\/www.facebook.com\/qingdaohf\" \/>\n<meta property=\"article:modified_time\" content=\"2025-11-13T01:02:54+00:00\" \/>\n<meta property=\"og:image\" content=\"https:\/\/qingdaohf.com\/wp-content\/uploads\/2024\/10\/marine-studless-chain_\u526f\u672c.jpg\" \/>\n\t<meta property=\"og:image:width\" content=\"1000\" \/>\n\t<meta property=\"og:image:height\" content=\"1000\" \/>\n\t<meta property=\"og:image:type\" content=\"image\/jpeg\" \/>\n<meta name=\"twitter:card\" content=\"summary_large_image\" \/>\n<meta name=\"twitter:label1\" content=\"Tahmini okuma s\u00fcresi\" \/>\n\t<meta name=\"twitter:data1\" content=\"5 dakika\" \/>\n<script type=\"application\/ld+json\" class=\"yoast-schema-graph\">{\"@context\":\"https:\/\/schema.org\",\"@graph\":[{\"@type\":\"WebPage\",\"@id\":\"https:\/\/qingdaohf.com\/product\/studless-anchor-chain\/\",\"url\":\"https:\/\/qingdaohf.com\/product\/studless-anchor-chain\/\",\"name\":\"Studless Anchor Chain\",\"isPartOf\":{\"@id\":\"https:\/\/qingdaohf.com\/bg\/#website\"},\"primaryImageOfPage\":{\"@id\":\"https:\/\/qingdaohf.com\/product\/studless-anchor-chain\/#primaryimage\"},\"image\":{\"@id\":\"https:\/\/qingdaohf.com\/product\/studless-anchor-chain\/#primaryimage\"},\"thumbnailUrl\":\"https:\/\/qingdaohf.com\/wp-content\/uploads\/2024\/10\/marine-studless-chain_\u526f\u672c.jpg\",\"datePublished\":\"2024-10-29T08:45:43+00:00\",\"dateModified\":\"2025-11-13T01:02:54+00:00\",\"description\":\"Studless anchor chains are a dependable choice for heavy-duty mooring and anchoring, known for their robust structure and resistance to wear in demanding marine conditions.\",\"breadcrumb\":{\"@id\":\"https:\/\/qingdaohf.com\/product\/studless-anchor-chain\/#breadcrumb\"},\"inLanguage\":\"tr\",\"potentialAction\":[{\"@type\":\"ReadAction\",\"target\":[\"https:\/\/qingdaohf.com\/product\/studless-anchor-chain\/\"]}]},{\"@type\":\"ImageObject\",\"inLanguage\":\"tr\",\"@id\":\"https:\/\/qingdaohf.com\/product\/studless-anchor-chain\/#primaryimage\",\"url\":\"https:\/\/qingdaohf.com\/wp-content\/uploads\/2024\/10\/marine-studless-chain_\u526f\u672c.jpg\",\"contentUrl\":\"https:\/\/qingdaohf.com\/wp-content\/uploads\/2024\/10\/marine-studless-chain_\u526f\u672c.jpg\",\"width\":1000,\"height\":1000,\"caption\":\"studless chain\"},{\"@type\":\"BreadcrumbList\",\"@id\":\"https:\/\/qingdaohf.com\/product\/studless-anchor-chain\/#breadcrumb\",\"itemListElement\":[{\"@type\":\"ListItem\",\"position\":1,\"name\":\"Home\",\"item\":\"https:\/\/qingdaohf.com\/\"},{\"@type\":\"ListItem\",\"position\":2,\"name\":\"Concrete Forming Accessories and Rigging Hardware\",\"item\":\"https:\/\/qingdaohf.com\/bg\/?page_id=944\"},{\"@type\":\"ListItem\",\"position\":3,\"name\":\"Studless Anchor Chain\"}]},{\"@type\":\"WebSite\",\"@id\":\"https:\/\/qingdaohf.com\/bg\/#website\",\"url\":\"https:\/\/qingdaohf.com\/bg\/\",\"name\":\"Concrete Form & Rigging Hardware Supplier\",\"description\":\"\",\"publisher\":{\"@id\":\"https:\/\/qingdaohf.com\/bg\/#organization\"},\"potentialAction\":[{\"@type\":\"SearchAction\",\"target\":{\"@type\":\"EntryPoint\",\"urlTemplate\":\"https:\/\/qingdaohf.com\/bg\/?s={search_term_string}\"},\"query-input\":{\"@type\":\"PropertyValueSpecification\",\"valueRequired\":true,\"valueName\":\"search_term_string\"}}],\"inLanguage\":\"tr\"},{\"@type\":\"Organization\",\"@id\":\"https:\/\/qingdaohf.com\/bg\/#organization\",\"name\":\"Qingdao H&F\",\"url\":\"https:\/\/qingdaohf.com\/bg\/\",\"logo\":{\"@type\":\"ImageObject\",\"inLanguage\":\"tr\",\"@id\":\"https:\/\/qingdaohf.com\/bg\/#\/schema\/logo\/image\/\",\"url\":\"https:\/\/qingdaohf.com\/wp-content\/uploads\/2022\/12\/cropped-HF-LOGO.png\",\"contentUrl\":\"https:\/\/qingdaohf.com\/wp-content\/uploads\/2022\/12\/cropped-HF-LOGO.png\",\"width\":391,\"height\":249,\"caption\":\"Qingdao H&F\"},\"image\":{\"@id\":\"https:\/\/qingdaohf.com\/bg\/#\/schema\/logo\/image\/\"},\"sameAs\":[\"https:\/\/www.facebook.com\/qingdaohf\"]}]}<\/script>\n<!-- \/ Yoast SEO plugin. -->","yoast_head_json":{"title":"Studless Anchor Chain","description":"Studless anchor chains are a dependable choice for heavy-duty mooring and anchoring, known for their robust structure and resistance to wear in demanding marine conditions.","robots":{"index":"index","follow":"follow","max-snippet":"max-snippet:-1","max-image-preview":"max-image-preview:large","max-video-preview":"max-video-preview:-1"},"canonical":"https:\/\/qingdaohf.com\/tr\/urun\/civisiz-capa-zinciri\/","og_locale":"tr_TR","og_type":"article","og_title":"Studless Anchor Chain","og_description":"Studless anchor chains are a dependable choice for heavy-duty mooring and anchoring, known for their robust structure and resistance to wear in demanding marine conditions.","og_url":"https:\/\/qingdaohf.com\/tr\/urun\/civisiz-capa-zinciri\/","og_site_name":"Concrete Form &amp; Rigging Hardware Supplier","article_publisher":"https:\/\/www.facebook.com\/qingdaohf","article_modified_time":"2025-11-13T01:02:54+00:00","og_image":[{"width":1000,"height":1000,"url":"https:\/\/qingdaohf.com\/wp-content\/uploads\/2024\/10\/marine-studless-chain_\u526f\u672c.jpg","type":"image\/jpeg"}],"twitter_card":"summary_large_image","twitter_misc":{"Tahmini okuma s\u00fcresi":"5 dakika"},"schema":{"@context":"https:\/\/schema.org","@graph":[{"@type":"WebPage","@id":"https:\/\/qingdaohf.com\/product\/studless-anchor-chain\/","url":"https:\/\/qingdaohf.com\/product\/studless-anchor-chain\/","name":"Studless Anchor Chain","isPartOf":{"@id":"https:\/\/qingdaohf.com\/bg\/#website"},"primaryImageOfPage":{"@id":"https:\/\/qingdaohf.com\/product\/studless-anchor-chain\/#primaryimage"},"image":{"@id":"https:\/\/qingdaohf.com\/product\/studless-anchor-chain\/#primaryimage"},"thumbnailUrl":"https:\/\/qingdaohf.com\/wp-content\/uploads\/2024\/10\/marine-studless-chain_\u526f\u672c.jpg","datePublished":"2024-10-29T08:45:43+00:00","dateModified":"2025-11-13T01:02:54+00:00","description":"Studless anchor chains are a dependable choice for heavy-duty mooring and anchoring, known for their robust structure and resistance to wear in demanding marine conditions.","breadcrumb":{"@id":"https:\/\/qingdaohf.com\/product\/studless-anchor-chain\/#breadcrumb"},"inLanguage":"tr","potentialAction":[{"@type":"ReadAction","target":["https:\/\/qingdaohf.com\/product\/studless-anchor-chain\/"]}]},{"@type":"ImageObject","inLanguage":"tr","@id":"https:\/\/qingdaohf.com\/product\/studless-anchor-chain\/#primaryimage","url":"https:\/\/qingdaohf.com\/wp-content\/uploads\/2024\/10\/marine-studless-chain_\u526f\u672c.jpg","contentUrl":"https:\/\/qingdaohf.com\/wp-content\/uploads\/2024\/10\/marine-studless-chain_\u526f\u672c.jpg","width":1000,"height":1000,"caption":"studless chain"},{"@type":"BreadcrumbList","@id":"https:\/\/qingdaohf.com\/product\/studless-anchor-chain\/#breadcrumb","itemListElement":[{"@type":"ListItem","position":1,"name":"Home","item":"https:\/\/qingdaohf.com\/"},{"@type":"ListItem","position":2,"name":"Concrete Forming Accessories and Rigging Hardware","item":"https:\/\/qingdaohf.com\/bg\/?page_id=944"},{"@type":"ListItem","position":3,"name":"Studless Anchor Chain"}]},{"@type":"WebSite","@id":"https:\/\/qingdaohf.com\/bg\/#website","url":"https:\/\/qingdaohf.com\/bg\/","name":"Concrete Form & Rigging Hardware Supplier","description":"","publisher":{"@id":"https:\/\/qingdaohf.com\/bg\/#organization"},"potentialAction":[{"@type":"SearchAction","target":{"@type":"EntryPoint","urlTemplate":"https:\/\/qingdaohf.com\/bg\/?s={search_term_string}"},"query-input":{"@type":"PropertyValueSpecification","valueRequired":true,"valueName":"search_term_string"}}],"inLanguage":"tr"},{"@type":"Organization","@id":"https:\/\/qingdaohf.com\/bg\/#organization","name":"Qingdao H&F","url":"https:\/\/qingdaohf.com\/bg\/","logo":{"@type":"ImageObject","inLanguage":"tr","@id":"https:\/\/qingdaohf.com\/bg\/#\/schema\/logo\/image\/","url":"https:\/\/qingdaohf.com\/wp-content\/uploads\/2022\/12\/cropped-HF-LOGO.png","contentUrl":"https:\/\/qingdaohf.com\/wp-content\/uploads\/2022\/12\/cropped-HF-LOGO.png","width":391,"height":249,"caption":"Qingdao H&F"},"image":{"@id":"https:\/\/qingdaohf.com\/bg\/#\/schema\/logo\/image\/"},"sameAs":["https:\/\/www.facebook.com\/qingdaohf"]}]}},"_links":{"self":[{"href":"https:\/\/qingdaohf.com\/tr\/wp-json\/wp\/v2\/product\/8178","targetHints":{"allow":["GET"]}}],"collection":[{"href":"https:\/\/qingdaohf.com\/tr\/wp-json\/wp\/v2\/product"}],"about":[{"href":"https:\/\/qingdaohf.com\/tr\/wp-json\/wp\/v2\/types\/product"}],"replies":[{"embeddable":true,"href":"https:\/\/qingdaohf.com\/tr\/wp-json\/wp\/v2\/comments?post=8178"}],"version-history":[{"count":1,"href":"https:\/\/qingdaohf.com\/tr\/wp-json\/wp\/v2\/product\/8178\/revisions"}],"predecessor-version":[{"id":8180,"href":"https:\/\/qingdaohf.com\/tr\/wp-json\/wp\/v2\/product\/8178\/revisions\/8180"}],"wp:featuredmedia":[{"embeddable":true,"href":"https:\/\/qingdaohf.com\/tr\/wp-json\/wp\/v2\/media\/8171"}],"wp:attachment":[{"href":"https:\/\/qingdaohf.com\/tr\/wp-json\/wp\/v2\/media?parent=8178"}],"wp:term":[{"taxonomy":"product_brand","embeddable":true,"href":"https:\/\/qingdaohf.com\/tr\/wp-json\/wp\/v2\/product_brand?post=8178"},{"taxonomy":"product_cat","embeddable":true,"href":"https:\/\/qingdaohf.com\/tr\/wp-json\/wp\/v2\/product_cat?post=8178"},{"taxonomy":"product_tag","embeddable":true,"href":"https:\/\/qingdaohf.com\/tr\/wp-json\/wp\/v2\/product_tag?post=8178"}],"curies":[{"name":"wp","href":"https:\/\/api.w.org\/{rel}","templated":true}]}}