{"id":8181,"date":"2024-10-29T16:52:37","date_gmt":"2024-10-29T08:52:37","guid":{"rendered":"http:\/\/qingdaohf.com\/?post_type=product&#038;p=8181"},"modified":"2025-11-13T09:02:54","modified_gmt":"2025-11-13T01:02:54","slug":"stud-link-chain","status":"publish","type":"product","link":"https:\/\/qingdaohf.com\/tr\/urun\/saplama-baklali-zincir\/","title":{"rendered":"Saplama Ba\u011flant\u0131l\u0131 Ankraj Zinciri"},"content":{"rendered":"<p><img fetchpriority=\"high\" decoding=\"async\" class=\"alignnone size-full wp-image-8170\" src=\"http:\/\/qingdaohf.com\/wp-content\/uploads\/2024\/10\/stud-link-anchor-chain_2.webp\" alt=\"saplama baklal\u0131 \u00e7apa zinciri\" width=\"842\" height=\"1091\" srcset=\"https:\/\/qingdaohf.com\/wp-content\/uploads\/2024\/10\/stud-link-anchor-chain_2.webp 842w, https:\/\/qingdaohf.com\/wp-content\/uploads\/2024\/10\/stud-link-anchor-chain_2-232x300.webp 232w, https:\/\/qingdaohf.com\/wp-content\/uploads\/2024\/10\/stud-link-anchor-chain_2-790x1024.webp 790w, https:\/\/qingdaohf.com\/wp-content\/uploads\/2024\/10\/stud-link-anchor-chain_2-768x995.webp 768w, https:\/\/qingdaohf.com\/wp-content\/uploads\/2024\/10\/stud-link-anchor-chain_2-9x12.webp 9w\" sizes=\"(max-width: 842px) 100vw, 842px\" \/><\/p>\n<p>End\u00fcstriyel, denizcilik ve a\u00e7\u0131k deniz ortamlar\u0131nda, Saplama Ba\u011flant\u0131 Zincirleri dayan\u0131kl\u0131l\u0131klar\u0131 ve y\u00fck ta\u015f\u0131ma kabiliyetleri nedeniyle g\u00fcvenilirdir; bu da onlar\u0131 demirleme, ba\u011flama ve \u00e7e\u015fitli a\u011f\u0131r kald\u0131rma uygulamalar\u0131 i\u00e7in ideal hale getirir. Bu zincirler, her bir baklan\u0131n i\u00e7 k\u0131sm\u0131na yerle\u015ftirilmi\u015f saplamalarla birbirine ba\u011fl\u0131 baklalardan olu\u015fur ve \u00f6nemli gerilme alt\u0131nda deformasyonu \u00f6nlemeye yard\u0131mc\u0131 olan yap\u0131sal stabilite ekler. Zincir se\u00e7erken al\u0131c\u0131lar\u0131n \u00e7ap, dayanma y\u00fck\u00fc ve genel malzeme kalitesi gibi \u00f6zelliklere odaklanmas\u0131 gerekir \u00e7\u00fcnk\u00fc bu fakt\u00f6rler g\u00fcvenlik ve performans\u0131 do\u011frudan etkiler.<\/p>\n<p>Do\u011fru Saplama Baklal\u0131 Zinciri se\u00e7menin \u00f6nemi genel uygulaman\u0131n \u00f6tesine ge\u00e7er; her zincirin teknik \u00f6zellikleri end\u00fcstri gereksinimleri ve beklenen y\u00fck ko\u015fullar\u0131yla uyumlu olmal\u0131d\u0131r. \u00d6rne\u011fin, genellikle in\u00e7 boyutlar\u0131nda bulunan zincir baklalar\u0131n\u0131n \u00e7ap\u0131, zincirin g\u00fcc\u00fcn\u00fc ve farkl\u0131 kullan\u0131mlar i\u00e7in uygunlu\u011funu belirlemede \u00e7ok \u00f6nemli bir rol oynar. ISO 1704 ve IACS d\u00fczenlemeleri gibi uluslararas\u0131 standartlar\u0131 kar\u015f\u0131layan zincirler, al\u0131c\u0131lara bu \u00fcr\u00fcnlerin kalite ve dayan\u0131kl\u0131l\u0131k a\u00e7\u0131s\u0131ndan titizlikle test edildi\u011fine dair g\u00fcvence sunar. Qingdao H&amp;F'de, hem y\u00fcksek performansl\u0131 \u00fcr\u00fcnlere hem de g\u00fcvenilir hizmete duyulan ihtiyac\u0131n fark\u0131nday\u0131z, bu nedenle her zincire kan\u0131t y\u00fck\u00fc, kopma y\u00fck\u00fc ve malzeme bile\u015fimi dahil olmak \u00fczere ayr\u0131nt\u0131l\u0131 kalite kontrol raporlar\u0131yla e\u015flik ediyoruz. G\u00fcvenlik ve verimlili\u011fe odaklanan Saplama Baklal\u0131 Zincirlerimiz, zorlu ortamlarda operasyonel g\u00fcvenlik i\u00e7in gereken g\u00fcveni sa\u011flar.<\/p>\n<h3><strong>Saplama Baklal\u0131 Zincirlerin Mukavemeti ve Dayan\u0131kl\u0131l\u0131\u011f\u0131<\/strong><\/h3>\n<p>Saplama Baklal\u0131 Zincirler y\u00fcksek kaliteli \u00e7elikten \u00fcretilmi\u015ftir, bu da onlara ola\u011fan\u00fcst\u00fc gerilme mukavemeti ve korozyon direnci sa\u011flar - denizcilik ve a\u011f\u0131r sanayi uygulamalar\u0131nda iki kritik \u00f6zellik. Her bir baklada bulunan saplama, a\u011f\u0131r y\u00fcklerin a\u011f\u0131rl\u0131\u011f\u0131 alt\u0131nda bile zincirin genel \u015feklini koruyarak zincir deformasyonunu \u00f6nler. Bu tasar\u0131m \u00f6zelli\u011fi ayn\u0131 zamanda y\u00fcksek gerilimli uygulamalarda yayg\u0131n bir sorun olan b\u00fck\u00fclme gerilimini azaltmaya yard\u0131mc\u0131 olarak zincirin \u00f6mr\u00fcn\u00fc uzat\u0131r.<\/p>\n<p>Her bir bakla, deformasyona veya yorulmaya boyun e\u011fmeden y\u00fckleri ta\u015f\u0131yacak \u015fekilde dikkatlice in\u015fa edilmi\u015ftir, bu da Saplama Baklal\u0131 Zincirleri \u00f6zellikle stabilite ve mukavemetin \u00e7ok \u00f6nemli oldu\u011fu a\u00e7\u0131k deniz uygulamalar\u0131nda de\u011ferli k\u0131lar. Daha b\u00fcy\u00fck \u00e7aplara sahip zincirler daha fazla dayan\u0131kl\u0131l\u0131k y\u00fck\u00fc sunar, bu da akma olmadan \u00f6nemli a\u011f\u0131rl\u0131\u011fa dayanabilecekleri anlam\u0131na gelir, bu da onlar\u0131 demirleme sistemleri ve \u00e7apa zincirleri i\u00e7in ideal hale getirir.<\/p>\n<p>Qingdao H&amp;F'de kaliteye olan ba\u011fl\u0131l\u0131\u011f\u0131m\u0131z, zincirlerin sevk edilmeden \u00f6nce kan\u0131t y\u00fck\u00fc ve gerilme mukavemeti de\u011ferlendirmelerine tabi tutuldu\u011fu titiz bir test s\u00fcrecini i\u00e7erir. Bu uygulama, her \u00fcr\u00fcn\u00fcn gereksinimleri kar\u015f\u0131lamas\u0131n\u0131 ve end\u00fcstriyel kullan\u0131m\u0131n zorlu ko\u015fullar\u0131na dayanmas\u0131n\u0131 sa\u011flar. Bire bir m\u00fc\u015fteri hizmetleri yakla\u015f\u0131m\u0131m\u0131z, al\u0131c\u0131lar\u0131n \u00f6zel ihtiya\u00e7lara g\u00f6re uygun zincir boyutunu ve \u00f6zelliklerini se\u00e7me konusunda uzman rehberli\u011fi almalar\u0131 anlam\u0131na gelir ve her sat\u0131n alma i\u015fleminin bilin\u00e7li bir \u015fekilde yap\u0131lmas\u0131n\u0131 sa\u011flar.<\/p>\n<h3><strong>Saplama Baklal\u0131 Zincirler i\u00e7in Uygulamalar ve Al\u0131c\u0131 De\u011ferlendirmeleri<\/strong><\/h3>\n<p>Saplama Ba\u011flant\u0131 Zincirleri, deniz suyuna uzun s\u00fcre maruz kalmaya ve sert kullan\u0131ma dayanma kabiliyetleri nedeniyle en yayg\u0131n olarak denizcilik uygulamalar\u0131nda, \u00f6zellikle \u00e7apa ve demirleme zincirleri olarak kullan\u0131l\u0131r. Denizcilik kullan\u0131mlar\u0131n\u0131n yan\u0131 s\u0131ra bu zincirler, a\u011f\u0131r y\u00fcklerin en \u00fcst d\u00fczeyde g\u00fcvenilirlikle emniyete al\u0131nmas\u0131 ve y\u00f6netilmesi gereken in\u015faat, madencilik ve end\u00fcstriyel makinelerde de uygulama alan\u0131 bulur. Bununla birlikte, zincir \u00e7ap\u0131, saplama tasar\u0131m\u0131 ve malzeme se\u00e7imi, her sekt\u00f6r\u00fcn kendine \u00f6zg\u00fc taleplerini kar\u015f\u0131lamada \u00e7ok \u00f6nemli hale gelir.<\/p>\n<p>Al\u0131c\u0131lar Saplama Ba\u011flant\u0131l\u0131 Zincirleri se\u00e7erken performansla ilgili birka\u00e7 \u00f6zelli\u011fe \u00f6ncelik verirler. Birincisi malzeme mukavemetidir: Y\u00fcksek gerilimli \u00e7elik, denizcilik uygulamalar\u0131 i\u00e7in gerekli dayan\u0131kl\u0131l\u0131\u011f\u0131 sa\u011flarken, ala\u015f\u0131ml\u0131 \u00e7elik, yap\u0131daki geli\u015fmi\u015f mukavemet-a\u011f\u0131rl\u0131k oran\u0131 nedeniyle tercih edilebilir. \u0130kinci olarak, malzeme kalitesinden \u00f6d\u00fcn verilmesi zincirin erken bozulmas\u0131na ve g\u00fcvenlik risklerine yol a\u00e7abilece\u011finden, tuzlu su ortamlar\u0131nda korozyon direnci kritik hale gelir. Al\u0131c\u0131lar, operasyonlar\u0131nda beklenen belirli a\u011f\u0131rl\u0131k y\u00fcklerini kald\u0131rabilece\u011finden emin olmak i\u00e7in zincirin kan\u0131t y\u00fck\u00fc derecesini de dikkate almal\u0131d\u0131r.<\/p>\n<p>Qingdao H&amp;F'de h\u0131zl\u0131 teslimat d\u00f6ng\u00fclerimiz, i\u015fletmelerin a\u015f\u0131r\u0131 kesinti s\u00fcreleri olmadan kesintisiz operasyonlar\u0131n\u0131 s\u00fcrd\u00fcrmelerine olanak tan\u0131r. Ayr\u0131ca, m\u00fc\u015fterilerimize sevkiyattan \u00f6nce her bir zincirin kalite parametrelerini net bir \u015fekilde g\u00f6rmelerini sa\u011flayan ayr\u0131nt\u0131l\u0131 denetim raporlar\u0131 sunuyoruz. Bu \u015feffafl\u0131k d\u00fczeyi sayesinde al\u0131c\u0131lar, zincirlerimizin yaln\u0131zca end\u00fcstri standartlar\u0131n\u0131 de\u011fil, ayn\u0131 zamanda a\u00e7\u0131k deniz kuleleri, end\u00fcstriyel kald\u0131rma veya liman ve liman operasyonlar\u0131 gibi her uygulaman\u0131n kendine \u00f6zg\u00fc gereksinimlerini de kar\u015f\u0131lad\u0131\u011f\u0131na g\u00fcvenebilirler.<\/p>\n<h3><strong>Sonu\u00e7: Neden Qingdao H&amp;F'nin Saplama Ba\u011flant\u0131 Zincirlerini Se\u00e7melisiniz?<\/strong><\/h3>\n<p>Bir Saplama Ba\u011flant\u0131 Zinciri se\u00e7mek, g\u00fcvenlik ve i\u015flevsellik temelli bir karard\u0131r, \u00e7\u00fcnk\u00fc bu zincirlerin a\u015f\u0131r\u0131 y\u00fcklere ve zorlu ortamlara dayanmas\u0131 gerekir. Qingdao H&amp;F'de, uzman tavsiyesi, h\u0131zl\u0131 teslimat ve denetim raporlar\u0131 arac\u0131l\u0131\u011f\u0131yla \u00fcr\u00fcn \u015feffafl\u0131\u011f\u0131n\u0131 i\u00e7eren kapsaml\u0131 bir hizmet deneyimi sunarak sadece y\u00fcksek kaliteli zincirler tedarik etmenin \u00f6tesine ge\u00e7iyoruz. Zincirlerimizin her biri titiz test standartlar\u0131n\u0131 kar\u015f\u0131layarak al\u0131c\u0131lar\u0131m\u0131za her sat\u0131n al\u0131mda kalite ve dayan\u0131kl\u0131l\u0131k g\u00fcvencesi veriyor.<\/p>\n<p>Bire bir m\u00fc\u015fteri hizmetlerine olan ba\u011fl\u0131l\u0131\u011f\u0131m\u0131z, \u00fcr\u00fcn se\u00e7iminden sat\u0131\u015f sonras\u0131 sorulara kadar her a\u015famada m\u00fc\u015fterileri destekledi\u011fimiz ve m\u00fcmk\u00fcn olan en iyi sat\u0131n alma deneyimini sa\u011flad\u0131\u011f\u0131m\u0131z anlam\u0131na gelir. Qingdao H&amp;F'nin Saplama Ba\u011flant\u0131 Zincirleri, ister denizcilik ortamlar\u0131nda, ister end\u00fcstriyel kald\u0131rmada veya di\u011fer y\u00fcksek y\u00fck ortamlar\u0131nda kullan\u0131ls\u0131n, yaln\u0131zca kaliteyi de\u011fil, ayn\u0131 zamanda her i\u015fletmenin ba\u015far\u0131l\u0131 olmak i\u00e7in ihtiya\u00e7 duydu\u011fu g\u00fcvenilirli\u011fi ve deste\u011fi de sunar.<\/p>","protected":false},"excerpt":{"rendered":"<p>Saplama Ba\u011flant\u0131 Zinciri, dayan\u0131kl\u0131l\u0131k ve g\u00fcvenilirli\u011fin \u00e7ok \u00f6nemli oldu\u011fu a\u011f\u0131r hizmet uygulamalar\u0131 i\u00e7in ideal olan sa\u011flam g\u00fc\u00e7 ve stabilite sunar. Al\u0131c\u0131lar bir Saplama Ba\u011flant\u0131 Zinciri se\u00e7erken genellikle malzeme kalitesi, y\u00fck ta\u015f\u0131ma kapasitesi ve zorlu ortamlara diren\u00e7 gibi fakt\u00f6rlere \u00f6ncelik verirler. Qingdao H&amp;F'de, her zincirin kat\u0131 kalite standartlar\u0131n\u0131 kar\u015f\u0131lamas\u0131n\u0131 sa\u011flayarak ve kan\u0131t y\u00fck\u00fc ve gerilme mukavemeti verileri dahil olmak \u00fczere ayr\u0131nt\u0131l\u0131 inceleme raporlar\u0131 sunarak bu ihtiya\u00e7lara \u00f6ncelik veriyoruz. Bire bir m\u00fc\u015fteri hizmetleri yakla\u015f\u0131m\u0131m\u0131z ve verimli teslimat d\u00f6ng\u00fcm\u00fczle, yaln\u0131zca \u00fcr\u00fcnler de\u011fil, i\u015fletmeniz i\u00e7in daha sorunsuz, daha g\u00fcvenli operasyonlar sa\u011flayan g\u00fcvenilir \u00e7\u00f6z\u00fcmler sunuyoruz.<\/p>","protected":false},"featured_media":4678,"comment_status":"open","ping_status":"closed","template":"","meta":{"site-sidebar-layout":"default","site-content-layout":"","ast-site-content-layout":"default","site-content-style":"default","site-sidebar-style":"default","ast-global-header-display":"","ast-banner-title-visibility":"","ast-main-header-display":"","ast-hfb-above-header-display":"","ast-hfb-below-header-display":"","ast-hfb-mobile-header-display":"","site-post-title":"","ast-breadcrumbs-content":"","ast-featured-img":"","footer-sml-layout":"","theme-transparent-header-meta":"default","adv-header-id-meta":"","stick-header-meta":"default","header-above-stick-meta":"","header-main-stick-meta":"","header-below-stick-meta":"","astra-migrate-meta-layouts":"set","ast-page-background-enabled":"default","ast-page-background-meta":{"desktop":{"background-color":"","background-image":"","background-repeat":"repeat","background-position":"center center","background-size":"auto","background-attachment":"scroll","background-type":"","background-media":"","overlay-type":"","overlay-color":"","overlay-opacity":"","overlay-gradient":""},"tablet":{"background-color":"","background-image":"","background-repeat":"repeat","background-position":"center center","background-size":"auto","background-attachment":"scroll","background-type":"","background-media":"","overlay-type":"","overlay-color":"","overlay-opacity":"","overlay-gradient":""},"mobile":{"background-color":"","background-image":"","background-repeat":"repeat","background-position":"center center","background-size":"auto","background-attachment":"scroll","background-type":"","background-media":"","overlay-type":"","overlay-color":"","overlay-opacity":"","overlay-gradient":""}},"ast-content-background-meta":{"desktop":{"background-color":"var(--ast-global-color-5)","background-image":"","background-repeat":"repeat","background-position":"center center","background-size":"auto","background-attachment":"scroll","background-type":"","background-media":"","overlay-type":"","overlay-color":"","overlay-opacity":"","overlay-gradient":""},"tablet":{"background-color":"var(--ast-global-color-5)","background-image":"","background-repeat":"repeat","background-position":"center center","background-size":"auto","background-attachment":"scroll","background-type":"","background-media":"","overlay-type":"","overlay-color":"","overlay-opacity":"","overlay-gradient":""},"mobile":{"background-color":"var(--ast-global-color-5)","background-image":"","background-repeat":"repeat","background-position":"center center","background-size":"auto","background-attachment":"scroll","background-type":"","background-media":"","overlay-type":"","overlay-color":"","overlay-opacity":"","overlay-gradient":""}}},"product_brand":[],"product_cat":[38],"product_tag":[],"class_list":{"0":"post-8181","1":"product","2":"type-product","3":"status-publish","4":"has-post-thumbnail","6":"product_cat-chain","7":"desktop-align-left","8":"tablet-align-left","9":"mobile-align-left","10":"ast-product-gallery-layout-horizontal-slider","11":"ast-product-tabs-layout-horizontal","13":"first","14":"instock","15":"shipping-taxable","16":"purchasable","17":"product-type-simple"},"yoast_head":"<!-- This site is optimized with the Yoast SEO plugin v25.2 - https:\/\/yoast.com\/wordpress\/plugins\/seo\/ -->\n<title>Stud Link Anchor Chain<\/title>\n<meta name=\"robots\" content=\"index, follow, max-snippet:-1, max-image-preview:large, max-video-preview:-1\" \/>\n<link rel=\"canonical\" href=\"https:\/\/qingdaohf.com\/tr\/urun\/saplama-baklali-zincir\/\" \/>\n<meta property=\"og:locale\" content=\"tr_TR\" \/>\n<meta property=\"og:type\" content=\"article\" \/>\n<meta property=\"og:title\" content=\"Stud Link Anchor Chain\" \/>\n<meta property=\"og:description\" content=\"A Stud Link Chain offers robust strength and stability, ideal for heavy-duty applications where durability and reliability are paramount. Buyers often prioritize factors like material quality, load-bearing capacity, and resistance to harsh environments when selecting a Stud Link Chain. At Qingdao H&amp;F, we prioritize these needs by ensuring every chain meets stringent quality standards and providing detailed inspection reports, including proof load and tensile strength data. With our one-on-one customer service approach and efficient delivery cycle, we deliver not just products but reliable solutions that enable smoother, safer operations for your business.\" \/>\n<meta property=\"og:url\" content=\"https:\/\/qingdaohf.com\/tr\/urun\/saplama-baklali-zincir\/\" \/>\n<meta property=\"og:site_name\" content=\"Concrete Form &amp; Rigging Hardware Supplier\" \/>\n<meta property=\"article:publisher\" content=\"https:\/\/www.facebook.com\/qingdaohf\" \/>\n<meta property=\"article:modified_time\" content=\"2025-11-13T01:02:54+00:00\" \/>\n<meta property=\"og:image\" content=\"https:\/\/qingdaohf.com\/wp-content\/uploads\/2023\/04\/Marine-anchor-chain.jpg\" \/>\n\t<meta property=\"og:image:width\" content=\"1000\" \/>\n\t<meta property=\"og:image:height\" content=\"1000\" \/>\n\t<meta property=\"og:image:type\" content=\"image\/jpeg\" \/>\n<meta name=\"twitter:card\" content=\"summary_large_image\" \/>\n<meta name=\"twitter:label1\" content=\"Tahmini okuma s\u00fcresi\" \/>\n\t<meta name=\"twitter:data1\" content=\"4 dakika\" \/>\n<script type=\"application\/ld+json\" class=\"yoast-schema-graph\">{\"@context\":\"https:\/\/schema.org\",\"@graph\":[{\"@type\":\"WebPage\",\"@id\":\"https:\/\/qingdaohf.com\/product\/stud-link-chain\/\",\"url\":\"https:\/\/qingdaohf.com\/product\/stud-link-chain\/\",\"name\":\"Stud Link Anchor Chain\",\"isPartOf\":{\"@id\":\"https:\/\/qingdaohf.com\/bg\/#website\"},\"primaryImageOfPage\":{\"@id\":\"https:\/\/qingdaohf.com\/product\/stud-link-chain\/#primaryimage\"},\"image\":{\"@id\":\"https:\/\/qingdaohf.com\/product\/stud-link-chain\/#primaryimage\"},\"thumbnailUrl\":\"https:\/\/qingdaohf.com\/wp-content\/uploads\/2023\/04\/Marine-anchor-chain.jpg\",\"datePublished\":\"2024-10-29T08:52:37+00:00\",\"dateModified\":\"2025-11-13T01:02:54+00:00\",\"breadcrumb\":{\"@id\":\"https:\/\/qingdaohf.com\/product\/stud-link-chain\/#breadcrumb\"},\"inLanguage\":\"tr\",\"potentialAction\":[{\"@type\":\"ReadAction\",\"target\":[\"https:\/\/qingdaohf.com\/product\/stud-link-chain\/\"]}]},{\"@type\":\"ImageObject\",\"inLanguage\":\"tr\",\"@id\":\"https:\/\/qingdaohf.com\/product\/stud-link-chain\/#primaryimage\",\"url\":\"https:\/\/qingdaohf.com\/wp-content\/uploads\/2023\/04\/Marine-anchor-chain.jpg\",\"contentUrl\":\"https:\/\/qingdaohf.com\/wp-content\/uploads\/2023\/04\/Marine-anchor-chain.jpg\",\"width\":1000,\"height\":1000,\"caption\":\"Marine anchor chain\"},{\"@type\":\"BreadcrumbList\",\"@id\":\"https:\/\/qingdaohf.com\/product\/stud-link-chain\/#breadcrumb\",\"itemListElement\":[{\"@type\":\"ListItem\",\"position\":1,\"name\":\"Home\",\"item\":\"https:\/\/qingdaohf.com\/\"},{\"@type\":\"ListItem\",\"position\":2,\"name\":\"Concrete Forming Accessories and Rigging Hardware\",\"item\":\"https:\/\/qingdaohf.com\/bg\/?page_id=944\"},{\"@type\":\"ListItem\",\"position\":3,\"name\":\"Stud Link Anchor Chain\"}]},{\"@type\":\"WebSite\",\"@id\":\"https:\/\/qingdaohf.com\/bg\/#website\",\"url\":\"https:\/\/qingdaohf.com\/bg\/\",\"name\":\"Concrete Form & Rigging Hardware Supplier\",\"description\":\"\",\"publisher\":{\"@id\":\"https:\/\/qingdaohf.com\/bg\/#organization\"},\"potentialAction\":[{\"@type\":\"SearchAction\",\"target\":{\"@type\":\"EntryPoint\",\"urlTemplate\":\"https:\/\/qingdaohf.com\/bg\/?s={search_term_string}\"},\"query-input\":{\"@type\":\"PropertyValueSpecification\",\"valueRequired\":true,\"valueName\":\"search_term_string\"}}],\"inLanguage\":\"tr\"},{\"@type\":\"Organization\",\"@id\":\"https:\/\/qingdaohf.com\/bg\/#organization\",\"name\":\"Qingdao H&F\",\"url\":\"https:\/\/qingdaohf.com\/bg\/\",\"logo\":{\"@type\":\"ImageObject\",\"inLanguage\":\"tr\",\"@id\":\"https:\/\/qingdaohf.com\/bg\/#\/schema\/logo\/image\/\",\"url\":\"https:\/\/qingdaohf.com\/wp-content\/uploads\/2022\/12\/cropped-HF-LOGO.png\",\"contentUrl\":\"https:\/\/qingdaohf.com\/wp-content\/uploads\/2022\/12\/cropped-HF-LOGO.png\",\"width\":391,\"height\":249,\"caption\":\"Qingdao H&F\"},\"image\":{\"@id\":\"https:\/\/qingdaohf.com\/bg\/#\/schema\/logo\/image\/\"},\"sameAs\":[\"https:\/\/www.facebook.com\/qingdaohf\"]}]}<\/script>\n<!-- \/ Yoast SEO plugin. -->","yoast_head_json":{"title":"Stud Link Anchor Chain","robots":{"index":"index","follow":"follow","max-snippet":"max-snippet:-1","max-image-preview":"max-image-preview:large","max-video-preview":"max-video-preview:-1"},"canonical":"https:\/\/qingdaohf.com\/tr\/urun\/saplama-baklali-zincir\/","og_locale":"tr_TR","og_type":"article","og_title":"Stud Link Anchor Chain","og_description":"A Stud Link Chain offers robust strength and stability, ideal for heavy-duty applications where durability and reliability are paramount. Buyers often prioritize factors like material quality, load-bearing capacity, and resistance to harsh environments when selecting a Stud Link Chain. At Qingdao H&amp;F, we prioritize these needs by ensuring every chain meets stringent quality standards and providing detailed inspection reports, including proof load and tensile strength data. With our one-on-one customer service approach and efficient delivery cycle, we deliver not just products but reliable solutions that enable smoother, safer operations for your business.","og_url":"https:\/\/qingdaohf.com\/tr\/urun\/saplama-baklali-zincir\/","og_site_name":"Concrete Form &amp; Rigging Hardware Supplier","article_publisher":"https:\/\/www.facebook.com\/qingdaohf","article_modified_time":"2025-11-13T01:02:54+00:00","og_image":[{"width":1000,"height":1000,"url":"https:\/\/qingdaohf.com\/wp-content\/uploads\/2023\/04\/Marine-anchor-chain.jpg","type":"image\/jpeg"}],"twitter_card":"summary_large_image","twitter_misc":{"Tahmini okuma s\u00fcresi":"4 dakika"},"schema":{"@context":"https:\/\/schema.org","@graph":[{"@type":"WebPage","@id":"https:\/\/qingdaohf.com\/product\/stud-link-chain\/","url":"https:\/\/qingdaohf.com\/product\/stud-link-chain\/","name":"Stud Link Anchor Chain","isPartOf":{"@id":"https:\/\/qingdaohf.com\/bg\/#website"},"primaryImageOfPage":{"@id":"https:\/\/qingdaohf.com\/product\/stud-link-chain\/#primaryimage"},"image":{"@id":"https:\/\/qingdaohf.com\/product\/stud-link-chain\/#primaryimage"},"thumbnailUrl":"https:\/\/qingdaohf.com\/wp-content\/uploads\/2023\/04\/Marine-anchor-chain.jpg","datePublished":"2024-10-29T08:52:37+00:00","dateModified":"2025-11-13T01:02:54+00:00","breadcrumb":{"@id":"https:\/\/qingdaohf.com\/product\/stud-link-chain\/#breadcrumb"},"inLanguage":"tr","potentialAction":[{"@type":"ReadAction","target":["https:\/\/qingdaohf.com\/product\/stud-link-chain\/"]}]},{"@type":"ImageObject","inLanguage":"tr","@id":"https:\/\/qingdaohf.com\/product\/stud-link-chain\/#primaryimage","url":"https:\/\/qingdaohf.com\/wp-content\/uploads\/2023\/04\/Marine-anchor-chain.jpg","contentUrl":"https:\/\/qingdaohf.com\/wp-content\/uploads\/2023\/04\/Marine-anchor-chain.jpg","width":1000,"height":1000,"caption":"Marine anchor chain"},{"@type":"BreadcrumbList","@id":"https:\/\/qingdaohf.com\/product\/stud-link-chain\/#breadcrumb","itemListElement":[{"@type":"ListItem","position":1,"name":"Home","item":"https:\/\/qingdaohf.com\/"},{"@type":"ListItem","position":2,"name":"Concrete Forming Accessories and Rigging Hardware","item":"https:\/\/qingdaohf.com\/bg\/?page_id=944"},{"@type":"ListItem","position":3,"name":"Stud Link Anchor Chain"}]},{"@type":"WebSite","@id":"https:\/\/qingdaohf.com\/bg\/#website","url":"https:\/\/qingdaohf.com\/bg\/","name":"Concrete Form & Rigging Hardware Supplier","description":"","publisher":{"@id":"https:\/\/qingdaohf.com\/bg\/#organization"},"potentialAction":[{"@type":"SearchAction","target":{"@type":"EntryPoint","urlTemplate":"https:\/\/qingdaohf.com\/bg\/?s={search_term_string}"},"query-input":{"@type":"PropertyValueSpecification","valueRequired":true,"valueName":"search_term_string"}}],"inLanguage":"tr"},{"@type":"Organization","@id":"https:\/\/qingdaohf.com\/bg\/#organization","name":"Qingdao H&F","url":"https:\/\/qingdaohf.com\/bg\/","logo":{"@type":"ImageObject","inLanguage":"tr","@id":"https:\/\/qingdaohf.com\/bg\/#\/schema\/logo\/image\/","url":"https:\/\/qingdaohf.com\/wp-content\/uploads\/2022\/12\/cropped-HF-LOGO.png","contentUrl":"https:\/\/qingdaohf.com\/wp-content\/uploads\/2022\/12\/cropped-HF-LOGO.png","width":391,"height":249,"caption":"Qingdao H&F"},"image":{"@id":"https:\/\/qingdaohf.com\/bg\/#\/schema\/logo\/image\/"},"sameAs":["https:\/\/www.facebook.com\/qingdaohf"]}]}},"_links":{"self":[{"href":"https:\/\/qingdaohf.com\/tr\/wp-json\/wp\/v2\/product\/8181","targetHints":{"allow":["GET"]}}],"collection":[{"href":"https:\/\/qingdaohf.com\/tr\/wp-json\/wp\/v2\/product"}],"about":[{"href":"https:\/\/qingdaohf.com\/tr\/wp-json\/wp\/v2\/types\/product"}],"replies":[{"embeddable":true,"href":"https:\/\/qingdaohf.com\/tr\/wp-json\/wp\/v2\/comments?post=8181"}],"version-history":[{"count":2,"href":"https:\/\/qingdaohf.com\/tr\/wp-json\/wp\/v2\/product\/8181\/revisions"}],"predecessor-version":[{"id":8341,"href":"https:\/\/qingdaohf.com\/tr\/wp-json\/wp\/v2\/product\/8181\/revisions\/8341"}],"wp:featuredmedia":[{"embeddable":true,"href":"https:\/\/qingdaohf.com\/tr\/wp-json\/wp\/v2\/media\/4678"}],"wp:attachment":[{"href":"https:\/\/qingdaohf.com\/tr\/wp-json\/wp\/v2\/media?parent=8181"}],"wp:term":[{"taxonomy":"product_brand","embeddable":true,"href":"https:\/\/qingdaohf.com\/tr\/wp-json\/wp\/v2\/product_brand?post=8181"},{"taxonomy":"product_cat","embeddable":true,"href":"https:\/\/qingdaohf.com\/tr\/wp-json\/wp\/v2\/product_cat?post=8181"},{"taxonomy":"product_tag","embeddable":true,"href":"https:\/\/qingdaohf.com\/tr\/wp-json\/wp\/v2\/product_tag?post=8181"}],"curies":[{"name":"wp","href":"https:\/\/api.w.org\/{rel}","templated":true}]}}