{"id":8189,"date":"2024-11-05T13:59:31","date_gmt":"2024-11-05T05:59:31","guid":{"rendered":"http:\/\/qingdaohf.com\/?post_type=product&#038;p=8189"},"modified":"2025-11-13T09:02:54","modified_gmt":"2025-11-13T01:02:54","slug":"webbing-sling-1-ton","status":"publish","type":"product","link":"https:\/\/qingdaohf.com\/tr\/urun\/dokuma-sapan-1-ton\/","title":{"rendered":"D\u00fcz Dokuma Sapan 1 Ton Polyester \u00c7ift Dubleks"},"content":{"rendered":"<h3><strong>G\u00fcvenli ve Etkili Kald\u0131rma i\u00e7in G\u00fcvenilir ve \u00c7ok Y\u00f6nl\u00fc 1 Tonluk Dokuma Sapan<\/strong><\/h3>\n<p>Dokuma sapanlar, kald\u0131rma ve malzeme ta\u015f\u0131maya dayanan end\u00fcstrilerde vazge\u00e7ilmezdir. Bunlar aras\u0131nda, 1 tonluk dokuma sapan, orta dereceli y\u00fckleri g\u00fcvenli ve verimli bir \u015fekilde ta\u015f\u0131ma kapasitesi nedeniyle olduk\u00e7a sayg\u0131nd\u0131r. Y\u00fcksek kaliteli sentetik elyaflardan \u00fcretilen bu t\u00fcr sapanlar \u00f6zellikle g\u00fc\u00e7, dayan\u0131kl\u0131l\u0131k ve uyarlanabilirlik kombinasyonu a\u00e7\u0131s\u0131ndan de\u011ferlidir. \u015eantiyelerden depo ortamlar\u0131na kadar, 1 tonluk dokuma sapan \u00e7e\u015fitli kald\u0131rma gereksinimlerini kolayl\u0131kla ve g\u00fcvenilir bir \u015fekilde kar\u015f\u0131lar.<\/p>\n<p>1 tonluk dokuma sapan\u0131n tasar\u0131m\u0131, y\u00fck ta\u015f\u0131ma g\u00fcc\u00fcn\u00fc esneklikle dengelemek i\u00e7in \u00f6zel olarak optimize edilmi\u015ftir. Bu denge, zorlu ko\u015fullar alt\u0131nda bile y\u00fckleri g\u00fcvenli bir \u015fekilde sabitlemesini sa\u011flar. Kopma mukavemeti, y\u00fck alt\u0131nda uzama ve UV direnci gibi temel hususlar, bu sapanlar\u0131n \u00fcretiminin ayr\u0131lmaz bir par\u00e7as\u0131d\u0131r ve al\u0131c\u0131lar\u0131n kald\u0131rma ekipman\u0131nda arad\u0131\u011f\u0131 hem performans hem de uzun \u00f6m\u00fcrl\u00fcl\u00fc\u011f\u00fc ele al\u0131r. Ayr\u0131ca, malzemeler tekrarlanan kullan\u0131m ve g\u00fcvenlik g\u00fcvencesi i\u00e7in gerekli olan a\u015f\u0131nma ve y\u0131pranmaya kar\u015f\u0131 dayan\u0131kl\u0131 olacak \u015fekilde se\u00e7ilmi\u015ftir.<\/p>\n<p>Qingdao H&amp;F, dokuma sapan edinme deneyimini daha da geli\u015ftiren benzersiz avantajlar sunar. Her bir ask\u0131, kapsaml\u0131 denetim raporlar\u0131yla desteklenen ve teslimat s\u0131ras\u0131nda g\u00fcvenilir performans\u0131 garanti eden titiz kalite kontrol\u00fcnden ge\u00e7er. Ayr\u0131ca, bire bir m\u00fc\u015fteri hizmetlerimiz, ister do\u011fru \u00fcr\u00fcn\u00fc se\u00e7mek ister bak\u0131m ipu\u00e7lar\u0131n\u0131 sormak olsun, her m\u00fc\u015fterinin ki\u015fiselle\u015ftirilmi\u015f destek almas\u0131n\u0131 sa\u011flar. H\u0131zl\u0131 bir teslimat d\u00f6ng\u00fcs\u00fc ile Qingdao H&amp;F, bu y\u00fcksek kaliteli dokuma sapanlar\u0131n tam olarak ihtiya\u00e7 duyuldu\u011funda mevcut olmas\u0131n\u0131 sa\u011flayarak sorunsuz proje zaman \u00e7izelgelerine katk\u0131da bulunur.<\/p>\n<h3><strong>Y\u00fcksek Kaliteli Yap\u0131 ve Malzemeler<\/strong><\/h3>\n<p>1 tonluk dokuma sapanlar\u0131m\u0131zda kullan\u0131lan malzemeler, hem g\u00fcvenlik hem de kullan\u0131m kolayl\u0131\u011f\u0131na do\u011frudan katk\u0131da bulunan nitelikler olan dayan\u0131kl\u0131l\u0131k ve esneklikleri i\u00e7in se\u00e7ilmi\u015ftir. Tipik olarak, bu sapanlar polyester veya naylon gibi sentetik elyaflardan yap\u0131l\u0131r ve bunlar \u00e7e\u015fitli avantajlar sa\u011flar. \u00d6rne\u011fin polyester, kimyasallara ve UV \u0131\u015f\u0131nlar\u0131na kar\u015f\u0131 y\u00fcksek diren\u00e7 g\u00f6stererek d\u0131\u015f mekan uygulamalar\u0131 i\u00e7in uygun hale gelir. \u00d6te yandan naylon sapanlar, belirli y\u00fck t\u00fcrlerini ta\u015f\u0131rken \u00f6zellikle avantajl\u0131 olabilecek bir \u00f6zellik olan \u00fcst\u00fcn gerilebilirlik sunar.<\/p>\n<p>\u00dcretim s\u0131ras\u0131nda, tutarl\u0131 y\u00fck ta\u015f\u0131ma performans\u0131 sa\u011flamak i\u00e7in kuma\u015f\u0131n dokumas\u0131na ve yo\u011funlu\u011funa dikkat edilir. Bu sapanlar\u0131n kopma mukavemeti titizlikle test edilir ve her bir \u00fcnitenin 1 tona kadar y\u00fckleri \u00f6d\u00fcn vermeden g\u00fcvenli bir \u015fekilde ta\u015f\u0131yabilmesi sa\u011flan\u0131r. Kaliteye g\u00f6sterilen bu \u00f6zen, y\u00fck dengesini korumak ve operat\u00f6r g\u00fcvenli\u011fini sa\u011flamak i\u00e7in bu sapanlara g\u00fcvenen al\u0131c\u0131lar\u0131n birincil endi\u015feleriyle uyumludur. Qingdao H&amp;F, dayan\u0131kl\u0131 malzemelere ve s\u0131k\u0131 \u00fcretim standartlar\u0131na yat\u0131r\u0131m yaparak, end\u00fcstri beklentilerini a\u015facak ve uzun vadeli, g\u00fcvenilir kullan\u0131m\u0131 destekleyecek \u015fekilde tasarlanm\u0131\u015f dokuma sapanlar sa\u011flar.<\/p>\n<h3><strong>\u00c7e\u015fitli Sekt\u00f6rlerdeki Uygulamalar ve Avantajlar<\/strong><\/h3>\n<p>Bir 1 tonluk dokuma sapan\u0131n uyarlanabilirli\u011fi, onu in\u015faat, nakliye, imalat ve depolama dahil olmak \u00fczere \u00e7ok say\u0131da sekt\u00f6rde tercih edilen bir se\u00e7im haline getirir. Zincirlerin veya tel halatlar\u0131n aksine, dokuma sapanlar daha hafiftir ve manevra yapmas\u0131 daha kolayd\u0131r, bu da i\u015fleyici i\u00e7in daha fazla hassasiyet ve daha az yorgunluk sa\u011flar. \u0130n\u015faatta, bu sapanlar malzemelerin kald\u0131r\u0131lmas\u0131n\u0131 ve konumland\u0131r\u0131lmas\u0131n\u0131 kolayla\u015ft\u0131r\u0131r, bu da onlar\u0131 metal alternatiflerin hacmi olmadan g\u00fcvenilir kald\u0131rma \u00e7\u00f6z\u00fcmleri gerektiren projeler i\u00e7in hayati hale getirir. Dokuma sapanlarda kullan\u0131lan sentetik kuma\u015f, hassas veya boyal\u0131 y\u00fczeylerin \u00e7izilme veya zarar g\u00f6rme riskini de azalt\u0131r; bu da malzemenin korunmas\u0131n\u0131n \u00f6nemli oldu\u011fu end\u00fcstrilerde bir avantajd\u0131r.<\/p>\n<p>Qingdao H&amp;F'nin kalite ve performansa olan ba\u011fl\u0131l\u0131\u011f\u0131, \u00e7e\u015fitli kald\u0131rma ihtiya\u00e7lar\u0131n\u0131 kar\u015f\u0131layan dokuma sapan yelpazemize de yans\u0131maktad\u0131r. 1 tonluk sapan\u0131m\u0131z, renk kodlu kapasite g\u00f6stergeleri ve kilit stres noktalar\u0131nda a\u015f\u0131nmay\u0131 \u00f6nlemek i\u00e7in g\u00fc\u00e7lendirilmi\u015f halkalar gibi operasyonel kolayl\u0131\u011f\u0131 ve g\u00fcvenli\u011fi art\u0131ran \u00f6zelliklerle tasarlanm\u0131\u015ft\u0131r. Ayr\u0131ca, her bir ask\u0131ya, \u00fcr\u00fcn\u00fcn beklenen ko\u015fullar alt\u0131nda g\u00fcvenilir bir \u015fekilde \u00e7al\u0131\u015faca\u011f\u0131na dair g\u00fcven a\u015f\u0131layan bir kalite kontrol raporu e\u015flik eder. M\u00fc\u015fterilerimiz, sat\u0131n ald\u0131klar\u0131 \u00fcr\u00fcnlerin kat\u0131 kalite standartlar\u0131n\u0131 kar\u015f\u0131lad\u0131\u011f\u0131n\u0131 bilerek hem g\u00fcvenlik uyumlulu\u011funu hem de etkili proje y\u00fcr\u00fctmeyi desteklemektedir.<\/p>\n<h3><strong>Qingdao H&amp;F S\u00f6z\u00fc: Hizmet, H\u0131z ve G\u00fcvence<\/strong><\/h3>\n<p>Y\u00fcksek kaliteli bir \u00fcr\u00fcne ek olarak, Qingdao H&amp;F ola\u011fan\u00fcst\u00fc bir sat\u0131n alma deneyimi sa\u011flar. Al\u0131c\u0131lar\u0131n yaln\u0131zca \u00fcr\u00fcn kalitesine de\u011fil, ayn\u0131 zamanda tedarik\u00e7ilerinin genel g\u00fcvenilirli\u011fine de \u00f6ncelik verdi\u011finin fark\u0131nday\u0131z. Bu nedenle yakla\u015f\u0131m\u0131m\u0131z, bireysel m\u00fc\u015fteri ihtiya\u00e7lar\u0131na ve endi\u015felerine hitap eden hizmetlerle \u00fcr\u00fcn\u00fcn \u00f6tesine ge\u00e7meye odaklanmaktad\u0131r. Bire bir m\u00fc\u015fteri hizmetleri sunarak, her soru veya gereksinimin h\u0131zl\u0131 ve etkili bir \u015fekilde ele al\u0131nmas\u0131n\u0131 sa\u011fl\u0131yor, ilk temas noktas\u0131ndan itibaren g\u00fcven ve memnuniyeti te\u015fvik ediyoruz.<\/p>\n<p>H\u0131za olan ba\u011fl\u0131l\u0131\u011f\u0131m\u0131z, h\u0131zl\u0131 teslimat d\u00f6ng\u00fclerimize de yans\u0131maktad\u0131r. Zamanlaman\u0131n \u00e7ok \u00f6nemli oldu\u011funu ve herhangi bir gecikmenin \u00fcretkenli\u011fi ve programlar\u0131 etkileyebilece\u011fini biliyoruz. Bu nedenle, verimli sevkiyat s\u00fcre\u00e7lerini s\u00fcrd\u00fcrmek i\u00e7in lojistik ortaklar\u0131m\u0131zla yak\u0131n bir \u015fekilde \u00e7al\u0131\u015f\u0131yoruz ve m\u00fc\u015fterilerimize dokuma sapanlar\u0131n\u0131n gerekti\u011finde ula\u015faca\u011f\u0131na dair g\u00fcvence veriyoruz. Ek olarak, kapsaml\u0131 kalite kontrol s\u00fcrecimiz, \u00fcr\u00fcn\u00fcn end\u00fcstri standartlar\u0131na uygunlu\u011funu detayland\u0131ran raporlarla desteklenen her sapan\u0131n hemen kullan\u0131ma haz\u0131r olmas\u0131n\u0131 sa\u011flar. Bu kalite ve hizmet taahh\u00fcd\u00fc, Qingdao H&amp;F'yi g\u00fcvenilir kald\u0131rma \u00e7\u00f6z\u00fcmleri arayan i\u015fletmeler i\u00e7in tercih edilen bir ortak olarak ay\u0131r\u0131r.<\/p>\n<p>1 tonluk dokuma sapan\u0131m\u0131z, modern end\u00fcstrinin zorlu taleplerini kar\u015f\u0131lamak i\u00e7in tasarlanm\u0131\u015f performans, g\u00fcvenlik ve rahatl\u0131\u011f\u0131n bir kar\u0131\u015f\u0131m\u0131n\u0131 temsil eder. Al\u0131c\u0131lar Qingdao H&amp;F'yi se\u00e7erek, \u00fcr\u00fcn b\u00fct\u00fcnl\u00fc\u011f\u00fcnden h\u0131zl\u0131 ve \u00f6zenli hizmete kadar \u00f6nceliklerine de\u011fer veren bir ortakl\u0131\u011fa yat\u0131r\u0131m yap\u0131yor. Sadece bir \u00fcr\u00fcn de\u011fil, m\u00fc\u015fterilerimizin operasyonel ihtiya\u00e7lar\u0131 ve kalite standartlar\u0131yla uyumlu eksiksiz bir \u00e7\u00f6z\u00fcm sunmaktan gurur duyuyoruz.<\/p>","protected":false},"excerpt":{"rendered":"<p>1 tonluk dokuma sapan\u0131m\u0131z, \u00e7e\u015fitli end\u00fcstrilerdeki kald\u0131rma ve kald\u0131rma g\u00f6revleri i\u00e7in g\u00fcc\u00fc ve \u00e7ok y\u00f6nl\u00fcl\u00fc\u011f\u00fc birle\u015ftirir. Al\u0131c\u0131lar genellikle dayan\u0131kl\u0131l\u0131k, g\u00fcvenlik ve kullan\u0131m kolayl\u0131\u011f\u0131na \u00f6ncelik verirler, bunlar\u0131n t\u00fcm\u00fc dokuma sapanlar\u0131m\u0131z taraf\u0131ndan sa\u011flan\u0131r. A\u011f\u0131r hizmet tipi kullan\u0131ma dayanacak \u015fekilde \u00fcretilen bu sapanlar, farkl\u0131 uygulamalar i\u00e7in esnekli\u011fi korurken g\u00fcvenli kald\u0131rma sa\u011flar. Bir ticaret \u015firketi olarak Qingdao H&amp;F, bire bir m\u00fc\u015fteri hizmetleri, h\u0131zl\u0131 teslimat d\u00f6ng\u00fcs\u00fc ve kapsaml\u0131 kalite kontrol raporlar\u0131 dahil olmak \u00fczere farkl\u0131 avantajlar sunarak her sat\u0131n alma i\u015fleminin titiz g\u00fcvenlik ve kalite standartlar\u0131n\u0131 kar\u015f\u0131lamas\u0131n\u0131 sa\u011flar.<\/p>","protected":false},"featured_media":8190,"comment_status":"open","ping_status":"closed","template":"","meta":{"site-sidebar-layout":"default","site-content-layout":"","ast-site-content-layout":"default","site-content-style":"default","site-sidebar-style":"default","ast-global-header-display":"","ast-banner-title-visibility":"","ast-main-header-display":"","ast-hfb-above-header-display":"","ast-hfb-below-header-display":"","ast-hfb-mobile-header-display":"","site-post-title":"","ast-breadcrumbs-content":"","ast-featured-img":"","footer-sml-layout":"","theme-transparent-header-meta":"default","adv-header-id-meta":"","stick-header-meta":"default","header-above-stick-meta":"","header-main-stick-meta":"","header-below-stick-meta":"","astra-migrate-meta-layouts":"set","ast-page-background-enabled":"default","ast-page-background-meta":{"desktop":{"background-color":"","background-image":"","background-repeat":"repeat","background-position":"center center","background-size":"auto","background-attachment":"scroll","background-type":"","background-media":"","overlay-type":"","overlay-color":"","overlay-opacity":"","overlay-gradient":""},"tablet":{"background-color":"","background-image":"","background-repeat":"repeat","background-position":"center center","background-size":"auto","background-attachment":"scroll","background-type":"","background-media":"","overlay-type":"","overlay-color":"","overlay-opacity":"","overlay-gradient":""},"mobile":{"background-color":"","background-image":"","background-repeat":"repeat","background-position":"center center","background-size":"auto","background-attachment":"scroll","background-type":"","background-media":"","overlay-type":"","overlay-color":"","overlay-opacity":"","overlay-gradient":""}},"ast-content-background-meta":{"desktop":{"background-color":"var(--ast-global-color-5)","background-image":"","background-repeat":"repeat","background-position":"center center","background-size":"auto","background-attachment":"scroll","background-type":"","background-media":"","overlay-type":"","overlay-color":"","overlay-opacity":"","overlay-gradient":""},"tablet":{"background-color":"var(--ast-global-color-5)","background-image":"","background-repeat":"repeat","background-position":"center center","background-size":"auto","background-attachment":"scroll","background-type":"","background-media":"","overlay-type":"","overlay-color":"","overlay-opacity":"","overlay-gradient":""},"mobile":{"background-color":"var(--ast-global-color-5)","background-image":"","background-repeat":"repeat","background-position":"center center","background-size":"auto","background-attachment":"scroll","background-type":"","background-media":"","overlay-type":"","overlay-color":"","overlay-opacity":"","overlay-gradient":""}}},"product_brand":[],"product_cat":[39],"product_tag":[],"class_list":{"0":"post-8189","1":"product","2":"type-product","3":"status-publish","4":"has-post-thumbnail","6":"product_cat-webbing-sling","7":"desktop-align-left","8":"tablet-align-left","9":"mobile-align-left","10":"ast-product-gallery-layout-horizontal-slider","11":"ast-product-gallery-with-no-image","12":"ast-product-tabs-layout-horizontal","14":"first","15":"instock","16":"shipping-taxable","17":"purchasable","18":"product-type-simple"},"yoast_head":"<!-- This site is optimized with the Yoast SEO plugin v25.2 - https:\/\/yoast.com\/wordpress\/plugins\/seo\/ -->\n<title>Flat Webbing Sling 1 Ton Polyester Double Duplex<\/title>\n<meta name=\"robots\" content=\"index, follow, max-snippet:-1, max-image-preview:large, max-video-preview:-1\" \/>\n<link rel=\"canonical\" href=\"https:\/\/qingdaohf.com\/tr\/urun\/dokuma-sapan-1-ton\/\" \/>\n<meta property=\"og:locale\" content=\"tr_TR\" \/>\n<meta property=\"og:type\" content=\"article\" \/>\n<meta property=\"og:title\" content=\"Flat Webbing Sling 1 Ton Polyester Double Duplex\" \/>\n<meta property=\"og:description\" content=\"Our 1-ton webbing sling combines strength and versatility for lifting and hoisting tasks across various industries. Buyers often prioritize durability, safety, and ease of handling, all of which our webbing slings deliver. Made to endure heavy-duty use, these slings ensure secure lifting while maintaining flexibility for different applications. As a trading company, Qingdao H&amp;F provides distinct advantages, including one-on-one customer service, a fast delivery cycle, and comprehensive quality inspection reports, ensuring that every purchase meets rigorous safety and quality standards.\" \/>\n<meta property=\"og:url\" content=\"https:\/\/qingdaohf.com\/tr\/urun\/dokuma-sapan-1-ton\/\" \/>\n<meta property=\"og:site_name\" content=\"Concrete Form &amp; Rigging Hardware Supplier\" \/>\n<meta property=\"article:publisher\" content=\"https:\/\/www.facebook.com\/qingdaohf\" \/>\n<meta property=\"article:modified_time\" content=\"2025-11-13T01:02:54+00:00\" \/>\n<meta property=\"og:image\" content=\"https:\/\/qingdaohf.com\/wp-content\/uploads\/2024\/10\/1ton_1.webp\" \/>\n\t<meta property=\"og:image:width\" content=\"1000\" \/>\n\t<meta property=\"og:image:height\" content=\"1000\" \/>\n\t<meta property=\"og:image:type\" content=\"image\/webp\" \/>\n<meta name=\"twitter:card\" content=\"summary_large_image\" \/>\n<meta name=\"twitter:label1\" content=\"Tahmini okuma s\u00fcresi\" \/>\n\t<meta name=\"twitter:data1\" content=\"4 dakika\" \/>\n<script type=\"application\/ld+json\" class=\"yoast-schema-graph\">{\"@context\":\"https:\/\/schema.org\",\"@graph\":[{\"@type\":\"WebPage\",\"@id\":\"https:\/\/qingdaohf.com\/product\/webbing-sling-1-ton\/\",\"url\":\"https:\/\/qingdaohf.com\/product\/webbing-sling-1-ton\/\",\"name\":\"Flat Webbing Sling 1 Ton Polyester Double Duplex\",\"isPartOf\":{\"@id\":\"https:\/\/qingdaohf.com\/bg\/#website\"},\"primaryImageOfPage\":{\"@id\":\"https:\/\/qingdaohf.com\/product\/webbing-sling-1-ton\/#primaryimage\"},\"image\":{\"@id\":\"https:\/\/qingdaohf.com\/product\/webbing-sling-1-ton\/#primaryimage\"},\"thumbnailUrl\":\"https:\/\/qingdaohf.com\/wp-content\/uploads\/2024\/10\/1ton_1.webp\",\"datePublished\":\"2024-11-05T05:59:31+00:00\",\"dateModified\":\"2025-11-13T01:02:54+00:00\",\"breadcrumb\":{\"@id\":\"https:\/\/qingdaohf.com\/product\/webbing-sling-1-ton\/#breadcrumb\"},\"inLanguage\":\"tr\",\"potentialAction\":[{\"@type\":\"ReadAction\",\"target\":[\"https:\/\/qingdaohf.com\/product\/webbing-sling-1-ton\/\"]}]},{\"@type\":\"ImageObject\",\"inLanguage\":\"tr\",\"@id\":\"https:\/\/qingdaohf.com\/product\/webbing-sling-1-ton\/#primaryimage\",\"url\":\"https:\/\/qingdaohf.com\/wp-content\/uploads\/2024\/10\/1ton_1.webp\",\"contentUrl\":\"https:\/\/qingdaohf.com\/wp-content\/uploads\/2024\/10\/1ton_1.webp\",\"width\":1000,\"height\":1000},{\"@type\":\"BreadcrumbList\",\"@id\":\"https:\/\/qingdaohf.com\/product\/webbing-sling-1-ton\/#breadcrumb\",\"itemListElement\":[{\"@type\":\"ListItem\",\"position\":1,\"name\":\"Home\",\"item\":\"https:\/\/qingdaohf.com\/\"},{\"@type\":\"ListItem\",\"position\":2,\"name\":\"Concrete Forming Accessories and Rigging Hardware\",\"item\":\"https:\/\/qingdaohf.com\/bg\/?page_id=944\"},{\"@type\":\"ListItem\",\"position\":3,\"name\":\"Flat Webbing Sling 1 Ton Polyester Double Duplex\"}]},{\"@type\":\"WebSite\",\"@id\":\"https:\/\/qingdaohf.com\/bg\/#website\",\"url\":\"https:\/\/qingdaohf.com\/bg\/\",\"name\":\"Concrete Form & Rigging Hardware Supplier\",\"description\":\"\",\"publisher\":{\"@id\":\"https:\/\/qingdaohf.com\/bg\/#organization\"},\"potentialAction\":[{\"@type\":\"SearchAction\",\"target\":{\"@type\":\"EntryPoint\",\"urlTemplate\":\"https:\/\/qingdaohf.com\/bg\/?s={search_term_string}\"},\"query-input\":{\"@type\":\"PropertyValueSpecification\",\"valueRequired\":true,\"valueName\":\"search_term_string\"}}],\"inLanguage\":\"tr\"},{\"@type\":\"Organization\",\"@id\":\"https:\/\/qingdaohf.com\/bg\/#organization\",\"name\":\"Qingdao H&F\",\"url\":\"https:\/\/qingdaohf.com\/bg\/\",\"logo\":{\"@type\":\"ImageObject\",\"inLanguage\":\"tr\",\"@id\":\"https:\/\/qingdaohf.com\/bg\/#\/schema\/logo\/image\/\",\"url\":\"https:\/\/qingdaohf.com\/wp-content\/uploads\/2022\/12\/cropped-HF-LOGO.png\",\"contentUrl\":\"https:\/\/qingdaohf.com\/wp-content\/uploads\/2022\/12\/cropped-HF-LOGO.png\",\"width\":391,\"height\":249,\"caption\":\"Qingdao H&F\"},\"image\":{\"@id\":\"https:\/\/qingdaohf.com\/bg\/#\/schema\/logo\/image\/\"},\"sameAs\":[\"https:\/\/www.facebook.com\/qingdaohf\"]}]}<\/script>\n<!-- \/ Yoast SEO plugin. -->","yoast_head_json":{"title":"Flat Webbing Sling 1 Ton Polyester Double Duplex","robots":{"index":"index","follow":"follow","max-snippet":"max-snippet:-1","max-image-preview":"max-image-preview:large","max-video-preview":"max-video-preview:-1"},"canonical":"https:\/\/qingdaohf.com\/tr\/urun\/dokuma-sapan-1-ton\/","og_locale":"tr_TR","og_type":"article","og_title":"Flat Webbing Sling 1 Ton Polyester Double Duplex","og_description":"Our 1-ton webbing sling combines strength and versatility for lifting and hoisting tasks across various industries. Buyers often prioritize durability, safety, and ease of handling, all of which our webbing slings deliver. Made to endure heavy-duty use, these slings ensure secure lifting while maintaining flexibility for different applications. As a trading company, Qingdao H&amp;F provides distinct advantages, including one-on-one customer service, a fast delivery cycle, and comprehensive quality inspection reports, ensuring that every purchase meets rigorous safety and quality standards.","og_url":"https:\/\/qingdaohf.com\/tr\/urun\/dokuma-sapan-1-ton\/","og_site_name":"Concrete Form &amp; Rigging Hardware Supplier","article_publisher":"https:\/\/www.facebook.com\/qingdaohf","article_modified_time":"2025-11-13T01:02:54+00:00","og_image":[{"width":1000,"height":1000,"url":"https:\/\/qingdaohf.com\/wp-content\/uploads\/2024\/10\/1ton_1.webp","type":"image\/webp"}],"twitter_card":"summary_large_image","twitter_misc":{"Tahmini okuma s\u00fcresi":"4 dakika"},"schema":{"@context":"https:\/\/schema.org","@graph":[{"@type":"WebPage","@id":"https:\/\/qingdaohf.com\/product\/webbing-sling-1-ton\/","url":"https:\/\/qingdaohf.com\/product\/webbing-sling-1-ton\/","name":"Flat Webbing Sling 1 Ton Polyester Double Duplex","isPartOf":{"@id":"https:\/\/qingdaohf.com\/bg\/#website"},"primaryImageOfPage":{"@id":"https:\/\/qingdaohf.com\/product\/webbing-sling-1-ton\/#primaryimage"},"image":{"@id":"https:\/\/qingdaohf.com\/product\/webbing-sling-1-ton\/#primaryimage"},"thumbnailUrl":"https:\/\/qingdaohf.com\/wp-content\/uploads\/2024\/10\/1ton_1.webp","datePublished":"2024-11-05T05:59:31+00:00","dateModified":"2025-11-13T01:02:54+00:00","breadcrumb":{"@id":"https:\/\/qingdaohf.com\/product\/webbing-sling-1-ton\/#breadcrumb"},"inLanguage":"tr","potentialAction":[{"@type":"ReadAction","target":["https:\/\/qingdaohf.com\/product\/webbing-sling-1-ton\/"]}]},{"@type":"ImageObject","inLanguage":"tr","@id":"https:\/\/qingdaohf.com\/product\/webbing-sling-1-ton\/#primaryimage","url":"https:\/\/qingdaohf.com\/wp-content\/uploads\/2024\/10\/1ton_1.webp","contentUrl":"https:\/\/qingdaohf.com\/wp-content\/uploads\/2024\/10\/1ton_1.webp","width":1000,"height":1000},{"@type":"BreadcrumbList","@id":"https:\/\/qingdaohf.com\/product\/webbing-sling-1-ton\/#breadcrumb","itemListElement":[{"@type":"ListItem","position":1,"name":"Home","item":"https:\/\/qingdaohf.com\/"},{"@type":"ListItem","position":2,"name":"Concrete Forming Accessories and Rigging Hardware","item":"https:\/\/qingdaohf.com\/bg\/?page_id=944"},{"@type":"ListItem","position":3,"name":"Flat Webbing Sling 1 Ton Polyester Double Duplex"}]},{"@type":"WebSite","@id":"https:\/\/qingdaohf.com\/bg\/#website","url":"https:\/\/qingdaohf.com\/bg\/","name":"Concrete Form & Rigging Hardware Supplier","description":"","publisher":{"@id":"https:\/\/qingdaohf.com\/bg\/#organization"},"potentialAction":[{"@type":"SearchAction","target":{"@type":"EntryPoint","urlTemplate":"https:\/\/qingdaohf.com\/bg\/?s={search_term_string}"},"query-input":{"@type":"PropertyValueSpecification","valueRequired":true,"valueName":"search_term_string"}}],"inLanguage":"tr"},{"@type":"Organization","@id":"https:\/\/qingdaohf.com\/bg\/#organization","name":"Qingdao H&F","url":"https:\/\/qingdaohf.com\/bg\/","logo":{"@type":"ImageObject","inLanguage":"tr","@id":"https:\/\/qingdaohf.com\/bg\/#\/schema\/logo\/image\/","url":"https:\/\/qingdaohf.com\/wp-content\/uploads\/2022\/12\/cropped-HF-LOGO.png","contentUrl":"https:\/\/qingdaohf.com\/wp-content\/uploads\/2022\/12\/cropped-HF-LOGO.png","width":391,"height":249,"caption":"Qingdao H&F"},"image":{"@id":"https:\/\/qingdaohf.com\/bg\/#\/schema\/logo\/image\/"},"sameAs":["https:\/\/www.facebook.com\/qingdaohf"]}]}},"_links":{"self":[{"href":"https:\/\/qingdaohf.com\/tr\/wp-json\/wp\/v2\/product\/8189","targetHints":{"allow":["GET"]}}],"collection":[{"href":"https:\/\/qingdaohf.com\/tr\/wp-json\/wp\/v2\/product"}],"about":[{"href":"https:\/\/qingdaohf.com\/tr\/wp-json\/wp\/v2\/types\/product"}],"replies":[{"embeddable":true,"href":"https:\/\/qingdaohf.com\/tr\/wp-json\/wp\/v2\/comments?post=8189"}],"version-history":[{"count":2,"href":"https:\/\/qingdaohf.com\/tr\/wp-json\/wp\/v2\/product\/8189\/revisions"}],"predecessor-version":[{"id":8340,"href":"https:\/\/qingdaohf.com\/tr\/wp-json\/wp\/v2\/product\/8189\/revisions\/8340"}],"wp:featuredmedia":[{"embeddable":true,"href":"https:\/\/qingdaohf.com\/tr\/wp-json\/wp\/v2\/media\/8190"}],"wp:attachment":[{"href":"https:\/\/qingdaohf.com\/tr\/wp-json\/wp\/v2\/media?parent=8189"}],"wp:term":[{"taxonomy":"product_brand","embeddable":true,"href":"https:\/\/qingdaohf.com\/tr\/wp-json\/wp\/v2\/product_brand?post=8189"},{"taxonomy":"product_cat","embeddable":true,"href":"https:\/\/qingdaohf.com\/tr\/wp-json\/wp\/v2\/product_cat?post=8189"},{"taxonomy":"product_tag","embeddable":true,"href":"https:\/\/qingdaohf.com\/tr\/wp-json\/wp\/v2\/product_tag?post=8189"}],"curies":[{"name":"wp","href":"https:\/\/api.w.org\/{rel}","templated":true}]}}