{"id":8277,"date":"2024-11-05T14:01:41","date_gmt":"2024-11-05T06:01:41","guid":{"rendered":"http:\/\/qingdaohf.com\/?post_type=product&#038;p=8277"},"modified":"2025-11-13T09:02:53","modified_gmt":"2025-11-13T01:02:53","slug":"webbing-sling-2-ton","status":"publish","type":"product","link":"https:\/\/qingdaohf.com\/tr\/urun\/dokuma-sapan-2-ton\/","title":{"rendered":"D\u00fcz Dokuma Sapan 2 Ton Polyester \u00c7ift Dubleks"},"content":{"rendered":"<div class=\"flex max-w-full flex-col flex-grow\">\n<div class=\"min-h-8 text-message flex w-full flex-col items-end gap-2 whitespace-normal break-words [.text-message+&amp;]:mt-5\" dir=\"auto\" data-message-author-role=\"assistant\" data-message-id=\"df1a8cb9-4730-4671-a7fd-4bac8c133d3f\" data-message-model-slug=\"gpt-4o\">\n<div class=\"flex w-full flex-col gap-1 empty:hidden first:pt-[3px]\">\n<div class=\"markdown prose w-full break-words dark:prose-invert light\">\n<h3><strong>Sa\u011flam Kald\u0131rma \u00c7\u00f6z\u00fcmleri i\u00e7in \u00c7ok Y\u00f6nl\u00fc 2 Tonluk Dokuma Ask\u0131<\/strong><\/h3>\n<p>2 tonluk dokuma sapan, \u00e7e\u015fitli sekt\u00f6rlerde a\u011f\u0131r y\u00fcklerin g\u00fcvenli bir \u015fekilde kald\u0131r\u0131lmas\u0131 ve ta\u015f\u0131nmas\u0131 i\u00e7in \u00e7ok \u00f6nemli bir ara\u00e7t\u0131r. Y\u00fcksek kaliteli sentetik liflerden \u00fcretilen bu ask\u0131 hem g\u00fc\u00e7l\u00fc hem de esnektir ve zorlu ko\u015fullar i\u00e7in gereken dayan\u0131kl\u0131l\u0131\u011f\u0131 kullan\u0131m kolayl\u0131\u011f\u0131yla birle\u015ftirir. Orta \u00f6l\u00e7ekli y\u00fckler i\u00e7in uygun olan 2 tonluk kapasite, in\u015faat, depolama, nakliye ve imalat gibi sekt\u00f6rlerde \u00e7ok y\u00f6nl\u00fc kullan\u0131labilmesini sa\u011fl\u0131yor. Qingdao H&amp;F'nin 2 tonluk dokuma ask\u0131s\u0131, \u00e7e\u015fitli alanlardaki profesyonellerin performans ve g\u00fcvenlik beklentilerini kar\u015f\u0131layan g\u00fcvenilir bir \u00e7\u00f6z\u00fcm sunar.<\/p>\n<p>A\u011f\u0131r y\u00fck kald\u0131rman\u0131n ayr\u0131lmaz bir par\u00e7as\u0131 oldu\u011fu sekt\u00f6rlerde, ekipman g\u00fcvenli\u011fi ve g\u00fcvenilirli\u011finin sa\u011flanmas\u0131 \u00e7ok \u00f6nemlidir. Qingdao H&amp;F'nin 2 tonluk dokuma ask\u0131s\u0131, esneklikten \u00f6d\u00fcn vermeden optimum g\u00fc\u00e7 sunacak \u015fekilde \u00f6zel olarak tasarlanm\u0131\u015ft\u0131r ve g\u00fcvenli ve verimli y\u00fck ta\u015f\u0131maya olanak tan\u0131r. Al\u0131c\u0131lar, y\u00fcksek y\u00fck ta\u015f\u0131ma kapasitesi, dayan\u0131kl\u0131l\u0131k ve a\u015f\u0131nmaya kar\u015f\u0131 direncin bir kombinasyonunu ararlar; t\u00fcm \u00f6zellikler bu ask\u0131n\u0131n tasar\u0131m\u0131na dikkatlice entegre edilmi\u015ftir. Sentetik yap\u0131s\u0131yla 2 tonluk sapan, metal alternatiflerine g\u00f6re daha hafif ve daha kolay y\u00f6netilebilir oldu\u011fundan operat\u00f6r\u00fcn yorulma olas\u0131l\u0131\u011f\u0131n\u0131 azalt\u0131r ve genel g\u00fcvenli\u011fi art\u0131r\u0131r.<\/p>\n<p>Qingdao H&amp;F, dokuma sapanlar\u0131n\u0131n \u00fcst\u00fcn kalitesini m\u00fc\u015fteri odakl\u0131 hizmetlerle tamaml\u0131yor. Her \u00fcr\u00fcn, al\u0131c\u0131lar\u0131n sat\u0131n alma i\u015flemlerinde tam g\u00fcvene sahip olmalar\u0131n\u0131 sa\u011flamak i\u00e7in kapsaml\u0131 kalite raporlar\u0131 e\u015fli\u011finde titiz bir incelemeden ge\u00e7er. Bire bir m\u00fc\u015fteri hizmetleri yakla\u015f\u0131m\u0131m\u0131z, her al\u0131c\u0131n\u0131n benzersiz ihtiya\u00e7lar\u0131n\u0131n kar\u015f\u0131lanmas\u0131n\u0131 sa\u011flar ve verimli teslimat s\u00fcrecimiz, kesintisiz proje i\u015f ak\u0131\u015flar\u0131 i\u00e7in zaman\u0131nda var\u0131\u015f\u0131 garanti eder.<\/p>\n<h3><strong>Uzun \u00d6m\u00fcrl\u00fc Performans i\u00e7in Yap\u0131 ve Malzeme Kalitesi<\/strong><\/h3>\n<p>Zorlu ko\u015fullar alt\u0131nda tekrarlanan kullan\u0131ma dayanacak \u015fekilde se\u00e7ilen 2 tonluk dokuma sapan\u0131n malzeme bile\u015fimi, belirleyici \u00f6zelliklerinden biridir. Tipik olarak polyester veya naylondan yap\u0131lan her malzeme belirli avantajlar sa\u011flar. \u00d6rne\u011fin polyester sapanlar neme ve UV \u0131\u015f\u0131nlar\u0131na kar\u015f\u0131 dayan\u0131kl\u0131d\u0131r, bu da onlar\u0131 d\u0131\u015f mekan ve uzun s\u00fcreli uygulamalar i\u00e7in ideal hale getirir. Esneklikleriyle bilinen naylon sapanlar, dinamik y\u00fckleri ta\u015f\u0131rken de\u011ferli olan m\u00fckemmel \u015fok emilimi sunar. Malzemesi ne olursa olsun, her bir sapan 2 tona kadar y\u00fck\u00fc g\u00fcvenle ta\u015f\u0131yabildi\u011fini do\u011frulamak i\u00e7in titiz testlerden ge\u00e7irilir.<\/p>\n<p>\u00dcretim s\u00fcre\u00e7leri, homojenlik ve g\u00fcvenilirlik sa\u011flamak i\u00e7in dikkatle kontrol edilir. Elyaf se\u00e7iminden son dokumaya kadar her ad\u0131m dayan\u0131kl\u0131l\u0131k g\u00f6z \u00f6n\u00fcnde bulundurularak at\u0131l\u0131r ve sapan\u0131n zaman i\u00e7inde g\u00fc\u00e7l\u00fc kalmas\u0131 sa\u011flan\u0131r. G\u00fc\u00e7lendirilmi\u015f ilmekler ve a\u015f\u0131nmaya dayan\u0131kl\u0131 y\u00fczeyler, \u00fcr\u00fcn\u00fcn kullan\u0131m \u00f6mr\u00fcn\u00fc daha da uzatarak y\u00fcksek performansl\u0131 ve uygun maliyetli kald\u0131rma \u00e7\u00f6z\u00fcmleri arayan al\u0131c\u0131lara de\u011fer sa\u011flar. Qingdao H&amp;F, her bir ask\u0131 ile g\u00fcvenlik, g\u00fcvenilirlik ve uzun \u00f6m\u00fcrl\u00fcl\u00fck a\u00e7\u0131s\u0131ndan test edilmi\u015f bir \u00fcr\u00fcn\u00fcn g\u00fcvencesini sunarak, g\u00fcvenilir kald\u0131rma ekipmanlar\u0131na g\u00fcvenen end\u00fcstrilerin titiz standartlar\u0131n\u0131 kar\u015f\u0131lar.<\/p>\n<h3><strong>Farkl\u0131 Sekt\u00f6rlerdeki Uygulamalar<\/strong><\/h3>\n<p>2 tonluk dokuma sapan\u0131n uyarlanabilirli\u011fi, onu lojistik, in\u015faat ve end\u00fcstriyel bak\u0131m dahil olmak \u00fczere \u00e7e\u015fitli alanlarda de\u011ferli k\u0131lar. \u00d6rne\u011fin in\u015faatta, bu kapasite aral\u0131\u011f\u0131 kiri\u015flerin konumland\u0131r\u0131lmas\u0131, a\u011f\u0131r makinelerin sabitlenmesi veya temel yap\u0131 malzemelerinin ta\u015f\u0131nmas\u0131 i\u00e7in uygundur. Dokuma sapanlar\u0131n hafif ancak sa\u011flam tasar\u0131m\u0131 bu senaryolarda y\u00fck ta\u015f\u0131may\u0131 kolayla\u015ft\u0131r\u0131r ve \u00e7elik zincirlerin aksine sentetik malzeme y\u00fczey hasar\u0131 riskini en aza indirir. Lojistik ve depolamada, 2 tonluk kapasite orta a\u011f\u0131rl\u0131ktaki sevkiyatlar\u0131 ve malzemeleri bar\u0131nd\u0131r\u0131r, hem y\u00fck stabilitesi hem de dikkatli kullan\u0131m gerektiren durumlar i\u00e7in idealdir.<\/p>\n<p>G\u00fc\u00e7 ve dayan\u0131kl\u0131l\u0131\u011f\u0131n \u00f6tesinde, al\u0131c\u0131lar genellikle geleneksel kald\u0131rma zincirleri veya halatlar\u0131na k\u0131yasla dokuma sapanlar\u0131n sundu\u011fu esnekli\u011fe de\u011fer verirler. Sentetik malzeme daha kolay manevra yap\u0131lmas\u0131n\u0131 sa\u011flayarak dar alanlarda veya benzersiz y\u00fck konfig\u00fcrasyonlar\u0131 alt\u0131nda kald\u0131rma i\u015flemleri i\u00e7in pratik hale getirir. Ayr\u0131ca, 2 tonluk dokuma sapan\u0131n tasar\u0131m\u0131 daha g\u00fcvenli, daha dengeli kald\u0131rmalara olanak tan\u0131yarak operat\u00f6r\u00fcn g\u00fcvenini art\u0131r\u0131yor ve kaza veya maddi hasar riskini azalt\u0131yor. Qingdao H&amp;F'nin kalite ve performansa odaklanmas\u0131yla, her bir ask\u0131 \u00e7e\u015fitli end\u00fcstrilere uygun pratik, g\u00fcvenli ve \u00e7ok y\u00f6nl\u00fc bir \u00e7\u00f6z\u00fcm sunar.<\/p>\n<h3><strong>Qingdao H&amp;F'nin Hizmet ve Kalite G\u00fcvencesine Ba\u011fl\u0131l\u0131\u011f\u0131<\/strong><\/h3>\n<p>Qingdao H&amp;F yaln\u0131zca y\u00fcksek kaliteli \u00fcr\u00fcnler sunmakla kalmaz, ayn\u0131 zamanda ola\u011fan\u00fcst\u00fc bir sat\u0131n alma deneyimi sunmaya da odaklan\u0131r. 2 tonluk dokuma sapan, \u00fcr\u00fcn kalitesinde \u015feffafl\u0131k ve end\u00fcstri standartlar\u0131na uygunluk sa\u011flayan kapsaml\u0131 bir inceleme raporu ile birlikte gelir. Her rapor, kritik performans \u00f6l\u00e7\u00fcmlerini detayland\u0131rarak al\u0131c\u0131lara yat\u0131r\u0131mlar\u0131nda g\u00fcven verir. Y\u00fck kapasitesini do\u011frulayan ve \u00fcr\u00fcn\u00fcn dayan\u0131kl\u0131l\u0131\u011f\u0131n\u0131 teyit eden bu raporlar, g\u00fcvenli ve etkili kald\u0131rma \u00e7\u00f6z\u00fcmlerine \u00f6ncelik veren i\u015fletmeler i\u00e7in \u00f6nemli bilgiler sunar.<\/p>\n<p>Ayr\u0131ca, Qingdao H&amp;F'nin m\u00fc\u015fteri hizmetlerine olan ba\u011fl\u0131l\u0131\u011f\u0131, dokuma sapanlar\u0131m\u0131z\u0131n de\u011ferini art\u0131rmaktad\u0131r. Bire bir destekle ekibimiz, m\u00fc\u015fterilere operasyonel ihtiya\u00e7lar\u0131na g\u00f6re uyarlanm\u0131\u015f \u00fcr\u00fcnleri se\u00e7melerinde yard\u0131mc\u0131 olur. Bu ki\u015fiselle\u015ftirilmi\u015f hizmet, \u00fcr\u00fcn \u00f6mr\u00fcn\u00fc uzatan bak\u0131m uygulamalar\u0131 konusunda rehberlik sa\u011flayarak sat\u0131n alma i\u015fleminin \u00f6tesinde de devam eder. Ayr\u0131ca, h\u0131zl\u0131 teslimat d\u00f6ng\u00fclerimiz m\u00fc\u015fterilerimizin zamana duyarl\u0131 talepleriyle uyumludur ve operasyonlar\u0131nda gecikmeleri \u00f6nlemek i\u00e7in sapanlar\u0131n\u0131 derhal almalar\u0131n\u0131 sa\u011flar.<\/p>\n<p>Kalite, g\u00fcvenilirlik ve verimli hizmete odaklanan al\u0131c\u0131lar i\u00e7in Qingdao H&amp;F, 2 tonluk dokuma ask\u0131s\u0131 ile kapsaml\u0131 bir \u00e7\u00f6z\u00fcm sunuyor. Bu \u00fcr\u00fcn, m\u00fc\u015fterilerin lojistik ve g\u00fcvenlik ihtiya\u00e7lar\u0131n\u0131 kar\u015f\u0131lamaya adanm\u0131\u015fl\u0131k ile birlikte g\u00fc\u00e7 ve esnekli\u011fi b\u00fcnyesinde bar\u0131nd\u0131rmaktad\u0131r. Her bir dokuma sapan ile al\u0131c\u0131lar yaln\u0131zca \u00fcst d\u00fczey bir kald\u0131rma arac\u0131ndan de\u011fil, ayn\u0131 zamanda m\u00fckemmelli\u011fe adanm\u0131\u015f bir \u015firketin destek ve g\u00fcvencesinden de yararlan\u0131r.<\/p>\n<\/div>\n<\/div>\n<\/div>\n<\/div>\n<div class=\"mb-2 flex gap-3 empty:hidden -ml-2\">\n<div class=\"items-center justify-start rounded-xl p-1 flex\">\n<div class=\"flex items-center\"><\/div>\n<\/div>\n<\/div>","protected":false},"excerpt":{"rendered":"<p>Qingdao H&amp;F'nin 2 tonluk dokuma ask\u0131s\u0131, \u00e7e\u015fitli kald\u0131rma uygulamalar\u0131 i\u00e7in g\u00fcvenilir, y\u00fcksek kapasiteli bir \u00e7\u00f6z\u00fcmd\u00fcr. Al\u0131c\u0131lar genellikle bu dokuma ask\u0131n\u0131n sa\u011flad\u0131\u011f\u0131 y\u00fck g\u00fcvenli\u011fi, dayan\u0131kl\u0131l\u0131k ve kullan\u0131m kolayl\u0131\u011f\u0131 gibi fakt\u00f6rlere \u00f6ncelik verirler. G\u00fc\u00e7l\u00fc sentetik elyaflarla \u00fcretilen bu \u00fcr\u00fcn, zorlu ko\u015fullara dayan\u0131r ve g\u00fcvenilir performans sunar. Bir ticaret \u015firketi olarak Qingdao H&amp;F, bire bir m\u00fc\u015fteri hizmetleri, h\u0131zl\u0131 teslimat d\u00f6ng\u00fcleri ve ayr\u0131nt\u0131l\u0131 kalite kontrol raporlar\u0131 dahil olmak \u00fczere \u00f6nemli avantajlar sunarak her \u00fcr\u00fcn\u00fcn titiz standartlar\u0131 ve al\u0131c\u0131 beklentilerini kar\u015f\u0131lamas\u0131n\u0131 sa\u011flar.<\/p>","protected":false},"featured_media":8196,"comment_status":"open","ping_status":"closed","template":"","meta":{"site-sidebar-layout":"default","site-content-layout":"","ast-site-content-layout":"default","site-content-style":"default","site-sidebar-style":"default","ast-global-header-display":"","ast-banner-title-visibility":"","ast-main-header-display":"","ast-hfb-above-header-display":"","ast-hfb-below-header-display":"","ast-hfb-mobile-header-display":"","site-post-title":"","ast-breadcrumbs-content":"","ast-featured-img":"","footer-sml-layout":"","theme-transparent-header-meta":"default","adv-header-id-meta":"","stick-header-meta":"default","header-above-stick-meta":"","header-main-stick-meta":"","header-below-stick-meta":"","astra-migrate-meta-layouts":"set","ast-page-background-enabled":"default","ast-page-background-meta":{"desktop":{"background-color":"","background-image":"","background-repeat":"repeat","background-position":"center center","background-size":"auto","background-attachment":"scroll","background-type":"","background-media":"","overlay-type":"","overlay-color":"","overlay-opacity":"","overlay-gradient":""},"tablet":{"background-color":"","background-image":"","background-repeat":"repeat","background-position":"center center","background-size":"auto","background-attachment":"scroll","background-type":"","background-media":"","overlay-type":"","overlay-color":"","overlay-opacity":"","overlay-gradient":""},"mobile":{"background-color":"","background-image":"","background-repeat":"repeat","background-position":"center center","background-size":"auto","background-attachment":"scroll","background-type":"","background-media":"","overlay-type":"","overlay-color":"","overlay-opacity":"","overlay-gradient":""}},"ast-content-background-meta":{"desktop":{"background-color":"var(--ast-global-color-5)","background-image":"","background-repeat":"repeat","background-position":"center center","background-size":"auto","background-attachment":"scroll","background-type":"","background-media":"","overlay-type":"","overlay-color":"","overlay-opacity":"","overlay-gradient":""},"tablet":{"background-color":"var(--ast-global-color-5)","background-image":"","background-repeat":"repeat","background-position":"center center","background-size":"auto","background-attachment":"scroll","background-type":"","background-media":"","overlay-type":"","overlay-color":"","overlay-opacity":"","overlay-gradient":""},"mobile":{"background-color":"var(--ast-global-color-5)","background-image":"","background-repeat":"repeat","background-position":"center center","background-size":"auto","background-attachment":"scroll","background-type":"","background-media":"","overlay-type":"","overlay-color":"","overlay-opacity":"","overlay-gradient":""}}},"product_brand":[],"product_cat":[39],"product_tag":[],"class_list":{"0":"post-8277","1":"product","2":"type-product","3":"status-publish","4":"has-post-thumbnail","6":"product_cat-webbing-sling","7":"desktop-align-left","8":"tablet-align-left","9":"mobile-align-left","10":"ast-product-gallery-layout-horizontal-slider","11":"ast-product-gallery-with-no-image","12":"ast-product-tabs-layout-horizontal","14":"first","15":"instock","16":"shipping-taxable","17":"purchasable","18":"product-type-simple"},"yoast_head":"<!-- This site is optimized with the Yoast SEO plugin v25.2 - https:\/\/yoast.com\/wordpress\/plugins\/seo\/ -->\n<title>Flat Webbing Sling 2 Ton Polyester Double Duplex<\/title>\n<meta name=\"robots\" content=\"index, follow, max-snippet:-1, max-image-preview:large, max-video-preview:-1\" \/>\n<link rel=\"canonical\" href=\"https:\/\/qingdaohf.com\/tr\/urun\/dokuma-sapan-2-ton\/\" \/>\n<meta property=\"og:locale\" content=\"tr_TR\" \/>\n<meta property=\"og:type\" content=\"article\" \/>\n<meta property=\"og:title\" content=\"Flat Webbing Sling 2 Ton Polyester Double Duplex\" \/>\n<meta property=\"og:description\" content=\"The 2-ton webbing sling from Qingdao H&amp;F is a dependable, high-capacity solution for various lifting applications. Buyers often prioritize factors like load security, durability, and ease of handling, all of which this webbing sling provides. Crafted with strong synthetic fibers, it withstands demanding conditions, offering reliable performance. As a trading company, Qingdao H&amp;F delivers significant benefits, including one-to-one customer service, rapid delivery cycles, and detailed quality inspection reports, ensuring each product meets rigorous standards and buyer expectations.\" \/>\n<meta property=\"og:url\" content=\"https:\/\/qingdaohf.com\/tr\/urun\/dokuma-sapan-2-ton\/\" \/>\n<meta property=\"og:site_name\" content=\"Concrete Form &amp; Rigging Hardware Supplier\" \/>\n<meta property=\"article:publisher\" content=\"https:\/\/www.facebook.com\/qingdaohf\" \/>\n<meta property=\"article:modified_time\" content=\"2025-11-13T01:02:53+00:00\" \/>\n<meta property=\"og:image\" content=\"https:\/\/qingdaohf.com\/wp-content\/uploads\/2024\/10\/2-ton_1.webp\" \/>\n\t<meta property=\"og:image:width\" content=\"1000\" \/>\n\t<meta property=\"og:image:height\" content=\"1000\" \/>\n\t<meta property=\"og:image:type\" content=\"image\/webp\" \/>\n<meta name=\"twitter:card\" content=\"summary_large_image\" \/>\n<meta name=\"twitter:label1\" content=\"Tahmini okuma s\u00fcresi\" \/>\n\t<meta name=\"twitter:data1\" content=\"4 dakika\" \/>\n<script type=\"application\/ld+json\" class=\"yoast-schema-graph\">{\"@context\":\"https:\/\/schema.org\",\"@graph\":[{\"@type\":\"WebPage\",\"@id\":\"https:\/\/qingdaohf.com\/product\/webbing-sling-2-ton\/\",\"url\":\"https:\/\/qingdaohf.com\/product\/webbing-sling-2-ton\/\",\"name\":\"Flat Webbing Sling 2 Ton Polyester Double Duplex\",\"isPartOf\":{\"@id\":\"https:\/\/qingdaohf.com\/bg\/#website\"},\"primaryImageOfPage\":{\"@id\":\"https:\/\/qingdaohf.com\/product\/webbing-sling-2-ton\/#primaryimage\"},\"image\":{\"@id\":\"https:\/\/qingdaohf.com\/product\/webbing-sling-2-ton\/#primaryimage\"},\"thumbnailUrl\":\"https:\/\/qingdaohf.com\/wp-content\/uploads\/2024\/10\/2-ton_1.webp\",\"datePublished\":\"2024-11-05T06:01:41+00:00\",\"dateModified\":\"2025-11-13T01:02:53+00:00\",\"breadcrumb\":{\"@id\":\"https:\/\/qingdaohf.com\/product\/webbing-sling-2-ton\/#breadcrumb\"},\"inLanguage\":\"tr\",\"potentialAction\":[{\"@type\":\"ReadAction\",\"target\":[\"https:\/\/qingdaohf.com\/product\/webbing-sling-2-ton\/\"]}]},{\"@type\":\"ImageObject\",\"inLanguage\":\"tr\",\"@id\":\"https:\/\/qingdaohf.com\/product\/webbing-sling-2-ton\/#primaryimage\",\"url\":\"https:\/\/qingdaohf.com\/wp-content\/uploads\/2024\/10\/2-ton_1.webp\",\"contentUrl\":\"https:\/\/qingdaohf.com\/wp-content\/uploads\/2024\/10\/2-ton_1.webp\",\"width\":1000,\"height\":1000,\"caption\":\"webbing sling 2 ton\"},{\"@type\":\"BreadcrumbList\",\"@id\":\"https:\/\/qingdaohf.com\/product\/webbing-sling-2-ton\/#breadcrumb\",\"itemListElement\":[{\"@type\":\"ListItem\",\"position\":1,\"name\":\"Home\",\"item\":\"https:\/\/qingdaohf.com\/\"},{\"@type\":\"ListItem\",\"position\":2,\"name\":\"Concrete Forming Accessories and Rigging Hardware\",\"item\":\"https:\/\/qingdaohf.com\/bg\/?page_id=944\"},{\"@type\":\"ListItem\",\"position\":3,\"name\":\"Flat Webbing Sling 2 Ton Polyester Double Duplex\"}]},{\"@type\":\"WebSite\",\"@id\":\"https:\/\/qingdaohf.com\/bg\/#website\",\"url\":\"https:\/\/qingdaohf.com\/bg\/\",\"name\":\"Concrete Form & Rigging Hardware Supplier\",\"description\":\"\",\"publisher\":{\"@id\":\"https:\/\/qingdaohf.com\/bg\/#organization\"},\"potentialAction\":[{\"@type\":\"SearchAction\",\"target\":{\"@type\":\"EntryPoint\",\"urlTemplate\":\"https:\/\/qingdaohf.com\/bg\/?s={search_term_string}\"},\"query-input\":{\"@type\":\"PropertyValueSpecification\",\"valueRequired\":true,\"valueName\":\"search_term_string\"}}],\"inLanguage\":\"tr\"},{\"@type\":\"Organization\",\"@id\":\"https:\/\/qingdaohf.com\/bg\/#organization\",\"name\":\"Qingdao H&F\",\"url\":\"https:\/\/qingdaohf.com\/bg\/\",\"logo\":{\"@type\":\"ImageObject\",\"inLanguage\":\"tr\",\"@id\":\"https:\/\/qingdaohf.com\/bg\/#\/schema\/logo\/image\/\",\"url\":\"https:\/\/qingdaohf.com\/wp-content\/uploads\/2022\/12\/cropped-HF-LOGO.png\",\"contentUrl\":\"https:\/\/qingdaohf.com\/wp-content\/uploads\/2022\/12\/cropped-HF-LOGO.png\",\"width\":391,\"height\":249,\"caption\":\"Qingdao H&F\"},\"image\":{\"@id\":\"https:\/\/qingdaohf.com\/bg\/#\/schema\/logo\/image\/\"},\"sameAs\":[\"https:\/\/www.facebook.com\/qingdaohf\"]}]}<\/script>\n<!-- \/ Yoast SEO plugin. -->","yoast_head_json":{"title":"Flat Webbing Sling 2 Ton Polyester Double Duplex","robots":{"index":"index","follow":"follow","max-snippet":"max-snippet:-1","max-image-preview":"max-image-preview:large","max-video-preview":"max-video-preview:-1"},"canonical":"https:\/\/qingdaohf.com\/tr\/urun\/dokuma-sapan-2-ton\/","og_locale":"tr_TR","og_type":"article","og_title":"Flat Webbing Sling 2 Ton Polyester Double Duplex","og_description":"The 2-ton webbing sling from Qingdao H&amp;F is a dependable, high-capacity solution for various lifting applications. Buyers often prioritize factors like load security, durability, and ease of handling, all of which this webbing sling provides. Crafted with strong synthetic fibers, it withstands demanding conditions, offering reliable performance. As a trading company, Qingdao H&amp;F delivers significant benefits, including one-to-one customer service, rapid delivery cycles, and detailed quality inspection reports, ensuring each product meets rigorous standards and buyer expectations.","og_url":"https:\/\/qingdaohf.com\/tr\/urun\/dokuma-sapan-2-ton\/","og_site_name":"Concrete Form &amp; Rigging Hardware Supplier","article_publisher":"https:\/\/www.facebook.com\/qingdaohf","article_modified_time":"2025-11-13T01:02:53+00:00","og_image":[{"width":1000,"height":1000,"url":"https:\/\/qingdaohf.com\/wp-content\/uploads\/2024\/10\/2-ton_1.webp","type":"image\/webp"}],"twitter_card":"summary_large_image","twitter_misc":{"Tahmini okuma s\u00fcresi":"4 dakika"},"schema":{"@context":"https:\/\/schema.org","@graph":[{"@type":"WebPage","@id":"https:\/\/qingdaohf.com\/product\/webbing-sling-2-ton\/","url":"https:\/\/qingdaohf.com\/product\/webbing-sling-2-ton\/","name":"Flat Webbing Sling 2 Ton Polyester Double Duplex","isPartOf":{"@id":"https:\/\/qingdaohf.com\/bg\/#website"},"primaryImageOfPage":{"@id":"https:\/\/qingdaohf.com\/product\/webbing-sling-2-ton\/#primaryimage"},"image":{"@id":"https:\/\/qingdaohf.com\/product\/webbing-sling-2-ton\/#primaryimage"},"thumbnailUrl":"https:\/\/qingdaohf.com\/wp-content\/uploads\/2024\/10\/2-ton_1.webp","datePublished":"2024-11-05T06:01:41+00:00","dateModified":"2025-11-13T01:02:53+00:00","breadcrumb":{"@id":"https:\/\/qingdaohf.com\/product\/webbing-sling-2-ton\/#breadcrumb"},"inLanguage":"tr","potentialAction":[{"@type":"ReadAction","target":["https:\/\/qingdaohf.com\/product\/webbing-sling-2-ton\/"]}]},{"@type":"ImageObject","inLanguage":"tr","@id":"https:\/\/qingdaohf.com\/product\/webbing-sling-2-ton\/#primaryimage","url":"https:\/\/qingdaohf.com\/wp-content\/uploads\/2024\/10\/2-ton_1.webp","contentUrl":"https:\/\/qingdaohf.com\/wp-content\/uploads\/2024\/10\/2-ton_1.webp","width":1000,"height":1000,"caption":"webbing sling 2 ton"},{"@type":"BreadcrumbList","@id":"https:\/\/qingdaohf.com\/product\/webbing-sling-2-ton\/#breadcrumb","itemListElement":[{"@type":"ListItem","position":1,"name":"Home","item":"https:\/\/qingdaohf.com\/"},{"@type":"ListItem","position":2,"name":"Concrete Forming Accessories and Rigging Hardware","item":"https:\/\/qingdaohf.com\/bg\/?page_id=944"},{"@type":"ListItem","position":3,"name":"Flat Webbing Sling 2 Ton Polyester Double Duplex"}]},{"@type":"WebSite","@id":"https:\/\/qingdaohf.com\/bg\/#website","url":"https:\/\/qingdaohf.com\/bg\/","name":"Concrete Form & Rigging Hardware Supplier","description":"","publisher":{"@id":"https:\/\/qingdaohf.com\/bg\/#organization"},"potentialAction":[{"@type":"SearchAction","target":{"@type":"EntryPoint","urlTemplate":"https:\/\/qingdaohf.com\/bg\/?s={search_term_string}"},"query-input":{"@type":"PropertyValueSpecification","valueRequired":true,"valueName":"search_term_string"}}],"inLanguage":"tr"},{"@type":"Organization","@id":"https:\/\/qingdaohf.com\/bg\/#organization","name":"Qingdao H&F","url":"https:\/\/qingdaohf.com\/bg\/","logo":{"@type":"ImageObject","inLanguage":"tr","@id":"https:\/\/qingdaohf.com\/bg\/#\/schema\/logo\/image\/","url":"https:\/\/qingdaohf.com\/wp-content\/uploads\/2022\/12\/cropped-HF-LOGO.png","contentUrl":"https:\/\/qingdaohf.com\/wp-content\/uploads\/2022\/12\/cropped-HF-LOGO.png","width":391,"height":249,"caption":"Qingdao H&F"},"image":{"@id":"https:\/\/qingdaohf.com\/bg\/#\/schema\/logo\/image\/"},"sameAs":["https:\/\/www.facebook.com\/qingdaohf"]}]}},"_links":{"self":[{"href":"https:\/\/qingdaohf.com\/tr\/wp-json\/wp\/v2\/product\/8277","targetHints":{"allow":["GET"]}}],"collection":[{"href":"https:\/\/qingdaohf.com\/tr\/wp-json\/wp\/v2\/product"}],"about":[{"href":"https:\/\/qingdaohf.com\/tr\/wp-json\/wp\/v2\/types\/product"}],"replies":[{"embeddable":true,"href":"https:\/\/qingdaohf.com\/tr\/wp-json\/wp\/v2\/comments?post=8277"}],"version-history":[{"count":3,"href":"https:\/\/qingdaohf.com\/tr\/wp-json\/wp\/v2\/product\/8277\/revisions"}],"predecessor-version":[{"id":8339,"href":"https:\/\/qingdaohf.com\/tr\/wp-json\/wp\/v2\/product\/8277\/revisions\/8339"}],"wp:featuredmedia":[{"embeddable":true,"href":"https:\/\/qingdaohf.com\/tr\/wp-json\/wp\/v2\/media\/8196"}],"wp:attachment":[{"href":"https:\/\/qingdaohf.com\/tr\/wp-json\/wp\/v2\/media?parent=8277"}],"wp:term":[{"taxonomy":"product_brand","embeddable":true,"href":"https:\/\/qingdaohf.com\/tr\/wp-json\/wp\/v2\/product_brand?post=8277"},{"taxonomy":"product_cat","embeddable":true,"href":"https:\/\/qingdaohf.com\/tr\/wp-json\/wp\/v2\/product_cat?post=8277"},{"taxonomy":"product_tag","embeddable":true,"href":"https:\/\/qingdaohf.com\/tr\/wp-json\/wp\/v2\/product_tag?post=8277"}],"curies":[{"name":"wp","href":"https:\/\/api.w.org\/{rel}","templated":true}]}}