{"id":8280,"date":"2024-11-05T16:43:34","date_gmt":"2024-11-05T08:43:34","guid":{"rendered":"http:\/\/qingdaohf.com\/?post_type=product&#038;p=8280"},"modified":"2025-11-13T09:02:53","modified_gmt":"2025-11-13T01:02:53","slug":"webbing-sling-3-ton","status":"publish","type":"product","link":"https:\/\/qingdaohf.com\/tr\/urun\/dokuma-sapan-3-ton\/","title":{"rendered":"D\u00fcz Dokuma Sapan 3 Ton Polyester \u00c7ift Dubleks"},"content":{"rendered":"<h3><strong>A\u011f\u0131r Hizmet Kald\u0131rma Uygulamalar\u0131 i\u00e7in G\u00fcvenilir 3 Tonluk Dokuma Ask\u0131<\/strong><\/h3>\n<p>Malzeme ta\u015f\u0131ma d\u00fcnyas\u0131nda 3 tonluk dokuma sapan, \u00e7e\u015fitli sekt\u00f6rlerde a\u011f\u0131r y\u00fcklerin kald\u0131r\u0131lmas\u0131 ve sabitlenmesi i\u00e7in sa\u011flam bir \u00e7\u00f6z\u00fcm olarak \u00f6ne \u00e7\u0131kmaktad\u0131r. Optimum g\u00fc\u00e7, esneklik ve g\u00fcvenlik dengesi ile bu ask\u0131, in\u015faattan lojisti\u011fe kadar \u00e7e\u015fitli g\u00f6revlerin zorlu taleplerini kar\u015f\u0131lamak i\u00e7in tasarlanm\u0131\u015ft\u0131r. Y\u00fcksek kaliteli sentetik elyaftan \u00fcretilen 3 tonluk dokuma sapan, g\u00fcvenilir performans sunacak \u015fekilde tasarlanm\u0131\u015ft\u0131r ve \u00f6nemli a\u011f\u0131rl\u0131klar\u0131n kald\u0131r\u0131lmas\u0131n\u0131 i\u00e7eren t\u00fcm operasyonlar i\u00e7in \u00e7ok \u00f6nemli bir varl\u0131kt\u0131r.<\/p>\n<p>\u00c7ok y\u00f6nl\u00fc kald\u0131rma \u00e7\u00f6z\u00fcmlerine y\u00f6nelik artan talep, ticari ve end\u00fcstriyel ortamlarda dokuma sapanlar\u0131n yayg\u0131n olarak kullan\u0131lmas\u0131na yol a\u00e7m\u0131\u015ft\u0131r. 3 tonluk dokuma sapan, operat\u00f6rlerin g\u00f6revlerini verimli ve g\u00fcvenli bir \u015fekilde yerine getirmeleri i\u00e7in g\u00fcvenilir bir ara\u00e7 sa\u011flayarak orta menzilli a\u011f\u0131r y\u00fckleri ta\u015f\u0131mak \u00fczere \u00f6zel olarak \u00fcretilmi\u015ftir. Al\u0131c\u0131lar genellikle kald\u0131rma ekipman\u0131 se\u00e7iminde \u00e7ok \u00f6nemli olan y\u00fck g\u00fcvenli\u011fi ve dayan\u0131kl\u0131l\u0131kla ilgili endi\u015felerini dile getirirler. 3 tonluk dokuma ask\u0131, zaman i\u00e7inde b\u00fct\u00fcnl\u00fc\u011f\u00fcn\u00fc ve performans\u0131n\u0131 korurken zorlu ko\u015fullara dayanabilmesini sa\u011flayarak bu endi\u015feleri giderir.<\/p>\n<p>3 tonluk dokuma ask\u0131n\u0131n g\u00f6ze \u00e7arpan \u00f6zelliklerinden biri, tipik olarak y\u00fcksek mukavemetli polyester veya naylon lifler i\u00e7eren yap\u0131s\u0131d\u0131r. Bu malzemeler, a\u015f\u0131nma ve y\u0131pranmaya kar\u015f\u0131 diren\u00e7, UV stabilitesi ve nem direnci gibi \u00e7e\u015fitli avantajlar sunar. Bu \u00f6zelliklerin kombinasyonu, ask\u0131n\u0131n zorlu d\u0131\u015f ortamlarda bile iyi performans g\u00f6stermesini sa\u011flayarak onu bir dizi uygulama i\u00e7in uygun hale getirir.<\/p>\n<p>Qingdao H&amp;F olarak, yaln\u0131zca y\u00fcksek kaliteli \u00fcr\u00fcnler de\u011fil, ayn\u0131 zamanda ola\u011fan\u00fcst\u00fc hizmet sunma becerimizle de gurur duyuyoruz. Bire bir m\u00fc\u015fteri hizmetlerine olan ba\u011fl\u0131l\u0131\u011f\u0131m\u0131z, her m\u00fc\u015fterinin kendi \u00f6zel ihtiya\u00e7lar\u0131na g\u00f6re uyarlanm\u0131\u015f ki\u015fiselle\u015ftirilmi\u015f ilgi g\u00f6rmesi anlam\u0131na gelir. Bu yakla\u015f\u0131m g\u00fcveni te\u015fvik eder ve al\u0131c\u0131lar\u0131n sat\u0131n alma yolculuklar\u0131 boyunca desteklendiklerini hissetmelerini sa\u011flar. Ayr\u0131ca, zaman\u0131nda teslimat\u0131n \u00f6nemini vurguluyoruz ve verimli lojistik s\u00fcre\u00e7lerimiz, m\u00fc\u015fterilerin ask\u0131lar\u0131n\u0131 gereksiz gecikmeler olmadan almalar\u0131n\u0131 garanti ediyor. Kapsaml\u0131 kalite kontrol raporlar\u0131n\u0131n e\u015flik etti\u011fi \u00fcr\u00fcnlerimiz, gerekli g\u00fcvenlik ve performans standartlar\u0131n\u0131 kar\u015f\u0131lad\u0131klar\u0131ndan emin olarak al\u0131c\u0131lara g\u00f6n\u00fcl rahatl\u0131\u011f\u0131 sa\u011flar.<\/p>\n<h3><strong>\u0130n\u015faat Kalitesi ve Malzeme Performans\u0131<\/strong><\/h3>\n<p>3 tonluk dokuma ask\u0131da kullan\u0131lan malzemelerin kalitesi, performans\u0131n\u0131n ve uzun \u00f6m\u00fcrl\u00fcl\u00fc\u011f\u00fcn\u00fcn ayr\u0131lmaz bir par\u00e7as\u0131d\u0131r. \u00dcretim i\u00e7in malzeme se\u00e7erken dayan\u0131kl\u0131l\u0131k ve mukavemete odaklan\u0131yoruz. D\u00fc\u015f\u00fck esneme ve y\u00fcksek a\u015f\u0131nma direnci ile bilinen polyester, pop\u00fcler bir se\u00e7imdir. Bu elyaf, g\u00fcvenli kald\u0131rma i\u015flemleri i\u00e7in gerekli olan y\u00fck stabilitesinin korunmas\u0131nda \u00f6zellikle etkilidir. \u00d6te yandan naylon, \u00e7e\u015fitli uygulamalarda faydal\u0131 olabilecek bir \u00f6zellik olan kald\u0131rma s\u0131ras\u0131nda \u015fok y\u00fckleri emebilen \u00fcst\u00fcn esneklik sunar.<\/p>\n<p>\u00dcretim s\u00fcrecinin her y\u00f6n\u00fc en y\u00fcksek standartlar\u0131 korumak \u00fczere tasarlanm\u0131\u015ft\u0131r. Elyaf se\u00e7iminden dokuma tekni\u011fine kadar her sapan, 3 tona kadar y\u00fckleri g\u00fcvenli bir \u015fekilde ta\u015f\u0131ma kapasitesini do\u011frulamak i\u00e7in titiz testlerden ge\u00e7irilir. G\u00fc\u00e7lendirilmi\u015f diki\u015fler ve y\u00fcksek kaliteli u\u00e7 ba\u011flant\u0131lar\u0131, sapan\u0131n dayan\u0131kl\u0131l\u0131\u011f\u0131n\u0131 art\u0131rarak a\u015f\u0131nma riskini azalt\u0131r ve kullan\u0131m \u00f6mr\u00fcn\u00fc uzat\u0131r. Bu \u00f6zellikleriyle 3 tonluk dokuma sapan, g\u00fcvenilir kald\u0131rma \u00e7\u00f6z\u00fcmleri arayan i\u015fletmeler i\u00e7in de\u011ferli bir yat\u0131r\u0131md\u0131r.<\/p>\n<p>Qingdao H&amp;F'de kalite g\u00fcvencesi \u00e7ok \u00f6nemlidir ve m\u00fc\u015fterilerimiz her \u00fcr\u00fcn\u00fcn ayr\u0131nt\u0131l\u0131 bir inceleme raporuyla birlikte gelmesini bekleyebilir. Bu raporlar, kopma mukavemeti ve end\u00fcstri standartlar\u0131na uygunluk dahil olmak \u00fczere sapan\u0131n performans \u00f6zellikleri hakk\u0131nda kritik bilgiler sa\u011flar. Her sapan\u0131n bu kriterleri kar\u015f\u0131lad\u0131\u011f\u0131ndan emin olarak, m\u00fc\u015fterilerimizin kald\u0131rma operasyonlar\u0131nda g\u00fcvenlik ve g\u00fcvenilirli\u011fe \u00f6ncelik vererek bilin\u00e7li kararlar almalar\u0131na yard\u0131mc\u0131 oluyoruz.<\/p>\n<h3><strong>\u00c7ok Y\u00f6nl\u00fc Uygulamalar ve Sekt\u00f6rel Faydalar<\/strong><\/h3>\n<p>3 tonluk dokuma sapan\u0131n \u00e7ok y\u00f6nl\u00fcl\u00fc\u011f\u00fc, onu \u00e7e\u015fitli sekt\u00f6rlerde \u00e7ok \u00e7e\u015fitli uygulamalar i\u00e7in ideal bir se\u00e7im haline getirir. \u00d6rne\u011fin in\u015faatta, bu sapan \u00e7elik kiri\u015fler, beton bloklar ve makineler gibi a\u011f\u0131r malzemeleri kald\u0131rmak ve ta\u015f\u0131mak i\u00e7in kullan\u0131labilir. Dokuma sapanlar\u0131n hafif yap\u0131s\u0131, geleneksel metal zincirlere g\u00f6re kullan\u0131mlar\u0131n\u0131 kolayla\u015ft\u0131rarak operat\u00f6r yorgunlu\u011funu en aza indirir ve genel g\u00fcvenli\u011fi art\u0131r\u0131r.<\/p>\n<p>Lojistik ve depolamada, 3 tonluk dokuma sapan, mallar\u0131n ve malzemelerin ta\u015f\u0131nmas\u0131 i\u00e7in \u00e7ok de\u011ferli oldu\u011funu kan\u0131tlamaktad\u0131r. A\u011f\u0131r y\u00fckleri g\u00fcvenli bir \u015fekilde kald\u0131rma kabiliyeti, operasyonlar\u0131n sorunsuz ve verimli bir \u015fekilde y\u00fcr\u00fct\u00fclmesini sa\u011flar. Sapan\u0131n esnekli\u011fi, di\u011fer kald\u0131rma ekipmanlar\u0131n\u0131n zorlanabilece\u011fi dar alanlarda kullan\u0131lmas\u0131na olanak tan\u0131r. Ayr\u0131ca, dokuman\u0131n zarar vermeyen yap\u0131s\u0131, k\u0131r\u0131lgan veya bitmi\u015f mallar\u0131 \u00e7izik veya ezik riski olmadan g\u00fcvenle kald\u0131rabilece\u011fi anlam\u0131na gelir.<\/p>\n<p>3 tonluk dokuma sapan\u0131n bir di\u011fer \u00f6nemli avantaj\u0131 da bak\u0131m kolayl\u0131\u011f\u0131d\u0131r. Zincirlerin veya di\u011fer metal kald\u0131rma cihazlar\u0131n\u0131n aksine, dokuma sapanlar minimum bak\u0131m gerektirir. D\u00fczenli denetimler ve uygun depolama \u00f6m\u00fcrlerini \u00f6nemli \u00f6l\u00e7\u00fcde uzatabilir, bu da onlar\u0131 operasyonel verimlili\u011fe odaklanan i\u015fletmeler i\u00e7in uygun maliyetli bir se\u00e7enek haline getirir.<\/p>\n<p>Qingdao H&amp;F, \u00e7e\u015fitli end\u00fcstrilerin geli\u015fen ihtiya\u00e7lar\u0131n\u0131n fark\u0131ndad\u0131r ve 3 tonluk dokuma sapan\u0131m\u0131z bu talepleri do\u011frudan kar\u015f\u0131lamak i\u00e7in tasarlanm\u0131\u015ft\u0131r. \u0130ster in\u015faat, ister lojistik veya imalat sekt\u00f6r\u00fcnde olsun, bu ask\u0131, i\u015fletmelerin ba\u015far\u0131l\u0131 olmak i\u00e7in ihtiya\u00e7 duydu\u011fu g\u00fcvenilirli\u011fi ve performans\u0131 sunar. \u00d6nemli y\u00fckleri g\u00fcvenli ve verimli bir \u015fekilde kald\u0131rma yetene\u011fi, \u00fcretkenli\u011fi \u00f6nemli \u00f6l\u00e7\u00fcde art\u0131rabilir ve operat\u00f6rlerin ekipman ar\u0131zas\u0131 konusunda endi\u015felenmeden temel g\u00f6revlerine odaklanmalar\u0131na olanak tan\u0131r.<\/p>\n<h3><strong>Qingdao H&amp;F: Kalite ve Hizmette Orta\u011f\u0131n\u0131z<\/strong><\/h3>\n<p>Qingdao H&amp;F olarak, kaliteye ve m\u00fc\u015fteri memnuniyetine olan ba\u011fl\u0131l\u0131\u011f\u0131m\u0131z, kald\u0131rma \u00e7\u00f6z\u00fcmlerinin rekabet\u00e7i ortam\u0131nda bizi di\u011ferlerinden ay\u0131r\u0131yor. 3 tonluk dokuma sapan, m\u00fc\u015fterilerimize yaln\u0131zca dayan\u0131kl\u0131 ve g\u00fcvenilir de\u011fil, ayn\u0131 zamanda ola\u011fan\u00fcst\u00fc hizmetle desteklenen \u00fcr\u00fcnler sunma taahh\u00fcd\u00fcm\u00fcz\u00fc temsil ediyor. Bire bir m\u00fc\u015fteri deste\u011fimizle, m\u00fc\u015fterilere se\u00e7im s\u00fcrecinde rehberlik ederek \u00f6zel ihtiya\u00e7lar\u0131 i\u00e7in do\u011fru ask\u0131y\u0131 se\u00e7melerini sa\u011fl\u0131yoruz.<\/p>\n<p>H\u0131zl\u0131 teslimat d\u00f6ng\u00fclerine odaklanmam\u0131z, m\u00fc\u015fterilerimizin kald\u0131rma ekipmanlar\u0131na zaman\u0131nda eri\u015fim konusunda bize g\u00fcvenebilecekleri anlam\u0131na gelir. Do\u011fru zamanda do\u011fru ara\u00e7lara sahip olman\u0131n \u00f6nemini anl\u0131yoruz ve lojistik ekibimiz bu beklentileri kar\u015f\u0131lamak ve a\u015fmak i\u00e7in \u00f6zenle \u00e7al\u0131\u015f\u0131yor. Ayr\u0131ca, kapsaml\u0131 kalite denetim raporlar\u0131m\u0131z, m\u00fc\u015fterilerin sat\u0131n alma i\u015flemlerinde kendilerini g\u00fcvende hissetmeleri i\u00e7in gereken \u015feffafl\u0131\u011f\u0131 sa\u011flayarak g\u00fcvenlik ve performans konusundaki kararl\u0131l\u0131\u011f\u0131m\u0131z\u0131 peki\u015ftirir.<\/p>\n<p>Qingdao H&amp;F'nin 3 tonluk dokuma ask\u0131s\u0131n\u0131 se\u00e7mek, m\u00fc\u015fterilerine de\u011fer veren ve onlar\u0131n ihtiya\u00e7lar\u0131na \u00f6ncelik veren bir \u015firket taraf\u0131ndan desteklenen y\u00fcksek kaliteli bir kald\u0131rma \u00e7\u00f6z\u00fcm\u00fcne yat\u0131r\u0131m yapmak anlam\u0131na gelir. G\u00fcvenilir \u00fcr\u00fcnler ve ola\u011fan\u00fcst\u00fc hizmet sunarak, g\u00fcven ve g\u00fcvenilirlik \u00fczerine kurulu uzun vadeli ortakl\u0131klar\u0131 te\u015fvik etmeyi ama\u00e7l\u0131yoruz. M\u00fc\u015fterilerimiz, dokuma sapanlar\u0131m\u0131z\u0131 se\u00e7tiklerinde, kendilerini piyasadaki en iyi ara\u00e7larla donatt\u0131klar\u0131ndan, operasyonel etkinliklerini ve g\u00fcvenlik standartlar\u0131n\u0131 geli\u015ftirdiklerinden emin olabilirler.<\/p>","protected":false},"excerpt":{"rendered":"<p>Qingdao H&amp;F taraf\u0131ndan sunulan 3 tonluk dokuma sapan, \u00e7e\u015fitli end\u00fcstriyel uygulamalarda g\u00fcvenli ve etkili kald\u0131rma i\u00e7in \u00f6nemli bir ara\u00e7t\u0131r. Al\u0131c\u0131lar genellikle y\u00fck g\u00fcvenli\u011fi, dayan\u0131kl\u0131l\u0131k ve kald\u0131rma ekipman\u0131n\u0131n kullan\u0131m kolayl\u0131\u011f\u0131 konusunda g\u00fcvence ararlar. Bu ask\u0131, daha a\u011f\u0131r y\u00fckleri g\u00fcvenilir bir \u015fekilde ta\u015f\u0131mak i\u00e7in tasarlanm\u0131\u015f g\u00fc\u00e7l\u00fc bir yap\u0131ya sahip olarak bu ihtiya\u00e7lar\u0131 kar\u015f\u0131lar. Bir ticaret \u015firketi olarak, bire bir m\u00fc\u015fteri hizmetleri, h\u0131zl\u0131 teslimat d\u00f6ng\u00fcleri ve kapsaml\u0131 kalite kontrol raporlar\u0131 arac\u0131l\u0131\u011f\u0131yla ola\u011fan\u00fcst\u00fc de\u011fer sunmaktan gurur duyuyoruz ve her \u00fcr\u00fcn\u00fcn en y\u00fcksek g\u00fcvenlik ve performans standartlar\u0131na uygun olmas\u0131n\u0131 sa\u011fl\u0131yoruz.<\/p>","protected":false},"featured_media":8197,"comment_status":"open","ping_status":"closed","template":"","meta":{"site-sidebar-layout":"default","site-content-layout":"","ast-site-content-layout":"default","site-content-style":"default","site-sidebar-style":"default","ast-global-header-display":"","ast-banner-title-visibility":"","ast-main-header-display":"","ast-hfb-above-header-display":"","ast-hfb-below-header-display":"","ast-hfb-mobile-header-display":"","site-post-title":"","ast-breadcrumbs-content":"","ast-featured-img":"","footer-sml-layout":"","theme-transparent-header-meta":"default","adv-header-id-meta":"","stick-header-meta":"default","header-above-stick-meta":"","header-main-stick-meta":"","header-below-stick-meta":"","astra-migrate-meta-layouts":"set","ast-page-background-enabled":"default","ast-page-background-meta":{"desktop":{"background-color":"","background-image":"","background-repeat":"repeat","background-position":"center center","background-size":"auto","background-attachment":"scroll","background-type":"","background-media":"","overlay-type":"","overlay-color":"","overlay-opacity":"","overlay-gradient":""},"tablet":{"background-color":"","background-image":"","background-repeat":"repeat","background-position":"center center","background-size":"auto","background-attachment":"scroll","background-type":"","background-media":"","overlay-type":"","overlay-color":"","overlay-opacity":"","overlay-gradient":""},"mobile":{"background-color":"","background-image":"","background-repeat":"repeat","background-position":"center center","background-size":"auto","background-attachment":"scroll","background-type":"","background-media":"","overlay-type":"","overlay-color":"","overlay-opacity":"","overlay-gradient":""}},"ast-content-background-meta":{"desktop":{"background-color":"var(--ast-global-color-5)","background-image":"","background-repeat":"repeat","background-position":"center center","background-size":"auto","background-attachment":"scroll","background-type":"","background-media":"","overlay-type":"","overlay-color":"","overlay-opacity":"","overlay-gradient":""},"tablet":{"background-color":"var(--ast-global-color-5)","background-image":"","background-repeat":"repeat","background-position":"center center","background-size":"auto","background-attachment":"scroll","background-type":"","background-media":"","overlay-type":"","overlay-color":"","overlay-opacity":"","overlay-gradient":""},"mobile":{"background-color":"var(--ast-global-color-5)","background-image":"","background-repeat":"repeat","background-position":"center center","background-size":"auto","background-attachment":"scroll","background-type":"","background-media":"","overlay-type":"","overlay-color":"","overlay-opacity":"","overlay-gradient":""}}},"product_brand":[],"product_cat":[39],"product_tag":[],"class_list":{"0":"post-8280","1":"product","2":"type-product","3":"status-publish","4":"has-post-thumbnail","6":"product_cat-webbing-sling","7":"desktop-align-left","8":"tablet-align-left","9":"mobile-align-left","10":"ast-product-gallery-layout-horizontal-slider","11":"ast-product-gallery-with-no-image","12":"ast-product-tabs-layout-horizontal","14":"first","15":"instock","16":"shipping-taxable","17":"purchasable","18":"product-type-simple"},"yoast_head":"<!-- This site is optimized with the Yoast SEO plugin v25.2 - https:\/\/yoast.com\/wordpress\/plugins\/seo\/ -->\n<title>Flat Webbing Sling 3 Ton Polyester Double Duplex<\/title>\n<meta name=\"robots\" content=\"index, follow, max-snippet:-1, max-image-preview:large, max-video-preview:-1\" \/>\n<link rel=\"canonical\" href=\"https:\/\/qingdaohf.com\/tr\/urun\/dokuma-sapan-3-ton\/\" \/>\n<meta property=\"og:locale\" content=\"tr_TR\" \/>\n<meta property=\"og:type\" content=\"article\" \/>\n<meta property=\"og:title\" content=\"Flat Webbing Sling 3 Ton Polyester Double Duplex\" \/>\n<meta property=\"og:description\" content=\"The 3-ton webbing sling offered by Qingdao H&amp;F is an essential tool for safe and effective lifting in a variety of industrial applications. Buyers often seek assurance regarding load security, durability, and the ease of use of lifting equipment. This sling meets those needs, boasting a strong construction designed for handling heavier loads with reliability. As a trading company, we pride ourselves on delivering exceptional value through one-on-one customer service, rapid delivery cycles, and comprehensive quality inspection reports, ensuring that each product is up to the highest standards of safety and performance.\" \/>\n<meta property=\"og:url\" content=\"https:\/\/qingdaohf.com\/tr\/urun\/dokuma-sapan-3-ton\/\" \/>\n<meta property=\"og:site_name\" content=\"Concrete Form &amp; Rigging Hardware Supplier\" \/>\n<meta property=\"article:publisher\" content=\"https:\/\/www.facebook.com\/qingdaohf\" \/>\n<meta property=\"article:modified_time\" content=\"2025-11-13T01:02:53+00:00\" \/>\n<meta property=\"og:image\" content=\"https:\/\/qingdaohf.com\/wp-content\/uploads\/2024\/10\/3-ton-webbing-sling_1.webp\" \/>\n\t<meta property=\"og:image:width\" content=\"1000\" \/>\n\t<meta property=\"og:image:height\" content=\"1000\" \/>\n\t<meta property=\"og:image:type\" content=\"image\/webp\" \/>\n<meta name=\"twitter:card\" content=\"summary_large_image\" \/>\n<meta name=\"twitter:label1\" content=\"Tahmini okuma s\u00fcresi\" \/>\n\t<meta name=\"twitter:data1\" content=\"5 dakika\" \/>\n<script type=\"application\/ld+json\" class=\"yoast-schema-graph\">{\"@context\":\"https:\/\/schema.org\",\"@graph\":[{\"@type\":\"WebPage\",\"@id\":\"https:\/\/qingdaohf.com\/product\/webbing-sling-3-ton\/\",\"url\":\"https:\/\/qingdaohf.com\/product\/webbing-sling-3-ton\/\",\"name\":\"Flat Webbing Sling 3 Ton Polyester Double Duplex\",\"isPartOf\":{\"@id\":\"https:\/\/qingdaohf.com\/bg\/#website\"},\"primaryImageOfPage\":{\"@id\":\"https:\/\/qingdaohf.com\/product\/webbing-sling-3-ton\/#primaryimage\"},\"image\":{\"@id\":\"https:\/\/qingdaohf.com\/product\/webbing-sling-3-ton\/#primaryimage\"},\"thumbnailUrl\":\"https:\/\/qingdaohf.com\/wp-content\/uploads\/2024\/10\/3-ton-webbing-sling_1.webp\",\"datePublished\":\"2024-11-05T08:43:34+00:00\",\"dateModified\":\"2025-11-13T01:02:53+00:00\",\"breadcrumb\":{\"@id\":\"https:\/\/qingdaohf.com\/product\/webbing-sling-3-ton\/#breadcrumb\"},\"inLanguage\":\"tr\",\"potentialAction\":[{\"@type\":\"ReadAction\",\"target\":[\"https:\/\/qingdaohf.com\/product\/webbing-sling-3-ton\/\"]}]},{\"@type\":\"ImageObject\",\"inLanguage\":\"tr\",\"@id\":\"https:\/\/qingdaohf.com\/product\/webbing-sling-3-ton\/#primaryimage\",\"url\":\"https:\/\/qingdaohf.com\/wp-content\/uploads\/2024\/10\/3-ton-webbing-sling_1.webp\",\"contentUrl\":\"https:\/\/qingdaohf.com\/wp-content\/uploads\/2024\/10\/3-ton-webbing-sling_1.webp\",\"width\":1000,\"height\":1000,\"caption\":\"3 ton webbing sling_1\"},{\"@type\":\"BreadcrumbList\",\"@id\":\"https:\/\/qingdaohf.com\/product\/webbing-sling-3-ton\/#breadcrumb\",\"itemListElement\":[{\"@type\":\"ListItem\",\"position\":1,\"name\":\"Home\",\"item\":\"https:\/\/qingdaohf.com\/\"},{\"@type\":\"ListItem\",\"position\":2,\"name\":\"Concrete Forming Accessories and Rigging Hardware\",\"item\":\"https:\/\/qingdaohf.com\/bg\/?page_id=944\"},{\"@type\":\"ListItem\",\"position\":3,\"name\":\"Flat Webbing Sling 3 Ton Polyester Double Duplex\"}]},{\"@type\":\"WebSite\",\"@id\":\"https:\/\/qingdaohf.com\/bg\/#website\",\"url\":\"https:\/\/qingdaohf.com\/bg\/\",\"name\":\"Concrete Form & Rigging Hardware Supplier\",\"description\":\"\",\"publisher\":{\"@id\":\"https:\/\/qingdaohf.com\/bg\/#organization\"},\"potentialAction\":[{\"@type\":\"SearchAction\",\"target\":{\"@type\":\"EntryPoint\",\"urlTemplate\":\"https:\/\/qingdaohf.com\/bg\/?s={search_term_string}\"},\"query-input\":{\"@type\":\"PropertyValueSpecification\",\"valueRequired\":true,\"valueName\":\"search_term_string\"}}],\"inLanguage\":\"tr\"},{\"@type\":\"Organization\",\"@id\":\"https:\/\/qingdaohf.com\/bg\/#organization\",\"name\":\"Qingdao H&F\",\"url\":\"https:\/\/qingdaohf.com\/bg\/\",\"logo\":{\"@type\":\"ImageObject\",\"inLanguage\":\"tr\",\"@id\":\"https:\/\/qingdaohf.com\/bg\/#\/schema\/logo\/image\/\",\"url\":\"https:\/\/qingdaohf.com\/wp-content\/uploads\/2022\/12\/cropped-HF-LOGO.png\",\"contentUrl\":\"https:\/\/qingdaohf.com\/wp-content\/uploads\/2022\/12\/cropped-HF-LOGO.png\",\"width\":391,\"height\":249,\"caption\":\"Qingdao H&F\"},\"image\":{\"@id\":\"https:\/\/qingdaohf.com\/bg\/#\/schema\/logo\/image\/\"},\"sameAs\":[\"https:\/\/www.facebook.com\/qingdaohf\"]}]}<\/script>\n<!-- \/ Yoast SEO plugin. -->","yoast_head_json":{"title":"Flat Webbing Sling 3 Ton Polyester Double Duplex","robots":{"index":"index","follow":"follow","max-snippet":"max-snippet:-1","max-image-preview":"max-image-preview:large","max-video-preview":"max-video-preview:-1"},"canonical":"https:\/\/qingdaohf.com\/tr\/urun\/dokuma-sapan-3-ton\/","og_locale":"tr_TR","og_type":"article","og_title":"Flat Webbing Sling 3 Ton Polyester Double Duplex","og_description":"The 3-ton webbing sling offered by Qingdao H&amp;F is an essential tool for safe and effective lifting in a variety of industrial applications. Buyers often seek assurance regarding load security, durability, and the ease of use of lifting equipment. This sling meets those needs, boasting a strong construction designed for handling heavier loads with reliability. As a trading company, we pride ourselves on delivering exceptional value through one-on-one customer service, rapid delivery cycles, and comprehensive quality inspection reports, ensuring that each product is up to the highest standards of safety and performance.","og_url":"https:\/\/qingdaohf.com\/tr\/urun\/dokuma-sapan-3-ton\/","og_site_name":"Concrete Form &amp; Rigging Hardware Supplier","article_publisher":"https:\/\/www.facebook.com\/qingdaohf","article_modified_time":"2025-11-13T01:02:53+00:00","og_image":[{"width":1000,"height":1000,"url":"https:\/\/qingdaohf.com\/wp-content\/uploads\/2024\/10\/3-ton-webbing-sling_1.webp","type":"image\/webp"}],"twitter_card":"summary_large_image","twitter_misc":{"Tahmini okuma s\u00fcresi":"5 dakika"},"schema":{"@context":"https:\/\/schema.org","@graph":[{"@type":"WebPage","@id":"https:\/\/qingdaohf.com\/product\/webbing-sling-3-ton\/","url":"https:\/\/qingdaohf.com\/product\/webbing-sling-3-ton\/","name":"Flat Webbing Sling 3 Ton Polyester Double Duplex","isPartOf":{"@id":"https:\/\/qingdaohf.com\/bg\/#website"},"primaryImageOfPage":{"@id":"https:\/\/qingdaohf.com\/product\/webbing-sling-3-ton\/#primaryimage"},"image":{"@id":"https:\/\/qingdaohf.com\/product\/webbing-sling-3-ton\/#primaryimage"},"thumbnailUrl":"https:\/\/qingdaohf.com\/wp-content\/uploads\/2024\/10\/3-ton-webbing-sling_1.webp","datePublished":"2024-11-05T08:43:34+00:00","dateModified":"2025-11-13T01:02:53+00:00","breadcrumb":{"@id":"https:\/\/qingdaohf.com\/product\/webbing-sling-3-ton\/#breadcrumb"},"inLanguage":"tr","potentialAction":[{"@type":"ReadAction","target":["https:\/\/qingdaohf.com\/product\/webbing-sling-3-ton\/"]}]},{"@type":"ImageObject","inLanguage":"tr","@id":"https:\/\/qingdaohf.com\/product\/webbing-sling-3-ton\/#primaryimage","url":"https:\/\/qingdaohf.com\/wp-content\/uploads\/2024\/10\/3-ton-webbing-sling_1.webp","contentUrl":"https:\/\/qingdaohf.com\/wp-content\/uploads\/2024\/10\/3-ton-webbing-sling_1.webp","width":1000,"height":1000,"caption":"3 ton webbing sling_1"},{"@type":"BreadcrumbList","@id":"https:\/\/qingdaohf.com\/product\/webbing-sling-3-ton\/#breadcrumb","itemListElement":[{"@type":"ListItem","position":1,"name":"Home","item":"https:\/\/qingdaohf.com\/"},{"@type":"ListItem","position":2,"name":"Concrete Forming Accessories and Rigging Hardware","item":"https:\/\/qingdaohf.com\/bg\/?page_id=944"},{"@type":"ListItem","position":3,"name":"Flat Webbing Sling 3 Ton Polyester Double Duplex"}]},{"@type":"WebSite","@id":"https:\/\/qingdaohf.com\/bg\/#website","url":"https:\/\/qingdaohf.com\/bg\/","name":"Concrete Form & Rigging Hardware Supplier","description":"","publisher":{"@id":"https:\/\/qingdaohf.com\/bg\/#organization"},"potentialAction":[{"@type":"SearchAction","target":{"@type":"EntryPoint","urlTemplate":"https:\/\/qingdaohf.com\/bg\/?s={search_term_string}"},"query-input":{"@type":"PropertyValueSpecification","valueRequired":true,"valueName":"search_term_string"}}],"inLanguage":"tr"},{"@type":"Organization","@id":"https:\/\/qingdaohf.com\/bg\/#organization","name":"Qingdao H&F","url":"https:\/\/qingdaohf.com\/bg\/","logo":{"@type":"ImageObject","inLanguage":"tr","@id":"https:\/\/qingdaohf.com\/bg\/#\/schema\/logo\/image\/","url":"https:\/\/qingdaohf.com\/wp-content\/uploads\/2022\/12\/cropped-HF-LOGO.png","contentUrl":"https:\/\/qingdaohf.com\/wp-content\/uploads\/2022\/12\/cropped-HF-LOGO.png","width":391,"height":249,"caption":"Qingdao H&F"},"image":{"@id":"https:\/\/qingdaohf.com\/bg\/#\/schema\/logo\/image\/"},"sameAs":["https:\/\/www.facebook.com\/qingdaohf"]}]}},"_links":{"self":[{"href":"https:\/\/qingdaohf.com\/tr\/wp-json\/wp\/v2\/product\/8280","targetHints":{"allow":["GET"]}}],"collection":[{"href":"https:\/\/qingdaohf.com\/tr\/wp-json\/wp\/v2\/product"}],"about":[{"href":"https:\/\/qingdaohf.com\/tr\/wp-json\/wp\/v2\/types\/product"}],"replies":[{"embeddable":true,"href":"https:\/\/qingdaohf.com\/tr\/wp-json\/wp\/v2\/comments?post=8280"}],"version-history":[{"count":2,"href":"https:\/\/qingdaohf.com\/tr\/wp-json\/wp\/v2\/product\/8280\/revisions"}],"predecessor-version":[{"id":8338,"href":"https:\/\/qingdaohf.com\/tr\/wp-json\/wp\/v2\/product\/8280\/revisions\/8338"}],"wp:featuredmedia":[{"embeddable":true,"href":"https:\/\/qingdaohf.com\/tr\/wp-json\/wp\/v2\/media\/8197"}],"wp:attachment":[{"href":"https:\/\/qingdaohf.com\/tr\/wp-json\/wp\/v2\/media?parent=8280"}],"wp:term":[{"taxonomy":"product_brand","embeddable":true,"href":"https:\/\/qingdaohf.com\/tr\/wp-json\/wp\/v2\/product_brand?post=8280"},{"taxonomy":"product_cat","embeddable":true,"href":"https:\/\/qingdaohf.com\/tr\/wp-json\/wp\/v2\/product_cat?post=8280"},{"taxonomy":"product_tag","embeddable":true,"href":"https:\/\/qingdaohf.com\/tr\/wp-json\/wp\/v2\/product_tag?post=8280"}],"curies":[{"name":"wp","href":"https:\/\/api.w.org\/{rel}","templated":true}]}}