{"id":8283,"date":"2024-11-05T17:52:39","date_gmt":"2024-11-05T09:52:39","guid":{"rendered":"http:\/\/qingdaohf.com\/?post_type=product&#038;p=8283"},"modified":"2025-11-13T09:02:53","modified_gmt":"2025-11-13T01:02:53","slug":"webbing-sling-4-ton","status":"publish","type":"product","link":"https:\/\/qingdaohf.com\/tr\/urun\/dokuma-sapan-4-ton\/","title":{"rendered":"D\u00fcz Dokuma Sapan 4 Ton Polyester \u00c7ift Dubleks"},"content":{"rendered":"<h4>\u00dcst\u00fcn Performans ve 4-Ton Dokuma Sapan\u0131n Temel \u00d6zellikleri<\/h4>\n<p>A\u011f\u0131r kald\u0131rma ekipmanlar\u0131 s\u00f6z konusu oldu\u011funda, g\u00fcvenilirlik, g\u00fcvenlik ve dayan\u0131kl\u0131l\u0131k end\u00fcstriyel al\u0131c\u0131lar i\u00e7in temel fakt\u00f6rler olarak \u00f6ne \u00e7\u0131kmaktad\u0131r. Qingdao H&amp;F'nin 4-Tonluk Dokuma Ask\u0131s\u0131, a\u011f\u0131r y\u00fckleri y\u00f6netmek i\u00e7in g\u00fcvenli ve g\u00fcvenilir \u00e7\u00f6z\u00fcmler gerektiren end\u00fcstrilere hizmet etmek \u00fczere \u00fcretilmi\u015ftir. Bu ask\u0131, hem uzun \u00f6m\u00fcr hem de esneklik sunan, a\u015f\u0131nmaya ve UV bozulmas\u0131na diren\u00e7li y\u00fcksek mukavemetli polyester elyaflardan \u00fcretilmi\u015ftir. Y\u00fckleri 4 tona kadar kald\u0131rabilen bu dokuma sapan, \u015fantiye ve depolamadan lojistik ve ta\u015f\u0131mac\u0131l\u0131\u011fa kadar \u00e7e\u015fitli uygulamalar i\u00e7in idealdir.<\/p>\n<p>Kalite, Qingdao H&amp;F'nin sunduklar\u0131n\u0131n temel ta\u015f\u0131d\u0131r. Her 4 tonluk ask\u0131, uluslararas\u0131 standartlara uygunlu\u011funu do\u011frulamak i\u00e7in kalite kontrol raporlar\u0131 ile birlikte titiz testlerden ge\u00e7irilir. Al\u0131c\u0131lar, her \u00fcr\u00fcn\u00fcn kapsaml\u0131 bir \u015fekilde denetlendi\u011fini ve y\u00fck alt\u0131nda a\u015f\u0131nma veya ar\u0131za riskini en aza indirdi\u011fini bilerek rahat edebilirler. Dayan\u0131kl\u0131 malzemelerin ve hassas \u00fcretim tekniklerinin kullan\u0131lmas\u0131, bu dokuma ask\u0131n\u0131n zorlu ko\u015fullar alt\u0131nda bile g\u00fcc\u00fcn\u00fc ve i\u015flevselli\u011fini korumas\u0131n\u0131 sa\u011flar. Qingdao H&amp;F'nin depodan depoya teslimat sa\u011flama taahh\u00fcd\u00fc de sat\u0131n alma s\u00fcrecini kolayla\u015ft\u0131rarak temel ekipmanlara gecikme olmaks\u0131z\u0131n h\u0131zl\u0131 eri\u015fim sa\u011flar.<\/p>\n<h4>Sekt\u00f6r \u0130htiya\u00e7lar\u0131na G\u00f6re Uyarlanm\u0131\u015ft\u0131r: G\u00fcvenlik, Verimlilik ve G\u00fcvenilirlik<\/h4>\n<p>End\u00fcstriyel kald\u0131rmada g\u00fcvenlik her \u015feyden \u00f6nemlidir. Qingdao H&amp;F'nin 4 tonluk dokuma ask\u0131s\u0131, g\u00fcvenlik standartlar\u0131n\u0131 kar\u015f\u0131layacak ve a\u015facak \u015fekilde tasarlanm\u0131\u015ft\u0131r ve operat\u00f6rlerin a\u011f\u0131r y\u00fckleri g\u00fcvenle ta\u015f\u0131yabilmesini sa\u011flar. Sapan\u0131n geni\u015f y\u00fczeyi, y\u00fck \u00fczerindeki bas\u0131n\u00e7 noktalar\u0131n\u0131 azalt\u0131r ve hasar\u0131 \u00f6nlemek i\u00e7in a\u011f\u0131rl\u0131\u011f\u0131 e\u015fit olarak da\u011f\u0131t\u0131r. Y\u00fck b\u00fct\u00fcnl\u00fc\u011f\u00fcn\u00fcn kritik oldu\u011fu uygulamalarda bu tasar\u0131m \u00f6zelli\u011fi \u00e7ok de\u011ferlidir ve ta\u015f\u0131ma s\u0131ras\u0131nda kayma veya ani y\u00fck kaymas\u0131 riskini en aza indirir. Tasar\u0131m ve yap\u0131mdaki ayr\u0131nt\u0131lara g\u00f6sterilen bu \u00f6zen, Qingdao H&amp;F'nin g\u00fcvenli ve verimli y\u00fck y\u00f6netimi i\u00e7in end\u00fcstri gereksinimlerini kar\u015f\u0131lama konusundaki kararl\u0131l\u0131\u011f\u0131n\u0131n alt\u0131n\u0131 \u00e7iziyor.<\/p>\n<p>Qingdao H&amp;F'nin tekliflerinin dikkate de\u011fer y\u00f6nlerinden biri de bire bir m\u00fc\u015fteri hizmetleri deneyimidir. Bu ki\u015fiselle\u015ftirilmi\u015f yakla\u015f\u0131m, al\u0131c\u0131lar\u0131n \u00f6zel ihtiya\u00e7lar\u0131n\u0131 tart\u0131\u015fmalar\u0131n\u0131 ve \u00f6zel \u00f6neriler almalar\u0131n\u0131 sa\u011flayarak belirli uygulamalar i\u00e7in en iyi dokuma ask\u0131s\u0131n\u0131 se\u00e7meyi kolayla\u015ft\u0131r\u0131r. H\u0131zl\u0131 bir teslimat d\u00f6ng\u00fcs\u00fc ve duyarl\u0131 bir m\u00fc\u015fteri hizmetleri ekibi ile Qingdao H&amp;F, m\u00fc\u015fterilerin zaman\u0131nda destek ve do\u011fru \u00fcr\u00fcn rehberli\u011fi almas\u0131n\u0131 sa\u011flayarak ar\u0131za s\u00fcresini daha da azalt\u0131r ve operasyonel verimlili\u011fi art\u0131r\u0131r.<\/p>\n<h4>Qingdao H&amp;F'nin M\u00fc\u015fteri Odakl\u0131 Yakla\u015f\u0131m\u0131: Kalite ve Zamanl\u0131l\u0131\u011f\u0131n Sa\u011flanmas\u0131<\/h4>\n<p>Qingdao H&amp;F'nin g\u00fcvenilirlik konusundaki itibar\u0131, t\u00fcm m\u00fc\u015fteri deneyimini kapsayacak \u015fekilde \u00fcr\u00fcnlerinin kalitesinin \u00f6tesine uzanmaktad\u0131r. Yirmi y\u0131ll\u0131k deneyime sahip bir B2B ticaret \u015firketi olarak Qingdao H&amp;F, zaman\u0131nda teslimat\u0131n ve kalite g\u00fcvencesinin kritik \u00f6nemini anl\u0131yor. Her 4 tonluk dokuma ask\u0131s\u0131, al\u0131c\u0131lara \u015feffafl\u0131k ve g\u00fcvence sa\u011flayan kapsaml\u0131 kalite kontrol raporlar\u0131yla birlikte mevcuttur. Bu raporlar, \u00fcr\u00fcn\u00fcn kapasitesini, dayan\u0131kl\u0131l\u0131\u011f\u0131n\u0131 ve g\u00fcvenlik d\u00fczenlemelerine uygunlu\u011funu onaylayan s\u0131k\u0131 testlere tabi tutuldu\u011funu do\u011frulamaktad\u0131r.<\/p>\n<p>Qingdao H&amp;F, \u00fcr\u00fcn kalitesinin yan\u0131 s\u0131ra optimum bir sat\u0131n alma deneyimi sunmaya da \u00f6nem veriyor. \u015eirketin aerodinamik lojistik ve depodan depoya hizmeti, al\u0131c\u0131lar\u0131n sipari\u015flerini minimum bekleme s\u00fcreleriyle teslim alabilmelerini sa\u011flar; bu, s\u0131k\u0131 programlarla \u00e7al\u0131\u015fan \u015firketler i\u00e7in \u00f6nemli bir \u00f6zelliktir. Ayr\u0131ca, Qingdao H&amp;F taraf\u0131ndan sunulan \u00f6zel m\u00fc\u015fteri hizmetleri, m\u00fc\u015fterilerin \u00fcr\u00fcn se\u00e7imlerinde gezinmelerine ve kald\u0131rma gereksinimlerine g\u00f6re uyarlanm\u0131\u015f bilgiler edinmelerine yard\u0131mc\u0131 olarak \u00f6nemli bir de\u011fer katmaktad\u0131r.<\/p>","protected":false},"excerpt":{"rendered":"<p>4 Tonluk Dokuma Sapan, a\u011f\u0131r hizmet kald\u0131rma operasyonlar\u0131 i\u00e7in g\u00fc\u00e7 ve g\u00fcvenilirli\u011fi birle\u015ftirerek end\u00fcstriyel al\u0131c\u0131lar\u0131n temel taleplerini kar\u015f\u0131lamak \u00fczere tasarlanm\u0131\u015ft\u0131r. Bu dokuma ask\u0131, 4 tona kadar y\u00fckler i\u00e7in g\u00fcvenli ve verimli kald\u0131rma sa\u011flar ve dayan\u0131kl\u0131l\u0131k, malzeme kalitesi ve g\u00fcvenlik standartlar\u0131na uygunluk gibi al\u0131c\u0131 endi\u015felerini giderir. Qingdao H&amp;F, 20 y\u0131ll\u0131k deneyime sahip g\u00fcvenilir bir ticaret orta\u011f\u0131 olarak, \u00fcr\u00fcn b\u00fct\u00fcnl\u00fc\u011f\u00fcn\u00fc sa\u011flamak i\u00e7in bire bir m\u00fc\u015fteri deste\u011fi, h\u0131zl\u0131 teslimat d\u00f6ng\u00fcs\u00fc ve kapsaml\u0131 kalite kontrol raporlar\u0131 sa\u011flar. Bu hizmet odakl\u0131 yakla\u015f\u0131m, her sat\u0131n alma i\u015fleminde g\u00fcven ve g\u00fcvenilirli\u011fi te\u015fvik ederek de\u011fer katar.<\/p>","protected":false},"featured_media":8195,"comment_status":"open","ping_status":"closed","template":"","meta":{"site-sidebar-layout":"default","site-content-layout":"","ast-site-content-layout":"default","site-content-style":"default","site-sidebar-style":"default","ast-global-header-display":"","ast-banner-title-visibility":"","ast-main-header-display":"","ast-hfb-above-header-display":"","ast-hfb-below-header-display":"","ast-hfb-mobile-header-display":"","site-post-title":"","ast-breadcrumbs-content":"","ast-featured-img":"","footer-sml-layout":"","theme-transparent-header-meta":"default","adv-header-id-meta":"","stick-header-meta":"default","header-above-stick-meta":"","header-main-stick-meta":"","header-below-stick-meta":"","astra-migrate-meta-layouts":"set","ast-page-background-enabled":"default","ast-page-background-meta":{"desktop":{"background-color":"","background-image":"","background-repeat":"repeat","background-position":"center center","background-size":"auto","background-attachment":"scroll","background-type":"","background-media":"","overlay-type":"","overlay-color":"","overlay-opacity":"","overlay-gradient":""},"tablet":{"background-color":"","background-image":"","background-repeat":"repeat","background-position":"center center","background-size":"auto","background-attachment":"scroll","background-type":"","background-media":"","overlay-type":"","overlay-color":"","overlay-opacity":"","overlay-gradient":""},"mobile":{"background-color":"","background-image":"","background-repeat":"repeat","background-position":"center center","background-size":"auto","background-attachment":"scroll","background-type":"","background-media":"","overlay-type":"","overlay-color":"","overlay-opacity":"","overlay-gradient":""}},"ast-content-background-meta":{"desktop":{"background-color":"var(--ast-global-color-5)","background-image":"","background-repeat":"repeat","background-position":"center center","background-size":"auto","background-attachment":"scroll","background-type":"","background-media":"","overlay-type":"","overlay-color":"","overlay-opacity":"","overlay-gradient":""},"tablet":{"background-color":"var(--ast-global-color-5)","background-image":"","background-repeat":"repeat","background-position":"center center","background-size":"auto","background-attachment":"scroll","background-type":"","background-media":"","overlay-type":"","overlay-color":"","overlay-opacity":"","overlay-gradient":""},"mobile":{"background-color":"var(--ast-global-color-5)","background-image":"","background-repeat":"repeat","background-position":"center center","background-size":"auto","background-attachment":"scroll","background-type":"","background-media":"","overlay-type":"","overlay-color":"","overlay-opacity":"","overlay-gradient":""}}},"product_brand":[],"product_cat":[39],"product_tag":[],"class_list":{"0":"post-8283","1":"product","2":"type-product","3":"status-publish","4":"has-post-thumbnail","6":"product_cat-webbing-sling","7":"desktop-align-left","8":"tablet-align-left","9":"mobile-align-left","10":"ast-product-gallery-layout-horizontal-slider","11":"ast-product-gallery-with-no-image","12":"ast-product-tabs-layout-horizontal","14":"first","15":"instock","16":"shipping-taxable","17":"purchasable","18":"product-type-simple"},"yoast_head":"<!-- This site is optimized with the Yoast SEO plugin v25.2 - https:\/\/yoast.com\/wordpress\/plugins\/seo\/ -->\n<title>Flat Webbing Sling 4 Ton Polyester Double Duplex<\/title>\n<meta name=\"robots\" content=\"index, follow, max-snippet:-1, max-image-preview:large, max-video-preview:-1\" \/>\n<link rel=\"canonical\" href=\"https:\/\/qingdaohf.com\/tr\/urun\/dokuma-sapan-4-ton\/\" \/>\n<meta property=\"og:locale\" content=\"tr_TR\" \/>\n<meta property=\"og:type\" content=\"article\" \/>\n<meta property=\"og:title\" content=\"Flat Webbing Sling 4 Ton Polyester Double Duplex\" \/>\n<meta property=\"og:description\" content=\"4 Ton Webbing Sling is designed to meet the key demands of industrial buyers, combining strength and reliability for heavy-duty lifting operations. This webbing sling assures secure and efficient lifting for loads up to 4 tons, addressing buyer concerns such as durability, material quality, and compliance with safety standards. As a trusted trading partner with 20 years of experience, Qingdao H&amp;F provides one-on-one customer support, a fast delivery cycle, and comprehensive quality inspection reports to ensure product integrity. This service-oriented approach adds value by fostering confidence and reliability in every purchase.\" \/>\n<meta property=\"og:url\" content=\"https:\/\/qingdaohf.com\/tr\/urun\/dokuma-sapan-4-ton\/\" \/>\n<meta property=\"og:site_name\" content=\"Concrete Form &amp; Rigging Hardware Supplier\" \/>\n<meta property=\"article:publisher\" content=\"https:\/\/www.facebook.com\/qingdaohf\" \/>\n<meta property=\"article:modified_time\" content=\"2025-11-13T01:02:53+00:00\" \/>\n<meta property=\"og:image\" content=\"https:\/\/qingdaohf.com\/wp-content\/uploads\/2024\/10\/4ton-sling_1.webp\" \/>\n\t<meta property=\"og:image:width\" content=\"1000\" \/>\n\t<meta property=\"og:image:height\" content=\"1000\" \/>\n\t<meta property=\"og:image:type\" content=\"image\/webp\" \/>\n<meta name=\"twitter:card\" content=\"summary_large_image\" \/>\n<meta name=\"twitter:label1\" content=\"Tahmini okuma s\u00fcresi\" \/>\n\t<meta name=\"twitter:data1\" content=\"3 dakika\" \/>\n<script type=\"application\/ld+json\" class=\"yoast-schema-graph\">{\"@context\":\"https:\/\/schema.org\",\"@graph\":[{\"@type\":\"WebPage\",\"@id\":\"https:\/\/qingdaohf.com\/product\/webbing-sling-4-ton\/\",\"url\":\"https:\/\/qingdaohf.com\/product\/webbing-sling-4-ton\/\",\"name\":\"Flat Webbing Sling 4 Ton Polyester Double Duplex\",\"isPartOf\":{\"@id\":\"https:\/\/qingdaohf.com\/bg\/#website\"},\"primaryImageOfPage\":{\"@id\":\"https:\/\/qingdaohf.com\/product\/webbing-sling-4-ton\/#primaryimage\"},\"image\":{\"@id\":\"https:\/\/qingdaohf.com\/product\/webbing-sling-4-ton\/#primaryimage\"},\"thumbnailUrl\":\"https:\/\/qingdaohf.com\/wp-content\/uploads\/2024\/10\/4ton-sling_1.webp\",\"datePublished\":\"2024-11-05T09:52:39+00:00\",\"dateModified\":\"2025-11-13T01:02:53+00:00\",\"breadcrumb\":{\"@id\":\"https:\/\/qingdaohf.com\/product\/webbing-sling-4-ton\/#breadcrumb\"},\"inLanguage\":\"tr\",\"potentialAction\":[{\"@type\":\"ReadAction\",\"target\":[\"https:\/\/qingdaohf.com\/product\/webbing-sling-4-ton\/\"]}]},{\"@type\":\"ImageObject\",\"inLanguage\":\"tr\",\"@id\":\"https:\/\/qingdaohf.com\/product\/webbing-sling-4-ton\/#primaryimage\",\"url\":\"https:\/\/qingdaohf.com\/wp-content\/uploads\/2024\/10\/4ton-sling_1.webp\",\"contentUrl\":\"https:\/\/qingdaohf.com\/wp-content\/uploads\/2024\/10\/4ton-sling_1.webp\",\"width\":1000,\"height\":1000,\"caption\":\"Webbing Sling 4 Ton\"},{\"@type\":\"BreadcrumbList\",\"@id\":\"https:\/\/qingdaohf.com\/product\/webbing-sling-4-ton\/#breadcrumb\",\"itemListElement\":[{\"@type\":\"ListItem\",\"position\":1,\"name\":\"Home\",\"item\":\"https:\/\/qingdaohf.com\/\"},{\"@type\":\"ListItem\",\"position\":2,\"name\":\"Concrete Forming Accessories and Rigging Hardware\",\"item\":\"https:\/\/qingdaohf.com\/bg\/?page_id=944\"},{\"@type\":\"ListItem\",\"position\":3,\"name\":\"Flat Webbing Sling 4 Ton Polyester Double Duplex\"}]},{\"@type\":\"WebSite\",\"@id\":\"https:\/\/qingdaohf.com\/bg\/#website\",\"url\":\"https:\/\/qingdaohf.com\/bg\/\",\"name\":\"Concrete Form & Rigging Hardware Supplier\",\"description\":\"\",\"publisher\":{\"@id\":\"https:\/\/qingdaohf.com\/bg\/#organization\"},\"potentialAction\":[{\"@type\":\"SearchAction\",\"target\":{\"@type\":\"EntryPoint\",\"urlTemplate\":\"https:\/\/qingdaohf.com\/bg\/?s={search_term_string}\"},\"query-input\":{\"@type\":\"PropertyValueSpecification\",\"valueRequired\":true,\"valueName\":\"search_term_string\"}}],\"inLanguage\":\"tr\"},{\"@type\":\"Organization\",\"@id\":\"https:\/\/qingdaohf.com\/bg\/#organization\",\"name\":\"Qingdao H&F\",\"url\":\"https:\/\/qingdaohf.com\/bg\/\",\"logo\":{\"@type\":\"ImageObject\",\"inLanguage\":\"tr\",\"@id\":\"https:\/\/qingdaohf.com\/bg\/#\/schema\/logo\/image\/\",\"url\":\"https:\/\/qingdaohf.com\/wp-content\/uploads\/2022\/12\/cropped-HF-LOGO.png\",\"contentUrl\":\"https:\/\/qingdaohf.com\/wp-content\/uploads\/2022\/12\/cropped-HF-LOGO.png\",\"width\":391,\"height\":249,\"caption\":\"Qingdao H&F\"},\"image\":{\"@id\":\"https:\/\/qingdaohf.com\/bg\/#\/schema\/logo\/image\/\"},\"sameAs\":[\"https:\/\/www.facebook.com\/qingdaohf\"]}]}<\/script>\n<!-- \/ Yoast SEO plugin. -->","yoast_head_json":{"title":"Flat Webbing Sling 4 Ton Polyester Double Duplex","robots":{"index":"index","follow":"follow","max-snippet":"max-snippet:-1","max-image-preview":"max-image-preview:large","max-video-preview":"max-video-preview:-1"},"canonical":"https:\/\/qingdaohf.com\/tr\/urun\/dokuma-sapan-4-ton\/","og_locale":"tr_TR","og_type":"article","og_title":"Flat Webbing Sling 4 Ton Polyester Double Duplex","og_description":"4 Ton Webbing Sling is designed to meet the key demands of industrial buyers, combining strength and reliability for heavy-duty lifting operations. This webbing sling assures secure and efficient lifting for loads up to 4 tons, addressing buyer concerns such as durability, material quality, and compliance with safety standards. As a trusted trading partner with 20 years of experience, Qingdao H&amp;F provides one-on-one customer support, a fast delivery cycle, and comprehensive quality inspection reports to ensure product integrity. This service-oriented approach adds value by fostering confidence and reliability in every purchase.","og_url":"https:\/\/qingdaohf.com\/tr\/urun\/dokuma-sapan-4-ton\/","og_site_name":"Concrete Form &amp; Rigging Hardware Supplier","article_publisher":"https:\/\/www.facebook.com\/qingdaohf","article_modified_time":"2025-11-13T01:02:53+00:00","og_image":[{"width":1000,"height":1000,"url":"https:\/\/qingdaohf.com\/wp-content\/uploads\/2024\/10\/4ton-sling_1.webp","type":"image\/webp"}],"twitter_card":"summary_large_image","twitter_misc":{"Tahmini okuma s\u00fcresi":"3 dakika"},"schema":{"@context":"https:\/\/schema.org","@graph":[{"@type":"WebPage","@id":"https:\/\/qingdaohf.com\/product\/webbing-sling-4-ton\/","url":"https:\/\/qingdaohf.com\/product\/webbing-sling-4-ton\/","name":"Flat Webbing Sling 4 Ton Polyester Double Duplex","isPartOf":{"@id":"https:\/\/qingdaohf.com\/bg\/#website"},"primaryImageOfPage":{"@id":"https:\/\/qingdaohf.com\/product\/webbing-sling-4-ton\/#primaryimage"},"image":{"@id":"https:\/\/qingdaohf.com\/product\/webbing-sling-4-ton\/#primaryimage"},"thumbnailUrl":"https:\/\/qingdaohf.com\/wp-content\/uploads\/2024\/10\/4ton-sling_1.webp","datePublished":"2024-11-05T09:52:39+00:00","dateModified":"2025-11-13T01:02:53+00:00","breadcrumb":{"@id":"https:\/\/qingdaohf.com\/product\/webbing-sling-4-ton\/#breadcrumb"},"inLanguage":"tr","potentialAction":[{"@type":"ReadAction","target":["https:\/\/qingdaohf.com\/product\/webbing-sling-4-ton\/"]}]},{"@type":"ImageObject","inLanguage":"tr","@id":"https:\/\/qingdaohf.com\/product\/webbing-sling-4-ton\/#primaryimage","url":"https:\/\/qingdaohf.com\/wp-content\/uploads\/2024\/10\/4ton-sling_1.webp","contentUrl":"https:\/\/qingdaohf.com\/wp-content\/uploads\/2024\/10\/4ton-sling_1.webp","width":1000,"height":1000,"caption":"Webbing Sling 4 Ton"},{"@type":"BreadcrumbList","@id":"https:\/\/qingdaohf.com\/product\/webbing-sling-4-ton\/#breadcrumb","itemListElement":[{"@type":"ListItem","position":1,"name":"Home","item":"https:\/\/qingdaohf.com\/"},{"@type":"ListItem","position":2,"name":"Concrete Forming Accessories and Rigging Hardware","item":"https:\/\/qingdaohf.com\/bg\/?page_id=944"},{"@type":"ListItem","position":3,"name":"Flat Webbing Sling 4 Ton Polyester Double Duplex"}]},{"@type":"WebSite","@id":"https:\/\/qingdaohf.com\/bg\/#website","url":"https:\/\/qingdaohf.com\/bg\/","name":"Concrete Form & Rigging Hardware Supplier","description":"","publisher":{"@id":"https:\/\/qingdaohf.com\/bg\/#organization"},"potentialAction":[{"@type":"SearchAction","target":{"@type":"EntryPoint","urlTemplate":"https:\/\/qingdaohf.com\/bg\/?s={search_term_string}"},"query-input":{"@type":"PropertyValueSpecification","valueRequired":true,"valueName":"search_term_string"}}],"inLanguage":"tr"},{"@type":"Organization","@id":"https:\/\/qingdaohf.com\/bg\/#organization","name":"Qingdao H&F","url":"https:\/\/qingdaohf.com\/bg\/","logo":{"@type":"ImageObject","inLanguage":"tr","@id":"https:\/\/qingdaohf.com\/bg\/#\/schema\/logo\/image\/","url":"https:\/\/qingdaohf.com\/wp-content\/uploads\/2022\/12\/cropped-HF-LOGO.png","contentUrl":"https:\/\/qingdaohf.com\/wp-content\/uploads\/2022\/12\/cropped-HF-LOGO.png","width":391,"height":249,"caption":"Qingdao H&F"},"image":{"@id":"https:\/\/qingdaohf.com\/bg\/#\/schema\/logo\/image\/"},"sameAs":["https:\/\/www.facebook.com\/qingdaohf"]}]}},"_links":{"self":[{"href":"https:\/\/qingdaohf.com\/tr\/wp-json\/wp\/v2\/product\/8283","targetHints":{"allow":["GET"]}}],"collection":[{"href":"https:\/\/qingdaohf.com\/tr\/wp-json\/wp\/v2\/product"}],"about":[{"href":"https:\/\/qingdaohf.com\/tr\/wp-json\/wp\/v2\/types\/product"}],"replies":[{"embeddable":true,"href":"https:\/\/qingdaohf.com\/tr\/wp-json\/wp\/v2\/comments?post=8283"}],"version-history":[{"count":2,"href":"https:\/\/qingdaohf.com\/tr\/wp-json\/wp\/v2\/product\/8283\/revisions"}],"predecessor-version":[{"id":8337,"href":"https:\/\/qingdaohf.com\/tr\/wp-json\/wp\/v2\/product\/8283\/revisions\/8337"}],"wp:featuredmedia":[{"embeddable":true,"href":"https:\/\/qingdaohf.com\/tr\/wp-json\/wp\/v2\/media\/8195"}],"wp:attachment":[{"href":"https:\/\/qingdaohf.com\/tr\/wp-json\/wp\/v2\/media?parent=8283"}],"wp:term":[{"taxonomy":"product_brand","embeddable":true,"href":"https:\/\/qingdaohf.com\/tr\/wp-json\/wp\/v2\/product_brand?post=8283"},{"taxonomy":"product_cat","embeddable":true,"href":"https:\/\/qingdaohf.com\/tr\/wp-json\/wp\/v2\/product_cat?post=8283"},{"taxonomy":"product_tag","embeddable":true,"href":"https:\/\/qingdaohf.com\/tr\/wp-json\/wp\/v2\/product_tag?post=8283"}],"curies":[{"name":"wp","href":"https:\/\/api.w.org\/{rel}","templated":true}]}}