{"id":8285,"date":"2024-11-05T17:54:41","date_gmt":"2024-11-05T09:54:41","guid":{"rendered":"http:\/\/qingdaohf.com\/?post_type=product&#038;p=8285"},"modified":"2025-11-13T09:02:53","modified_gmt":"2025-11-13T01:02:53","slug":"webbing-sling-5-ton","status":"publish","type":"product","link":"https:\/\/qingdaohf.com\/tr\/urun\/dokuma-sapan-5-ton\/","title":{"rendered":"D\u00fcz Dokuma Sapan 5 Ton Polyester \u00c7ift Dubleks"},"content":{"rendered":"<h4>5-Ton Dokuma Sapan\u0131n Temel Nitelikleri: Dayan\u0131kl\u0131l\u0131k, G\u00fcvenlik ve Performans<\/h4>\n<p>Qingdao H&amp;F'nin 5 Tonluk Dokuma Ask\u0131s\u0131, g\u00fc\u00e7 ve g\u00fcvenli\u011fin en \u00f6nemli \u00f6ncelikler oldu\u011fu zorlu kald\u0131rma uygulamalar\u0131n\u0131n \u00fcstesinden gelmek i\u00e7in tasarlanm\u0131\u015ft\u0131r. Y\u00fcksek kaliteli polyesterden \u00fcretilen bu ask\u0131, a\u015f\u0131nmaya, UV \u0131\u015f\u0131nlar\u0131na ve a\u015f\u0131nmaya kar\u015f\u0131 ola\u011fan\u00fcst\u00fc diren\u00e7 sa\u011flayarak tekrarlayan a\u011f\u0131r kald\u0131rma g\u00f6revleri i\u00e7in dayan\u0131kl\u0131 bir \u00e7\u00f6z\u00fcm sunar. 5 tonluk kapasitesi, g\u00fcvenilirli\u011fin \u00e7ok \u00f6nemli oldu\u011fu in\u015faat ve lojistikten nakliye ve \u00fcretime kadar \u00e7e\u015fitli sekt\u00f6rler i\u00e7in esneklik sunar.<\/p>\n<p>\u00dcr\u00fcn dayan\u0131kl\u0131l\u0131\u011f\u0131 konusunda endi\u015fe duyan al\u0131c\u0131lar, Qingdao H&amp;F'nin kalite taahh\u00fcd\u00fcnde g\u00fcvence bulacakt\u0131r. Her 5 tonluk dokuma sapan, \u00fcr\u00fcn\u00fcn end\u00fcstri standartlar\u0131n\u0131 kar\u015f\u0131lad\u0131\u011f\u0131n\u0131 do\u011frulamak i\u00e7in e\u015flik eden denetim raporlar\u0131 ile birlikte kapsaml\u0131 kalite kontrol kontrollerinden ge\u00e7er. Sapan\u0131n yap\u0131s\u0131 y\u00fck dengesini destekler ve kaymay\u0131 \u00f6nleyerek kald\u0131rma i\u015flemleri s\u0131ras\u0131nda kaza olas\u0131l\u0131\u011f\u0131n\u0131 azalt\u0131r. Ayr\u0131ca, Qingdao H&amp;F'nin h\u0131zl\u0131 teslimat ve duyarl\u0131 m\u00fc\u015fteri hizmetleri yakla\u015f\u0131m\u0131, al\u0131c\u0131lar\u0131n h\u0131zl\u0131 yard\u0131m almas\u0131n\u0131 ve gecikme olmaks\u0131z\u0131n g\u00fcvenilir ekipman edinmesini sa\u011flayarak sorunsuz operasyonlar\u0131 kolayla\u015ft\u0131r\u0131r ve ar\u0131za s\u00fcresini en aza indirir.<\/p>\n<h4>Sa\u011flam G\u00fcvenlik \u00d6zellikleri ile Sekt\u00f6r Taleplerini Kar\u015f\u0131lamak<\/h4>\n<p>Kald\u0131rma ekipman\u0131 se\u00e7erken g\u00fcvenlik kritik bir husustur. Qingdao H&amp;F'nin 5 tonluk dokuma sapan\u0131n\u0131n tasar\u0131m\u0131, malzeme se\u00e7imi, yap\u0131s\u0131 ve y\u00fck da\u011f\u0131t\u0131m mekanizmalar\u0131 arac\u0131l\u0131\u011f\u0131yla g\u00fcvenli\u011fe \u00f6ncelik verir. Geni\u015f, esnek bir dokuma yap\u0131s\u0131 kullanan bu ask\u0131, a\u011f\u0131rl\u0131\u011f\u0131 daha geni\u015f bir y\u00fczey alan\u0131na yayarak hem y\u00fcke hem de ask\u0131n\u0131n kendisine zarar verebilecek bas\u0131n\u00e7 noktalar\u0131n\u0131 \u00f6nler. Bu \u00f6zellik kald\u0131rma s\u0131ras\u0131nda dengeyi art\u0131rarak ani y\u00fck kaymas\u0131 riskini azalt\u0131r ve kontroll\u00fc, g\u00fcvenli bir kald\u0131rma sa\u011flar.<\/p>\n<p>S\u0131k\u0131 g\u00fcvenlik uyumlulu\u011fu gerektiren end\u00fcstriler i\u00e7in Qingdao H&amp;F'nin 5 tonluk dokuma ask\u0131s\u0131, uluslararas\u0131 kald\u0131rma standartlar\u0131n\u0131 kar\u015f\u0131layacak \u015fekilde \u00fcretilmi\u015ftir. Bu, ask\u0131n\u0131n ister zorlu \u015fantiyelerde, ister yo\u011fun lojistik merkezlerinde veya end\u00fcstriyel depolarda kullan\u0131ls\u0131n, zorlu ko\u015fullara dayanabilmesini sa\u011flar. Malzeme ve tasar\u0131m se\u00e7enekleri, kullan\u0131m kolayl\u0131\u011f\u0131ndan \u00f6d\u00fcn vermeden dayan\u0131kl\u0131l\u0131\u011f\u0131 vurgulayarak operat\u00f6rlerin g\u00fcven ve verimlilikle \u00e7al\u0131\u015fmas\u0131na olanak tan\u0131r. G\u00fcvenli\u011fi \u00f6n planda tutan bu dokuma ask\u0131, y\u00fcksek riskli kald\u0131rma g\u00f6revleri i\u00e7in g\u00fcvenilir bir \u00e7\u00f6z\u00fcm\u00fc temsil eder.<\/p>\n<h4>Qingdao H&amp;F: G\u00fcvenilir Hizmet ve Kalite G\u00fcvencesi Sa\u011flamak<\/h4>\n<p>Qingdao H&amp;F'nin bir B2B ticaret \u015firketi olarak itibar\u0131, i\u015fletmelerin pratik ihtiya\u00e7lar\u0131n\u0131 kar\u015f\u0131layan end\u00fcstriyel kald\u0131rma \u00e7\u00f6z\u00fcmleri sa\u011flamadaki 20 y\u0131ll\u0131k uzmanl\u0131\u011f\u0131na dayanmaktad\u0131r. Her 5 tonluk dokuma sapan, Qingdao H&amp;F'nin \u015feffafl\u0131k ve \u00fcr\u00fcn b\u00fct\u00fcnl\u00fc\u011f\u00fcne olan ba\u011fl\u0131l\u0131\u011f\u0131n\u0131 vurgulayan ayr\u0131nt\u0131l\u0131 kalite kontrol raporlar\u0131yla birlikte gelir. Bu raporlar, al\u0131c\u0131lar\u0131n \u00fcr\u00fcn\u00fcn test sonu\u00e7lar\u0131n\u0131 incelemesine olanak tan\u0131yarak g\u00fcvenlik ve performans standartlar\u0131na uygunlu\u011fu sa\u011flar. Qingdao H&amp;F, do\u011frulanabilir belgeler sa\u011flayarak al\u0131c\u0131lara sat\u0131n alma i\u015flemlerinde g\u00fcven verir, g\u00fcven ve g\u00fcvenilirli\u011fi art\u0131r\u0131r.<\/p>\n<p>Qingdao H&amp;F, y\u00fcksek kaliteli \u00fcr\u00fcnlerin yan\u0131 s\u0131ra m\u00fc\u015fteri deneyimine de b\u00fcy\u00fck \u00f6nem vermektedir. Bire bir hizmet modeli, m\u00fc\u015fterilerin benzersiz gereksinimlerini anlayan bilgili temsilcilerle do\u011frudan \u00e7al\u0131\u015fmas\u0131na olanak tan\u0131yarak en iyi dokuma ask\u0131 se\u00e7enekleri hakk\u0131nda \u00f6zel tavsiyeler sunar. Bu hizmet yakla\u015f\u0131m\u0131, h\u0131zl\u0131 ve verimli bir teslimat d\u00f6ng\u00fcs\u00fc ile birle\u015fti\u011finde, Qingdao H&amp;F'nin sat\u0131n alma s\u00fcrecinin her a\u015famas\u0131nda m\u00fc\u015fterileri desteklemeye olan ba\u011fl\u0131l\u0131\u011f\u0131n\u0131 g\u00f6stermektedir. Al\u0131c\u0131lar, bekleme s\u00fcrelerini en aza indiren ve temel ekipmanlar\u0131n kullan\u0131labilirli\u011fini en \u00fcst d\u00fczeye \u00e7\u0131karan ve i\u015fletmelerin operasyonel verimlili\u011fi s\u00fcrd\u00fcrmelerine olanak tan\u0131yan modern bir deneyim ya\u015farlar.<\/p>\n<p>Y\u00fcksek performansl\u0131 dokuma sapanlar, kapsaml\u0131 kalite kontrolleri ve \u00f6zenli hizmet kombinasyonu sayesinde Qingdao H&amp;F, end\u00fcstriyel kald\u0131rma pazar\u0131nda g\u00fcvenilir bir sa\u011flay\u0131c\u0131 olmaya devam etmektedir. 5 tonluk dokuma sapan, g\u00fcn\u00fcm\u00fcz\u00fcn end\u00fcstriyel ortamlar\u0131n\u0131n zorlu taleplerini kar\u015f\u0131layan sa\u011flam ve g\u00fcvenilir bir \u00e7\u00f6z\u00fcm sunarak bu taahh\u00fcd\u00fc \u00f6rneklemektedir.<\/p>","protected":false},"excerpt":{"rendered":"<p>5 Tonluk Dokuma Sapan, a\u011f\u0131r y\u00fckleri g\u00fcvenli bir \u015fekilde kald\u0131rmak i\u00e7in y\u00fcksek mukavemet ve esnekli\u011fi bir araya getirerek al\u0131c\u0131lar\u0131n dayan\u0131kl\u0131l\u0131k, g\u00fcvenlik ve verimlilik konusundaki endi\u015felerini giderir. Titiz standartlara g\u00f6re \u00fcretilen bu dokuma ask\u0131, kullan\u0131m kolayl\u0131\u011f\u0131 i\u00e7in esnekli\u011fi korurken 5 tona kadar g\u00fcvenilir bir \u015fekilde \u00e7al\u0131\u015f\u0131r. Qingdao H&amp;F, 20 y\u0131ll\u0131k deneyime sahip k\u00f6kl\u00fc bir ticaret \u015firketi olarak, al\u0131c\u0131lar\u0131n bire bir m\u00fc\u015fteri hizmetlerinden, h\u0131zl\u0131 teslimat d\u00f6ng\u00fcs\u00fcnden ve ayr\u0131nt\u0131l\u0131 kalite kontrol raporlar\u0131ndan yararlanmas\u0131n\u0131 sa\u011flar. Bu yakla\u015f\u0131m, kaliteye, zaman\u0131nda teslimata ve kapsaml\u0131 deste\u011fe olan ba\u011fl\u0131l\u0131\u011f\u0131m\u0131z\u0131 vurgulayarak sorunsuz bir sat\u0131n alma deneyimi sa\u011flar.<\/p>","protected":false},"featured_media":8191,"comment_status":"open","ping_status":"closed","template":"","meta":{"site-sidebar-layout":"default","site-content-layout":"","ast-site-content-layout":"default","site-content-style":"default","site-sidebar-style":"default","ast-global-header-display":"","ast-banner-title-visibility":"","ast-main-header-display":"","ast-hfb-above-header-display":"","ast-hfb-below-header-display":"","ast-hfb-mobile-header-display":"","site-post-title":"","ast-breadcrumbs-content":"","ast-featured-img":"","footer-sml-layout":"","theme-transparent-header-meta":"default","adv-header-id-meta":"","stick-header-meta":"default","header-above-stick-meta":"","header-main-stick-meta":"","header-below-stick-meta":"","astra-migrate-meta-layouts":"set","ast-page-background-enabled":"default","ast-page-background-meta":{"desktop":{"background-color":"","background-image":"","background-repeat":"repeat","background-position":"center center","background-size":"auto","background-attachment":"scroll","background-type":"","background-media":"","overlay-type":"","overlay-color":"","overlay-opacity":"","overlay-gradient":""},"tablet":{"background-color":"","background-image":"","background-repeat":"repeat","background-position":"center center","background-size":"auto","background-attachment":"scroll","background-type":"","background-media":"","overlay-type":"","overlay-color":"","overlay-opacity":"","overlay-gradient":""},"mobile":{"background-color":"","background-image":"","background-repeat":"repeat","background-position":"center center","background-size":"auto","background-attachment":"scroll","background-type":"","background-media":"","overlay-type":"","overlay-color":"","overlay-opacity":"","overlay-gradient":""}},"ast-content-background-meta":{"desktop":{"background-color":"var(--ast-global-color-5)","background-image":"","background-repeat":"repeat","background-position":"center center","background-size":"auto","background-attachment":"scroll","background-type":"","background-media":"","overlay-type":"","overlay-color":"","overlay-opacity":"","overlay-gradient":""},"tablet":{"background-color":"var(--ast-global-color-5)","background-image":"","background-repeat":"repeat","background-position":"center center","background-size":"auto","background-attachment":"scroll","background-type":"","background-media":"","overlay-type":"","overlay-color":"","overlay-opacity":"","overlay-gradient":""},"mobile":{"background-color":"var(--ast-global-color-5)","background-image":"","background-repeat":"repeat","background-position":"center center","background-size":"auto","background-attachment":"scroll","background-type":"","background-media":"","overlay-type":"","overlay-color":"","overlay-opacity":"","overlay-gradient":""}}},"product_brand":[],"product_cat":[39],"product_tag":[],"class_list":{"0":"post-8285","1":"product","2":"type-product","3":"status-publish","4":"has-post-thumbnail","6":"product_cat-webbing-sling","7":"desktop-align-left","8":"tablet-align-left","9":"mobile-align-left","10":"ast-product-gallery-layout-horizontal-slider","11":"ast-product-gallery-with-no-image","12":"ast-product-tabs-layout-horizontal","14":"first","15":"instock","16":"shipping-taxable","17":"purchasable","18":"product-type-simple"},"yoast_head":"<!-- This site is optimized with the Yoast SEO plugin v25.2 - https:\/\/yoast.com\/wordpress\/plugins\/seo\/ -->\n<title>Flat Webbing Sling 5 Ton Polyester Double Duplex<\/title>\n<meta name=\"robots\" content=\"index, follow, max-snippet:-1, max-image-preview:large, max-video-preview:-1\" \/>\n<link rel=\"canonical\" href=\"https:\/\/qingdaohf.com\/tr\/urun\/dokuma-sapan-5-ton\/\" \/>\n<meta property=\"og:locale\" content=\"tr_TR\" \/>\n<meta property=\"og:type\" content=\"article\" \/>\n<meta property=\"og:title\" content=\"Flat Webbing Sling 5 Ton Polyester Double Duplex\" \/>\n<meta property=\"og:description\" content=\"5-Ton Webbing Sling combines high strength and resilience to safely lift heavy loads, addressing buyers&#039; concerns about durability, safety, and efficiency. Manufactured to rigorous standards, this webbing sling reliably handles up to 5 tons while maintaining flexibility for ease of use. As an established trading company with 20 years of experience, Qingdao H&amp;F ensures that buyers benefit from one-on-one customer service, a fast delivery cycle, and detailed quality inspection reports. This approach emphasizes our commitment to quality, timely delivery, and comprehensive support, providing a seamless purchasing experience.\" \/>\n<meta property=\"og:url\" content=\"https:\/\/qingdaohf.com\/tr\/urun\/dokuma-sapan-5-ton\/\" \/>\n<meta property=\"og:site_name\" content=\"Concrete Form &amp; Rigging Hardware Supplier\" \/>\n<meta property=\"article:publisher\" content=\"https:\/\/www.facebook.com\/qingdaohf\" \/>\n<meta property=\"article:modified_time\" content=\"2025-11-13T01:02:53+00:00\" \/>\n<meta property=\"og:image\" content=\"https:\/\/qingdaohf.com\/wp-content\/uploads\/2024\/10\/Heavy-Duty-5-ton-webbing-sling_1.webp\" \/>\n\t<meta property=\"og:image:width\" content=\"1000\" \/>\n\t<meta property=\"og:image:height\" content=\"1000\" \/>\n\t<meta property=\"og:image:type\" content=\"image\/webp\" \/>\n<meta name=\"twitter:card\" content=\"summary_large_image\" \/>\n<meta name=\"twitter:label1\" content=\"Tahmini okuma s\u00fcresi\" \/>\n\t<meta name=\"twitter:data1\" content=\"3 dakika\" \/>\n<script type=\"application\/ld+json\" class=\"yoast-schema-graph\">{\"@context\":\"https:\/\/schema.org\",\"@graph\":[{\"@type\":\"WebPage\",\"@id\":\"https:\/\/qingdaohf.com\/product\/webbing-sling-5-ton\/\",\"url\":\"https:\/\/qingdaohf.com\/product\/webbing-sling-5-ton\/\",\"name\":\"Flat Webbing Sling 5 Ton Polyester Double Duplex\",\"isPartOf\":{\"@id\":\"https:\/\/qingdaohf.com\/bg\/#website\"},\"primaryImageOfPage\":{\"@id\":\"https:\/\/qingdaohf.com\/product\/webbing-sling-5-ton\/#primaryimage\"},\"image\":{\"@id\":\"https:\/\/qingdaohf.com\/product\/webbing-sling-5-ton\/#primaryimage\"},\"thumbnailUrl\":\"https:\/\/qingdaohf.com\/wp-content\/uploads\/2024\/10\/Heavy-Duty-5-ton-webbing-sling_1.webp\",\"datePublished\":\"2024-11-05T09:54:41+00:00\",\"dateModified\":\"2025-11-13T01:02:53+00:00\",\"breadcrumb\":{\"@id\":\"https:\/\/qingdaohf.com\/product\/webbing-sling-5-ton\/#breadcrumb\"},\"inLanguage\":\"tr\",\"potentialAction\":[{\"@type\":\"ReadAction\",\"target\":[\"https:\/\/qingdaohf.com\/product\/webbing-sling-5-ton\/\"]}]},{\"@type\":\"ImageObject\",\"inLanguage\":\"tr\",\"@id\":\"https:\/\/qingdaohf.com\/product\/webbing-sling-5-ton\/#primaryimage\",\"url\":\"https:\/\/qingdaohf.com\/wp-content\/uploads\/2024\/10\/Heavy-Duty-5-ton-webbing-sling_1.webp\",\"contentUrl\":\"https:\/\/qingdaohf.com\/wp-content\/uploads\/2024\/10\/Heavy-Duty-5-ton-webbing-sling_1.webp\",\"width\":1000,\"height\":1000,\"caption\":\"webbing sling 5 ton\"},{\"@type\":\"BreadcrumbList\",\"@id\":\"https:\/\/qingdaohf.com\/product\/webbing-sling-5-ton\/#breadcrumb\",\"itemListElement\":[{\"@type\":\"ListItem\",\"position\":1,\"name\":\"Home\",\"item\":\"https:\/\/qingdaohf.com\/\"},{\"@type\":\"ListItem\",\"position\":2,\"name\":\"Concrete Forming Accessories and Rigging Hardware\",\"item\":\"https:\/\/qingdaohf.com\/bg\/?page_id=944\"},{\"@type\":\"ListItem\",\"position\":3,\"name\":\"Flat Webbing Sling 5 Ton Polyester Double Duplex\"}]},{\"@type\":\"WebSite\",\"@id\":\"https:\/\/qingdaohf.com\/bg\/#website\",\"url\":\"https:\/\/qingdaohf.com\/bg\/\",\"name\":\"Concrete Form & Rigging Hardware Supplier\",\"description\":\"\",\"publisher\":{\"@id\":\"https:\/\/qingdaohf.com\/bg\/#organization\"},\"potentialAction\":[{\"@type\":\"SearchAction\",\"target\":{\"@type\":\"EntryPoint\",\"urlTemplate\":\"https:\/\/qingdaohf.com\/bg\/?s={search_term_string}\"},\"query-input\":{\"@type\":\"PropertyValueSpecification\",\"valueRequired\":true,\"valueName\":\"search_term_string\"}}],\"inLanguage\":\"tr\"},{\"@type\":\"Organization\",\"@id\":\"https:\/\/qingdaohf.com\/bg\/#organization\",\"name\":\"Qingdao H&F\",\"url\":\"https:\/\/qingdaohf.com\/bg\/\",\"logo\":{\"@type\":\"ImageObject\",\"inLanguage\":\"tr\",\"@id\":\"https:\/\/qingdaohf.com\/bg\/#\/schema\/logo\/image\/\",\"url\":\"https:\/\/qingdaohf.com\/wp-content\/uploads\/2022\/12\/cropped-HF-LOGO.png\",\"contentUrl\":\"https:\/\/qingdaohf.com\/wp-content\/uploads\/2022\/12\/cropped-HF-LOGO.png\",\"width\":391,\"height\":249,\"caption\":\"Qingdao H&F\"},\"image\":{\"@id\":\"https:\/\/qingdaohf.com\/bg\/#\/schema\/logo\/image\/\"},\"sameAs\":[\"https:\/\/www.facebook.com\/qingdaohf\"]}]}<\/script>\n<!-- \/ Yoast SEO plugin. -->","yoast_head_json":{"title":"Flat Webbing Sling 5 Ton Polyester Double Duplex","robots":{"index":"index","follow":"follow","max-snippet":"max-snippet:-1","max-image-preview":"max-image-preview:large","max-video-preview":"max-video-preview:-1"},"canonical":"https:\/\/qingdaohf.com\/tr\/urun\/dokuma-sapan-5-ton\/","og_locale":"tr_TR","og_type":"article","og_title":"Flat Webbing Sling 5 Ton Polyester Double Duplex","og_description":"5-Ton Webbing Sling combines high strength and resilience to safely lift heavy loads, addressing buyers' concerns about durability, safety, and efficiency. Manufactured to rigorous standards, this webbing sling reliably handles up to 5 tons while maintaining flexibility for ease of use. As an established trading company with 20 years of experience, Qingdao H&amp;F ensures that buyers benefit from one-on-one customer service, a fast delivery cycle, and detailed quality inspection reports. This approach emphasizes our commitment to quality, timely delivery, and comprehensive support, providing a seamless purchasing experience.","og_url":"https:\/\/qingdaohf.com\/tr\/urun\/dokuma-sapan-5-ton\/","og_site_name":"Concrete Form &amp; Rigging Hardware Supplier","article_publisher":"https:\/\/www.facebook.com\/qingdaohf","article_modified_time":"2025-11-13T01:02:53+00:00","og_image":[{"width":1000,"height":1000,"url":"https:\/\/qingdaohf.com\/wp-content\/uploads\/2024\/10\/Heavy-Duty-5-ton-webbing-sling_1.webp","type":"image\/webp"}],"twitter_card":"summary_large_image","twitter_misc":{"Tahmini okuma s\u00fcresi":"3 dakika"},"schema":{"@context":"https:\/\/schema.org","@graph":[{"@type":"WebPage","@id":"https:\/\/qingdaohf.com\/product\/webbing-sling-5-ton\/","url":"https:\/\/qingdaohf.com\/product\/webbing-sling-5-ton\/","name":"Flat Webbing Sling 5 Ton Polyester Double Duplex","isPartOf":{"@id":"https:\/\/qingdaohf.com\/bg\/#website"},"primaryImageOfPage":{"@id":"https:\/\/qingdaohf.com\/product\/webbing-sling-5-ton\/#primaryimage"},"image":{"@id":"https:\/\/qingdaohf.com\/product\/webbing-sling-5-ton\/#primaryimage"},"thumbnailUrl":"https:\/\/qingdaohf.com\/wp-content\/uploads\/2024\/10\/Heavy-Duty-5-ton-webbing-sling_1.webp","datePublished":"2024-11-05T09:54:41+00:00","dateModified":"2025-11-13T01:02:53+00:00","breadcrumb":{"@id":"https:\/\/qingdaohf.com\/product\/webbing-sling-5-ton\/#breadcrumb"},"inLanguage":"tr","potentialAction":[{"@type":"ReadAction","target":["https:\/\/qingdaohf.com\/product\/webbing-sling-5-ton\/"]}]},{"@type":"ImageObject","inLanguage":"tr","@id":"https:\/\/qingdaohf.com\/product\/webbing-sling-5-ton\/#primaryimage","url":"https:\/\/qingdaohf.com\/wp-content\/uploads\/2024\/10\/Heavy-Duty-5-ton-webbing-sling_1.webp","contentUrl":"https:\/\/qingdaohf.com\/wp-content\/uploads\/2024\/10\/Heavy-Duty-5-ton-webbing-sling_1.webp","width":1000,"height":1000,"caption":"webbing sling 5 ton"},{"@type":"BreadcrumbList","@id":"https:\/\/qingdaohf.com\/product\/webbing-sling-5-ton\/#breadcrumb","itemListElement":[{"@type":"ListItem","position":1,"name":"Home","item":"https:\/\/qingdaohf.com\/"},{"@type":"ListItem","position":2,"name":"Concrete Forming Accessories and Rigging Hardware","item":"https:\/\/qingdaohf.com\/bg\/?page_id=944"},{"@type":"ListItem","position":3,"name":"Flat Webbing Sling 5 Ton Polyester Double Duplex"}]},{"@type":"WebSite","@id":"https:\/\/qingdaohf.com\/bg\/#website","url":"https:\/\/qingdaohf.com\/bg\/","name":"Concrete Form & Rigging Hardware Supplier","description":"","publisher":{"@id":"https:\/\/qingdaohf.com\/bg\/#organization"},"potentialAction":[{"@type":"SearchAction","target":{"@type":"EntryPoint","urlTemplate":"https:\/\/qingdaohf.com\/bg\/?s={search_term_string}"},"query-input":{"@type":"PropertyValueSpecification","valueRequired":true,"valueName":"search_term_string"}}],"inLanguage":"tr"},{"@type":"Organization","@id":"https:\/\/qingdaohf.com\/bg\/#organization","name":"Qingdao H&F","url":"https:\/\/qingdaohf.com\/bg\/","logo":{"@type":"ImageObject","inLanguage":"tr","@id":"https:\/\/qingdaohf.com\/bg\/#\/schema\/logo\/image\/","url":"https:\/\/qingdaohf.com\/wp-content\/uploads\/2022\/12\/cropped-HF-LOGO.png","contentUrl":"https:\/\/qingdaohf.com\/wp-content\/uploads\/2022\/12\/cropped-HF-LOGO.png","width":391,"height":249,"caption":"Qingdao H&F"},"image":{"@id":"https:\/\/qingdaohf.com\/bg\/#\/schema\/logo\/image\/"},"sameAs":["https:\/\/www.facebook.com\/qingdaohf"]}]}},"_links":{"self":[{"href":"https:\/\/qingdaohf.com\/tr\/wp-json\/wp\/v2\/product\/8285","targetHints":{"allow":["GET"]}}],"collection":[{"href":"https:\/\/qingdaohf.com\/tr\/wp-json\/wp\/v2\/product"}],"about":[{"href":"https:\/\/qingdaohf.com\/tr\/wp-json\/wp\/v2\/types\/product"}],"replies":[{"embeddable":true,"href":"https:\/\/qingdaohf.com\/tr\/wp-json\/wp\/v2\/comments?post=8285"}],"version-history":[{"count":2,"href":"https:\/\/qingdaohf.com\/tr\/wp-json\/wp\/v2\/product\/8285\/revisions"}],"predecessor-version":[{"id":8336,"href":"https:\/\/qingdaohf.com\/tr\/wp-json\/wp\/v2\/product\/8285\/revisions\/8336"}],"wp:featuredmedia":[{"embeddable":true,"href":"https:\/\/qingdaohf.com\/tr\/wp-json\/wp\/v2\/media\/8191"}],"wp:attachment":[{"href":"https:\/\/qingdaohf.com\/tr\/wp-json\/wp\/v2\/media?parent=8285"}],"wp:term":[{"taxonomy":"product_brand","embeddable":true,"href":"https:\/\/qingdaohf.com\/tr\/wp-json\/wp\/v2\/product_brand?post=8285"},{"taxonomy":"product_cat","embeddable":true,"href":"https:\/\/qingdaohf.com\/tr\/wp-json\/wp\/v2\/product_cat?post=8285"},{"taxonomy":"product_tag","embeddable":true,"href":"https:\/\/qingdaohf.com\/tr\/wp-json\/wp\/v2\/product_tag?post=8285"}],"curies":[{"name":"wp","href":"https:\/\/api.w.org\/{rel}","templated":true}]}}