{"id":8287,"date":"2024-11-05T17:56:32","date_gmt":"2024-11-05T09:56:32","guid":{"rendered":"http:\/\/qingdaohf.com\/?post_type=product&#038;p=8287"},"modified":"2025-11-13T09:02:53","modified_gmt":"2025-11-13T01:02:53","slug":"webbing-sling-6-ton","status":"publish","type":"product","link":"https:\/\/qingdaohf.com\/tr\/urun\/dokuma-sapan-6-ton\/","title":{"rendered":"D\u00fcz Dokuma Sapan 6 Ton Polyester \u00c7ift Dubleks"},"content":{"rendered":"<div class=\"flex max-w-full flex-col flex-grow\">\n<div class=\"min-h-8 text-message flex w-full flex-col items-end gap-2 whitespace-normal break-words [.text-message+&amp;]:mt-5\" dir=\"auto\" data-message-author-role=\"assistant\" data-message-id=\"c70e5c25-1016-4fd4-95f4-df6f87317104\" data-message-model-slug=\"gpt-4o\">\n<div class=\"flex w-full flex-col gap-1 empty:hidden first:pt-[3px]\">\n<div class=\"markdown prose w-full break-words dark:prose-invert light\">\n<h4>Ola\u011fan\u00fcst\u00fc Y\u00fck Ta\u015f\u0131ma Kapasitesi ve 6 Tonluk Dokuma Sapan\u0131n Yap\u0131s\u0131<\/h4>\n<p>Qingdao H&amp;F 6-Ton Dokuma Sapan, g\u00fc\u00e7, stabilite ve dayan\u0131kl\u0131l\u0131\u011f\u0131n kritik oldu\u011fu uygulamalar i\u00e7in tasarlanm\u0131\u015ft\u0131r. Y\u00fcksek mukavemetli polyesterden \u00fcretilen bu dokuma ask\u0131, UV \u0131\u015f\u0131nlar\u0131na maruz kalma, a\u015f\u0131nma ve d\u00fczenli a\u015f\u0131nma gibi \u00e7evresel zorluklara dayan\u0131rken ola\u011fan\u00fcst\u00fc y\u00fck ta\u015f\u0131ma kapasitesi sa\u011flar. 6 tonluk kapasitesi, g\u00fcvenilir kald\u0131rma ekipman\u0131n\u0131n bir gereklilik oldu\u011fu in\u015faat, lojistik ve end\u00fcstriyel \u00fcretim dahil olmak \u00fczere bir dizi zorlu end\u00fcstri i\u00e7in uygun olmas\u0131n\u0131 sa\u011flar.<\/p>\n<p>Qingdao H&amp;F, her 6 tonluk dokuma sapan\u0131n s\u0131k\u0131 kalite gereksinimlerini kar\u015f\u0131lamas\u0131n\u0131 sa\u011flar. Sapan, titiz testlerden ge\u00e7irilir ve al\u0131c\u0131lara uluslararas\u0131 g\u00fcvenlik standartlar\u0131na uygunlu\u011fu konusunda g\u00fcven veren bir kalite kontrol raporu ile birlikte gelir. G\u00fcvenilirli\u011fin tart\u0131\u015f\u0131lmaz oldu\u011fu end\u00fcstriler i\u00e7in, Qingdao H&amp;F taraf\u0131ndan sa\u011flanan kalite g\u00fcvencesi, bu sapan\u0131 g\u00fcvenilir bir se\u00e7im olarak belirler. Ayr\u0131ca, Qingdao H&amp;F'nin h\u0131zl\u0131 teslimat d\u00f6ng\u00fcs\u00fc, i\u015fletmelerin temel ekipman\u0131 zaman\u0131nda temin etmesine olanak tan\u0131yarak ar\u0131za s\u00fcresini azalt\u0131r ve verimli operasyonlar sa\u011flar.<\/p>\n<h4>Kald\u0131rma Uygulamalar\u0131nda G\u00fcvenlik Standartlar\u0131 ve Y\u00fck Stabilitesinin Ele Al\u0131nmas\u0131<\/h4>\n<p>Kald\u0131rma operasyonlar\u0131nda g\u00fcvenlik her \u015feyden \u00f6nemlidir ve Qingdao H&amp;F 6 tonluk dokuma sapan\u0131n tasar\u0131m\u0131 hem y\u00fck g\u00fcvenli\u011fini hem de operasyonel istikrar\u0131 vurgular. Geni\u015f bir dokuma kuma\u015ftan \u00fcretilen bu ask\u0131, a\u011f\u0131rl\u0131\u011f\u0131 etkili bir \u015fekilde da\u011f\u0131tarak y\u00fck \u00fczerindeki bask\u0131y\u0131 azalt\u0131r ve hasar potansiyelini en aza indirir. Bu tasar\u0131m \u00f6zelli\u011fi, \u00f6zellikle hassas veya hacimli \u00f6\u011feleri ta\u015f\u0131rken sorunsuz, g\u00fcvenli asans\u00f6rler sa\u011flamak i\u00e7in kritik \u00f6neme sahiptir. Qingdao H&amp;F'nin g\u00fcvenli\u011fe olan ba\u011fl\u0131l\u0131\u011f\u0131, kullan\u0131lan malzemelerde de kendini g\u00f6stermekte olup, her bir ask\u0131 end\u00fcstriyel g\u00fcvenlik standartlar\u0131n\u0131 kar\u015f\u0131layacak veya a\u015facak \u015fekilde haz\u0131rlanm\u0131\u015f ve b\u00f6ylece g\u00fcvenli bir \u00e7al\u0131\u015fma ortam\u0131n\u0131 desteklemektedir.<\/p>\n<p>\u0130n\u015faat ve lojistik gibi s\u0131k\u0131 g\u00fcvenlik protokollerine uyulmas\u0131n\u0131 gerektiren uygulamalarda, 6 tonluk dokuma sapan, operat\u00f6r\u00fcn g\u00fcvenini art\u0131rarak denge ve kontrol sa\u011flar. Qingdao H&amp;F'nin g\u00fcvenli\u011fe olan ba\u011fl\u0131l\u0131\u011f\u0131 end\u00fcstri gereklilikleriyle uyumludur ve her bir dokuma sapan, kapasitesini ve performans\u0131n\u0131 do\u011frulamak i\u00e7in test edilir. G\u00fcvenlik uyumlulu\u011fu g\u00fcvencesi ile al\u0131c\u0131lar, \u00fcr\u00fcn\u00fcn g\u00fcvenilirlikten \u00f6d\u00fcn vermeden a\u011f\u0131r y\u00fckleri ta\u015f\u0131ma yetene\u011fine g\u00fcvenebilirler. Qingdao H&amp;F taraf\u0131ndan uygulanan kalite kontrol \u00f6nlemleri, kritik kald\u0131rma g\u00f6revleri i\u00e7in uygunlu\u011funu daha da teyit etmektedir.<\/p>\n<h4>Qingdao H&amp;F: B2B Kald\u0131rma \u00c7\u00f6z\u00fcmlerinde G\u00fcvenilir Bir Ortak<\/h4>\n<p>Yirmi y\u0131l\u0131 a\u015fk\u0131n deneyime sahip bir B2B ticaret \u015firketi olarak Qingdao H&amp;F, \u00e7e\u015fitli sekt\u00f6rlerdeki i\u015fletmeler i\u00e7in g\u00fcvenilir, y\u00fcksek kaliteli kald\u0131rma \u00e7\u00f6z\u00fcmlerinin \u00f6nemini anl\u0131yor. 6 tonluk dokuma ask\u0131ya, al\u0131c\u0131lar\u0131n \u00fcr\u00fcn kalitesini ve uygunlu\u011funu do\u011frulamas\u0131na olanak tan\u0131yan ayr\u0131nt\u0131l\u0131 inceleme raporlar\u0131 e\u015flik ediyor. Bu raporlar, Qingdao H&amp;F'nin \u015feffafl\u0131\u011fa olan ba\u011fl\u0131l\u0131\u011f\u0131n\u0131n alt\u0131n\u0131 \u00e7izerek, m\u00fc\u015fterilere her bir ask\u0131n\u0131n kapsaml\u0131 bir \u015fekilde test edildi\u011fi ve ger\u00e7ek d\u00fcnya ko\u015fullar\u0131nda performans g\u00f6stermeye haz\u0131r oldu\u011fu konusunda g\u00f6n\u00fcl rahatl\u0131\u011f\u0131 sa\u011fl\u0131yor.<\/p>\n<p>Qingdao H&amp;F, \u00fcr\u00fcn kalitesinin \u00f6tesinde, ki\u015fiselle\u015ftirilmi\u015f \u00f6neriler ve duyarl\u0131 destek sa\u011flayan bire bir hizmet ile m\u00fc\u015fteri odakl\u0131 bir yakla\u015f\u0131m\u0131 vurgulamaktad\u0131r. Bu m\u00fc\u015fteri odakl\u0131 hizmet modeli, i\u015fletmelerin ihtiya\u00e7 duyduklar\u0131 ekipmana gereksiz gecikmeler olmadan eri\u015fmelerini sa\u011flayan h\u0131zl\u0131, g\u00fcvenilir bir teslimat d\u00f6ng\u00fcs\u00fc ile geli\u015ftirilmi\u015ftir. Depodan depoya teslimat ile Qingdao H&amp;F, tedarik s\u00fcrecini kolayla\u015ft\u0131rarak al\u0131c\u0131lar\u0131n \u00fcr\u00fcnlerini h\u0131zl\u0131 ve verimli bir \u015fekilde teslim almalar\u0131n\u0131 sa\u011flar.<\/p>\n<p>Qingdao H&amp;F'nin 6 tonluk dokuma ask\u0131s\u0131, \u015firketin kalite, g\u00fcvenlik ve hizmete olan ba\u011fl\u0131l\u0131\u011f\u0131n\u0131 temsil ediyor. Bu \u00fcr\u00fcn, al\u0131c\u0131lara g\u00fcn\u00fcm\u00fcz\u00fcn end\u00fcstriyel ortamlar\u0131n\u0131n y\u00fcksek standartlar\u0131n\u0131 kar\u015f\u0131layan ve a\u011f\u0131r hizmet uygulamalar\u0131 i\u00e7in g\u00fcvenilir bir se\u00e7enek sunan bir kald\u0131rma \u00e7\u00f6z\u00fcm\u00fc sa\u011flar. Qingdao H&amp;F'nin hem kaliteye hem de m\u00fc\u015fteri memnuniyetine olan ba\u011fl\u0131l\u0131\u011f\u0131, end\u00fcstriyel kald\u0131rma \u00e7\u00f6z\u00fcmlerinde g\u00fcvenilir bir ortak olarak konumunu g\u00fc\u00e7lendiriyor.<\/p>\n<\/div>\n<\/div>\n<\/div>\n<\/div>","protected":false},"excerpt":{"rendered":"<p>6 Tonluk Dokuma Sapan, g\u00fcvenli, a\u011f\u0131r hizmet tipi kald\u0131rma \u00e7\u00f6z\u00fcmleri gerektiren end\u00fcstrilerin ihtiya\u00e7lar\u0131n\u0131 kar\u015f\u0131layan \u00fcst\u00fcn g\u00fc\u00e7 ve dayan\u0131kl\u0131l\u0131k sunar. En y\u00fcksek standartlar\u0131 kar\u015f\u0131lamak \u00fczere tasarlanan bu dokuma ask\u0131, 6 tona kadar y\u00fckleri tutarl\u0131 bir g\u00fcvenilirlikle ta\u015f\u0131r. Qingdao H&amp;F, al\u0131c\u0131lar\u0131n \u00fcr\u00fcn uzun \u00f6m\u00fcrl\u00fcl\u00fc\u011f\u00fc, g\u00fcvenli\u011fi ve uyumlulu\u011fu konusundaki endi\u015felerini anl\u0131yor ve 20 y\u0131ll\u0131k deneyime sahip bir B2B ticaret \u015firketi olarak, bire bir m\u00fc\u015fteri hizmetleri, h\u0131zl\u0131 teslimat d\u00f6ng\u00fcs\u00fc ve ayr\u0131nt\u0131l\u0131 kalite kontrol raporlar\u0131 sunuyoruz. Bu taahh\u00fct, m\u00fc\u015fterilerin kapsaml\u0131 destek ve \u015feffaf kalite g\u00fcvencesi ile g\u00fcvenilir \u00fcr\u00fcnler almas\u0131n\u0131 sa\u011flar.<\/p>","protected":false},"featured_media":8194,"comment_status":"open","ping_status":"closed","template":"","meta":{"site-sidebar-layout":"default","site-content-layout":"","ast-site-content-layout":"default","site-content-style":"default","site-sidebar-style":"default","ast-global-header-display":"","ast-banner-title-visibility":"","ast-main-header-display":"","ast-hfb-above-header-display":"","ast-hfb-below-header-display":"","ast-hfb-mobile-header-display":"","site-post-title":"","ast-breadcrumbs-content":"","ast-featured-img":"","footer-sml-layout":"","theme-transparent-header-meta":"default","adv-header-id-meta":"","stick-header-meta":"default","header-above-stick-meta":"","header-main-stick-meta":"","header-below-stick-meta":"","astra-migrate-meta-layouts":"set","ast-page-background-enabled":"default","ast-page-background-meta":{"desktop":{"background-color":"","background-image":"","background-repeat":"repeat","background-position":"center center","background-size":"auto","background-attachment":"scroll","background-type":"","background-media":"","overlay-type":"","overlay-color":"","overlay-opacity":"","overlay-gradient":""},"tablet":{"background-color":"","background-image":"","background-repeat":"repeat","background-position":"center center","background-size":"auto","background-attachment":"scroll","background-type":"","background-media":"","overlay-type":"","overlay-color":"","overlay-opacity":"","overlay-gradient":""},"mobile":{"background-color":"","background-image":"","background-repeat":"repeat","background-position":"center center","background-size":"auto","background-attachment":"scroll","background-type":"","background-media":"","overlay-type":"","overlay-color":"","overlay-opacity":"","overlay-gradient":""}},"ast-content-background-meta":{"desktop":{"background-color":"var(--ast-global-color-5)","background-image":"","background-repeat":"repeat","background-position":"center center","background-size":"auto","background-attachment":"scroll","background-type":"","background-media":"","overlay-type":"","overlay-color":"","overlay-opacity":"","overlay-gradient":""},"tablet":{"background-color":"var(--ast-global-color-5)","background-image":"","background-repeat":"repeat","background-position":"center center","background-size":"auto","background-attachment":"scroll","background-type":"","background-media":"","overlay-type":"","overlay-color":"","overlay-opacity":"","overlay-gradient":""},"mobile":{"background-color":"var(--ast-global-color-5)","background-image":"","background-repeat":"repeat","background-position":"center center","background-size":"auto","background-attachment":"scroll","background-type":"","background-media":"","overlay-type":"","overlay-color":"","overlay-opacity":"","overlay-gradient":""}}},"product_brand":[],"product_cat":[39],"product_tag":[],"class_list":{"0":"post-8287","1":"product","2":"type-product","3":"status-publish","4":"has-post-thumbnail","6":"product_cat-webbing-sling","7":"desktop-align-left","8":"tablet-align-left","9":"mobile-align-left","10":"ast-product-gallery-layout-horizontal-slider","11":"ast-product-gallery-with-no-image","12":"ast-product-tabs-layout-horizontal","14":"first","15":"instock","16":"shipping-taxable","17":"purchasable","18":"product-type-simple"},"yoast_head":"<!-- This site is optimized with the Yoast SEO plugin v25.2 - https:\/\/yoast.com\/wordpress\/plugins\/seo\/ -->\n<title>Flat Webbing Sling 6 Ton Polyester Double Duplex<\/title>\n<meta name=\"robots\" content=\"index, follow, max-snippet:-1, max-image-preview:large, max-video-preview:-1\" \/>\n<link rel=\"canonical\" href=\"https:\/\/qingdaohf.com\/tr\/urun\/dokuma-sapan-6-ton\/\" \/>\n<meta property=\"og:locale\" content=\"tr_TR\" \/>\n<meta property=\"og:type\" content=\"article\" \/>\n<meta property=\"og:title\" content=\"Flat Webbing Sling 6 Ton Polyester Double Duplex\" \/>\n<meta property=\"og:description\" content=\"6-Ton Webbing Sling offers superior strength and durability, catering to the needs of industries requiring secure, heavy-duty lifting solutions. Designed to meet the highest standards, this webbing sling handles loads up to 6 tons with consistent reliability. Qingdao H&amp;F understands buyers\u2019 concerns about product longevity, safety, and compliance, and as a B2B trading company with 20 years of experience, we offer one-on-one customer service, a fast delivery cycle, and detailed quality inspection reports. This commitment ensures clients receive dependable products with thorough support and transparent quality assurance.\" \/>\n<meta property=\"og:url\" content=\"https:\/\/qingdaohf.com\/tr\/urun\/dokuma-sapan-6-ton\/\" \/>\n<meta property=\"og:site_name\" content=\"Concrete Form &amp; Rigging Hardware Supplier\" \/>\n<meta property=\"article:publisher\" content=\"https:\/\/www.facebook.com\/qingdaohf\" \/>\n<meta property=\"article:modified_time\" content=\"2025-11-13T01:02:53+00:00\" \/>\n<meta property=\"og:image\" content=\"https:\/\/qingdaohf.com\/wp-content\/uploads\/2024\/10\/6-ton-webbing-sling_1.webp\" \/>\n\t<meta property=\"og:image:width\" content=\"1000\" \/>\n\t<meta property=\"og:image:height\" content=\"1000\" \/>\n\t<meta property=\"og:image:type\" content=\"image\/webp\" \/>\n<meta name=\"twitter:card\" content=\"summary_large_image\" \/>\n<meta name=\"twitter:label1\" content=\"Tahmini okuma s\u00fcresi\" \/>\n\t<meta name=\"twitter:data1\" content=\"3 dakika\" \/>\n<script type=\"application\/ld+json\" class=\"yoast-schema-graph\">{\"@context\":\"https:\/\/schema.org\",\"@graph\":[{\"@type\":\"WebPage\",\"@id\":\"https:\/\/qingdaohf.com\/product\/webbing-sling-6-ton\/\",\"url\":\"https:\/\/qingdaohf.com\/product\/webbing-sling-6-ton\/\",\"name\":\"Flat Webbing Sling 6 Ton Polyester Double Duplex\",\"isPartOf\":{\"@id\":\"https:\/\/qingdaohf.com\/bg\/#website\"},\"primaryImageOfPage\":{\"@id\":\"https:\/\/qingdaohf.com\/product\/webbing-sling-6-ton\/#primaryimage\"},\"image\":{\"@id\":\"https:\/\/qingdaohf.com\/product\/webbing-sling-6-ton\/#primaryimage\"},\"thumbnailUrl\":\"https:\/\/qingdaohf.com\/wp-content\/uploads\/2024\/10\/6-ton-webbing-sling_1.webp\",\"datePublished\":\"2024-11-05T09:56:32+00:00\",\"dateModified\":\"2025-11-13T01:02:53+00:00\",\"breadcrumb\":{\"@id\":\"https:\/\/qingdaohf.com\/product\/webbing-sling-6-ton\/#breadcrumb\"},\"inLanguage\":\"tr\",\"potentialAction\":[{\"@type\":\"ReadAction\",\"target\":[\"https:\/\/qingdaohf.com\/product\/webbing-sling-6-ton\/\"]}]},{\"@type\":\"ImageObject\",\"inLanguage\":\"tr\",\"@id\":\"https:\/\/qingdaohf.com\/product\/webbing-sling-6-ton\/#primaryimage\",\"url\":\"https:\/\/qingdaohf.com\/wp-content\/uploads\/2024\/10\/6-ton-webbing-sling_1.webp\",\"contentUrl\":\"https:\/\/qingdaohf.com\/wp-content\/uploads\/2024\/10\/6-ton-webbing-sling_1.webp\",\"width\":1000,\"height\":1000,\"caption\":\"6 ton webbing sling\"},{\"@type\":\"BreadcrumbList\",\"@id\":\"https:\/\/qingdaohf.com\/product\/webbing-sling-6-ton\/#breadcrumb\",\"itemListElement\":[{\"@type\":\"ListItem\",\"position\":1,\"name\":\"Home\",\"item\":\"https:\/\/qingdaohf.com\/\"},{\"@type\":\"ListItem\",\"position\":2,\"name\":\"Concrete Forming Accessories and Rigging Hardware\",\"item\":\"https:\/\/qingdaohf.com\/bg\/?page_id=944\"},{\"@type\":\"ListItem\",\"position\":3,\"name\":\"Flat Webbing Sling 6 Ton Polyester Double Duplex\"}]},{\"@type\":\"WebSite\",\"@id\":\"https:\/\/qingdaohf.com\/bg\/#website\",\"url\":\"https:\/\/qingdaohf.com\/bg\/\",\"name\":\"Concrete Form & Rigging Hardware Supplier\",\"description\":\"\",\"publisher\":{\"@id\":\"https:\/\/qingdaohf.com\/bg\/#organization\"},\"potentialAction\":[{\"@type\":\"SearchAction\",\"target\":{\"@type\":\"EntryPoint\",\"urlTemplate\":\"https:\/\/qingdaohf.com\/bg\/?s={search_term_string}\"},\"query-input\":{\"@type\":\"PropertyValueSpecification\",\"valueRequired\":true,\"valueName\":\"search_term_string\"}}],\"inLanguage\":\"tr\"},{\"@type\":\"Organization\",\"@id\":\"https:\/\/qingdaohf.com\/bg\/#organization\",\"name\":\"Qingdao H&F\",\"url\":\"https:\/\/qingdaohf.com\/bg\/\",\"logo\":{\"@type\":\"ImageObject\",\"inLanguage\":\"tr\",\"@id\":\"https:\/\/qingdaohf.com\/bg\/#\/schema\/logo\/image\/\",\"url\":\"https:\/\/qingdaohf.com\/wp-content\/uploads\/2022\/12\/cropped-HF-LOGO.png\",\"contentUrl\":\"https:\/\/qingdaohf.com\/wp-content\/uploads\/2022\/12\/cropped-HF-LOGO.png\",\"width\":391,\"height\":249,\"caption\":\"Qingdao H&F\"},\"image\":{\"@id\":\"https:\/\/qingdaohf.com\/bg\/#\/schema\/logo\/image\/\"},\"sameAs\":[\"https:\/\/www.facebook.com\/qingdaohf\"]}]}<\/script>\n<!-- \/ Yoast SEO plugin. -->","yoast_head_json":{"title":"Flat Webbing Sling 6 Ton Polyester Double Duplex","robots":{"index":"index","follow":"follow","max-snippet":"max-snippet:-1","max-image-preview":"max-image-preview:large","max-video-preview":"max-video-preview:-1"},"canonical":"https:\/\/qingdaohf.com\/tr\/urun\/dokuma-sapan-6-ton\/","og_locale":"tr_TR","og_type":"article","og_title":"Flat Webbing Sling 6 Ton Polyester Double Duplex","og_description":"6-Ton Webbing Sling offers superior strength and durability, catering to the needs of industries requiring secure, heavy-duty lifting solutions. Designed to meet the highest standards, this webbing sling handles loads up to 6 tons with consistent reliability. Qingdao H&amp;F understands buyers\u2019 concerns about product longevity, safety, and compliance, and as a B2B trading company with 20 years of experience, we offer one-on-one customer service, a fast delivery cycle, and detailed quality inspection reports. This commitment ensures clients receive dependable products with thorough support and transparent quality assurance.","og_url":"https:\/\/qingdaohf.com\/tr\/urun\/dokuma-sapan-6-ton\/","og_site_name":"Concrete Form &amp; Rigging Hardware Supplier","article_publisher":"https:\/\/www.facebook.com\/qingdaohf","article_modified_time":"2025-11-13T01:02:53+00:00","og_image":[{"width":1000,"height":1000,"url":"https:\/\/qingdaohf.com\/wp-content\/uploads\/2024\/10\/6-ton-webbing-sling_1.webp","type":"image\/webp"}],"twitter_card":"summary_large_image","twitter_misc":{"Tahmini okuma s\u00fcresi":"3 dakika"},"schema":{"@context":"https:\/\/schema.org","@graph":[{"@type":"WebPage","@id":"https:\/\/qingdaohf.com\/product\/webbing-sling-6-ton\/","url":"https:\/\/qingdaohf.com\/product\/webbing-sling-6-ton\/","name":"Flat Webbing Sling 6 Ton Polyester Double Duplex","isPartOf":{"@id":"https:\/\/qingdaohf.com\/bg\/#website"},"primaryImageOfPage":{"@id":"https:\/\/qingdaohf.com\/product\/webbing-sling-6-ton\/#primaryimage"},"image":{"@id":"https:\/\/qingdaohf.com\/product\/webbing-sling-6-ton\/#primaryimage"},"thumbnailUrl":"https:\/\/qingdaohf.com\/wp-content\/uploads\/2024\/10\/6-ton-webbing-sling_1.webp","datePublished":"2024-11-05T09:56:32+00:00","dateModified":"2025-11-13T01:02:53+00:00","breadcrumb":{"@id":"https:\/\/qingdaohf.com\/product\/webbing-sling-6-ton\/#breadcrumb"},"inLanguage":"tr","potentialAction":[{"@type":"ReadAction","target":["https:\/\/qingdaohf.com\/product\/webbing-sling-6-ton\/"]}]},{"@type":"ImageObject","inLanguage":"tr","@id":"https:\/\/qingdaohf.com\/product\/webbing-sling-6-ton\/#primaryimage","url":"https:\/\/qingdaohf.com\/wp-content\/uploads\/2024\/10\/6-ton-webbing-sling_1.webp","contentUrl":"https:\/\/qingdaohf.com\/wp-content\/uploads\/2024\/10\/6-ton-webbing-sling_1.webp","width":1000,"height":1000,"caption":"6 ton webbing sling"},{"@type":"BreadcrumbList","@id":"https:\/\/qingdaohf.com\/product\/webbing-sling-6-ton\/#breadcrumb","itemListElement":[{"@type":"ListItem","position":1,"name":"Home","item":"https:\/\/qingdaohf.com\/"},{"@type":"ListItem","position":2,"name":"Concrete Forming Accessories and Rigging Hardware","item":"https:\/\/qingdaohf.com\/bg\/?page_id=944"},{"@type":"ListItem","position":3,"name":"Flat Webbing Sling 6 Ton Polyester Double Duplex"}]},{"@type":"WebSite","@id":"https:\/\/qingdaohf.com\/bg\/#website","url":"https:\/\/qingdaohf.com\/bg\/","name":"Concrete Form & Rigging Hardware Supplier","description":"","publisher":{"@id":"https:\/\/qingdaohf.com\/bg\/#organization"},"potentialAction":[{"@type":"SearchAction","target":{"@type":"EntryPoint","urlTemplate":"https:\/\/qingdaohf.com\/bg\/?s={search_term_string}"},"query-input":{"@type":"PropertyValueSpecification","valueRequired":true,"valueName":"search_term_string"}}],"inLanguage":"tr"},{"@type":"Organization","@id":"https:\/\/qingdaohf.com\/bg\/#organization","name":"Qingdao H&F","url":"https:\/\/qingdaohf.com\/bg\/","logo":{"@type":"ImageObject","inLanguage":"tr","@id":"https:\/\/qingdaohf.com\/bg\/#\/schema\/logo\/image\/","url":"https:\/\/qingdaohf.com\/wp-content\/uploads\/2022\/12\/cropped-HF-LOGO.png","contentUrl":"https:\/\/qingdaohf.com\/wp-content\/uploads\/2022\/12\/cropped-HF-LOGO.png","width":391,"height":249,"caption":"Qingdao H&F"},"image":{"@id":"https:\/\/qingdaohf.com\/bg\/#\/schema\/logo\/image\/"},"sameAs":["https:\/\/www.facebook.com\/qingdaohf"]}]}},"_links":{"self":[{"href":"https:\/\/qingdaohf.com\/tr\/wp-json\/wp\/v2\/product\/8287","targetHints":{"allow":["GET"]}}],"collection":[{"href":"https:\/\/qingdaohf.com\/tr\/wp-json\/wp\/v2\/product"}],"about":[{"href":"https:\/\/qingdaohf.com\/tr\/wp-json\/wp\/v2\/types\/product"}],"replies":[{"embeddable":true,"href":"https:\/\/qingdaohf.com\/tr\/wp-json\/wp\/v2\/comments?post=8287"}],"version-history":[{"count":2,"href":"https:\/\/qingdaohf.com\/tr\/wp-json\/wp\/v2\/product\/8287\/revisions"}],"predecessor-version":[{"id":8335,"href":"https:\/\/qingdaohf.com\/tr\/wp-json\/wp\/v2\/product\/8287\/revisions\/8335"}],"wp:featuredmedia":[{"embeddable":true,"href":"https:\/\/qingdaohf.com\/tr\/wp-json\/wp\/v2\/media\/8194"}],"wp:attachment":[{"href":"https:\/\/qingdaohf.com\/tr\/wp-json\/wp\/v2\/media?parent=8287"}],"wp:term":[{"taxonomy":"product_brand","embeddable":true,"href":"https:\/\/qingdaohf.com\/tr\/wp-json\/wp\/v2\/product_brand?post=8287"},{"taxonomy":"product_cat","embeddable":true,"href":"https:\/\/qingdaohf.com\/tr\/wp-json\/wp\/v2\/product_cat?post=8287"},{"taxonomy":"product_tag","embeddable":true,"href":"https:\/\/qingdaohf.com\/tr\/wp-json\/wp\/v2\/product_tag?post=8287"}],"curies":[{"name":"wp","href":"https:\/\/api.w.org\/{rel}","templated":true}]}}