{"id":8291,"date":"2024-11-05T17:59:58","date_gmt":"2024-11-05T09:59:58","guid":{"rendered":"http:\/\/qingdaohf.com\/?post_type=product&#038;p=8291"},"modified":"2025-11-13T09:02:52","modified_gmt":"2025-11-13T01:02:52","slug":"webbing-sling-10-ton","status":"publish","type":"product","link":"https:\/\/qingdaohf.com\/tr\/urun\/dokuma-sapan-10-ton\/","title":{"rendered":"D\u00fcz Dokuma Sapan 10 Ton Polyester \u00c7ift Dubleks"},"content":{"rendered":"<h4>Y\u00fcksek Kapasiteli Kald\u0131rma \u00c7\u00f6z\u00fcmleri: 10 Tonluk Dokuma Sapan\u0131n Dayan\u0131kl\u0131l\u0131\u011f\u0131 ve G\u00fcc\u00fc<\/h4>\n<p>G\u00fcvenli, y\u00fcksek kapasiteli deste\u011fin gerekli oldu\u011fu end\u00fcstriyel kald\u0131rma g\u00f6revleri i\u00e7in Qingdao H&amp;F'nin 10 tonluk dokuma ask\u0131s\u0131 en uygun \u00e7\u00f6z\u00fcm\u00fc sunar. Y\u00fcksek mukavemetli polyesterden \u00fcretilen bu ask\u0131, 10 tona kadar a\u011f\u0131rl\u0131klar\u0131 ta\u015f\u0131yarak in\u015faat, lojistik ve imalat gibi sekt\u00f6rler i\u00e7in idealdir. 10 tonluk dokuma sapan\u0131n esnekli\u011fi, zorlu ortamlarda tekrarlayan a\u011f\u0131r y\u00fckler alt\u0131nda bile b\u00fct\u00fcnl\u00fc\u011f\u00fcn\u00fc korumas\u0131n\u0131 sa\u011flayarak \u015firketlere kald\u0131rma ihtiya\u00e7lar\u0131 i\u00e7in dayan\u0131kl\u0131 ve uygun maliyetli bir \u00e7\u00f6z\u00fcm sunar.<\/p>\n<p>En y\u00fcksek g\u00fcvenilirlik ve g\u00fcvenlik standartlar\u0131n\u0131 sa\u011flamak i\u00e7in, her 10 tonluk ask\u0131 titiz testlerden ge\u00e7irilir ve al\u0131c\u0131lar, uluslararas\u0131 g\u00fcvenlik ve performans standartlar\u0131na uygunlu\u011funu do\u011frulayan bir kalite kontrol raporu al\u0131rlar. Qingdao H&amp;F'nin \u015feffafl\u0131\u011fa olan ba\u011fl\u0131l\u0131\u011f\u0131, al\u0131c\u0131lara t\u00fcm yasal gereklilikleri kar\u015f\u0131layan bir \u00fcr\u00fcne yat\u0131r\u0131m yapt\u0131klar\u0131 konusunda g\u00fcvence veriyor. Qingdao H&amp;F taraf\u0131ndan sunulan h\u0131zl\u0131 teslimat d\u00f6ng\u00fcs\u00fc, m\u00fc\u015fterilerin gerekli ekipmana derhal eri\u015fmesini sa\u011flayarak operasyonlardaki gecikmeleri en aza indirir ve genel verimlili\u011fi art\u0131r\u0131r.<\/p>\n<h4>A\u011f\u0131r Hizmet Kald\u0131rma Uygulamalar\u0131nda G\u00fcvenlik ve Stabilite<\/h4>\n<p>Y\u00fcksek riskli end\u00fcstriyel ortamlarda, kald\u0131rma ekipman\u0131n\u0131n stabilitesi ve g\u00fcvenli\u011fi hem g\u00fcvenlik hem de \u00fcretkenlik a\u00e7\u0131s\u0131ndan \u00e7ok \u00f6nemlidir. Qingdao H&amp;F'nin 10 tonluk dokuma ask\u0131s\u0131, a\u011f\u0131rl\u0131\u011f\u0131n y\u00fcke e\u015fit olarak da\u011f\u0131t\u0131lmas\u0131na yard\u0131mc\u0131 olarak ola\u011fan\u00fcst\u00fc y\u00fck stabilitesi sunmak \u00fczere tasarlanm\u0131\u015ft\u0131r. Bu tasar\u0131m, bas\u0131n\u00e7 noktalar\u0131n\u0131 azalt\u0131r ve kald\u0131rma i\u015flemleri s\u0131ras\u0131nda y\u00fck\u00fcn hasar g\u00f6rme veya kayma riskini en aza indirerek operat\u00f6rlere g\u00f6n\u00fcl rahatl\u0131\u011f\u0131 sunar. Geni\u015f, dayan\u0131kl\u0131 polyester dokuma a\u015f\u0131nmaya, a\u015f\u0131nmaya ve UV \u0131\u015f\u0131nlar\u0131na maruz kalmaya kar\u015f\u0131 dayan\u0131kl\u0131d\u0131r ve zorlu ko\u015fullar alt\u0131nda g\u00fcc\u00fcn\u00fc korur.<\/p>\n<p>Kald\u0131rma operasyonlar\u0131n\u0131n g\u00fcvenli\u011fi, Qingdao H&amp;F'nin titiz \u00fcretim standartlar\u0131 ile art\u0131r\u0131lm\u0131\u015ft\u0131r. Her bir ask\u0131, uluslararas\u0131 end\u00fcstri y\u00f6netmeliklerini kar\u015f\u0131lar veya a\u015far, bu da onu s\u0131k\u0131 g\u00fcvenlik protokollerinin y\u00fcr\u00fcrl\u00fckte oldu\u011fu \u00e7e\u015fitli uygulamalar i\u00e7in uygun hale getirir. Qingdao H&amp;F, \u00fcretimin her a\u015famas\u0131nda titiz kalite kontrol\u00fc ile 10 tonluk dokuma sapan\u0131n en zorlu ortamlarda g\u00fcvenilir destek sa\u011flamas\u0131n\u0131 garanti eder. Her sapanla birlikte sunulan ayr\u0131nt\u0131l\u0131 kalite kontrol raporlar\u0131, bu taahh\u00fcd\u00fcn kan\u0131t\u0131 olarak hizmet eder ve i\u015fletmelerin g\u00fcvenlik ve uyumluluk standartlar\u0131n\u0131 g\u00fcvenle s\u00fcrd\u00fcrmelerine yard\u0131mc\u0131 olur.<\/p>\n<h4>Qingdao H&amp;F: Y\u00fcksek Performansl\u0131 Kald\u0131rma \u00c7\u00f6z\u00fcmleri i\u00e7in G\u00fcvenilir Bir Ortak<\/h4>\n<p>Yirmi y\u0131ll\u0131k deneyime sahip deneyimli bir B2B ticaret \u015firketi olan Qingdao H&amp;F, kalite, g\u00fcvenlik ve hizmeti bir araya getiren \u00fcr\u00fcnler sunarak i\u015fletmeleri desteklemeye kararl\u0131d\u0131r. 10 tonluk dokuma sapan, Qingdao H&amp;F'nin end\u00fcstriyel al\u0131c\u0131lar\u0131n pratik ihtiya\u00e7lar\u0131n\u0131 kar\u015f\u0131layan g\u00fcvenilir, y\u00fcksek performansl\u0131 ekipman sa\u011flama yakla\u015f\u0131m\u0131n\u0131 \u00f6rneklemektedir. Her bir ask\u0131, al\u0131c\u0131lara \u00fcr\u00fcn\u00fcn teknik \u00f6zelliklerini net bir \u015fekilde g\u00f6steren ve performans\u0131yla ilgili tam bir \u015feffafl\u0131k sa\u011flayan bir kalite kontrol raporuyla birlikte gelir.<\/p>\n<p>Qingdao H&amp;F'nin bire bir m\u00fc\u015fteri hizmetleri modeli, al\u0131c\u0131lar\u0131n bilgili temsilcilerden ki\u015fiselle\u015ftirilmi\u015f destek almalar\u0131na olanak tan\u0131yarak, \u00f6zel gereksinimleri i\u00e7in ideal kald\u0131rma ekipman\u0131n\u0131 se\u00e7melerine yard\u0131mc\u0131 olur. Bu \u00f6zenli yakla\u015f\u0131m ve h\u0131zl\u0131, verimli teslimat d\u00f6ng\u00fcs\u00fc, Qingdao H&amp;F'nin m\u00fc\u015fterilerin operasyonel zaman \u00e7izelgelerine uygun sorunsuz bir sat\u0131n alma s\u00fcrecini kolayla\u015ft\u0131rmaya olan ba\u011fl\u0131l\u0131\u011f\u0131n\u0131 g\u00f6stermektedir. Qingdao H&amp;F'nin m\u00fc\u015fteri memnuniyeti ve kalite kontrol\u00fcne odaklanmas\u0131, onu end\u00fcstriyel kald\u0131rma pazar\u0131nda g\u00fcvenilir bir isim haline getirmi\u015ftir.<\/p>\n<p>Qingdao H&amp;F'nin 10 tonluk dokuma ask\u0131s\u0131, bir kald\u0131rma \u00e7\u00f6z\u00fcm\u00fcnden daha fazlas\u0131d\u0131r; g\u00fcvenlik, verimlilik ve y\u00fcksek performansa kendini adam\u0131\u015f i\u015fletmeler i\u00e7in g\u00fcvenilir bir ortakt\u0131r. Her bir ask\u0131 ile Qingdao H&amp;F, a\u011f\u0131r hizmet tipi kald\u0131rma uygulamalar\u0131 i\u00e7in g\u00fcvenli ve verimli bir se\u00e7enek sunarken end\u00fcstri standartlar\u0131n\u0131 koruyan bir \u00fcr\u00fcn sunar.<\/p>","protected":false},"excerpt":{"rendered":"<p>10 Tonluk Dokuma Sapan, g\u00fcvenli, y\u00fcksek kapasiteli kald\u0131rman\u0131n gerekli oldu\u011fu end\u00fcstrilerin zorlu taleplerini kar\u015f\u0131lamak \u00fczere tasarlanm\u0131\u015f a\u011f\u0131r hizmet tipi kald\u0131rma i\u00e7in \u00fcretilmi\u015ftir. Bu dayan\u0131kl\u0131 ask\u0131, al\u0131c\u0131lar\u0131n g\u00fc\u00e7, g\u00fcvenlik ve g\u00fcvenilirlik konusundaki birincil endi\u015felerini gidererek 10 tona kadar ta\u015f\u0131ma kapasitesine sahiptir. Deneyimli bir B2B ticaret \u015firketi olarak Qingdao H&amp;F, bire bir m\u00fc\u015fteri deste\u011fi, h\u0131zl\u0131 teslimat ve kapsaml\u0131 kalite kontrol raporlar\u0131 sunarak \u015feffafl\u0131\u011fa ve m\u00fc\u015fteri memnuniyetine \u00f6ncelik veren sorunsuz bir sat\u0131n alma deneyimi sa\u011flar.<\/p>","protected":false},"featured_media":8192,"comment_status":"open","ping_status":"closed","template":"","meta":{"site-sidebar-layout":"default","site-content-layout":"","ast-site-content-layout":"default","site-content-style":"default","site-sidebar-style":"default","ast-global-header-display":"","ast-banner-title-visibility":"","ast-main-header-display":"","ast-hfb-above-header-display":"","ast-hfb-below-header-display":"","ast-hfb-mobile-header-display":"","site-post-title":"","ast-breadcrumbs-content":"","ast-featured-img":"","footer-sml-layout":"","theme-transparent-header-meta":"default","adv-header-id-meta":"","stick-header-meta":"default","header-above-stick-meta":"","header-main-stick-meta":"","header-below-stick-meta":"","astra-migrate-meta-layouts":"set","ast-page-background-enabled":"default","ast-page-background-meta":{"desktop":{"background-color":"","background-image":"","background-repeat":"repeat","background-position":"center center","background-size":"auto","background-attachment":"scroll","background-type":"","background-media":"","overlay-type":"","overlay-color":"","overlay-opacity":"","overlay-gradient":""},"tablet":{"background-color":"","background-image":"","background-repeat":"repeat","background-position":"center center","background-size":"auto","background-attachment":"scroll","background-type":"","background-media":"","overlay-type":"","overlay-color":"","overlay-opacity":"","overlay-gradient":""},"mobile":{"background-color":"","background-image":"","background-repeat":"repeat","background-position":"center center","background-size":"auto","background-attachment":"scroll","background-type":"","background-media":"","overlay-type":"","overlay-color":"","overlay-opacity":"","overlay-gradient":""}},"ast-content-background-meta":{"desktop":{"background-color":"var(--ast-global-color-5)","background-image":"","background-repeat":"repeat","background-position":"center center","background-size":"auto","background-attachment":"scroll","background-type":"","background-media":"","overlay-type":"","overlay-color":"","overlay-opacity":"","overlay-gradient":""},"tablet":{"background-color":"var(--ast-global-color-5)","background-image":"","background-repeat":"repeat","background-position":"center center","background-size":"auto","background-attachment":"scroll","background-type":"","background-media":"","overlay-type":"","overlay-color":"","overlay-opacity":"","overlay-gradient":""},"mobile":{"background-color":"var(--ast-global-color-5)","background-image":"","background-repeat":"repeat","background-position":"center center","background-size":"auto","background-attachment":"scroll","background-type":"","background-media":"","overlay-type":"","overlay-color":"","overlay-opacity":"","overlay-gradient":""}}},"product_brand":[],"product_cat":[39],"product_tag":[],"class_list":{"0":"post-8291","1":"product","2":"type-product","3":"status-publish","4":"has-post-thumbnail","6":"product_cat-webbing-sling","7":"desktop-align-left","8":"tablet-align-left","9":"mobile-align-left","10":"ast-product-gallery-layout-horizontal-slider","11":"ast-product-gallery-with-no-image","12":"ast-product-tabs-layout-horizontal","14":"first","15":"instock","16":"shipping-taxable","17":"purchasable","18":"product-type-simple"},"yoast_head":"<!-- This site is optimized with the Yoast SEO plugin v25.2 - https:\/\/yoast.com\/wordpress\/plugins\/seo\/ -->\n<title>Flat Webbing Sling 10 Ton Polyester Double Duplex<\/title>\n<meta name=\"robots\" content=\"index, follow, max-snippet:-1, max-image-preview:large, max-video-preview:-1\" \/>\n<link rel=\"canonical\" href=\"https:\/\/qingdaohf.com\/tr\/urun\/dokuma-sapan-10-ton\/\" \/>\n<meta property=\"og:locale\" content=\"tr_TR\" \/>\n<meta property=\"og:type\" content=\"article\" \/>\n<meta property=\"og:title\" content=\"Flat Webbing Sling 10 Ton Polyester Double Duplex\" \/>\n<meta property=\"og:description\" content=\"10-Ton Webbing Sling is built for heavy-duty lifting, designed to meet the stringent demands of industries where secure, high-capacity lifting is essential. This durable sling handles up to 10 tons, addressing buyers&#039; primary concerns about strength, safety, and reliability. As an experienced B2B trading company, Qingdao H&amp;F provides one-on-one customer support, fast delivery, and comprehensive quality inspection reports, ensuring a smooth buying experience that prioritizes transparency and customer satisfaction.\" \/>\n<meta property=\"og:url\" content=\"https:\/\/qingdaohf.com\/tr\/urun\/dokuma-sapan-10-ton\/\" \/>\n<meta property=\"og:site_name\" content=\"Concrete Form &amp; Rigging Hardware Supplier\" \/>\n<meta property=\"article:publisher\" content=\"https:\/\/www.facebook.com\/qingdaohf\" \/>\n<meta property=\"article:modified_time\" content=\"2025-11-13T01:02:52+00:00\" \/>\n<meta property=\"og:image\" content=\"https:\/\/qingdaohf.com\/wp-content\/uploads\/2024\/10\/10-tons_1.webp\" \/>\n\t<meta property=\"og:image:width\" content=\"1000\" \/>\n\t<meta property=\"og:image:height\" content=\"1000\" \/>\n\t<meta property=\"og:image:type\" content=\"image\/webp\" \/>\n<meta name=\"twitter:card\" content=\"summary_large_image\" \/>\n<meta name=\"twitter:label1\" content=\"Tahmini okuma s\u00fcresi\" \/>\n\t<meta name=\"twitter:data1\" content=\"3 dakika\" \/>\n<script type=\"application\/ld+json\" class=\"yoast-schema-graph\">{\"@context\":\"https:\/\/schema.org\",\"@graph\":[{\"@type\":\"WebPage\",\"@id\":\"https:\/\/qingdaohf.com\/product\/webbing-sling-10-ton\/\",\"url\":\"https:\/\/qingdaohf.com\/product\/webbing-sling-10-ton\/\",\"name\":\"Flat Webbing Sling 10 Ton Polyester Double Duplex\",\"isPartOf\":{\"@id\":\"https:\/\/qingdaohf.com\/bg\/#website\"},\"primaryImageOfPage\":{\"@id\":\"https:\/\/qingdaohf.com\/product\/webbing-sling-10-ton\/#primaryimage\"},\"image\":{\"@id\":\"https:\/\/qingdaohf.com\/product\/webbing-sling-10-ton\/#primaryimage\"},\"thumbnailUrl\":\"https:\/\/qingdaohf.com\/wp-content\/uploads\/2024\/10\/10-tons_1.webp\",\"datePublished\":\"2024-11-05T09:59:58+00:00\",\"dateModified\":\"2025-11-13T01:02:52+00:00\",\"breadcrumb\":{\"@id\":\"https:\/\/qingdaohf.com\/product\/webbing-sling-10-ton\/#breadcrumb\"},\"inLanguage\":\"tr\",\"potentialAction\":[{\"@type\":\"ReadAction\",\"target\":[\"https:\/\/qingdaohf.com\/product\/webbing-sling-10-ton\/\"]}]},{\"@type\":\"ImageObject\",\"inLanguage\":\"tr\",\"@id\":\"https:\/\/qingdaohf.com\/product\/webbing-sling-10-ton\/#primaryimage\",\"url\":\"https:\/\/qingdaohf.com\/wp-content\/uploads\/2024\/10\/10-tons_1.webp\",\"contentUrl\":\"https:\/\/qingdaohf.com\/wp-content\/uploads\/2024\/10\/10-tons_1.webp\",\"width\":1000,\"height\":1000,\"caption\":\"Webbing Sling 10 Ton\"},{\"@type\":\"BreadcrumbList\",\"@id\":\"https:\/\/qingdaohf.com\/product\/webbing-sling-10-ton\/#breadcrumb\",\"itemListElement\":[{\"@type\":\"ListItem\",\"position\":1,\"name\":\"Home\",\"item\":\"https:\/\/qingdaohf.com\/\"},{\"@type\":\"ListItem\",\"position\":2,\"name\":\"Concrete Forming Accessories and Rigging Hardware\",\"item\":\"https:\/\/qingdaohf.com\/bg\/?page_id=944\"},{\"@type\":\"ListItem\",\"position\":3,\"name\":\"Flat Webbing Sling 10 Ton Polyester Double Duplex\"}]},{\"@type\":\"WebSite\",\"@id\":\"https:\/\/qingdaohf.com\/bg\/#website\",\"url\":\"https:\/\/qingdaohf.com\/bg\/\",\"name\":\"Concrete Form & Rigging Hardware Supplier\",\"description\":\"\",\"publisher\":{\"@id\":\"https:\/\/qingdaohf.com\/bg\/#organization\"},\"potentialAction\":[{\"@type\":\"SearchAction\",\"target\":{\"@type\":\"EntryPoint\",\"urlTemplate\":\"https:\/\/qingdaohf.com\/bg\/?s={search_term_string}\"},\"query-input\":{\"@type\":\"PropertyValueSpecification\",\"valueRequired\":true,\"valueName\":\"search_term_string\"}}],\"inLanguage\":\"tr\"},{\"@type\":\"Organization\",\"@id\":\"https:\/\/qingdaohf.com\/bg\/#organization\",\"name\":\"Qingdao H&F\",\"url\":\"https:\/\/qingdaohf.com\/bg\/\",\"logo\":{\"@type\":\"ImageObject\",\"inLanguage\":\"tr\",\"@id\":\"https:\/\/qingdaohf.com\/bg\/#\/schema\/logo\/image\/\",\"url\":\"https:\/\/qingdaohf.com\/wp-content\/uploads\/2022\/12\/cropped-HF-LOGO.png\",\"contentUrl\":\"https:\/\/qingdaohf.com\/wp-content\/uploads\/2022\/12\/cropped-HF-LOGO.png\",\"width\":391,\"height\":249,\"caption\":\"Qingdao H&F\"},\"image\":{\"@id\":\"https:\/\/qingdaohf.com\/bg\/#\/schema\/logo\/image\/\"},\"sameAs\":[\"https:\/\/www.facebook.com\/qingdaohf\"]}]}<\/script>\n<!-- \/ Yoast SEO plugin. -->","yoast_head_json":{"title":"Flat Webbing Sling 10 Ton Polyester Double Duplex","robots":{"index":"index","follow":"follow","max-snippet":"max-snippet:-1","max-image-preview":"max-image-preview:large","max-video-preview":"max-video-preview:-1"},"canonical":"https:\/\/qingdaohf.com\/tr\/urun\/dokuma-sapan-10-ton\/","og_locale":"tr_TR","og_type":"article","og_title":"Flat Webbing Sling 10 Ton Polyester Double Duplex","og_description":"10-Ton Webbing Sling is built for heavy-duty lifting, designed to meet the stringent demands of industries where secure, high-capacity lifting is essential. This durable sling handles up to 10 tons, addressing buyers' primary concerns about strength, safety, and reliability. As an experienced B2B trading company, Qingdao H&amp;F provides one-on-one customer support, fast delivery, and comprehensive quality inspection reports, ensuring a smooth buying experience that prioritizes transparency and customer satisfaction.","og_url":"https:\/\/qingdaohf.com\/tr\/urun\/dokuma-sapan-10-ton\/","og_site_name":"Concrete Form &amp; Rigging Hardware Supplier","article_publisher":"https:\/\/www.facebook.com\/qingdaohf","article_modified_time":"2025-11-13T01:02:52+00:00","og_image":[{"width":1000,"height":1000,"url":"https:\/\/qingdaohf.com\/wp-content\/uploads\/2024\/10\/10-tons_1.webp","type":"image\/webp"}],"twitter_card":"summary_large_image","twitter_misc":{"Tahmini okuma s\u00fcresi":"3 dakika"},"schema":{"@context":"https:\/\/schema.org","@graph":[{"@type":"WebPage","@id":"https:\/\/qingdaohf.com\/product\/webbing-sling-10-ton\/","url":"https:\/\/qingdaohf.com\/product\/webbing-sling-10-ton\/","name":"Flat Webbing Sling 10 Ton Polyester Double Duplex","isPartOf":{"@id":"https:\/\/qingdaohf.com\/bg\/#website"},"primaryImageOfPage":{"@id":"https:\/\/qingdaohf.com\/product\/webbing-sling-10-ton\/#primaryimage"},"image":{"@id":"https:\/\/qingdaohf.com\/product\/webbing-sling-10-ton\/#primaryimage"},"thumbnailUrl":"https:\/\/qingdaohf.com\/wp-content\/uploads\/2024\/10\/10-tons_1.webp","datePublished":"2024-11-05T09:59:58+00:00","dateModified":"2025-11-13T01:02:52+00:00","breadcrumb":{"@id":"https:\/\/qingdaohf.com\/product\/webbing-sling-10-ton\/#breadcrumb"},"inLanguage":"tr","potentialAction":[{"@type":"ReadAction","target":["https:\/\/qingdaohf.com\/product\/webbing-sling-10-ton\/"]}]},{"@type":"ImageObject","inLanguage":"tr","@id":"https:\/\/qingdaohf.com\/product\/webbing-sling-10-ton\/#primaryimage","url":"https:\/\/qingdaohf.com\/wp-content\/uploads\/2024\/10\/10-tons_1.webp","contentUrl":"https:\/\/qingdaohf.com\/wp-content\/uploads\/2024\/10\/10-tons_1.webp","width":1000,"height":1000,"caption":"Webbing Sling 10 Ton"},{"@type":"BreadcrumbList","@id":"https:\/\/qingdaohf.com\/product\/webbing-sling-10-ton\/#breadcrumb","itemListElement":[{"@type":"ListItem","position":1,"name":"Home","item":"https:\/\/qingdaohf.com\/"},{"@type":"ListItem","position":2,"name":"Concrete Forming Accessories and Rigging Hardware","item":"https:\/\/qingdaohf.com\/bg\/?page_id=944"},{"@type":"ListItem","position":3,"name":"Flat Webbing Sling 10 Ton Polyester Double Duplex"}]},{"@type":"WebSite","@id":"https:\/\/qingdaohf.com\/bg\/#website","url":"https:\/\/qingdaohf.com\/bg\/","name":"Concrete Form & Rigging Hardware Supplier","description":"","publisher":{"@id":"https:\/\/qingdaohf.com\/bg\/#organization"},"potentialAction":[{"@type":"SearchAction","target":{"@type":"EntryPoint","urlTemplate":"https:\/\/qingdaohf.com\/bg\/?s={search_term_string}"},"query-input":{"@type":"PropertyValueSpecification","valueRequired":true,"valueName":"search_term_string"}}],"inLanguage":"tr"},{"@type":"Organization","@id":"https:\/\/qingdaohf.com\/bg\/#organization","name":"Qingdao H&F","url":"https:\/\/qingdaohf.com\/bg\/","logo":{"@type":"ImageObject","inLanguage":"tr","@id":"https:\/\/qingdaohf.com\/bg\/#\/schema\/logo\/image\/","url":"https:\/\/qingdaohf.com\/wp-content\/uploads\/2022\/12\/cropped-HF-LOGO.png","contentUrl":"https:\/\/qingdaohf.com\/wp-content\/uploads\/2022\/12\/cropped-HF-LOGO.png","width":391,"height":249,"caption":"Qingdao H&F"},"image":{"@id":"https:\/\/qingdaohf.com\/bg\/#\/schema\/logo\/image\/"},"sameAs":["https:\/\/www.facebook.com\/qingdaohf"]}]}},"_links":{"self":[{"href":"https:\/\/qingdaohf.com\/tr\/wp-json\/wp\/v2\/product\/8291","targetHints":{"allow":["GET"]}}],"collection":[{"href":"https:\/\/qingdaohf.com\/tr\/wp-json\/wp\/v2\/product"}],"about":[{"href":"https:\/\/qingdaohf.com\/tr\/wp-json\/wp\/v2\/types\/product"}],"replies":[{"embeddable":true,"href":"https:\/\/qingdaohf.com\/tr\/wp-json\/wp\/v2\/comments?post=8291"}],"version-history":[{"count":2,"href":"https:\/\/qingdaohf.com\/tr\/wp-json\/wp\/v2\/product\/8291\/revisions"}],"predecessor-version":[{"id":8333,"href":"https:\/\/qingdaohf.com\/tr\/wp-json\/wp\/v2\/product\/8291\/revisions\/8333"}],"wp:featuredmedia":[{"embeddable":true,"href":"https:\/\/qingdaohf.com\/tr\/wp-json\/wp\/v2\/media\/8192"}],"wp:attachment":[{"href":"https:\/\/qingdaohf.com\/tr\/wp-json\/wp\/v2\/media?parent=8291"}],"wp:term":[{"taxonomy":"product_brand","embeddable":true,"href":"https:\/\/qingdaohf.com\/tr\/wp-json\/wp\/v2\/product_brand?post=8291"},{"taxonomy":"product_cat","embeddable":true,"href":"https:\/\/qingdaohf.com\/tr\/wp-json\/wp\/v2\/product_cat?post=8291"},{"taxonomy":"product_tag","embeddable":true,"href":"https:\/\/qingdaohf.com\/tr\/wp-json\/wp\/v2\/product_tag?post=8291"}],"curies":[{"name":"wp","href":"https:\/\/api.w.org\/{rel}","templated":true}]}}