{"id":8310,"date":"2024-11-07T14:33:56","date_gmt":"2024-11-07T06:33:56","guid":{"rendered":"http:\/\/qingdaohf.com\/?post_type=product&#038;p=8310"},"modified":"2025-11-13T09:02:52","modified_gmt":"2025-11-13T01:02:52","slug":"spek-anchor-stockless-anchor","status":"publish","type":"product","link":"https:\/\/qingdaohf.com\/tr\/urun\/spek-capa-stoksuz-capa\/","title":{"rendered":"Spek \u00c7apa Stoksuz \u00c7apa"},"content":{"rendered":"<h3>Spek Ankrajlara Genel Bak\u0131\u015f ve Benzersiz Tasar\u0131m<\/h3>\n<p>Spek \u00c7apa, denizcilik ve a\u00e7\u0131k deniz end\u00fcstrilerinde yayg\u0131n olarak tercih edilen bir \u00e7apa t\u00fcr\u00fcd\u00fcr ve stabilite ve dayan\u0131kl\u0131l\u0131\u011f\u0131 vurgulayan kendine \u00f6zg\u00fc tasar\u0131m\u0131 i\u00e7in se\u00e7ilmi\u015ftir. Daha geleneksel \u00e7apa stillerinden biri olan Spek \u00c7apa, \u00f6ncelikle \u00e7e\u015fitli deniz tabanlar\u0131na h\u0131zl\u0131 bir \u015fekilde kazma kabiliyeti nedeniyle \u00e7e\u015fitli deniz ko\u015fullar\u0131nda etkinli\u011fi ile \u00fcn kazanm\u0131\u015ft\u0131r. Di\u011fer \u00e7apalarla k\u0131yasland\u0131\u011f\u0131nda, Spek \u00c7apa'n\u0131n yap\u0131s\u0131, uzun demirleme prosed\u00fcrleri olmadan g\u00fcvenilir tutma g\u00fcc\u00fcne ihtiya\u00e7 duyan gemiler i\u00e7in son derece arzu edilen bir \u00f6zellik olan, yerle\u015ftirildikten sonra h\u0131zl\u0131 bir \u015fekilde g\u00f6m\u00fclmeye izin verir.<\/p>\n<p>Bu \u00e7apa tipi, her ikisi de su hareketindeki de\u011fi\u015fikliklerin neden oldu\u011fu d\u00f6nme kuvvetlerine direnmek i\u00e7in optimize edilmi\u015f \u00f6zel olarak tasarlanm\u0131\u015f bir kanat ve \u015faft i\u00e7erir. Bu benzersiz \u015fekil sadece s\u00fcr\u00fcklenmeyi en aza indirmekle kalmaz, ayn\u0131 zamanda ak\u0131nt\u0131daki ani de\u011fi\u015fimler s\u0131ras\u0131nda dengeyi koruyarak tutarl\u0131 tutma g\u00fcc\u00fcne g\u00fcvenen gemi operat\u00f6rlerine g\u00f6n\u00fcl rahatl\u0131\u011f\u0131 sunar. Spek \u00c7apa'n\u0131n geometrisi, deniz taban\u0131na uygun bir giri\u015f a\u00e7\u0131s\u0131n\u0131n korunmas\u0131na yard\u0131mc\u0131 olan geni\u015f bir fluke a\u00e7\u0131s\u0131 ve a\u011f\u0131rl\u0131kl\u0131 bir sap i\u00e7erir. Bu \u00f6zellik, kumlu veya \u00e7amurlu y\u00fczeylerde h\u0131zl\u0131 bir \u015fekilde yerle\u015fmesini ve sabitlenmesini sa\u011flayarak \u00e7e\u015fitli deniz ortamlar\u0131nda \u00e7ok y\u00f6nl\u00fc olmas\u0131n\u0131 sa\u011flar.<\/p>\n<p>Qingdao H&amp;F'de, bu kritik performans standartlar\u0131n\u0131 kar\u015f\u0131layan Spek \u00c7apalar\u0131 tedarik ederken, ek destek ve kalite g\u00fcvencesi ile m\u00fc\u015fteri rahatl\u0131\u011f\u0131n\u0131 art\u0131r\u0131yoruz. Her bir \u00e7apan\u0131n yap\u0131sal b\u00fct\u00fcnl\u00fc\u011f\u00fcn\u00fc ve performans kabiliyetlerini do\u011frulamak i\u00e7in bir dizi kalite kontrol raporu sa\u011fl\u0131yor ve s\u0131k\u0131 deniz g\u00fcvenli\u011fi d\u00fczenlemelerine uygunlu\u011fu garanti ediyoruz. Bire bir m\u00fc\u015fteri deste\u011fi sunarak, al\u0131c\u0131lara kendi \u00f6zel uygulamalar\u0131 i\u00e7in en uygun \u00e7apa boyutunu ve tipini se\u00e7melerinde yard\u0131mc\u0131 oluyoruz. G\u00fcvenilir ve h\u0131zl\u0131 teslimat s\u00fcrecimiz de m\u00fc\u015fterilerin \u00fcr\u00fcnlerini zaman\u0131nda teslim almalar\u0131n\u0131 sa\u011flayarak operasyonlardaki olas\u0131 gecikmeleri azalt\u0131yor.<\/p>\n<p><img fetchpriority=\"high\" decoding=\"async\" class=\"alignnone wp-image-8317 size-full\" src=\"http:\/\/qingdaohf.com\/wp-content\/uploads\/2024\/11\/spek-anchor-1.jpg\" alt=\"\" width=\"640\" height=\"640\" srcset=\"https:\/\/qingdaohf.com\/wp-content\/uploads\/2024\/11\/spek-anchor-1.jpg 640w, https:\/\/qingdaohf.com\/wp-content\/uploads\/2024\/11\/spek-anchor-1-300x300.jpg 300w, https:\/\/qingdaohf.com\/wp-content\/uploads\/2024\/11\/spek-anchor-1-150x150.jpg 150w, https:\/\/qingdaohf.com\/wp-content\/uploads\/2024\/11\/spek-anchor-1-12x12.jpg 12w, https:\/\/qingdaohf.com\/wp-content\/uploads\/2024\/11\/spek-anchor-1-500x500.jpg 500w, https:\/\/qingdaohf.com\/wp-content\/uploads\/2024\/11\/spek-anchor-1-100x100.jpg 100w\" sizes=\"(max-width: 640px) 100vw, 640px\" \/> <img decoding=\"async\" class=\"alignnone wp-image-8318 size-full\" src=\"http:\/\/qingdaohf.com\/wp-content\/uploads\/2024\/11\/spek-anchor-1.png\" alt=\"\" width=\"598\" height=\"727\" srcset=\"https:\/\/qingdaohf.com\/wp-content\/uploads\/2024\/11\/spek-anchor-1.png 598w, https:\/\/qingdaohf.com\/wp-content\/uploads\/2024\/11\/spek-anchor-1-247x300.png 247w, https:\/\/qingdaohf.com\/wp-content\/uploads\/2024\/11\/spek-anchor-1-10x12.png 10w\" sizes=\"(max-width: 598px) 100vw, 598px\" \/><\/p>\n<h3>Farkl\u0131 Deniz Ortamlar\u0131nda Spek \u00c7apa Uygulamalar\u0131 ve \u00c7ok Y\u00f6nl\u00fcl\u00fck<\/h3>\n<p>Spek \u00c7apa, etkileyici tutma kapasitesi ve uyarlanabilirli\u011fi nedeniyle ticari gemiler, a\u00e7\u0131k deniz platformlar\u0131 ve di\u011fer \u00f6nemli gemiler i\u00e7in s\u0131kl\u0131kla tercih edilmektedir. \u00c7apa, \u00f6zellikle uzun s\u00fcreli kal\u0131\u015flarda stabilitenin korunmas\u0131 i\u00e7in g\u00fcvenli demirlemenin \u00e7ok \u00f6nemli oldu\u011fu b\u00fcy\u00fck gemiler i\u00e7in etkilidir. Orta ila a\u011f\u0131r deniz ko\u015fullar\u0131nda Spek \u00c7apa, yanal hareketlere kar\u015f\u0131 direnci ve de\u011fi\u015fken ak\u0131nt\u0131larda bile sabit tutma kapasitesi sayesinde avantaj sa\u011flar. Bu \u00f6zellikler, \u00f6ng\u00f6r\u00fclemeyen \u00e7evresel ko\u015fullara ra\u011fmen g\u00fcvenli demirlemenin gerekli oldu\u011fu durumlarda tercih edilen bir se\u00e7im olmas\u0131n\u0131 sa\u011flar.<\/p>\n<p>Denizcilik ve a\u00e7\u0131k deniz sekt\u00f6rlerindeki al\u0131c\u0131lar i\u00e7in dayan\u0131kl\u0131l\u0131k, kullan\u0131m kolayl\u0131\u011f\u0131 ve maliyet verimlili\u011fi temel hususlard\u0131r. Spek \u00c7apa'n\u0131n tasar\u0131m\u0131 sadece kullan\u0131m kolayl\u0131\u011f\u0131 sa\u011flamakla kalmaz, ayn\u0131 zamanda daha az stabil \u00e7apa tiplerinde meydana gelebilecek ani sars\u0131nt\u0131lar\u0131 veya s\u00fcr\u00fcklenmeleri en aza indirerek \u00e7apa zincirindeki ve ilgili ekipmandaki a\u015f\u0131nmay\u0131 azalt\u0131r. Kumlu, \u00e7amurlu ve hatta kayal\u0131k deniz tabanlar\u0131na sahip b\u00f6lgelerde seyreden gemiler, Spek \u00c7apa'n\u0131n h\u0131zl\u0131 ve g\u00fcvenilir ayar\u0131ndan faydalan\u0131r, \u00e7\u00fcnk\u00fc birden fazla y\u00fczey t\u00fcr\u00fcne iyi uyum sa\u011flar.<\/p>\n<p>Qingdao H&amp;F'de, bu operasyonel ihtiya\u00e7lar\u0131 kar\u015f\u0131layan \u00fcr\u00fcnler sunman\u0131n yan\u0131 s\u0131ra sat\u0131n alma deneyimini geli\u015ftiren avantajlar sunmaya da \u00f6nem veriyoruz. H\u0131zl\u0131 teslimat d\u00f6ng\u00fclerine olan ba\u011fl\u0131l\u0131\u011f\u0131m\u0131z, m\u00fc\u015fterilerin uzun bekleme s\u00fcreleri olmadan yeni ekipman\u0131 derhal entegre edebilmelerini sa\u011flar. Ayr\u0131ca, her bir Spek \u00c7apa i\u00e7in kapsaml\u0131 testler ger\u00e7ekle\u015ftiriyor ve \u00e7apan\u0131n dayan\u0131kl\u0131l\u0131\u011f\u0131n\u0131, a\u011f\u0131rl\u0131\u011f\u0131n\u0131 ve performans parametrelerini onaylamak i\u00e7in ayr\u0131nt\u0131l\u0131 inceleme raporlar\u0131 sunuyoruz. Bu kalite kontrol seviyesi, deniz g\u00fcvenli\u011fi standartlar\u0131na uymak zorunda olan ve ekipman g\u00fcvenilirli\u011fini do\u011frulamak i\u00e7in net belgelere ihtiya\u00e7 duyan al\u0131c\u0131lar i\u00e7in \u00f6zellikle \u00f6nemlidir.<\/p>\n<h3>Qingdao H&amp;F'den Spek Ankrajlar\u0131 Se\u00e7menin Faydalar\u0131<\/h3>\n<p>Qingdao H&amp;F'den bir Spek \u00c7apa se\u00e7mek, bir \u00fcr\u00fcnden daha fazlas\u0131na yat\u0131r\u0131m yapmak anlam\u0131na gelir; denizcilik ekipman\u0131 tedarikinde g\u00fcvenilir bir ortak kazanmak anlam\u0131na gelir. Uluslararas\u0131 ticarette 20 y\u0131l\u0131 a\u015fk\u0131n deneyime sahip olan Qingdao H&amp;F, g\u00fcvenilirlik ve m\u00fc\u015fteri memnuniyetine ba\u011fl\u0131l\u0131k konusunda itibar kazanm\u0131\u015ft\u0131r. Denizcilik end\u00fcstrisinin operasyonel taleplerini anl\u0131yor ve her bir \u00e7apan\u0131n yaln\u0131zca titiz kalite standartlar\u0131n\u0131 kar\u015f\u0131lamakla kalmay\u0131p ayn\u0131 zamanda m\u00fc\u015fterilerimizin \u00f6zel uygulama gereksinimlerine de uygun olmas\u0131n\u0131 sa\u011flayarak bunlar\u0131 kar\u015f\u0131lamay\u0131 hedefliyoruz.<\/p>\n<p>Bire bir m\u00fc\u015fteri hizmetleri modelimiz, her i\u015flem i\u00e7in ki\u015fiselle\u015ftirilmi\u015f bir yakla\u015f\u0131m geli\u015ftirerek bizi di\u011fer tedarik\u00e7ilerden ay\u0131rmaktad\u0131r. \u0130lk sorgulamadan teslimata kadar m\u00fc\u015fterilerimiz, end\u00fcstri standartlar\u0131na ve uygulamaya \u00f6zel gereksinimlere g\u00f6re rehberlik sa\u011flayan bilgili personelimizden \u00f6zel yard\u0131m al\u0131rlar. \u00d6rne\u011fin, gemi tipine ve tipik deniz ko\u015fullar\u0131na g\u00f6re uygun a\u011f\u0131rl\u0131k ve boyutta Spek \u00c7apa se\u00e7imi konusunda tavsiyelerde bulunarak m\u00fc\u015fterilerin operasyonel g\u00fcvenli\u011fi ve verimlili\u011fi art\u0131ran bilin\u00e7li kararlar almas\u0131n\u0131 sa\u011fl\u0131yoruz.<\/p>\n<p>\u015eeffafl\u0131\u011fa olan ba\u011fl\u0131l\u0131\u011f\u0131m\u0131z, kapsaml\u0131 kalite g\u00fcvence s\u00fcrecimizle daha da vurgulanmaktad\u0131r. Her Spek \u00c7apa \u00e7ekme mukavemeti, a\u011f\u0131rl\u0131k tutarl\u0131l\u0131\u011f\u0131 ve korozyon direnci gibi fakt\u00f6rleri do\u011frulamak i\u00e7in kapsaml\u0131 testlerden ge\u00e7irilir. Bu test s\u00fcre\u00e7leri, m\u00fc\u015fterilerimizle payla\u015ft\u0131\u011f\u0131m\u0131z ayr\u0131nt\u0131l\u0131 denetim raporlar\u0131nda belgelenerek \u00fcr\u00fcn\u00fcn dayan\u0131kl\u0131l\u0131\u011f\u0131 ve performans\u0131 konusunda g\u00fcven duymalar\u0131n\u0131 sa\u011flar. Ayr\u0131ca, verimli lojistik ve depodan depoya teslimat se\u00e7eneklerimiz, m\u00fc\u015fterilerin operasyonlar\u0131ndaki kesintileri en aza indirmeye yard\u0131mc\u0131 olan ve rahatl\u0131\u011f\u0131 en \u00fcst d\u00fczeye \u00e7\u0131karan zaman\u0131nda \u00fcr\u00fcn var\u0131\u015flar\u0131n\u0131 sa\u011flar.<\/p>\n<p>Qingdao H&amp;F'nin hizmet m\u00fckemmelli\u011fi ve \u00fcr\u00fcn kalitesine odaklanmas\u0131, bizi yaln\u0131zca sa\u011flam, g\u00fcvenilir \u00e7apalar de\u011fil, ayn\u0131 zamanda sorunsuz bir sat\u0131n alma deneyimi arayan al\u0131c\u0131lar i\u00e7in ideal bir se\u00e7im haline getiriyor.<\/p>","protected":false},"excerpt":{"rendered":"<p>Denizcilik uygulamalar\u0131nda temel bir \u00fcr\u00fcn olan Spek \u00c7apa, farkl\u0131 okyanus ko\u015fullar\u0131nda g\u00fcvenilirlik ve verimli performans dengesi arayan al\u0131c\u0131lar taraf\u0131ndan olduk\u00e7a de\u011fer g\u00f6rmektedir. Sa\u011flam tutma g\u00fcc\u00fc ve dengesiyle bilinen Spek \u00c7apa, \u00f6zellikle orta ila dalgal\u0131 denizlerdeki gemiler i\u00e7in \u00e7ok uygundur. Qingdao H&amp;F'de, her m\u00fc\u015fterinin kendi \u00f6zel gereksinimlerine g\u00f6re uyarlanm\u0131\u015f rehberlik almas\u0131n\u0131 sa\u011flamak i\u00e7in bire bir m\u00fc\u015fteri hizmeti sunarak bir ad\u0131m daha ileri gidiyoruz. H\u0131zl\u0131 teslimat d\u00f6ng\u00fcm\u00fcz ar\u0131za s\u00fcresini azalt\u0131rken, kalite kontrol raporlar\u0131 yelpazemiz al\u0131c\u0131lara \u00fcr\u00fcn g\u00fcvenilirli\u011fi ve dayan\u0131kl\u0131l\u0131\u011f\u0131 konusunda ek g\u00fcven sunuyor. Denizcilik sekt\u00f6r\u00fc profesyonelleri i\u00e7in, ola\u011fan\u00fcst\u00fc hizmet ve kolayla\u015ft\u0131r\u0131lm\u0131\u015f s\u00fcre\u00e7lere odaklanmam\u0131z sorunsuz bir sat\u0131n alma deneyimi sa\u011flar.<\/p>","protected":false},"featured_media":8311,"comment_status":"open","ping_status":"closed","template":"","meta":{"site-sidebar-layout":"default","site-content-layout":"","ast-site-content-layout":"default","site-content-style":"default","site-sidebar-style":"default","ast-global-header-display":"","ast-banner-title-visibility":"","ast-main-header-display":"","ast-hfb-above-header-display":"","ast-hfb-below-header-display":"","ast-hfb-mobile-header-display":"","site-post-title":"","ast-breadcrumbs-content":"","ast-featured-img":"","footer-sml-layout":"","theme-transparent-header-meta":"default","adv-header-id-meta":"","stick-header-meta":"default","header-above-stick-meta":"","header-main-stick-meta":"","header-below-stick-meta":"","astra-migrate-meta-layouts":"set","ast-page-background-enabled":"default","ast-page-background-meta":{"desktop":{"background-color":"","background-image":"","background-repeat":"repeat","background-position":"center center","background-size":"auto","background-attachment":"scroll","background-type":"","background-media":"","overlay-type":"","overlay-color":"","overlay-opacity":"","overlay-gradient":""},"tablet":{"background-color":"","background-image":"","background-repeat":"repeat","background-position":"center center","background-size":"auto","background-attachment":"scroll","background-type":"","background-media":"","overlay-type":"","overlay-color":"","overlay-opacity":"","overlay-gradient":""},"mobile":{"background-color":"","background-image":"","background-repeat":"repeat","background-position":"center center","background-size":"auto","background-attachment":"scroll","background-type":"","background-media":"","overlay-type":"","overlay-color":"","overlay-opacity":"","overlay-gradient":""}},"ast-content-background-meta":{"desktop":{"background-color":"var(--ast-global-color-5)","background-image":"","background-repeat":"repeat","background-position":"center center","background-size":"auto","background-attachment":"scroll","background-type":"","background-media":"","overlay-type":"","overlay-color":"","overlay-opacity":"","overlay-gradient":""},"tablet":{"background-color":"var(--ast-global-color-5)","background-image":"","background-repeat":"repeat","background-position":"center center","background-size":"auto","background-attachment":"scroll","background-type":"","background-media":"","overlay-type":"","overlay-color":"","overlay-opacity":"","overlay-gradient":""},"mobile":{"background-color":"var(--ast-global-color-5)","background-image":"","background-repeat":"repeat","background-position":"center center","background-size":"auto","background-attachment":"scroll","background-type":"","background-media":"","overlay-type":"","overlay-color":"","overlay-opacity":"","overlay-gradient":""}}},"product_brand":[],"product_cat":[74],"product_tag":[],"class_list":{"0":"post-8310","1":"product","2":"type-product","3":"status-publish","4":"has-post-thumbnail","6":"product_cat-boat-anchor","7":"desktop-align-left","8":"tablet-align-left","9":"mobile-align-left","10":"ast-product-gallery-layout-horizontal-slider","11":"ast-product-tabs-layout-horizontal","13":"first","14":"instock","15":"shipping-taxable","16":"purchasable","17":"product-type-simple"},"yoast_head":"<!-- This site is optimized with the Yoast SEO plugin v25.2 - https:\/\/yoast.com\/wordpress\/plugins\/seo\/ -->\n<title>Spek Anchor Stockless Anchor<\/title>\n<meta name=\"robots\" content=\"index, follow, max-snippet:-1, max-image-preview:large, max-video-preview:-1\" \/>\n<link rel=\"canonical\" href=\"https:\/\/qingdaohf.com\/tr\/urun\/spek-capa-stoksuz-capa\/\" \/>\n<meta property=\"og:locale\" content=\"tr_TR\" \/>\n<meta property=\"og:type\" content=\"article\" \/>\n<meta property=\"og:title\" content=\"Spek Anchor Stockless Anchor\" \/>\n<meta property=\"og:description\" content=\"The Spek Anchor, a staple in marine applications, is highly valued by buyers seeking a balance of reliability and efficient performance in diverse ocean conditions. Known for its robust holding power and stability, the Spek Anchor is particularly well-suited for vessels in moderate to rough seas. At Qingdao H&amp;F, we go a step further by providing one-on-one customer service to ensure each client receives guidance tailored to their specific requirements. Our fast delivery cycle reduces downtime, while our range of quality inspection reports offers buyers added confidence in product reliability and durability. For marine industry professionals, our focus on exceptional service and streamlined processes ensures a seamless purchasing experience.\" \/>\n<meta property=\"og:url\" content=\"https:\/\/qingdaohf.com\/tr\/urun\/spek-capa-stoksuz-capa\/\" \/>\n<meta property=\"og:site_name\" content=\"Concrete Form &amp; Rigging Hardware Supplier\" \/>\n<meta property=\"article:publisher\" content=\"https:\/\/www.facebook.com\/qingdaohf\" \/>\n<meta property=\"article:modified_time\" content=\"2025-11-13T01:02:52+00:00\" \/>\n<meta property=\"og:image\" content=\"https:\/\/qingdaohf.com\/wp-content\/uploads\/2024\/11\/spek-anchor.jpg\" \/>\n\t<meta property=\"og:image:width\" content=\"1000\" \/>\n\t<meta property=\"og:image:height\" content=\"1000\" \/>\n\t<meta property=\"og:image:type\" content=\"image\/jpeg\" \/>\n<meta name=\"twitter:card\" content=\"summary_large_image\" \/>\n<meta name=\"twitter:label1\" content=\"Tahmini okuma s\u00fcresi\" \/>\n\t<meta name=\"twitter:data1\" content=\"5 dakika\" \/>\n<script type=\"application\/ld+json\" class=\"yoast-schema-graph\">{\"@context\":\"https:\/\/schema.org\",\"@graph\":[{\"@type\":\"WebPage\",\"@id\":\"https:\/\/qingdaohf.com\/product\/spek-anchor-stockless-anchor\/\",\"url\":\"https:\/\/qingdaohf.com\/product\/spek-anchor-stockless-anchor\/\",\"name\":\"Spek Anchor Stockless Anchor\",\"isPartOf\":{\"@id\":\"https:\/\/qingdaohf.com\/bg\/#website\"},\"primaryImageOfPage\":{\"@id\":\"https:\/\/qingdaohf.com\/product\/spek-anchor-stockless-anchor\/#primaryimage\"},\"image\":{\"@id\":\"https:\/\/qingdaohf.com\/product\/spek-anchor-stockless-anchor\/#primaryimage\"},\"thumbnailUrl\":\"https:\/\/qingdaohf.com\/wp-content\/uploads\/2024\/11\/spek-anchor.jpg\",\"datePublished\":\"2024-11-07T06:33:56+00:00\",\"dateModified\":\"2025-11-13T01:02:52+00:00\",\"breadcrumb\":{\"@id\":\"https:\/\/qingdaohf.com\/product\/spek-anchor-stockless-anchor\/#breadcrumb\"},\"inLanguage\":\"tr\",\"potentialAction\":[{\"@type\":\"ReadAction\",\"target\":[\"https:\/\/qingdaohf.com\/product\/spek-anchor-stockless-anchor\/\"]}]},{\"@type\":\"ImageObject\",\"inLanguage\":\"tr\",\"@id\":\"https:\/\/qingdaohf.com\/product\/spek-anchor-stockless-anchor\/#primaryimage\",\"url\":\"https:\/\/qingdaohf.com\/wp-content\/uploads\/2024\/11\/spek-anchor.jpg\",\"contentUrl\":\"https:\/\/qingdaohf.com\/wp-content\/uploads\/2024\/11\/spek-anchor.jpg\",\"width\":1000,\"height\":1000,\"caption\":\"spek anchor\"},{\"@type\":\"BreadcrumbList\",\"@id\":\"https:\/\/qingdaohf.com\/product\/spek-anchor-stockless-anchor\/#breadcrumb\",\"itemListElement\":[{\"@type\":\"ListItem\",\"position\":1,\"name\":\"Home\",\"item\":\"https:\/\/qingdaohf.com\/\"},{\"@type\":\"ListItem\",\"position\":2,\"name\":\"Concrete Forming Accessories and Rigging Hardware\",\"item\":\"https:\/\/qingdaohf.com\/bg\/?page_id=944\"},{\"@type\":\"ListItem\",\"position\":3,\"name\":\"Spek Anchor Stockless Anchor\"}]},{\"@type\":\"WebSite\",\"@id\":\"https:\/\/qingdaohf.com\/bg\/#website\",\"url\":\"https:\/\/qingdaohf.com\/bg\/\",\"name\":\"Concrete Form & Rigging Hardware Supplier\",\"description\":\"\",\"publisher\":{\"@id\":\"https:\/\/qingdaohf.com\/bg\/#organization\"},\"potentialAction\":[{\"@type\":\"SearchAction\",\"target\":{\"@type\":\"EntryPoint\",\"urlTemplate\":\"https:\/\/qingdaohf.com\/bg\/?s={search_term_string}\"},\"query-input\":{\"@type\":\"PropertyValueSpecification\",\"valueRequired\":true,\"valueName\":\"search_term_string\"}}],\"inLanguage\":\"tr\"},{\"@type\":\"Organization\",\"@id\":\"https:\/\/qingdaohf.com\/bg\/#organization\",\"name\":\"Qingdao H&F\",\"url\":\"https:\/\/qingdaohf.com\/bg\/\",\"logo\":{\"@type\":\"ImageObject\",\"inLanguage\":\"tr\",\"@id\":\"https:\/\/qingdaohf.com\/bg\/#\/schema\/logo\/image\/\",\"url\":\"https:\/\/qingdaohf.com\/wp-content\/uploads\/2022\/12\/cropped-HF-LOGO.png\",\"contentUrl\":\"https:\/\/qingdaohf.com\/wp-content\/uploads\/2022\/12\/cropped-HF-LOGO.png\",\"width\":391,\"height\":249,\"caption\":\"Qingdao H&F\"},\"image\":{\"@id\":\"https:\/\/qingdaohf.com\/bg\/#\/schema\/logo\/image\/\"},\"sameAs\":[\"https:\/\/www.facebook.com\/qingdaohf\"]}]}<\/script>\n<!-- \/ Yoast SEO plugin. -->","yoast_head_json":{"title":"Spek Anchor Stockless Anchor","robots":{"index":"index","follow":"follow","max-snippet":"max-snippet:-1","max-image-preview":"max-image-preview:large","max-video-preview":"max-video-preview:-1"},"canonical":"https:\/\/qingdaohf.com\/tr\/urun\/spek-capa-stoksuz-capa\/","og_locale":"tr_TR","og_type":"article","og_title":"Spek Anchor Stockless Anchor","og_description":"The Spek Anchor, a staple in marine applications, is highly valued by buyers seeking a balance of reliability and efficient performance in diverse ocean conditions. Known for its robust holding power and stability, the Spek Anchor is particularly well-suited for vessels in moderate to rough seas. At Qingdao H&amp;F, we go a step further by providing one-on-one customer service to ensure each client receives guidance tailored to their specific requirements. Our fast delivery cycle reduces downtime, while our range of quality inspection reports offers buyers added confidence in product reliability and durability. For marine industry professionals, our focus on exceptional service and streamlined processes ensures a seamless purchasing experience.","og_url":"https:\/\/qingdaohf.com\/tr\/urun\/spek-capa-stoksuz-capa\/","og_site_name":"Concrete Form &amp; Rigging Hardware Supplier","article_publisher":"https:\/\/www.facebook.com\/qingdaohf","article_modified_time":"2025-11-13T01:02:52+00:00","og_image":[{"width":1000,"height":1000,"url":"https:\/\/qingdaohf.com\/wp-content\/uploads\/2024\/11\/spek-anchor.jpg","type":"image\/jpeg"}],"twitter_card":"summary_large_image","twitter_misc":{"Tahmini okuma s\u00fcresi":"5 dakika"},"schema":{"@context":"https:\/\/schema.org","@graph":[{"@type":"WebPage","@id":"https:\/\/qingdaohf.com\/product\/spek-anchor-stockless-anchor\/","url":"https:\/\/qingdaohf.com\/product\/spek-anchor-stockless-anchor\/","name":"Spek Anchor Stockless Anchor","isPartOf":{"@id":"https:\/\/qingdaohf.com\/bg\/#website"},"primaryImageOfPage":{"@id":"https:\/\/qingdaohf.com\/product\/spek-anchor-stockless-anchor\/#primaryimage"},"image":{"@id":"https:\/\/qingdaohf.com\/product\/spek-anchor-stockless-anchor\/#primaryimage"},"thumbnailUrl":"https:\/\/qingdaohf.com\/wp-content\/uploads\/2024\/11\/spek-anchor.jpg","datePublished":"2024-11-07T06:33:56+00:00","dateModified":"2025-11-13T01:02:52+00:00","breadcrumb":{"@id":"https:\/\/qingdaohf.com\/product\/spek-anchor-stockless-anchor\/#breadcrumb"},"inLanguage":"tr","potentialAction":[{"@type":"ReadAction","target":["https:\/\/qingdaohf.com\/product\/spek-anchor-stockless-anchor\/"]}]},{"@type":"ImageObject","inLanguage":"tr","@id":"https:\/\/qingdaohf.com\/product\/spek-anchor-stockless-anchor\/#primaryimage","url":"https:\/\/qingdaohf.com\/wp-content\/uploads\/2024\/11\/spek-anchor.jpg","contentUrl":"https:\/\/qingdaohf.com\/wp-content\/uploads\/2024\/11\/spek-anchor.jpg","width":1000,"height":1000,"caption":"spek anchor"},{"@type":"BreadcrumbList","@id":"https:\/\/qingdaohf.com\/product\/spek-anchor-stockless-anchor\/#breadcrumb","itemListElement":[{"@type":"ListItem","position":1,"name":"Home","item":"https:\/\/qingdaohf.com\/"},{"@type":"ListItem","position":2,"name":"Concrete Forming Accessories and Rigging Hardware","item":"https:\/\/qingdaohf.com\/bg\/?page_id=944"},{"@type":"ListItem","position":3,"name":"Spek Anchor Stockless Anchor"}]},{"@type":"WebSite","@id":"https:\/\/qingdaohf.com\/bg\/#website","url":"https:\/\/qingdaohf.com\/bg\/","name":"Concrete Form & Rigging Hardware Supplier","description":"","publisher":{"@id":"https:\/\/qingdaohf.com\/bg\/#organization"},"potentialAction":[{"@type":"SearchAction","target":{"@type":"EntryPoint","urlTemplate":"https:\/\/qingdaohf.com\/bg\/?s={search_term_string}"},"query-input":{"@type":"PropertyValueSpecification","valueRequired":true,"valueName":"search_term_string"}}],"inLanguage":"tr"},{"@type":"Organization","@id":"https:\/\/qingdaohf.com\/bg\/#organization","name":"Qingdao H&F","url":"https:\/\/qingdaohf.com\/bg\/","logo":{"@type":"ImageObject","inLanguage":"tr","@id":"https:\/\/qingdaohf.com\/bg\/#\/schema\/logo\/image\/","url":"https:\/\/qingdaohf.com\/wp-content\/uploads\/2022\/12\/cropped-HF-LOGO.png","contentUrl":"https:\/\/qingdaohf.com\/wp-content\/uploads\/2022\/12\/cropped-HF-LOGO.png","width":391,"height":249,"caption":"Qingdao H&F"},"image":{"@id":"https:\/\/qingdaohf.com\/bg\/#\/schema\/logo\/image\/"},"sameAs":["https:\/\/www.facebook.com\/qingdaohf"]}]}},"_links":{"self":[{"href":"https:\/\/qingdaohf.com\/tr\/wp-json\/wp\/v2\/product\/8310","targetHints":{"allow":["GET"]}}],"collection":[{"href":"https:\/\/qingdaohf.com\/tr\/wp-json\/wp\/v2\/product"}],"about":[{"href":"https:\/\/qingdaohf.com\/tr\/wp-json\/wp\/v2\/types\/product"}],"replies":[{"embeddable":true,"href":"https:\/\/qingdaohf.com\/tr\/wp-json\/wp\/v2\/comments?post=8310"}],"version-history":[{"count":1,"href":"https:\/\/qingdaohf.com\/tr\/wp-json\/wp\/v2\/product\/8310\/revisions"}],"predecessor-version":[{"id":8319,"href":"https:\/\/qingdaohf.com\/tr\/wp-json\/wp\/v2\/product\/8310\/revisions\/8319"}],"wp:featuredmedia":[{"embeddable":true,"href":"https:\/\/qingdaohf.com\/tr\/wp-json\/wp\/v2\/media\/8311"}],"wp:attachment":[{"href":"https:\/\/qingdaohf.com\/tr\/wp-json\/wp\/v2\/media?parent=8310"}],"wp:term":[{"taxonomy":"product_brand","embeddable":true,"href":"https:\/\/qingdaohf.com\/tr\/wp-json\/wp\/v2\/product_brand?post=8310"},{"taxonomy":"product_cat","embeddable":true,"href":"https:\/\/qingdaohf.com\/tr\/wp-json\/wp\/v2\/product_cat?post=8310"},{"taxonomy":"product_tag","embeddable":true,"href":"https:\/\/qingdaohf.com\/tr\/wp-json\/wp\/v2\/product_tag?post=8310"}],"curies":[{"name":"wp","href":"https:\/\/api.w.org\/{rel}","templated":true}]}}