{"id":8320,"date":"2024-11-07T14:41:32","date_gmt":"2024-11-07T06:41:32","guid":{"rendered":"http:\/\/qingdaohf.com\/?post_type=product&#038;p=8320"},"modified":"2025-11-13T09:02:52","modified_gmt":"2025-11-13T01:02:52","slug":"ac-14-anchor","status":"publish","type":"product","link":"https:\/\/qingdaohf.com\/tr\/urun\/ac-14-capa\/","title":{"rendered":"AC-14 \u00c7apa"},"content":{"rendered":"<h3>AC-14 \u00c7apa: Deniz Ortamlar\u0131nda \u00c7ok Y\u00f6nl\u00fcl\u00fck, Tasar\u0131m ve Uygulama<\/h3>\n<p>\u00c7ok y\u00f6nl\u00fcl\u00fc\u011f\u00fc ve sa\u011flam tutma g\u00fcc\u00fcyle tan\u0131nan AC-14 \u00c7apa, \u00e7e\u015fitli deniz ko\u015fullar\u0131nda stabilite ve dayan\u0131kl\u0131l\u0131\u011f\u0131 art\u0131rmak i\u00e7in tasarlanm\u0131\u015f \u00e7apa teknolojisinde bir evrimi temsil eder. S\u00fcrekli olarak g\u00fcvenilir performans sunan bir \u00e7apa olan AC-14, ticari gemilerden a\u00e7\u0131k deniz platformlar\u0131na kadar \u00e7e\u015fitli gemiler i\u00e7in tercih edilen bir se\u00e7enek haline gelmi\u015ftir. Kendine \u00f6zg\u00fc geometrisi ve tutma kapasitesi, bu \u00e7apan\u0131n dalgal\u0131 sular\u0131n, kumlu veya \u00e7amurlu deniz tabanlar\u0131n\u0131n ve dalgal\u0131 gelgitlerin zorluklar\u0131na dayanabilmesini sa\u011flar.<\/p>\n<p><img fetchpriority=\"high\" decoding=\"async\" class=\"alignnone wp-image-8321 size-full\" src=\"http:\/\/qingdaohf.com\/wp-content\/uploads\/2024\/11\/ac14.jpg\" alt=\"\" width=\"640\" height=\"640\" srcset=\"https:\/\/qingdaohf.com\/wp-content\/uploads\/2024\/11\/ac14.jpg 640w, https:\/\/qingdaohf.com\/wp-content\/uploads\/2024\/11\/ac14-300x300.jpg 300w, https:\/\/qingdaohf.com\/wp-content\/uploads\/2024\/11\/ac14-150x150.jpg 150w, https:\/\/qingdaohf.com\/wp-content\/uploads\/2024\/11\/ac14-12x12.jpg 12w, https:\/\/qingdaohf.com\/wp-content\/uploads\/2024\/11\/ac14-500x500.jpg 500w, https:\/\/qingdaohf.com\/wp-content\/uploads\/2024\/11\/ac14-100x100.jpg 100w\" sizes=\"(max-width: 640px) 100vw, 640px\" \/> <img decoding=\"async\" class=\"alignnone wp-image-8322 size-full\" src=\"http:\/\/qingdaohf.com\/wp-content\/uploads\/2024\/11\/ac-14-anchor.png\" alt=\"\" width=\"1747\" height=\"500\" srcset=\"https:\/\/qingdaohf.com\/wp-content\/uploads\/2024\/11\/ac-14-anchor.png 1747w, https:\/\/qingdaohf.com\/wp-content\/uploads\/2024\/11\/ac-14-anchor-300x86.png 300w, https:\/\/qingdaohf.com\/wp-content\/uploads\/2024\/11\/ac-14-anchor-1024x293.png 1024w, https:\/\/qingdaohf.com\/wp-content\/uploads\/2024\/11\/ac-14-anchor-768x220.png 768w, https:\/\/qingdaohf.com\/wp-content\/uploads\/2024\/11\/ac-14-anchor-1536x440.png 1536w, https:\/\/qingdaohf.com\/wp-content\/uploads\/2024\/11\/ac-14-anchor-18x5.png 18w, https:\/\/qingdaohf.com\/wp-content\/uploads\/2024\/11\/ac-14-anchor-1000x286.png 1000w\" sizes=\"(max-width: 1747px) 100vw, 1747px\" \/><\/p>\n<h4>AC-14 Ankraj\u0131n Arkas\u0131ndaki Tasar\u0131m ve M\u00fchendislik<\/h4>\n<p>AC-14 \u00c7apa'n\u0131n m\u00fchendisli\u011fi hem bi\u00e7im hem de i\u015flev a\u00e7\u0131s\u0131ndan titiz bir dikkati yans\u0131t\u0131r. Genellikle y\u00fcksek kaliteli, korozyona dayan\u0131kl\u0131 \u00e7elikten yap\u0131lan aerodinamik yap\u0131s\u0131, s\u00fcr\u00fcklenmeyi en aza indirir ve \u00e7e\u015fitli deniz taban\u0131 bile\u015fimlerinde penetrasyonu art\u0131r\u0131r. Tasar\u0131m, derin g\u00f6m\u00fclmeyi sa\u011flamak i\u00e7in benzersiz bir \u015fekle ve a\u00e7\u0131ya sahip kanat\u00e7\u0131klar i\u00e7erir ve deniz taban\u0131na sa\u011flam bir tutu\u015f sa\u011flar. Bu \u00f6zellik, \u00f6zellikle s\u00fcr\u00fcklenme veya yer de\u011fi\u015ftirmeyi \u00f6nlemek i\u00e7in tutma g\u00fcc\u00fcn\u00fcn kilit \u00f6nem ta\u015f\u0131d\u0131\u011f\u0131 kum veya silt gibi yumu\u015fak alt tabakalar\u0131n bulundu\u011fu ortamlarda demirlerken \u00e7ok \u00f6nemlidir.<\/p>\n<p>Ayr\u0131ca, AC-14'\u00fcn kompakt profili, tutma g\u00fcc\u00fcnden \u00f6d\u00fcn vermeden gemide daha kolay depolanmas\u0131na olanak tan\u0131r, bu da s\u0131n\u0131rl\u0131 g\u00fcverte alan\u0131na sahip gemilere fayda sa\u011flayan bir \u00f6zelliktir. Y\u00fcksek tutma g\u00fcc\u00fcne sahip (HHP) bir \u00e7apa olarak, ayn\u0131 a\u011f\u0131rl\u0131ktaki standart bir \u00e7apan\u0131n iki kat\u0131 tutma kapasitesi sa\u011flayarak a\u015f\u0131r\u0131 balast ihtiyac\u0131n\u0131 azalt\u0131r. Tutu\u015f-a\u011f\u0131rl\u0131k oran\u0131ndaki bu verimlilik, alan\u0131 ve genel i\u015fletme maliyetlerini optimize etmek isteyen daha b\u00fcy\u00fck gemiler i\u00e7in \u00f6nemli bir avantajd\u0131r. De\u011fi\u015fken deniz ko\u015fullar\u0131 alt\u0131nda \u00e7al\u0131\u015fan gemiler i\u00e7in AC-14'\u00fcn tasar\u0131m\u0131 hem g\u00fcvenilirlik hem de dayan\u0131kl\u0131l\u0131k ihtiyac\u0131n\u0131 kar\u015f\u0131layarak dalgal\u0131 ak\u0131nt\u0131larda ve deniz taban\u0131 t\u00fcrlerinde sabit ve g\u00fcvenli kalan bir \u00e7apa sunar.<\/p>\n<h4>AC-14 Ankraj\u0131n Pratik Uygulamalardaki Avantajlar\u0131<\/h4>\n<p>AC-14 \u00c7apa, \u00e7e\u015fitli deniz ortamlar\u0131nda g\u00fcvenilir performans sunacak \u015fekilde tasarlanm\u0131\u015ft\u0131r ve hem k\u0131sa s\u00fcreli demirleme hem de uzun s\u00fcreli demirleme i\u00e7in de\u011ferli bir varl\u0131kt\u0131r. Y\u00fcksek tutma kapasitesi, b\u00fcy\u00fck gemileri bile etkili bir \u015fekilde sabitleyebilece\u011fi anlam\u0131na gelir ve f\u0131rt\u0131nalar veya olumsuz hava ko\u015fullar\u0131 s\u0131ras\u0131nda s\u00fcr\u00fcklenme riskini en aza indirir. Bu \u00f6zellik, sabit bir pozisyonu koruman\u0131n g\u00fcvenlik ve operasyonel verimlilik a\u00e7\u0131s\u0131ndan kritik \u00f6nem ta\u015f\u0131d\u0131\u011f\u0131 a\u00e7\u0131k deniz operasyonlar\u0131nda \u00e7al\u0131\u015fan gemiler i\u00e7in \u00f6zellikle \u00f6nemlidir.<\/p>\n<p>AC-14 Ankraj\u0131n en \u00f6nemli avantajlar\u0131ndan biri farkl\u0131 deniz taban\u0131 ko\u015fullar\u0131na uyum sa\u011flayabilmesidir. Kanatlar\u0131 kum ve \u00e7amur gibi daha yumu\u015fak zeminlere derinlemesine g\u00f6m\u00fclebilir, ancak \u00e7ak\u0131l veya kayalarla kapl\u0131 deniz tabanlar\u0131 da dahil olmak \u00fczere daha sert zemin t\u00fcrlerinde de etkileyici bir stabilite sergiler. Bu \u00e7ok y\u00f6nl\u00fcl\u00fck, gemilerin \u00e7evresel k\u0131s\u0131tlamalarla s\u0131n\u0131rland\u0131r\u0131lmamas\u0131n\u0131 sa\u011flayarak AC-14'\u00fc \u00e7ok \u00e7e\u015fitli denizcilik operasyonlar\u0131 i\u00e7in uygun bir se\u00e7im haline getirir.<\/p>\n<p>Pratik stabilitenin \u00f6tesinde, \u00e7apan\u0131n tasar\u0131m\u0131 deniz taban\u0131na zarar verme olas\u0131l\u0131\u011f\u0131n\u0131 azalt\u0131r; bu da sekt\u00f6rde artan \u00e7evre bilinciyle uyumlu bir husustur. S\u00fcrd\u00fcr\u00fclebilirlik odak noktas\u0131 haline geldik\u00e7e, AC-14'\u00fcn d\u00fc\u015f\u00fck etkili profili ve verimli penetrasyonu deniz ekosistemlerindeki bozulmay\u0131 azalt\u0131yor ve bu da \u00f6zellikle \u00e7evre dostu uygulamalara ba\u011fl\u0131 \u015firketler i\u00e7in de\u011ferli.<\/p>\n<p>Al\u0131c\u0131lar i\u00e7in Qingdao H&amp;F, bire bir m\u00fc\u015fteri hizmetleri sunarak, teslimat s\u00fcrelerini h\u0131zland\u0131rarak ve ayr\u0131nt\u0131l\u0131 kalite kontrol raporlar\u0131 sa\u011flayarak AC-14 Anchor'un de\u011ferini art\u0131r\u0131r. Kapsaml\u0131 destek ve g\u00fcvence sunarak, her sat\u0131n alma i\u015fleminin kalite, g\u00fcvenlik ve \u00e7evresel sorumlulu\u011fa yap\u0131lan bir yat\u0131r\u0131m olmas\u0131n\u0131 sa\u011fl\u0131yoruz. H\u0131zl\u0131 teslimat ve kalite g\u00fcvencesine olan ba\u011fl\u0131l\u0131\u011f\u0131m\u0131z, al\u0131c\u0131lara sipari\u015ften son da\u011f\u0131t\u0131ma kadar g\u00fcvenilirli\u011fin ve y\u00fcksek standartlar\u0131n korundu\u011fu modern bir deneyim sunar.<\/p>\n<h4>AC-14 Ankrajlar i\u00e7in Kalite G\u00fcvence ve Test Standartlar\u0131<\/h4>\n<p>Ankrajlar gibi kritik bile\u015fenler s\u00f6z konusu oldu\u011funda, kalite g\u00fcvencesinden \u00f6d\u00fcn verilemez. Qingdao H&amp;F, tutma g\u00fcc\u00fcn\u00fc, malzeme b\u00fct\u00fcnl\u00fc\u011f\u00fcn\u00fc ve korozyon direncini do\u011frulamak i\u00e7in uluslararas\u0131 test standartlar\u0131na ba\u011fl\u0131 kalarak her AC-14 \u00c7apa i\u00e7in titiz kalite kontrol\u00fcne \u00f6ncelik verir. Ayr\u0131nt\u0131l\u0131 inceleme raporlar\u0131m\u0131z, al\u0131c\u0131lara, \u00e7apan\u0131n \u00e7e\u015fitli denizcilik uygulamalar\u0131 i\u00e7in uygunlu\u011funu do\u011frulayan kan\u0131t y\u00fck\u00fc ve malzeme analizi gibi her \u00e7apan\u0131n performans \u00f6l\u00e7\u00fctleri hakk\u0131nda \u015feffaf bilgiler sunar.<\/p>\n<p>AC-14'\u00fcn y\u00fcksek tutma g\u00fcc\u00fc s\u0131n\u0131fland\u0131rmas\u0131, ankraj\u0131n ger\u00e7ek d\u00fcnya ko\u015fullar\u0131 alt\u0131ndaki performans\u0131n\u0131 sim\u00fcle eden kapsaml\u0131 y\u00fck testleriyle do\u011frulanm\u0131\u015ft\u0131r. Bu test protokol\u00fc, ankraj\u0131n gerilim alt\u0131ndaki dayan\u0131kl\u0131l\u0131\u011f\u0131n\u0131 inceleyerek stabilite ve a\u015f\u0131nma ve korozyona kar\u015f\u0131 diren\u00e7 a\u00e7\u0131s\u0131ndan end\u00fcstri standartlar\u0131n\u0131 kar\u015f\u0131lad\u0131\u011f\u0131n\u0131 veya a\u015ft\u0131\u011f\u0131n\u0131 do\u011frular. Al\u0131c\u0131lar i\u00e7in bu raporlar, ankraj\u0131n g\u00fcvenilirli\u011fi hakk\u0131nda de\u011ferli bilgiler sunarak g\u00f6n\u00fcl rahatl\u0131\u011f\u0131 sa\u011flar ve g\u00fcvenlik ve kaliteye olan ba\u011fl\u0131l\u0131\u011f\u0131m\u0131z\u0131 peki\u015ftirir.<\/p>\n<p>Ayr\u0131ca, AC-14'\u00fcn tasar\u0131m\u0131 g\u00fcvenlikten \u00f6d\u00fcn vermeden daha verimli depolamaya olanak tan\u0131r. \u00c7apan\u0131n kompaktl\u0131\u011f\u0131, gerekli stabiliteyi ve tutma g\u00fcc\u00fcn\u00fc korurken aerodinamik istiflemeye izin verdi\u011fi i\u00e7in \u00f6zellikle s\u0131n\u0131rl\u0131 g\u00fcverte alan\u0131na sahip gemiler i\u00e7in faydal\u0131d\u0131r. Bire bir m\u00fc\u015fteri hizmetlerimizle Qingdao H&amp;F, m\u00fc\u015fterilerin gemilerinin gereksinimlerine uygun \u00f6zellikleri se\u00e7me konusunda ki\u015fiselle\u015ftirilmi\u015f yard\u0131m almalar\u0131n\u0131 sa\u011flar ve ekibimiz sat\u0131n alma s\u00fcreci boyunca her t\u00fcrl\u00fc teknik soruyu ele almaya haz\u0131rd\u0131r.<\/p>\n<p>H\u0131zl\u0131 teslimat d\u00f6ng\u00fclerine olan ba\u011fl\u0131l\u0131\u011f\u0131m\u0131z, al\u0131c\u0131lar\u0131n sipari\u015flerin zaman\u0131nda yerine getirilmesi konusunda bize g\u00fcvenebilmelerini sa\u011flayarak operasyonlar\u0131ndaki olas\u0131 gecikmeleri en aza indirir. Buna ek olarak, AC-14 Anchor'un \u00e7evresel avantajlar\u0131, sorumlu denizcilik uygulamalar\u0131n\u0131 te\u015fvik eden geli\u015fen y\u00f6netmeliklerle uyumludur. AC-14'\u00fcn deniz yata\u011f\u0131 \u00fczerindeki minimum etkisi, \u00e7evre y\u00f6netimini giderek daha fazla vurgulayan yasal standartlar\u0131n kar\u015f\u0131lanmas\u0131na yard\u0131mc\u0131 oluyor. Bu \u00e7apay\u0131 sunarak m\u00fc\u015fterilerimizin yaln\u0131zca end\u00fcstri standartlar\u0131na uymalar\u0131na yard\u0131mc\u0131 olmakla kalm\u0131yor, ayn\u0131 zamanda s\u00fcrd\u00fcr\u00fclebilir bir denizcilik end\u00fcstrisine katk\u0131da bulunuyoruz.<\/p>\n<p>\u00d6zetle, AC-14 \u00c7apa, \u00e7e\u015fitli deniz taban\u0131 ko\u015fullar\u0131nda verimli tutma g\u00fcc\u00fc ve uyarlanabilirlik gerektiren denizcilik operasyonlar\u0131 i\u00e7in g\u00fcvenilir, dayan\u0131kl\u0131 bir se\u00e7imdir. Qingdao H&amp;F'nin kalite g\u00fcvencesi, ki\u015fiselle\u015ftirilmi\u015f m\u00fc\u015fteri hizmetleri ve h\u0131zl\u0131 teslimat taahh\u00fcd\u00fc ile m\u00fc\u015fteriler hem operasyonel ihtiya\u00e7lar\u0131 hem de \u00e7evresel hususlar\u0131 destekleyen bir \u00fcr\u00fcn al\u0131rlar.<\/p>","protected":false},"excerpt":{"rendered":"<p>AC-14 \u00c7apa, y\u00fcksek tutma g\u00fcc\u00fc (HHP) tasar\u0131m\u0131yla bilinen, denizcilik ve a\u00e7\u0131k deniz uygulamalar\u0131 i\u00e7in \u00e7ok aranan bir se\u00e7imdir. Etkili bir tutma-a\u011f\u0131rl\u0131k oran\u0131na sahip olan bu \u00e7apa, zorlu deniz tabanlar\u0131nda demirleme ve sabitleme i\u00e7in uygun maliyetli, dayan\u0131kl\u0131 \u00e7\u00f6z\u00fcmler arayan al\u0131c\u0131lar\u0131n taleplerini kar\u015f\u0131lamaktad\u0131r. Qingdao H&amp;F, m\u00fc\u015fterilerine \u00f6zel bire bir m\u00fc\u015fteri hizmetleri, h\u0131zl\u0131 teslimat d\u00f6ng\u00fcleri ve kapsaml\u0131 kalite kontrol raporlar\u0131 ile \u00fcst\u00fcn bir sat\u0131n alma deneyimi sunar. Al\u0131c\u0131lar sadece kalite g\u00fcvencesi i\u00e7in de\u011fil, ayn\u0131 zamanda end\u00fcstri standartlar\u0131n\u0131 kar\u015f\u0131layan sorunsuz, verimli bir tedarik s\u00fcreci i\u00e7in de bize g\u00fcvenebilirler.<\/p>","protected":false},"featured_media":8324,"comment_status":"open","ping_status":"closed","template":"","meta":{"site-sidebar-layout":"default","site-content-layout":"","ast-site-content-layout":"default","site-content-style":"default","site-sidebar-style":"default","ast-global-header-display":"","ast-banner-title-visibility":"","ast-main-header-display":"","ast-hfb-above-header-display":"","ast-hfb-below-header-display":"","ast-hfb-mobile-header-display":"","site-post-title":"","ast-breadcrumbs-content":"","ast-featured-img":"","footer-sml-layout":"","theme-transparent-header-meta":"default","adv-header-id-meta":"","stick-header-meta":"default","header-above-stick-meta":"","header-main-stick-meta":"","header-below-stick-meta":"","astra-migrate-meta-layouts":"set","ast-page-background-enabled":"default","ast-page-background-meta":{"desktop":{"background-color":"","background-image":"","background-repeat":"repeat","background-position":"center center","background-size":"auto","background-attachment":"scroll","background-type":"","background-media":"","overlay-type":"","overlay-color":"","overlay-opacity":"","overlay-gradient":""},"tablet":{"background-color":"","background-image":"","background-repeat":"repeat","background-position":"center center","background-size":"auto","background-attachment":"scroll","background-type":"","background-media":"","overlay-type":"","overlay-color":"","overlay-opacity":"","overlay-gradient":""},"mobile":{"background-color":"","background-image":"","background-repeat":"repeat","background-position":"center center","background-size":"auto","background-attachment":"scroll","background-type":"","background-media":"","overlay-type":"","overlay-color":"","overlay-opacity":"","overlay-gradient":""}},"ast-content-background-meta":{"desktop":{"background-color":"var(--ast-global-color-5)","background-image":"","background-repeat":"repeat","background-position":"center center","background-size":"auto","background-attachment":"scroll","background-type":"","background-media":"","overlay-type":"","overlay-color":"","overlay-opacity":"","overlay-gradient":""},"tablet":{"background-color":"var(--ast-global-color-5)","background-image":"","background-repeat":"repeat","background-position":"center center","background-size":"auto","background-attachment":"scroll","background-type":"","background-media":"","overlay-type":"","overlay-color":"","overlay-opacity":"","overlay-gradient":""},"mobile":{"background-color":"var(--ast-global-color-5)","background-image":"","background-repeat":"repeat","background-position":"center center","background-size":"auto","background-attachment":"scroll","background-type":"","background-media":"","overlay-type":"","overlay-color":"","overlay-opacity":"","overlay-gradient":""}}},"product_brand":[],"product_cat":[74],"product_tag":[],"class_list":{"0":"post-8320","1":"product","2":"type-product","3":"status-publish","4":"has-post-thumbnail","6":"product_cat-boat-anchor","7":"desktop-align-left","8":"tablet-align-left","9":"mobile-align-left","10":"ast-product-gallery-layout-horizontal-slider","11":"ast-product-tabs-layout-horizontal","13":"first","14":"instock","15":"shipping-taxable","16":"purchasable","17":"product-type-simple"},"yoast_head":"<!-- This site is optimized with the Yoast SEO plugin v25.2 - https:\/\/yoast.com\/wordpress\/plugins\/seo\/ -->\n<title>AC-14 Anchor<\/title>\n<meta name=\"robots\" content=\"index, follow, max-snippet:-1, max-image-preview:large, max-video-preview:-1\" \/>\n<link rel=\"canonical\" href=\"https:\/\/qingdaohf.com\/tr\/urun\/ac-14-capa\/\" \/>\n<meta property=\"og:locale\" content=\"tr_TR\" \/>\n<meta property=\"og:type\" content=\"article\" \/>\n<meta property=\"og:title\" content=\"AC-14 Anchor\" \/>\n<meta property=\"og:description\" content=\"The AC-14 Anchor is a highly sought-after choice for marine and offshore applications, known for its high holding power (HHP) design. With an efficient holding-to-weight ratio, this anchor meets the demands of buyers looking for cost-effective, durable solutions for mooring and anchoring in challenging seabeds. Qingdao H&amp;F provides a superior purchasing experience for clients with tailored one-to-one customer service, fast delivery cycles, and comprehensive quality inspection reports. Buyers can rely on us not only for quality assurance but also for a smooth, efficient procurement process that meets industry standards.\" \/>\n<meta property=\"og:url\" content=\"https:\/\/qingdaohf.com\/tr\/urun\/ac-14-capa\/\" \/>\n<meta property=\"og:site_name\" content=\"Concrete Form &amp; Rigging Hardware Supplier\" \/>\n<meta property=\"article:publisher\" content=\"https:\/\/www.facebook.com\/qingdaohf\" \/>\n<meta property=\"article:modified_time\" content=\"2025-11-13T01:02:52+00:00\" \/>\n<meta property=\"og:image\" content=\"https:\/\/qingdaohf.com\/wp-content\/uploads\/2024\/11\/AC-14-marine-anchor.webp\" \/>\n\t<meta property=\"og:image:width\" content=\"1000\" \/>\n\t<meta property=\"og:image:height\" content=\"1000\" \/>\n\t<meta property=\"og:image:type\" content=\"image\/webp\" \/>\n<meta name=\"twitter:card\" content=\"summary_large_image\" \/>\n<meta name=\"twitter:label1\" content=\"Tahmini okuma s\u00fcresi\" \/>\n\t<meta name=\"twitter:data1\" content=\"5 dakika\" \/>\n<script type=\"application\/ld+json\" class=\"yoast-schema-graph\">{\"@context\":\"https:\/\/schema.org\",\"@graph\":[{\"@type\":\"WebPage\",\"@id\":\"https:\/\/qingdaohf.com\/product\/ac-14-anchor\/\",\"url\":\"https:\/\/qingdaohf.com\/product\/ac-14-anchor\/\",\"name\":\"AC-14 Anchor\",\"isPartOf\":{\"@id\":\"https:\/\/qingdaohf.com\/bg\/#website\"},\"primaryImageOfPage\":{\"@id\":\"https:\/\/qingdaohf.com\/product\/ac-14-anchor\/#primaryimage\"},\"image\":{\"@id\":\"https:\/\/qingdaohf.com\/product\/ac-14-anchor\/#primaryimage\"},\"thumbnailUrl\":\"https:\/\/qingdaohf.com\/wp-content\/uploads\/2024\/11\/AC-14-marine-anchor.webp\",\"datePublished\":\"2024-11-07T06:41:32+00:00\",\"dateModified\":\"2025-11-13T01:02:52+00:00\",\"breadcrumb\":{\"@id\":\"https:\/\/qingdaohf.com\/product\/ac-14-anchor\/#breadcrumb\"},\"inLanguage\":\"tr\",\"potentialAction\":[{\"@type\":\"ReadAction\",\"target\":[\"https:\/\/qingdaohf.com\/product\/ac-14-anchor\/\"]}]},{\"@type\":\"ImageObject\",\"inLanguage\":\"tr\",\"@id\":\"https:\/\/qingdaohf.com\/product\/ac-14-anchor\/#primaryimage\",\"url\":\"https:\/\/qingdaohf.com\/wp-content\/uploads\/2024\/11\/AC-14-marine-anchor.webp\",\"contentUrl\":\"https:\/\/qingdaohf.com\/wp-content\/uploads\/2024\/11\/AC-14-marine-anchor.webp\",\"width\":1000,\"height\":1000,\"caption\":\"AC 14 marine ancho\"},{\"@type\":\"BreadcrumbList\",\"@id\":\"https:\/\/qingdaohf.com\/product\/ac-14-anchor\/#breadcrumb\",\"itemListElement\":[{\"@type\":\"ListItem\",\"position\":1,\"name\":\"Home\",\"item\":\"https:\/\/qingdaohf.com\/\"},{\"@type\":\"ListItem\",\"position\":2,\"name\":\"Concrete Forming Accessories and Rigging Hardware\",\"item\":\"https:\/\/qingdaohf.com\/bg\/?page_id=944\"},{\"@type\":\"ListItem\",\"position\":3,\"name\":\"AC-14 Anchor\"}]},{\"@type\":\"WebSite\",\"@id\":\"https:\/\/qingdaohf.com\/bg\/#website\",\"url\":\"https:\/\/qingdaohf.com\/bg\/\",\"name\":\"Concrete Form & Rigging Hardware Supplier\",\"description\":\"\",\"publisher\":{\"@id\":\"https:\/\/qingdaohf.com\/bg\/#organization\"},\"potentialAction\":[{\"@type\":\"SearchAction\",\"target\":{\"@type\":\"EntryPoint\",\"urlTemplate\":\"https:\/\/qingdaohf.com\/bg\/?s={search_term_string}\"},\"query-input\":{\"@type\":\"PropertyValueSpecification\",\"valueRequired\":true,\"valueName\":\"search_term_string\"}}],\"inLanguage\":\"tr\"},{\"@type\":\"Organization\",\"@id\":\"https:\/\/qingdaohf.com\/bg\/#organization\",\"name\":\"Qingdao H&F\",\"url\":\"https:\/\/qingdaohf.com\/bg\/\",\"logo\":{\"@type\":\"ImageObject\",\"inLanguage\":\"tr\",\"@id\":\"https:\/\/qingdaohf.com\/bg\/#\/schema\/logo\/image\/\",\"url\":\"https:\/\/qingdaohf.com\/wp-content\/uploads\/2022\/12\/cropped-HF-LOGO.png\",\"contentUrl\":\"https:\/\/qingdaohf.com\/wp-content\/uploads\/2022\/12\/cropped-HF-LOGO.png\",\"width\":391,\"height\":249,\"caption\":\"Qingdao H&F\"},\"image\":{\"@id\":\"https:\/\/qingdaohf.com\/bg\/#\/schema\/logo\/image\/\"},\"sameAs\":[\"https:\/\/www.facebook.com\/qingdaohf\"]}]}<\/script>\n<!-- \/ Yoast SEO plugin. -->","yoast_head_json":{"title":"AC-14 Anchor","robots":{"index":"index","follow":"follow","max-snippet":"max-snippet:-1","max-image-preview":"max-image-preview:large","max-video-preview":"max-video-preview:-1"},"canonical":"https:\/\/qingdaohf.com\/tr\/urun\/ac-14-capa\/","og_locale":"tr_TR","og_type":"article","og_title":"AC-14 Anchor","og_description":"The AC-14 Anchor is a highly sought-after choice for marine and offshore applications, known for its high holding power (HHP) design. With an efficient holding-to-weight ratio, this anchor meets the demands of buyers looking for cost-effective, durable solutions for mooring and anchoring in challenging seabeds. Qingdao H&amp;F provides a superior purchasing experience for clients with tailored one-to-one customer service, fast delivery cycles, and comprehensive quality inspection reports. Buyers can rely on us not only for quality assurance but also for a smooth, efficient procurement process that meets industry standards.","og_url":"https:\/\/qingdaohf.com\/tr\/urun\/ac-14-capa\/","og_site_name":"Concrete Form &amp; Rigging Hardware Supplier","article_publisher":"https:\/\/www.facebook.com\/qingdaohf","article_modified_time":"2025-11-13T01:02:52+00:00","og_image":[{"width":1000,"height":1000,"url":"https:\/\/qingdaohf.com\/wp-content\/uploads\/2024\/11\/AC-14-marine-anchor.webp","type":"image\/webp"}],"twitter_card":"summary_large_image","twitter_misc":{"Tahmini okuma s\u00fcresi":"5 dakika"},"schema":{"@context":"https:\/\/schema.org","@graph":[{"@type":"WebPage","@id":"https:\/\/qingdaohf.com\/product\/ac-14-anchor\/","url":"https:\/\/qingdaohf.com\/product\/ac-14-anchor\/","name":"AC-14 Anchor","isPartOf":{"@id":"https:\/\/qingdaohf.com\/bg\/#website"},"primaryImageOfPage":{"@id":"https:\/\/qingdaohf.com\/product\/ac-14-anchor\/#primaryimage"},"image":{"@id":"https:\/\/qingdaohf.com\/product\/ac-14-anchor\/#primaryimage"},"thumbnailUrl":"https:\/\/qingdaohf.com\/wp-content\/uploads\/2024\/11\/AC-14-marine-anchor.webp","datePublished":"2024-11-07T06:41:32+00:00","dateModified":"2025-11-13T01:02:52+00:00","breadcrumb":{"@id":"https:\/\/qingdaohf.com\/product\/ac-14-anchor\/#breadcrumb"},"inLanguage":"tr","potentialAction":[{"@type":"ReadAction","target":["https:\/\/qingdaohf.com\/product\/ac-14-anchor\/"]}]},{"@type":"ImageObject","inLanguage":"tr","@id":"https:\/\/qingdaohf.com\/product\/ac-14-anchor\/#primaryimage","url":"https:\/\/qingdaohf.com\/wp-content\/uploads\/2024\/11\/AC-14-marine-anchor.webp","contentUrl":"https:\/\/qingdaohf.com\/wp-content\/uploads\/2024\/11\/AC-14-marine-anchor.webp","width":1000,"height":1000,"caption":"AC 14 marine ancho"},{"@type":"BreadcrumbList","@id":"https:\/\/qingdaohf.com\/product\/ac-14-anchor\/#breadcrumb","itemListElement":[{"@type":"ListItem","position":1,"name":"Home","item":"https:\/\/qingdaohf.com\/"},{"@type":"ListItem","position":2,"name":"Concrete Forming Accessories and Rigging Hardware","item":"https:\/\/qingdaohf.com\/bg\/?page_id=944"},{"@type":"ListItem","position":3,"name":"AC-14 Anchor"}]},{"@type":"WebSite","@id":"https:\/\/qingdaohf.com\/bg\/#website","url":"https:\/\/qingdaohf.com\/bg\/","name":"Concrete Form & Rigging Hardware Supplier","description":"","publisher":{"@id":"https:\/\/qingdaohf.com\/bg\/#organization"},"potentialAction":[{"@type":"SearchAction","target":{"@type":"EntryPoint","urlTemplate":"https:\/\/qingdaohf.com\/bg\/?s={search_term_string}"},"query-input":{"@type":"PropertyValueSpecification","valueRequired":true,"valueName":"search_term_string"}}],"inLanguage":"tr"},{"@type":"Organization","@id":"https:\/\/qingdaohf.com\/bg\/#organization","name":"Qingdao H&F","url":"https:\/\/qingdaohf.com\/bg\/","logo":{"@type":"ImageObject","inLanguage":"tr","@id":"https:\/\/qingdaohf.com\/bg\/#\/schema\/logo\/image\/","url":"https:\/\/qingdaohf.com\/wp-content\/uploads\/2022\/12\/cropped-HF-LOGO.png","contentUrl":"https:\/\/qingdaohf.com\/wp-content\/uploads\/2022\/12\/cropped-HF-LOGO.png","width":391,"height":249,"caption":"Qingdao H&F"},"image":{"@id":"https:\/\/qingdaohf.com\/bg\/#\/schema\/logo\/image\/"},"sameAs":["https:\/\/www.facebook.com\/qingdaohf"]}]}},"_links":{"self":[{"href":"https:\/\/qingdaohf.com\/tr\/wp-json\/wp\/v2\/product\/8320","targetHints":{"allow":["GET"]}}],"collection":[{"href":"https:\/\/qingdaohf.com\/tr\/wp-json\/wp\/v2\/product"}],"about":[{"href":"https:\/\/qingdaohf.com\/tr\/wp-json\/wp\/v2\/types\/product"}],"replies":[{"embeddable":true,"href":"https:\/\/qingdaohf.com\/tr\/wp-json\/wp\/v2\/comments?post=8320"}],"version-history":[{"count":2,"href":"https:\/\/qingdaohf.com\/tr\/wp-json\/wp\/v2\/product\/8320\/revisions"}],"predecessor-version":[{"id":8332,"href":"https:\/\/qingdaohf.com\/tr\/wp-json\/wp\/v2\/product\/8320\/revisions\/8332"}],"wp:featuredmedia":[{"embeddable":true,"href":"https:\/\/qingdaohf.com\/tr\/wp-json\/wp\/v2\/media\/8324"}],"wp:attachment":[{"href":"https:\/\/qingdaohf.com\/tr\/wp-json\/wp\/v2\/media?parent=8320"}],"wp:term":[{"taxonomy":"product_brand","embeddable":true,"href":"https:\/\/qingdaohf.com\/tr\/wp-json\/wp\/v2\/product_brand?post=8320"},{"taxonomy":"product_cat","embeddable":true,"href":"https:\/\/qingdaohf.com\/tr\/wp-json\/wp\/v2\/product_cat?post=8320"},{"taxonomy":"product_tag","embeddable":true,"href":"https:\/\/qingdaohf.com\/tr\/wp-json\/wp\/v2\/product_tag?post=8320"}],"curies":[{"name":"wp","href":"https:\/\/api.w.org\/{rel}","templated":true}]}}