{"id":8428,"date":"2024-11-29T16:45:52","date_gmt":"2024-11-29T08:45:52","guid":{"rendered":"http:\/\/qingdaohf.com\/?post_type=product&#038;p=8428"},"modified":"2025-11-13T09:02:51","modified_gmt":"2025-11-13T01:02:51","slug":"boat-steering-wheel","status":"publish","type":"product","link":"https:\/\/qingdaohf.com\/tr\/urun\/tekne-dumeni\/","title":{"rendered":"Tekne D\u00fcmeni"},"content":{"rendered":"<h4>G\u00fcvenilir Bir Tekne D\u00fcmeninin \u00d6nemi<\/h4>\n<p>D\u00fcmen, bir tekne i\u00e7in basit bir kontrol mekanizmas\u0131ndan daha fazlas\u0131d\u0131r; navigasyon ve manevra kabiliyetinin kalbidir. Tasar\u0131m\u0131 ve i\u015flevselli\u011fi, operat\u00f6r\u00fcn farkl\u0131 su ko\u015fullar\u0131nda tekneyi idare etme becerisini do\u011frudan etkiler. \u0130ster sakin bir \u015fekilde seyredin ister zorlu ak\u0131nt\u0131larda gezinin, y\u00fcksek kaliteli bir d\u00fcmen hassas kontrol sa\u011flayarak g\u00fcvenlik ve verimlili\u011fe katk\u0131da bulunur.<\/p>\n<p>Tekne sahipleri bir d\u00fcmen se\u00e7erken genellikle tuzlu suya, neme ve UV \u0131\u015f\u0131nlar\u0131na maruz kalma dahil olmak \u00fczere deniz ortamlar\u0131na dayanabilecek malzemelere \u00f6ncelik verirler. Paslanmaz \u00e7elik, al\u00fcminyum ve denizcilik s\u0131n\u0131f\u0131 plastikler gibi yayg\u0131n malzemeler \u00e7e\u015fitli seviyelerde dayan\u0131kl\u0131l\u0131k ve korozyona kar\u015f\u0131 diren\u00e7 sunar. Ergonomi de bir di\u011fer \u00f6nemli husustur, \u00e7\u00fcnk\u00fc direksiyonun \u015fekli, tutu\u015fu ve boyutu uzun s\u00fcreli kullan\u0131m s\u0131ras\u0131nda konforu etkileyebilir. Do\u011fru direksiyon simidini se\u00e7mek yaln\u0131zca performans i\u00e7in de\u011fil, ayn\u0131 zamanda genel tekne deneyimini geli\u015ftirmek i\u00e7in de \u00f6nemlidir.<\/p>\n<h4>Tekne D\u00fcmen \u00c7e\u015fitleri<\/h4>\n<p>Tekne d\u00fcmenleri, her biri belirli tekne kategorileri ve kullan\u0131c\u0131 tercihleri i\u00e7in uygun olan \u00e7e\u015fitli tiplerde sunulur. Klasik paslanmaz \u00e7elik d\u00fcmenler, zamans\u0131z tasar\u0131mlar\u0131, ola\u011fan\u00fcst\u00fc g\u00fc\u00e7leri ve sert deniz elementlerine kar\u015f\u0131 diren\u00e7leri nedeniyle tekneciler aras\u0131nda favori olmaya devam etmektedir. Bu jantlar genellikle cilal\u0131 bir y\u00fczeye sahiptir ve d\u00fcmene sofistike bir dokunu\u015f katar.<\/p>\n<p>Hafif se\u00e7enekler arayanlar i\u00e7in al\u00fcminyum veya kompozit malzemelerden \u00fcretilmi\u015f jantlar m\u00fckemmel performans sunar. Al\u00fcminyum modeller g\u00fc\u00e7 ve a\u011f\u0131rl\u0131k dengesi a\u00e7\u0131s\u0131ndan de\u011ferlidir, bu da onlar\u0131 daha k\u00fc\u00e7\u00fck tekneler veya e\u011flence ama\u00e7l\u0131 tekneler i\u00e7in uygun hale getirir. \u00d6te yandan kompozit jantlar, dayan\u0131kl\u0131l\u0131ktan \u00f6d\u00fcn vermeden maliyet etkinli\u011fine \u00f6ncelik veren modern tekneciler i\u00e7in idealdir.<\/p>\n<p>Ah\u015fap direksiyonlar geleneksel esteti\u011fi ve i\u015f\u00e7ili\u011fi takdir eden merakl\u0131lara hitap eder. Genellikle klasik veya l\u00fcks yatlarla e\u015fle\u015ftirilen ah\u015fap jantlar, metal veya plastik muadillerine k\u0131yasla daha fazla bak\u0131m gerektirmelerine ra\u011fmen klasik bir cazibeye sahiptir. Her tip benzersiz ama\u00e7lara hizmet eder ve tekne sahiplerinin i\u015flevsel ihtiya\u00e7lara ve stilistik tercihlere g\u00f6re se\u00e7im yapmas\u0131na olanak tan\u0131r.<\/p>\n<h4>Neden Tekne D\u00fcmen Tekerleklerimizi Se\u00e7melisiniz<\/h4>\n<p>Tekne d\u00fcmenleri i\u00e7in do\u011fru tedarik\u00e7iyi se\u00e7mek, \u00fcr\u00fcn\u00fcn kendisini se\u00e7mek kadar kritiktir. Ticaret \u015firketimizde, geni\u015f deniz aksesuarlar\u0131 yelpazemizle de\u011fer ve g\u00fcvenilirlik sunmaya \u00f6ncelik veriyoruz. D\u00fcmenlerimiz titiz kalite denetimlerinden ge\u00e7erek end\u00fcstri standartlar\u0131na uygunluk sa\u011flar ve m\u00fc\u015fterilerimize g\u00f6n\u00fcl rahatl\u0131\u011f\u0131 sunar.<\/p>\n<p>M\u00fc\u015fterilerimizin benzersiz gereksinimlerini anlamak i\u00e7in onlarla yak\u0131n bir \u015fekilde \u00e7al\u0131\u015ft\u0131\u011f\u0131m\u0131zdan, bire bir m\u00fc\u015fteri hizmetlerimiz bizi pazarda farkl\u0131 k\u0131lmaktad\u0131r. Bu ki\u015fiselle\u015ftirilmi\u015f yakla\u015f\u0131m, tekne tiplerine, \u00e7al\u0131\u015fma ko\u015fullar\u0131na ve b\u00fct\u00e7elerine uygun d\u00fcmenlerin \u00f6nerilmesine yard\u0131mc\u0131 oluyor. Ayr\u0131ca, kolayla\u015ft\u0131r\u0131lm\u0131\u015f lojisti\u011fimiz h\u0131zl\u0131 bir teslimat d\u00f6ng\u00fcs\u00fc sa\u011flayarak hem tekneciler hem de distrib\u00fct\u00f6rler i\u00e7in ar\u0131za s\u00fcresini en aza indirir.<\/p>\n<p>Direksiyonlar\u0131m\u0131z\u0131n dayan\u0131kl\u0131l\u0131\u011f\u0131, m\u00fckemmelli\u011fe olan ba\u011fl\u0131l\u0131\u011f\u0131m\u0131z\u0131n bir kan\u0131t\u0131d\u0131r. Birinci s\u0131n\u0131f malzemeler kullan\u0131larak \u00fcretilen bu \u00fcr\u00fcnler, optimum performans\u0131 korurken deniz ortamlar\u0131na uzun s\u00fcre maruz kalmaya dayanacak \u015fekilde tasarlanm\u0131\u015ft\u0131r. Estetik, i\u015flevsellik ve g\u00fcvenilirli\u011fi bir arada sunan \u00fcr\u00fcnlerimiz hem e\u011flence ama\u00e7l\u0131 hem de profesyonel kullan\u0131c\u0131lar\u0131n beklentilerini kar\u015f\u0131lamaktad\u0131r.<\/p>\n<h4>Direksiyon Simidi Tasar\u0131m\u0131nda \u0130novasyonun Rol\u00fc<\/h4>\n<p>Tekne d\u00fcmeni tasar\u0131m\u0131ndaki modern geli\u015fmeler, kullan\u0131labilirli\u011fi ve rahatl\u0131\u011f\u0131 art\u0131ran \u00f6zellikler getirmi\u015ftir. Art\u0131k bir\u00e7ok modelde \u0131slak ko\u015fullarda bile kontrol\u00fc art\u0131ran kaymaz tutamaklar bulunmaktad\u0131r. Ayr\u0131ca, ayarlanabilir e\u011fim i\u015flevlerine sahip tekerlekler, farkl\u0131 boy ve tercihlere sahip operat\u00f6rlere uyum sa\u011flayarak esneklik sa\u011flar.<\/p>\n<p>Yenilik\u00e7i malzemeler de direksiyonlar\u0131n dayan\u0131kl\u0131l\u0131\u011f\u0131n\u0131 ve \u00f6mr\u00fcn\u00fc art\u0131rmada \u00f6nemli bir rol oynar. Ek kaplamal\u0131 denizcilik s\u0131n\u0131f\u0131 paslanmaz \u00e7elik, \u00e7ukurla\u015fma ve paslanmaya kar\u015f\u0131 \u00fcst\u00fcn diren\u00e7 sa\u011flarken, UV stabilize plastikler g\u00fcne\u015f \u0131\u015f\u0131\u011f\u0131na maruz kald\u0131\u011f\u0131nda solmay\u0131 ve \u00e7atlamay\u0131 \u00f6nler. Bu geli\u015fmeler yaln\u0131zca \u00fcr\u00fcn\u00fcn uzun \u00f6m\u00fcrl\u00fc olmas\u0131n\u0131 sa\u011flamakla kalmaz, ayn\u0131 zamanda operat\u00f6r\u00fcn g\u00fcvenli\u011fine ve konforuna da katk\u0131da bulunur.<\/p>\n<p>Bir di\u011fer \u00f6nemli yenilik ise \u00e7ok i\u015flevli kontrollerin do\u011frudan direksiyon simidine entegre edilmesidir. Bu t\u00fcr tasar\u0131mlar, operat\u00f6rlerin ellerini direksiyondan \u00e7ekmeden gaz kontrol\u00fc veya elektronik ekranlar gibi kritik i\u015flevlere eri\u015fmesine olanak tan\u0131r. Bu \u00f6zellikler tekne kullanma deneyimini kolayla\u015ft\u0131rarak navigasyonu daha sezgisel hale getirir ve operat\u00f6r\u00fcn yorulma olas\u0131l\u0131\u011f\u0131n\u0131 azalt\u0131r.<\/p>\n<h4>Uzun Vadeli De\u011fer Sa\u011flamak<\/h4>\n<p>Y\u00fcksek kaliteli bir tekne d\u00fcmenine yat\u0131r\u0131m yapmak, uzun vadede getirisi olan bir karard\u0131r. Anl\u0131k i\u015flevselli\u011fin \u00f6tesinde, bu \u00fcr\u00fcnler \u00f6zellikle sayg\u0131n bir tedarik\u00e7iyle e\u015fle\u015ftirildi\u011finde teknenin genel de\u011ferini art\u0131r\u0131r. Direksiyonlar\u0131m\u0131z uzun \u00f6m\u00fcrl\u00fcl\u00fck g\u00f6z \u00f6n\u00fcnde bulundurularak tasarlanm\u0131\u015ft\u0131r ve performans, dayan\u0131kl\u0131l\u0131k ve estetik \u00e7ekicilik aras\u0131nda optimum bir denge sa\u011flar.<\/p>\n<p>M\u00fc\u015fterilerimiz \u015firketimize yaln\u0131zca ola\u011fan\u00fcst\u00fc \u00fcr\u00fcnler de\u011fil, ayn\u0131 zamanda sat\u0131n alma s\u00fcreci boyunca kapsaml\u0131 destek sunma konusunda da g\u00fcvenebilirler. \u0130lk dan\u0131\u015fmanl\u0131ktan sat\u0131\u015f sonras\u0131 hizmete kadar, m\u00fc\u015fterilerimizle kal\u0131c\u0131 ili\u015fkiler kurmaya \u00e7al\u0131\u015f\u0131yoruz. M\u00fckemmelli\u011fe olan bu ba\u011fl\u0131l\u0131\u011f\u0131m\u0131z, deniz aksesuarlar\u0131 pazar\u0131nda g\u00fcvenilir bir ortak olarak \u00fcn kazanmam\u0131z\u0131 sa\u011flam\u0131\u015ft\u0131r.<\/p>\n<p>Kaliteye, yenili\u011fe ve m\u00fc\u015fteri memnuniyetine \u00f6ncelik vererek m\u00fc\u015fterilerimizin beklentilerini a\u015fmay\u0131 hedefliyoruz. \u0130ster s\u0131radan tekne merakl\u0131lar\u0131 ister profesyonel denizciler i\u00e7in olsun, tekne d\u00fcmenlerimiz pratiklik ve stilin bir birle\u015fimini temsil ederek su \u00fczerinde \u00fcst\u00fcn performans sa\u011flar.<\/p>","protected":false},"excerpt":{"rendered":"<p>Tekne d\u00fcmenleri, su \u00fczerinde sorunsuz seyir ve kontrol\u00fcn sa\u011flanmas\u0131nda \u00e7ok \u00f6nemli bir rol oynar ve bu da onlar\u0131 her tekne i\u00e7in kritik bir bile\u015fen haline getirir. Al\u0131c\u0131lar bir d\u00fcmen se\u00e7erken genellikle malzeme dayan\u0131kl\u0131l\u0131\u011f\u0131, ergonomik tasar\u0131m, \u00e7e\u015fitli deniz sistemleriyle uyumluluk ve korozyon direnci gibi fakt\u00f6rlere \u00f6ncelik verirler. Ticaret \u015firketimiz, bu endi\u015feleri gideren y\u00fcksek kaliteli tekne d\u00fcmenleri ve bire bir m\u00fc\u015fteri hizmetleri sunarak \u00f6zel \u00f6neriler sa\u011flar. Ayr\u0131ca, h\u0131zl\u0131 bir teslimat d\u00f6ng\u00fcs\u00fcn\u00fc garanti ediyor ve her sat\u0131n alma i\u015fleminde g\u00f6n\u00fcl rahatl\u0131\u011f\u0131 sa\u011flamak i\u00e7in kapsaml\u0131 kalite kontrol raporlar\u0131 sunuyoruz.<\/p>","protected":false},"featured_media":8429,"comment_status":"open","ping_status":"closed","template":"","meta":{"site-sidebar-layout":"default","site-content-layout":"","ast-site-content-layout":"default","site-content-style":"default","site-sidebar-style":"default","ast-global-header-display":"","ast-banner-title-visibility":"","ast-main-header-display":"","ast-hfb-above-header-display":"","ast-hfb-below-header-display":"","ast-hfb-mobile-header-display":"","site-post-title":"","ast-breadcrumbs-content":"","ast-featured-img":"","footer-sml-layout":"","theme-transparent-header-meta":"default","adv-header-id-meta":"","stick-header-meta":"default","header-above-stick-meta":"","header-main-stick-meta":"","header-below-stick-meta":"","astra-migrate-meta-layouts":"set","ast-page-background-enabled":"default","ast-page-background-meta":{"desktop":{"background-color":"","background-image":"","background-repeat":"repeat","background-position":"center center","background-size":"auto","background-attachment":"scroll","background-type":"","background-media":"","overlay-type":"","overlay-color":"","overlay-opacity":"","overlay-gradient":""},"tablet":{"background-color":"","background-image":"","background-repeat":"repeat","background-position":"center center","background-size":"auto","background-attachment":"scroll","background-type":"","background-media":"","overlay-type":"","overlay-color":"","overlay-opacity":"","overlay-gradient":""},"mobile":{"background-color":"","background-image":"","background-repeat":"repeat","background-position":"center center","background-size":"auto","background-attachment":"scroll","background-type":"","background-media":"","overlay-type":"","overlay-color":"","overlay-opacity":"","overlay-gradient":""}},"ast-content-background-meta":{"desktop":{"background-color":"var(--ast-global-color-5)","background-image":"","background-repeat":"repeat","background-position":"center center","background-size":"auto","background-attachment":"scroll","background-type":"","background-media":"","overlay-type":"","overlay-color":"","overlay-opacity":"","overlay-gradient":""},"tablet":{"background-color":"var(--ast-global-color-5)","background-image":"","background-repeat":"repeat","background-position":"center center","background-size":"auto","background-attachment":"scroll","background-type":"","background-media":"","overlay-type":"","overlay-color":"","overlay-opacity":"","overlay-gradient":""},"mobile":{"background-color":"var(--ast-global-color-5)","background-image":"","background-repeat":"repeat","background-position":"center center","background-size":"auto","background-attachment":"scroll","background-type":"","background-media":"","overlay-type":"","overlay-color":"","overlay-opacity":"","overlay-gradient":""}}},"product_brand":[],"product_cat":[44],"product_tag":[],"class_list":{"0":"post-8428","1":"product","2":"type-product","3":"status-publish","4":"has-post-thumbnail","6":"product_cat-stainless-steel-poduct","7":"desktop-align-left","8":"tablet-align-left","9":"mobile-align-left","10":"ast-product-gallery-layout-horizontal-slider","11":"ast-product-tabs-layout-horizontal","13":"first","14":"instock","15":"shipping-taxable","16":"purchasable","17":"product-type-simple"},"yoast_head":"<!-- This site is optimized with the Yoast SEO plugin v25.2 - https:\/\/yoast.com\/wordpress\/plugins\/seo\/ -->\n<title>Boat Steering Wheel<\/title>\n<meta name=\"robots\" content=\"index, follow, max-snippet:-1, max-image-preview:large, max-video-preview:-1\" \/>\n<link rel=\"canonical\" href=\"https:\/\/qingdaohf.com\/tr\/urun\/tekne-dumeni\/\" \/>\n<meta property=\"og:locale\" content=\"tr_TR\" \/>\n<meta property=\"og:type\" content=\"article\" \/>\n<meta property=\"og:title\" content=\"Boat Steering Wheel\" \/>\n<meta property=\"og:description\" content=\"Boat steering wheels play a pivotal role in ensuring smooth navigation and control on water, making them a critical component for any vessel. Buyers often prioritize factors such as material durability, ergonomic design, compatibility with various marine systems, and corrosion resistance when selecting a steering wheel. Our trading company offers high-quality boat steering wheels that address these concerns, coupled with one-to-one customer service, ensuring tailored recommendations. Additionally, we guarantee a fast delivery cycle and provide thorough quality inspection reports to offer peace of mind with every purchase.\" \/>\n<meta property=\"og:url\" content=\"https:\/\/qingdaohf.com\/tr\/urun\/tekne-dumeni\/\" \/>\n<meta property=\"og:site_name\" content=\"Concrete Form &amp; Rigging Hardware Supplier\" \/>\n<meta property=\"article:publisher\" content=\"https:\/\/www.facebook.com\/qingdaohf\" \/>\n<meta property=\"article:modified_time\" content=\"2025-11-13T01:02:51+00:00\" \/>\n<meta property=\"og:image\" content=\"https:\/\/qingdaohf.com\/wp-content\/uploads\/2024\/11\/boat-steering-wheel-5.jpg\" \/>\n\t<meta property=\"og:image:width\" content=\"1000\" \/>\n\t<meta property=\"og:image:height\" content=\"1000\" \/>\n\t<meta property=\"og:image:type\" content=\"image\/jpeg\" \/>\n<meta name=\"twitter:card\" content=\"summary_large_image\" \/>\n<meta name=\"twitter:label1\" content=\"Tahmini okuma s\u00fcresi\" \/>\n\t<meta name=\"twitter:data1\" content=\"4 dakika\" \/>\n<script type=\"application\/ld+json\" class=\"yoast-schema-graph\">{\"@context\":\"https:\/\/schema.org\",\"@graph\":[{\"@type\":\"WebPage\",\"@id\":\"https:\/\/qingdaohf.com\/product\/boat-steering-wheel\/\",\"url\":\"https:\/\/qingdaohf.com\/product\/boat-steering-wheel\/\",\"name\":\"Boat Steering Wheel\",\"isPartOf\":{\"@id\":\"https:\/\/qingdaohf.com\/bg\/#website\"},\"primaryImageOfPage\":{\"@id\":\"https:\/\/qingdaohf.com\/product\/boat-steering-wheel\/#primaryimage\"},\"image\":{\"@id\":\"https:\/\/qingdaohf.com\/product\/boat-steering-wheel\/#primaryimage\"},\"thumbnailUrl\":\"https:\/\/qingdaohf.com\/wp-content\/uploads\/2024\/11\/boat-steering-wheel-5.jpg\",\"datePublished\":\"2024-11-29T08:45:52+00:00\",\"dateModified\":\"2025-11-13T01:02:51+00:00\",\"breadcrumb\":{\"@id\":\"https:\/\/qingdaohf.com\/product\/boat-steering-wheel\/#breadcrumb\"},\"inLanguage\":\"tr\",\"potentialAction\":[{\"@type\":\"ReadAction\",\"target\":[\"https:\/\/qingdaohf.com\/product\/boat-steering-wheel\/\"]}]},{\"@type\":\"ImageObject\",\"inLanguage\":\"tr\",\"@id\":\"https:\/\/qingdaohf.com\/product\/boat-steering-wheel\/#primaryimage\",\"url\":\"https:\/\/qingdaohf.com\/wp-content\/uploads\/2024\/11\/boat-steering-wheel-5.jpg\",\"contentUrl\":\"https:\/\/qingdaohf.com\/wp-content\/uploads\/2024\/11\/boat-steering-wheel-5.jpg\",\"width\":1000,\"height\":1000,\"caption\":\"boat steering wheel\"},{\"@type\":\"BreadcrumbList\",\"@id\":\"https:\/\/qingdaohf.com\/product\/boat-steering-wheel\/#breadcrumb\",\"itemListElement\":[{\"@type\":\"ListItem\",\"position\":1,\"name\":\"Home\",\"item\":\"https:\/\/qingdaohf.com\/\"},{\"@type\":\"ListItem\",\"position\":2,\"name\":\"Concrete Forming Accessories and Rigging Hardware\",\"item\":\"https:\/\/qingdaohf.com\/bg\/?page_id=944\"},{\"@type\":\"ListItem\",\"position\":3,\"name\":\"Boat Steering Wheel\"}]},{\"@type\":\"WebSite\",\"@id\":\"https:\/\/qingdaohf.com\/bg\/#website\",\"url\":\"https:\/\/qingdaohf.com\/bg\/\",\"name\":\"Concrete Form & Rigging Hardware Supplier\",\"description\":\"\",\"publisher\":{\"@id\":\"https:\/\/qingdaohf.com\/bg\/#organization\"},\"potentialAction\":[{\"@type\":\"SearchAction\",\"target\":{\"@type\":\"EntryPoint\",\"urlTemplate\":\"https:\/\/qingdaohf.com\/bg\/?s={search_term_string}\"},\"query-input\":{\"@type\":\"PropertyValueSpecification\",\"valueRequired\":true,\"valueName\":\"search_term_string\"}}],\"inLanguage\":\"tr\"},{\"@type\":\"Organization\",\"@id\":\"https:\/\/qingdaohf.com\/bg\/#organization\",\"name\":\"Qingdao H&F\",\"url\":\"https:\/\/qingdaohf.com\/bg\/\",\"logo\":{\"@type\":\"ImageObject\",\"inLanguage\":\"tr\",\"@id\":\"https:\/\/qingdaohf.com\/bg\/#\/schema\/logo\/image\/\",\"url\":\"https:\/\/qingdaohf.com\/wp-content\/uploads\/2022\/12\/cropped-HF-LOGO.png\",\"contentUrl\":\"https:\/\/qingdaohf.com\/wp-content\/uploads\/2022\/12\/cropped-HF-LOGO.png\",\"width\":391,\"height\":249,\"caption\":\"Qingdao H&F\"},\"image\":{\"@id\":\"https:\/\/qingdaohf.com\/bg\/#\/schema\/logo\/image\/\"},\"sameAs\":[\"https:\/\/www.facebook.com\/qingdaohf\"]}]}<\/script>\n<!-- \/ Yoast SEO plugin. -->","yoast_head_json":{"title":"Boat Steering Wheel","robots":{"index":"index","follow":"follow","max-snippet":"max-snippet:-1","max-image-preview":"max-image-preview:large","max-video-preview":"max-video-preview:-1"},"canonical":"https:\/\/qingdaohf.com\/tr\/urun\/tekne-dumeni\/","og_locale":"tr_TR","og_type":"article","og_title":"Boat Steering Wheel","og_description":"Boat steering wheels play a pivotal role in ensuring smooth navigation and control on water, making them a critical component for any vessel. Buyers often prioritize factors such as material durability, ergonomic design, compatibility with various marine systems, and corrosion resistance when selecting a steering wheel. Our trading company offers high-quality boat steering wheels that address these concerns, coupled with one-to-one customer service, ensuring tailored recommendations. Additionally, we guarantee a fast delivery cycle and provide thorough quality inspection reports to offer peace of mind with every purchase.","og_url":"https:\/\/qingdaohf.com\/tr\/urun\/tekne-dumeni\/","og_site_name":"Concrete Form &amp; Rigging Hardware Supplier","article_publisher":"https:\/\/www.facebook.com\/qingdaohf","article_modified_time":"2025-11-13T01:02:51+00:00","og_image":[{"width":1000,"height":1000,"url":"https:\/\/qingdaohf.com\/wp-content\/uploads\/2024\/11\/boat-steering-wheel-5.jpg","type":"image\/jpeg"}],"twitter_card":"summary_large_image","twitter_misc":{"Tahmini okuma s\u00fcresi":"4 dakika"},"schema":{"@context":"https:\/\/schema.org","@graph":[{"@type":"WebPage","@id":"https:\/\/qingdaohf.com\/product\/boat-steering-wheel\/","url":"https:\/\/qingdaohf.com\/product\/boat-steering-wheel\/","name":"Boat Steering Wheel","isPartOf":{"@id":"https:\/\/qingdaohf.com\/bg\/#website"},"primaryImageOfPage":{"@id":"https:\/\/qingdaohf.com\/product\/boat-steering-wheel\/#primaryimage"},"image":{"@id":"https:\/\/qingdaohf.com\/product\/boat-steering-wheel\/#primaryimage"},"thumbnailUrl":"https:\/\/qingdaohf.com\/wp-content\/uploads\/2024\/11\/boat-steering-wheel-5.jpg","datePublished":"2024-11-29T08:45:52+00:00","dateModified":"2025-11-13T01:02:51+00:00","breadcrumb":{"@id":"https:\/\/qingdaohf.com\/product\/boat-steering-wheel\/#breadcrumb"},"inLanguage":"tr","potentialAction":[{"@type":"ReadAction","target":["https:\/\/qingdaohf.com\/product\/boat-steering-wheel\/"]}]},{"@type":"ImageObject","inLanguage":"tr","@id":"https:\/\/qingdaohf.com\/product\/boat-steering-wheel\/#primaryimage","url":"https:\/\/qingdaohf.com\/wp-content\/uploads\/2024\/11\/boat-steering-wheel-5.jpg","contentUrl":"https:\/\/qingdaohf.com\/wp-content\/uploads\/2024\/11\/boat-steering-wheel-5.jpg","width":1000,"height":1000,"caption":"boat steering wheel"},{"@type":"BreadcrumbList","@id":"https:\/\/qingdaohf.com\/product\/boat-steering-wheel\/#breadcrumb","itemListElement":[{"@type":"ListItem","position":1,"name":"Home","item":"https:\/\/qingdaohf.com\/"},{"@type":"ListItem","position":2,"name":"Concrete Forming Accessories and Rigging Hardware","item":"https:\/\/qingdaohf.com\/bg\/?page_id=944"},{"@type":"ListItem","position":3,"name":"Boat Steering Wheel"}]},{"@type":"WebSite","@id":"https:\/\/qingdaohf.com\/bg\/#website","url":"https:\/\/qingdaohf.com\/bg\/","name":"Concrete Form & Rigging Hardware Supplier","description":"","publisher":{"@id":"https:\/\/qingdaohf.com\/bg\/#organization"},"potentialAction":[{"@type":"SearchAction","target":{"@type":"EntryPoint","urlTemplate":"https:\/\/qingdaohf.com\/bg\/?s={search_term_string}"},"query-input":{"@type":"PropertyValueSpecification","valueRequired":true,"valueName":"search_term_string"}}],"inLanguage":"tr"},{"@type":"Organization","@id":"https:\/\/qingdaohf.com\/bg\/#organization","name":"Qingdao H&F","url":"https:\/\/qingdaohf.com\/bg\/","logo":{"@type":"ImageObject","inLanguage":"tr","@id":"https:\/\/qingdaohf.com\/bg\/#\/schema\/logo\/image\/","url":"https:\/\/qingdaohf.com\/wp-content\/uploads\/2022\/12\/cropped-HF-LOGO.png","contentUrl":"https:\/\/qingdaohf.com\/wp-content\/uploads\/2022\/12\/cropped-HF-LOGO.png","width":391,"height":249,"caption":"Qingdao H&F"},"image":{"@id":"https:\/\/qingdaohf.com\/bg\/#\/schema\/logo\/image\/"},"sameAs":["https:\/\/www.facebook.com\/qingdaohf"]}]}},"_links":{"self":[{"href":"https:\/\/qingdaohf.com\/tr\/wp-json\/wp\/v2\/product\/8428","targetHints":{"allow":["GET"]}}],"collection":[{"href":"https:\/\/qingdaohf.com\/tr\/wp-json\/wp\/v2\/product"}],"about":[{"href":"https:\/\/qingdaohf.com\/tr\/wp-json\/wp\/v2\/types\/product"}],"replies":[{"embeddable":true,"href":"https:\/\/qingdaohf.com\/tr\/wp-json\/wp\/v2\/comments?post=8428"}],"version-history":[{"count":1,"href":"https:\/\/qingdaohf.com\/tr\/wp-json\/wp\/v2\/product\/8428\/revisions"}],"predecessor-version":[{"id":8436,"href":"https:\/\/qingdaohf.com\/tr\/wp-json\/wp\/v2\/product\/8428\/revisions\/8436"}],"wp:featuredmedia":[{"embeddable":true,"href":"https:\/\/qingdaohf.com\/tr\/wp-json\/wp\/v2\/media\/8429"}],"wp:attachment":[{"href":"https:\/\/qingdaohf.com\/tr\/wp-json\/wp\/v2\/media?parent=8428"}],"wp:term":[{"taxonomy":"product_brand","embeddable":true,"href":"https:\/\/qingdaohf.com\/tr\/wp-json\/wp\/v2\/product_brand?post=8428"},{"taxonomy":"product_cat","embeddable":true,"href":"https:\/\/qingdaohf.com\/tr\/wp-json\/wp\/v2\/product_cat?post=8428"},{"taxonomy":"product_tag","embeddable":true,"href":"https:\/\/qingdaohf.com\/tr\/wp-json\/wp\/v2\/product_tag?post=8428"}],"curies":[{"name":"wp","href":"https:\/\/api.w.org\/{rel}","templated":true}]}}