{"id":8532,"date":"2024-12-16T11:17:22","date_gmt":"2024-12-16T03:17:22","guid":{"rendered":"http:\/\/qingdaohf.com\/?post_type=product&#038;p=8532"},"modified":"2025-11-13T09:02:22","modified_gmt":"2025-11-13T01:02:22","slug":"sandwich-panel-erection-anchor","status":"publish","type":"product","link":"https:\/\/qingdaohf.com\/tr\/urun\/sandvic-panel-montaj-ankraji\/","title":{"rendered":"Sandvi\u00e7 Panel Montaj Ankraj\u0131"},"content":{"rendered":"<p class=\"whitespace-pre-wrap break-words\">\u0130n\u015faat sekt\u00f6r\u00fcn\u00fcn prefabrik bile\u015fenleri giderek daha fazla kullanmas\u0131, sandvi\u00e7 panel montaj ankrajlar\u0131n\u0131 her zamankinden daha \u00f6nemli hale getirmi\u015ftir. Bu \u00f6zel aletler, sandvi\u00e7 panellerin g\u00fcvenli bir \u015fekilde kald\u0131r\u0131lmas\u0131, konumland\u0131r\u0131lmas\u0131 ve duvarlara, \u00e7at\u0131lara ve cephelere monte edilmesi i\u00e7in \u00e7ok \u00f6nemlidir. \u0130ster bu ankrajlar\u0131 \u00fcretiyor ister sahada kullan\u0131yor olun, \u00e7e\u015fitlerini, kullan\u0131mlar\u0131n\u0131 ve performans fakt\u00f6rlerini anlamak \u00e7ok \u00f6nemlidir.<\/p>\n<h2 class=\"font-600 text-xl font-bold\">Sandvi\u00e7 Panel Montaj Ankrajlar\u0131n\u0131n \u0130\u015flevi ve \u00d6nemi<\/h2>\n<p class=\"whitespace-pre-wrap break-words\">Kurulum s\u0131ras\u0131nda g\u00fcvenlik ve verimlilik, sandvi\u00e7 panel montaj ankrajlar\u0131n\u0131n birincil i\u015flevleridir. Bu ara\u00e7lar kald\u0131rma ekipman\u0131 i\u00e7in g\u00fcvenilir ba\u011flant\u0131 noktalar\u0131 olu\u015fturarak a\u011f\u0131r panellerin ta\u015f\u0131nmas\u0131 risklerini \u00f6nemli \u00f6l\u00e7\u00fcde azalt\u0131r. Zaman\u0131n ve hassasiyetin \u00e7ok \u00f6nemli oldu\u011fu projelerde, bu ankrajlar s\u0131k\u0131 g\u00fcvenlik gereksinimlerini kar\u015f\u0131larken karma\u015f\u0131k lojisti\u011fi basitle\u015ftirir.<\/p>\n<p class=\"whitespace-pre-wrap break-words\">Bu ankrajlar kald\u0131rmaktan daha fazlas\u0131n\u0131 yapar - panellerin do\u011fru hizalanmas\u0131n\u0131 ve d\u00fczg\u00fcn konumland\u0131r\u0131lmas\u0131n\u0131 sa\u011flayarak kurulum s\u0131ras\u0131nda yap\u0131sal gerilimi ve yanl\u0131\u015f hizalanmay\u0131 \u00f6nler. Bu hassasiyet, \u00f6zellikle t\u00fcm bile\u015fenlerde tutarl\u0131 performans\u0131n bir projeyi yapabilece\u011fi veya bozabilece\u011fi b\u00fcy\u00fck end\u00fcstriyel ve ticari yap\u0131larda \u00e7ok \u00f6nemlidir. Ankraj tipi se\u00e7iminiz projenizin ne kadar ba\u015far\u0131l\u0131 olaca\u011f\u0131n\u0131 do\u011frudan etkiler.<\/p>\n<h2 class=\"font-600 text-xl font-bold\">Sandvi\u00e7 Panel Montaj Ankrajlar\u0131n\u0131n T\u00fcrleri ve Uygulamalar\u0131<\/h2>\n<p class=\"whitespace-pre-wrap break-words\">\u0130n\u015faat ekipleri, her biri belirli panel a\u011f\u0131rl\u0131klar\u0131, tasar\u0131mlar\u0131 ve kurulum ihtiya\u00e7lar\u0131 i\u00e7in tasarlanm\u0131\u015f \u00e7e\u015fitli ankraj tipleri aras\u0131ndan se\u00e7im yapabilir. Baz\u0131lar\u0131 daha hafif panellerle en iyi \u015fekilde \u00e7al\u0131\u015f\u0131rken, di\u011ferleri g\u00fc\u00e7lendirilmi\u015f, daha a\u011f\u0131r tasar\u0131mlar\u0131 i\u015flemek i\u00e7in \u00fcretilmi\u015ftir.<\/p>\n<p class=\"whitespace-pre-wrap break-words\">Mekanik ankrajlar, esneklikleri ve basit kurulum s\u00fcre\u00e7leri sayesinde pop\u00fclerdir. \u0130n\u015faat ekipleri, kald\u0131rma s\u0131ras\u0131nda y\u00fckleri e\u015fit \u015fekilde yaymak i\u00e7in bunlara de\u011fer verir. Ekstra dayan\u0131kl\u0131l\u0131k gerektiren daha zorlu ortamlar i\u00e7in kaynakl\u0131 ankrajlar daha fazla g\u00fc\u00e7 sunar.<\/p>\n<p class=\"whitespace-pre-wrap break-words\">Ayr\u0131ca, \u00fcreticilerin \u00fcretim s\u0131ras\u0131nda do\u011frudan panellere monte etti\u011fi g\u00f6m\u00fcl\u00fc ankrajlar da bulacaks\u0131n\u0131z. Bunlar, sahada minimum ayarlama ile sorunsuz entegrasyon gerektiren projeler i\u00e7in m\u00fckemmeldir. T\u00fcr\u00fc ne olursa olsun, do\u011fru ankraj\u0131n se\u00e7ilmesi, y\u00fck gereksinimlerinden \u00e7evresel ko\u015fullara ve end\u00fcstri standartlar\u0131na kadar projenizin ihtiya\u00e7lar\u0131n\u0131n dikkatli bir \u015fekilde de\u011ferlendirilmesini gerektirir.<\/p>\n<p class=\"whitespace-pre-wrap break-words\">Bu ankrajlar tek bir sekt\u00f6rle s\u0131n\u0131rl\u0131 de\u011fildir. Onlar\u0131 depo in\u015faatlar\u0131nda, fabrika in\u015faatlar\u0131nda, ofis in\u015faatlar\u0131nda ve hatta evlerde \u00e7al\u0131\u015f\u0131rken g\u00f6rebilirsiniz. Farkl\u0131 panel boyutlar\u0131na ve malzemelere uyarlanabilir olmalar\u0131, onlar\u0131 hem k\u00fc\u00e7\u00fck projeler hem de b\u00fcy\u00fck geli\u015fmeler i\u00e7in de\u011ferli k\u0131lmaktad\u0131r.<\/p>\n<h2 class=\"font-600 text-xl font-bold\">Sandvi\u00e7 Panel Montaj Ankrajlar\u0131n\u0131n Se\u00e7imine Etki Eden Fakt\u00f6rler<\/h2>\n<p class=\"whitespace-pre-wrap break-words\">Do\u011fru montaj ankraj\u0131n\u0131 se\u00e7mek birka\u00e7 \u00f6nemli hususu i\u00e7erir. Y\u00fck ta\u015f\u0131ma kapasitesi listenin ba\u015f\u0131nda gelir - ankraj\u0131n\u0131z\u0131n ne kadar a\u011f\u0131rl\u0131\u011f\u0131 g\u00fcvenle kald\u0131rabilece\u011fini tam olarak bilmeniz gerekir. Bu, a\u015f\u0131r\u0131 y\u00fcklemeyi \u00f6nlemek i\u00e7in panel \u00f6zelliklerinize ve malzemelerinize dayal\u0131 hassas hesaplamalar gerektirir.<\/p>\n<p class=\"whitespace-pre-wrap break-words\">Malzeme kalitesi son derece \u00f6nemlidir. \u00c7o\u011fu \u00fcretici, \u00fcst\u00fcn gerilme mukavemeti ve dayan\u0131kl\u0131l\u0131\u011f\u0131 nedeniyle y\u00fcksek mukavemetli \u00e7eli\u011fi tercih eder. Nemli b\u00f6lgelerde veya k\u0131y\u0131ya yak\u0131n yerlerde in\u015faat yap\u0131yorsan\u0131z, korozyon direnci kritik hale gelir. Bir\u00e7ok m\u00fcteahhit, hizmet \u00f6m\u00fcrlerini uzatmak i\u00e7in galvanizli veya kaplamal\u0131 ankrajlar\u0131 tercih eder.<\/p>\n<p class=\"whitespace-pre-wrap break-words\">Kurulum kolayl\u0131\u011f\u0131 ve standart kald\u0131rma ekipman\u0131yla uyumluluk, projenizin zaman \u00e7izelgesini ve b\u00fct\u00e7esini \u00f6nemli \u00f6l\u00e7\u00fcde etkileyebilir. Do\u011fru ankrajlar mevcut sistemlerinizle sorunsuz bir \u015fekilde \u00e7al\u0131\u015farak i\u015f\u00e7ilik maliyetlerini azalt\u0131r ve in\u015faat\u0131 h\u0131zland\u0131r\u0131r. Uluslararas\u0131 g\u00fcvenlik standartlar\u0131n\u0131 kar\u015f\u0131lamak iste\u011fe ba\u011fl\u0131 de\u011fildir; mevzuata uygunlu\u011fu ve proje ba\u015far\u0131s\u0131n\u0131 sa\u011flamak i\u00e7in gereklidir.<\/p>\n<p class=\"whitespace-pre-wrap break-words\">Qingdao H&amp;F'de bu fakt\u00f6rler \u00fcr\u00fcn tedarik ve teslimat\u0131m\u0131za rehberlik ediyor. \u00dcr\u00fcn yelpazemizi \u00e7e\u015fitli k\u00fcresel gereksinimleri kar\u015f\u0131layacak \u015fekilde olu\u015fturduk ve her \u015feyi kapsaml\u0131 kalite kontrolleri ve performans testleriyle destekledik. Bu, projenizin tam olarak neye ihtiyac\u0131 varsa onu alman\u0131z\u0131 sa\u011flar.<\/p>\n<h2 class=\"font-600 text-xl font-bold\">Sandvi\u00e7 Panel Montaj Ankrajlar\u0131n\u0131n De\u011ferinin Uzman Deste\u011fi ile Art\u0131r\u0131lmas\u0131<\/h2>\n<p class=\"whitespace-pre-wrap break-words\">Sandvi\u00e7 panel montaj ankrajlar\u0131n\u0131zdan en iyi \u015fekilde yararlanmak sadece donan\u0131mla ilgili de\u011fildir - arkas\u0131ndaki destekle de ilgilidir. Qingdao H&amp;F'deki ekibimiz a\u00e7\u0131k ileti\u015fime ve uzman rehberli\u011fine inan\u0131r. \u00d6zel ihtiya\u00e7lar\u0131n\u0131 anlamak i\u00e7in her m\u00fc\u015fteriyle yak\u0131n bir \u015fekilde \u00e7al\u0131\u015farak optimum performans i\u00e7in hedefe y\u00f6nelik \u00f6neriler sunuyoruz.<\/p>\n<p class=\"whitespace-pre-wrap break-words\">\u0130n\u015faat projelerinin gecikmeleri kald\u0131ramayaca\u011f\u0131n\u0131 biliyoruz, bu nedenle teslimat s\u00fcrecimizi optimize ettik. Etkin tedarik zinciri y\u00f6netimi ve stratejik ortakl\u0131klar sayesinde, nerede olursan\u0131z olun \u00e7apalar\u0131n\u0131z\u0131n ihtiya\u00e7 duydu\u011funuz anda elinize ula\u015fmas\u0131n\u0131 sa\u011fl\u0131yoruz.<\/p>\n<p class=\"whitespace-pre-wrap break-words\">Her sevkiyat ayr\u0131nt\u0131l\u0131 kalite kontrol raporlar\u0131yla birlikte gelir ve size \u00fcr\u00fcn \u00f6zellikleri ve performans verileri hakk\u0131nda tam g\u00f6r\u00fcn\u00fcrl\u00fck sa\u011flar. Bu \u015feffafl\u0131k, m\u00fckemmellik sunma konusundaki kararl\u0131l\u0131\u011f\u0131m\u0131z\u0131 yans\u0131tmaktad\u0131r.<\/p>\n<h2 class=\"font-600 text-xl font-bold\">\u0130leriye Bakmak: Sandvi\u00e7 Panel Montaj Ankrajlar\u0131n\u0131n Gelece\u011fi<\/h2>\n<p class=\"whitespace-pre-wrap break-words\">\u0130n\u015faat sekt\u00f6r\u00fc geli\u015fmeye devam ediyor ve panel montaj teknikleri de bir istisna de\u011fil. Daha g\u00fc\u00e7l\u00fc ancak daha hafif malzemeler de dahil olmak \u00fczere ankraj teknolojisinde heyecan verici geli\u015fmeler g\u00f6r\u00fcyoruz. Gelecek, stres y\u00fcklerini ve hizalamay\u0131 izlemek i\u00e7in dahili sens\u00f6rlere sahip ak\u0131ll\u0131 ankrajlar getirerek g\u00fcvenli\u011fi ve verimlili\u011fi yeni seviyelere ta\u015f\u0131yabilir.<\/p>\n<p class=\"whitespace-pre-wrap break-words\">Qingdao H&amp;F olarak, sekt\u00f6rdeki bu de\u011fi\u015fimlerin bir ad\u0131m \u00f6n\u00fcndeyiz. En son geli\u015fmeleri takip ederek, m\u00fc\u015fterilerimizin her zaman en yeni \u00e7\u00f6z\u00fcmlere eri\u015febilmelerini sa\u011fl\u0131yoruz. Panel montaj ankraj \u00e7\u00f6z\u00fcmlerinde pazar lideri konumumuzu korumak i\u00e7in yenilik\u00e7i \u00fcr\u00fcnleri m\u00fc\u015fteri odakl\u0131 hizmetle birle\u015ftiriyoruz.<\/p>\n<p class=\"whitespace-pre-wrap break-words\">Son olarak, sandvi\u00e7 panel montaj ankrajlar\u0131 ba\u015far\u0131l\u0131 modern in\u015faat i\u00e7in temel olmaya devam etmektedir. G\u00fcvenli ve verimli kurulum sa\u011flamadaki rolleri, onlar\u0131 hem in\u015faat\u00e7\u0131lar hem de y\u00fckleniciler i\u00e7in paha bi\u00e7ilmez k\u0131lmaktad\u0131r. Qingdao H&amp;F olarak, bu dinamik alanda g\u00fcvenilir bir ortak olmaktan ve d\u00fcnya \u00e7ap\u0131ndaki m\u00fc\u015fterilerimize kalite ve m\u00fckemmellik sunmaktan gurur duyuyoruz.<\/p>","protected":false},"excerpt":{"rendered":"<p>\u0130n\u015faatta, sandvi\u00e7 panel montaj ankrajlar\u0131, sandvi\u00e7 panellerin kald\u0131r\u0131lmas\u0131n\u0131 ve kurulumunu hem g\u00fcvenli hem de verimli hale getiren \u00e7ok \u00f6nemli ara\u00e7lard\u0131r. Bir al\u0131c\u0131 olarak \u00fc\u00e7 temel \u015feye odaklanmak istersiniz: g\u00fcvenilirlik, farkl\u0131 panel t\u00fcrleriyle uyumluluk ve g\u00fc\u00e7l\u00fc y\u00fck ta\u015f\u0131ma kapasitesi. Qingdao H&amp;F'de 20 y\u0131l\u0131m\u0131z\u0131 yakla\u015f\u0131m\u0131m\u0131z\u0131 m\u00fckemmelle\u015ftirmek i\u00e7in harcad\u0131k: ki\u015fiselle\u015ftirilmi\u015f m\u00fc\u015fteri hizmetleri, daha h\u0131zl\u0131 teslimat s\u00fcreleri ve g\u00f6nderilen her sipari\u015f i\u00e7in ayr\u0131nt\u0131l\u0131 kalite raporlar\u0131 sunuyoruz. D\u00fcnya \u00e7ap\u0131ndaki m\u00fc\u015fterilerimize m\u00fcmk\u00fcn olan en sorunsuz sat\u0131n alma deneyimini ya\u015fatmaya kararl\u0131y\u0131z.<\/p>","protected":false},"featured_media":8533,"comment_status":"open","ping_status":"closed","template":"","meta":{"site-sidebar-layout":"default","site-content-layout":"","ast-site-content-layout":"default","site-content-style":"default","site-sidebar-style":"default","ast-global-header-display":"","ast-banner-title-visibility":"","ast-main-header-display":"","ast-hfb-above-header-display":"","ast-hfb-below-header-display":"","ast-hfb-mobile-header-display":"","site-post-title":"","ast-breadcrumbs-content":"","ast-featured-img":"","footer-sml-layout":"","theme-transparent-header-meta":"default","adv-header-id-meta":"","stick-header-meta":"default","header-above-stick-meta":"","header-main-stick-meta":"","header-below-stick-meta":"","astra-migrate-meta-layouts":"set","ast-page-background-enabled":"default","ast-page-background-meta":{"desktop":{"background-color":"","background-image":"","background-repeat":"repeat","background-position":"center center","background-size":"auto","background-attachment":"scroll","background-type":"","background-media":"","overlay-type":"","overlay-color":"","overlay-opacity":"","overlay-gradient":""},"tablet":{"background-color":"","background-image":"","background-repeat":"repeat","background-position":"center center","background-size":"auto","background-attachment":"scroll","background-type":"","background-media":"","overlay-type":"","overlay-color":"","overlay-opacity":"","overlay-gradient":""},"mobile":{"background-color":"","background-image":"","background-repeat":"repeat","background-position":"center center","background-size":"auto","background-attachment":"scroll","background-type":"","background-media":"","overlay-type":"","overlay-color":"","overlay-opacity":"","overlay-gradient":""}},"ast-content-background-meta":{"desktop":{"background-color":"var(--ast-global-color-5)","background-image":"","background-repeat":"repeat","background-position":"center center","background-size":"auto","background-attachment":"scroll","background-type":"","background-media":"","overlay-type":"","overlay-color":"","overlay-opacity":"","overlay-gradient":""},"tablet":{"background-color":"var(--ast-global-color-5)","background-image":"","background-repeat":"repeat","background-position":"center center","background-size":"auto","background-attachment":"scroll","background-type":"","background-media":"","overlay-type":"","overlay-color":"","overlay-opacity":"","overlay-gradient":""},"mobile":{"background-color":"var(--ast-global-color-5)","background-image":"","background-repeat":"repeat","background-position":"center center","background-size":"auto","background-attachment":"scroll","background-type":"","background-media":"","overlay-type":"","overlay-color":"","overlay-opacity":"","overlay-gradient":""}}},"product_brand":[],"product_cat":[30],"product_tag":[],"class_list":{"0":"post-8532","1":"product","2":"type-product","3":"status-publish","4":"has-post-thumbnail","6":"product_cat-lifting-anchor","7":"desktop-align-left","8":"tablet-align-left","9":"mobile-align-left","10":"ast-product-gallery-layout-horizontal-slider","11":"ast-product-tabs-layout-horizontal","13":"first","14":"instock","15":"shipping-taxable","16":"purchasable","17":"product-type-simple"},"yoast_head":"<!-- This site is optimized with the Yoast SEO plugin v25.2 - https:\/\/yoast.com\/wordpress\/plugins\/seo\/ -->\n<title>Sandwich Panel Erection Anchor<\/title>\n<meta name=\"robots\" content=\"index, follow, max-snippet:-1, max-image-preview:large, max-video-preview:-1\" \/>\n<link rel=\"canonical\" href=\"https:\/\/qingdaohf.com\/tr\/urun\/sandvic-panel-montaj-ankraji\/\" \/>\n<meta property=\"og:locale\" content=\"tr_TR\" \/>\n<meta property=\"og:type\" content=\"article\" \/>\n<meta property=\"og:title\" content=\"Sandwich Panel Erection Anchor\" \/>\n<meta property=\"og:description\" content=\"In construction, sandwich panel erection anchors are very important tools that make the lifting and installation of sandwich panels both safe and efficient. You would want to focus on three key things as a buyer: reliability, compatibility with different panel types, and strong load-bearing capacity. Here at Qingdao H&amp;F, we have spent 20 years perfecting our approach: offering personalized customer service, quicker delivery times, and detailed quality reports for every order shipped. We are committed to giving our clients worldwide the smoothest possible purchasing experience.\" \/>\n<meta property=\"og:url\" content=\"https:\/\/qingdaohf.com\/tr\/urun\/sandvic-panel-montaj-ankraji\/\" \/>\n<meta property=\"og:site_name\" content=\"Concrete Form &amp; Rigging Hardware Supplier\" \/>\n<meta property=\"article:publisher\" content=\"https:\/\/www.facebook.com\/qingdaohf\" \/>\n<meta property=\"article:modified_time\" content=\"2025-11-13T01:02:22+00:00\" \/>\n<meta property=\"og:image\" content=\"https:\/\/qingdaohf.com\/wp-content\/uploads\/2024\/12\/Erection-Anchor_\u526f\u672c.jpg\" \/>\n\t<meta property=\"og:image:width\" content=\"1000\" \/>\n\t<meta property=\"og:image:height\" content=\"1000\" \/>\n\t<meta property=\"og:image:type\" content=\"image\/jpeg\" \/>\n<meta name=\"twitter:card\" content=\"summary_large_image\" \/>\n<meta name=\"twitter:label1\" content=\"Tahmini okuma s\u00fcresi\" \/>\n\t<meta name=\"twitter:data1\" content=\"4 dakika\" \/>\n<script type=\"application\/ld+json\" class=\"yoast-schema-graph\">{\"@context\":\"https:\/\/schema.org\",\"@graph\":[{\"@type\":\"WebPage\",\"@id\":\"https:\/\/qingdaohf.com\/product\/sandwich-panel-erection-anchor\/\",\"url\":\"https:\/\/qingdaohf.com\/product\/sandwich-panel-erection-anchor\/\",\"name\":\"Sandwich Panel Erection Anchor\",\"isPartOf\":{\"@id\":\"https:\/\/qingdaohf.com\/bg\/#website\"},\"primaryImageOfPage\":{\"@id\":\"https:\/\/qingdaohf.com\/product\/sandwich-panel-erection-anchor\/#primaryimage\"},\"image\":{\"@id\":\"https:\/\/qingdaohf.com\/product\/sandwich-panel-erection-anchor\/#primaryimage\"},\"thumbnailUrl\":\"https:\/\/qingdaohf.com\/wp-content\/uploads\/2024\/12\/Erection-Anchor_\u526f\u672c.jpg\",\"datePublished\":\"2024-12-16T03:17:22+00:00\",\"dateModified\":\"2025-11-13T01:02:22+00:00\",\"breadcrumb\":{\"@id\":\"https:\/\/qingdaohf.com\/product\/sandwich-panel-erection-anchor\/#breadcrumb\"},\"inLanguage\":\"tr\",\"potentialAction\":[{\"@type\":\"ReadAction\",\"target\":[\"https:\/\/qingdaohf.com\/product\/sandwich-panel-erection-anchor\/\"]}]},{\"@type\":\"ImageObject\",\"inLanguage\":\"tr\",\"@id\":\"https:\/\/qingdaohf.com\/product\/sandwich-panel-erection-anchor\/#primaryimage\",\"url\":\"https:\/\/qingdaohf.com\/wp-content\/uploads\/2024\/12\/Erection-Anchor_\u526f\u672c.jpg\",\"contentUrl\":\"https:\/\/qingdaohf.com\/wp-content\/uploads\/2024\/12\/Erection-Anchor_\u526f\u672c.jpg\",\"width\":1000,\"height\":1000,\"caption\":\"sandwich panel Erection Anchor\"},{\"@type\":\"BreadcrumbList\",\"@id\":\"https:\/\/qingdaohf.com\/product\/sandwich-panel-erection-anchor\/#breadcrumb\",\"itemListElement\":[{\"@type\":\"ListItem\",\"position\":1,\"name\":\"Home\",\"item\":\"https:\/\/qingdaohf.com\/\"},{\"@type\":\"ListItem\",\"position\":2,\"name\":\"Concrete Forming Accessories and Rigging Hardware\",\"item\":\"https:\/\/qingdaohf.com\/bg\/?page_id=944\"},{\"@type\":\"ListItem\",\"position\":3,\"name\":\"Sandwich Panel Erection Anchor\"}]},{\"@type\":\"WebSite\",\"@id\":\"https:\/\/qingdaohf.com\/bg\/#website\",\"url\":\"https:\/\/qingdaohf.com\/bg\/\",\"name\":\"Concrete Form & Rigging Hardware Supplier\",\"description\":\"\",\"publisher\":{\"@id\":\"https:\/\/qingdaohf.com\/bg\/#organization\"},\"potentialAction\":[{\"@type\":\"SearchAction\",\"target\":{\"@type\":\"EntryPoint\",\"urlTemplate\":\"https:\/\/qingdaohf.com\/bg\/?s={search_term_string}\"},\"query-input\":{\"@type\":\"PropertyValueSpecification\",\"valueRequired\":true,\"valueName\":\"search_term_string\"}}],\"inLanguage\":\"tr\"},{\"@type\":\"Organization\",\"@id\":\"https:\/\/qingdaohf.com\/bg\/#organization\",\"name\":\"Qingdao H&F\",\"url\":\"https:\/\/qingdaohf.com\/bg\/\",\"logo\":{\"@type\":\"ImageObject\",\"inLanguage\":\"tr\",\"@id\":\"https:\/\/qingdaohf.com\/bg\/#\/schema\/logo\/image\/\",\"url\":\"https:\/\/qingdaohf.com\/wp-content\/uploads\/2022\/12\/cropped-HF-LOGO.png\",\"contentUrl\":\"https:\/\/qingdaohf.com\/wp-content\/uploads\/2022\/12\/cropped-HF-LOGO.png\",\"width\":391,\"height\":249,\"caption\":\"Qingdao H&F\"},\"image\":{\"@id\":\"https:\/\/qingdaohf.com\/bg\/#\/schema\/logo\/image\/\"},\"sameAs\":[\"https:\/\/www.facebook.com\/qingdaohf\"]}]}<\/script>\n<!-- \/ Yoast SEO plugin. -->","yoast_head_json":{"title":"Sandwich Panel Erection Anchor","robots":{"index":"index","follow":"follow","max-snippet":"max-snippet:-1","max-image-preview":"max-image-preview:large","max-video-preview":"max-video-preview:-1"},"canonical":"https:\/\/qingdaohf.com\/tr\/urun\/sandvic-panel-montaj-ankraji\/","og_locale":"tr_TR","og_type":"article","og_title":"Sandwich Panel Erection Anchor","og_description":"In construction, sandwich panel erection anchors are very important tools that make the lifting and installation of sandwich panels both safe and efficient. You would want to focus on three key things as a buyer: reliability, compatibility with different panel types, and strong load-bearing capacity. Here at Qingdao H&amp;F, we have spent 20 years perfecting our approach: offering personalized customer service, quicker delivery times, and detailed quality reports for every order shipped. We are committed to giving our clients worldwide the smoothest possible purchasing experience.","og_url":"https:\/\/qingdaohf.com\/tr\/urun\/sandvic-panel-montaj-ankraji\/","og_site_name":"Concrete Form &amp; Rigging Hardware Supplier","article_publisher":"https:\/\/www.facebook.com\/qingdaohf","article_modified_time":"2025-11-13T01:02:22+00:00","og_image":[{"width":1000,"height":1000,"url":"https:\/\/qingdaohf.com\/wp-content\/uploads\/2024\/12\/Erection-Anchor_\u526f\u672c.jpg","type":"image\/jpeg"}],"twitter_card":"summary_large_image","twitter_misc":{"Tahmini okuma s\u00fcresi":"4 dakika"},"schema":{"@context":"https:\/\/schema.org","@graph":[{"@type":"WebPage","@id":"https:\/\/qingdaohf.com\/product\/sandwich-panel-erection-anchor\/","url":"https:\/\/qingdaohf.com\/product\/sandwich-panel-erection-anchor\/","name":"Sandwich Panel Erection Anchor","isPartOf":{"@id":"https:\/\/qingdaohf.com\/bg\/#website"},"primaryImageOfPage":{"@id":"https:\/\/qingdaohf.com\/product\/sandwich-panel-erection-anchor\/#primaryimage"},"image":{"@id":"https:\/\/qingdaohf.com\/product\/sandwich-panel-erection-anchor\/#primaryimage"},"thumbnailUrl":"https:\/\/qingdaohf.com\/wp-content\/uploads\/2024\/12\/Erection-Anchor_\u526f\u672c.jpg","datePublished":"2024-12-16T03:17:22+00:00","dateModified":"2025-11-13T01:02:22+00:00","breadcrumb":{"@id":"https:\/\/qingdaohf.com\/product\/sandwich-panel-erection-anchor\/#breadcrumb"},"inLanguage":"tr","potentialAction":[{"@type":"ReadAction","target":["https:\/\/qingdaohf.com\/product\/sandwich-panel-erection-anchor\/"]}]},{"@type":"ImageObject","inLanguage":"tr","@id":"https:\/\/qingdaohf.com\/product\/sandwich-panel-erection-anchor\/#primaryimage","url":"https:\/\/qingdaohf.com\/wp-content\/uploads\/2024\/12\/Erection-Anchor_\u526f\u672c.jpg","contentUrl":"https:\/\/qingdaohf.com\/wp-content\/uploads\/2024\/12\/Erection-Anchor_\u526f\u672c.jpg","width":1000,"height":1000,"caption":"sandwich panel Erection Anchor"},{"@type":"BreadcrumbList","@id":"https:\/\/qingdaohf.com\/product\/sandwich-panel-erection-anchor\/#breadcrumb","itemListElement":[{"@type":"ListItem","position":1,"name":"Home","item":"https:\/\/qingdaohf.com\/"},{"@type":"ListItem","position":2,"name":"Concrete Forming Accessories and Rigging Hardware","item":"https:\/\/qingdaohf.com\/bg\/?page_id=944"},{"@type":"ListItem","position":3,"name":"Sandwich Panel Erection Anchor"}]},{"@type":"WebSite","@id":"https:\/\/qingdaohf.com\/bg\/#website","url":"https:\/\/qingdaohf.com\/bg\/","name":"Concrete Form & Rigging Hardware Supplier","description":"","publisher":{"@id":"https:\/\/qingdaohf.com\/bg\/#organization"},"potentialAction":[{"@type":"SearchAction","target":{"@type":"EntryPoint","urlTemplate":"https:\/\/qingdaohf.com\/bg\/?s={search_term_string}"},"query-input":{"@type":"PropertyValueSpecification","valueRequired":true,"valueName":"search_term_string"}}],"inLanguage":"tr"},{"@type":"Organization","@id":"https:\/\/qingdaohf.com\/bg\/#organization","name":"Qingdao H&F","url":"https:\/\/qingdaohf.com\/bg\/","logo":{"@type":"ImageObject","inLanguage":"tr","@id":"https:\/\/qingdaohf.com\/bg\/#\/schema\/logo\/image\/","url":"https:\/\/qingdaohf.com\/wp-content\/uploads\/2022\/12\/cropped-HF-LOGO.png","contentUrl":"https:\/\/qingdaohf.com\/wp-content\/uploads\/2022\/12\/cropped-HF-LOGO.png","width":391,"height":249,"caption":"Qingdao H&F"},"image":{"@id":"https:\/\/qingdaohf.com\/bg\/#\/schema\/logo\/image\/"},"sameAs":["https:\/\/www.facebook.com\/qingdaohf"]}]}},"_links":{"self":[{"href":"https:\/\/qingdaohf.com\/tr\/wp-json\/wp\/v2\/product\/8532","targetHints":{"allow":["GET"]}}],"collection":[{"href":"https:\/\/qingdaohf.com\/tr\/wp-json\/wp\/v2\/product"}],"about":[{"href":"https:\/\/qingdaohf.com\/tr\/wp-json\/wp\/v2\/types\/product"}],"replies":[{"embeddable":true,"href":"https:\/\/qingdaohf.com\/tr\/wp-json\/wp\/v2\/comments?post=8532"}],"version-history":[{"count":1,"href":"https:\/\/qingdaohf.com\/tr\/wp-json\/wp\/v2\/product\/8532\/revisions"}],"predecessor-version":[{"id":8534,"href":"https:\/\/qingdaohf.com\/tr\/wp-json\/wp\/v2\/product\/8532\/revisions\/8534"}],"wp:featuredmedia":[{"embeddable":true,"href":"https:\/\/qingdaohf.com\/tr\/wp-json\/wp\/v2\/media\/8533"}],"wp:attachment":[{"href":"https:\/\/qingdaohf.com\/tr\/wp-json\/wp\/v2\/media?parent=8532"}],"wp:term":[{"taxonomy":"product_brand","embeddable":true,"href":"https:\/\/qingdaohf.com\/tr\/wp-json\/wp\/v2\/product_brand?post=8532"},{"taxonomy":"product_cat","embeddable":true,"href":"https:\/\/qingdaohf.com\/tr\/wp-json\/wp\/v2\/product_cat?post=8532"},{"taxonomy":"product_tag","embeddable":true,"href":"https:\/\/qingdaohf.com\/tr\/wp-json\/wp\/v2\/product_tag?post=8532"}],"curies":[{"name":"wp","href":"https:\/\/api.w.org\/{rel}","templated":true}]}}