{"id":8601,"date":"2024-12-27T17:18:28","date_gmt":"2024-12-27T09:18:28","guid":{"rendered":"http:\/\/qingdaohf.com\/?post_type=product&#038;p=8601"},"modified":"2025-11-13T09:02:22","modified_gmt":"2025-11-13T01:02:22","slug":"formwork-water-stop","status":"publish","type":"product","link":"https:\/\/qingdaohf.com\/tr\/urun\/kalip-su-durdurucu\/","title":{"rendered":"Kal\u0131p Su Dura\u011f\u0131"},"content":{"rendered":"<p class=\"whitespace-pre-wrap break-words\">Kal\u0131p su durdurucu \u00fcr\u00fcnler, beton in\u015faat\u0131nda su yal\u0131t\u0131m\u0131 ve yap\u0131sal b\u00fct\u00fcnl\u00fc\u011f\u00fcn korunmas\u0131 i\u00e7in hayati \u00f6nem ta\u015f\u0131r. Bu bile\u015fenler, su s\u0131z\u0131nt\u0131s\u0131n\u0131 \u00f6nlemek ve beton yap\u0131lar\u0131 korumak i\u00e7in ba\u011flant\u0131 \u00e7ubuklar\u0131 ve kelebek somunlar gibi kal\u0131p aksesuarlar\u0131yla birlikte \u00e7al\u0131\u015f\u0131r. Bu unsurlar\u0131n birlikte nas\u0131l \u00e7al\u0131\u015ft\u0131\u011f\u0131n\u0131 ve in\u015faat projeleriniz i\u00e7in neden \u00f6nemli olduklar\u0131n\u0131 ke\u015ffedelim.<\/p>\n<h2 class=\"font-600 text-xl font-bold\">Kal\u0131p Su Duraklar\u0131n\u0131 Anlama<\/h2>\n<p class=\"whitespace-pre-wrap break-words\">Betonla in\u015faat yaparken, ka\u00e7\u0131n\u0131lmaz olarak farkl\u0131 b\u00f6l\u00fcmler aras\u0131nda derzlerle kar\u015f\u0131la\u015f\u0131rs\u0131n\u0131z - bunlar in\u015faat molalar\u0131 veya ayr\u0131 kal\u0131p b\u00f6l\u00fcmleri kullanmak gibi pratik gereklilikler nedeniyle ortaya \u00e7\u0131kar. Beton do\u011fal olarak g\u00f6zenekli oldu\u011fundan, bu derzler suyun n\u00fcfuz edebilece\u011fi zay\u0131f noktalar haline gelebilir. \u0130\u015fte bu noktada su durdurucular devreye girer.<\/p>\n<p class=\"whitespace-pre-wrap break-words\">Su durdurucular, betonla birlikte esneyebilen ve hareket edebilen malzemelerden yap\u0131l\u0131r - tipik olarak PVC, kau\u00e7uk veya \u00f6zel hidrofilik bile\u015fikler. \u00d6nemli olan, beton yerle\u015ftik\u00e7e ve \u00e7evresel de\u011fi\u015fikliklere tepki verdik\u00e7e etkinli\u011fini koruyacak bir \u015fey se\u00e7mektir. Bunlar\u0131 beton d\u00f6kmeden \u00f6nce yerle\u015ftirmeniz ve su s\u0131zmas\u0131na kar\u015f\u0131 fiziksel bir bariyer olu\u015fturman\u0131z gerekir. Bu, \u00f6zellikle su bas\u0131nc\u0131n\u0131n s\u00fcrekli bir endi\u015fe kayna\u011f\u0131 oldu\u011fu bodrumlar, t\u00fcneller ve barajlar gibi yap\u0131lar i\u00e7in \u00e7ok \u00f6nemlidir.<\/p>\n<h2 class=\"font-600 text-xl font-bold\">Kal\u0131p Uygulamalar\u0131nda Rotlar\u0131n Rol\u00fc<\/h2>\n<p><img fetchpriority=\"high\" decoding=\"async\" class=\"alignnone wp-image-8579 size-full\" src=\"http:\/\/qingdaohf.com\/wp-content\/uploads\/2024\/12\/tie-rod-92.webp\" alt=\"rot si\u0307stemi\u0307\" width=\"1000\" height=\"1000\" srcset=\"https:\/\/qingdaohf.com\/wp-content\/uploads\/2024\/12\/tie-rod-92.webp 1000w, https:\/\/qingdaohf.com\/wp-content\/uploads\/2024\/12\/tie-rod-92-300x300.webp 300w, https:\/\/qingdaohf.com\/wp-content\/uploads\/2024\/12\/tie-rod-92-150x150.webp 150w, https:\/\/qingdaohf.com\/wp-content\/uploads\/2024\/12\/tie-rod-92-768x768.webp 768w, https:\/\/qingdaohf.com\/wp-content\/uploads\/2024\/12\/tie-rod-92-12x12.webp 12w, https:\/\/qingdaohf.com\/wp-content\/uploads\/2024\/12\/tie-rod-92-500x500.webp 500w, https:\/\/qingdaohf.com\/wp-content\/uploads\/2024\/12\/tie-rod-92-100x100.webp 100w\" sizes=\"(max-width: 1000px) 100vw, 1000px\" \/><\/p>\n<p class=\"whitespace-pre-wrap break-words\">Ba\u011flant\u0131 \u00e7ubuklar\u0131 (veya kal\u0131p ba\u011flar\u0131) beton in\u015faat\u0131n\u0131n isimsiz kahramanlar\u0131d\u0131r. Bu \u00e7elik bile\u015fenler, beton d\u00f6k\u00fcl\u00fcrken ve k\u00fcrlenirken kal\u0131p panellerini sabit tutar. Panellerin i\u00e7inden ge\u00e7irilerek ve her iki u\u00e7ta kelebek somunlarla sabitlenerek, \u0131slak betonun muazzam bas\u0131nc\u0131 alt\u0131nda her \u015feyi sabit tutmak i\u00e7in gereken gerilimi sa\u011flarlar.<\/p>\n<p class=\"whitespace-pre-wrap break-words\">Su durdurucular ve ba\u011flant\u0131 \u00e7ubuklar\u0131 aras\u0131ndaki ili\u015fki \u00e7ok \u00f6nemlidir - birlikte sorunsuz bir \u015fekilde \u00e7al\u0131\u015fmalar\u0131 gerekir. Ba\u011flant\u0131 \u00e7ubuklar\u0131 kal\u0131b\u0131n konumunu korurken, su durdurucular derz s\u0131zd\u0131rmazl\u0131\u011f\u0131n\u0131 sa\u011flar. Bu kombinasyonun do\u011fru \u015fekilde sa\u011flanmas\u0131, su s\u0131zmas\u0131n\u0131 ve ileride yap\u0131lacak masrafl\u0131 onar\u0131mlar\u0131 \u00f6nler. Beton sertle\u015ftikten sonra, i\u015f\u00e7iler ba\u011flant\u0131 \u00e7ubuklar\u0131n\u0131 ve kelebek somunlar\u0131 \u00e7\u0131kar\u0131r ve geride d\u00fczg\u00fcn bir \u015fekilde su ge\u00e7irmez hale getirilmi\u015f derzler b\u0131rak\u0131r.<\/p>\n<h2 class=\"font-600 text-xl font-bold\">Kal\u0131p Yap\u0131m\u0131nda Kanat Somunlar\u0131n\u0131n \u00d6nemi<\/h2>\n<p class=\"whitespace-pre-wrap break-words\">Kelebek somunlar basit g\u00f6r\u00fcnebilir, ancak kal\u0131p kurulumunda ince ayar yapmak i\u00e7in gereklidirler. Tasar\u0131mlar\u0131, i\u015f\u00e7ilerin ba\u011flant\u0131 \u00e7ubu\u011fu gerginli\u011fini elle ayarlamas\u0131na olanak tan\u0131yarak beton d\u00f6k\u00fcm\u00fc s\u0131ras\u0131nda uygun panel hizalamas\u0131n\u0131 korumay\u0131 kolayla\u015ft\u0131r\u0131r. Bu hassas kontrol, nihai yap\u0131y\u0131 tehlikeye atabilecek panel hareketini \u00f6nlemeye yard\u0131mc\u0131 olur.<\/p>\n<p class=\"whitespace-pre-wrap break-words\">Bu bile\u015fenler ayn\u0131 zamanda su durdurucular\u0131n etkinli\u011finde de \u00f6nemli bir rol oynar. Ba\u011flant\u0131 \u00e7ubuklar\u0131 kelebek somunlarla d\u00fczg\u00fcn bir \u015fekilde gerildi\u011finde, kal\u0131p panellerini ve su durdurucular\u0131 tam olarak olmalar\u0131 gereken yerde tutarlar. Uygun kelebek somun ayar\u0131 olmadan, d\u00f6k\u00fcm s\u0131ras\u0131ndaki hareket su giri\u015fine izin veren bo\u015fluklar yaratabilir.<\/p>\n<h2 class=\"font-600 text-xl font-bold\">Beton Su Yal\u0131t\u0131m\u0131nda Kal\u0131p Su Tutucular\u0131n\u0131n Faydalar\u0131<\/h2>\n<p class=\"whitespace-pre-wrap break-words\">Temeller ve yeralt\u0131 t\u00fcnelleri gibi s\u00fcrekli neme maruz kalan yap\u0131lar i\u00e7in uygun su yal\u0131t\u0131m\u0131 tart\u0131\u015f\u0131lmazd\u0131r. Su durdurucular birka\u00e7 \u00f6nemli avantaj sunar:<\/p>\n<p class=\"whitespace-pre-wrap break-words\">Yap\u0131sal Koruma: Derzlerde su s\u0131zmas\u0131n\u0131 \u00f6nleyen su tutucular, yap\u0131sal b\u00fct\u00fcnl\u00fc\u011f\u00fc tehdit edebilecek donat\u0131 korozyonu ve beton bozulmas\u0131 gibi yayg\u0131n sorunlar\u0131n \u00f6nlenmesine yard\u0131mc\u0131 olur.<\/p>\n<p class=\"whitespace-pre-wrap break-words\">Maliyet Avantajlar\u0131: Kaliteli su durduruculara yap\u0131lan ilk yat\u0131r\u0131m \u00f6nemli g\u00f6r\u00fcnse de, daha sonra su hasar\u0131 onar\u0131mlar\u0131yla u\u011fra\u015fmaktan \u00e7ok daha ucuzdur. \u0130n\u015faat s\u0131ras\u0131nda do\u011fru su yal\u0131t\u0131m\u0131 yap\u0131lmas\u0131, ileride maliyetli d\u00fczeltmeler yap\u0131lmas\u0131 ihtiyac\u0131n\u0131 ortadan kald\u0131r\u0131r.<\/p>\n<p class=\"whitespace-pre-wrap break-words\">Geli\u015ftirilmi\u015f Uzun \u00d6m\u00fcrl\u00fcl\u00fck: Uygun su durdurucu montaj\u0131na sahip yap\u0131lar, \u00f6zellikle y\u00fcksek su bas\u0131nc\u0131 veya a\u015f\u0131nd\u0131r\u0131c\u0131 ko\u015fullara sahip zorlu ortamlarda tipik olarak daha uzun \u00f6m\u00fcrl\u00fcd\u00fcr.<\/p>\n<p class=\"whitespace-pre-wrap break-words\">Mevzuata Uygunluk: Bir\u00e7ok in\u015faat y\u00f6netmeli\u011fi, \u00f6zellikle kritik altyap\u0131 i\u00e7in su durdurucu kullan\u0131m\u0131n\u0131 zorunlu k\u0131lar. Bunlar\u0131 kullanmak, projenizin gerekli t\u00fcm g\u00fcvenlik ve g\u00fcvenilirlik standartlar\u0131n\u0131 kar\u015f\u0131lamas\u0131na yard\u0131mc\u0131 olur.<\/p>\n<p class=\"whitespace-pre-wrap break-words\">\u00c7evresel Sorumluluk: Etkili su yal\u0131t\u0131m\u0131 sadece yap\u0131y\u0131 de\u011fil, ayn\u0131 zamanda \u00e7evredeki ortam\u0131 da s\u0131z\u0131nt\u0131lar yoluyla potansiyel kirlenmeye kar\u015f\u0131 korur.<\/p>\n<h2 class=\"font-600 text-xl font-bold\">Kal\u0131p Su Dura\u011f\u0131 \u0130htiya\u00e7lar\u0131n\u0131z \u0130\u00e7in Neden Bizi Se\u00e7melisiniz?<\/h2>\n<p class=\"whitespace-pre-wrap break-words\">\u015eirketimiz, in\u015faat profesyonellerine y\u00fcksek kaliteli kal\u0131p \u00e7\u00f6z\u00fcmleri sa\u011flama konusunda uzmanla\u015fm\u0131\u015ft\u0131r. Her projenin kendine \u00f6zg\u00fc zorluklar\u0131 oldu\u011funu biliyoruz, bu nedenle do\u011fru \u00fcr\u00fcnleri se\u00e7menize yard\u0131mc\u0131 olmak i\u00e7in ki\u015fiselle\u015ftirilmi\u015f destek sunuyoruz.<\/p>\n<p class=\"whitespace-pre-wrap break-words\">H\u0131zl\u0131 teslimat s\u00fcreleri ve kapsaml\u0131 kalite kontrol belgeleri ile gurur duyuyoruz. \u0130ster b\u00fcy\u00fck bir altyap\u0131 projesi ister daha k\u00fc\u00e7\u00fck bir geli\u015ftirme projesi y\u00f6netiyor olun, ekibimiz projeniz boyunca ihtiya\u00e7 duydu\u011funuz uzmanl\u0131\u011f\u0131 ve deste\u011fi sa\u011flar.<\/p>\n<h2 class=\"font-600 text-xl font-bold\">Sonu\u00e7<\/h2>\n<p class=\"whitespace-pre-wrap break-words\">Beton in\u015faat\u0131n ba\u015far\u0131s\u0131, \u00f6zellikle su yal\u0131t\u0131m\u0131 s\u00f6z konusu oldu\u011funda, genellikle ayr\u0131nt\u0131lar\u0131n do\u011fru olmas\u0131na ba\u011fl\u0131d\u0131r. Su durdurucular\u0131n etkili bir \u015fekilde kullan\u0131lmas\u0131, do\u011fru \u015fekilde monte edilmi\u015f ba\u011flant\u0131 \u00e7ubuklar\u0131 ve kelebek somunlarla birlikte, yap\u0131lar\u0131n\u0131z\u0131n su ge\u00e7irmez ve dayan\u0131kl\u0131 kalmas\u0131n\u0131 sa\u011flamaya yard\u0131mc\u0131 olur. Bizim gibi g\u00fcvenilir bir tedarik\u00e7iyle ortakl\u0131k kurarak, projelerinizi ba\u015far\u0131yla tamamlamak i\u00e7in gereken kaliteli \u00fcr\u00fcnleri ve deste\u011fi elde edersiniz.<\/p>","protected":false},"excerpt":{"rendered":"<p>Kal\u0131p su durdurucu \u00fcr\u00fcnler, beton yap\u0131lardaki derzlerden su s\u0131zmas\u0131n\u0131 \u00f6nleyerek beton in\u015faat\u0131nda su ge\u00e7irmez bariyerler olu\u015fturmak i\u00e7in gereklidir. Bu \u00fcr\u00fcnler, sorunsuz ve dayan\u0131kl\u0131 bir in\u015faat s\u00fcreci sa\u011flamak i\u00e7in ba\u011flant\u0131 \u00e7ubuklar\u0131 ve kelebek somunlar gibi di\u011fer kal\u0131p aksesuarlar\u0131 ile birlikte kullan\u0131lmak \u00fczere tasarlanm\u0131\u015ft\u0131r. Bir ticaret \u015firketi olarak, bire bir m\u00fc\u015fteri hizmetleri, h\u0131zl\u0131 teslimat d\u00f6ng\u00fcleri sunuyor ve m\u00fc\u015fterilerimize en y\u00fcksek standard\u0131 sa\u011flamak i\u00e7in \u00e7e\u015fitli kalite kontrol raporlar\u0131 sa\u011fl\u0131yoruz. \u00dcr\u00fcn \u00f6zellikleri veya zaman\u0131nda teslimat konusunda tavsiyeye ihtiyac\u0131n\u0131z olsun, ihtiya\u00e7lar\u0131n\u0131z\u0131 verimlilik ve g\u00fcvenilirlikle kar\u015f\u0131lamaya kararl\u0131y\u0131z.<\/p>","protected":false},"featured_media":8599,"comment_status":"open","ping_status":"closed","template":"","meta":{"site-sidebar-layout":"default","site-content-layout":"","ast-site-content-layout":"default","site-content-style":"default","site-sidebar-style":"default","ast-global-header-display":"","ast-banner-title-visibility":"","ast-main-header-display":"","ast-hfb-above-header-display":"","ast-hfb-below-header-display":"","ast-hfb-mobile-header-display":"","site-post-title":"","ast-breadcrumbs-content":"","ast-featured-img":"","footer-sml-layout":"","theme-transparent-header-meta":"default","adv-header-id-meta":"","stick-header-meta":"default","header-above-stick-meta":"","header-main-stick-meta":"","header-below-stick-meta":"","astra-migrate-meta-layouts":"set","ast-page-background-enabled":"default","ast-page-background-meta":{"desktop":{"background-color":"","background-image":"","background-repeat":"repeat","background-position":"center center","background-size":"auto","background-attachment":"scroll","background-type":"","background-media":"","overlay-type":"","overlay-color":"","overlay-opacity":"","overlay-gradient":""},"tablet":{"background-color":"","background-image":"","background-repeat":"repeat","background-position":"center center","background-size":"auto","background-attachment":"scroll","background-type":"","background-media":"","overlay-type":"","overlay-color":"","overlay-opacity":"","overlay-gradient":""},"mobile":{"background-color":"","background-image":"","background-repeat":"repeat","background-position":"center center","background-size":"auto","background-attachment":"scroll","background-type":"","background-media":"","overlay-type":"","overlay-color":"","overlay-opacity":"","overlay-gradient":""}},"ast-content-background-meta":{"desktop":{"background-color":"var(--ast-global-color-5)","background-image":"","background-repeat":"repeat","background-position":"center center","background-size":"auto","background-attachment":"scroll","background-type":"","background-media":"","overlay-type":"","overlay-color":"","overlay-opacity":"","overlay-gradient":""},"tablet":{"background-color":"var(--ast-global-color-5)","background-image":"","background-repeat":"repeat","background-position":"center center","background-size":"auto","background-attachment":"scroll","background-type":"","background-media":"","overlay-type":"","overlay-color":"","overlay-opacity":"","overlay-gradient":""},"mobile":{"background-color":"var(--ast-global-color-5)","background-image":"","background-repeat":"repeat","background-position":"center center","background-size":"auto","background-attachment":"scroll","background-type":"","background-media":"","overlay-type":"","overlay-color":"","overlay-opacity":"","overlay-gradient":""}}},"product_brand":[],"product_cat":[79],"product_tag":[],"class_list":{"0":"post-8601","1":"product","2":"type-product","3":"status-publish","4":"has-post-thumbnail","6":"product_cat-tie-rod-system","7":"desktop-align-left","8":"tablet-align-left","9":"mobile-align-left","10":"ast-product-gallery-layout-horizontal-slider","11":"ast-product-tabs-layout-horizontal","13":"first","14":"instock","15":"shipping-taxable","16":"purchasable","17":"product-type-simple"},"yoast_head":"<!-- This site is optimized with the Yoast SEO plugin v25.2 - https:\/\/yoast.com\/wordpress\/plugins\/seo\/ -->\n<title>Formwork Water Stop<\/title>\n<meta name=\"description\" content=\"Formwork water stop products are essential for creating waterproof barriers in concrete construction, preventing water leakage through joints in concrete structures.\" \/>\n<meta name=\"robots\" content=\"index, follow, max-snippet:-1, max-image-preview:large, max-video-preview:-1\" \/>\n<link rel=\"canonical\" href=\"https:\/\/qingdaohf.com\/tr\/urun\/kalip-su-durdurucu\/\" \/>\n<meta property=\"og:locale\" content=\"tr_TR\" \/>\n<meta property=\"og:type\" content=\"article\" \/>\n<meta property=\"og:title\" content=\"Formwork Water Stop\" \/>\n<meta property=\"og:description\" content=\"Formwork water stop products are essential for creating waterproof barriers in concrete construction, preventing water leakage through joints in concrete structures.\" \/>\n<meta property=\"og:url\" content=\"https:\/\/qingdaohf.com\/tr\/urun\/kalip-su-durdurucu\/\" \/>\n<meta property=\"og:site_name\" content=\"Concrete Form &amp; Rigging Hardware Supplier\" \/>\n<meta property=\"article:publisher\" content=\"https:\/\/www.facebook.com\/qingdaohf\" \/>\n<meta property=\"article:modified_time\" content=\"2025-11-13T01:02:22+00:00\" \/>\n<meta property=\"og:image\" content=\"https:\/\/qingdaohf.com\/wp-content\/uploads\/2024\/12\/tie-rod-water-stop-9.jpg\" \/>\n\t<meta property=\"og:image:width\" content=\"1000\" \/>\n\t<meta property=\"og:image:height\" content=\"1000\" \/>\n\t<meta property=\"og:image:type\" content=\"image\/jpeg\" \/>\n<meta name=\"twitter:card\" content=\"summary_large_image\" \/>\n<meta name=\"twitter:label1\" content=\"Tahmini okuma s\u00fcresi\" \/>\n\t<meta name=\"twitter:data1\" content=\"4 dakika\" \/>\n<script type=\"application\/ld+json\" class=\"yoast-schema-graph\">{\"@context\":\"https:\/\/schema.org\",\"@graph\":[{\"@type\":\"WebPage\",\"@id\":\"https:\/\/qingdaohf.com\/product\/formwork-water-stop\/\",\"url\":\"https:\/\/qingdaohf.com\/product\/formwork-water-stop\/\",\"name\":\"Formwork Water Stop\",\"isPartOf\":{\"@id\":\"https:\/\/qingdaohf.com\/bg\/#website\"},\"primaryImageOfPage\":{\"@id\":\"https:\/\/qingdaohf.com\/product\/formwork-water-stop\/#primaryimage\"},\"image\":{\"@id\":\"https:\/\/qingdaohf.com\/product\/formwork-water-stop\/#primaryimage\"},\"thumbnailUrl\":\"https:\/\/qingdaohf.com\/wp-content\/uploads\/2024\/12\/tie-rod-water-stop-9.jpg\",\"datePublished\":\"2024-12-27T09:18:28+00:00\",\"dateModified\":\"2025-11-13T01:02:22+00:00\",\"description\":\"Formwork water stop products are essential for creating waterproof barriers in concrete construction, preventing water leakage through joints in concrete structures.\",\"breadcrumb\":{\"@id\":\"https:\/\/qingdaohf.com\/product\/formwork-water-stop\/#breadcrumb\"},\"inLanguage\":\"tr\",\"potentialAction\":[{\"@type\":\"ReadAction\",\"target\":[\"https:\/\/qingdaohf.com\/product\/formwork-water-stop\/\"]}]},{\"@type\":\"ImageObject\",\"inLanguage\":\"tr\",\"@id\":\"https:\/\/qingdaohf.com\/product\/formwork-water-stop\/#primaryimage\",\"url\":\"https:\/\/qingdaohf.com\/wp-content\/uploads\/2024\/12\/tie-rod-water-stop-9.jpg\",\"contentUrl\":\"https:\/\/qingdaohf.com\/wp-content\/uploads\/2024\/12\/tie-rod-water-stop-9.jpg\",\"width\":1000,\"height\":1000},{\"@type\":\"BreadcrumbList\",\"@id\":\"https:\/\/qingdaohf.com\/product\/formwork-water-stop\/#breadcrumb\",\"itemListElement\":[{\"@type\":\"ListItem\",\"position\":1,\"name\":\"Home\",\"item\":\"https:\/\/qingdaohf.com\/\"},{\"@type\":\"ListItem\",\"position\":2,\"name\":\"Concrete Forming Accessories and Rigging Hardware\",\"item\":\"https:\/\/qingdaohf.com\/bg\/?page_id=944\"},{\"@type\":\"ListItem\",\"position\":3,\"name\":\"Formwork Water Stop\"}]},{\"@type\":\"WebSite\",\"@id\":\"https:\/\/qingdaohf.com\/bg\/#website\",\"url\":\"https:\/\/qingdaohf.com\/bg\/\",\"name\":\"Concrete Form & Rigging Hardware Supplier\",\"description\":\"\",\"publisher\":{\"@id\":\"https:\/\/qingdaohf.com\/bg\/#organization\"},\"potentialAction\":[{\"@type\":\"SearchAction\",\"target\":{\"@type\":\"EntryPoint\",\"urlTemplate\":\"https:\/\/qingdaohf.com\/bg\/?s={search_term_string}\"},\"query-input\":{\"@type\":\"PropertyValueSpecification\",\"valueRequired\":true,\"valueName\":\"search_term_string\"}}],\"inLanguage\":\"tr\"},{\"@type\":\"Organization\",\"@id\":\"https:\/\/qingdaohf.com\/bg\/#organization\",\"name\":\"Qingdao H&F\",\"url\":\"https:\/\/qingdaohf.com\/bg\/\",\"logo\":{\"@type\":\"ImageObject\",\"inLanguage\":\"tr\",\"@id\":\"https:\/\/qingdaohf.com\/bg\/#\/schema\/logo\/image\/\",\"url\":\"https:\/\/qingdaohf.com\/wp-content\/uploads\/2022\/12\/cropped-HF-LOGO.png\",\"contentUrl\":\"https:\/\/qingdaohf.com\/wp-content\/uploads\/2022\/12\/cropped-HF-LOGO.png\",\"width\":391,\"height\":249,\"caption\":\"Qingdao H&F\"},\"image\":{\"@id\":\"https:\/\/qingdaohf.com\/bg\/#\/schema\/logo\/image\/\"},\"sameAs\":[\"https:\/\/www.facebook.com\/qingdaohf\"]}]}<\/script>\n<!-- \/ Yoast SEO plugin. -->","yoast_head_json":{"title":"Formwork Water Stop","description":"Formwork water stop products are essential for creating waterproof barriers in concrete construction, preventing water leakage through joints in concrete structures.","robots":{"index":"index","follow":"follow","max-snippet":"max-snippet:-1","max-image-preview":"max-image-preview:large","max-video-preview":"max-video-preview:-1"},"canonical":"https:\/\/qingdaohf.com\/tr\/urun\/kalip-su-durdurucu\/","og_locale":"tr_TR","og_type":"article","og_title":"Formwork Water Stop","og_description":"Formwork water stop products are essential for creating waterproof barriers in concrete construction, preventing water leakage through joints in concrete structures.","og_url":"https:\/\/qingdaohf.com\/tr\/urun\/kalip-su-durdurucu\/","og_site_name":"Concrete Form &amp; Rigging Hardware Supplier","article_publisher":"https:\/\/www.facebook.com\/qingdaohf","article_modified_time":"2025-11-13T01:02:22+00:00","og_image":[{"width":1000,"height":1000,"url":"https:\/\/qingdaohf.com\/wp-content\/uploads\/2024\/12\/tie-rod-water-stop-9.jpg","type":"image\/jpeg"}],"twitter_card":"summary_large_image","twitter_misc":{"Tahmini okuma s\u00fcresi":"4 dakika"},"schema":{"@context":"https:\/\/schema.org","@graph":[{"@type":"WebPage","@id":"https:\/\/qingdaohf.com\/product\/formwork-water-stop\/","url":"https:\/\/qingdaohf.com\/product\/formwork-water-stop\/","name":"Formwork Water Stop","isPartOf":{"@id":"https:\/\/qingdaohf.com\/bg\/#website"},"primaryImageOfPage":{"@id":"https:\/\/qingdaohf.com\/product\/formwork-water-stop\/#primaryimage"},"image":{"@id":"https:\/\/qingdaohf.com\/product\/formwork-water-stop\/#primaryimage"},"thumbnailUrl":"https:\/\/qingdaohf.com\/wp-content\/uploads\/2024\/12\/tie-rod-water-stop-9.jpg","datePublished":"2024-12-27T09:18:28+00:00","dateModified":"2025-11-13T01:02:22+00:00","description":"Formwork water stop products are essential for creating waterproof barriers in concrete construction, preventing water leakage through joints in concrete structures.","breadcrumb":{"@id":"https:\/\/qingdaohf.com\/product\/formwork-water-stop\/#breadcrumb"},"inLanguage":"tr","potentialAction":[{"@type":"ReadAction","target":["https:\/\/qingdaohf.com\/product\/formwork-water-stop\/"]}]},{"@type":"ImageObject","inLanguage":"tr","@id":"https:\/\/qingdaohf.com\/product\/formwork-water-stop\/#primaryimage","url":"https:\/\/qingdaohf.com\/wp-content\/uploads\/2024\/12\/tie-rod-water-stop-9.jpg","contentUrl":"https:\/\/qingdaohf.com\/wp-content\/uploads\/2024\/12\/tie-rod-water-stop-9.jpg","width":1000,"height":1000},{"@type":"BreadcrumbList","@id":"https:\/\/qingdaohf.com\/product\/formwork-water-stop\/#breadcrumb","itemListElement":[{"@type":"ListItem","position":1,"name":"Home","item":"https:\/\/qingdaohf.com\/"},{"@type":"ListItem","position":2,"name":"Concrete Forming Accessories and Rigging Hardware","item":"https:\/\/qingdaohf.com\/bg\/?page_id=944"},{"@type":"ListItem","position":3,"name":"Formwork Water Stop"}]},{"@type":"WebSite","@id":"https:\/\/qingdaohf.com\/bg\/#website","url":"https:\/\/qingdaohf.com\/bg\/","name":"Concrete Form & Rigging Hardware Supplier","description":"","publisher":{"@id":"https:\/\/qingdaohf.com\/bg\/#organization"},"potentialAction":[{"@type":"SearchAction","target":{"@type":"EntryPoint","urlTemplate":"https:\/\/qingdaohf.com\/bg\/?s={search_term_string}"},"query-input":{"@type":"PropertyValueSpecification","valueRequired":true,"valueName":"search_term_string"}}],"inLanguage":"tr"},{"@type":"Organization","@id":"https:\/\/qingdaohf.com\/bg\/#organization","name":"Qingdao H&F","url":"https:\/\/qingdaohf.com\/bg\/","logo":{"@type":"ImageObject","inLanguage":"tr","@id":"https:\/\/qingdaohf.com\/bg\/#\/schema\/logo\/image\/","url":"https:\/\/qingdaohf.com\/wp-content\/uploads\/2022\/12\/cropped-HF-LOGO.png","contentUrl":"https:\/\/qingdaohf.com\/wp-content\/uploads\/2022\/12\/cropped-HF-LOGO.png","width":391,"height":249,"caption":"Qingdao H&F"},"image":{"@id":"https:\/\/qingdaohf.com\/bg\/#\/schema\/logo\/image\/"},"sameAs":["https:\/\/www.facebook.com\/qingdaohf"]}]}},"_links":{"self":[{"href":"https:\/\/qingdaohf.com\/tr\/wp-json\/wp\/v2\/product\/8601","targetHints":{"allow":["GET"]}}],"collection":[{"href":"https:\/\/qingdaohf.com\/tr\/wp-json\/wp\/v2\/product"}],"about":[{"href":"https:\/\/qingdaohf.com\/tr\/wp-json\/wp\/v2\/types\/product"}],"replies":[{"embeddable":true,"href":"https:\/\/qingdaohf.com\/tr\/wp-json\/wp\/v2\/comments?post=8601"}],"version-history":[{"count":1,"href":"https:\/\/qingdaohf.com\/tr\/wp-json\/wp\/v2\/product\/8601\/revisions"}],"predecessor-version":[{"id":8602,"href":"https:\/\/qingdaohf.com\/tr\/wp-json\/wp\/v2\/product\/8601\/revisions\/8602"}],"wp:featuredmedia":[{"embeddable":true,"href":"https:\/\/qingdaohf.com\/tr\/wp-json\/wp\/v2\/media\/8599"}],"wp:attachment":[{"href":"https:\/\/qingdaohf.com\/tr\/wp-json\/wp\/v2\/media?parent=8601"}],"wp:term":[{"taxonomy":"product_brand","embeddable":true,"href":"https:\/\/qingdaohf.com\/tr\/wp-json\/wp\/v2\/product_brand?post=8601"},{"taxonomy":"product_cat","embeddable":true,"href":"https:\/\/qingdaohf.com\/tr\/wp-json\/wp\/v2\/product_cat?post=8601"},{"taxonomy":"product_tag","embeddable":true,"href":"https:\/\/qingdaohf.com\/tr\/wp-json\/wp\/v2\/product_tag?post=8601"}],"curies":[{"name":"wp","href":"https:\/\/api.w.org\/{rel}","templated":true}]}}