{"id":8612,"date":"2024-12-31T15:41:05","date_gmt":"2024-12-31T07:41:05","guid":{"rendered":"http:\/\/qingdaohf.com\/?post_type=product&#038;p=8612"},"modified":"2025-11-13T09:02:21","modified_gmt":"2025-11-13T01:02:21","slug":"super-plate-combi-nut","status":"publish","type":"product","link":"https:\/\/qingdaohf.com\/tr\/urun\/super-plaka-kombi\u0307-somunu\/","title":{"rendered":"S\u00fcper Plaka Kombi Somunu"},"content":{"rendered":"<h2 class=\"font-600 text-2xl font-bold\">S\u00fcper Plakal\u0131 Kombi Somunu: Rot Sistemlerinde M\u00fckemmel Yol Arkada\u015f\u0131<\/h2>\n<p class=\"whitespace-pre-wrap break-words\">Beton kal\u0131b\u0131n\u0131z i\u00e7in g\u00fcvenilir bir \u00e7\u00f6z\u00fcm m\u00fc ar\u0131yorsunuz? S\u00fcper Plaka Kombi Somunu, modern rot sistemlerinde \u00f6nemli bir bile\u015fen olarak \u00fcn kazanm\u0131\u015ft\u0131r. Ba\u011flant\u0131 \u00e7ubuklar\u0131 ve su durdurucularla e\u015fle\u015ftirildi\u011finde, zorlu in\u015faat projelerinin gerektirdi\u011fi stabilite ve g\u00fcc\u00fc sa\u011flar. Titiz standartlara g\u00f6re \u00fcretilen bu temel donan\u0131m par\u00e7as\u0131, y\u00fcklenicilerin ihtiya\u00e7 duyduklar\u0131 yap\u0131sal b\u00fct\u00fcnl\u00fc\u011f\u00fc elde etmelerine yard\u0131mc\u0131 olur.<\/p>\n<p class=\"whitespace-pre-wrap break-words\">Qingdao H&amp;F, bu y\u00fcksek kaliteli yap\u0131 bile\u015fenlerini d\u00fcnya \u00e7ap\u0131ndaki in\u015faat\u00e7\u0131lara ula\u015ft\u0131r\u0131yor. Uluslararas\u0131 standartlar\u0131 kar\u015f\u0131laman\u0131n \u00f6tesinde, her sipari\u015f i\u00e7in h\u0131zl\u0131 sevkiyat, ki\u015fiselle\u015ftirilmi\u015f destek ve ayr\u0131nt\u0131l\u0131 kalite raporlar\u0131 sunarak \u00f6ne \u00e7\u0131k\u0131yorlar. S\u00fcper Plakal\u0131 Kombi Somunu, in\u015faat\u00e7\u0131lara zorlu projelerin \u00fcstesinden gelmek i\u00e7in ihtiya\u00e7 duyduklar\u0131 g\u00fcveni veriyor.<\/p>\n<h2 class=\"font-600 text-2xl font-bold\">Beton Kal\u0131plar\u0131nda Rot Sistemlerinin Rol\u00fc<\/h2>\n<p class=\"whitespace-pre-wrap break-words\">Betonla \u00e7al\u0131\u015fan herkes kal\u0131p stabilitesinin \u00e7ok \u00f6nemli oldu\u011funu bilir. \u0130\u015fte bu noktada rot sistemleri devreye girer - bunlar beton d\u00f6k\u00fcm\u00fc s\u0131ras\u0131nda her \u015feyi hizal\u0131 ve g\u00fcvenli tutan isimsiz kahramanlard\u0131r. Birlikte \u00e7al\u0131\u015fan \u00fc\u00e7 \u00f6nemli oyuncuyu hayal edin: rot kolu, su durdurucu ve S\u00fcper Plaka Kombi Somunu. Her birinin in\u015faat ba\u015far\u0131s\u0131 i\u00e7in kaya gibi sa\u011flam bir temel olu\u015fturmada oynayaca\u011f\u0131 bir rol vard\u0131r.<\/p>\n<p class=\"whitespace-pre-wrap break-words\">Ba\u011flant\u0131 \u00e7ubu\u011funu sistemin bel kemi\u011fi olarak d\u00fc\u015f\u00fcn\u00fcn. Kal\u0131p panellerini birbirine ba\u011fl\u0131 ve destekli tutan, aksi takdirde her \u015feyi yerinden oynatacak olan \u0131slak betonun muazzam bas\u0131nc\u0131na kar\u015f\u0131 sava\u015fan \u015fey budur. Bu arada, su durdurucu, suyun in\u015faat derzlerinden s\u0131zmas\u0131n\u0131 engellemek i\u00e7in ba\u011flant\u0131 \u00e7ubu\u011fu boyunca stratejik olarak konumland\u0131r\u0131lm\u0131\u015f bir koruyucu gibi hareket eder. Bu su engelleme eylemi, yap\u0131n\u0131n uzun vadeli sa\u011fl\u0131\u011f\u0131 i\u00e7in \u00e7ok \u00f6nemlidir.<\/p>\n<p class=\"whitespace-pre-wrap break-words\">T\u00fcm bunlar\u0131 bir araya getiren S\u00fcper Plakal\u0131 Kombi Somun. Bir somunu geni\u015f bir plaka ile tek bir ak\u0131ll\u0131 tasar\u0131mda birle\u015ftirerek, bas\u0131nc\u0131 e\u015fit olarak da\u011f\u0131t\u0131rken her \u015feyi kilitler. Bu \u00fc\u00e7 bile\u015fen uyum i\u00e7inde \u00e7al\u0131\u015ft\u0131\u011f\u0131nda, yo\u011fun bas\u0131n\u00e7 alt\u0131nda bile yerinde kalan bir kal\u0131p sistemi olu\u015fturur.<\/p>\n<h2 class=\"font-600 text-2xl font-bold\">S\u00fcper Plakal\u0131 Kombi Somun Rot Sistemlerinde Neden \u00dcst\u00fcnd\u00fcr?<\/h2>\n<p class=\"whitespace-pre-wrap break-words\">Super Plate Kombi Somununu \u00f6ne \u00e7\u0131karan nedir? Malzeme ile ba\u015fl\u0131yor. Birinci s\u0131n\u0131f \u00e7elikten \u00fcretilmi\u015ftir, daha d\u00fc\u015f\u00fck donan\u0131mlar\u0131 deforme edebilecek t\u00fcrden cezalara kar\u015f\u0131 dayan\u0131kl\u0131d\u0131r. Bu sa\u011flaml\u0131k, beton i\u015flerinde kullan\u0131lan b\u00fcy\u00fck kuvvetlerle u\u011fra\u015f\u0131rken \u00f6nemlidir.<\/p>\n<p class=\"whitespace-pre-wrap break-words\">Entegre plaka tasar\u0131m\u0131 \u00f6zellikle zekicedir. Y\u00fck\u00fc daha fazla y\u00fczey alan\u0131na yayarak, stresin tek bir noktada yo\u011funla\u015fmas\u0131n\u0131 \u00f6nler - bu, kal\u0131ba zarar verebilecek yayg\u0131n bir sorundur. Bu tasar\u0131m tercihi yaln\u0131zca malzemelerinizi korumakla kalmaz, ayn\u0131 zamanda bile\u015fenleri daha s\u0131k yeniden kullanabilece\u011finiz ve zaman i\u00e7inde paradan tasarruf edebilece\u011finiz anlam\u0131na gelir.<\/p>\n<p class=\"whitespace-pre-wrap break-words\">M\u00fcteahhitler, S\u00fcper Plaka Kombi Somununun mevcut kurulumlar\u0131na ne kadar kolay uydu\u011funu takdir ediyor. Standart ba\u011flant\u0131 \u00e7ubu\u011fu boyutlar\u0131 ve su durdurucularla \u00e7al\u0131\u015farak \u00f6zel aletler veya adapt\u00f6rler bulma zahmetini ortadan kald\u0131r\u0131r. Ayr\u0131ca, korozyona dayan\u0131kl\u0131 kaplamas\u0131 sayesinde hava ve i\u015f ko\u015fullar\u0131 k\u00f6t\u00fcle\u015fti\u011finde bile performans\u0131n\u0131 s\u00fcrd\u00fcr\u00fcr.<\/p>\n<h2 class=\"font-600 text-2xl font-bold\">Qingdao H&amp;F Taraf\u0131ndan Desteklenen Eksiksiz Bir \u00c7\u00f6z\u00fcm<\/h2>\n<p class=\"whitespace-pre-wrap break-words\">Do\u011fru tedarik\u00e7iyi bulmak, en az do\u011fru aletleri se\u00e7mek kadar \u00f6nemlidir. Qingdao H&amp;F i\u015fte bu noktada parl\u0131yor. Yirmi y\u0131ll\u0131k uluslararas\u0131 ticaret deneyimiyle, m\u00fcteahhitlerin ba\u015far\u0131l\u0131 olmak i\u00e7in neye ihtiyac\u0131 oldu\u011funu \u00f6\u011frendiler.<\/p>\n<p class=\"whitespace-pre-wrap break-words\">Birlikte sorunsuz bir \u015fekilde \u00e7al\u0131\u015fan rot kollar\u0131, su durdurucular ve S\u00fcper Plaka Kombi Somunlar\u0131 gibi eksiksiz bir paket sunarlar. H\u0131zl\u0131 teslimatlar\u0131 projelerin ilerlemesini sa\u011flarken, ayr\u0131nt\u0131l\u0131 kalite raporlar\u0131 size her bile\u015fenin s\u00f6z verildi\u011fi gibi performans g\u00f6sterece\u011fine dair g\u00fcven verir.<\/p>\n<p class=\"whitespace-pre-wrap break-words\">Onlar\u0131 di\u011ferlerinden ay\u0131ran \u015fey, m\u00fc\u015fteri hizmetlerine olan uygulamal\u0131 yakla\u015f\u0131mlar\u0131d\u0131r. \u0130ster teknik tavsiyeye ister lojistik konusunda yard\u0131ma ihtiyac\u0131n\u0131z olsun, ekipleri size \u00f6zel zorluklara uygun pratik \u00e7\u00f6z\u00fcmlerle kar\u015f\u0131n\u0131za \u00e7\u0131k\u0131yor.<\/p>\n<p>Sonu\u00e7: Her Proje i\u00e7in G\u00fc\u00e7 ve Hassasiyet<\/p>\n<p class=\"whitespace-pre-wrap break-words\">S\u00fcper Plakal\u0131 Kombi Somun, \u015fantiyelerde her g\u00fcn de\u011ferini kan\u0131tl\u0131yor. Kaliteli ba\u011flant\u0131 \u00e7ubuklar\u0131 ve su durdurucularla birlikte, y\u00fcklenicilere ba\u015far\u0131l\u0131 beton \u015fekillendirme i\u00e7in ihtiya\u00e7 duyduklar\u0131 g\u00fcvenilir performans\u0131 sa\u011flar.<\/p>","protected":false},"excerpt":{"rendered":"<p>Bu <strong>S\u00fcper Plaka Kombi Somunu<\/strong> beton \u015fekillendirme uygulamalar\u0131 i\u00e7in tasarlanm\u0131\u015f, benzersiz dayan\u0131kl\u0131l\u0131k ve g\u00fcvenilirlik sunan \u00e7ok y\u00f6nl\u00fc, y\u00fcksek mukavemetli bir aksesuard\u0131r. Zorlu in\u015faat projeleri i\u00e7in \u00fcretilen bu \u00fcr\u00fcn, a\u011f\u0131r y\u00fckler alt\u0131nda performans, a\u015f\u0131nmaya kar\u015f\u0131 diren\u00e7 ve standart ba\u011flant\u0131 sistemleriyle uyumluluk gibi al\u0131c\u0131lar\u0131n temel kayg\u0131lar\u0131n\u0131 giderir. Qingdao H&amp;F'nin m\u00fckemmellik taahh\u00fcd\u00fc ile desteklenen bu \u00fcr\u00fcn, bire bir m\u00fc\u015fteri hizmetleri, h\u0131zl\u0131 teslimat d\u00f6ng\u00fcleri ve ayr\u0131nt\u0131l\u0131 kalite kontrol raporlar\u0131 ile tamamlanmaktad\u0131r. Projeniz ister h\u0131zl\u0131 geri d\u00f6n\u00fc\u015f ister \u00f6zelle\u015ftirilmi\u015f spesifikasyonlar gerektirsin, Qingdao H&amp;F ihtiyac\u0131n\u0131z oldu\u011funda ihtiyac\u0131n\u0131z olan ara\u00e7lara sahip olman\u0131z\u0131 sa\u011flar.<\/p>","protected":false},"featured_media":8611,"comment_status":"open","ping_status":"closed","template":"","meta":{"site-sidebar-layout":"default","site-content-layout":"","ast-site-content-layout":"default","site-content-style":"default","site-sidebar-style":"default","ast-global-header-display":"","ast-banner-title-visibility":"","ast-main-header-display":"","ast-hfb-above-header-display":"","ast-hfb-below-header-display":"","ast-hfb-mobile-header-display":"","site-post-title":"","ast-breadcrumbs-content":"","ast-featured-img":"","footer-sml-layout":"","theme-transparent-header-meta":"default","adv-header-id-meta":"","stick-header-meta":"default","header-above-stick-meta":"","header-main-stick-meta":"","header-below-stick-meta":"","astra-migrate-meta-layouts":"set","ast-page-background-enabled":"default","ast-page-background-meta":{"desktop":{"background-color":"","background-image":"","background-repeat":"repeat","background-position":"center center","background-size":"auto","background-attachment":"scroll","background-type":"","background-media":"","overlay-type":"","overlay-color":"","overlay-opacity":"","overlay-gradient":""},"tablet":{"background-color":"","background-image":"","background-repeat":"repeat","background-position":"center center","background-size":"auto","background-attachment":"scroll","background-type":"","background-media":"","overlay-type":"","overlay-color":"","overlay-opacity":"","overlay-gradient":""},"mobile":{"background-color":"","background-image":"","background-repeat":"repeat","background-position":"center center","background-size":"auto","background-attachment":"scroll","background-type":"","background-media":"","overlay-type":"","overlay-color":"","overlay-opacity":"","overlay-gradient":""}},"ast-content-background-meta":{"desktop":{"background-color":"var(--ast-global-color-5)","background-image":"","background-repeat":"repeat","background-position":"center center","background-size":"auto","background-attachment":"scroll","background-type":"","background-media":"","overlay-type":"","overlay-color":"","overlay-opacity":"","overlay-gradient":""},"tablet":{"background-color":"var(--ast-global-color-5)","background-image":"","background-repeat":"repeat","background-position":"center center","background-size":"auto","background-attachment":"scroll","background-type":"","background-media":"","overlay-type":"","overlay-color":"","overlay-opacity":"","overlay-gradient":""},"mobile":{"background-color":"var(--ast-global-color-5)","background-image":"","background-repeat":"repeat","background-position":"center center","background-size":"auto","background-attachment":"scroll","background-type":"","background-media":"","overlay-type":"","overlay-color":"","overlay-opacity":"","overlay-gradient":""}}},"product_brand":[],"product_cat":[79],"product_tag":[],"class_list":{"0":"post-8612","1":"product","2":"type-product","3":"status-publish","4":"has-post-thumbnail","6":"product_cat-tie-rod-system","7":"desktop-align-left","8":"tablet-align-left","9":"mobile-align-left","10":"ast-product-gallery-layout-horizontal-slider","11":"ast-product-gallery-with-no-image","12":"ast-product-tabs-layout-horizontal","14":"first","15":"instock","16":"shipping-taxable","17":"purchasable","18":"product-type-simple"},"yoast_head":"<!-- This site is optimized with the Yoast SEO plugin v25.2 - https:\/\/yoast.com\/wordpress\/plugins\/seo\/ -->\n<title>Super Plate Combi Nut<\/title>\n<meta name=\"description\" content=\"The Super Plate Combi Nut is a versatile, high-strength accessory designed for concrete forming applications, offering unparalleled durability and reliability.\" \/>\n<meta name=\"robots\" content=\"index, follow, max-snippet:-1, max-image-preview:large, max-video-preview:-1\" \/>\n<link rel=\"canonical\" href=\"https:\/\/qingdaohf.com\/tr\/urun\/super-plaka-kombi\u0307-somunu\/\" \/>\n<meta property=\"og:locale\" content=\"tr_TR\" \/>\n<meta property=\"og:type\" content=\"article\" \/>\n<meta property=\"og:title\" content=\"Super Plate Combi Nut\" \/>\n<meta property=\"og:description\" content=\"The Super Plate Combi Nut is a versatile, high-strength accessory designed for concrete forming applications, offering unparalleled durability and reliability.\" \/>\n<meta property=\"og:url\" content=\"https:\/\/qingdaohf.com\/tr\/urun\/super-plaka-kombi\u0307-somunu\/\" \/>\n<meta property=\"og:site_name\" content=\"Concrete Form &amp; Rigging Hardware Supplier\" \/>\n<meta property=\"article:publisher\" content=\"https:\/\/www.facebook.com\/qingdaohf\" \/>\n<meta property=\"article:modified_time\" content=\"2025-11-13T01:02:21+00:00\" \/>\n<meta property=\"og:image\" content=\"https:\/\/qingdaohf.com\/wp-content\/uploads\/2024\/12\/Super-Plate-Combi-Nut.jpg\" \/>\n\t<meta property=\"og:image:width\" content=\"1000\" \/>\n\t<meta property=\"og:image:height\" content=\"1000\" \/>\n\t<meta property=\"og:image:type\" content=\"image\/jpeg\" \/>\n<meta name=\"twitter:card\" content=\"summary_large_image\" \/>\n<meta name=\"twitter:label1\" content=\"Tahmini okuma s\u00fcresi\" \/>\n\t<meta name=\"twitter:data1\" content=\"3 dakika\" \/>\n<script type=\"application\/ld+json\" class=\"yoast-schema-graph\">{\"@context\":\"https:\/\/schema.org\",\"@graph\":[{\"@type\":\"WebPage\",\"@id\":\"https:\/\/qingdaohf.com\/product\/super-plate-combi-nut\/\",\"url\":\"https:\/\/qingdaohf.com\/product\/super-plate-combi-nut\/\",\"name\":\"Super Plate Combi Nut\",\"isPartOf\":{\"@id\":\"https:\/\/qingdaohf.com\/bg\/#website\"},\"primaryImageOfPage\":{\"@id\":\"https:\/\/qingdaohf.com\/product\/super-plate-combi-nut\/#primaryimage\"},\"image\":{\"@id\":\"https:\/\/qingdaohf.com\/product\/super-plate-combi-nut\/#primaryimage\"},\"thumbnailUrl\":\"https:\/\/qingdaohf.com\/wp-content\/uploads\/2024\/12\/Super-Plate-Combi-Nut.jpg\",\"datePublished\":\"2024-12-31T07:41:05+00:00\",\"dateModified\":\"2025-11-13T01:02:21+00:00\",\"description\":\"The Super Plate Combi Nut is a versatile, high-strength accessory designed for concrete forming applications, offering unparalleled durability and reliability.\",\"breadcrumb\":{\"@id\":\"https:\/\/qingdaohf.com\/product\/super-plate-combi-nut\/#breadcrumb\"},\"inLanguage\":\"tr\",\"potentialAction\":[{\"@type\":\"ReadAction\",\"target\":[\"https:\/\/qingdaohf.com\/product\/super-plate-combi-nut\/\"]}]},{\"@type\":\"ImageObject\",\"inLanguage\":\"tr\",\"@id\":\"https:\/\/qingdaohf.com\/product\/super-plate-combi-nut\/#primaryimage\",\"url\":\"https:\/\/qingdaohf.com\/wp-content\/uploads\/2024\/12\/Super-Plate-Combi-Nut.jpg\",\"contentUrl\":\"https:\/\/qingdaohf.com\/wp-content\/uploads\/2024\/12\/Super-Plate-Combi-Nut.jpg\",\"width\":1000,\"height\":1000,\"caption\":\"Super Plate Combi Nut\"},{\"@type\":\"BreadcrumbList\",\"@id\":\"https:\/\/qingdaohf.com\/product\/super-plate-combi-nut\/#breadcrumb\",\"itemListElement\":[{\"@type\":\"ListItem\",\"position\":1,\"name\":\"Home\",\"item\":\"https:\/\/qingdaohf.com\/\"},{\"@type\":\"ListItem\",\"position\":2,\"name\":\"Concrete Forming Accessories and Rigging Hardware\",\"item\":\"https:\/\/qingdaohf.com\/bg\/?page_id=944\"},{\"@type\":\"ListItem\",\"position\":3,\"name\":\"Super Plate Combi Nut\"}]},{\"@type\":\"WebSite\",\"@id\":\"https:\/\/qingdaohf.com\/bg\/#website\",\"url\":\"https:\/\/qingdaohf.com\/bg\/\",\"name\":\"Concrete Form & Rigging Hardware Supplier\",\"description\":\"\",\"publisher\":{\"@id\":\"https:\/\/qingdaohf.com\/bg\/#organization\"},\"potentialAction\":[{\"@type\":\"SearchAction\",\"target\":{\"@type\":\"EntryPoint\",\"urlTemplate\":\"https:\/\/qingdaohf.com\/bg\/?s={search_term_string}\"},\"query-input\":{\"@type\":\"PropertyValueSpecification\",\"valueRequired\":true,\"valueName\":\"search_term_string\"}}],\"inLanguage\":\"tr\"},{\"@type\":\"Organization\",\"@id\":\"https:\/\/qingdaohf.com\/bg\/#organization\",\"name\":\"Qingdao H&F\",\"url\":\"https:\/\/qingdaohf.com\/bg\/\",\"logo\":{\"@type\":\"ImageObject\",\"inLanguage\":\"tr\",\"@id\":\"https:\/\/qingdaohf.com\/bg\/#\/schema\/logo\/image\/\",\"url\":\"https:\/\/qingdaohf.com\/wp-content\/uploads\/2022\/12\/cropped-HF-LOGO.png\",\"contentUrl\":\"https:\/\/qingdaohf.com\/wp-content\/uploads\/2022\/12\/cropped-HF-LOGO.png\",\"width\":391,\"height\":249,\"caption\":\"Qingdao H&F\"},\"image\":{\"@id\":\"https:\/\/qingdaohf.com\/bg\/#\/schema\/logo\/image\/\"},\"sameAs\":[\"https:\/\/www.facebook.com\/qingdaohf\"]}]}<\/script>\n<!-- \/ Yoast SEO plugin. -->","yoast_head_json":{"title":"Super Plate Combi Nut","description":"The Super Plate Combi Nut is a versatile, high-strength accessory designed for concrete forming applications, offering unparalleled durability and reliability.","robots":{"index":"index","follow":"follow","max-snippet":"max-snippet:-1","max-image-preview":"max-image-preview:large","max-video-preview":"max-video-preview:-1"},"canonical":"https:\/\/qingdaohf.com\/tr\/urun\/super-plaka-kombi\u0307-somunu\/","og_locale":"tr_TR","og_type":"article","og_title":"Super Plate Combi Nut","og_description":"The Super Plate Combi Nut is a versatile, high-strength accessory designed for concrete forming applications, offering unparalleled durability and reliability.","og_url":"https:\/\/qingdaohf.com\/tr\/urun\/super-plaka-kombi\u0307-somunu\/","og_site_name":"Concrete Form &amp; Rigging Hardware Supplier","article_publisher":"https:\/\/www.facebook.com\/qingdaohf","article_modified_time":"2025-11-13T01:02:21+00:00","og_image":[{"width":1000,"height":1000,"url":"https:\/\/qingdaohf.com\/wp-content\/uploads\/2024\/12\/Super-Plate-Combi-Nut.jpg","type":"image\/jpeg"}],"twitter_card":"summary_large_image","twitter_misc":{"Tahmini okuma s\u00fcresi":"3 dakika"},"schema":{"@context":"https:\/\/schema.org","@graph":[{"@type":"WebPage","@id":"https:\/\/qingdaohf.com\/product\/super-plate-combi-nut\/","url":"https:\/\/qingdaohf.com\/product\/super-plate-combi-nut\/","name":"Super Plate Combi Nut","isPartOf":{"@id":"https:\/\/qingdaohf.com\/bg\/#website"},"primaryImageOfPage":{"@id":"https:\/\/qingdaohf.com\/product\/super-plate-combi-nut\/#primaryimage"},"image":{"@id":"https:\/\/qingdaohf.com\/product\/super-plate-combi-nut\/#primaryimage"},"thumbnailUrl":"https:\/\/qingdaohf.com\/wp-content\/uploads\/2024\/12\/Super-Plate-Combi-Nut.jpg","datePublished":"2024-12-31T07:41:05+00:00","dateModified":"2025-11-13T01:02:21+00:00","description":"The Super Plate Combi Nut is a versatile, high-strength accessory designed for concrete forming applications, offering unparalleled durability and reliability.","breadcrumb":{"@id":"https:\/\/qingdaohf.com\/product\/super-plate-combi-nut\/#breadcrumb"},"inLanguage":"tr","potentialAction":[{"@type":"ReadAction","target":["https:\/\/qingdaohf.com\/product\/super-plate-combi-nut\/"]}]},{"@type":"ImageObject","inLanguage":"tr","@id":"https:\/\/qingdaohf.com\/product\/super-plate-combi-nut\/#primaryimage","url":"https:\/\/qingdaohf.com\/wp-content\/uploads\/2024\/12\/Super-Plate-Combi-Nut.jpg","contentUrl":"https:\/\/qingdaohf.com\/wp-content\/uploads\/2024\/12\/Super-Plate-Combi-Nut.jpg","width":1000,"height":1000,"caption":"Super Plate Combi Nut"},{"@type":"BreadcrumbList","@id":"https:\/\/qingdaohf.com\/product\/super-plate-combi-nut\/#breadcrumb","itemListElement":[{"@type":"ListItem","position":1,"name":"Home","item":"https:\/\/qingdaohf.com\/"},{"@type":"ListItem","position":2,"name":"Concrete Forming Accessories and Rigging Hardware","item":"https:\/\/qingdaohf.com\/bg\/?page_id=944"},{"@type":"ListItem","position":3,"name":"Super Plate Combi Nut"}]},{"@type":"WebSite","@id":"https:\/\/qingdaohf.com\/bg\/#website","url":"https:\/\/qingdaohf.com\/bg\/","name":"Concrete Form & Rigging Hardware Supplier","description":"","publisher":{"@id":"https:\/\/qingdaohf.com\/bg\/#organization"},"potentialAction":[{"@type":"SearchAction","target":{"@type":"EntryPoint","urlTemplate":"https:\/\/qingdaohf.com\/bg\/?s={search_term_string}"},"query-input":{"@type":"PropertyValueSpecification","valueRequired":true,"valueName":"search_term_string"}}],"inLanguage":"tr"},{"@type":"Organization","@id":"https:\/\/qingdaohf.com\/bg\/#organization","name":"Qingdao H&F","url":"https:\/\/qingdaohf.com\/bg\/","logo":{"@type":"ImageObject","inLanguage":"tr","@id":"https:\/\/qingdaohf.com\/bg\/#\/schema\/logo\/image\/","url":"https:\/\/qingdaohf.com\/wp-content\/uploads\/2022\/12\/cropped-HF-LOGO.png","contentUrl":"https:\/\/qingdaohf.com\/wp-content\/uploads\/2022\/12\/cropped-HF-LOGO.png","width":391,"height":249,"caption":"Qingdao H&F"},"image":{"@id":"https:\/\/qingdaohf.com\/bg\/#\/schema\/logo\/image\/"},"sameAs":["https:\/\/www.facebook.com\/qingdaohf"]}]}},"_links":{"self":[{"href":"https:\/\/qingdaohf.com\/tr\/wp-json\/wp\/v2\/product\/8612","targetHints":{"allow":["GET"]}}],"collection":[{"href":"https:\/\/qingdaohf.com\/tr\/wp-json\/wp\/v2\/product"}],"about":[{"href":"https:\/\/qingdaohf.com\/tr\/wp-json\/wp\/v2\/types\/product"}],"replies":[{"embeddable":true,"href":"https:\/\/qingdaohf.com\/tr\/wp-json\/wp\/v2\/comments?post=8612"}],"version-history":[{"count":1,"href":"https:\/\/qingdaohf.com\/tr\/wp-json\/wp\/v2\/product\/8612\/revisions"}],"predecessor-version":[{"id":8613,"href":"https:\/\/qingdaohf.com\/tr\/wp-json\/wp\/v2\/product\/8612\/revisions\/8613"}],"wp:featuredmedia":[{"embeddable":true,"href":"https:\/\/qingdaohf.com\/tr\/wp-json\/wp\/v2\/media\/8611"}],"wp:attachment":[{"href":"https:\/\/qingdaohf.com\/tr\/wp-json\/wp\/v2\/media?parent=8612"}],"wp:term":[{"taxonomy":"product_brand","embeddable":true,"href":"https:\/\/qingdaohf.com\/tr\/wp-json\/wp\/v2\/product_brand?post=8612"},{"taxonomy":"product_cat","embeddable":true,"href":"https:\/\/qingdaohf.com\/tr\/wp-json\/wp\/v2\/product_cat?post=8612"},{"taxonomy":"product_tag","embeddable":true,"href":"https:\/\/qingdaohf.com\/tr\/wp-json\/wp\/v2\/product_tag?post=8612"}],"curies":[{"name":"wp","href":"https:\/\/api.w.org\/{rel}","templated":true}]}}