{"id":8614,"date":"2024-12-31T16:30:30","date_gmt":"2024-12-31T08:30:30","guid":{"rendered":"http:\/\/qingdaohf.com\/?post_type=product&#038;p=8614"},"modified":"2025-11-13T09:02:21","modified_gmt":"2025-11-13T01:02:21","slug":"tie-rod-plate-washer","status":"publish","type":"product","link":"https:\/\/qingdaohf.com\/tr\/urun\/baglanti-cubugu-plakasi-rondelasi\/","title":{"rendered":"Rotil Plakas\u0131 Pulu"},"content":{"rendered":"<h2 class=\"font-600 text-2xl font-bold\">Modern \u0130n\u015faatta Rot Sisteminin Rol\u00fc<\/h2>\n<p class=\"whitespace-pre-wrap break-words\">Beton kal\u0131b\u0131, her par\u00e7an\u0131n m\u00fckemmel bir \u015fekilde birlikte \u00e7al\u0131\u015fmas\u0131 gereken dev bir yapboz gibi d\u00fc\u015f\u00fcn\u00fcn. Ba\u011flant\u0131 \u00e7ubu\u011fu sistemi, tonlarca \u0131slak beton kal\u0131plara do\u011fru itilmeye ba\u015flad\u0131\u011f\u0131nda her \u015feyin yerinde kilitli kalmas\u0131n\u0131 sa\u011flayan gizli kahramand\u0131r. Bunlar sadece basit \u00e7ubuklar ve pullar de\u011fildir - m\u00fckemmel hizalamay\u0131 korurken yo\u011fun bas\u0131nc\u0131n \u00fcstesinden gelmek i\u00e7in \u00f6zel olarak tasarlanm\u0131\u015flard\u0131r.<\/p>\n<p class=\"whitespace-pre-wrap break-words\">\u00d6rne\u011fin ba\u011flant\u0131 \u00e7ubuklar\u0131n\u0131 ele alal\u0131m. Bu \u00e7elik ta\u015f\u0131y\u0131c\u0131lar \u0131slak betonun muazzam d\u0131\u015fa do\u011fru kuvvetine direnerek kal\u0131plar\u0131n \u015fi\u015fmesini veya kaymas\u0131n\u0131 \u00f6nler. Su direncinin \u00e7ok \u00f6nemli oldu\u011fu projelerde, sisteme \u00f6zel su durdurucular entegre edilir. Bunlar, bodrum duvarlar\u0131 veya su depolar\u0131 gibi yap\u0131lar i\u00e7in kesinlikle gerekli olan in\u015faat derzlerinde su ge\u00e7irmez contalar olu\u015fturur.<\/p>\n<p class=\"whitespace-pre-wrap break-words\">Ba\u011flant\u0131 \u00e7ubu\u011fu plakas\u0131 pullar\u0131 basit g\u00f6r\u00fcnebilir, ancak asl\u0131nda olduk\u00e7a ak\u0131ll\u0131d\u0131rlar. Bas\u0131nc\u0131 kal\u0131b\u0131n daha geni\u015f bir alan\u0131na yayarak, herhangi bir noktan\u0131n \u00e7ok fazla stres ta\u015f\u0131mas\u0131n\u0131 \u00f6nlerler. S\u00fcper plaka kombi somunlarla e\u015fle\u015ftirildi\u011finde, hem kaya gibi sa\u011flam hem de ayarlanabilir bir ba\u011flant\u0131 noktas\u0131 elde edersiniz - hassasiyet \u00f6nemli oldu\u011funda tam olarak ihtiyac\u0131n\u0131z olan \u015fey.<\/p>\n<h2 class=\"font-600 text-xl font-bold\">Rot Plakas\u0131 Pullar\u0131n\u0131n \u00c7ok Y\u00f6nl\u00fcl\u00fc\u011f\u00fcn\u00fc Anlamak<\/h2>\n<p class=\"whitespace-pre-wrap break-words\">Ba\u011flant\u0131 \u00e7ubu\u011fu plaka pullar\u0131n\u0131n dehas\u0131, kuvveti e\u015fit olarak da\u011f\u0131tma yeteneklerinde yatmaktad\u0131r. Bunlar olmadan, ba\u011flant\u0131 \u00e7ubuklar\u0131n\u0131n kal\u0131p panellerini delmesi veya hasar g\u00f6rmesi riskini al\u0131rs\u0131n\u0131z. Bu rondelalar, genellikle galvanizli \u00e7elikten veya s\u00fcrekli nemden farkl\u0131 projelerde tekrarlanan kullan\u0131ma kadar her \u015feyi kald\u0131rabilecek benzer malzemelerden sa\u011flam bir \u015fekilde \u00fcretilir.<\/p>\n<p class=\"whitespace-pre-wrap break-words\">Tasar\u0131mlar\u0131 olduk\u00e7a basittir - kal\u0131b\u0131n bas\u0131n\u00e7 alt\u0131nda hasar g\u00f6rmesini \u00f6nleyen geni\u015f, d\u00fcz bir y\u00fczey. \u0130ster bir g\u00f6kdelen ister bir k\u00f6pr\u00fc temeli \u00fczerinde \u00e7al\u0131\u015f\u0131yor olun, bu rondelalar her \u015feyin hizal\u0131 ve sabit kalmas\u0131nda \u00e7ok \u00f6nemli bir rol oynar.<\/p>\n<p class=\"whitespace-pre-wrap break-words\">Kar\u0131\u015f\u0131ma bir s\u00fcper plaka kombi somunu ekledi\u011finizde daha da fazla kontrole sahip olursunuz. Bu kombinasyon, ekiplerin ba\u011flant\u0131 \u00e7ubuklar\u0131 \u00fczerindeki m\u00fckemmel gerilimi ayarlamas\u0131na olanak tan\u0131yarak formlar\u0131n d\u00f6k\u00fcm boyunca tam olarak olmas\u0131 gereken yerde kalmas\u0131n\u0131 sa\u011flar.<\/p>\n<h2 class=\"font-600 text-xl font-bold\">Rot Sistemleri i\u00e7in Qingdao H&amp;F'yi Se\u00e7menin Avantaj\u0131<\/h2>\n<p class=\"whitespace-pre-wrap break-words\">Qingdao H&amp;F sadece bile\u015fen \u00fcretmekle kalm\u0131yor, \u00e7\u00f6z\u00fcmler de \u00fcretiyor. Ba\u011flant\u0131 \u00e7ubu\u011fu plaka rondelalar\u0131m\u0131z, di\u011fer kal\u0131p bile\u015fenlerimizle sorunsuz bir \u015fekilde \u00e7al\u0131\u015fmak \u00fczere \u00f6zel olarak tasarlanm\u0131\u015ft\u0131r ve par\u00e7alar\u0131n\u0131n toplam\u0131ndan daha b\u00fcy\u00fck bir sistem olu\u015fturur.<\/p>\n<p class=\"whitespace-pre-wrap break-words\">Bizi ger\u00e7ekten farkl\u0131 k\u0131lan \u015fey, m\u00fc\u015fterilerimizle \u00e7al\u0131\u015fma \u015feklimizdir. Projenizin benzersiz zorluklar\u0131n\u0131 anlayan \u00f6zel bir ekiple ilk g\u00fcnden itibaren ki\u015fiselle\u015ftirilmi\u015f ilgi g\u00f6receksiniz. \u0130n\u015faat programlar\u0131n\u0131n s\u0131k\u0131\u015f\u0131k oldu\u011funu biliyoruz, bu nedenle ihtiyac\u0131n\u0131z olan\u0131 ihtiyac\u0131n\u0131z oldu\u011fu anda size ula\u015ft\u0131rmak i\u00e7in sevkiyat s\u00fcrecimizi kolayla\u015ft\u0131rd\u0131k.<\/p>\n<p class=\"whitespace-pre-wrap break-words\">Her \u00fcr\u00fcn partisi tesisimizden ayr\u0131lmadan \u00f6nce kapsaml\u0131 testlerden ge\u00e7irilir ve her sevkiyatla birlikte ayr\u0131nt\u0131l\u0131 inceleme raporlar\u0131 sunar\u0131z. Bu \u015feffafl\u0131k, ald\u0131\u011f\u0131n\u0131z \u00fcr\u00fcn\u00fcn kalitesine g\u00fcvenmenize yard\u0131mc\u0131 olurken, teknik ekibimiz ihtiya\u00e7 duyabilece\u011finiz her t\u00fcrl\u00fc rehberli\u011fi sa\u011flamaya haz\u0131rd\u0131r.<\/p>\n<h2 class=\"font-600 text-xl font-bold\">\u0130n\u015faat Ba\u015far\u0131s\u0131 i\u00e7in Rot Sistemi Neden \u00d6nemlidir?<\/h2>\n<p class=\"whitespace-pre-wrap break-words\">Modern beton in\u015faat\u0131nda rot sisteminin ne kadar \u00f6nemli oldu\u011funu abartmak zordur. Karma\u015f\u0131k mimari tasar\u0131mlara uyum sa\u011flayacak kadar esnek olmas\u0131n\u0131n yan\u0131 s\u0131ra m\u00fckemmel beton elemanlar olu\u015fturmak i\u00e7in omurga sa\u011flar. Kar\u0131\u015f\u0131ma su durdurucular da eklendi\u011finde, basit duvarlardan sofistike su tutma yap\u0131lar\u0131na kadar her \u015feye haz\u0131r bir sisteminiz olur.<\/p>\n<p class=\"whitespace-pre-wrap break-words\">Ba\u011flant\u0131 \u00e7ubu\u011fu plakas\u0131 rondelalar\u0131 ve s\u00fcper plaka kombi somunlar\u0131n\u0131n eklenmesi, kelimenin tam anlam\u0131yla ve mecazi olarak her \u015feyi bir araya getirir. T\u00fcm sistemi daha kullan\u0131c\u0131 dostu hale getirirken, y\u00fcklerin d\u00fczg\u00fcn bir \u015fekilde da\u011f\u0131t\u0131lmas\u0131n\u0131 sa\u011flayarak maliyetli hata veya ar\u0131za olas\u0131l\u0131\u011f\u0131n\u0131 azalt\u0131rlar.<\/p>\n<p class=\"whitespace-pre-wrap break-words\">Hataya yer olmayan bu sekt\u00f6rde rot sistemi kendini defalarca kan\u0131tlam\u0131\u015ft\u0131r. \u0130n\u015faat ekiplerinin s\u0131n\u0131rlar\u0131 zorlamas\u0131n\u0131 ve projeden projeye etkileyici sonu\u00e7lar elde etmesini sa\u011flayan g\u00fcvenilir bir temeldir.<\/p>","protected":false},"excerpt":{"rendered":"<p>Ba\u011flant\u0131 \u00e7ubu\u011fu plaka pullar\u0131, beton kal\u0131p sistemlerinde kritik bile\u015fenlerdir ve benzersiz y\u00fck da\u011f\u0131l\u0131m\u0131 ve stabilite sa\u011flar. Zorlu ko\u015fullar alt\u0131nda uyumluluk, dayan\u0131kl\u0131l\u0131k ve g\u00fcvenilir performans, al\u0131c\u0131lar\u0131n arad\u0131\u011f\u0131 en \u00f6nemli \u00f6zelliklerdir. Qingdao H&amp;F, 20 y\u0131l\u0131 a\u015fk\u0131n deneyime sahip bir ticaret \u015firketidir ve \u00fcst\u00fcn kaliteli \u00fcr\u00fcnleri, bire bir m\u00fc\u015fteri hizmetlerini, h\u0131zl\u0131 teslimat d\u00f6ng\u00fclerini ve ayr\u0131nt\u0131l\u0131 kalite kontrol raporlar\u0131n\u0131 garanti eder. M\u00fckemmellik taahh\u00fcd\u00fcm\u00fcz, projelerinizin ba\u015ftan sona sorunsuz bir \u015fekilde y\u00fcr\u00fct\u00fclmesini sa\u011flar.<\/p>","protected":false},"featured_media":8616,"comment_status":"open","ping_status":"closed","template":"","meta":{"site-sidebar-layout":"default","site-content-layout":"","ast-site-content-layout":"default","site-content-style":"default","site-sidebar-style":"default","ast-global-header-display":"","ast-banner-title-visibility":"","ast-main-header-display":"","ast-hfb-above-header-display":"","ast-hfb-below-header-display":"","ast-hfb-mobile-header-display":"","site-post-title":"","ast-breadcrumbs-content":"","ast-featured-img":"","footer-sml-layout":"","theme-transparent-header-meta":"default","adv-header-id-meta":"","stick-header-meta":"default","header-above-stick-meta":"","header-main-stick-meta":"","header-below-stick-meta":"","astra-migrate-meta-layouts":"set","ast-page-background-enabled":"default","ast-page-background-meta":{"desktop":{"background-color":"","background-image":"","background-repeat":"repeat","background-position":"center center","background-size":"auto","background-attachment":"scroll","background-type":"","background-media":"","overlay-type":"","overlay-color":"","overlay-opacity":"","overlay-gradient":""},"tablet":{"background-color":"","background-image":"","background-repeat":"repeat","background-position":"center center","background-size":"auto","background-attachment":"scroll","background-type":"","background-media":"","overlay-type":"","overlay-color":"","overlay-opacity":"","overlay-gradient":""},"mobile":{"background-color":"","background-image":"","background-repeat":"repeat","background-position":"center center","background-size":"auto","background-attachment":"scroll","background-type":"","background-media":"","overlay-type":"","overlay-color":"","overlay-opacity":"","overlay-gradient":""}},"ast-content-background-meta":{"desktop":{"background-color":"var(--ast-global-color-5)","background-image":"","background-repeat":"repeat","background-position":"center center","background-size":"auto","background-attachment":"scroll","background-type":"","background-media":"","overlay-type":"","overlay-color":"","overlay-opacity":"","overlay-gradient":""},"tablet":{"background-color":"var(--ast-global-color-5)","background-image":"","background-repeat":"repeat","background-position":"center center","background-size":"auto","background-attachment":"scroll","background-type":"","background-media":"","overlay-type":"","overlay-color":"","overlay-opacity":"","overlay-gradient":""},"mobile":{"background-color":"var(--ast-global-color-5)","background-image":"","background-repeat":"repeat","background-position":"center center","background-size":"auto","background-attachment":"scroll","background-type":"","background-media":"","overlay-type":"","overlay-color":"","overlay-opacity":"","overlay-gradient":""}}},"product_brand":[],"product_cat":[79],"product_tag":[],"class_list":{"0":"post-8614","1":"product","2":"type-product","3":"status-publish","4":"has-post-thumbnail","6":"product_cat-tie-rod-system","7":"desktop-align-left","8":"tablet-align-left","9":"mobile-align-left","10":"ast-product-gallery-layout-horizontal-slider","11":"ast-product-gallery-with-no-image","12":"ast-product-tabs-layout-horizontal","14":"first","15":"instock","16":"shipping-taxable","17":"purchasable","18":"product-type-simple"},"yoast_head":"<!-- This site is optimized with the Yoast SEO plugin v25.2 - https:\/\/yoast.com\/wordpress\/plugins\/seo\/ -->\n<title>Tie Rod Plate Washer<\/title>\n<meta name=\"robots\" content=\"index, follow, max-snippet:-1, max-image-preview:large, max-video-preview:-1\" \/>\n<link rel=\"canonical\" href=\"https:\/\/qingdaohf.com\/tr\/urun\/baglanti-cubugu-plakasi-rondelasi\/\" \/>\n<meta property=\"og:locale\" content=\"tr_TR\" \/>\n<meta property=\"og:type\" content=\"article\" \/>\n<meta property=\"og:title\" content=\"Tie Rod Plate Washer\" \/>\n<meta property=\"og:description\" content=\"Tie rod plate washers are critical components in concrete formwork systems, providing unparalleled load distribution and stability. Compatibility, durability, and reliable performance under demanding conditions are the most important features that buyers look for. Qingdao H&amp;F is a trading company with over 20 years of experience, guaranteeing superior quality products, one-to-one customer service, fast delivery cycles, and detailed quality inspection reports. Our commitment to excellence ensures your projects run smoothly from start to finish.\" \/>\n<meta property=\"og:url\" content=\"https:\/\/qingdaohf.com\/tr\/urun\/baglanti-cubugu-plakasi-rondelasi\/\" \/>\n<meta property=\"og:site_name\" content=\"Concrete Form &amp; Rigging Hardware Supplier\" \/>\n<meta property=\"article:publisher\" content=\"https:\/\/www.facebook.com\/qingdaohf\" \/>\n<meta property=\"article:modified_time\" content=\"2025-11-13T01:02:21+00:00\" \/>\n<meta property=\"og:image\" content=\"https:\/\/qingdaohf.com\/wp-content\/uploads\/2024\/12\/Tie-Rod-Plate-Washer-2.webp\" \/>\n\t<meta property=\"og:image:width\" content=\"1000\" \/>\n\t<meta property=\"og:image:height\" content=\"1000\" \/>\n\t<meta property=\"og:image:type\" content=\"image\/webp\" \/>\n<meta name=\"twitter:card\" content=\"summary_large_image\" \/>\n<meta name=\"twitter:label1\" content=\"Tahmini okuma s\u00fcresi\" \/>\n\t<meta name=\"twitter:data1\" content=\"3 dakika\" \/>\n<script type=\"application\/ld+json\" class=\"yoast-schema-graph\">{\"@context\":\"https:\/\/schema.org\",\"@graph\":[{\"@type\":\"WebPage\",\"@id\":\"https:\/\/qingdaohf.com\/product\/tie-rod-plate-washer\/\",\"url\":\"https:\/\/qingdaohf.com\/product\/tie-rod-plate-washer\/\",\"name\":\"Tie Rod Plate Washer\",\"isPartOf\":{\"@id\":\"https:\/\/qingdaohf.com\/bg\/#website\"},\"primaryImageOfPage\":{\"@id\":\"https:\/\/qingdaohf.com\/product\/tie-rod-plate-washer\/#primaryimage\"},\"image\":{\"@id\":\"https:\/\/qingdaohf.com\/product\/tie-rod-plate-washer\/#primaryimage\"},\"thumbnailUrl\":\"https:\/\/qingdaohf.com\/wp-content\/uploads\/2024\/12\/Tie-Rod-Plate-Washer-2.webp\",\"datePublished\":\"2024-12-31T08:30:30+00:00\",\"dateModified\":\"2025-11-13T01:02:21+00:00\",\"breadcrumb\":{\"@id\":\"https:\/\/qingdaohf.com\/product\/tie-rod-plate-washer\/#breadcrumb\"},\"inLanguage\":\"tr\",\"potentialAction\":[{\"@type\":\"ReadAction\",\"target\":[\"https:\/\/qingdaohf.com\/product\/tie-rod-plate-washer\/\"]}]},{\"@type\":\"ImageObject\",\"inLanguage\":\"tr\",\"@id\":\"https:\/\/qingdaohf.com\/product\/tie-rod-plate-washer\/#primaryimage\",\"url\":\"https:\/\/qingdaohf.com\/wp-content\/uploads\/2024\/12\/Tie-Rod-Plate-Washer-2.webp\",\"contentUrl\":\"https:\/\/qingdaohf.com\/wp-content\/uploads\/2024\/12\/Tie-Rod-Plate-Washer-2.webp\",\"width\":1000,\"height\":1000,\"caption\":\"Tie Rod Plate Washer\"},{\"@type\":\"BreadcrumbList\",\"@id\":\"https:\/\/qingdaohf.com\/product\/tie-rod-plate-washer\/#breadcrumb\",\"itemListElement\":[{\"@type\":\"ListItem\",\"position\":1,\"name\":\"Home\",\"item\":\"https:\/\/qingdaohf.com\/\"},{\"@type\":\"ListItem\",\"position\":2,\"name\":\"Concrete Forming Accessories and Rigging Hardware\",\"item\":\"https:\/\/qingdaohf.com\/bg\/?page_id=944\"},{\"@type\":\"ListItem\",\"position\":3,\"name\":\"Tie Rod Plate Washer\"}]},{\"@type\":\"WebSite\",\"@id\":\"https:\/\/qingdaohf.com\/bg\/#website\",\"url\":\"https:\/\/qingdaohf.com\/bg\/\",\"name\":\"Concrete Form & Rigging Hardware Supplier\",\"description\":\"\",\"publisher\":{\"@id\":\"https:\/\/qingdaohf.com\/bg\/#organization\"},\"potentialAction\":[{\"@type\":\"SearchAction\",\"target\":{\"@type\":\"EntryPoint\",\"urlTemplate\":\"https:\/\/qingdaohf.com\/bg\/?s={search_term_string}\"},\"query-input\":{\"@type\":\"PropertyValueSpecification\",\"valueRequired\":true,\"valueName\":\"search_term_string\"}}],\"inLanguage\":\"tr\"},{\"@type\":\"Organization\",\"@id\":\"https:\/\/qingdaohf.com\/bg\/#organization\",\"name\":\"Qingdao H&F\",\"url\":\"https:\/\/qingdaohf.com\/bg\/\",\"logo\":{\"@type\":\"ImageObject\",\"inLanguage\":\"tr\",\"@id\":\"https:\/\/qingdaohf.com\/bg\/#\/schema\/logo\/image\/\",\"url\":\"https:\/\/qingdaohf.com\/wp-content\/uploads\/2022\/12\/cropped-HF-LOGO.png\",\"contentUrl\":\"https:\/\/qingdaohf.com\/wp-content\/uploads\/2022\/12\/cropped-HF-LOGO.png\",\"width\":391,\"height\":249,\"caption\":\"Qingdao H&F\"},\"image\":{\"@id\":\"https:\/\/qingdaohf.com\/bg\/#\/schema\/logo\/image\/\"},\"sameAs\":[\"https:\/\/www.facebook.com\/qingdaohf\"]}]}<\/script>\n<!-- \/ Yoast SEO plugin. -->","yoast_head_json":{"title":"Tie Rod Plate Washer","robots":{"index":"index","follow":"follow","max-snippet":"max-snippet:-1","max-image-preview":"max-image-preview:large","max-video-preview":"max-video-preview:-1"},"canonical":"https:\/\/qingdaohf.com\/tr\/urun\/baglanti-cubugu-plakasi-rondelasi\/","og_locale":"tr_TR","og_type":"article","og_title":"Tie Rod Plate Washer","og_description":"Tie rod plate washers are critical components in concrete formwork systems, providing unparalleled load distribution and stability. Compatibility, durability, and reliable performance under demanding conditions are the most important features that buyers look for. Qingdao H&amp;F is a trading company with over 20 years of experience, guaranteeing superior quality products, one-to-one customer service, fast delivery cycles, and detailed quality inspection reports. Our commitment to excellence ensures your projects run smoothly from start to finish.","og_url":"https:\/\/qingdaohf.com\/tr\/urun\/baglanti-cubugu-plakasi-rondelasi\/","og_site_name":"Concrete Form &amp; Rigging Hardware Supplier","article_publisher":"https:\/\/www.facebook.com\/qingdaohf","article_modified_time":"2025-11-13T01:02:21+00:00","og_image":[{"width":1000,"height":1000,"url":"https:\/\/qingdaohf.com\/wp-content\/uploads\/2024\/12\/Tie-Rod-Plate-Washer-2.webp","type":"image\/webp"}],"twitter_card":"summary_large_image","twitter_misc":{"Tahmini okuma s\u00fcresi":"3 dakika"},"schema":{"@context":"https:\/\/schema.org","@graph":[{"@type":"WebPage","@id":"https:\/\/qingdaohf.com\/product\/tie-rod-plate-washer\/","url":"https:\/\/qingdaohf.com\/product\/tie-rod-plate-washer\/","name":"Tie Rod Plate Washer","isPartOf":{"@id":"https:\/\/qingdaohf.com\/bg\/#website"},"primaryImageOfPage":{"@id":"https:\/\/qingdaohf.com\/product\/tie-rod-plate-washer\/#primaryimage"},"image":{"@id":"https:\/\/qingdaohf.com\/product\/tie-rod-plate-washer\/#primaryimage"},"thumbnailUrl":"https:\/\/qingdaohf.com\/wp-content\/uploads\/2024\/12\/Tie-Rod-Plate-Washer-2.webp","datePublished":"2024-12-31T08:30:30+00:00","dateModified":"2025-11-13T01:02:21+00:00","breadcrumb":{"@id":"https:\/\/qingdaohf.com\/product\/tie-rod-plate-washer\/#breadcrumb"},"inLanguage":"tr","potentialAction":[{"@type":"ReadAction","target":["https:\/\/qingdaohf.com\/product\/tie-rod-plate-washer\/"]}]},{"@type":"ImageObject","inLanguage":"tr","@id":"https:\/\/qingdaohf.com\/product\/tie-rod-plate-washer\/#primaryimage","url":"https:\/\/qingdaohf.com\/wp-content\/uploads\/2024\/12\/Tie-Rod-Plate-Washer-2.webp","contentUrl":"https:\/\/qingdaohf.com\/wp-content\/uploads\/2024\/12\/Tie-Rod-Plate-Washer-2.webp","width":1000,"height":1000,"caption":"Tie Rod Plate Washer"},{"@type":"BreadcrumbList","@id":"https:\/\/qingdaohf.com\/product\/tie-rod-plate-washer\/#breadcrumb","itemListElement":[{"@type":"ListItem","position":1,"name":"Home","item":"https:\/\/qingdaohf.com\/"},{"@type":"ListItem","position":2,"name":"Concrete Forming Accessories and Rigging Hardware","item":"https:\/\/qingdaohf.com\/bg\/?page_id=944"},{"@type":"ListItem","position":3,"name":"Tie Rod Plate Washer"}]},{"@type":"WebSite","@id":"https:\/\/qingdaohf.com\/bg\/#website","url":"https:\/\/qingdaohf.com\/bg\/","name":"Concrete Form & Rigging Hardware Supplier","description":"","publisher":{"@id":"https:\/\/qingdaohf.com\/bg\/#organization"},"potentialAction":[{"@type":"SearchAction","target":{"@type":"EntryPoint","urlTemplate":"https:\/\/qingdaohf.com\/bg\/?s={search_term_string}"},"query-input":{"@type":"PropertyValueSpecification","valueRequired":true,"valueName":"search_term_string"}}],"inLanguage":"tr"},{"@type":"Organization","@id":"https:\/\/qingdaohf.com\/bg\/#organization","name":"Qingdao H&F","url":"https:\/\/qingdaohf.com\/bg\/","logo":{"@type":"ImageObject","inLanguage":"tr","@id":"https:\/\/qingdaohf.com\/bg\/#\/schema\/logo\/image\/","url":"https:\/\/qingdaohf.com\/wp-content\/uploads\/2022\/12\/cropped-HF-LOGO.png","contentUrl":"https:\/\/qingdaohf.com\/wp-content\/uploads\/2022\/12\/cropped-HF-LOGO.png","width":391,"height":249,"caption":"Qingdao H&F"},"image":{"@id":"https:\/\/qingdaohf.com\/bg\/#\/schema\/logo\/image\/"},"sameAs":["https:\/\/www.facebook.com\/qingdaohf"]}]}},"_links":{"self":[{"href":"https:\/\/qingdaohf.com\/tr\/wp-json\/wp\/v2\/product\/8614","targetHints":{"allow":["GET"]}}],"collection":[{"href":"https:\/\/qingdaohf.com\/tr\/wp-json\/wp\/v2\/product"}],"about":[{"href":"https:\/\/qingdaohf.com\/tr\/wp-json\/wp\/v2\/types\/product"}],"replies":[{"embeddable":true,"href":"https:\/\/qingdaohf.com\/tr\/wp-json\/wp\/v2\/comments?post=8614"}],"version-history":[{"count":1,"href":"https:\/\/qingdaohf.com\/tr\/wp-json\/wp\/v2\/product\/8614\/revisions"}],"predecessor-version":[{"id":8617,"href":"https:\/\/qingdaohf.com\/tr\/wp-json\/wp\/v2\/product\/8614\/revisions\/8617"}],"wp:featuredmedia":[{"embeddable":true,"href":"https:\/\/qingdaohf.com\/tr\/wp-json\/wp\/v2\/media\/8616"}],"wp:attachment":[{"href":"https:\/\/qingdaohf.com\/tr\/wp-json\/wp\/v2\/media?parent=8614"}],"wp:term":[{"taxonomy":"product_brand","embeddable":true,"href":"https:\/\/qingdaohf.com\/tr\/wp-json\/wp\/v2\/product_brand?post=8614"},{"taxonomy":"product_cat","embeddable":true,"href":"https:\/\/qingdaohf.com\/tr\/wp-json\/wp\/v2\/product_cat?post=8614"},{"taxonomy":"product_tag","embeddable":true,"href":"https:\/\/qingdaohf.com\/tr\/wp-json\/wp\/v2\/product_tag?post=8614"}],"curies":[{"name":"wp","href":"https:\/\/api.w.org\/{rel}","templated":true}]}}