{"id":8624,"date":"2025-01-02T15:50:36","date_gmt":"2025-01-02T07:50:36","guid":{"rendered":"http:\/\/qingdaohf.com\/?post_type=product&#038;p=8624"},"modified":"2025-11-13T09:02:21","modified_gmt":"2025-11-13T01:02:21","slug":"steel-tie-rod-cone","status":"publish","type":"product","link":"https:\/\/qingdaohf.com\/tr\/urun\/celik-rot-kolu-konisi\/","title":{"rendered":"\u00c7elik Rot Konisi"},"content":{"rendered":"<h2 class=\"whitespace-pre-wrap break-words\">\u00c7elik Rot Konisini ve \u0130n\u015faattaki Rol\u00fcn\u00fc Anlamak<\/h2>\n<p class=\"whitespace-pre-wrap break-words\">\u00c7elik ba\u011flant\u0131 \u00e7ubu\u011fu konileri modern in\u015faatlarda, \u00f6zellikle de kal\u0131p montaj\u0131nda hayati bir rol oynar. Bu basit ama \u00f6nemli bile\u015fenler ba\u011flant\u0131 \u00e7ubu\u011fu u\u00e7lar\u0131n\u0131 kapat\u0131r ve kal\u0131p ile beton yap\u0131lar aras\u0131nda \u00f6nemli bir aray\u00fcz olu\u015fturur. Sadece ba\u011flant\u0131 elemanlar\u0131 olman\u0131n \u00f6tesinde, su durdurucu g\u00f6revi g\u00f6r\u00fcrler ve hassas aral\u0131klar sa\u011flayarak in\u015faat ekiplerinin yap\u0131 kalitesinden veya h\u0131z\u0131ndan \u00f6d\u00fcn vermeden titiz standartlar\u0131 korumas\u0131na yard\u0131mc\u0131 olurlar.<\/p>\n<p class=\"whitespace-pre-wrap break-words\">Beton d\u00f6k\u00fcl\u00fcrken ba\u011flant\u0131 \u00e7ubu\u011fu konileri, ba\u011flant\u0131 \u00e7ubuklar\u0131 ile \u0131slak beton aras\u0131nda do\u011frudan temas\u0131 \u00f6nleyerek kal\u0131b\u0131n yap\u0131sal sa\u011flaml\u0131\u011f\u0131n\u0131 korur. Tasar\u0131mlar\u0131 ayr\u0131ca beton sertle\u015ftikten sonra kal\u0131b\u0131n s\u00f6k\u00fclmesini \u00e7ok daha kolay hale getirir - k\u00f6pr\u00fclerden g\u00f6kdelenlere ve end\u00fcstriyel binalara kadar her yerde kullan\u0131lan ge\u00e7ici sistemler i\u00e7in \u00e7ok \u00f6nemli bir \u00f6zelliktir.<\/p>\n<h2 class=\"font-600 text-xl font-bold\">Rot Sistemi: \u0130\u015fbirli\u011fine Dayal\u0131 Bir A\u011f<\/h2>\n<p class=\"whitespace-pre-wrap break-words\">Rot konileri tek ba\u015f\u0131na \u00e7al\u0131\u015fmaz - su durdurucular, rot kollar\u0131, s\u00fcper plaka kombi somunlar\u0131 ve plaka rondelalar\u0131n\u0131 i\u00e7eren entegre bir sistemin par\u00e7as\u0131d\u0131rlar. Bu bile\u015fenler, in\u015faat i\u015flerinin yo\u011fun bask\u0131lar\u0131n\u0131n \u00fcstesinden gelmek i\u00e7in iyi ya\u011flanm\u0131\u015f bir makine gibi birlikte \u00e7al\u0131\u015f\u0131r.<\/p>\n<p class=\"whitespace-pre-wrap break-words\">Her \u015feyin merkezinde, d\u00f6kme ve k\u00fcrleme s\u0131ras\u0131nda \u0131slak betonu tutmak i\u00e7in gereken gerilme mukavemetini sa\u011flayan ba\u011flant\u0131 \u00e7ubu\u011fu yer al\u0131r. Su durdurucular neme kar\u015f\u0131 \u00e7ok \u00f6nemli s\u0131zd\u0131rmazl\u0131klar olu\u015fturur - \u00f6zellikle yeralt\u0131 yap\u0131lar\u0131 veya su tutmas\u0131 gereken herhangi bir \u015fey i\u00e7in \u00f6nemlidir. \u00c7elik ba\u011flant\u0131 \u00e7ubu\u011fu konisi, hem yap\u0131n\u0131n ne kadar uzun s\u00fcre dayanaca\u011f\u0131n\u0131 hem de ne kadar iyi performans g\u00f6sterece\u011fini iyile\u015ftirerek bu sistemi geli\u015ftirir.<\/p>\n<p class=\"whitespace-pre-wrap break-words\">S\u00fcper plaka kombi somunu her \u015feyi s\u0131k\u0131ca yerine kilitleyerek sistem boyunca tutarl\u0131 gerginli\u011fi korur ve kal\u0131b\u0131n hizadan kaymas\u0131n\u0131 \u00f6nler. Bu arada, ba\u011flant\u0131 \u00e7ubu\u011fu plakas\u0131 pullar\u0131 y\u00fck\u00fc kal\u0131p y\u00fczeyine e\u015fit olarak yayarak ileride sorunlara yol a\u00e7abilecek zay\u0131f noktalar\u0131 ortadan kald\u0131r\u0131r.<\/p>\n<h2 class=\"font-600 text-xl font-bold\">Projelerde \u00c7elik Rot Konisi Kullanman\u0131n Avantajlar\u0131<\/h2>\n<p class=\"whitespace-pre-wrap break-words\">\u00c7elik ba\u011flant\u0131 \u00e7ubu\u011fu konileri \u015fantiyelerde \u00e7e\u015fitli \u00f6nemli avantajlar sunar. Hassas aral\u0131kland\u0131rma \u00f6zellikleri, duvar kal\u0131nl\u0131\u011f\u0131n\u0131n e\u015fit kalmas\u0131n\u0131 ve mimari \u00f6zelliklerin tam olarak kar\u015f\u0131lanmas\u0131n\u0131 sa\u011flar. Ayr\u0131ca di\u011fer ba\u011flant\u0131 \u00e7ubu\u011fu sistemi bile\u015fenleriyle m\u00fckemmel uyum sa\u011flarlar, bu da kurulumu kolayla\u015ft\u0131r\u0131r ve i\u015f\u00e7ilik maliyetlerini azalt\u0131r.<\/p>\n<p class=\"whitespace-pre-wrap break-words\">Bu koniler uzun \u00f6m\u00fcrl\u00fc olacak \u015fekilde \u00fcretilmi\u015ftir, a\u011f\u0131r y\u00fcklere ve sert hava ko\u015fullar\u0131na dayan\u0131kl\u0131 y\u00fcksek kaliteli \u00e7elikten yap\u0131lm\u0131\u015ft\u0131r. Bu dayan\u0131kl\u0131l\u0131k, in\u015faat ekiplerinin bunlar\u0131 birden \u00e7ok kez yeniden kullanabilece\u011fi, paradan tasarruf edebilece\u011fi ve in\u015faat s\u00fcrecindeki at\u0131klar\u0131 azaltabilece\u011fi anlam\u0131na gelir.<\/p>\n<p class=\"whitespace-pre-wrap break-words\">Qingdao H&amp;F'de her bir koni, mukavemet ve boyutsal do\u011fruluk a\u00e7\u0131s\u0131ndan titiz testlerden ge\u00e7irilir. Her sevkiyatta ayr\u0131nt\u0131l\u0131 kalite kontrol raporlar\u0131 sunarak m\u00fc\u015fterilerimize malzemelerinin t\u00fcm g\u00fcvenlik ve yasal gereklilikleri kar\u015f\u0131layaca\u011f\u0131na dair g\u00fcven veriyoruz. Bire bir m\u00fc\u015fteri hizmetlerimiz, al\u0131c\u0131lar\u0131n kendi \u00f6zel projeleri i\u00e7in tam olarak do\u011fru rot sistemi \u00e7\u00f6z\u00fcmlerini bulmalar\u0131na yard\u0131mc\u0131 olur.<\/p>\n<h2 class=\"font-600 text-xl font-bold\">Entegrasyon ve Performans: Her \u015eeyi Bir Araya Getirmek<\/h2>\n<p class=\"whitespace-pre-wrap break-words\">Bu bile\u015fenlerin birlikte \u00e7al\u0131\u015fma \u015fekli, iyi m\u00fchendisli\u011fin ve kaliteli malzemelerin ne kadar \u00f6nemli oldu\u011funu g\u00f6stermektedir. Do\u011fru \u015fekilde monte edildi\u011finde, rot kolu konileri, su durdurucular, rot kollar\u0131, somunlar ve rondelalardan olu\u015fan eksiksiz sistem, in\u015faat i\u015fleri i\u00e7in g\u00fcvenilir bir temel olu\u015fturur.<\/p>\n<p class=\"whitespace-pre-wrap break-words\">Her \u015feyin do\u011fru \u015fekilde hizalanmas\u0131, beton k\u00fcrlenirken kal\u0131b\u0131n sabit kalmas\u0131n\u0131 sa\u011flayarak s\u0131z\u0131nt\u0131lar\u0131, yap\u0131sal sorunlar\u0131 ve proje gecikmelerini \u00f6nler. Sistemin mod\u00fcler tasar\u0131m\u0131, basit istinat duvarlar\u0131ndan b\u00fcy\u00fck altyap\u0131 \u00e7al\u0131\u015fmalar\u0131na kadar her t\u00fcrl\u00fc proje i\u00e7in yeterince \u00e7ok y\u00f6nl\u00fc olmas\u0131n\u0131 sa\u011flar.<\/p>\n<p class=\"whitespace-pre-wrap break-words\">Qingdao H&amp;F'yi se\u00e7mek, hem en kaliteli \u00fcr\u00fcnleri hem de kal\u0131p sistemlerinde derin uzmanl\u0131\u011f\u0131 elde etmek anlam\u0131na gelir. Projelerinizi ba\u015f\u0131ndan sonuna kadar destekleyerek h\u0131zl\u0131 teslimat ve ki\u015fiselle\u015ftirilmi\u015f hizmet sunmaktan gurur duyuyoruz. \u0130ster tek bir i\u015f i\u00e7in ba\u011flant\u0131 \u00e7ubu\u011fu konilerine ihtiyac\u0131n\u0131z olsun, ister uzun vadeli g\u00fcvenilir bir tedarik\u00e7i isteyin, ola\u011fan\u00fcst\u00fc de\u011fer ve g\u00fcvenilirlik sunuyoruz.<\/p>","protected":false},"excerpt":{"rendered":"<p data-pm-slice=\"1 1 []\">\u00c7elik Rot Konileri, in\u015faatta hassas hizalama ve dayan\u0131kl\u0131l\u0131k sa\u011flayarak beton yap\u0131lar\u0131n olu\u015fturulmas\u0131nda kritik bir rol oynar. Al\u0131c\u0131lar bu \u00fcr\u00fcnleri de\u011ferlendirirken genellikle \u00e7e\u015fitli rot sistemleriyle uyumlulu\u011fa, su direncine ve sa\u011flam malzeme mukavemetine \u00f6ncelik verirler. Qingdao H&amp;F olarak, bu endi\u015feleri \u00f6zel bire bir m\u00fc\u015fteri hizmetleri yakla\u015f\u0131m\u0131, h\u0131zl\u0131 teslimat d\u00f6ng\u00fcleri ve kapsaml\u0131 kalite kontrol raporlar\u0131 arac\u0131l\u0131\u011f\u0131yla gideriyoruz. D\u0131\u015f ticaretteki uzmanl\u0131\u011f\u0131m\u0131z ve in\u015faat ihtiya\u00e7lar\u0131n\u0131 derinlemesine anlamam\u0131z sayesinde beklentileri a\u015fan \u00fcr\u00fcnler sunuyoruz.<\/p>","protected":false},"featured_media":8625,"comment_status":"open","ping_status":"closed","template":"","meta":{"site-sidebar-layout":"default","site-content-layout":"","ast-site-content-layout":"default","site-content-style":"default","site-sidebar-style":"default","ast-global-header-display":"","ast-banner-title-visibility":"","ast-main-header-display":"","ast-hfb-above-header-display":"","ast-hfb-below-header-display":"","ast-hfb-mobile-header-display":"","site-post-title":"","ast-breadcrumbs-content":"","ast-featured-img":"","footer-sml-layout":"","theme-transparent-header-meta":"default","adv-header-id-meta":"","stick-header-meta":"default","header-above-stick-meta":"","header-main-stick-meta":"","header-below-stick-meta":"","astra-migrate-meta-layouts":"set","ast-page-background-enabled":"default","ast-page-background-meta":{"desktop":{"background-color":"","background-image":"","background-repeat":"repeat","background-position":"center center","background-size":"auto","background-attachment":"scroll","background-type":"","background-media":"","overlay-type":"","overlay-color":"","overlay-opacity":"","overlay-gradient":""},"tablet":{"background-color":"","background-image":"","background-repeat":"repeat","background-position":"center center","background-size":"auto","background-attachment":"scroll","background-type":"","background-media":"","overlay-type":"","overlay-color":"","overlay-opacity":"","overlay-gradient":""},"mobile":{"background-color":"","background-image":"","background-repeat":"repeat","background-position":"center center","background-size":"auto","background-attachment":"scroll","background-type":"","background-media":"","overlay-type":"","overlay-color":"","overlay-opacity":"","overlay-gradient":""}},"ast-content-background-meta":{"desktop":{"background-color":"var(--ast-global-color-5)","background-image":"","background-repeat":"repeat","background-position":"center center","background-size":"auto","background-attachment":"scroll","background-type":"","background-media":"","overlay-type":"","overlay-color":"","overlay-opacity":"","overlay-gradient":""},"tablet":{"background-color":"var(--ast-global-color-5)","background-image":"","background-repeat":"repeat","background-position":"center center","background-size":"auto","background-attachment":"scroll","background-type":"","background-media":"","overlay-type":"","overlay-color":"","overlay-opacity":"","overlay-gradient":""},"mobile":{"background-color":"var(--ast-global-color-5)","background-image":"","background-repeat":"repeat","background-position":"center center","background-size":"auto","background-attachment":"scroll","background-type":"","background-media":"","overlay-type":"","overlay-color":"","overlay-opacity":"","overlay-gradient":""}}},"product_brand":[],"product_cat":[79],"product_tag":[],"class_list":{"0":"post-8624","1":"product","2":"type-product","3":"status-publish","4":"has-post-thumbnail","6":"product_cat-tie-rod-system","7":"desktop-align-left","8":"tablet-align-left","9":"mobile-align-left","10":"ast-product-gallery-layout-horizontal-slider","11":"ast-product-gallery-with-no-image","12":"ast-product-tabs-layout-horizontal","14":"first","15":"instock","16":"shipping-taxable","17":"purchasable","18":"product-type-simple"},"yoast_head":"<!-- This site is optimized with the Yoast SEO plugin v25.2 - https:\/\/yoast.com\/wordpress\/plugins\/seo\/ -->\n<title>Steel Tie Rod Cone<\/title>\n<meta name=\"description\" content=\"Steel Tie Rod Cones play a critical role in forming concrete structures by ensuring precise alignment and durability in construction.\" \/>\n<meta name=\"robots\" content=\"index, follow, max-snippet:-1, max-image-preview:large, max-video-preview:-1\" \/>\n<link rel=\"canonical\" href=\"https:\/\/qingdaohf.com\/tr\/urun\/celik-rot-kolu-konisi\/\" \/>\n<meta property=\"og:locale\" content=\"tr_TR\" \/>\n<meta property=\"og:type\" content=\"article\" \/>\n<meta property=\"og:title\" content=\"Steel Tie Rod Cone\" \/>\n<meta property=\"og:description\" content=\"Steel Tie Rod Cones play a critical role in forming concrete structures by ensuring precise alignment and durability in construction.\" \/>\n<meta property=\"og:url\" content=\"https:\/\/qingdaohf.com\/tr\/urun\/celik-rot-kolu-konisi\/\" \/>\n<meta property=\"og:site_name\" content=\"Concrete Form &amp; Rigging Hardware Supplier\" \/>\n<meta property=\"article:publisher\" content=\"https:\/\/www.facebook.com\/qingdaohf\" \/>\n<meta property=\"article:modified_time\" content=\"2025-11-13T01:02:21+00:00\" \/>\n<meta property=\"og:image\" content=\"https:\/\/qingdaohf.com\/wp-content\/uploads\/2025\/01\/steel-cone-tie-rod.webp\" \/>\n\t<meta property=\"og:image:width\" content=\"1000\" \/>\n\t<meta property=\"og:image:height\" content=\"1000\" \/>\n\t<meta property=\"og:image:type\" content=\"image\/webp\" \/>\n<meta name=\"twitter:card\" content=\"summary_large_image\" \/>\n<meta name=\"twitter:label1\" content=\"Tahmini okuma s\u00fcresi\" \/>\n\t<meta name=\"twitter:data1\" content=\"3 dakika\" \/>\n<script type=\"application\/ld+json\" class=\"yoast-schema-graph\">{\"@context\":\"https:\/\/schema.org\",\"@graph\":[{\"@type\":\"WebPage\",\"@id\":\"https:\/\/qingdaohf.com\/product\/steel-tie-rod-cone\/\",\"url\":\"https:\/\/qingdaohf.com\/product\/steel-tie-rod-cone\/\",\"name\":\"Steel Tie Rod Cone\",\"isPartOf\":{\"@id\":\"https:\/\/qingdaohf.com\/bg\/#website\"},\"primaryImageOfPage\":{\"@id\":\"https:\/\/qingdaohf.com\/product\/steel-tie-rod-cone\/#primaryimage\"},\"image\":{\"@id\":\"https:\/\/qingdaohf.com\/product\/steel-tie-rod-cone\/#primaryimage\"},\"thumbnailUrl\":\"https:\/\/qingdaohf.com\/wp-content\/uploads\/2025\/01\/steel-cone-tie-rod.webp\",\"datePublished\":\"2025-01-02T07:50:36+00:00\",\"dateModified\":\"2025-11-13T01:02:21+00:00\",\"description\":\"Steel Tie Rod Cones play a critical role in forming concrete structures by ensuring precise alignment and durability in construction.\",\"breadcrumb\":{\"@id\":\"https:\/\/qingdaohf.com\/product\/steel-tie-rod-cone\/#breadcrumb\"},\"inLanguage\":\"tr\",\"potentialAction\":[{\"@type\":\"ReadAction\",\"target\":[\"https:\/\/qingdaohf.com\/product\/steel-tie-rod-cone\/\"]}]},{\"@type\":\"ImageObject\",\"inLanguage\":\"tr\",\"@id\":\"https:\/\/qingdaohf.com\/product\/steel-tie-rod-cone\/#primaryimage\",\"url\":\"https:\/\/qingdaohf.com\/wp-content\/uploads\/2025\/01\/steel-cone-tie-rod.webp\",\"contentUrl\":\"https:\/\/qingdaohf.com\/wp-content\/uploads\/2025\/01\/steel-cone-tie-rod.webp\",\"width\":1000,\"height\":1000,\"caption\":\"steel cone tie rod\"},{\"@type\":\"BreadcrumbList\",\"@id\":\"https:\/\/qingdaohf.com\/product\/steel-tie-rod-cone\/#breadcrumb\",\"itemListElement\":[{\"@type\":\"ListItem\",\"position\":1,\"name\":\"Home\",\"item\":\"https:\/\/qingdaohf.com\/\"},{\"@type\":\"ListItem\",\"position\":2,\"name\":\"Concrete Forming Accessories and Rigging Hardware\",\"item\":\"https:\/\/qingdaohf.com\/bg\/?page_id=944\"},{\"@type\":\"ListItem\",\"position\":3,\"name\":\"Steel Tie Rod Cone\"}]},{\"@type\":\"WebSite\",\"@id\":\"https:\/\/qingdaohf.com\/bg\/#website\",\"url\":\"https:\/\/qingdaohf.com\/bg\/\",\"name\":\"Concrete Form & Rigging Hardware Supplier\",\"description\":\"\",\"publisher\":{\"@id\":\"https:\/\/qingdaohf.com\/bg\/#organization\"},\"potentialAction\":[{\"@type\":\"SearchAction\",\"target\":{\"@type\":\"EntryPoint\",\"urlTemplate\":\"https:\/\/qingdaohf.com\/bg\/?s={search_term_string}\"},\"query-input\":{\"@type\":\"PropertyValueSpecification\",\"valueRequired\":true,\"valueName\":\"search_term_string\"}}],\"inLanguage\":\"tr\"},{\"@type\":\"Organization\",\"@id\":\"https:\/\/qingdaohf.com\/bg\/#organization\",\"name\":\"Qingdao H&F\",\"url\":\"https:\/\/qingdaohf.com\/bg\/\",\"logo\":{\"@type\":\"ImageObject\",\"inLanguage\":\"tr\",\"@id\":\"https:\/\/qingdaohf.com\/bg\/#\/schema\/logo\/image\/\",\"url\":\"https:\/\/qingdaohf.com\/wp-content\/uploads\/2022\/12\/cropped-HF-LOGO.png\",\"contentUrl\":\"https:\/\/qingdaohf.com\/wp-content\/uploads\/2022\/12\/cropped-HF-LOGO.png\",\"width\":391,\"height\":249,\"caption\":\"Qingdao H&F\"},\"image\":{\"@id\":\"https:\/\/qingdaohf.com\/bg\/#\/schema\/logo\/image\/\"},\"sameAs\":[\"https:\/\/www.facebook.com\/qingdaohf\"]}]}<\/script>\n<!-- \/ Yoast SEO plugin. -->","yoast_head_json":{"title":"Steel Tie Rod Cone","description":"Steel Tie Rod Cones play a critical role in forming concrete structures by ensuring precise alignment and durability in construction.","robots":{"index":"index","follow":"follow","max-snippet":"max-snippet:-1","max-image-preview":"max-image-preview:large","max-video-preview":"max-video-preview:-1"},"canonical":"https:\/\/qingdaohf.com\/tr\/urun\/celik-rot-kolu-konisi\/","og_locale":"tr_TR","og_type":"article","og_title":"Steel Tie Rod Cone","og_description":"Steel Tie Rod Cones play a critical role in forming concrete structures by ensuring precise alignment and durability in construction.","og_url":"https:\/\/qingdaohf.com\/tr\/urun\/celik-rot-kolu-konisi\/","og_site_name":"Concrete Form &amp; Rigging Hardware Supplier","article_publisher":"https:\/\/www.facebook.com\/qingdaohf","article_modified_time":"2025-11-13T01:02:21+00:00","og_image":[{"width":1000,"height":1000,"url":"https:\/\/qingdaohf.com\/wp-content\/uploads\/2025\/01\/steel-cone-tie-rod.webp","type":"image\/webp"}],"twitter_card":"summary_large_image","twitter_misc":{"Tahmini okuma s\u00fcresi":"3 dakika"},"schema":{"@context":"https:\/\/schema.org","@graph":[{"@type":"WebPage","@id":"https:\/\/qingdaohf.com\/product\/steel-tie-rod-cone\/","url":"https:\/\/qingdaohf.com\/product\/steel-tie-rod-cone\/","name":"Steel Tie Rod Cone","isPartOf":{"@id":"https:\/\/qingdaohf.com\/bg\/#website"},"primaryImageOfPage":{"@id":"https:\/\/qingdaohf.com\/product\/steel-tie-rod-cone\/#primaryimage"},"image":{"@id":"https:\/\/qingdaohf.com\/product\/steel-tie-rod-cone\/#primaryimage"},"thumbnailUrl":"https:\/\/qingdaohf.com\/wp-content\/uploads\/2025\/01\/steel-cone-tie-rod.webp","datePublished":"2025-01-02T07:50:36+00:00","dateModified":"2025-11-13T01:02:21+00:00","description":"Steel Tie Rod Cones play a critical role in forming concrete structures by ensuring precise alignment and durability in construction.","breadcrumb":{"@id":"https:\/\/qingdaohf.com\/product\/steel-tie-rod-cone\/#breadcrumb"},"inLanguage":"tr","potentialAction":[{"@type":"ReadAction","target":["https:\/\/qingdaohf.com\/product\/steel-tie-rod-cone\/"]}]},{"@type":"ImageObject","inLanguage":"tr","@id":"https:\/\/qingdaohf.com\/product\/steel-tie-rod-cone\/#primaryimage","url":"https:\/\/qingdaohf.com\/wp-content\/uploads\/2025\/01\/steel-cone-tie-rod.webp","contentUrl":"https:\/\/qingdaohf.com\/wp-content\/uploads\/2025\/01\/steel-cone-tie-rod.webp","width":1000,"height":1000,"caption":"steel cone tie rod"},{"@type":"BreadcrumbList","@id":"https:\/\/qingdaohf.com\/product\/steel-tie-rod-cone\/#breadcrumb","itemListElement":[{"@type":"ListItem","position":1,"name":"Home","item":"https:\/\/qingdaohf.com\/"},{"@type":"ListItem","position":2,"name":"Concrete Forming Accessories and Rigging Hardware","item":"https:\/\/qingdaohf.com\/bg\/?page_id=944"},{"@type":"ListItem","position":3,"name":"Steel Tie Rod Cone"}]},{"@type":"WebSite","@id":"https:\/\/qingdaohf.com\/bg\/#website","url":"https:\/\/qingdaohf.com\/bg\/","name":"Concrete Form & Rigging Hardware Supplier","description":"","publisher":{"@id":"https:\/\/qingdaohf.com\/bg\/#organization"},"potentialAction":[{"@type":"SearchAction","target":{"@type":"EntryPoint","urlTemplate":"https:\/\/qingdaohf.com\/bg\/?s={search_term_string}"},"query-input":{"@type":"PropertyValueSpecification","valueRequired":true,"valueName":"search_term_string"}}],"inLanguage":"tr"},{"@type":"Organization","@id":"https:\/\/qingdaohf.com\/bg\/#organization","name":"Qingdao H&F","url":"https:\/\/qingdaohf.com\/bg\/","logo":{"@type":"ImageObject","inLanguage":"tr","@id":"https:\/\/qingdaohf.com\/bg\/#\/schema\/logo\/image\/","url":"https:\/\/qingdaohf.com\/wp-content\/uploads\/2022\/12\/cropped-HF-LOGO.png","contentUrl":"https:\/\/qingdaohf.com\/wp-content\/uploads\/2022\/12\/cropped-HF-LOGO.png","width":391,"height":249,"caption":"Qingdao H&F"},"image":{"@id":"https:\/\/qingdaohf.com\/bg\/#\/schema\/logo\/image\/"},"sameAs":["https:\/\/www.facebook.com\/qingdaohf"]}]}},"_links":{"self":[{"href":"https:\/\/qingdaohf.com\/tr\/wp-json\/wp\/v2\/product\/8624","targetHints":{"allow":["GET"]}}],"collection":[{"href":"https:\/\/qingdaohf.com\/tr\/wp-json\/wp\/v2\/product"}],"about":[{"href":"https:\/\/qingdaohf.com\/tr\/wp-json\/wp\/v2\/types\/product"}],"replies":[{"embeddable":true,"href":"https:\/\/qingdaohf.com\/tr\/wp-json\/wp\/v2\/comments?post=8624"}],"version-history":[{"count":1,"href":"https:\/\/qingdaohf.com\/tr\/wp-json\/wp\/v2\/product\/8624\/revisions"}],"predecessor-version":[{"id":8626,"href":"https:\/\/qingdaohf.com\/tr\/wp-json\/wp\/v2\/product\/8624\/revisions\/8626"}],"wp:featuredmedia":[{"embeddable":true,"href":"https:\/\/qingdaohf.com\/tr\/wp-json\/wp\/v2\/media\/8625"}],"wp:attachment":[{"href":"https:\/\/qingdaohf.com\/tr\/wp-json\/wp\/v2\/media?parent=8624"}],"wp:term":[{"taxonomy":"product_brand","embeddable":true,"href":"https:\/\/qingdaohf.com\/tr\/wp-json\/wp\/v2\/product_brand?post=8624"},{"taxonomy":"product_cat","embeddable":true,"href":"https:\/\/qingdaohf.com\/tr\/wp-json\/wp\/v2\/product_cat?post=8624"},{"taxonomy":"product_tag","embeddable":true,"href":"https:\/\/qingdaohf.com\/tr\/wp-json\/wp\/v2\/product_tag?post=8624"}],"curies":[{"name":"wp","href":"https:\/\/api.w.org\/{rel}","templated":true}]}}