{"id":8643,"date":"2025-01-02T17:23:13","date_gmt":"2025-01-02T09:23:13","guid":{"rendered":"http:\/\/qingdaohf.com\/?post_type=product&#038;p=8643"},"modified":"2025-11-13T09:02:21","modified_gmt":"2025-11-13T01:02:21","slug":"tie-rod-pvc-pipe","status":"publish","type":"product","link":"https:\/\/qingdaohf.com\/tr\/urun\/baglanti-cubugu-pvc-boru\/","title":{"rendered":"Rotlu PVC Boru"},"content":{"rendered":"<h2 class=\"font-600 text-xl font-bold\">Rot Sistemini Anlamak: Kal\u0131p \u00c7\u00f6z\u00fcmlerinin Belkemi\u011fi<\/h2>\n<p class=\"whitespace-pre-wrap break-words\">G\u00fcn\u00fcm\u00fczde in\u015faat sahalar\u0131, \u00f6zellikle kal\u0131p s\u00f6z konusu oldu\u011funda hassasiyet ve g\u00fcvenilirlik gerektirmektedir. Bunun merkezinde, beton d\u00f6k\u00fcm\u00fc s\u0131ras\u0131nda kal\u0131b\u0131 sabit ve g\u00fcvenli tutan \u00e7ok \u00f6nemli bir tertibat olan ba\u011flant\u0131 \u00e7ubu\u011fu sistemi yer almaktad\u0131r. Ba\u011flant\u0131 \u00c7ubu\u011fu PVC Boru, montaj\u0131 ve s\u00f6kmeyi kolayla\u015ft\u0131r\u0131rken d\u00fczene\u011fi koruyan \u00f6nemli bir bile\u015fen olarak \u00f6ne \u00e7\u0131k\u0131yor.<\/p>\n<p class=\"whitespace-pre-wrap break-words\">Rot sisteminin bu kadar iyi \u00e7al\u0131\u015fmas\u0131n\u0131 sa\u011flayan \u015fey, par\u00e7alar\u0131n\u0131n birbirine nas\u0131l oturdu\u011fudur. \u00c7elik Ba\u011flant\u0131 \u00c7ubu\u011fu Konisini ele alal\u0131m - kaya gibi sa\u011flam bir denge i\u00e7in her \u015feyi yerine kilitler. Betonun s\u0131zmas\u0131n\u0131 \u00f6nlemek i\u00e7in su durdurucuyu da ekledi\u011finizde ciddi anlamda etkili bir kurulum elde edersiniz. Bunlar\u0131 ba\u011flant\u0131 \u00e7ubu\u011funun kendisi, S\u00fcper Plaka Kombi Somunu ve Ba\u011flant\u0131 \u00c7ubu\u011fu Plakas\u0131 Pulu ile birle\u015ftirdi\u011finizde, hemen hemen her projeye uyum sa\u011flayan bir sistem elde edersiniz. Y\u00fcksek katl\u0131 in\u015faat\u00e7\u0131lardan altyap\u0131 uzmanlar\u0131na kadar in\u015faat ekiplerinin bu sisteme geri d\u00f6nmesine \u015fa\u015fmamal\u0131.<\/p>\n<h2 class=\"font-600 text-xl font-bold\">\u0130n\u015faatta Tie Rod PVC Borular\u0131n E\u015fsiz Rol\u00fc<\/h2>\n<p class=\"whitespace-pre-wrap break-words\">Bu PVC borular sadece eklenti de\u011fildir - t\u00fcm kal\u0131p sisteminin daha iyi \u00e7al\u0131\u015fmas\u0131n\u0131 sa\u011flamak i\u00e7in gereklidirler. Kaliteli PVC'den sa\u011flam bir \u015fekilde \u00fcretilen bu borular, ba\u011flant\u0131 \u00e7ubuklar\u0131n\u0131 beton temas\u0131ndan korur, bu da \u00e7ubuklar\u0131n daha uzun \u00f6m\u00fcrl\u00fc olmas\u0131 ve daha iyi dayanmas\u0131 anlam\u0131na gelir. Kolayca kullan\u0131labilecek kadar hafif, ancak a\u011f\u0131r i\u015flerde g\u00fcvenilebilecek kadar g\u00fc\u00e7l\u00fcd\u00fcrler ve m\u00fcteahhitlere ve m\u00fchendislere sahada tam olarak ihtiya\u00e7 duyduklar\u0131 \u015feyi verirler.<\/p>\n<p class=\"whitespace-pre-wrap break-words\">Bu borular\u0131 di\u011ferlerinden ay\u0131ran \u015fey, di\u011fer rot bile\u015fenleriyle ne kadar sorunsuz \u00e7al\u0131\u015ft\u0131klar\u0131d\u0131r. Bunlar\u0131 \u00c7elik Ba\u011flant\u0131 \u00c7ubu\u011fu Konileriyle bir araya getirdi\u011finizde m\u00fckemmel hizalama ve sa\u011flam ankraj elde edersiniz - beton formlar\u0131n\u0131za kar\u015f\u0131 itmeye ba\u015flad\u0131\u011f\u0131nda tam da ihtiyac\u0131n\u0131z olan \u015fey. Su durdurma \u00f6zelli\u011fi, betonarme yap\u0131n\u0131z\u0131 tehlikeye atan s\u0131z\u0131nt\u0131lar konusunda endi\u015felenmenize gerek kalmayaca\u011f\u0131 anlam\u0131na gelir. Bu t\u00fcr d\u00fc\u015f\u00fcnceli tasar\u0131mlar, do\u011fru bile\u015fenleri se\u00e7menin neden bu kadar \u00f6nemli oldu\u011funu g\u00f6sterir.<\/p>\n<h2 class=\"font-600 text-xl font-bold\">Qingdao H&amp;F: Rot Sistemleri Alan\u0131nda G\u00fcvenilir Orta\u011f\u0131n\u0131z<\/h2>\n<p class=\"whitespace-pre-wrap break-words\">Qingdao H&amp;F'de, hi\u00e7bir in\u015faat projesinin birbirinin ayn\u0131 olmad\u0131\u011f\u0131n\u0131 \u00f6\u011frendik. Bu nedenle ba\u011flant\u0131 \u00e7ubu\u011fu sistemlerimizi ve PVC borular\u0131m\u0131z\u0131 her t\u00fcrl\u00fc zorlu\u011fun \u00fcstesinden gelecek \u015fekilde geli\u015ftirdik. \u0130\u015fin kolay\u0131na ka\u00e7m\u0131yoruz - malzeme se\u00e7iminden sevkiyat \u00f6ncesi son kalite kontrollerine kadar her \u015feyin end\u00fcstri standartlar\u0131n\u0131 kar\u015f\u0131lad\u0131\u011f\u0131ndan veya a\u015ft\u0131\u011f\u0131ndan emin oluyoruz. M\u00fc\u015fterilerimiz her sipari\u015fte paralar\u0131n\u0131n kar\u015f\u0131l\u0131\u011f\u0131n\u0131 ald\u0131klar\u0131n\u0131 bilirler.<\/p>\n<p class=\"whitespace-pre-wrap break-words\">Tam olarak neye ihtiya\u00e7 duyduklar\u0131n\u0131 anlamak i\u00e7in her m\u00fc\u015fteriyle do\u011frudan \u00e7al\u0131\u015fmaya inan\u0131yoruz. Bu, projenizin ilerlemesini sa\u011flamak i\u00e7in h\u0131zl\u0131 teslimat s\u00fcreleri ve tam olarak ne ald\u0131\u011f\u0131n\u0131z\u0131 bilmeniz i\u00e7in ayr\u0131nt\u0131l\u0131 kalite raporlar\u0131 anlam\u0131na gelir. \u0130n\u015faat d\u00fcnyas\u0131nda bu t\u00fcr bir ortakl\u0131k \u00f6nemlidir.<\/p>\n<p class=\"whitespace-pre-wrap break-words\">PVC borular\u0131m\u0131z\u0131 ve ba\u011flant\u0131 \u00e7ubu\u011fu bile\u015fenlerimizi se\u00e7ti\u011finizde, daha hassas ve verimli \u00e7al\u0131\u015fman\u0131za yard\u0131mc\u0131 olan donan\u0131m\u0131 se\u00e7mi\u015f olursunuz. Qingdao H&amp;F'yi se\u00e7mek, in\u015faattan anlayan ve i\u015fleri do\u011fru yapmay\u0131 \u00f6nemseyen insanlarla \u00e7al\u0131\u015fmak anlam\u0131na gelir.<\/p>","protected":false},"excerpt":{"rendered":"<p>Bunlar, uygun g\u00fcvenilirlik ve dayan\u0131kl\u0131l\u0131k sa\u011flamak i\u00e7in her t\u00fcrl\u00fc in\u015faat i\u00e7in kal\u0131pta bilinen ve kullan\u0131lan Tie Rod PVC Borulard\u0131r. Elbette, al\u0131c\u0131lar genellikle kalite, uyumluluk ve performans bak\u0131\u015f a\u00e7\u0131s\u0131na g\u00f6re karar verirler; burada, bire bir m\u00fc\u015fteri hizmetleri, verimli bir teslimat d\u00f6ng\u00fcs\u00fc ve ayr\u0131nt\u0131l\u0131 kalite kontrol raporlar\u0131 gibi her \u00fc\u00e7 a\u00e7\u0131dan da g\u00fcvence veriyoruz. Benzersiz \u00fcr\u00fcn b\u00fct\u00fcnl\u00fc\u011f\u00fcn\u00fcn ve kolayla\u015ft\u0131r\u0131lm\u0131\u015f tedarik prosed\u00fcrlerinin keyfini \u00e7\u0131karmak i\u00e7in bug\u00fcn bizimle i\u015f ortakl\u0131\u011f\u0131 yap\u0131n.<\/p>","protected":false},"featured_media":8629,"comment_status":"open","ping_status":"closed","template":"","meta":{"site-sidebar-layout":"default","site-content-layout":"","ast-site-content-layout":"default","site-content-style":"default","site-sidebar-style":"default","ast-global-header-display":"","ast-banner-title-visibility":"","ast-main-header-display":"","ast-hfb-above-header-display":"","ast-hfb-below-header-display":"","ast-hfb-mobile-header-display":"","site-post-title":"","ast-breadcrumbs-content":"","ast-featured-img":"","footer-sml-layout":"","theme-transparent-header-meta":"default","adv-header-id-meta":"","stick-header-meta":"default","header-above-stick-meta":"","header-main-stick-meta":"","header-below-stick-meta":"","astra-migrate-meta-layouts":"set","ast-page-background-enabled":"default","ast-page-background-meta":{"desktop":{"background-color":"","background-image":"","background-repeat":"repeat","background-position":"center center","background-size":"auto","background-attachment":"scroll","background-type":"","background-media":"","overlay-type":"","overlay-color":"","overlay-opacity":"","overlay-gradient":""},"tablet":{"background-color":"","background-image":"","background-repeat":"repeat","background-position":"center center","background-size":"auto","background-attachment":"scroll","background-type":"","background-media":"","overlay-type":"","overlay-color":"","overlay-opacity":"","overlay-gradient":""},"mobile":{"background-color":"","background-image":"","background-repeat":"repeat","background-position":"center center","background-size":"auto","background-attachment":"scroll","background-type":"","background-media":"","overlay-type":"","overlay-color":"","overlay-opacity":"","overlay-gradient":""}},"ast-content-background-meta":{"desktop":{"background-color":"var(--ast-global-color-5)","background-image":"","background-repeat":"repeat","background-position":"center center","background-size":"auto","background-attachment":"scroll","background-type":"","background-media":"","overlay-type":"","overlay-color":"","overlay-opacity":"","overlay-gradient":""},"tablet":{"background-color":"var(--ast-global-color-5)","background-image":"","background-repeat":"repeat","background-position":"center center","background-size":"auto","background-attachment":"scroll","background-type":"","background-media":"","overlay-type":"","overlay-color":"","overlay-opacity":"","overlay-gradient":""},"mobile":{"background-color":"var(--ast-global-color-5)","background-image":"","background-repeat":"repeat","background-position":"center center","background-size":"auto","background-attachment":"scroll","background-type":"","background-media":"","overlay-type":"","overlay-color":"","overlay-opacity":"","overlay-gradient":""}}},"product_brand":[],"product_cat":[79],"product_tag":[],"class_list":{"0":"post-8643","1":"product","2":"type-product","3":"status-publish","4":"has-post-thumbnail","6":"product_cat-tie-rod-system","7":"desktop-align-left","8":"tablet-align-left","9":"mobile-align-left","10":"ast-product-gallery-layout-horizontal-slider","11":"ast-product-gallery-with-no-image","12":"ast-product-tabs-layout-horizontal","14":"first","15":"instock","16":"shipping-taxable","17":"purchasable","18":"product-type-simple"},"yoast_head":"<!-- This site is optimized with the Yoast SEO plugin v25.2 - https:\/\/yoast.com\/wordpress\/plugins\/seo\/ -->\n<title>Tie Rod PVC Pipe<\/title>\n<meta name=\"description\" content=\"These are the Tie Rod PVC Pipes, which have been known and utilized in formwork for any type of construction to provide appropriate reliability and endurance.\" \/>\n<meta name=\"robots\" content=\"index, follow, max-snippet:-1, max-image-preview:large, max-video-preview:-1\" \/>\n<link rel=\"canonical\" href=\"https:\/\/qingdaohf.com\/tr\/urun\/baglanti-cubugu-pvc-boru\/\" \/>\n<meta property=\"og:locale\" content=\"tr_TR\" \/>\n<meta property=\"og:type\" content=\"article\" \/>\n<meta property=\"og:title\" content=\"Tie Rod PVC Pipe\" \/>\n<meta property=\"og:description\" content=\"These are the Tie Rod PVC Pipes, which have been known and utilized in formwork for any type of construction to provide appropriate reliability and endurance.\" \/>\n<meta property=\"og:url\" content=\"https:\/\/qingdaohf.com\/tr\/urun\/baglanti-cubugu-pvc-boru\/\" \/>\n<meta property=\"og:site_name\" content=\"Concrete Form &amp; Rigging Hardware Supplier\" \/>\n<meta property=\"article:publisher\" content=\"https:\/\/www.facebook.com\/qingdaohf\" \/>\n<meta property=\"article:modified_time\" content=\"2025-11-13T01:02:21+00:00\" \/>\n<meta property=\"og:image\" content=\"https:\/\/qingdaohf.com\/wp-content\/uploads\/2025\/01\/Tie-Rod-PVC-Pipe.webp\" \/>\n\t<meta property=\"og:image:width\" content=\"1000\" \/>\n\t<meta property=\"og:image:height\" content=\"1000\" \/>\n\t<meta property=\"og:image:type\" content=\"image\/webp\" \/>\n<meta name=\"twitter:card\" content=\"summary_large_image\" \/>\n<meta name=\"twitter:label1\" content=\"Tahmini okuma s\u00fcresi\" \/>\n\t<meta name=\"twitter:data1\" content=\"3 dakika\" \/>\n<script type=\"application\/ld+json\" class=\"yoast-schema-graph\">{\"@context\":\"https:\/\/schema.org\",\"@graph\":[{\"@type\":\"WebPage\",\"@id\":\"https:\/\/qingdaohf.com\/product\/tie-rod-pvc-pipe\/\",\"url\":\"https:\/\/qingdaohf.com\/product\/tie-rod-pvc-pipe\/\",\"name\":\"Tie Rod PVC Pipe\",\"isPartOf\":{\"@id\":\"https:\/\/qingdaohf.com\/bg\/#website\"},\"primaryImageOfPage\":{\"@id\":\"https:\/\/qingdaohf.com\/product\/tie-rod-pvc-pipe\/#primaryimage\"},\"image\":{\"@id\":\"https:\/\/qingdaohf.com\/product\/tie-rod-pvc-pipe\/#primaryimage\"},\"thumbnailUrl\":\"https:\/\/qingdaohf.com\/wp-content\/uploads\/2025\/01\/Tie-Rod-PVC-Pipe.webp\",\"datePublished\":\"2025-01-02T09:23:13+00:00\",\"dateModified\":\"2025-11-13T01:02:21+00:00\",\"description\":\"These are the Tie Rod PVC Pipes, which have been known and utilized in formwork for any type of construction to provide appropriate reliability and endurance.\",\"breadcrumb\":{\"@id\":\"https:\/\/qingdaohf.com\/product\/tie-rod-pvc-pipe\/#breadcrumb\"},\"inLanguage\":\"tr\",\"potentialAction\":[{\"@type\":\"ReadAction\",\"target\":[\"https:\/\/qingdaohf.com\/product\/tie-rod-pvc-pipe\/\"]}]},{\"@type\":\"ImageObject\",\"inLanguage\":\"tr\",\"@id\":\"https:\/\/qingdaohf.com\/product\/tie-rod-pvc-pipe\/#primaryimage\",\"url\":\"https:\/\/qingdaohf.com\/wp-content\/uploads\/2025\/01\/Tie-Rod-PVC-Pipe.webp\",\"contentUrl\":\"https:\/\/qingdaohf.com\/wp-content\/uploads\/2025\/01\/Tie-Rod-PVC-Pipe.webp\",\"width\":1000,\"height\":1000,\"caption\":\"Tie Rod PVC Pipe\"},{\"@type\":\"BreadcrumbList\",\"@id\":\"https:\/\/qingdaohf.com\/product\/tie-rod-pvc-pipe\/#breadcrumb\",\"itemListElement\":[{\"@type\":\"ListItem\",\"position\":1,\"name\":\"Home\",\"item\":\"https:\/\/qingdaohf.com\/\"},{\"@type\":\"ListItem\",\"position\":2,\"name\":\"Concrete Forming Accessories and Rigging Hardware\",\"item\":\"https:\/\/qingdaohf.com\/bg\/?page_id=944\"},{\"@type\":\"ListItem\",\"position\":3,\"name\":\"Tie Rod PVC Pipe\"}]},{\"@type\":\"WebSite\",\"@id\":\"https:\/\/qingdaohf.com\/bg\/#website\",\"url\":\"https:\/\/qingdaohf.com\/bg\/\",\"name\":\"Concrete Form & Rigging Hardware Supplier\",\"description\":\"\",\"publisher\":{\"@id\":\"https:\/\/qingdaohf.com\/bg\/#organization\"},\"potentialAction\":[{\"@type\":\"SearchAction\",\"target\":{\"@type\":\"EntryPoint\",\"urlTemplate\":\"https:\/\/qingdaohf.com\/bg\/?s={search_term_string}\"},\"query-input\":{\"@type\":\"PropertyValueSpecification\",\"valueRequired\":true,\"valueName\":\"search_term_string\"}}],\"inLanguage\":\"tr\"},{\"@type\":\"Organization\",\"@id\":\"https:\/\/qingdaohf.com\/bg\/#organization\",\"name\":\"Qingdao H&F\",\"url\":\"https:\/\/qingdaohf.com\/bg\/\",\"logo\":{\"@type\":\"ImageObject\",\"inLanguage\":\"tr\",\"@id\":\"https:\/\/qingdaohf.com\/bg\/#\/schema\/logo\/image\/\",\"url\":\"https:\/\/qingdaohf.com\/wp-content\/uploads\/2022\/12\/cropped-HF-LOGO.png\",\"contentUrl\":\"https:\/\/qingdaohf.com\/wp-content\/uploads\/2022\/12\/cropped-HF-LOGO.png\",\"width\":391,\"height\":249,\"caption\":\"Qingdao H&F\"},\"image\":{\"@id\":\"https:\/\/qingdaohf.com\/bg\/#\/schema\/logo\/image\/\"},\"sameAs\":[\"https:\/\/www.facebook.com\/qingdaohf\"]}]}<\/script>\n<!-- \/ Yoast SEO plugin. -->","yoast_head_json":{"title":"Tie Rod PVC Pipe","description":"These are the Tie Rod PVC Pipes, which have been known and utilized in formwork for any type of construction to provide appropriate reliability and endurance.","robots":{"index":"index","follow":"follow","max-snippet":"max-snippet:-1","max-image-preview":"max-image-preview:large","max-video-preview":"max-video-preview:-1"},"canonical":"https:\/\/qingdaohf.com\/tr\/urun\/baglanti-cubugu-pvc-boru\/","og_locale":"tr_TR","og_type":"article","og_title":"Tie Rod PVC Pipe","og_description":"These are the Tie Rod PVC Pipes, which have been known and utilized in formwork for any type of construction to provide appropriate reliability and endurance.","og_url":"https:\/\/qingdaohf.com\/tr\/urun\/baglanti-cubugu-pvc-boru\/","og_site_name":"Concrete Form &amp; Rigging Hardware Supplier","article_publisher":"https:\/\/www.facebook.com\/qingdaohf","article_modified_time":"2025-11-13T01:02:21+00:00","og_image":[{"width":1000,"height":1000,"url":"https:\/\/qingdaohf.com\/wp-content\/uploads\/2025\/01\/Tie-Rod-PVC-Pipe.webp","type":"image\/webp"}],"twitter_card":"summary_large_image","twitter_misc":{"Tahmini okuma s\u00fcresi":"3 dakika"},"schema":{"@context":"https:\/\/schema.org","@graph":[{"@type":"WebPage","@id":"https:\/\/qingdaohf.com\/product\/tie-rod-pvc-pipe\/","url":"https:\/\/qingdaohf.com\/product\/tie-rod-pvc-pipe\/","name":"Tie Rod PVC Pipe","isPartOf":{"@id":"https:\/\/qingdaohf.com\/bg\/#website"},"primaryImageOfPage":{"@id":"https:\/\/qingdaohf.com\/product\/tie-rod-pvc-pipe\/#primaryimage"},"image":{"@id":"https:\/\/qingdaohf.com\/product\/tie-rod-pvc-pipe\/#primaryimage"},"thumbnailUrl":"https:\/\/qingdaohf.com\/wp-content\/uploads\/2025\/01\/Tie-Rod-PVC-Pipe.webp","datePublished":"2025-01-02T09:23:13+00:00","dateModified":"2025-11-13T01:02:21+00:00","description":"These are the Tie Rod PVC Pipes, which have been known and utilized in formwork for any type of construction to provide appropriate reliability and endurance.","breadcrumb":{"@id":"https:\/\/qingdaohf.com\/product\/tie-rod-pvc-pipe\/#breadcrumb"},"inLanguage":"tr","potentialAction":[{"@type":"ReadAction","target":["https:\/\/qingdaohf.com\/product\/tie-rod-pvc-pipe\/"]}]},{"@type":"ImageObject","inLanguage":"tr","@id":"https:\/\/qingdaohf.com\/product\/tie-rod-pvc-pipe\/#primaryimage","url":"https:\/\/qingdaohf.com\/wp-content\/uploads\/2025\/01\/Tie-Rod-PVC-Pipe.webp","contentUrl":"https:\/\/qingdaohf.com\/wp-content\/uploads\/2025\/01\/Tie-Rod-PVC-Pipe.webp","width":1000,"height":1000,"caption":"Tie Rod PVC Pipe"},{"@type":"BreadcrumbList","@id":"https:\/\/qingdaohf.com\/product\/tie-rod-pvc-pipe\/#breadcrumb","itemListElement":[{"@type":"ListItem","position":1,"name":"Home","item":"https:\/\/qingdaohf.com\/"},{"@type":"ListItem","position":2,"name":"Concrete Forming Accessories and Rigging Hardware","item":"https:\/\/qingdaohf.com\/bg\/?page_id=944"},{"@type":"ListItem","position":3,"name":"Tie Rod PVC Pipe"}]},{"@type":"WebSite","@id":"https:\/\/qingdaohf.com\/bg\/#website","url":"https:\/\/qingdaohf.com\/bg\/","name":"Concrete Form & Rigging Hardware Supplier","description":"","publisher":{"@id":"https:\/\/qingdaohf.com\/bg\/#organization"},"potentialAction":[{"@type":"SearchAction","target":{"@type":"EntryPoint","urlTemplate":"https:\/\/qingdaohf.com\/bg\/?s={search_term_string}"},"query-input":{"@type":"PropertyValueSpecification","valueRequired":true,"valueName":"search_term_string"}}],"inLanguage":"tr"},{"@type":"Organization","@id":"https:\/\/qingdaohf.com\/bg\/#organization","name":"Qingdao H&F","url":"https:\/\/qingdaohf.com\/bg\/","logo":{"@type":"ImageObject","inLanguage":"tr","@id":"https:\/\/qingdaohf.com\/bg\/#\/schema\/logo\/image\/","url":"https:\/\/qingdaohf.com\/wp-content\/uploads\/2022\/12\/cropped-HF-LOGO.png","contentUrl":"https:\/\/qingdaohf.com\/wp-content\/uploads\/2022\/12\/cropped-HF-LOGO.png","width":391,"height":249,"caption":"Qingdao H&F"},"image":{"@id":"https:\/\/qingdaohf.com\/bg\/#\/schema\/logo\/image\/"},"sameAs":["https:\/\/www.facebook.com\/qingdaohf"]}]}},"_links":{"self":[{"href":"https:\/\/qingdaohf.com\/tr\/wp-json\/wp\/v2\/product\/8643","targetHints":{"allow":["GET"]}}],"collection":[{"href":"https:\/\/qingdaohf.com\/tr\/wp-json\/wp\/v2\/product"}],"about":[{"href":"https:\/\/qingdaohf.com\/tr\/wp-json\/wp\/v2\/types\/product"}],"replies":[{"embeddable":true,"href":"https:\/\/qingdaohf.com\/tr\/wp-json\/wp\/v2\/comments?post=8643"}],"version-history":[{"count":1,"href":"https:\/\/qingdaohf.com\/tr\/wp-json\/wp\/v2\/product\/8643\/revisions"}],"predecessor-version":[{"id":8644,"href":"https:\/\/qingdaohf.com\/tr\/wp-json\/wp\/v2\/product\/8643\/revisions\/8644"}],"wp:featuredmedia":[{"embeddable":true,"href":"https:\/\/qingdaohf.com\/tr\/wp-json\/wp\/v2\/media\/8629"}],"wp:attachment":[{"href":"https:\/\/qingdaohf.com\/tr\/wp-json\/wp\/v2\/media?parent=8643"}],"wp:term":[{"taxonomy":"product_brand","embeddable":true,"href":"https:\/\/qingdaohf.com\/tr\/wp-json\/wp\/v2\/product_brand?post=8643"},{"taxonomy":"product_cat","embeddable":true,"href":"https:\/\/qingdaohf.com\/tr\/wp-json\/wp\/v2\/product_cat?post=8643"},{"taxonomy":"product_tag","embeddable":true,"href":"https:\/\/qingdaohf.com\/tr\/wp-json\/wp\/v2\/product_tag?post=8643"}],"curies":[{"name":"wp","href":"https:\/\/api.w.org\/{rel}","templated":true}]}}