{"id":8745,"date":"2025-01-18T09:22:33","date_gmt":"2025-01-18T01:22:33","guid":{"rendered":"http:\/\/qingdaohf.com\/?post_type=product&#038;p=8745"},"modified":"2025-11-13T09:02:20","modified_gmt":"2025-11-13T01:02:20","slug":"turnbuckle-concrete","status":"publish","type":"product","link":"https:\/\/qingdaohf.com\/tr\/urun\/turnbuckle-beton\/","title":{"rendered":"Turnbuckle Beton"},"content":{"rendered":"<p class=\"whitespace-pre-wrap break-words\">Beton kal\u0131p s\u00f6z konusu oldu\u011funda, \u015feytan ayr\u0131nt\u0131da gizlidir. \u0130\u015fte bu noktada gerdirme beton aksesuarlar\u0131 devreye girer - bunlar sadece donan\u0131m de\u011fildir, kal\u0131plar\u0131n\u0131z\u0131 do\u011fru ve d\u00f6k\u00fcmlerinizi m\u00fckemmel tutan isimsiz kahramanlard\u0131r. \u015eimdi gerdirme d\u00fcnyas\u0131n\u0131n iki a\u011f\u0131r topunu inceleyelim: D\u00fcz Plaka ve B\u00fck\u00fclm\u00fc\u015f Plaka tasar\u0131mlar\u0131. Her biri masaya \u00f6zel bir \u015fey getirir ve fark\u0131 bilmek bir sonraki projenizi yapabilir veya bozabilir.<\/p>\n<p><img fetchpriority=\"high\" decoding=\"async\" class=\"alignnone size-medium wp-image-9135\" src=\"http:\/\/qingdaohf.com\/wp-content\/uploads\/2025\/03\/concrete-turnbuckle-7-300x300.webp\" alt=\"beton gerdirme\" width=\"300\" height=\"300\" srcset=\"https:\/\/qingdaohf.com\/wp-content\/uploads\/2025\/03\/concrete-turnbuckle-7-300x300.webp 300w, https:\/\/qingdaohf.com\/wp-content\/uploads\/2025\/03\/concrete-turnbuckle-7-150x150.webp 150w, https:\/\/qingdaohf.com\/wp-content\/uploads\/2025\/03\/concrete-turnbuckle-7-768x768.webp 768w, https:\/\/qingdaohf.com\/wp-content\/uploads\/2025\/03\/concrete-turnbuckle-7-12x12.webp 12w, https:\/\/qingdaohf.com\/wp-content\/uploads\/2025\/03\/concrete-turnbuckle-7-500x500.webp 500w, https:\/\/qingdaohf.com\/wp-content\/uploads\/2025\/03\/concrete-turnbuckle-7-100x100.webp 100w, https:\/\/qingdaohf.com\/wp-content\/uploads\/2025\/03\/concrete-turnbuckle-7.webp 1000w\" sizes=\"(max-width: 300px) 100vw, 300px\" \/> <img decoding=\"async\" class=\"alignnone size-medium wp-image-9131\" src=\"http:\/\/qingdaohf.com\/wp-content\/uploads\/2025\/03\/concrete-turnbuckle-3-300x300.webp\" alt=\"beton gerdirme\" width=\"300\" height=\"300\" srcset=\"https:\/\/qingdaohf.com\/wp-content\/uploads\/2025\/03\/concrete-turnbuckle-3-300x300.webp 300w, https:\/\/qingdaohf.com\/wp-content\/uploads\/2025\/03\/concrete-turnbuckle-3-150x150.webp 150w, https:\/\/qingdaohf.com\/wp-content\/uploads\/2025\/03\/concrete-turnbuckle-3-768x768.webp 768w, https:\/\/qingdaohf.com\/wp-content\/uploads\/2025\/03\/concrete-turnbuckle-3-12x12.webp 12w, https:\/\/qingdaohf.com\/wp-content\/uploads\/2025\/03\/concrete-turnbuckle-3-500x500.webp 500w, https:\/\/qingdaohf.com\/wp-content\/uploads\/2025\/03\/concrete-turnbuckle-3-100x100.webp 100w, https:\/\/qingdaohf.com\/wp-content\/uploads\/2025\/03\/concrete-turnbuckle-3.webp 1000w\" sizes=\"(max-width: 300px) 100vw, 300px\" \/><\/p>\n<p class=\"whitespace-pre-wrap break-words\">H&amp;F olarak, beklentilerinizi kar\u015f\u0131lamakla kalmay\u0131p onlar\u0131 a\u015fan gerdirme \u00e7\u00f6z\u00fcmleriyle arkan\u0131zday\u0131z. \u0130ster geni\u015f kapsaml\u0131 bir altyap\u0131 projesi ister hassas bir konut in\u015faat\u0131 \u00fczerinde \u00e7al\u0131\u015f\u0131yor olun, i\u015fi do\u011fru yapmak i\u00e7in ihtiyac\u0131n\u0131z olan ara\u00e7lara sahibiz.<\/p>\n<div class=\"ast-oembed-container\" style=\"height: 100%;\"><iframe title=\"Beton Gerdirme Form Hizalay\u0131c\u0131\" width=\"500\" height=\"281\" src=\"https:\/\/www.youtube.com\/embed\/1guP_DQRF1o?feature=oembed\" frameborder=\"0\" allow=\"accelerometer; autoplay; clipboard-write; encrypted-media; gyroscope; picture-in-picture; web-share\" referrerpolicy=\"strict-origin-when-cross-origin\" allowfullscreen><\/iframe><\/div>\n<h2 class=\"text-xl font-bold text-text-200 mt-1 -mb-0.5\">D\u00fcz Plakal\u0131 Gerdirmeler: Hassasiyet ve Basitlik<\/h2>\n<p><img decoding=\"async\" class=\"alignnone wp-image-8766 size-medium\" src=\"http:\/\/qingdaohf.com\/wp-content\/uploads\/2025\/01\/flat-plate-turnbuckle-10-300x300.jpg\" alt=\"d\u00fcz plaka gerdirme\" width=\"300\" height=\"300\" srcset=\"https:\/\/qingdaohf.com\/wp-content\/uploads\/2025\/01\/flat-plate-turnbuckle-10-300x300.jpg 300w, https:\/\/qingdaohf.com\/wp-content\/uploads\/2025\/01\/flat-plate-turnbuckle-10-150x150.jpg 150w, https:\/\/qingdaohf.com\/wp-content\/uploads\/2025\/01\/flat-plate-turnbuckle-10-768x768.jpg 768w, https:\/\/qingdaohf.com\/wp-content\/uploads\/2025\/01\/flat-plate-turnbuckle-10-12x12.jpg 12w, https:\/\/qingdaohf.com\/wp-content\/uploads\/2025\/01\/flat-plate-turnbuckle-10-500x500.jpg 500w, https:\/\/qingdaohf.com\/wp-content\/uploads\/2025\/01\/flat-plate-turnbuckle-10-100x100.jpg 100w, https:\/\/qingdaohf.com\/wp-content\/uploads\/2025\/01\/flat-plate-turnbuckle-10.jpg 1000w\" sizes=\"(max-width: 300px) 100vw, 300px\" \/><\/p>\n<p class=\"whitespace-pre-wrap break-words\">\u015eunu hayal edin: Her iki ucunda da kal\u0131b\u0131n\u0131zla m\u00fckemmel uyum sa\u011flayan d\u00fcz plakalar bulunan, i\u015fleri temiz ve basit tutan bir gerdirme. D\u00fcz Plaka tasar\u0131m\u0131m\u0131zla i\u015fte bunu elde edersiniz. Bunlar sadece d\u00fczg\u00fcn g\u00f6r\u00fcnd\u00fckleri i\u00e7in pop\u00fcler de\u011filler, ayn\u0131 zamanda y\u00fck\u00fc ba\u011flant\u0131 noktalar\u0131na e\u015fit olarak da\u011f\u0131tarak kal\u0131plar\u0131n\u0131zdaki a\u015f\u0131nma ve y\u0131pranmay\u0131 azaltan birer y\u00fck beygiridirler.<\/p>\n<p class=\"whitespace-pre-wrap break-words\">Bu g\u00fczellikleri di\u011ferlerinden ay\u0131ran \u015fey, \u00e7al\u0131\u015fmas\u0131n\u0131n ne kadar kolay oldu\u011fudur. Her milimetrenin \u00f6nemli oldu\u011fu bir projede zamana kar\u015f\u0131 yar\u0131\u015f\u0131rken, sa\u00e7ma olmayan kurulumlar\u0131n\u0131 takdir edeceksiniz. Ve forma s\u0131k\u0131ca oturduklar\u0131 i\u00e7in, bo\u015fluk sorunlar\u0131 hakk\u0131nda endi\u015felenmenize gerek kalmayacak.<\/p>\n<p class=\"whitespace-pre-wrap break-words\">H&amp;F'de malzeme s\u00f6z konusu oldu\u011funda bo\u015fa k\u00fcrek \u00e7ekmeyiz. G\u00f6nderdi\u011fimiz her D\u00fcz Plaka gerdirme, korozyon kar\u015f\u0131s\u0131nda g\u00fclmek ve \u015fantiyedeki g\u00fcnl\u00fck suistimale dayanmak i\u00e7in tasarlanm\u0131\u015f ciddi derecede sa\u011flam malzemelerden \u00fcretilmi\u015ftir.<\/p>\n<h2 class=\"text-xl font-bold text-text-200 mt-1 -mb-0.5\">B\u00fck\u00fclm\u00fc\u015f Plakal\u0131 Gerdirmeler: Uyarlanabilirlik ve Geli\u015ftirilmi\u015f Kavrama<\/h2>\n<p><img loading=\"lazy\" decoding=\"async\" class=\"alignnone size-medium wp-image-8814\" src=\"http:\/\/qingdaohf.com\/wp-content\/uploads\/2025\/01\/bent-plate-turnbuckle-17-300x300.jpg\" alt=\"b\u00fck\u00fclm\u00fc\u015f plaka gerdirme\" width=\"300\" height=\"300\" srcset=\"https:\/\/qingdaohf.com\/wp-content\/uploads\/2025\/01\/bent-plate-turnbuckle-17-300x300.jpg 300w, https:\/\/qingdaohf.com\/wp-content\/uploads\/2025\/01\/bent-plate-turnbuckle-17-150x150.jpg 150w, https:\/\/qingdaohf.com\/wp-content\/uploads\/2025\/01\/bent-plate-turnbuckle-17-768x768.jpg 768w, https:\/\/qingdaohf.com\/wp-content\/uploads\/2025\/01\/bent-plate-turnbuckle-17-12x12.jpg 12w, https:\/\/qingdaohf.com\/wp-content\/uploads\/2025\/01\/bent-plate-turnbuckle-17-500x500.jpg 500w, https:\/\/qingdaohf.com\/wp-content\/uploads\/2025\/01\/bent-plate-turnbuckle-17-100x100.jpg 100w, https:\/\/qingdaohf.com\/wp-content\/uploads\/2025\/01\/bent-plate-turnbuckle-17.jpg 1000w\" sizes=\"(max-width: 300px) 100vw, 300px\" \/><\/p>\n<p class=\"whitespace-pre-wrap break-words\">\u015eimdi de gerdirme d\u00fcnyas\u0131n\u0131n sorun \u00e7\u00f6z\u00fcc\u00fclerinden, yani B\u00fck\u00fclm\u00fc\u015f Plakal\u0131 modellerimizden bahsedelim. Bu k\u00f6t\u00fc \u00e7ocuklar, ciddiymi\u015f gibi kavrayan a\u00e7\u0131l\u0131 u\u00e7 plakalar\u0131yla birlikte gelir. Zorlu a\u00e7\u0131larla veya tam olarak m\u00fckemmel olmayan y\u00fczeylerle u\u011fra\u015ft\u0131\u011f\u0131n\u0131zda, bunlar sizin \u00e7\u00f6z\u00fcm\u00fcn\u00fczd\u00fcr.<\/p>\n<p class=\"whitespace-pre-wrap break-words\">B\u00fck\u00fclm\u00fc\u015f plaka tasar\u0131m\u0131n\u0131n dehas\u0131, standart \u00e7\u00f6z\u00fcmlerin yeterli olmad\u0131\u011f\u0131 kafa kar\u0131\u015ft\u0131r\u0131c\u0131 senaryolarla u\u011fra\u015f\u0131rken ortaya \u00e7\u0131kar. Al\u0131\u015f\u0131lmad\u0131k bir y\u00fck durumu mu var? B\u00fck\u00fclen ve d\u00f6nen formlarla m\u0131 u\u011fra\u015f\u0131yorsunuz? \u0130\u015fte Bent Plate gerdirmeler bu noktada kendini g\u00f6sterir.<\/p>\n<p class=\"whitespace-pre-wrap break-words\">T\u0131pk\u0131 d\u00fcz plakal\u0131 kuzenleri gibi, B\u00fck\u00fclm\u00fc\u015f Plakal\u0131 gerdirmelerimiz de sa\u011flam \u00fcretilmi\u015ftir. Ger\u00e7ek d\u00fcnyada baz\u0131 ciddi zorluklarla kar\u015f\u0131la\u015facaklar\u0131n\u0131 bildi\u011fimiz i\u00e7in onlar\u0131 g\u00fcn \u0131\u015f\u0131\u011f\u0131nda test ediyoruz.<\/p>\n<h2 class=\"text-xl font-bold text-text-200 mt-1 -mb-0.5\">Gerdirme Beton \u00c7\u00f6z\u00fcmleri i\u00e7in Neden H&amp;F'yi Se\u00e7melisiniz?<\/h2>\n<p class=\"whitespace-pre-wrap break-words\">Do\u011fru gerdiriciyi bulmak sadece ba\u015flang\u0131\u00e7t\u0131r - i\u015fler ciddiye bindi\u011finde arkan\u0131z\u0131 kollayacak bir tedarik\u00e7iye ihtiyac\u0131n\u0131z vard\u0131r. \u0130\u015fte H&amp;F burada parl\u0131yor. Biz sadece donan\u0131m satm\u0131yoruz; \u00e7eli\u011fe sar\u0131lm\u0131\u015f bir g\u00f6n\u00fcl rahatl\u0131\u011f\u0131 sunuyoruz.<\/p>\n<p class=\"whitespace-pre-wrap break-words\">Otomatik telefon labirentini atlay\u0131n - bizimle, in\u015faat\u0131n i\u00e7ini ve d\u0131\u015f\u0131n\u0131 bilen ger\u00e7ek bir ki\u015fiye sahip olursunuz. \u00d6zel temsilciniz, ilk temastan son teslimata ve \u00f6tesine kadar sizinle birlikte olacak ve projenizin tam olarak gerektirdi\u011fi \u015feyi ald\u0131\u011f\u0131n\u0131zdan emin olacakt\u0131r.<\/p>\n<p class=\"whitespace-pre-wrap break-words\">Bu i\u015fte zaman\u0131n para demek oldu\u011funu biliyoruz. Bu nedenle, ihtiyac\u0131n\u0131z olan\u0131 ihtiyac\u0131n\u0131z oldu\u011fu anda size ula\u015ft\u0131rmak i\u00e7in teslimat s\u00fcrecimizi kolayla\u015ft\u0131rd\u0131k. Mazeret yok, gecikme yok - sadece g\u00fcvenebilece\u011finiz g\u00fcvenilir hizmet.<\/p>\n<p class=\"whitespace-pre-wrap break-words\">G\u00f6nderdi\u011fimiz her gerdirme, performans\u0131n\u0131 destekleyen sa\u011flam verilerle birlikte gelir. Her \u015feyi titizlikle test ediyor ve size bunu kan\u0131tlayacak belgeleri veriyoruz. \u00c7\u00fcnk\u00fc bu i\u015fte g\u00fcven iyidir, ancak do\u011frulama daha iyidir.<\/p>\n<p class=\"whitespace-pre-wrap break-words\">Ve i\u015fin en can al\u0131c\u0131 noktas\u0131 da \u015fu: T\u00fcm bu kalite ve hizmeti b\u00fct\u00e7enizi sarsmadan sunuyoruz. H&amp;F gerdirmelerini ciddi in\u015faat\u00e7\u0131lar i\u00e7in tercih edilir k\u0131lan standartlar\u0131 korurken fiyatlar\u0131m\u0131z\u0131 nas\u0131l rekabet\u00e7i tutaca\u011f\u0131m\u0131z\u0131 bulduk.<\/p>\n<h2 class=\"text-xl font-bold text-text-200 mt-1 -mb-0.5\">Sonu\u00e7: Modern \u0130n\u015faat \u0130htiya\u00e7lar\u0131 i\u00e7in \u00d6zel \u00c7\u00f6z\u00fcmler<\/h2>\n<p class=\"whitespace-pre-wrap break-words\">\u0130ster D\u00fcz Plakal\u0131 bir gerdirmenin hassas basitli\u011fine uzan\u0131yor olun, ister B\u00fck\u00fclm\u00fc\u015f Plakal\u0131 bir modelin kavrama ve uyarlanabilirli\u011fine g\u00fcveniyor olun, bu aletler g\u00fcn\u00fcm\u00fcz in\u015faat oyununun vazge\u00e7ilmez oyuncular\u0131d\u0131r. Her bir tip, projenizde kar\u015f\u0131n\u0131za \u00e7\u0131kacak her t\u00fcrl\u00fc zorlu\u011fun \u00fcstesinden gelmeye haz\u0131r olarak masaya kendi g\u00fc\u00e7l\u00fc y\u00f6nlerini getirir.<\/p>\n<p class=\"whitespace-pre-wrap break-words\">H&amp;F olarak, bu ara\u00e7lar\u0131 kalitelerine uygun bir hizmetle desteklemekten gurur duyuyoruz. Duyarl\u0131 ekibimizden h\u0131zl\u0131 teslimat s\u00fcrelerimize ve kur\u015fun ge\u00e7irmez kalite testlerimize kadar, ba\u015far\u0131l\u0131 olmak i\u00e7in ihtiyac\u0131n\u0131z olan her \u015feye sahip oldu\u011funuzdan emin olmak i\u00e7in buraday\u0131z.<\/p>\n<p class=\"whitespace-pre-wrap break-words\">H&amp;F ile i\u015f ortakl\u0131\u011f\u0131 yaparsan\u0131z, sadece gerdirmelerden daha fazlas\u0131n\u0131 elde edersiniz - i\u015finizde neyin tehlikede oldu\u011funu anlayan bir ekip elde edersiniz. Gelin birlikte harika bir \u015fey in\u015fa edelim.<\/p>","protected":false},"excerpt":{"rendered":"<p>Gerdirme betonu \u00e7o\u011fu in\u015faat projesinde \u00f6nemli bir aksesuard\u0131r ve esas olarak stabilite ve hizalama sa\u011flamak i\u00e7in kal\u0131p sistemleriyle birlikte uygulan\u0131r. H&amp;F olarak, kalite, dayan\u0131kl\u0131l\u0131k ve kullan\u0131m kolayl\u0131\u011f\u0131n\u0131n al\u0131c\u0131lar i\u00e7in en \u00f6nemli kayg\u0131lar oldu\u011funu biliyoruz. Bu m\u00fckemmellik taahh\u00fcd\u00fcn\u00fc yerine getirmek i\u00e7in, bire bir m\u00fc\u015fteri hizmetleri, h\u0131zl\u0131 bir teslimat d\u00f6ng\u00fcs\u00fc ve gerdirme beton aksesuarlar\u0131m\u0131zla birlikte kapsaml\u0131 bir kalite kontrol raporu sunuyoruz. \u00dcr\u00fcnlerimizin en zorlu end\u00fcstri standartlar\u0131n\u0131 kar\u015f\u0131lad\u0131\u011f\u0131ndan ve ola\u011fan\u00fcst\u00fc de\u011fer sundu\u011fundan emin olabilirsiniz.<\/p>","protected":false},"featured_media":8746,"comment_status":"open","ping_status":"closed","template":"","meta":{"site-sidebar-layout":"default","site-content-layout":"","ast-site-content-layout":"default","site-content-style":"default","site-sidebar-style":"default","ast-global-header-display":"","ast-banner-title-visibility":"","ast-main-header-display":"","ast-hfb-above-header-display":"","ast-hfb-below-header-display":"","ast-hfb-mobile-header-display":"","site-post-title":"","ast-breadcrumbs-content":"","ast-featured-img":"","footer-sml-layout":"","theme-transparent-header-meta":"default","adv-header-id-meta":"","stick-header-meta":"default","header-above-stick-meta":"","header-main-stick-meta":"","header-below-stick-meta":"","astra-migrate-meta-layouts":"set","ast-page-background-enabled":"default","ast-page-background-meta":{"desktop":{"background-color":"","background-image":"","background-repeat":"repeat","background-position":"center center","background-size":"auto","background-attachment":"scroll","background-type":"","background-media":"","overlay-type":"","overlay-color":"","overlay-opacity":"","overlay-gradient":""},"tablet":{"background-color":"","background-image":"","background-repeat":"repeat","background-position":"center center","background-size":"auto","background-attachment":"scroll","background-type":"","background-media":"","overlay-type":"","overlay-color":"","overlay-opacity":"","overlay-gradient":""},"mobile":{"background-color":"","background-image":"","background-repeat":"repeat","background-position":"center center","background-size":"auto","background-attachment":"scroll","background-type":"","background-media":"","overlay-type":"","overlay-color":"","overlay-opacity":"","overlay-gradient":""}},"ast-content-background-meta":{"desktop":{"background-color":"var(--ast-global-color-5)","background-image":"","background-repeat":"repeat","background-position":"center center","background-size":"auto","background-attachment":"scroll","background-type":"","background-media":"","overlay-type":"","overlay-color":"","overlay-opacity":"","overlay-gradient":""},"tablet":{"background-color":"var(--ast-global-color-5)","background-image":"","background-repeat":"repeat","background-position":"center center","background-size":"auto","background-attachment":"scroll","background-type":"","background-media":"","overlay-type":"","overlay-color":"","overlay-opacity":"","overlay-gradient":""},"mobile":{"background-color":"var(--ast-global-color-5)","background-image":"","background-repeat":"repeat","background-position":"center center","background-size":"auto","background-attachment":"scroll","background-type":"","background-media":"","overlay-type":"","overlay-color":"","overlay-opacity":"","overlay-gradient":""}}},"product_brand":[],"product_cat":[28],"product_tag":[],"class_list":{"0":"post-8745","1":"product","2":"type-product","3":"status-publish","4":"has-post-thumbnail","6":"product_cat-concrete-forming","7":"desktop-align-left","8":"tablet-align-left","9":"mobile-align-left","10":"ast-product-gallery-layout-horizontal-slider","11":"ast-product-tabs-layout-horizontal","13":"first","14":"instock","15":"shipping-taxable","16":"purchasable","17":"product-type-simple"},"yoast_head":"<!-- This site is optimized with the Yoast SEO plugin v25.2 - https:\/\/yoast.com\/wordpress\/plugins\/seo\/ -->\n<title>Turnbuckle Concrete<\/title>\n<meta name=\"description\" content=\"Turnbuckle concrete is a key accessory in most construction projects and is chiefly applied with formwork systems to make provision for stability and alignment.\" \/>\n<meta name=\"robots\" content=\"index, follow, max-snippet:-1, max-image-preview:large, max-video-preview:-1\" \/>\n<link rel=\"canonical\" href=\"https:\/\/qingdaohf.com\/tr\/urun\/turnbuckle-beton\/\" \/>\n<meta property=\"og:locale\" content=\"tr_TR\" \/>\n<meta property=\"og:type\" content=\"article\" \/>\n<meta property=\"og:title\" content=\"Turnbuckle Concrete\" \/>\n<meta property=\"og:description\" content=\"Turnbuckle concrete is a key accessory in most construction projects and is chiefly applied with formwork systems to make provision for stability and alignment.\" \/>\n<meta property=\"og:url\" content=\"https:\/\/qingdaohf.com\/tr\/urun\/turnbuckle-beton\/\" \/>\n<meta property=\"og:site_name\" content=\"Concrete Form &amp; Rigging Hardware Supplier\" \/>\n<meta property=\"article:publisher\" content=\"https:\/\/www.facebook.com\/qingdaohf\" \/>\n<meta property=\"article:modified_time\" content=\"2025-11-13T01:02:20+00:00\" \/>\n<meta property=\"og:image\" content=\"https:\/\/qingdaohf.com\/wp-content\/uploads\/2025\/01\/concrete-turnbuckle.jpg\" \/>\n\t<meta property=\"og:image:width\" content=\"1000\" \/>\n\t<meta property=\"og:image:height\" content=\"1000\" \/>\n\t<meta property=\"og:image:type\" content=\"image\/jpeg\" \/>\n<meta name=\"twitter:card\" content=\"summary_large_image\" \/>\n<meta name=\"twitter:label1\" content=\"Tahmini okuma s\u00fcresi\" \/>\n\t<meta name=\"twitter:data1\" content=\"5 dakika\" \/>\n<script type=\"application\/ld+json\" class=\"yoast-schema-graph\">{\"@context\":\"https:\/\/schema.org\",\"@graph\":[{\"@type\":\"WebPage\",\"@id\":\"https:\/\/qingdaohf.com\/product\/turnbuckle-concrete\/\",\"url\":\"https:\/\/qingdaohf.com\/product\/turnbuckle-concrete\/\",\"name\":\"Turnbuckle Concrete\",\"isPartOf\":{\"@id\":\"https:\/\/qingdaohf.com\/bg\/#website\"},\"primaryImageOfPage\":{\"@id\":\"https:\/\/qingdaohf.com\/product\/turnbuckle-concrete\/#primaryimage\"},\"image\":{\"@id\":\"https:\/\/qingdaohf.com\/product\/turnbuckle-concrete\/#primaryimage\"},\"thumbnailUrl\":\"https:\/\/qingdaohf.com\/wp-content\/uploads\/2025\/01\/concrete-turnbuckle.jpg\",\"datePublished\":\"2025-01-18T01:22:33+00:00\",\"dateModified\":\"2025-11-13T01:02:20+00:00\",\"description\":\"Turnbuckle concrete is a key accessory in most construction projects and is chiefly applied with formwork systems to make provision for stability and alignment.\",\"breadcrumb\":{\"@id\":\"https:\/\/qingdaohf.com\/product\/turnbuckle-concrete\/#breadcrumb\"},\"inLanguage\":\"tr\",\"potentialAction\":[{\"@type\":\"ReadAction\",\"target\":[\"https:\/\/qingdaohf.com\/product\/turnbuckle-concrete\/\"]}]},{\"@type\":\"ImageObject\",\"inLanguage\":\"tr\",\"@id\":\"https:\/\/qingdaohf.com\/product\/turnbuckle-concrete\/#primaryimage\",\"url\":\"https:\/\/qingdaohf.com\/wp-content\/uploads\/2025\/01\/concrete-turnbuckle.jpg\",\"contentUrl\":\"https:\/\/qingdaohf.com\/wp-content\/uploads\/2025\/01\/concrete-turnbuckle.jpg\",\"width\":1000,\"height\":1000,\"caption\":\"concrete turnbuckle\"},{\"@type\":\"BreadcrumbList\",\"@id\":\"https:\/\/qingdaohf.com\/product\/turnbuckle-concrete\/#breadcrumb\",\"itemListElement\":[{\"@type\":\"ListItem\",\"position\":1,\"name\":\"Home\",\"item\":\"https:\/\/qingdaohf.com\/\"},{\"@type\":\"ListItem\",\"position\":2,\"name\":\"Concrete Forming Accessories and Rigging Hardware\",\"item\":\"https:\/\/qingdaohf.com\/bg\/?page_id=944\"},{\"@type\":\"ListItem\",\"position\":3,\"name\":\"Turnbuckle Concrete\"}]},{\"@type\":\"WebSite\",\"@id\":\"https:\/\/qingdaohf.com\/bg\/#website\",\"url\":\"https:\/\/qingdaohf.com\/bg\/\",\"name\":\"Concrete Form & Rigging Hardware Supplier\",\"description\":\"\",\"publisher\":{\"@id\":\"https:\/\/qingdaohf.com\/bg\/#organization\"},\"potentialAction\":[{\"@type\":\"SearchAction\",\"target\":{\"@type\":\"EntryPoint\",\"urlTemplate\":\"https:\/\/qingdaohf.com\/bg\/?s={search_term_string}\"},\"query-input\":{\"@type\":\"PropertyValueSpecification\",\"valueRequired\":true,\"valueName\":\"search_term_string\"}}],\"inLanguage\":\"tr\"},{\"@type\":\"Organization\",\"@id\":\"https:\/\/qingdaohf.com\/bg\/#organization\",\"name\":\"Qingdao H&F\",\"url\":\"https:\/\/qingdaohf.com\/bg\/\",\"logo\":{\"@type\":\"ImageObject\",\"inLanguage\":\"tr\",\"@id\":\"https:\/\/qingdaohf.com\/bg\/#\/schema\/logo\/image\/\",\"url\":\"https:\/\/qingdaohf.com\/wp-content\/uploads\/2022\/12\/cropped-HF-LOGO.png\",\"contentUrl\":\"https:\/\/qingdaohf.com\/wp-content\/uploads\/2022\/12\/cropped-HF-LOGO.png\",\"width\":391,\"height\":249,\"caption\":\"Qingdao H&F\"},\"image\":{\"@id\":\"https:\/\/qingdaohf.com\/bg\/#\/schema\/logo\/image\/\"},\"sameAs\":[\"https:\/\/www.facebook.com\/qingdaohf\"]}]}<\/script>\n<!-- \/ Yoast SEO plugin. -->","yoast_head_json":{"title":"Turnbuckle Concrete","description":"Turnbuckle concrete is a key accessory in most construction projects and is chiefly applied with formwork systems to make provision for stability and alignment.","robots":{"index":"index","follow":"follow","max-snippet":"max-snippet:-1","max-image-preview":"max-image-preview:large","max-video-preview":"max-video-preview:-1"},"canonical":"https:\/\/qingdaohf.com\/tr\/urun\/turnbuckle-beton\/","og_locale":"tr_TR","og_type":"article","og_title":"Turnbuckle Concrete","og_description":"Turnbuckle concrete is a key accessory in most construction projects and is chiefly applied with formwork systems to make provision for stability and alignment.","og_url":"https:\/\/qingdaohf.com\/tr\/urun\/turnbuckle-beton\/","og_site_name":"Concrete Form &amp; Rigging Hardware Supplier","article_publisher":"https:\/\/www.facebook.com\/qingdaohf","article_modified_time":"2025-11-13T01:02:20+00:00","og_image":[{"width":1000,"height":1000,"url":"https:\/\/qingdaohf.com\/wp-content\/uploads\/2025\/01\/concrete-turnbuckle.jpg","type":"image\/jpeg"}],"twitter_card":"summary_large_image","twitter_misc":{"Tahmini okuma s\u00fcresi":"5 dakika"},"schema":{"@context":"https:\/\/schema.org","@graph":[{"@type":"WebPage","@id":"https:\/\/qingdaohf.com\/product\/turnbuckle-concrete\/","url":"https:\/\/qingdaohf.com\/product\/turnbuckle-concrete\/","name":"Turnbuckle Concrete","isPartOf":{"@id":"https:\/\/qingdaohf.com\/bg\/#website"},"primaryImageOfPage":{"@id":"https:\/\/qingdaohf.com\/product\/turnbuckle-concrete\/#primaryimage"},"image":{"@id":"https:\/\/qingdaohf.com\/product\/turnbuckle-concrete\/#primaryimage"},"thumbnailUrl":"https:\/\/qingdaohf.com\/wp-content\/uploads\/2025\/01\/concrete-turnbuckle.jpg","datePublished":"2025-01-18T01:22:33+00:00","dateModified":"2025-11-13T01:02:20+00:00","description":"Turnbuckle concrete is a key accessory in most construction projects and is chiefly applied with formwork systems to make provision for stability and alignment.","breadcrumb":{"@id":"https:\/\/qingdaohf.com\/product\/turnbuckle-concrete\/#breadcrumb"},"inLanguage":"tr","potentialAction":[{"@type":"ReadAction","target":["https:\/\/qingdaohf.com\/product\/turnbuckle-concrete\/"]}]},{"@type":"ImageObject","inLanguage":"tr","@id":"https:\/\/qingdaohf.com\/product\/turnbuckle-concrete\/#primaryimage","url":"https:\/\/qingdaohf.com\/wp-content\/uploads\/2025\/01\/concrete-turnbuckle.jpg","contentUrl":"https:\/\/qingdaohf.com\/wp-content\/uploads\/2025\/01\/concrete-turnbuckle.jpg","width":1000,"height":1000,"caption":"concrete turnbuckle"},{"@type":"BreadcrumbList","@id":"https:\/\/qingdaohf.com\/product\/turnbuckle-concrete\/#breadcrumb","itemListElement":[{"@type":"ListItem","position":1,"name":"Home","item":"https:\/\/qingdaohf.com\/"},{"@type":"ListItem","position":2,"name":"Concrete Forming Accessories and Rigging Hardware","item":"https:\/\/qingdaohf.com\/bg\/?page_id=944"},{"@type":"ListItem","position":3,"name":"Turnbuckle Concrete"}]},{"@type":"WebSite","@id":"https:\/\/qingdaohf.com\/bg\/#website","url":"https:\/\/qingdaohf.com\/bg\/","name":"Concrete Form & Rigging Hardware Supplier","description":"","publisher":{"@id":"https:\/\/qingdaohf.com\/bg\/#organization"},"potentialAction":[{"@type":"SearchAction","target":{"@type":"EntryPoint","urlTemplate":"https:\/\/qingdaohf.com\/bg\/?s={search_term_string}"},"query-input":{"@type":"PropertyValueSpecification","valueRequired":true,"valueName":"search_term_string"}}],"inLanguage":"tr"},{"@type":"Organization","@id":"https:\/\/qingdaohf.com\/bg\/#organization","name":"Qingdao H&F","url":"https:\/\/qingdaohf.com\/bg\/","logo":{"@type":"ImageObject","inLanguage":"tr","@id":"https:\/\/qingdaohf.com\/bg\/#\/schema\/logo\/image\/","url":"https:\/\/qingdaohf.com\/wp-content\/uploads\/2022\/12\/cropped-HF-LOGO.png","contentUrl":"https:\/\/qingdaohf.com\/wp-content\/uploads\/2022\/12\/cropped-HF-LOGO.png","width":391,"height":249,"caption":"Qingdao H&F"},"image":{"@id":"https:\/\/qingdaohf.com\/bg\/#\/schema\/logo\/image\/"},"sameAs":["https:\/\/www.facebook.com\/qingdaohf"]}]}},"_links":{"self":[{"href":"https:\/\/qingdaohf.com\/tr\/wp-json\/wp\/v2\/product\/8745","targetHints":{"allow":["GET"]}}],"collection":[{"href":"https:\/\/qingdaohf.com\/tr\/wp-json\/wp\/v2\/product"}],"about":[{"href":"https:\/\/qingdaohf.com\/tr\/wp-json\/wp\/v2\/types\/product"}],"replies":[{"embeddable":true,"href":"https:\/\/qingdaohf.com\/tr\/wp-json\/wp\/v2\/comments?post=8745"}],"version-history":[{"count":6,"href":"https:\/\/qingdaohf.com\/tr\/wp-json\/wp\/v2\/product\/8745\/revisions"}],"predecessor-version":[{"id":9137,"href":"https:\/\/qingdaohf.com\/tr\/wp-json\/wp\/v2\/product\/8745\/revisions\/9137"}],"wp:featuredmedia":[{"embeddable":true,"href":"https:\/\/qingdaohf.com\/tr\/wp-json\/wp\/v2\/media\/8746"}],"wp:attachment":[{"href":"https:\/\/qingdaohf.com\/tr\/wp-json\/wp\/v2\/media?parent=8745"}],"wp:term":[{"taxonomy":"product_brand","embeddable":true,"href":"https:\/\/qingdaohf.com\/tr\/wp-json\/wp\/v2\/product_brand?post=8745"},{"taxonomy":"product_cat","embeddable":true,"href":"https:\/\/qingdaohf.com\/tr\/wp-json\/wp\/v2\/product_cat?post=8745"},{"taxonomy":"product_tag","embeddable":true,"href":"https:\/\/qingdaohf.com\/tr\/wp-json\/wp\/v2\/product_tag?post=8745"}],"curies":[{"name":"wp","href":"https:\/\/api.w.org\/{rel}","templated":true}]}}