{"id":8837,"date":"2025-01-18T10:11:43","date_gmt":"2025-01-18T02:11:43","guid":{"rendered":"http:\/\/qingdaohf.com\/?post_type=product&#038;p=8837"},"modified":"2025-11-13T09:02:20","modified_gmt":"2025-11-13T01:02:20","slug":"concrete-turnbuckle","status":"publish","type":"product","link":"https:\/\/qingdaohf.com\/tr\/urun\/beton-gerdirme\/","title":{"rendered":"Beton Gerdirme"},"content":{"rendered":"<h2 class=\"text-xl font-bold text-text-200 mt-1 -mb-0.5\">Beton Gerdirmeleri Anlamak<\/h2>\n<p class=\"whitespace-pre-wrap break-words\">\u0130n\u015faat projeleri s\u00f6z konusu oldu\u011funda, beton gerdirmeler stabilite ve hassasiyetin korunmas\u0131nda \u00e7ok \u00f6nemli bir rol oynar. Bu temel bile\u015fenler, y\u00fcklenicilerin kal\u0131ptaki gerilimi ayarlamas\u0131na olanak tan\u0131yarak beton d\u00f6k\u00fcm\u00fc s\u0131ras\u0131nda hassas hizalama elde edilmesini m\u00fcmk\u00fcn k\u0131lar. H&amp;F olarak, bu basit g\u00f6r\u00fcnen cihazlar\u0131n ne kadar \u00f6nemli oldu\u011funu biliyoruz - bir projenin ba\u015far\u0131s\u0131n\u0131 sa\u011flayabilir veya bozabilirler.<\/p>\n<p class=\"whitespace-pre-wrap break-words\">\u0130n\u015faat sekt\u00f6r\u00fc temel olarak iki \u00e7e\u015fit beton gerdirme kullan\u0131r: b\u00fck\u00fclm\u00fc\u015f plaka ve d\u00fcz plaka tasar\u0131mlar\u0131. Her birinin kendine \u00f6zg\u00fc avantajlar\u0131 vard\u0131r ve bu da onlar\u0131 farkl\u0131 proje ve uygulama t\u00fcrleri i\u00e7in uygun hale getirir.<\/p>\n<div class=\"ast-oembed-container\" style=\"height: 100%;\"><iframe title=\"Beton Gerdirme Form Hizalay\u0131c\u0131\" width=\"500\" height=\"281\" src=\"https:\/\/www.youtube.com\/embed\/1guP_DQRF1o?feature=oembed\" frameborder=\"0\" allow=\"accelerometer; autoplay; clipboard-write; encrypted-media; gyroscope; picture-in-picture; web-share\" referrerpolicy=\"strict-origin-when-cross-origin\" allowfullscreen><\/iframe><\/div>\n<h2 class=\"text-xl font-bold text-text-200 mt-1 -mb-0.5\">B\u00fck\u00fclm\u00fc\u015f Plakal\u0131 Gerdirmeler<\/h2>\n<p><img fetchpriority=\"high\" decoding=\"async\" class=\"alignnone size-medium wp-image-8806\" src=\"http:\/\/qingdaohf.com\/wp-content\/uploads\/2025\/01\/bent-plate-turnbuckle-9-300x300.jpg\" alt=\"b\u00fck\u00fclm\u00fc\u015f plaka gerdirme\" width=\"300\" height=\"300\" srcset=\"https:\/\/qingdaohf.com\/wp-content\/uploads\/2025\/01\/bent-plate-turnbuckle-9-300x300.jpg 300w, https:\/\/qingdaohf.com\/wp-content\/uploads\/2025\/01\/bent-plate-turnbuckle-9-150x150.jpg 150w, https:\/\/qingdaohf.com\/wp-content\/uploads\/2025\/01\/bent-plate-turnbuckle-9-768x768.jpg 768w, https:\/\/qingdaohf.com\/wp-content\/uploads\/2025\/01\/bent-plate-turnbuckle-9-12x12.jpg 12w, https:\/\/qingdaohf.com\/wp-content\/uploads\/2025\/01\/bent-plate-turnbuckle-9-500x500.jpg 500w, https:\/\/qingdaohf.com\/wp-content\/uploads\/2025\/01\/bent-plate-turnbuckle-9-100x100.jpg 100w, https:\/\/qingdaohf.com\/wp-content\/uploads\/2025\/01\/bent-plate-turnbuckle-9.jpg 1000w\" sizes=\"(max-width: 300px) 100vw, 300px\" \/><\/p>\n<p class=\"whitespace-pre-wrap break-words\">B\u00fck\u00fclm\u00fc\u015f plakal\u0131 gerdirmeler, belirli uygulamalarda onlara avantaj sa\u011flayan ay\u0131rt edici bir kavisli tasar\u0131ma sahiptir. \u015eekilleri sadece g\u00f6steri\u015f i\u00e7in de\u011fildir - kuvvetin daha e\u015fit bir \u015fekilde yay\u0131lmas\u0131na yard\u0131mc\u0131 olur, bu da onlar\u0131 \u00f6zellikle de\u011fi\u015fen y\u00fckler veya ola\u011fand\u0131\u015f\u0131 stres modelleriyle u\u011fra\u015f\u0131rken de\u011ferli k\u0131lar. \u0130n\u015faat ekipleri, s\u0131k s\u0131k ayarlama yapmalar\u0131 gerekti\u011finde genellikle bu modelleri tercih eder, \u00e7\u00fcnk\u00fc bunlar\u0131n kullan\u0131m\u0131 ve an\u0131nda ayarlanmas\u0131 genellikle daha kolayd\u0131r.<\/p>\n<p class=\"whitespace-pre-wrap break-words\">H&amp;F olarak b\u00fck\u00fclm\u00fc\u015f plaka gerdirmelerimizi en \u00fcst d\u00fczey malzemeler kullanarak \u00fcretiyor ve her bir birimi titiz testlerden ge\u00e7iriyoruz. Her gerdirme ayr\u0131nt\u0131l\u0131 kalite raporlar\u0131yla birlikte gelir, b\u00f6ylece tam olarak ne ald\u0131\u011f\u0131n\u0131z\u0131 bilirsiniz.<\/p>\n<h2 class=\"text-xl font-bold text-text-200 mt-1 -mb-0.5\">D\u00fcz Plakal\u0131 Gerdirmeler<\/h2>\n<p><img decoding=\"async\" class=\"alignnone size-medium wp-image-8772\" src=\"http:\/\/qingdaohf.com\/wp-content\/uploads\/2025\/01\/flat-plate-turnbuckle-17-300x300.jpg\" alt=\"d\u00fcz plaka gerdirme \" width=\"300\" height=\"300\" srcset=\"https:\/\/qingdaohf.com\/wp-content\/uploads\/2025\/01\/flat-plate-turnbuckle-17-300x300.jpg 300w, https:\/\/qingdaohf.com\/wp-content\/uploads\/2025\/01\/flat-plate-turnbuckle-17-150x150.jpg 150w, https:\/\/qingdaohf.com\/wp-content\/uploads\/2025\/01\/flat-plate-turnbuckle-17-768x768.jpg 768w, https:\/\/qingdaohf.com\/wp-content\/uploads\/2025\/01\/flat-plate-turnbuckle-17-12x12.jpg 12w, https:\/\/qingdaohf.com\/wp-content\/uploads\/2025\/01\/flat-plate-turnbuckle-17-500x500.jpg 500w, https:\/\/qingdaohf.com\/wp-content\/uploads\/2025\/01\/flat-plate-turnbuckle-17-100x100.jpg 100w, https:\/\/qingdaohf.com\/wp-content\/uploads\/2025\/01\/flat-plate-turnbuckle-17.jpg 1000w\" sizes=\"(max-width: 300px) 100vw, 300px\" \/><\/p>\n<p class=\"whitespace-pre-wrap break-words\">Daha basit bir \u015fey ar\u0131yorsan\u0131z, d\u00fcz plaka gerdirmeler en iyi se\u00e7ene\u011finiz olabilir. Sa\u00e7ma olmayan tasar\u0131mlar\u0131 sayesinde kurulumlar\u0131 \u00e7ok kolayd\u0131r ve \u00e7o\u011fu kal\u0131p sistemiyle sorunsuz bir \u015fekilde entegre olurlar. Bir\u00e7ok m\u00fcteahhit, b\u00fct\u00e7elerini sarsmadan g\u00fcvenilir performansa ihtiya\u00e7 duyduklar\u0131nda bu modelleri tercih eder.<\/p>\n<p class=\"whitespace-pre-wrap break-words\">D\u00fcz plaka gerdirmelerimiz, b\u00fck\u00fclm\u00fc\u015f plaka kuzenleri ile ayn\u0131 detaylara \u00f6zen g\u00f6sterilerek \u00fcretilmektedir. M\u00fc\u015fterilerimizin \u00f6zel gereksinimlerini anlamak i\u00e7in do\u011frudan onlarla birlikte \u00e7al\u0131\u015f\u0131yor ve projelerinin tam olarak ihtiya\u00e7 duydu\u011fu \u015feyi elde etmelerini sa\u011fl\u0131yoruz.<\/p>\n<h2 class=\"text-xl font-bold text-text-200 mt-1 -mb-0.5\">Beton Gerdirmeleriniz i\u00e7in Neden H&amp;F'yi Se\u00e7melisiniz?<\/h2>\n<p class=\"whitespace-pre-wrap break-words\">Do\u011fru tedarik\u00e7iyi se\u00e7mek, en az do\u011fru \u00fcr\u00fcn\u00fc se\u00e7mek kadar \u00f6nemlidir. H&amp;F'de biz sadece gerdirme satman\u0131n \u00f6tesine ge\u00e7iyoruz - ortakl\u0131klar kuruyoruz. Ki\u015fiselle\u015ftirilmi\u015f yakla\u015f\u0131m\u0131m\u0131z, projenizin benzersiz zorluklar\u0131n\u0131 ve gereksinimlerini anlayan \u00f6zel bir temsilci ile \u00e7al\u0131\u015faca\u011f\u0131n\u0131z anlam\u0131na gelir.<\/p>\n<p class=\"whitespace-pre-wrap break-words\">\u0130n\u015faat zaman \u00e7izelgelerinin dar oldu\u011funu biliyoruz, bu nedenle ihtiyac\u0131n\u0131z olan \u015feyi ihtiyac\u0131n\u0131z oldu\u011fu anda size ula\u015ft\u0131rmak i\u00e7in teslimat s\u00fcrecimizi kolayla\u015ft\u0131rd\u0131k. Gecikmeler paraya mal olur ve biz projenizi yolunda tutmaya kararl\u0131y\u0131z.<\/p>\n<p class=\"whitespace-pre-wrap break-words\">Kalite bizim i\u00e7in sadece bir moda s\u00f6zc\u00fck de\u011fildir - yapt\u0131\u011f\u0131m\u0131z her \u015feyin i\u00e7ine yerle\u015ftirilmi\u015ftir. Her gerdirme, tesisimizden \u00e7\u0131kmadan \u00f6nce kapsaml\u0131 testlerden ge\u00e7er. Her \u00fcr\u00fcn\u00fcn end\u00fcstri standartlar\u0131n\u0131 kar\u015f\u0131lad\u0131\u011f\u0131n\u0131 veya a\u015ft\u0131\u011f\u0131n\u0131 do\u011frulayabilmeniz i\u00e7in ayr\u0131nt\u0131l\u0131 denetim belgeleri sa\u011fl\u0131yoruz.<\/p>\n<p class=\"whitespace-pre-wrap break-words\">\u0130ster b\u00fck\u00fclm\u00fc\u015f plaka ister d\u00fcz plaka gerdirmelere ihtiyac\u0131n\u0131z olsun, \u00f6zel uygulaman\u0131za uygun \u00e7e\u015fitli boyutlar ve konfig\u00fcrasyonlar sunuyoruz. Ekibimiz her zaman do\u011fru se\u00e7ene\u011fi se\u00e7menize veya benzersiz zorluklar\u0131n\u0131z i\u00e7in \u00f6zel bir \u00e7\u00f6z\u00fcm geli\u015ftirmenize yard\u0131mc\u0131 olmaya haz\u0131rd\u0131r. Hi\u00e7bir in\u015faat projesinin birbirine tam olarak benzemedi\u011fini biliyoruz ve \u00f6zel durumunuz i\u00e7in i\u015fe yarayan gerdirmeler sa\u011flamak i\u00e7in buraday\u0131z.<\/p>","protected":false},"excerpt":{"rendered":"<p>Beton gerdirmeler, in\u015faat sekt\u00f6r\u00fcnde bir s\u00fcredir temel dayanak noktas\u0131d\u0131r ve kal\u0131p s\u0131ras\u0131nda gerdirme ve hizalamada do\u011fruluk sa\u011flar. Bu t\u00fcr gerdirmeleri sat\u0131n alanlar\u0131n \u00e7o\u011fu dayan\u0131kl\u0131l\u0131k, kullan\u0131m kolayl\u0131\u011f\u0131 ve optimum performans gibi unsurlar\u0131 g\u00f6z \u00f6n\u00fcnde bulundurur. H&amp;F olarak, farkl\u0131 \u00fcr\u00fcnler sunarak \u00e7e\u015fitli projelere hitap ediyoruz: b\u00fck\u00fclm\u00fc\u015f plaka ve d\u00fcz plaka \u00e7e\u015fitleri, \u00fcr\u00fcnler a\u00e7\u0131s\u0131ndan uyarlamaya izin veren bire bir m\u00fc\u015fteri hizmetleri, h\u0131zl\u0131 teslimat d\u00f6ng\u00fcleri ve sonunda g\u00fcvence veren eksiksiz kalite kontrol raporlar\u0131.<\/p>","protected":false},"featured_media":9146,"comment_status":"open","ping_status":"closed","template":"","meta":{"site-sidebar-layout":"default","site-content-layout":"","ast-site-content-layout":"default","site-content-style":"default","site-sidebar-style":"default","ast-global-header-display":"","ast-banner-title-visibility":"","ast-main-header-display":"","ast-hfb-above-header-display":"","ast-hfb-below-header-display":"","ast-hfb-mobile-header-display":"","site-post-title":"","ast-breadcrumbs-content":"","ast-featured-img":"","footer-sml-layout":"","theme-transparent-header-meta":"default","adv-header-id-meta":"","stick-header-meta":"default","header-above-stick-meta":"","header-main-stick-meta":"","header-below-stick-meta":"","astra-migrate-meta-layouts":"set","ast-page-background-enabled":"default","ast-page-background-meta":{"desktop":{"background-color":"","background-image":"","background-repeat":"repeat","background-position":"center center","background-size":"auto","background-attachment":"scroll","background-type":"","background-media":"","overlay-type":"","overlay-color":"","overlay-opacity":"","overlay-gradient":""},"tablet":{"background-color":"","background-image":"","background-repeat":"repeat","background-position":"center center","background-size":"auto","background-attachment":"scroll","background-type":"","background-media":"","overlay-type":"","overlay-color":"","overlay-opacity":"","overlay-gradient":""},"mobile":{"background-color":"","background-image":"","background-repeat":"repeat","background-position":"center center","background-size":"auto","background-attachment":"scroll","background-type":"","background-media":"","overlay-type":"","overlay-color":"","overlay-opacity":"","overlay-gradient":""}},"ast-content-background-meta":{"desktop":{"background-color":"var(--ast-global-color-5)","background-image":"","background-repeat":"repeat","background-position":"center center","background-size":"auto","background-attachment":"scroll","background-type":"","background-media":"","overlay-type":"","overlay-color":"","overlay-opacity":"","overlay-gradient":""},"tablet":{"background-color":"var(--ast-global-color-5)","background-image":"","background-repeat":"repeat","background-position":"center center","background-size":"auto","background-attachment":"scroll","background-type":"","background-media":"","overlay-type":"","overlay-color":"","overlay-opacity":"","overlay-gradient":""},"mobile":{"background-color":"var(--ast-global-color-5)","background-image":"","background-repeat":"repeat","background-position":"center center","background-size":"auto","background-attachment":"scroll","background-type":"","background-media":"","overlay-type":"","overlay-color":"","overlay-opacity":"","overlay-gradient":""}}},"product_brand":[],"product_cat":[28],"product_tag":[],"class_list":{"0":"post-8837","1":"product","2":"type-product","3":"status-publish","4":"has-post-thumbnail","6":"product_cat-concrete-forming","7":"desktop-align-left","8":"tablet-align-left","9":"mobile-align-left","10":"ast-product-gallery-layout-horizontal-slider","11":"ast-product-tabs-layout-horizontal","13":"first","14":"instock","15":"shipping-taxable","16":"purchasable","17":"product-type-simple"},"yoast_head":"<!-- This site is optimized with the Yoast SEO plugin v25.2 - https:\/\/yoast.com\/wordpress\/plugins\/seo\/ -->\n<title>Concrete Turnbuckle<\/title>\n<meta name=\"description\" content=\"Concrete turnbuckles have been a mainstay in the construction industry for quite some time and ensure accuracy in tensioning and alignment during formwork.\" \/>\n<meta name=\"robots\" content=\"index, follow, max-snippet:-1, max-image-preview:large, max-video-preview:-1\" \/>\n<link rel=\"canonical\" href=\"https:\/\/qingdaohf.com\/tr\/urun\/beton-gerdirme\/\" \/>\n<meta property=\"og:locale\" content=\"tr_TR\" \/>\n<meta property=\"og:type\" content=\"article\" \/>\n<meta property=\"og:title\" content=\"Concrete Turnbuckle\" \/>\n<meta property=\"og:description\" content=\"Concrete turnbuckles have been a mainstay in the construction industry for quite some time and ensure accuracy in tensioning and alignment during formwork.\" \/>\n<meta property=\"og:url\" content=\"https:\/\/qingdaohf.com\/tr\/urun\/beton-gerdirme\/\" \/>\n<meta property=\"og:site_name\" content=\"Concrete Form &amp; Rigging Hardware Supplier\" \/>\n<meta property=\"article:publisher\" content=\"https:\/\/www.facebook.com\/qingdaohf\" \/>\n<meta property=\"article:modified_time\" content=\"2025-11-13T01:02:20+00:00\" \/>\n<meta property=\"og:image\" content=\"https:\/\/qingdaohf.com\/wp-content\/uploads\/2025\/01\/turnbuckle-form-aligner.jpg\" \/>\n\t<meta property=\"og:image:width\" content=\"1000\" \/>\n\t<meta property=\"og:image:height\" content=\"1000\" \/>\n\t<meta property=\"og:image:type\" content=\"image\/jpeg\" \/>\n<meta name=\"twitter:card\" content=\"summary_large_image\" \/>\n<meta name=\"twitter:label1\" content=\"Tahmini okuma s\u00fcresi\" \/>\n\t<meta name=\"twitter:data1\" content=\"3 dakika\" \/>\n<script type=\"application\/ld+json\" class=\"yoast-schema-graph\">{\"@context\":\"https:\/\/schema.org\",\"@graph\":[{\"@type\":\"WebPage\",\"@id\":\"https:\/\/qingdaohf.com\/product\/concrete-turnbuckle\/\",\"url\":\"https:\/\/qingdaohf.com\/product\/concrete-turnbuckle\/\",\"name\":\"Concrete Turnbuckle\",\"isPartOf\":{\"@id\":\"https:\/\/qingdaohf.com\/bg\/#website\"},\"primaryImageOfPage\":{\"@id\":\"https:\/\/qingdaohf.com\/product\/concrete-turnbuckle\/#primaryimage\"},\"image\":{\"@id\":\"https:\/\/qingdaohf.com\/product\/concrete-turnbuckle\/#primaryimage\"},\"thumbnailUrl\":\"https:\/\/qingdaohf.com\/wp-content\/uploads\/2025\/01\/turnbuckle-form-aligner.jpg\",\"datePublished\":\"2025-01-18T02:11:43+00:00\",\"dateModified\":\"2025-11-13T01:02:20+00:00\",\"description\":\"Concrete turnbuckles have been a mainstay in the construction industry for quite some time and ensure accuracy in tensioning and alignment during formwork.\",\"breadcrumb\":{\"@id\":\"https:\/\/qingdaohf.com\/product\/concrete-turnbuckle\/#breadcrumb\"},\"inLanguage\":\"tr\",\"potentialAction\":[{\"@type\":\"ReadAction\",\"target\":[\"https:\/\/qingdaohf.com\/product\/concrete-turnbuckle\/\"]}]},{\"@type\":\"ImageObject\",\"inLanguage\":\"tr\",\"@id\":\"https:\/\/qingdaohf.com\/product\/concrete-turnbuckle\/#primaryimage\",\"url\":\"https:\/\/qingdaohf.com\/wp-content\/uploads\/2025\/01\/turnbuckle-form-aligner.jpg\",\"contentUrl\":\"https:\/\/qingdaohf.com\/wp-content\/uploads\/2025\/01\/turnbuckle-form-aligner.jpg\",\"width\":1000,\"height\":1000,\"caption\":\"turnbuckle form aligner\"},{\"@type\":\"BreadcrumbList\",\"@id\":\"https:\/\/qingdaohf.com\/product\/concrete-turnbuckle\/#breadcrumb\",\"itemListElement\":[{\"@type\":\"ListItem\",\"position\":1,\"name\":\"Home\",\"item\":\"https:\/\/qingdaohf.com\/\"},{\"@type\":\"ListItem\",\"position\":2,\"name\":\"Concrete Forming Accessories and Rigging Hardware\",\"item\":\"https:\/\/qingdaohf.com\/bg\/?page_id=944\"},{\"@type\":\"ListItem\",\"position\":3,\"name\":\"Concrete Turnbuckle\"}]},{\"@type\":\"WebSite\",\"@id\":\"https:\/\/qingdaohf.com\/bg\/#website\",\"url\":\"https:\/\/qingdaohf.com\/bg\/\",\"name\":\"Concrete Form & Rigging Hardware Supplier\",\"description\":\"\",\"publisher\":{\"@id\":\"https:\/\/qingdaohf.com\/bg\/#organization\"},\"potentialAction\":[{\"@type\":\"SearchAction\",\"target\":{\"@type\":\"EntryPoint\",\"urlTemplate\":\"https:\/\/qingdaohf.com\/bg\/?s={search_term_string}\"},\"query-input\":{\"@type\":\"PropertyValueSpecification\",\"valueRequired\":true,\"valueName\":\"search_term_string\"}}],\"inLanguage\":\"tr\"},{\"@type\":\"Organization\",\"@id\":\"https:\/\/qingdaohf.com\/bg\/#organization\",\"name\":\"Qingdao H&F\",\"url\":\"https:\/\/qingdaohf.com\/bg\/\",\"logo\":{\"@type\":\"ImageObject\",\"inLanguage\":\"tr\",\"@id\":\"https:\/\/qingdaohf.com\/bg\/#\/schema\/logo\/image\/\",\"url\":\"https:\/\/qingdaohf.com\/wp-content\/uploads\/2022\/12\/cropped-HF-LOGO.png\",\"contentUrl\":\"https:\/\/qingdaohf.com\/wp-content\/uploads\/2022\/12\/cropped-HF-LOGO.png\",\"width\":391,\"height\":249,\"caption\":\"Qingdao H&F\"},\"image\":{\"@id\":\"https:\/\/qingdaohf.com\/bg\/#\/schema\/logo\/image\/\"},\"sameAs\":[\"https:\/\/www.facebook.com\/qingdaohf\"]}]}<\/script>\n<!-- \/ Yoast SEO plugin. -->","yoast_head_json":{"title":"Concrete Turnbuckle","description":"Concrete turnbuckles have been a mainstay in the construction industry for quite some time and ensure accuracy in tensioning and alignment during formwork.","robots":{"index":"index","follow":"follow","max-snippet":"max-snippet:-1","max-image-preview":"max-image-preview:large","max-video-preview":"max-video-preview:-1"},"canonical":"https:\/\/qingdaohf.com\/tr\/urun\/beton-gerdirme\/","og_locale":"tr_TR","og_type":"article","og_title":"Concrete Turnbuckle","og_description":"Concrete turnbuckles have been a mainstay in the construction industry for quite some time and ensure accuracy in tensioning and alignment during formwork.","og_url":"https:\/\/qingdaohf.com\/tr\/urun\/beton-gerdirme\/","og_site_name":"Concrete Form &amp; Rigging Hardware Supplier","article_publisher":"https:\/\/www.facebook.com\/qingdaohf","article_modified_time":"2025-11-13T01:02:20+00:00","og_image":[{"width":1000,"height":1000,"url":"https:\/\/qingdaohf.com\/wp-content\/uploads\/2025\/01\/turnbuckle-form-aligner.jpg","type":"image\/jpeg"}],"twitter_card":"summary_large_image","twitter_misc":{"Tahmini okuma s\u00fcresi":"3 dakika"},"schema":{"@context":"https:\/\/schema.org","@graph":[{"@type":"WebPage","@id":"https:\/\/qingdaohf.com\/product\/concrete-turnbuckle\/","url":"https:\/\/qingdaohf.com\/product\/concrete-turnbuckle\/","name":"Concrete Turnbuckle","isPartOf":{"@id":"https:\/\/qingdaohf.com\/bg\/#website"},"primaryImageOfPage":{"@id":"https:\/\/qingdaohf.com\/product\/concrete-turnbuckle\/#primaryimage"},"image":{"@id":"https:\/\/qingdaohf.com\/product\/concrete-turnbuckle\/#primaryimage"},"thumbnailUrl":"https:\/\/qingdaohf.com\/wp-content\/uploads\/2025\/01\/turnbuckle-form-aligner.jpg","datePublished":"2025-01-18T02:11:43+00:00","dateModified":"2025-11-13T01:02:20+00:00","description":"Concrete turnbuckles have been a mainstay in the construction industry for quite some time and ensure accuracy in tensioning and alignment during formwork.","breadcrumb":{"@id":"https:\/\/qingdaohf.com\/product\/concrete-turnbuckle\/#breadcrumb"},"inLanguage":"tr","potentialAction":[{"@type":"ReadAction","target":["https:\/\/qingdaohf.com\/product\/concrete-turnbuckle\/"]}]},{"@type":"ImageObject","inLanguage":"tr","@id":"https:\/\/qingdaohf.com\/product\/concrete-turnbuckle\/#primaryimage","url":"https:\/\/qingdaohf.com\/wp-content\/uploads\/2025\/01\/turnbuckle-form-aligner.jpg","contentUrl":"https:\/\/qingdaohf.com\/wp-content\/uploads\/2025\/01\/turnbuckle-form-aligner.jpg","width":1000,"height":1000,"caption":"turnbuckle form aligner"},{"@type":"BreadcrumbList","@id":"https:\/\/qingdaohf.com\/product\/concrete-turnbuckle\/#breadcrumb","itemListElement":[{"@type":"ListItem","position":1,"name":"Home","item":"https:\/\/qingdaohf.com\/"},{"@type":"ListItem","position":2,"name":"Concrete Forming Accessories and Rigging Hardware","item":"https:\/\/qingdaohf.com\/bg\/?page_id=944"},{"@type":"ListItem","position":3,"name":"Concrete Turnbuckle"}]},{"@type":"WebSite","@id":"https:\/\/qingdaohf.com\/bg\/#website","url":"https:\/\/qingdaohf.com\/bg\/","name":"Concrete Form & Rigging Hardware Supplier","description":"","publisher":{"@id":"https:\/\/qingdaohf.com\/bg\/#organization"},"potentialAction":[{"@type":"SearchAction","target":{"@type":"EntryPoint","urlTemplate":"https:\/\/qingdaohf.com\/bg\/?s={search_term_string}"},"query-input":{"@type":"PropertyValueSpecification","valueRequired":true,"valueName":"search_term_string"}}],"inLanguage":"tr"},{"@type":"Organization","@id":"https:\/\/qingdaohf.com\/bg\/#organization","name":"Qingdao H&F","url":"https:\/\/qingdaohf.com\/bg\/","logo":{"@type":"ImageObject","inLanguage":"tr","@id":"https:\/\/qingdaohf.com\/bg\/#\/schema\/logo\/image\/","url":"https:\/\/qingdaohf.com\/wp-content\/uploads\/2022\/12\/cropped-HF-LOGO.png","contentUrl":"https:\/\/qingdaohf.com\/wp-content\/uploads\/2022\/12\/cropped-HF-LOGO.png","width":391,"height":249,"caption":"Qingdao H&F"},"image":{"@id":"https:\/\/qingdaohf.com\/bg\/#\/schema\/logo\/image\/"},"sameAs":["https:\/\/www.facebook.com\/qingdaohf"]}]}},"_links":{"self":[{"href":"https:\/\/qingdaohf.com\/tr\/wp-json\/wp\/v2\/product\/8837","targetHints":{"allow":["GET"]}}],"collection":[{"href":"https:\/\/qingdaohf.com\/tr\/wp-json\/wp\/v2\/product"}],"about":[{"href":"https:\/\/qingdaohf.com\/tr\/wp-json\/wp\/v2\/types\/product"}],"replies":[{"embeddable":true,"href":"https:\/\/qingdaohf.com\/tr\/wp-json\/wp\/v2\/comments?post=8837"}],"version-history":[{"count":4,"href":"https:\/\/qingdaohf.com\/tr\/wp-json\/wp\/v2\/product\/8837\/revisions"}],"predecessor-version":[{"id":9147,"href":"https:\/\/qingdaohf.com\/tr\/wp-json\/wp\/v2\/product\/8837\/revisions\/9147"}],"wp:featuredmedia":[{"embeddable":true,"href":"https:\/\/qingdaohf.com\/tr\/wp-json\/wp\/v2\/media\/9146"}],"wp:attachment":[{"href":"https:\/\/qingdaohf.com\/tr\/wp-json\/wp\/v2\/media?parent=8837"}],"wp:term":[{"taxonomy":"product_brand","embeddable":true,"href":"https:\/\/qingdaohf.com\/tr\/wp-json\/wp\/v2\/product_brand?post=8837"},{"taxonomy":"product_cat","embeddable":true,"href":"https:\/\/qingdaohf.com\/tr\/wp-json\/wp\/v2\/product_cat?post=8837"},{"taxonomy":"product_tag","embeddable":true,"href":"https:\/\/qingdaohf.com\/tr\/wp-json\/wp\/v2\/product_tag?post=8837"}],"curies":[{"name":"wp","href":"https:\/\/api.w.org\/{rel}","templated":true}]}}