{"id":8858,"date":"2025-01-21T15:05:09","date_gmt":"2025-01-21T07:05:09","guid":{"rendered":"http:\/\/qingdaohf.com\/?post_type=product&#038;p=8858"},"modified":"2025-11-13T09:02:20","modified_gmt":"2025-11-13T01:02:20","slug":"anchor-bolt-concrete","status":"publish","type":"product","link":"https:\/\/qingdaohf.com\/tr\/urun\/ankraj-civatasi-beton\/","title":{"rendered":"Ankraj C\u0131vatas\u0131 Beton"},"content":{"rendered":"<h2 class=\"whitespace-pre-wrap break-words\">Ankraj C\u0131vatas\u0131 Beton Uygulamalar\u0131n\u0131 Anlamak<\/h2>\n<p class=\"whitespace-pre-wrap break-words\">Temel c\u0131vatalar\u0131 veya L c\u0131vatalar\u0131 olarak da bilinen ankraj c\u0131vatalar\u0131, \u00e7e\u015fitli in\u015faat uygulamalar\u0131nda yap\u0131sal stabilitenin bel kemi\u011fi olarak hizmet eder. Herhangi bir b\u00fcy\u00fck in\u015faat sahas\u0131na girdi\u011finizde \u00e7elik kolonlar\u0131 tutan, a\u011f\u0131r makineleri sabitleyen veya yap\u0131sal \u00e7er\u00e7eveleri beton temellere sabitleyen bu c\u0131vatalar\u0131 g\u00f6r\u00fcrs\u00fcn\u00fcz. Bunlar s\u0131radan ba\u011flant\u0131 elemanlar\u0131 de\u011fildir - m\u00fchendislerin ve y\u00fcklenicilerin sahada talep etti\u011fi g\u00fcc\u00fc ve g\u00fcvenilirli\u011fi sa\u011flayan kritik bile\u015fenlerdir. Bu c\u0131vatalar\u0131n betonla nas\u0131l \u00e7al\u0131\u015ft\u0131\u011f\u0131n\u0131 bilmek sadece yard\u0131mc\u0131 olmakla kalmaz, ayn\u0131 zamanda do\u011fru tipi se\u00e7mek ve uzun vadede performans g\u00f6stereceklerinden emin olmak i\u00e7in de gereklidir.<\/p>\n<p><img fetchpriority=\"high\" decoding=\"async\" class=\"alignnone wp-image-9149 size-large\" src=\"http:\/\/qingdaohf.com\/wp-content\/uploads\/2025\/03\/foundation-bolt-1-1024x768.webp\" alt=\"temel c\u0131vatas\u0131\" width=\"1024\" height=\"768\" srcset=\"https:\/\/qingdaohf.com\/wp-content\/uploads\/2025\/03\/foundation-bolt-1-1024x768.webp 1024w, https:\/\/qingdaohf.com\/wp-content\/uploads\/2025\/03\/foundation-bolt-1-300x225.webp 300w, https:\/\/qingdaohf.com\/wp-content\/uploads\/2025\/03\/foundation-bolt-1-768x576.webp 768w, https:\/\/qingdaohf.com\/wp-content\/uploads\/2025\/03\/foundation-bolt-1-16x12.webp 16w, https:\/\/qingdaohf.com\/wp-content\/uploads\/2025\/03\/foundation-bolt-1-1000x750.webp 1000w, https:\/\/qingdaohf.com\/wp-content\/uploads\/2025\/03\/foundation-bolt-1.webp 1200w\" sizes=\"(max-width: 1024px) 100vw, 1024px\" \/><\/p>\n<p class=\"whitespace-pre-wrap break-words\">Herhangi bir ankraj c\u0131vatas\u0131 beton \u00e7\u00f6z\u00fcm\u00fcne bakt\u0131\u011f\u0131n\u0131zda, s\u0131f\u0131rdan sa\u011flam bir \u015fekilde in\u015fa edildi\u011fini g\u00f6receksiniz. Bunlar sadece bir \u015feyleri yerinde tutmak i\u00e7in tasarlanmam\u0131\u015ft\u0131r - zay\u0131f noktalar\u0131 ortadan kald\u0131rmak i\u00e7in y\u00fckleri e\u015fit \u015fekilde da\u011f\u0131t\u0131rken ciddi stres seviyeleri ve ac\u0131mas\u0131z \u00e7evre ko\u015fullar\u0131yla ba\u015fa \u00e7\u0131kacak \u015fekilde tasarlanm\u0131\u015flard\u0131r. Deneyimli m\u00fchendisler temel c\u0131vatalar\u0131n\u0131 ve L c\u0131vatalar\u0131n\u0131 se\u00e7erken \u00fc\u00e7 ana \u015feye bakarlar: \u00e7ekme mukavemeti, pasla ne kadar iyi m\u00fccadele etti\u011fi ve tam isabetle monte edilip edilemeyece\u011fi. \u00dcretim s\u00fcrecimizi tam olarak bu gereklilikler \u00fczerine in\u015fa ettik ve \u00fcr\u00fcnlerimizin projenizin gerektirdi\u011fi her \u015feyin \u00fcstesinden gelebilece\u011finden emin olduk.<\/p>\n<p><strong>Kaplama\/Malzeme:<\/strong> S\u0131cak Dald\u0131rma Galvanizli veya Kaplamas\u0131z \u00c7elik<\/p>\n<h3>Temel c\u0131vata boyutu:<\/h3>\n\n<table id=\"tablepress-2\" class=\"tablepress tablepress-id-2\">\n<thead>\n<tr class=\"row-1\">\n\t<th class=\"column-1\">\u00c7ap (in\u00e7)<\/th><th class=\"column-2\">Uzunluk (in\u00e7)<\/th>\n<\/tr>\n<\/thead>\n<tbody class=\"row-striping row-hover\">\n<tr class=\"row-2\">\n\t<td class=\"column-1\">1\/2\u2033<\/td><td class=\"column-2\">6\u2033<\/td>\n<\/tr>\n<tr class=\"row-3\">\n\t<td class=\"column-1\">1\/2\u2033<\/td><td class=\"column-2\">8\u2033<\/td>\n<\/tr>\n<tr class=\"row-4\">\n\t<td class=\"column-1\">1\/2\u2033<\/td><td class=\"column-2\">10\u2033<\/td>\n<\/tr>\n<tr class=\"row-5\">\n\t<td class=\"column-1\">1\/2\u2033<\/td><td class=\"column-2\">12\u2033<\/td>\n<\/tr>\n<tr class=\"row-6\">\n\t<td class=\"column-1\">1\/2\u2033<\/td><td class=\"column-2\">14\u2033<\/td>\n<\/tr>\n<tr class=\"row-7\">\n\t<td class=\"column-1\">1\/2\u2033<\/td><td class=\"column-2\">16\u2033<\/td>\n<\/tr>\n<tr class=\"row-8\">\n\t<td class=\"column-1\">1\/2\u2033<\/td><td class=\"column-2\">18\u2033<\/td>\n<\/tr>\n<tr class=\"row-9\">\n\t<td class=\"column-1\">5\/8\u2033<\/td><td class=\"column-2\">6\u2033<\/td>\n<\/tr>\n<tr class=\"row-10\">\n\t<td class=\"column-1\">5\/8\u2033<\/td><td class=\"column-2\">8\u2033<\/td>\n<\/tr>\n<tr class=\"row-11\">\n\t<td class=\"column-1\">5\/8\u2033<\/td><td class=\"column-2\">10\u2033<\/td>\n<\/tr>\n<tr class=\"row-12\">\n\t<td class=\"column-1\">5\/8\u2033<\/td><td class=\"column-2\">12\u2033<\/td>\n<\/tr>\n<tr class=\"row-13\">\n\t<td class=\"column-1\">5\/8\u2033<\/td><td class=\"column-2\">14\u2033<\/td>\n<\/tr>\n<tr class=\"row-14\">\n\t<td class=\"column-1\">5\/8\u2033<\/td><td class=\"column-2\">16\u2033<\/td>\n<\/tr>\n<tr class=\"row-15\">\n\t<td class=\"column-1\">5\/8\u2033<\/td><td class=\"column-2\">18\u2033<\/td>\n<\/tr>\n<tr class=\"row-16\">\n\t<td class=\"column-1\">3\/4\u2033<\/td><td class=\"column-2\">6\u2033<\/td>\n<\/tr>\n<tr class=\"row-17\">\n\t<td class=\"column-1\">3\/4\u2033<\/td><td class=\"column-2\">8\u2033<\/td>\n<\/tr>\n<tr class=\"row-18\">\n\t<td class=\"column-1\">3\/4\u2033<\/td><td class=\"column-2\">10\u2033<\/td>\n<\/tr>\n<tr class=\"row-19\">\n\t<td class=\"column-1\">3\/4\u2033<\/td><td class=\"column-2\">12\u2033<\/td>\n<\/tr>\n<tr class=\"row-20\">\n\t<td class=\"column-1\">3\/4\u2033<\/td><td class=\"column-2\">14\u2033<\/td>\n<\/tr>\n<tr class=\"row-21\">\n\t<td class=\"column-1\">3\/4\u2033<\/td><td class=\"column-2\">16\u2033<\/td>\n<\/tr>\n<tr class=\"row-22\">\n\t<td class=\"column-1\">3\/4\u2033<\/td><td class=\"column-2\">18\u2033<\/td>\n<\/tr>\n<\/tbody>\n<\/table>\n<!-- #tablepress-2 from cache -->\n<h2 class=\"whitespace-pre-wrap break-words\">Temel C\u0131vatas\u0131 Se\u00e7iminde Temel Fakt\u00f6rler<\/h2>\n<p class=\"whitespace-pre-wrap break-words\">Malzeme se\u00e7imi, temel c\u0131vatalar\u0131n\u0131z\u0131 ve L c\u0131vatalar\u0131n\u0131z\u0131 yapabilir veya bozabilir. Se\u00e7enekleriniz var: ham g\u00fcce ihtiya\u00e7 duydu\u011funuzda y\u00fcksek mukavemetli \u00e7elik ala\u015f\u0131mlar, ekstra koruma i\u00e7in galvaniz kaplamalar veya ortam \u00f6zellikle sert oldu\u011funda paslanmaz \u00e7elik. Bu c\u0131vatalar\u0131 neme, kimyasallara veya a\u015f\u0131r\u0131 s\u0131cakl\u0131klara maruz b\u0131rakacak bir projeniz mi var? Her senaryo i\u00e7in \u00f6zel malzemelerimiz var. Her c\u0131vata, sat\u0131n ald\u0131\u011f\u0131n\u0131z \u00fcr\u00fcne ger\u00e7ekten g\u00fcvenmenizi sa\u011flayan ayr\u0131nt\u0131l\u0131 inceleme raporlar\u0131yla desteklenen titiz kalite kontrol testlerinden ge\u00e7er.<\/p>\n<p class=\"whitespace-pre-wrap break-words\">Montaj hassasiyeti sadece tavsiye edilmekle kalmaz, temel c\u0131vatalar\u0131ndan ve L c\u0131vatalar\u0131ndan en y\u00fcksek performans\u0131 almak i\u00e7in \u00e7ok \u00f6nemlidir. G\u00f6mme derinli\u011fini ayarlaman\u0131z, tam tork de\u011ferlerine ula\u015fman\u0131z ve hizalamay\u0131 do\u011fru yapman\u0131z gerekir. Bu ayr\u0131nt\u0131lar, yap\u0131n\u0131z\u0131n bir arada ne kadar iyi durdu\u011funu do\u011frudan etkiler. Bu nedenle H&amp;F'nin teknik ekibi her zaman en iyi uygulamalar konusunda size rehberlik etmeye haz\u0131rd\u0131r ve kurulumunuzun yaln\u0131zca end\u00fcstri standartlar\u0131n\u0131 kar\u015f\u0131lamakla kalmay\u0131p bunlar\u0131 a\u015ft\u0131\u011f\u0131ndan emin olur. \u0130lk seferde do\u011fru yapman\u0131za yard\u0131mc\u0131 olmak i\u00e7in buraday\u0131z.<\/p>\n<div class=\"ast-oembed-container\" style=\"height: 100%;\"><iframe title=\"Temel C\u0131vatas\u0131\" width=\"500\" height=\"281\" src=\"https:\/\/www.youtube.com\/embed\/3M-AW45tVRI?feature=oembed\" frameborder=\"0\" allow=\"accelerometer; autoplay; clipboard-write; encrypted-media; gyroscope; picture-in-picture; web-share\" referrerpolicy=\"strict-origin-when-cross-origin\" allowfullscreen><\/iframe><\/div>\n<h2 class=\"whitespace-pre-wrap break-words\">L C\u0131vata \u0130htiya\u00e7lar\u0131n\u0131z \u0130\u00e7in Neden H&amp;F'yi Se\u00e7melisiniz?<\/h2>\n<p class=\"whitespace-pre-wrap break-words\">Bazen standartlar yeterli olmaz - i\u015fte bu noktada \u00f6zelle\u015ftirme devreye girer. Farkl\u0131 i\u015fler farkl\u0131 c\u0131vata \u00e7aplar\u0131na, di\u015f tiplerine ve uzunluklar\u0131na ihtiya\u00e7 duyar. \u00dcr\u00fcn yelpazemiz, sahada herhangi bir de\u011fi\u015fiklik yapmak zorunda kalmadan tam olarak ihtiyac\u0131n\u0131z olan\u0131 bulabilece\u011finiz kadar derindir. \u0130ster standart i\u015fler i\u00e7in temel L c\u0131vatalara ister benzersiz zorluklar i\u00e7in \u00f6zel olarak tasarlanm\u0131\u015f \u00e7\u00f6z\u00fcmlere ihtiyac\u0131n\u0131z olsun, ekibimiz sizi do\u011fru donan\u0131mla nas\u0131l e\u015fle\u015ftirece\u011fini bilir.<\/p>\n<p class=\"whitespace-pre-wrap break-words\">\u0130n\u015faat projelerinde zaman nakittir ve par\u00e7a beklemek program\u0131n\u0131z\u0131 ve b\u00fct\u00e7enizi mahvedebilir. Bu nedenle tedarik zincirimizi yal\u0131n ve verimli hale getirme konusunda tak\u0131nt\u0131l\u0131y\u0131z. B\u00fcrokrasiyi ortadan kald\u0131rd\u0131k ve ihtiyac\u0131n\u0131z olan\u0131, ihtiyac\u0131n\u0131z oldu\u011fu anda size ula\u015ft\u0131rmak i\u00e7in lojisti\u011fimizi kolayla\u015ft\u0131rd\u0131k, b\u00f6ylece projenizin maliyetli gecikmeler olmadan ilerlemesini sa\u011flad\u0131k.<\/p>\n<p class=\"whitespace-pre-wrap break-words\">Kalite burada sadece moda bir kelime de\u011fildir - yapt\u0131\u011f\u0131m\u0131z her \u015feyin i\u00e7ine yerle\u015ftirilmi\u015ftir. Her temel c\u0131vatas\u0131 ve L c\u0131vatas\u0131 partisi uluslararas\u0131 standartlara g\u00f6re kapsaml\u0131 bir \u015fekilde test edilir. Malzeme bile\u015fimi kontrollerinden y\u00fck testlerine kadar her \u015feyi ayr\u0131nt\u0131l\u0131 denetim raporlar\u0131yla belgeliyoruz. Kalite konusundaki bu tak\u0131nt\u0131m\u0131z bizi ciddi m\u00fcteahhitler ve m\u00fchendisler i\u00e7in vazge\u00e7ilmez bir ortak haline getirdi.<\/p>\n<p class=\"whitespace-pre-wrap break-words\">\u0130n\u015faat yava\u015flam\u0131yor ve g\u00fcvenilir ankraj \u00e7\u00f6z\u00fcmlerine olan ihtiya\u00e7 da azalm\u0131yor. \u0130ster yap\u0131lar, ister altyap\u0131 veya end\u00fcstriyel tesisler in\u015fa ediyor olun, sizi yar\u0131 yolda b\u0131rakmayacak temel c\u0131vatalar\u0131na ve L c\u0131vatalar\u0131na ihtiyac\u0131n\u0131z var. H&amp;F'de biz sadece donan\u0131m satm\u0131yoruz, cesur ve do\u011fru in\u015faatlar i\u00e7in g\u00fcven sa\u011fl\u0131yoruz.<\/p>","protected":false},"excerpt":{"rendered":"<p>Temel c\u0131vatalar\u0131 veya L c\u0131vatalar\u0131 olarak da bilinen ankraj c\u0131vatas\u0131 beton \u00e7\u00f6z\u00fcmleri, bir yap\u0131n\u0131n beton y\u00fczeylere temel olarak sabitlenmesidir. Bu t\u00fcr \u00fcr\u00fcnlerin dayan\u0131kl\u0131l\u0131\u011f\u0131, y\u00fck ta\u015f\u0131ma kapasiteleri ve \u00e7evresel diren\u00e7leri g\u00f6z \u00f6n\u00fcnde bulunduruldu\u011funda, bu t\u00fcr \u00fcr\u00fcnler m\u00fc\u015fteriler i\u00e7in b\u00fcy\u00fck bir endi\u015fe kayna\u011f\u0131d\u0131r. H&amp;F olarak bu gereksinimleri anl\u0131yor ve kalite g\u00fcvencesi ve sekt\u00f6rdeki standartlara uygunluk a\u00e7\u0131s\u0131ndan denetlenmi\u015f temel c\u0131vatalar\u0131 ve L c\u0131vatalar\u0131 sa\u011fl\u0131yoruz. Bire bir m\u00fc\u015fteri hizmetlerimiz, sat\u0131n alma s\u00fcreci boyunca s\u00fcrecin ki\u015fisel olarak ele al\u0131nmas\u0131n\u0131 sa\u011flar ve verimli lojistik, proje zaman \u00e7izelgesine uyacak \u015fekilde h\u0131zl\u0131 teslimat d\u00f6ng\u00fclerini garanti eder.<\/p>","protected":false},"featured_media":7000,"comment_status":"open","ping_status":"closed","template":"","meta":{"site-sidebar-layout":"default","site-content-layout":"","ast-site-content-layout":"default","site-content-style":"default","site-sidebar-style":"default","ast-global-header-display":"","ast-banner-title-visibility":"","ast-main-header-display":"","ast-hfb-above-header-display":"","ast-hfb-below-header-display":"","ast-hfb-mobile-header-display":"","site-post-title":"","ast-breadcrumbs-content":"","ast-featured-img":"","footer-sml-layout":"","theme-transparent-header-meta":"default","adv-header-id-meta":"","stick-header-meta":"default","header-above-stick-meta":"","header-main-stick-meta":"","header-below-stick-meta":"","astra-migrate-meta-layouts":"set","ast-page-background-enabled":"default","ast-page-background-meta":{"desktop":{"background-color":"","background-image":"","background-repeat":"repeat","background-position":"center center","background-size":"auto","background-attachment":"scroll","background-type":"","background-media":"","overlay-type":"","overlay-color":"","overlay-opacity":"","overlay-gradient":""},"tablet":{"background-color":"","background-image":"","background-repeat":"repeat","background-position":"center center","background-size":"auto","background-attachment":"scroll","background-type":"","background-media":"","overlay-type":"","overlay-color":"","overlay-opacity":"","overlay-gradient":""},"mobile":{"background-color":"","background-image":"","background-repeat":"repeat","background-position":"center center","background-size":"auto","background-attachment":"scroll","background-type":"","background-media":"","overlay-type":"","overlay-color":"","overlay-opacity":"","overlay-gradient":""}},"ast-content-background-meta":{"desktop":{"background-color":"var(--ast-global-color-5)","background-image":"","background-repeat":"repeat","background-position":"center center","background-size":"auto","background-attachment":"scroll","background-type":"","background-media":"","overlay-type":"","overlay-color":"","overlay-opacity":"","overlay-gradient":""},"tablet":{"background-color":"var(--ast-global-color-5)","background-image":"","background-repeat":"repeat","background-position":"center center","background-size":"auto","background-attachment":"scroll","background-type":"","background-media":"","overlay-type":"","overlay-color":"","overlay-opacity":"","overlay-gradient":""},"mobile":{"background-color":"var(--ast-global-color-5)","background-image":"","background-repeat":"repeat","background-position":"center center","background-size":"auto","background-attachment":"scroll","background-type":"","background-media":"","overlay-type":"","overlay-color":"","overlay-opacity":"","overlay-gradient":""}}},"product_brand":[],"product_cat":[28],"product_tag":[],"class_list":{"0":"post-8858","1":"product","2":"type-product","3":"status-publish","4":"has-post-thumbnail","6":"product_cat-concrete-forming","7":"desktop-align-left","8":"tablet-align-left","9":"mobile-align-left","10":"ast-product-gallery-layout-horizontal-slider","11":"ast-product-tabs-layout-horizontal","13":"first","14":"instock","15":"shipping-taxable","16":"purchasable","17":"product-type-simple"},"yoast_head":"<!-- This site is optimized with the Yoast SEO plugin v25.2 - https:\/\/yoast.com\/wordpress\/plugins\/seo\/ -->\n<title>Anchor Bolt Concrete<\/title>\n<meta name=\"description\" content=\"Anchor bolt concrete solutions, also known as foundation bolts or L bolts, are the fundamental fastening of a structure to concrete surfaces.\" \/>\n<meta name=\"robots\" content=\"index, follow, max-snippet:-1, max-image-preview:large, max-video-preview:-1\" \/>\n<link rel=\"canonical\" href=\"https:\/\/qingdaohf.com\/tr\/urun\/ankraj-civatasi-beton\/\" \/>\n<meta property=\"og:locale\" content=\"tr_TR\" \/>\n<meta property=\"og:type\" content=\"article\" \/>\n<meta property=\"og:title\" content=\"Anchor Bolt Concrete\" \/>\n<meta property=\"og:description\" content=\"Anchor bolt concrete solutions, also known as foundation bolts or L bolts, are the fundamental fastening of a structure to concrete surfaces.\" \/>\n<meta property=\"og:url\" content=\"https:\/\/qingdaohf.com\/tr\/urun\/ankraj-civatasi-beton\/\" \/>\n<meta property=\"og:site_name\" content=\"Concrete Form &amp; Rigging Hardware Supplier\" \/>\n<meta property=\"article:publisher\" content=\"https:\/\/www.facebook.com\/qingdaohf\" \/>\n<meta property=\"article:modified_time\" content=\"2025-11-13T01:02:20+00:00\" \/>\n<meta property=\"og:image\" content=\"https:\/\/qingdaohf.com\/wp-content\/uploads\/2024\/05\/J-bolt-6.jpg\" \/>\n\t<meta property=\"og:image:width\" content=\"1000\" \/>\n\t<meta property=\"og:image:height\" content=\"1000\" \/>\n\t<meta property=\"og:image:type\" content=\"image\/jpeg\" \/>\n<meta name=\"twitter:card\" content=\"summary_large_image\" \/>\n<meta name=\"twitter:label1\" content=\"Tahmini okuma s\u00fcresi\" \/>\n\t<meta name=\"twitter:data1\" content=\"4 dakika\" \/>\n<script type=\"application\/ld+json\" class=\"yoast-schema-graph\">{\"@context\":\"https:\/\/schema.org\",\"@graph\":[{\"@type\":\"WebPage\",\"@id\":\"https:\/\/qingdaohf.com\/product\/anchor-bolt-concrete\/\",\"url\":\"https:\/\/qingdaohf.com\/product\/anchor-bolt-concrete\/\",\"name\":\"Anchor Bolt Concrete\",\"isPartOf\":{\"@id\":\"https:\/\/qingdaohf.com\/bg\/#website\"},\"primaryImageOfPage\":{\"@id\":\"https:\/\/qingdaohf.com\/product\/anchor-bolt-concrete\/#primaryimage\"},\"image\":{\"@id\":\"https:\/\/qingdaohf.com\/product\/anchor-bolt-concrete\/#primaryimage\"},\"thumbnailUrl\":\"https:\/\/qingdaohf.com\/wp-content\/uploads\/2024\/05\/J-bolt-6.jpg\",\"datePublished\":\"2025-01-21T07:05:09+00:00\",\"dateModified\":\"2025-11-13T01:02:20+00:00\",\"description\":\"Anchor bolt concrete solutions, also known as foundation bolts or L bolts, are the fundamental fastening of a structure to concrete surfaces.\",\"breadcrumb\":{\"@id\":\"https:\/\/qingdaohf.com\/product\/anchor-bolt-concrete\/#breadcrumb\"},\"inLanguage\":\"tr\",\"potentialAction\":[{\"@type\":\"ReadAction\",\"target\":[\"https:\/\/qingdaohf.com\/product\/anchor-bolt-concrete\/\"]}]},{\"@type\":\"ImageObject\",\"inLanguage\":\"tr\",\"@id\":\"https:\/\/qingdaohf.com\/product\/anchor-bolt-concrete\/#primaryimage\",\"url\":\"https:\/\/qingdaohf.com\/wp-content\/uploads\/2024\/05\/J-bolt-6.jpg\",\"contentUrl\":\"https:\/\/qingdaohf.com\/wp-content\/uploads\/2024\/05\/J-bolt-6.jpg\",\"width\":1000,\"height\":1000},{\"@type\":\"BreadcrumbList\",\"@id\":\"https:\/\/qingdaohf.com\/product\/anchor-bolt-concrete\/#breadcrumb\",\"itemListElement\":[{\"@type\":\"ListItem\",\"position\":1,\"name\":\"Home\",\"item\":\"https:\/\/qingdaohf.com\/\"},{\"@type\":\"ListItem\",\"position\":2,\"name\":\"Concrete Forming Accessories and Rigging Hardware\",\"item\":\"https:\/\/qingdaohf.com\/bg\/?page_id=944\"},{\"@type\":\"ListItem\",\"position\":3,\"name\":\"Anchor Bolt Concrete\"}]},{\"@type\":\"WebSite\",\"@id\":\"https:\/\/qingdaohf.com\/bg\/#website\",\"url\":\"https:\/\/qingdaohf.com\/bg\/\",\"name\":\"Concrete Form & Rigging Hardware Supplier\",\"description\":\"\",\"publisher\":{\"@id\":\"https:\/\/qingdaohf.com\/bg\/#organization\"},\"potentialAction\":[{\"@type\":\"SearchAction\",\"target\":{\"@type\":\"EntryPoint\",\"urlTemplate\":\"https:\/\/qingdaohf.com\/bg\/?s={search_term_string}\"},\"query-input\":{\"@type\":\"PropertyValueSpecification\",\"valueRequired\":true,\"valueName\":\"search_term_string\"}}],\"inLanguage\":\"tr\"},{\"@type\":\"Organization\",\"@id\":\"https:\/\/qingdaohf.com\/bg\/#organization\",\"name\":\"Qingdao H&F\",\"url\":\"https:\/\/qingdaohf.com\/bg\/\",\"logo\":{\"@type\":\"ImageObject\",\"inLanguage\":\"tr\",\"@id\":\"https:\/\/qingdaohf.com\/bg\/#\/schema\/logo\/image\/\",\"url\":\"https:\/\/qingdaohf.com\/wp-content\/uploads\/2022\/12\/cropped-HF-LOGO.png\",\"contentUrl\":\"https:\/\/qingdaohf.com\/wp-content\/uploads\/2022\/12\/cropped-HF-LOGO.png\",\"width\":391,\"height\":249,\"caption\":\"Qingdao H&F\"},\"image\":{\"@id\":\"https:\/\/qingdaohf.com\/bg\/#\/schema\/logo\/image\/\"},\"sameAs\":[\"https:\/\/www.facebook.com\/qingdaohf\"]}]}<\/script>\n<!-- \/ Yoast SEO plugin. -->","yoast_head_json":{"title":"Anchor Bolt Concrete","description":"Anchor bolt concrete solutions, also known as foundation bolts or L bolts, are the fundamental fastening of a structure to concrete surfaces.","robots":{"index":"index","follow":"follow","max-snippet":"max-snippet:-1","max-image-preview":"max-image-preview:large","max-video-preview":"max-video-preview:-1"},"canonical":"https:\/\/qingdaohf.com\/tr\/urun\/ankraj-civatasi-beton\/","og_locale":"tr_TR","og_type":"article","og_title":"Anchor Bolt Concrete","og_description":"Anchor bolt concrete solutions, also known as foundation bolts or L bolts, are the fundamental fastening of a structure to concrete surfaces.","og_url":"https:\/\/qingdaohf.com\/tr\/urun\/ankraj-civatasi-beton\/","og_site_name":"Concrete Form &amp; Rigging Hardware Supplier","article_publisher":"https:\/\/www.facebook.com\/qingdaohf","article_modified_time":"2025-11-13T01:02:20+00:00","og_image":[{"width":1000,"height":1000,"url":"https:\/\/qingdaohf.com\/wp-content\/uploads\/2024\/05\/J-bolt-6.jpg","type":"image\/jpeg"}],"twitter_card":"summary_large_image","twitter_misc":{"Tahmini okuma s\u00fcresi":"4 dakika"},"schema":{"@context":"https:\/\/schema.org","@graph":[{"@type":"WebPage","@id":"https:\/\/qingdaohf.com\/product\/anchor-bolt-concrete\/","url":"https:\/\/qingdaohf.com\/product\/anchor-bolt-concrete\/","name":"Anchor Bolt Concrete","isPartOf":{"@id":"https:\/\/qingdaohf.com\/bg\/#website"},"primaryImageOfPage":{"@id":"https:\/\/qingdaohf.com\/product\/anchor-bolt-concrete\/#primaryimage"},"image":{"@id":"https:\/\/qingdaohf.com\/product\/anchor-bolt-concrete\/#primaryimage"},"thumbnailUrl":"https:\/\/qingdaohf.com\/wp-content\/uploads\/2024\/05\/J-bolt-6.jpg","datePublished":"2025-01-21T07:05:09+00:00","dateModified":"2025-11-13T01:02:20+00:00","description":"Anchor bolt concrete solutions, also known as foundation bolts or L bolts, are the fundamental fastening of a structure to concrete surfaces.","breadcrumb":{"@id":"https:\/\/qingdaohf.com\/product\/anchor-bolt-concrete\/#breadcrumb"},"inLanguage":"tr","potentialAction":[{"@type":"ReadAction","target":["https:\/\/qingdaohf.com\/product\/anchor-bolt-concrete\/"]}]},{"@type":"ImageObject","inLanguage":"tr","@id":"https:\/\/qingdaohf.com\/product\/anchor-bolt-concrete\/#primaryimage","url":"https:\/\/qingdaohf.com\/wp-content\/uploads\/2024\/05\/J-bolt-6.jpg","contentUrl":"https:\/\/qingdaohf.com\/wp-content\/uploads\/2024\/05\/J-bolt-6.jpg","width":1000,"height":1000},{"@type":"BreadcrumbList","@id":"https:\/\/qingdaohf.com\/product\/anchor-bolt-concrete\/#breadcrumb","itemListElement":[{"@type":"ListItem","position":1,"name":"Home","item":"https:\/\/qingdaohf.com\/"},{"@type":"ListItem","position":2,"name":"Concrete Forming Accessories and Rigging Hardware","item":"https:\/\/qingdaohf.com\/bg\/?page_id=944"},{"@type":"ListItem","position":3,"name":"Anchor Bolt Concrete"}]},{"@type":"WebSite","@id":"https:\/\/qingdaohf.com\/bg\/#website","url":"https:\/\/qingdaohf.com\/bg\/","name":"Concrete Form & Rigging Hardware Supplier","description":"","publisher":{"@id":"https:\/\/qingdaohf.com\/bg\/#organization"},"potentialAction":[{"@type":"SearchAction","target":{"@type":"EntryPoint","urlTemplate":"https:\/\/qingdaohf.com\/bg\/?s={search_term_string}"},"query-input":{"@type":"PropertyValueSpecification","valueRequired":true,"valueName":"search_term_string"}}],"inLanguage":"tr"},{"@type":"Organization","@id":"https:\/\/qingdaohf.com\/bg\/#organization","name":"Qingdao H&F","url":"https:\/\/qingdaohf.com\/bg\/","logo":{"@type":"ImageObject","inLanguage":"tr","@id":"https:\/\/qingdaohf.com\/bg\/#\/schema\/logo\/image\/","url":"https:\/\/qingdaohf.com\/wp-content\/uploads\/2022\/12\/cropped-HF-LOGO.png","contentUrl":"https:\/\/qingdaohf.com\/wp-content\/uploads\/2022\/12\/cropped-HF-LOGO.png","width":391,"height":249,"caption":"Qingdao H&F"},"image":{"@id":"https:\/\/qingdaohf.com\/bg\/#\/schema\/logo\/image\/"},"sameAs":["https:\/\/www.facebook.com\/qingdaohf"]}]}},"_links":{"self":[{"href":"https:\/\/qingdaohf.com\/tr\/wp-json\/wp\/v2\/product\/8858","targetHints":{"allow":["GET"]}}],"collection":[{"href":"https:\/\/qingdaohf.com\/tr\/wp-json\/wp\/v2\/product"}],"about":[{"href":"https:\/\/qingdaohf.com\/tr\/wp-json\/wp\/v2\/types\/product"}],"replies":[{"embeddable":true,"href":"https:\/\/qingdaohf.com\/tr\/wp-json\/wp\/v2\/comments?post=8858"}],"version-history":[{"count":9,"href":"https:\/\/qingdaohf.com\/tr\/wp-json\/wp\/v2\/product\/8858\/revisions"}],"predecessor-version":[{"id":8862,"href":"https:\/\/qingdaohf.com\/tr\/wp-json\/wp\/v2\/product\/8858\/revisions\/8862"}],"wp:featuredmedia":[{"embeddable":true,"href":"https:\/\/qingdaohf.com\/tr\/wp-json\/wp\/v2\/media\/7000"}],"wp:attachment":[{"href":"https:\/\/qingdaohf.com\/tr\/wp-json\/wp\/v2\/media?parent=8858"}],"wp:term":[{"taxonomy":"product_brand","embeddable":true,"href":"https:\/\/qingdaohf.com\/tr\/wp-json\/wp\/v2\/product_brand?post=8858"},{"taxonomy":"product_cat","embeddable":true,"href":"https:\/\/qingdaohf.com\/tr\/wp-json\/wp\/v2\/product_cat?post=8858"},{"taxonomy":"product_tag","embeddable":true,"href":"https:\/\/qingdaohf.com\/tr\/wp-json\/wp\/v2\/product_tag?post=8858"}],"curies":[{"name":"wp","href":"https:\/\/api.w.org\/{rel}","templated":true}]}}