{"id":8950,"date":"2025-02-13T11:53:04","date_gmt":"2025-02-13T03:53:04","guid":{"rendered":"http:\/\/qingdaohf.com\/?post_type=product&#038;p=8950"},"modified":"2025-11-13T09:02:19","modified_gmt":"2025-11-13T01:02:19","slug":"stainless-steel-eye-bolt","status":"publish","type":"product","link":"https:\/\/qingdaohf.com\/tr\/urun\/paslanmaz-celik-delikli-civata\/","title":{"rendered":"Paslanmaz \u00c7elik G\u00f6zl\u00fc c\u0131vata"},"content":{"rendered":"<p class=\"whitespace-pre-wrap break-words\">G\u00fcc\u00fc sofistikelikle birle\u015ftiren bir ba\u011flant\u0131 eleman\u0131 ar\u0131yorsan\u0131z, paslanmaz \u00e7elik delikli c\u0131vatam\u0131z tam olarak bunu sa\u011flar. Birinci s\u0131n\u0131f paslanmaz \u00e7elikten \u00fcretilen bu c\u0131vatalar, b\u00fct\u00fcnl\u00fcklerini koruyarak zorlu ko\u015fullara dayan\u0131r. Tersanelerden \u015fantiyelere kadar, s\u0131radan ba\u011flant\u0131 elemanlar\u0131n\u0131n yeterli olmad\u0131\u011f\u0131 zorlu ortamlarda de\u011ferlerini kan\u0131tlam\u0131\u015flard\u0131r.<\/p>\n<p class=\"whitespace-pre-wrap break-words\">Bu delikli c\u0131vatalar\u0131 di\u011ferlerinden ay\u0131ran \u015fey, ayr\u0131nt\u0131lara g\u00f6sterdikleri \u00f6zendir. Her biri hassas bir \u015fekilde i\u015flenmi\u015f di\u015flere ve \u00f6zenle \u015fekillendirilmi\u015f bir g\u00f6ze sahiptir, bu da sadece i\u015flevsel de\u011fil ayn\u0131 zamanda rafine bir bile\u015fen olu\u015fturur. Cilal\u0131 y\u00fczey sadece g\u00f6r\u00fcn\u00fcm i\u00e7in de\u011fildir; bu c\u0131vatalar\u0131n her y\u0131l g\u00fcvenilir bir \u015fekilde \u00e7al\u0131\u015fmas\u0131n\u0131 sa\u011flayan ekstra bir korozyon direnci katman\u0131 ekler.<\/p>\n<p class=\"whitespace-pre-wrap break-words\">Biz sadece kaliteden bahsetmiyoruz, bunu kan\u0131tl\u0131yoruz. Her bir c\u0131vata tesisimizden \u00e7\u0131kmadan \u00f6nce kapsaml\u0131 testlerden ge\u00e7irilir. Bu, delikli c\u0131vatalar\u0131m\u0131zdan birini takt\u0131\u011f\u0131n\u0131zda, projenizde kar\u015f\u0131la\u015faca\u011f\u0131n\u0131z her t\u00fcrl\u00fc zorlu\u011fun \u00fcstesinden gelece\u011fine g\u00fcvenebilece\u011finiz anlam\u0131na gelir.<\/p>\n<h2 class=\"text-xl font-bold text-text-200 mt-1 -mb-0.5\">Ayr\u0131nt\u0131l\u0131 \u00d6zellikler ve \u00c7ok Y\u00f6nl\u00fc Boyutlar<\/h2>\n<h3 class=\"text-lg font-bold text-text-200 mt-1 -mb-1.5\">Boyut Aral\u0131\u011f\u0131 ve Uygulamalar<\/h3>\n<p class=\"whitespace-pre-wrap break-words\">Kompakt M2'den sa\u011flam M24'e kadar, delikli c\u0131vatalar\u0131m\u0131z her i\u015fin \u00fcstesinden gelebilecek boyutlardad\u0131r. Bu sadece se\u00e7eneklere sahip olmakla ilgili de\u011fildir - belirli zorluklar i\u00e7in do\u011fru arac\u0131 sa\u011flamakla ilgilidir. Daha k\u00fc\u00e7\u00fck M2 ve M3 c\u0131vatalar hassas ekipmanlarda m\u00fckemmel performans g\u00f6sterirken, daha g\u00fc\u00e7l\u00fc M20 ila M24 boyutlar\u0131 a\u011f\u0131r end\u00fcstriyel y\u00fcklerin \u00fcstesinden g\u00fcvenle gelir.<\/p>\n<p class=\"whitespace-pre-wrap break-words\">Her boyut, her seferinde m\u00fckemmel uyum sa\u011flayan di\u015f aral\u0131\u011f\u0131 ve \u00e7ap toleranslar\u0131 ile titiz standartlara g\u00f6re \u00fcretilir. Bunu mukavemet, yorulma direnci ve korozyon performans\u0131n\u0131 kapsayan ayr\u0131nt\u0131l\u0131 kalite raporlar\u0131yla destekliyoruz - \u00e7\u00fcnk\u00fc s\u00f6z konusu ba\u011flant\u0131 elemanlar\u0131 oldu\u011funda, tahminler yeterince iyi de\u011fildir.<\/p>\n<h3 class=\"text-lg font-bold text-text-200 mt-1 -mb-1.5\">Tasar\u0131m \u00d6zellikleri<\/h3>\n<p class=\"whitespace-pre-wrap break-words\">Bunlar b\u00fcy\u00fckbaban\u0131z\u0131n delikli c\u0131vatalar\u0131 de\u011fil. Di\u015f a\u00e7ma modeli zaman i\u00e7inde a\u015f\u0131nmay\u0131 azalt\u0131rken, g\u00f6z\u00fcn e\u011frilik da\u011f\u0131l\u0131m\u0131 y\u00fck ta\u015f\u0131may\u0131 optimize eder. Bu, daha az bak\u0131m s\u0131k\u0131nt\u0131s\u0131 ve daha uzun hizmet \u00f6mr\u00fc anlam\u0131na gelir - onar\u0131m i\u00e7in eri\u015fimin s\u0131n\u0131rl\u0131 veya maliyetli oldu\u011fu durumlarda tam da ihtiyac\u0131n\u0131z olan \u015fey.<\/p>\n<h2 class=\"text-xl font-bold text-text-200 mt-1 -mb-0.5\">Ay\u0131rt Edici \u00d6zellikler ve Pazar Kar\u015f\u0131la\u015ft\u0131rmas\u0131<\/h2>\n<h3 class=\"text-lg font-bold text-text-200 mt-1 -mb-1.5\">Malzeme ve \u00dcretim M\u00fckemmelli\u011fi<\/h3>\n<p class=\"whitespace-pre-wrap break-words\">Piyasada g\u00f6zl\u00fc c\u0131vata s\u0131k\u0131nt\u0131s\u0131 olmasa da, bizimkiler geli\u015fmi\u015f metal\u00fcrji ve hassas \u00fcretim sayesinde di\u011ferlerinden ayr\u0131l\u0131r. Kulland\u0131\u011f\u0131m\u0131z paslanmaz \u00e7elik sadece korozyona kar\u015f\u0131 dayan\u0131kl\u0131 de\u011fildir, ayn\u0131 zamanda g\u00fc\u00e7\/a\u011f\u0131rl\u0131k oran\u0131 ve uzun s\u00fcreli dayan\u0131kl\u0131l\u0131\u011f\u0131 i\u00e7in \u00f6zel olarak se\u00e7ilmi\u015ftir. Bu, daha d\u00fc\u015f\u00fck malzemelerin zay\u0131fl\u0131klar\u0131n\u0131 h\u0131zla g\u00f6sterdi\u011fi deniz ortamlar\u0131nda veya kimyasal i\u015fleme tesislerinde ger\u00e7ek bir fark yarat\u0131r.<\/p>\n<p class=\"whitespace-pre-wrap break-words\">\u00dcretim s\u00fcrecimiz geleneksel d\u00f6vme uzmanl\u0131\u011f\u0131n\u0131 modern \u0131s\u0131l i\u015flem teknikleriyle birle\u015ftirmektedir. Bu, hem g\u00fc\u00e7 hem de uzun \u00f6m\u00fcrl\u00fcl\u00fck a\u00e7\u0131s\u0131ndan standart tekliflerden daha iyi performans g\u00f6steren tutarl\u0131, g\u00fcvenilir \u00fcr\u00fcnler yarat\u0131r.<\/p>\n<h3 class=\"text-lg font-bold text-text-200 mt-1 -mb-1.5\">Performans Avantajlar\u0131<\/h3>\n<p class=\"whitespace-pre-wrap break-words\">Bire bir kar\u015f\u0131la\u015ft\u0131rmalarda, delikli c\u0131vatalar\u0131m\u0131z hem korozyona hem de metal yorgunlu\u011funa kar\u015f\u0131 \u00fcst\u00fcn diren\u00e7 g\u00f6stermektedir. Y\u00fczey kaplamas\u0131 sadece g\u00f6r\u00fcn\u00fc\u015fle ilgili de\u011fildir - d\u00f6k\u00fcnt\u00fc birikimini etkin bir \u015fekilde \u00f6nler ve di\u011fer bile\u015fenlerle sorunsuz \u00e7al\u0131\u015fmay\u0131 sa\u011flar. Kullan\u0131c\u0131lar, \u00fcr\u00fcnlerimize ge\u00e7tikten sonra bak\u0131m s\u00fcrelerinde \u00f6nemli azalmalar oldu\u011funu bildirmektedir.<\/p>\n<h3 class=\"text-lg font-bold text-text-200 mt-1 -mb-1.5\">Servis ve Destek<\/h3>\n<p class=\"whitespace-pre-wrap break-words\">\u00dcst\u00fcn kaliteli \u00fcr\u00fcnlerimizi \u00fcst\u00fcn kaliteli hizmetle destekliyoruz. Her sipari\u015f, kapsaml\u0131 kalite kontrol belgeleri ve ba\u011flant\u0131 elemanlar\u0131n\u0131n i\u00e7ini ve d\u0131\u015f\u0131n\u0131 bilen ki\u015filerden teknik deste\u011fe eri\u015fim i\u00e7erir. H\u0131zl\u0131 teslimat s\u00fcreleri ve kolay sipari\u015f, projelerinizin gecikme olmadan ilerlemesini sa\u011flar.<\/p>\n<h2 class=\"text-xl font-bold text-text-200 mt-1 -mb-0.5\">Uygulama ve Kalite G\u00fcvencesi<\/h2>\n<h3 class=\"text-lg font-bold text-text-200 mt-1 -mb-1.5\">Ger\u00e7ek D\u00fcnya Performans\u0131<\/h3>\n<p class=\"whitespace-pre-wrap break-words\">Bu delikli c\u0131vatalar a\u011f\u0131r imalattan hassas makinelere kadar her sekt\u00f6rde kendini kan\u0131tlam\u0131\u015ft\u0131r. De\u011fi\u015fen y\u00fckler alt\u0131nda b\u00fct\u00fcnl\u00fc\u011f\u00fc koruma yetenekleri, ar\u0131zan\u0131n bir se\u00e7enek olmad\u0131\u011f\u0131 dinamik ortamlarda onlar\u0131 \u00e7ok de\u011ferli k\u0131lar.<\/p>\n<h3 class=\"text-lg font-bold text-text-200 mt-1 -mb-1.5\">Bak\u0131m ve Uzun \u00d6m\u00fcrl\u00fcl\u00fck<\/h3>\n<p class=\"whitespace-pre-wrap break-words\">Cilal\u0131 y\u00fczey g\u00f6ze \u00e7arpmaktan daha fazlas\u0131n\u0131 yapar - kirlenmeye kar\u015f\u0131 etkin bir \u015fekilde diren\u00e7 g\u00f6sterir ve denetim prosed\u00fcrlerini basitle\u015ftirir. Bak\u0131ma y\u00f6nelik bu pratik yakla\u015f\u0131m zamandan tasarruf sa\u011flar ve beklenmedik ekipman ar\u0131za s\u00fcresi riskini azalt\u0131r.<\/p>\n<h3 class=\"text-lg font-bold text-text-200 mt-1 -mb-1.5\">Kalite Kontrol<\/h3>\n<p class=\"whitespace-pre-wrap break-words\">Her g\u00f6zl\u00fc c\u0131vata, ger\u00e7ek d\u00fcnya ko\u015fullar\u0131n\u0131 sim\u00fcle eden titiz testlerden ge\u00e7irilir. \u00c7ekme mukavemeti, y\u00fck kapasitesi ve \u00e7evresel diren\u00e7 gibi kritik parametreleri \u00f6l\u00e7\u00fcyoruz. Bu kapsaml\u0131 yakla\u015f\u0131m, an\u0131nda kullan\u0131ma haz\u0131r bile\u015fenler alman\u0131z\u0131 sa\u011flar.<\/p>\n<h3 class=\"text-lg font-bold text-text-200 mt-1 -mb-1.5\">Devam Eden Geli\u015ftirme<\/h3>\n<p class=\"whitespace-pre-wrap break-words\">Tasar\u0131mlar\u0131m\u0131z\u0131 m\u00fc\u015fteri geri bildirimlerine ve geli\u015fen end\u00fcstri ihtiya\u00e7lar\u0131na g\u00f6re s\u00fcrekli olarak geli\u015ftiriyoruz. Bu iyile\u015ftirme taahh\u00fcd\u00fc, g\u00f6zl\u00fc c\u0131vatalar\u0131m\u0131z\u0131 ba\u011flant\u0131 eleman\u0131 teknolojisinin en ileri noktas\u0131nda, bug\u00fcn\u00fcn oldu\u011fu kadar yar\u0131n\u0131n da zorluklar\u0131n\u0131 kar\u015f\u0131lamaya haz\u0131r tutmaktad\u0131r.<\/p>\n<p class=\"whitespace-pre-wrap break-words\">Sonu\u00e7 olarak, bu paslanmaz \u00e7elik delikli c\u0131vatalar m\u00fchendislik hassasiyeti ve pratik g\u00fcvenilirli\u011fin m\u00fckemmel dengesini temsil etmektedir. En k\u00fc\u00e7\u00fck M2'den en b\u00fcy\u00fck M24'e kadar her boyut, kapsaml\u0131 kalite g\u00fcvencesiyle desteklenen tutarl\u0131 bir performans sunar. Duyarl\u0131 m\u00fc\u015fteri hizmetlerimiz ve h\u0131zl\u0131 teslimat\u0131m\u0131zla birle\u015fti\u011finde, her bile\u015fende m\u00fckemmellik talep eden profesyoneller i\u00e7in ideal se\u00e7imdir.<\/p>","protected":false},"excerpt":{"rendered":"<p>Paslanmaz \u00e7elik delikli c\u0131vatam\u0131z, g\u00fc\u00e7 ve dayan\u0131kl\u0131l\u0131\u011f\u0131n son derece \u00f6nemli oldu\u011fu kullan\u0131mlarda tavizsiz g\u00fcvenilirlik ve esneklik sa\u011flar. M2'den M24'e kadar \u00e7ok \u00e7e\u015fitli di\u015f boyutlar\u0131na sahip olan bu \u00fcr\u00fcn, al\u0131c\u0131lar\u0131n korozyon direnci, y\u00fck kapasitesi ve \u00e7e\u015fitli tiplerdeki mekanik sistemlere entegrasyon kolayl\u0131\u011f\u0131 ile ilgili s\u0131k\u00e7a sordu\u011fu sorular\u0131 yan\u0131tlar. G\u00fcvenilir bir ticaret firmas\u0131 olarak, m\u00fc\u015fterilerimizin en iyisinden ba\u015fka bir \u015fey elde etmemeleri i\u00e7in bire bir m\u00fc\u015fteri hizmeti, h\u0131zl\u0131 teslimat d\u00f6ng\u00fcs\u00fc ve bir dizi kalite kontrol raporu sunmaktan gurur duyuyoruz.<\/p>","protected":false},"featured_media":8951,"comment_status":"open","ping_status":"closed","template":"","meta":{"site-sidebar-layout":"default","site-content-layout":"","ast-site-content-layout":"default","site-content-style":"default","site-sidebar-style":"default","ast-global-header-display":"","ast-banner-title-visibility":"","ast-main-header-display":"","ast-hfb-above-header-display":"","ast-hfb-below-header-display":"","ast-hfb-mobile-header-display":"","site-post-title":"","ast-breadcrumbs-content":"","ast-featured-img":"","footer-sml-layout":"","theme-transparent-header-meta":"default","adv-header-id-meta":"","stick-header-meta":"default","header-above-stick-meta":"","header-main-stick-meta":"","header-below-stick-meta":"","astra-migrate-meta-layouts":"set","ast-page-background-enabled":"default","ast-page-background-meta":{"desktop":{"background-color":"","background-image":"","background-repeat":"repeat","background-position":"center center","background-size":"auto","background-attachment":"scroll","background-type":"","background-media":"","overlay-type":"","overlay-color":"","overlay-opacity":"","overlay-gradient":""},"tablet":{"background-color":"","background-image":"","background-repeat":"repeat","background-position":"center center","background-size":"auto","background-attachment":"scroll","background-type":"","background-media":"","overlay-type":"","overlay-color":"","overlay-opacity":"","overlay-gradient":""},"mobile":{"background-color":"","background-image":"","background-repeat":"repeat","background-position":"center center","background-size":"auto","background-attachment":"scroll","background-type":"","background-media":"","overlay-type":"","overlay-color":"","overlay-opacity":"","overlay-gradient":""}},"ast-content-background-meta":{"desktop":{"background-color":"var(--ast-global-color-5)","background-image":"","background-repeat":"repeat","background-position":"center center","background-size":"auto","background-attachment":"scroll","background-type":"","background-media":"","overlay-type":"","overlay-color":"","overlay-opacity":"","overlay-gradient":""},"tablet":{"background-color":"var(--ast-global-color-5)","background-image":"","background-repeat":"repeat","background-position":"center center","background-size":"auto","background-attachment":"scroll","background-type":"","background-media":"","overlay-type":"","overlay-color":"","overlay-opacity":"","overlay-gradient":""},"mobile":{"background-color":"var(--ast-global-color-5)","background-image":"","background-repeat":"repeat","background-position":"center center","background-size":"auto","background-attachment":"scroll","background-type":"","background-media":"","overlay-type":"","overlay-color":"","overlay-opacity":"","overlay-gradient":""}}},"product_brand":[],"product_cat":[44],"product_tag":[],"class_list":{"0":"post-8950","1":"product","2":"type-product","3":"status-publish","4":"has-post-thumbnail","6":"product_cat-stainless-steel-poduct","7":"desktop-align-left","8":"tablet-align-left","9":"mobile-align-left","10":"ast-product-gallery-layout-horizontal-slider","11":"ast-product-tabs-layout-horizontal","13":"first","14":"instock","15":"shipping-taxable","16":"purchasable","17":"product-type-simple"},"yoast_head":"<!-- This site is optimized with the Yoast SEO plugin v25.2 - https:\/\/yoast.com\/wordpress\/plugins\/seo\/ -->\n<title>Stainless Steel Eye bolt<\/title>\n<meta name=\"description\" content=\"Our stainless steel eye bolt provides uncompromising reliability and flexibility in uses where strength and durability are of the utmost importance.\" \/>\n<meta name=\"robots\" content=\"index, follow, max-snippet:-1, max-image-preview:large, max-video-preview:-1\" \/>\n<link rel=\"canonical\" href=\"https:\/\/qingdaohf.com\/tr\/urun\/paslanmaz-celik-delikli-civata\/\" \/>\n<meta property=\"og:locale\" content=\"tr_TR\" \/>\n<meta property=\"og:type\" content=\"article\" \/>\n<meta property=\"og:title\" content=\"Stainless Steel Eye bolt\" \/>\n<meta property=\"og:description\" content=\"Our stainless steel eye bolt provides uncompromising reliability and flexibility in uses where strength and durability are of the utmost importance.\" \/>\n<meta property=\"og:url\" content=\"https:\/\/qingdaohf.com\/tr\/urun\/paslanmaz-celik-delikli-civata\/\" \/>\n<meta property=\"og:site_name\" content=\"Concrete Form &amp; Rigging Hardware Supplier\" \/>\n<meta property=\"article:publisher\" content=\"https:\/\/www.facebook.com\/qingdaohf\" \/>\n<meta property=\"article:modified_time\" content=\"2025-11-13T01:02:19+00:00\" \/>\n<meta property=\"og:image\" content=\"https:\/\/qingdaohf.com\/wp-content\/uploads\/2025\/02\/eye-bolt-2.webp\" \/>\n\t<meta property=\"og:image:width\" content=\"1000\" \/>\n\t<meta property=\"og:image:height\" content=\"1000\" \/>\n\t<meta property=\"og:image:type\" content=\"image\/webp\" \/>\n<meta name=\"twitter:card\" content=\"summary_large_image\" \/>\n<meta name=\"twitter:label1\" content=\"Tahmini okuma s\u00fcresi\" \/>\n\t<meta name=\"twitter:data1\" content=\"4 dakika\" \/>\n<script type=\"application\/ld+json\" class=\"yoast-schema-graph\">{\"@context\":\"https:\/\/schema.org\",\"@graph\":[{\"@type\":\"WebPage\",\"@id\":\"https:\/\/qingdaohf.com\/product\/stainless-steel-eye-bolt\/\",\"url\":\"https:\/\/qingdaohf.com\/product\/stainless-steel-eye-bolt\/\",\"name\":\"Stainless Steel Eye bolt\",\"isPartOf\":{\"@id\":\"https:\/\/qingdaohf.com\/bg\/#website\"},\"primaryImageOfPage\":{\"@id\":\"https:\/\/qingdaohf.com\/product\/stainless-steel-eye-bolt\/#primaryimage\"},\"image\":{\"@id\":\"https:\/\/qingdaohf.com\/product\/stainless-steel-eye-bolt\/#primaryimage\"},\"thumbnailUrl\":\"https:\/\/qingdaohf.com\/wp-content\/uploads\/2025\/02\/eye-bolt-2.webp\",\"datePublished\":\"2025-02-13T03:53:04+00:00\",\"dateModified\":\"2025-11-13T01:02:19+00:00\",\"description\":\"Our stainless steel eye bolt provides uncompromising reliability and flexibility in uses where strength and durability are of the utmost importance.\",\"breadcrumb\":{\"@id\":\"https:\/\/qingdaohf.com\/product\/stainless-steel-eye-bolt\/#breadcrumb\"},\"inLanguage\":\"tr\",\"potentialAction\":[{\"@type\":\"ReadAction\",\"target\":[\"https:\/\/qingdaohf.com\/product\/stainless-steel-eye-bolt\/\"]}]},{\"@type\":\"ImageObject\",\"inLanguage\":\"tr\",\"@id\":\"https:\/\/qingdaohf.com\/product\/stainless-steel-eye-bolt\/#primaryimage\",\"url\":\"https:\/\/qingdaohf.com\/wp-content\/uploads\/2025\/02\/eye-bolt-2.webp\",\"contentUrl\":\"https:\/\/qingdaohf.com\/wp-content\/uploads\/2025\/02\/eye-bolt-2.webp\",\"width\":1000,\"height\":1000},{\"@type\":\"BreadcrumbList\",\"@id\":\"https:\/\/qingdaohf.com\/product\/stainless-steel-eye-bolt\/#breadcrumb\",\"itemListElement\":[{\"@type\":\"ListItem\",\"position\":1,\"name\":\"Home\",\"item\":\"https:\/\/qingdaohf.com\/\"},{\"@type\":\"ListItem\",\"position\":2,\"name\":\"Concrete Forming Accessories and Rigging Hardware\",\"item\":\"https:\/\/qingdaohf.com\/bg\/?page_id=944\"},{\"@type\":\"ListItem\",\"position\":3,\"name\":\"Stainless Steel Eye bolt\"}]},{\"@type\":\"WebSite\",\"@id\":\"https:\/\/qingdaohf.com\/bg\/#website\",\"url\":\"https:\/\/qingdaohf.com\/bg\/\",\"name\":\"Concrete Form & Rigging Hardware Supplier\",\"description\":\"\",\"publisher\":{\"@id\":\"https:\/\/qingdaohf.com\/bg\/#organization\"},\"potentialAction\":[{\"@type\":\"SearchAction\",\"target\":{\"@type\":\"EntryPoint\",\"urlTemplate\":\"https:\/\/qingdaohf.com\/bg\/?s={search_term_string}\"},\"query-input\":{\"@type\":\"PropertyValueSpecification\",\"valueRequired\":true,\"valueName\":\"search_term_string\"}}],\"inLanguage\":\"tr\"},{\"@type\":\"Organization\",\"@id\":\"https:\/\/qingdaohf.com\/bg\/#organization\",\"name\":\"Qingdao H&F\",\"url\":\"https:\/\/qingdaohf.com\/bg\/\",\"logo\":{\"@type\":\"ImageObject\",\"inLanguage\":\"tr\",\"@id\":\"https:\/\/qingdaohf.com\/bg\/#\/schema\/logo\/image\/\",\"url\":\"https:\/\/qingdaohf.com\/wp-content\/uploads\/2022\/12\/cropped-HF-LOGO.png\",\"contentUrl\":\"https:\/\/qingdaohf.com\/wp-content\/uploads\/2022\/12\/cropped-HF-LOGO.png\",\"width\":391,\"height\":249,\"caption\":\"Qingdao H&F\"},\"image\":{\"@id\":\"https:\/\/qingdaohf.com\/bg\/#\/schema\/logo\/image\/\"},\"sameAs\":[\"https:\/\/www.facebook.com\/qingdaohf\"]}]}<\/script>\n<!-- \/ Yoast SEO plugin. -->","yoast_head_json":{"title":"Stainless Steel Eye bolt","description":"Our stainless steel eye bolt provides uncompromising reliability and flexibility in uses where strength and durability are of the utmost importance.","robots":{"index":"index","follow":"follow","max-snippet":"max-snippet:-1","max-image-preview":"max-image-preview:large","max-video-preview":"max-video-preview:-1"},"canonical":"https:\/\/qingdaohf.com\/tr\/urun\/paslanmaz-celik-delikli-civata\/","og_locale":"tr_TR","og_type":"article","og_title":"Stainless Steel Eye bolt","og_description":"Our stainless steel eye bolt provides uncompromising reliability and flexibility in uses where strength and durability are of the utmost importance.","og_url":"https:\/\/qingdaohf.com\/tr\/urun\/paslanmaz-celik-delikli-civata\/","og_site_name":"Concrete Form &amp; Rigging Hardware Supplier","article_publisher":"https:\/\/www.facebook.com\/qingdaohf","article_modified_time":"2025-11-13T01:02:19+00:00","og_image":[{"width":1000,"height":1000,"url":"https:\/\/qingdaohf.com\/wp-content\/uploads\/2025\/02\/eye-bolt-2.webp","type":"image\/webp"}],"twitter_card":"summary_large_image","twitter_misc":{"Tahmini okuma s\u00fcresi":"4 dakika"},"schema":{"@context":"https:\/\/schema.org","@graph":[{"@type":"WebPage","@id":"https:\/\/qingdaohf.com\/product\/stainless-steel-eye-bolt\/","url":"https:\/\/qingdaohf.com\/product\/stainless-steel-eye-bolt\/","name":"Stainless Steel Eye bolt","isPartOf":{"@id":"https:\/\/qingdaohf.com\/bg\/#website"},"primaryImageOfPage":{"@id":"https:\/\/qingdaohf.com\/product\/stainless-steel-eye-bolt\/#primaryimage"},"image":{"@id":"https:\/\/qingdaohf.com\/product\/stainless-steel-eye-bolt\/#primaryimage"},"thumbnailUrl":"https:\/\/qingdaohf.com\/wp-content\/uploads\/2025\/02\/eye-bolt-2.webp","datePublished":"2025-02-13T03:53:04+00:00","dateModified":"2025-11-13T01:02:19+00:00","description":"Our stainless steel eye bolt provides uncompromising reliability and flexibility in uses where strength and durability are of the utmost importance.","breadcrumb":{"@id":"https:\/\/qingdaohf.com\/product\/stainless-steel-eye-bolt\/#breadcrumb"},"inLanguage":"tr","potentialAction":[{"@type":"ReadAction","target":["https:\/\/qingdaohf.com\/product\/stainless-steel-eye-bolt\/"]}]},{"@type":"ImageObject","inLanguage":"tr","@id":"https:\/\/qingdaohf.com\/product\/stainless-steel-eye-bolt\/#primaryimage","url":"https:\/\/qingdaohf.com\/wp-content\/uploads\/2025\/02\/eye-bolt-2.webp","contentUrl":"https:\/\/qingdaohf.com\/wp-content\/uploads\/2025\/02\/eye-bolt-2.webp","width":1000,"height":1000},{"@type":"BreadcrumbList","@id":"https:\/\/qingdaohf.com\/product\/stainless-steel-eye-bolt\/#breadcrumb","itemListElement":[{"@type":"ListItem","position":1,"name":"Home","item":"https:\/\/qingdaohf.com\/"},{"@type":"ListItem","position":2,"name":"Concrete Forming Accessories and Rigging Hardware","item":"https:\/\/qingdaohf.com\/bg\/?page_id=944"},{"@type":"ListItem","position":3,"name":"Stainless Steel Eye bolt"}]},{"@type":"WebSite","@id":"https:\/\/qingdaohf.com\/bg\/#website","url":"https:\/\/qingdaohf.com\/bg\/","name":"Concrete Form & Rigging Hardware Supplier","description":"","publisher":{"@id":"https:\/\/qingdaohf.com\/bg\/#organization"},"potentialAction":[{"@type":"SearchAction","target":{"@type":"EntryPoint","urlTemplate":"https:\/\/qingdaohf.com\/bg\/?s={search_term_string}"},"query-input":{"@type":"PropertyValueSpecification","valueRequired":true,"valueName":"search_term_string"}}],"inLanguage":"tr"},{"@type":"Organization","@id":"https:\/\/qingdaohf.com\/bg\/#organization","name":"Qingdao H&F","url":"https:\/\/qingdaohf.com\/bg\/","logo":{"@type":"ImageObject","inLanguage":"tr","@id":"https:\/\/qingdaohf.com\/bg\/#\/schema\/logo\/image\/","url":"https:\/\/qingdaohf.com\/wp-content\/uploads\/2022\/12\/cropped-HF-LOGO.png","contentUrl":"https:\/\/qingdaohf.com\/wp-content\/uploads\/2022\/12\/cropped-HF-LOGO.png","width":391,"height":249,"caption":"Qingdao H&F"},"image":{"@id":"https:\/\/qingdaohf.com\/bg\/#\/schema\/logo\/image\/"},"sameAs":["https:\/\/www.facebook.com\/qingdaohf"]}]}},"_links":{"self":[{"href":"https:\/\/qingdaohf.com\/tr\/wp-json\/wp\/v2\/product\/8950","targetHints":{"allow":["GET"]}}],"collection":[{"href":"https:\/\/qingdaohf.com\/tr\/wp-json\/wp\/v2\/product"}],"about":[{"href":"https:\/\/qingdaohf.com\/tr\/wp-json\/wp\/v2\/types\/product"}],"replies":[{"embeddable":true,"href":"https:\/\/qingdaohf.com\/tr\/wp-json\/wp\/v2\/comments?post=8950"}],"version-history":[{"count":2,"href":"https:\/\/qingdaohf.com\/tr\/wp-json\/wp\/v2\/product\/8950\/revisions"}],"predecessor-version":[{"id":8957,"href":"https:\/\/qingdaohf.com\/tr\/wp-json\/wp\/v2\/product\/8950\/revisions\/8957"}],"wp:featuredmedia":[{"embeddable":true,"href":"https:\/\/qingdaohf.com\/tr\/wp-json\/wp\/v2\/media\/8951"}],"wp:attachment":[{"href":"https:\/\/qingdaohf.com\/tr\/wp-json\/wp\/v2\/media?parent=8950"}],"wp:term":[{"taxonomy":"product_brand","embeddable":true,"href":"https:\/\/qingdaohf.com\/tr\/wp-json\/wp\/v2\/product_brand?post=8950"},{"taxonomy":"product_cat","embeddable":true,"href":"https:\/\/qingdaohf.com\/tr\/wp-json\/wp\/v2\/product_cat?post=8950"},{"taxonomy":"product_tag","embeddable":true,"href":"https:\/\/qingdaohf.com\/tr\/wp-json\/wp\/v2\/product_tag?post=8950"}],"curies":[{"name":"wp","href":"https:\/\/api.w.org\/{rel}","templated":true}]}}