{"id":9464,"date":"2025-04-18T10:51:53","date_gmt":"2025-04-18T02:51:53","guid":{"rendered":"http:\/\/qingdaohf.com\/?post_type=product&#038;p=9464"},"modified":"2025-11-13T09:02:18","modified_gmt":"2025-11-13T01:02:18","slug":"grapnel-anchor","status":"publish","type":"product","link":"https:\/\/qingdaohf.com\/tr\/urun\/grapnel-capa-2\/","title":{"rendered":"Grapnel \u00c7apa"},"content":{"rendered":"<h2 class=\"\" data-start=\"405\" data-end=\"444\">Grapnel Ankraj\u0131na Giri\u015f<\/h2>\n<p class=\"\" data-start=\"445\" data-end=\"917\">Beton kal\u0131p ve donan\u0131m donan\u0131m\u0131nda, sabit kollu Grapnel Ankraj, basitli\u011fi g\u00fcvenilir kavrama ile birle\u015ftirerek kendini g\u00f6sterir. E\u015fit aral\u0131kl\u0131 d\u00f6rt kanat, karma\u015f\u0131k montaj gerektirmeden alt katmanlara kilitlenerek sahada kurulum s\u00fcresini k\u0131salt\u0131r. Katlan\u0131r modellerin aksine, bu model dinamik y\u00fckler alt\u0131nda tutarl\u0131 yap\u0131sal b\u00fct\u00fcnl\u00fc\u011f\u00fc korur. Sezgisel tasar\u0131m\u0131, mevcut destek sistemlerine sorunsuz bir \u015fekilde entegre olarak hem g\u00fcvenlik marjlar\u0131n\u0131 hem de operasyonel verimlili\u011fi art\u0131r\u0131r.<\/p>\n<h2 class=\"\" data-start=\"919\" data-end=\"959\">Malzeme Bile\u015fimi ve Tasar\u0131m<\/h2>\n<p class=\"\" data-start=\"960\" data-end=\"1575\">Her bir \u00fcnite A36 karbon \u00e7eli\u011finden \u00fcretilmi\u015ftir ve tam kol geometrisini korumak i\u00e7in lazer hassasiyetiyle kesilmi\u015ftir. Tam penetrasyonlu kaynaklar, kanat\u00e7\u0131klar\u0131 merkezi bir g\u00f6be\u011fe sabitleyerek y\u00fck alt\u0131nda deformasyona direnen tek par\u00e7al\u0131 bir montaj olu\u015fturur. S\u0131cak dald\u0131rma galvanizleme i\u015flemi, 85 mikronu a\u015fan bir \u00e7inko tabakas\u0131 olu\u015fturarak nemli veya alkali beton ortamlarda korozyona kar\u015f\u0131 koruma sa\u011flar. Fluke u\u00e7lar\u0131 30\u00b0'lik bir profille pahlanarak penetrasyonu kolayla\u015ft\u0131r\u0131r ve \u00e7ekme direncini en \u00fcst d\u00fczeye \u00e7\u0131kar\u0131r. Pim \u00e7ap\u0131 \u00be in\u00e7'e (19 mm) kadar olan kelep\u00e7elerle uyumluluk, standart donan\u0131mla sorunsuz entegrasyon sa\u011flar.<\/p>\n<p class=\"\" data-start=\"960\" data-end=\"1575\"><span style=\"font-size: 1.7em; font-weight: bold;\">Uygulamalar ve Varyantlar<\/span><\/p>\n<p class=\"\" data-start=\"2101\" data-end=\"2695\">Grapnel \u00c7apa, yanal ve yukar\u0131 kald\u0131rma kuvvetlerinin kontrol alt\u0131na al\u0131nmas\u0131 gereken e\u011fimli veya d\u00fcz olmayan zeminlerde kal\u0131p stabilizasyonunda m\u00fckemmeldir. Deniz ortamlar\u0131nda, g\u00fcvenilir tutu\u015f i\u00e7in kum veya \u00e7ak\u0131l i\u00e7ine kaz\u0131lan kanat\u00e7\u0131klar ile yumu\u015fak deniz tabanlar\u0131nda ge\u00e7ici demirlemeleri sabitler. Y\u00fczey se\u00e7imi uygun varyant\u0131 belirler: standart modeller genel beton i\u015flerini ele al\u0131rken, a\u011f\u0131r hizmet versiyonlar\u0131 daha derin g\u00f6mme ve daha y\u00fcksek y\u00fck taleplerini kar\u015f\u0131lamak i\u00e7in g\u00fc\u00e7lendirilmi\u015f g\u00f6bekler ve uzat\u0131lm\u0131\u015f kollar i\u00e7erir. Ankraj tipinin saha ko\u015fullar\u0131yla e\u015fle\u015ftirilmesi, optimum performans ve verimli \u00e7\u0131karma i\u015flemini garanti eder.<\/p>\n<h2 class=\"\" data-start=\"2697\" data-end=\"2735\">Kalite G\u00fcvence ve Test<\/h2>\n<p class=\"\" data-start=\"2736\" data-end=\"3225\">Her ankraj, yap\u0131sal esnekli\u011fi do\u011frulamak i\u00e7in nominal kapasitesinin 1,5 kat\u0131nda \u00e7ekme testine tabi tutulur. Korozyon direnci, ASTM B117 tuz p\u00fcsk\u00fcrtme de\u011ferlendirmeleri ile do\u011frulan\u0131r ve k\u0131rm\u0131z\u0131 pas olu\u015fumu olmadan 500 saatten fazla maruz kalma g\u00f6sterilir. \u00dcretim ISO 9001 kalite y\u00f6netim protokolleriyle uyumludur ve CE i\u015fareti Avrupa g\u00fcvenlik gerekliliklerine uygunlu\u011fu onaylar. Her bir g\u00f6be\u011fe damgalanan ayr\u0131 izlenebilirlik kodlar\u0131 parti takibini kolayla\u015ft\u0131r\u0131r ve denetim s\u00fcre\u00e7lerini kolayla\u015ft\u0131r\u0131r.<\/p>\n<h2 class=\"\" data-start=\"3227\" data-end=\"3271\">Tamamlay\u0131c\u0131 Aksesuar: X-Flat Kravat<\/h2>\n<p class=\"\" data-start=\"3272\" data-end=\"3780\">X-d\u00fcz ba\u011f, gerilimi kal\u0131p panelleri aras\u0131nda da\u011f\u0131tarak ankraj\u0131n i\u015flevini art\u0131r\u0131r. Yay \u00e7eli\u011finden \u00fcretilen ve a\u015f\u0131nma direnci i\u00e7in polimer bir katmanla kaplanan ba\u011f, kenarlar\u0131 \u00e7\u0131k\u0131nt\u0131 yapmadan panelleri ba\u011flamak i\u00e7in ankraj\u0131n merkezi g\u00f6z\u00fcnden kayar. Ba\u011f\u0131n 1.200 mm uzunlu\u011fu boyunca her 25 mm'de bir ayarlanabilen delikler, de\u011fi\u015fen panel kal\u0131nl\u0131klar\u0131na h\u0131zl\u0131 adaptasyon sa\u011flar. Standart kelep\u00e7e uyumlu u\u00e7lar, ankrajlar aras\u0131nda h\u0131zl\u0131 de\u011fi\u015fim sa\u011flayarak i\u015f ak\u0131\u015f\u0131 de\u011fi\u015fiklikleri s\u0131ras\u0131nda duru\u015f s\u00fcresini en aza indirir.<\/p>\n<h2 class=\"\" data-start=\"3782\" data-end=\"3824\">H&amp;F ile Ortak Olman\u0131n Avantajlar\u0131<\/h2>\n<p class=\"\" data-start=\"3825\" data-end=\"4414\">H&amp;F, yerinde de\u011ferlendirmeyi kolayla\u015ft\u0131rmak i\u00e7in hem Grapnel Anchor hem de x-flat tie i\u00e7in \u00fccretsiz numune birimleri sa\u011flar. \u00d6zel bir m\u00fc\u015fteri y\u00f6neticisi, \u00fcr\u00fcn se\u00e7imine rehberlik ederek, test verilerini yorumlayarak ve sertifikalar\u0131 koordine ederek bire bir destek sunar. Kap\u0131dan kap\u0131ya teslimat hizmetleri lojisti\u011fi optimize ederek malzemelerin tam olarak ihtiya\u00e7 duyulduklar\u0131 zaman ve yere ula\u015fmas\u0131n\u0131 sa\u011flar. Bir\u00e7ok bile\u015fen uzman \u00fcreticilerden temin edilirken, her \u00fcr\u00fcn sevkiyattan \u00f6nce titiz bir denetim ve sertifika do\u011frulamas\u0131na tabi tutularak, s\u00fcsleme olmadan tutarl\u0131 kalite standartlar\u0131 korunur.<\/p>","protected":false},"excerpt":{"rendered":"<p>Grapnel Ankraj, beton kal\u0131p ve hafif deniz ankraj uygulamalar\u0131nda g\u00fcvenilir tutu\u015f sa\u011flayan basit, d\u00f6rt fluklu bir konfig\u00fcrasyonla sa\u011flam bir performans sunar. Sa\u011flam galvaniz kaplamal\u0131 y\u00fcksek kaliteli \u00e7elikten imal edilen bu \u00fcr\u00fcn, optimum gerilim da\u011f\u0131l\u0131m\u0131 ve kurulum kolayl\u0131\u011f\u0131 i\u00e7in hassas m\u00fchendislik \u00fcr\u00fcn\u00fc x-d\u00fcz ba\u011f ile sorunsuz bir \u015fekilde e\u015fle\u015fir.<\/p>","protected":false},"featured_media":9466,"comment_status":"open","ping_status":"closed","template":"","meta":{"site-sidebar-layout":"default","site-content-layout":"","ast-site-content-layout":"default","site-content-style":"default","site-sidebar-style":"default","ast-global-header-display":"","ast-banner-title-visibility":"","ast-main-header-display":"","ast-hfb-above-header-display":"","ast-hfb-below-header-display":"","ast-hfb-mobile-header-display":"","site-post-title":"","ast-breadcrumbs-content":"","ast-featured-img":"","footer-sml-layout":"","theme-transparent-header-meta":"default","adv-header-id-meta":"","stick-header-meta":"default","header-above-stick-meta":"","header-main-stick-meta":"","header-below-stick-meta":"","astra-migrate-meta-layouts":"set","ast-page-background-enabled":"default","ast-page-background-meta":{"desktop":{"background-color":"","background-image":"","background-repeat":"repeat","background-position":"center center","background-size":"auto","background-attachment":"scroll","background-type":"","background-media":"","overlay-type":"","overlay-color":"","overlay-opacity":"","overlay-gradient":""},"tablet":{"background-color":"","background-image":"","background-repeat":"repeat","background-position":"center center","background-size":"auto","background-attachment":"scroll","background-type":"","background-media":"","overlay-type":"","overlay-color":"","overlay-opacity":"","overlay-gradient":""},"mobile":{"background-color":"","background-image":"","background-repeat":"repeat","background-position":"center center","background-size":"auto","background-attachment":"scroll","background-type":"","background-media":"","overlay-type":"","overlay-color":"","overlay-opacity":"","overlay-gradient":""}},"ast-content-background-meta":{"desktop":{"background-color":"var(--ast-global-color-5)","background-image":"","background-repeat":"repeat","background-position":"center center","background-size":"auto","background-attachment":"scroll","background-type":"","background-media":"","overlay-type":"","overlay-color":"","overlay-opacity":"","overlay-gradient":""},"tablet":{"background-color":"var(--ast-global-color-5)","background-image":"","background-repeat":"repeat","background-position":"center center","background-size":"auto","background-attachment":"scroll","background-type":"","background-media":"","overlay-type":"","overlay-color":"","overlay-opacity":"","overlay-gradient":""},"mobile":{"background-color":"var(--ast-global-color-5)","background-image":"","background-repeat":"repeat","background-position":"center center","background-size":"auto","background-attachment":"scroll","background-type":"","background-media":"","overlay-type":"","overlay-color":"","overlay-opacity":"","overlay-gradient":""}}},"product_brand":[],"product_cat":[74],"product_tag":[],"class_list":{"0":"post-9464","1":"product","2":"type-product","3":"status-publish","4":"has-post-thumbnail","6":"product_cat-boat-anchor","7":"desktop-align-left","8":"tablet-align-left","9":"mobile-align-left","10":"ast-product-gallery-layout-horizontal-slider","11":"ast-product-tabs-layout-horizontal","13":"first","14":"instock","15":"shipping-taxable","16":"purchasable","17":"product-type-simple"},"yoast_head":"<!-- This site is optimized with the Yoast SEO plugin v25.2 - https:\/\/yoast.com\/wordpress\/plugins\/seo\/ -->\n<title>Grapnel Anchor<\/title>\n<meta name=\"robots\" content=\"index, follow, max-snippet:-1, max-image-preview:large, max-video-preview:-1\" \/>\n<link rel=\"canonical\" href=\"https:\/\/qingdaohf.com\/tr\/urun\/grapnel-capa-2\/\" \/>\n<meta property=\"og:locale\" content=\"tr_TR\" \/>\n<meta property=\"og:type\" content=\"article\" \/>\n<meta property=\"og:title\" content=\"Grapnel Anchor\" \/>\n<meta property=\"og:description\" content=\"The Grapnel Anchor delivers steadfast performance through a straightforward, four\u2011fluke configuration, ensuring reliable hold across concrete formwork and light marine anchoring applications. Constructed from high\u2011grade steel with a robust galvanized finish, it pairs seamlessly with the precision\u2011engineered x\u2011flat tie for optimal tension distribution and ease of installation.\" \/>\n<meta property=\"og:url\" content=\"https:\/\/qingdaohf.com\/tr\/urun\/grapnel-capa-2\/\" \/>\n<meta property=\"og:site_name\" content=\"Concrete Form &amp; Rigging Hardware Supplier\" \/>\n<meta property=\"article:publisher\" content=\"https:\/\/www.facebook.com\/qingdaohf\" \/>\n<meta property=\"article:modified_time\" content=\"2025-11-13T01:02:18+00:00\" \/>\n<meta property=\"og:image\" content=\"https:\/\/qingdaohf.com\/wp-content\/uploads\/2025\/04\/Grapnel-Anchor-2025.jpg\" \/>\n\t<meta property=\"og:image:width\" content=\"1000\" \/>\n\t<meta property=\"og:image:height\" content=\"1000\" \/>\n\t<meta property=\"og:image:type\" content=\"image\/jpeg\" \/>\n<meta name=\"twitter:card\" content=\"summary_large_image\" \/>\n<meta name=\"twitter:label1\" content=\"Tahmini okuma s\u00fcresi\" \/>\n\t<meta name=\"twitter:data1\" content=\"3 dakika\" \/>\n<script type=\"application\/ld+json\" class=\"yoast-schema-graph\">{\"@context\":\"https:\/\/schema.org\",\"@graph\":[{\"@type\":\"WebPage\",\"@id\":\"https:\/\/qingdaohf.com\/product\/grapnel-anchor\/\",\"url\":\"https:\/\/qingdaohf.com\/product\/grapnel-anchor\/\",\"name\":\"Grapnel Anchor\",\"isPartOf\":{\"@id\":\"https:\/\/qingdaohf.com\/bg\/#website\"},\"primaryImageOfPage\":{\"@id\":\"https:\/\/qingdaohf.com\/product\/grapnel-anchor\/#primaryimage\"},\"image\":{\"@id\":\"https:\/\/qingdaohf.com\/product\/grapnel-anchor\/#primaryimage\"},\"thumbnailUrl\":\"https:\/\/qingdaohf.com\/wp-content\/uploads\/2025\/04\/Grapnel-Anchor-2025.jpg\",\"datePublished\":\"2025-04-18T02:51:53+00:00\",\"dateModified\":\"2025-11-13T01:02:18+00:00\",\"breadcrumb\":{\"@id\":\"https:\/\/qingdaohf.com\/product\/grapnel-anchor\/#breadcrumb\"},\"inLanguage\":\"tr\",\"potentialAction\":[{\"@type\":\"ReadAction\",\"target\":[\"https:\/\/qingdaohf.com\/product\/grapnel-anchor\/\"]}]},{\"@type\":\"ImageObject\",\"inLanguage\":\"tr\",\"@id\":\"https:\/\/qingdaohf.com\/product\/grapnel-anchor\/#primaryimage\",\"url\":\"https:\/\/qingdaohf.com\/wp-content\/uploads\/2025\/04\/Grapnel-Anchor-2025.jpg\",\"contentUrl\":\"https:\/\/qingdaohf.com\/wp-content\/uploads\/2025\/04\/Grapnel-Anchor-2025.jpg\",\"width\":1000,\"height\":1000,\"caption\":\"Grapnel Anchor 2025\"},{\"@type\":\"BreadcrumbList\",\"@id\":\"https:\/\/qingdaohf.com\/product\/grapnel-anchor\/#breadcrumb\",\"itemListElement\":[{\"@type\":\"ListItem\",\"position\":1,\"name\":\"Home\",\"item\":\"https:\/\/qingdaohf.com\/\"},{\"@type\":\"ListItem\",\"position\":2,\"name\":\"Concrete Forming Accessories and Rigging Hardware\",\"item\":\"https:\/\/qingdaohf.com\/bg\/?page_id=944\"},{\"@type\":\"ListItem\",\"position\":3,\"name\":\"Grapnel Anchor\"}]},{\"@type\":\"WebSite\",\"@id\":\"https:\/\/qingdaohf.com\/bg\/#website\",\"url\":\"https:\/\/qingdaohf.com\/bg\/\",\"name\":\"Concrete Form & Rigging Hardware Supplier\",\"description\":\"\",\"publisher\":{\"@id\":\"https:\/\/qingdaohf.com\/bg\/#organization\"},\"potentialAction\":[{\"@type\":\"SearchAction\",\"target\":{\"@type\":\"EntryPoint\",\"urlTemplate\":\"https:\/\/qingdaohf.com\/bg\/?s={search_term_string}\"},\"query-input\":{\"@type\":\"PropertyValueSpecification\",\"valueRequired\":true,\"valueName\":\"search_term_string\"}}],\"inLanguage\":\"tr\"},{\"@type\":\"Organization\",\"@id\":\"https:\/\/qingdaohf.com\/bg\/#organization\",\"name\":\"Qingdao H&F\",\"url\":\"https:\/\/qingdaohf.com\/bg\/\",\"logo\":{\"@type\":\"ImageObject\",\"inLanguage\":\"tr\",\"@id\":\"https:\/\/qingdaohf.com\/bg\/#\/schema\/logo\/image\/\",\"url\":\"https:\/\/qingdaohf.com\/wp-content\/uploads\/2022\/12\/cropped-HF-LOGO.png\",\"contentUrl\":\"https:\/\/qingdaohf.com\/wp-content\/uploads\/2022\/12\/cropped-HF-LOGO.png\",\"width\":391,\"height\":249,\"caption\":\"Qingdao H&F\"},\"image\":{\"@id\":\"https:\/\/qingdaohf.com\/bg\/#\/schema\/logo\/image\/\"},\"sameAs\":[\"https:\/\/www.facebook.com\/qingdaohf\"]}]}<\/script>\n<!-- \/ Yoast SEO plugin. -->","yoast_head_json":{"title":"Grapnel Anchor","robots":{"index":"index","follow":"follow","max-snippet":"max-snippet:-1","max-image-preview":"max-image-preview:large","max-video-preview":"max-video-preview:-1"},"canonical":"https:\/\/qingdaohf.com\/tr\/urun\/grapnel-capa-2\/","og_locale":"tr_TR","og_type":"article","og_title":"Grapnel Anchor","og_description":"The Grapnel Anchor delivers steadfast performance through a straightforward, four\u2011fluke configuration, ensuring reliable hold across concrete formwork and light marine anchoring applications. Constructed from high\u2011grade steel with a robust galvanized finish, it pairs seamlessly with the precision\u2011engineered x\u2011flat tie for optimal tension distribution and ease of installation.","og_url":"https:\/\/qingdaohf.com\/tr\/urun\/grapnel-capa-2\/","og_site_name":"Concrete Form &amp; Rigging Hardware Supplier","article_publisher":"https:\/\/www.facebook.com\/qingdaohf","article_modified_time":"2025-11-13T01:02:18+00:00","og_image":[{"width":1000,"height":1000,"url":"https:\/\/qingdaohf.com\/wp-content\/uploads\/2025\/04\/Grapnel-Anchor-2025.jpg","type":"image\/jpeg"}],"twitter_card":"summary_large_image","twitter_misc":{"Tahmini okuma s\u00fcresi":"3 dakika"},"schema":{"@context":"https:\/\/schema.org","@graph":[{"@type":"WebPage","@id":"https:\/\/qingdaohf.com\/product\/grapnel-anchor\/","url":"https:\/\/qingdaohf.com\/product\/grapnel-anchor\/","name":"Grapnel Anchor","isPartOf":{"@id":"https:\/\/qingdaohf.com\/bg\/#website"},"primaryImageOfPage":{"@id":"https:\/\/qingdaohf.com\/product\/grapnel-anchor\/#primaryimage"},"image":{"@id":"https:\/\/qingdaohf.com\/product\/grapnel-anchor\/#primaryimage"},"thumbnailUrl":"https:\/\/qingdaohf.com\/wp-content\/uploads\/2025\/04\/Grapnel-Anchor-2025.jpg","datePublished":"2025-04-18T02:51:53+00:00","dateModified":"2025-11-13T01:02:18+00:00","breadcrumb":{"@id":"https:\/\/qingdaohf.com\/product\/grapnel-anchor\/#breadcrumb"},"inLanguage":"tr","potentialAction":[{"@type":"ReadAction","target":["https:\/\/qingdaohf.com\/product\/grapnel-anchor\/"]}]},{"@type":"ImageObject","inLanguage":"tr","@id":"https:\/\/qingdaohf.com\/product\/grapnel-anchor\/#primaryimage","url":"https:\/\/qingdaohf.com\/wp-content\/uploads\/2025\/04\/Grapnel-Anchor-2025.jpg","contentUrl":"https:\/\/qingdaohf.com\/wp-content\/uploads\/2025\/04\/Grapnel-Anchor-2025.jpg","width":1000,"height":1000,"caption":"Grapnel Anchor 2025"},{"@type":"BreadcrumbList","@id":"https:\/\/qingdaohf.com\/product\/grapnel-anchor\/#breadcrumb","itemListElement":[{"@type":"ListItem","position":1,"name":"Home","item":"https:\/\/qingdaohf.com\/"},{"@type":"ListItem","position":2,"name":"Concrete Forming Accessories and Rigging Hardware","item":"https:\/\/qingdaohf.com\/bg\/?page_id=944"},{"@type":"ListItem","position":3,"name":"Grapnel Anchor"}]},{"@type":"WebSite","@id":"https:\/\/qingdaohf.com\/bg\/#website","url":"https:\/\/qingdaohf.com\/bg\/","name":"Concrete Form & Rigging Hardware Supplier","description":"","publisher":{"@id":"https:\/\/qingdaohf.com\/bg\/#organization"},"potentialAction":[{"@type":"SearchAction","target":{"@type":"EntryPoint","urlTemplate":"https:\/\/qingdaohf.com\/bg\/?s={search_term_string}"},"query-input":{"@type":"PropertyValueSpecification","valueRequired":true,"valueName":"search_term_string"}}],"inLanguage":"tr"},{"@type":"Organization","@id":"https:\/\/qingdaohf.com\/bg\/#organization","name":"Qingdao H&F","url":"https:\/\/qingdaohf.com\/bg\/","logo":{"@type":"ImageObject","inLanguage":"tr","@id":"https:\/\/qingdaohf.com\/bg\/#\/schema\/logo\/image\/","url":"https:\/\/qingdaohf.com\/wp-content\/uploads\/2022\/12\/cropped-HF-LOGO.png","contentUrl":"https:\/\/qingdaohf.com\/wp-content\/uploads\/2022\/12\/cropped-HF-LOGO.png","width":391,"height":249,"caption":"Qingdao H&F"},"image":{"@id":"https:\/\/qingdaohf.com\/bg\/#\/schema\/logo\/image\/"},"sameAs":["https:\/\/www.facebook.com\/qingdaohf"]}]}},"_links":{"self":[{"href":"https:\/\/qingdaohf.com\/tr\/wp-json\/wp\/v2\/product\/9464","targetHints":{"allow":["GET"]}}],"collection":[{"href":"https:\/\/qingdaohf.com\/tr\/wp-json\/wp\/v2\/product"}],"about":[{"href":"https:\/\/qingdaohf.com\/tr\/wp-json\/wp\/v2\/types\/product"}],"replies":[{"embeddable":true,"href":"https:\/\/qingdaohf.com\/tr\/wp-json\/wp\/v2\/comments?post=9464"}],"version-history":[{"count":1,"href":"https:\/\/qingdaohf.com\/tr\/wp-json\/wp\/v2\/product\/9464\/revisions"}],"predecessor-version":[{"id":9467,"href":"https:\/\/qingdaohf.com\/tr\/wp-json\/wp\/v2\/product\/9464\/revisions\/9467"}],"wp:featuredmedia":[{"embeddable":true,"href":"https:\/\/qingdaohf.com\/tr\/wp-json\/wp\/v2\/media\/9466"}],"wp:attachment":[{"href":"https:\/\/qingdaohf.com\/tr\/wp-json\/wp\/v2\/media?parent=9464"}],"wp:term":[{"taxonomy":"product_brand","embeddable":true,"href":"https:\/\/qingdaohf.com\/tr\/wp-json\/wp\/v2\/product_brand?post=9464"},{"taxonomy":"product_cat","embeddable":true,"href":"https:\/\/qingdaohf.com\/tr\/wp-json\/wp\/v2\/product_cat?post=9464"},{"taxonomy":"product_tag","embeddable":true,"href":"https:\/\/qingdaohf.com\/tr\/wp-json\/wp\/v2\/product_tag?post=9464"}],"curies":[{"name":"wp","href":"https:\/\/api.w.org\/{rel}","templated":true}]}}